{"id":9754,"date":"2019-07-18T15:02:00","date_gmt":"2019-07-18T19:02:00","guid":{"rendered":"https:\/\/optimate1.com\/nuestra-historia\/"},"modified":"2019-10-15T06:30:59","modified_gmt":"2019-10-15T10:30:59","slug":"nuestra-historia","status":"publish","type":"page","link":"https:\/\/optimate1.com\/es\/nuestra-historia\/","title":{"rendered":"Nuestra historia"},"content":{"rendered":"<p>Desde 1994, los cargadores de bater\u00edas de alto rendimiento OptiMate alargan la vida \u00fatil y optimizan el rendimiento de las bater\u00edas AGM, de plomo-\u00e1cido (gel y est\u00e1ndar) y de litio (LiFePO4). M\u00e1s de 15 fabricantes de veh\u00edculos y bater\u00edas de primera l\u00ednea y millones de propietarios satisfechos de veh\u00edculos, embarcaciones y equipos en todo el mundo conf\u00edan en OptiMate por su fiabilidad inigualable y por sus caracter\u00edsticas \u00fanicas, entre las que se encuentran el control de corriente Ampmatic, que ajusta la velocidad de carga en funci\u00f3n del tama\u00f1o y el estado de la bater\u00eda, la carga final por pulsos para homogeneizar eficazmente las celdas sin sobrecargarlas, el mantenimiento 24\/7 \u00abconnect and forget\u00bb, para garantizar que las bater\u00edas est\u00e9n siempre listas para el suministro o para quienes se hayan olvidado de cargarlas, y el exclusivo m\u00e9todo OptiMate de restauraci\u00f3n de bater\u00edas, que permite recuperar bater\u00edas completamente descargadas que ser\u00edan insalvables con otros cargadores. La electr\u00f3nica de OptiMate es completamente autom\u00e1tica, ahorra energ\u00eda, se puede conectar en cualquier parte (100-240 V) y es ecol\u00f3gica, proporcionando el m\u00e1ximo rendimiento con la mayor eficiencia energ\u00e9tica.<\/p>\n<p>La gama de accesorios OptiMate cuenta con comprobadores de bater\u00edas, dispositivos USB, cables y conectores de gran calidad y fiabilidad.<\/p>\n<p>Todos los productos OptiMate est\u00e1n desarrollados por TecMate, que trabaja para mejorar continuamente sus dise\u00f1os y crear nuevos productos exclusivos. OptiMate es una marca registrada.<\/p>\n","protected":false},"excerpt":{"rendered":"<p>Desde 1994, los cargadores de bater\u00edas de alto rendimiento OptiMate alargan la vida \u00fatil y optimizan el rendimiento de las bater\u00edas AGM, de plomo-\u00e1cido (gel y est\u00e1ndar) y de litio (LiFePO4). M\u00e1s de 15 fabricantes de veh\u00edculos y bater\u00edas de primera l\u00ednea y millones de propietarios satisfechos de veh\u00edculos, embarcaciones y equipos en todo el &hellip;<\/p>\n<p class=\"read-more\"> <a class=\" thunk-readmore button \" href=\"https:\/\/optimate1.com\/es\/nuestra-historia\/\"> <span class=\"screen-reader-text\">Nuestra historia<\/span>Leer m\u00e1s<\/a><\/p>\n","protected":false},"author":12,"featured_media":0,"parent":0,"menu_order":39,"comment_status":"closed","ping_status":"closed","template":"","meta":{"footnotes":""},"class_list":["post-9754","page","type-page","status-publish","hentry","thunk-woo-product-list","opn-qv-enable","big-store-woo-hover-","open-single-product-tab-horizontal","open-shadow-","open-shadow-hover-"],"yoast_head":"<!-- This site is optimized with the Yoast SEO plugin v27.2 - https:\/\/yoast.com\/product\/yoast-seo-wordpress\/ -->\n<title>Nuestra historia - OptiMate<\/title>\n<meta name=\"robots\" content=\"index, follow, max-snippet:-1, max-image-preview:large, max-video-preview:-1\" \/>\n<link rel=\"canonical\" href=\"https:\/\/optimate1.com\/about\/\" \/>\n<meta property=\"og:locale\" content=\"es_ES\" \/>\n<meta property=\"og:type\" content=\"article\" \/>\n<meta property=\"og:title\" content=\"Nuestra historia - OptiMate\" \/>\n<meta property=\"og:description\" content=\"Desde 1994, los cargadores de bater\u00edas de alto rendimiento OptiMate alargan la vida \u00fatil y optimizan el rendimiento de las bater\u00edas AGM, de plomo-\u00e1cido (gel y est\u00e1ndar) y de litio (LiFePO4). M\u00e1s de 15 fabricantes de veh\u00edculos y bater\u00edas de primera l\u00ednea y millones de propietarios satisfechos de veh\u00edculos, embarcaciones y equipos en todo el &hellip; Nuestra historiaLeer m\u00e1s\" \/>\n<meta property=\"og:url\" content=\"https:\/\/optimate1.com\/about\/\" \/>\n<meta property=\"og:site_name\" content=\"OptiMate\" \/>\n<meta property=\"article:publisher\" content=\"https:\/\/www.facebook.com\/OptiMatebatterysavingcharger\/\" \/>\n<meta property=\"article:modified_time\" content=\"2019-10-15T10:30:59+00:00\" \/>\n<meta property=\"og:image\" content=\"https:\/\/optimate1.com\/wp-content\/uploads\/2026\/03\/OptiMate-High-Performance-Battery-chargers.jpg\" \/>\n\t<meta property=\"og:image:width\" content=\"1200\" \/>\n\t<meta property=\"og:image:height\" content=\"675\" \/>\n\t<meta property=\"og:image:type\" content=\"image\/jpeg\" \/>\n<meta name=\"twitter:card\" content=\"summary_large_image\" \/>\n<meta name=\"twitter:label1\" content=\"Tiempo de lectura\" \/>\n\t<meta name=\"twitter:data1\" content=\"1 minuto\" \/>\n<script type=\"application\/ld+json\" class=\"yoast-schema-graph\">{\"@context\":\"https:\/\/schema.org\",\"@graph\":[{\"@type\":\"WebPage\",\"@id\":\"https:\/\/optimate1.com\/about\/\",\"url\":\"https:\/\/optimate1.com\/about\/\",\"name\":\"Nuestra historia - OptiMate\",\"isPartOf\":{\"@id\":\"https:\/\/optimate1.com\/#website\"},\"datePublished\":\"2019-07-18T19:02:00+00:00\",\"dateModified\":\"2019-10-15T10:30:59+00:00\",\"breadcrumb\":{\"@id\":\"https:\/\/optimate1.com\/about\/#breadcrumb\"},\"inLanguage\":\"es\",\"potentialAction\":[{\"@type\":\"ReadAction\",\"target\":[\"https:\/\/optimate1.com\/about\/\"]}]},{\"@type\":\"BreadcrumbList\",\"@id\":\"https:\/\/optimate1.com\/about\/#breadcrumb\",\"itemListElement\":[{\"@type\":\"ListItem\",\"position\":1,\"name\":\"Home\",\"item\":\"https:\/\/optimate1.com\/\"},{\"@type\":\"ListItem\",\"position\":2,\"name\":\"Nuestra historia\"}]},{\"@type\":\"WebSite\",\"@id\":\"https:\/\/optimate1.com\/#website\",\"url\":\"https:\/\/optimate1.com\/\",\"name\":\"OptiMate\",\"description\":\"Battery Chargers &amp; Accessories\",\"publisher\":{\"@id\":\"https:\/\/optimate1.com\/#organization\"},\"potentialAction\":[{\"@type\":\"SearchAction\",\"target\":{\"@type\":\"EntryPoint\",\"urlTemplate\":\"https:\/\/optimate1.com\/?s={search_term_string}\"},\"query-input\":{\"@type\":\"PropertyValueSpecification\",\"valueRequired\":true,\"valueName\":\"search_term_string\"}}],\"inLanguage\":\"es\"},{\"@type\":\"Organization\",\"@id\":\"https:\/\/optimate1.com\/#organization\",\"name\":\"OptiMate\",\"url\":\"https:\/\/optimate1.com\/\",\"logo\":{\"@type\":\"ImageObject\",\"inLanguage\":\"es\",\"@id\":\"https:\/\/optimate1.com\/#\/schema\/logo\/image\/\",\"url\":\"https:\/\/optimate1.com\/wp-content\/uploads\/2021\/06\/optimate-hpbc-stacklogo.jpg\",\"contentUrl\":\"https:\/\/optimate1.com\/wp-content\/uploads\/2021\/06\/optimate-hpbc-stacklogo.jpg\",\"width\":1025,\"height\":529,\"caption\":\"OptiMate\"},\"image\":{\"@id\":\"https:\/\/optimate1.com\/#\/schema\/logo\/image\/\"},\"sameAs\":[\"https:\/\/www.facebook.com\/OptiMatebatterysavingcharger\/\"]}]}<\/script>\n<!-- \/ Yoast SEO plugin. -->","yoast_head_json":{"title":"Nuestra historia - OptiMate","robots":{"index":"index","follow":"follow","max-snippet":"max-snippet:-1","max-image-preview":"max-image-preview:large","max-video-preview":"max-video-preview:-1"},"canonical":"https:\/\/optimate1.com\/about\/","og_locale":"es_ES","og_type":"article","og_title":"Nuestra historia - OptiMate","og_description":"Desde 1994, los cargadores de bater\u00edas de alto rendimiento OptiMate alargan la vida \u00fatil y optimizan el rendimiento de las bater\u00edas AGM, de plomo-\u00e1cido (gel y est\u00e1ndar) y de litio (LiFePO4). M\u00e1s de 15 fabricantes de veh\u00edculos y bater\u00edas de primera l\u00ednea y millones de propietarios satisfechos de veh\u00edculos, embarcaciones y equipos en todo el &hellip; Nuestra historiaLeer m\u00e1s","og_url":"https:\/\/optimate1.com\/about\/","og_site_name":"OptiMate","article_publisher":"https:\/\/www.facebook.com\/OptiMatebatterysavingcharger\/","article_modified_time":"2019-10-15T10:30:59+00:00","og_image":[{"width":1200,"height":675,"url":"https:\/\/optimate1.com\/wp-content\/uploads\/2026\/03\/OptiMate-High-Performance-Battery-chargers.jpg","type":"image\/jpeg"}],"twitter_card":"summary_large_image","twitter_misc":{"Tiempo de lectura":"1 minuto"},"schema":{"@context":"https:\/\/schema.org","@graph":[{"@type":"WebPage","@id":"https:\/\/optimate1.com\/about\/","url":"https:\/\/optimate1.com\/about\/","name":"Nuestra historia - OptiMate","isPartOf":{"@id":"https:\/\/optimate1.com\/#website"},"datePublished":"2019-07-18T19:02:00+00:00","dateModified":"2019-10-15T10:30:59+00:00","breadcrumb":{"@id":"https:\/\/optimate1.com\/about\/#breadcrumb"},"inLanguage":"es","potentialAction":[{"@type":"ReadAction","target":["https:\/\/optimate1.com\/about\/"]}]},{"@type":"BreadcrumbList","@id":"https:\/\/optimate1.com\/about\/#breadcrumb","itemListElement":[{"@type":"ListItem","position":1,"name":"Home","item":"https:\/\/optimate1.com\/"},{"@type":"ListItem","position":2,"name":"Nuestra historia"}]},{"@type":"WebSite","@id":"https:\/\/optimate1.com\/#website","url":"https:\/\/optimate1.com\/","name":"OptiMate","description":"Battery Chargers &amp; Accessories","publisher":{"@id":"https:\/\/optimate1.com\/#organization"},"potentialAction":[{"@type":"SearchAction","target":{"@type":"EntryPoint","urlTemplate":"https:\/\/optimate1.com\/?s={search_term_string}"},"query-input":{"@type":"PropertyValueSpecification","valueRequired":true,"valueName":"search_term_string"}}],"inLanguage":"es"},{"@type":"Organization","@id":"https:\/\/optimate1.com\/#organization","name":"OptiMate","url":"https:\/\/optimate1.com\/","logo":{"@type":"ImageObject","inLanguage":"es","@id":"https:\/\/optimate1.com\/#\/schema\/logo\/image\/","url":"https:\/\/optimate1.com\/wp-content\/uploads\/2021\/06\/optimate-hpbc-stacklogo.jpg","contentUrl":"https:\/\/optimate1.com\/wp-content\/uploads\/2021\/06\/optimate-hpbc-stacklogo.jpg","width":1025,"height":529,"caption":"OptiMate"},"image":{"@id":"https:\/\/optimate1.com\/#\/schema\/logo\/image\/"},"sameAs":["https:\/\/www.facebook.com\/OptiMatebatterysavingcharger\/"]}]}},"_links":{"self":[{"href":"https:\/\/optimate1.com\/es\/wp-json\/wp\/v2\/pages\/9754","targetHints":{"allow":["GET"]}}],"collection":[{"href":"https:\/\/optimate1.com\/es\/wp-json\/wp\/v2\/pages"}],"about":[{"href":"https:\/\/optimate1.com\/es\/wp-json\/wp\/v2\/types\/page"}],"author":[{"embeddable":true,"href":"https:\/\/optimate1.com\/es\/wp-json\/wp\/v2\/users\/12"}],"replies":[{"embeddable":true,"href":"https:\/\/optimate1.com\/es\/wp-json\/wp\/v2\/comments?post=9754"}],"version-history":[{"count":0,"href":"https:\/\/optimate1.com\/es\/wp-json\/wp\/v2\/pages\/9754\/revisions"}],"wp:attachment":[{"href":"https:\/\/optimate1.com\/es\/wp-json\/wp\/v2\/media?parent=9754"}],"curies":[{"name":"wp","href":"https:\/\/api.w.org\/{rel}","templated":true}]}}