{"id":12492,"date":"2019-06-09T13:13:48","date_gmt":"2019-06-09T17:13:48","guid":{"rendered":"https:\/\/optimate1.com\/product\/optimate-lithium-4s-9a-5s-7a\/"},"modified":"2026-04-16T07:51:45","modified_gmt":"2026-04-16T11:51:45","slug":"optimate-lithium-lfp-select","status":"publish","type":"product","link":"https:\/\/optimate1.com\/es\/producto\/optimate-lithium-lfp-select\/","title":{"rendered":"OptiMATE Lithium LFP Select"},"content":{"rendered":"<h6 style=\"text-align: center;\"><strong><span style=\"color: #10069f;\">Selecciona el voltaje de carga de 12.8 V para bater\u00edas de litio de 4s o de 16V para bater\u00edas de litio de 5s.- <\/span><\/strong><i><span style=\"color: #10069f;\">La selecci\u00f3n permanece en la memoria aunque se pierda la alimentaci\u00f3n de CA.<\/span><\/i><\/h6>\n<h6 style=\"text-align: center;\"><img loading=\"lazy\" decoding=\"async\" class=\"aligncenter wp-image-20876\" src=\"https:\/\/optimate1.com\/wp-content\/uploads\/2021\/12\/LFP-Select-selections-01.png\" alt=\"With the LiFePO4 battery charger you can select charge voltage of 12.8V for 4s Lithium or 16V for 5s Lithium batteries.\" width=\"428\" height=\"70\" \/><\/h6>\n<h6><\/h6>\n<p>&nbsp;<\/p>\n<h6 style=\"text-align: center;\"><strong><span style=\"color: #10069f;\">OptiMate Lithium Select es el cargador de bater\u00edas &#8216;PRO&#8217; avanzado para las bater\u00edas de litio LiFePO4 \/ LFP de 12.8V y 16V de sus motocicletas, coches o embarcaciones de competici\u00f3n. <\/span><\/strong><span style=\"color: #10069f;\"><i>-\u00a1El cargador de litio definitivo para la pista!<\/i><\/span><\/h6>\n<h6 style=\"text-align: center;\"><img loading=\"lazy\" decoding=\"async\" class=\"aligncenter wp-image-20668\" src=\"https:\/\/optimate1.com\/wp-content\/uploads\/2021\/12\/Vehicle-range-OML-TM270-SELECT-01.png\" alt=\"The LiFePO4 battery charger is recommended for motorcycles, side by side UTV, drag race and cars.\" width=\"428\" height=\"66\" \/><\/h6>\n<p>&nbsp;<\/p>\n<h6 style=\"text-align: center;\"><strong><span style=\"color: #10069f;\">El restablecimiento de la alimentaci\u00f3n reenergiza r\u00e1pidamente la bater\u00eda<\/span><\/strong><span style=\"color: #10069f;\"><em>.<\/em><\/span><\/h6>\n<h6 style=\"text-align: center;\"><img loading=\"lazy\" decoding=\"async\" class=\"aligncenter wp-image-20910\" src=\"https:\/\/optimate1.com\/wp-content\/uploads\/2021\/11\/BMS-reset-01.png\" alt=\"bms battery management system of optimate lithium battery charger\" width=\"428\" height=\"70\" \/><\/h6>\n<p>&nbsp;<\/p>\n<h6 style=\"text-align: center;\"><strong><span style=\"color: #10069f;\">El programa autom\u00e1tico de varios pasos lleva la bater\u00eda a la carga completa de forma segura &#8211; <\/span><\/strong><i><span style=\"color: #10069f;\">Con\u00e9ctelo a la bater\u00eda y OptiMate Lithium Select har\u00e1 el resto, \u00a1sin necesidad de supervisi\u00f3n!<\/span><\/i><\/h6>\n<h6 style=\"text-align: center;\"><img loading=\"lazy\" decoding=\"async\" class=\"aligncenter wp-image-20876\" src=\"https:\/\/optimate1.com\/wp-content\/uploads\/2020\/12\/connect-save-charge-optimize-maintain-200.png\" alt=\"optimate lithium battery charger multi-step charge program\" width=\"428\" height=\"70\" \/><\/h6>\n<p>&nbsp;<\/p>\n<p>&nbsp;<\/p>\n<h4 style=\"text-align: center;\"><strong><span style=\"text-decoration: underline;\">M\u00c1S FUNCIONES:<\/span><\/strong><\/h4>\n<p style=\"text-align: center;\">\n<table id=\"tablepress-542\" class=\"tablepress tablepress-id-542\">\n<tbody class=\"row-hover\">\n<tr class=\"row-1\">\n\t<td class=\"column-1\"><a href=\"\"><img loading=\"lazy\" decoding=\"async\" src=\"https:\/\/optimate1.com\/wp-content\/uploads\/2023\/09\/optimate-lithium-6A.png\" alt=\"\" width=\"300\" height=\"50\" class=\"aligncenter size-medium wp-image-20927\" \/><\/a><body><h6><center>Para bater\u00edas deportivas de iones de litio de 12.8V \/ 13.2V fabricadas con tecnolog\u00eda LiFePO4 \/ LFP.<\/body><\/h6><\/center><br \/>\n<\/td>\n<\/tr>\n<tr class=\"row-2\">\n\t<td class=\"column-1\"><a href=\"\"><img loading=\"lazy\" decoding=\"async\" src=\"https:\/\/optimate1.com\/wp-content\/uploads\/2020\/12\/Ampmatic-SFL200.png\" alt=\"\" width=\"300\" height=\"50\" class=\"aligncenter size-medium wp-image-20927\" \/><\/a><body><h6><center>Ajusta autom\u00e1ticamente la corriente para adaptarse al tama\u00f1o y estado de la bater\u00eda.<\/body><\/h6><\/center><br \/>\n<\/td>\n<\/tr>\n<tr class=\"row-3\">\n\t<td class=\"column-1\"><a href=\"\"><img loading=\"lazy\" decoding=\"async\" src=\"https:\/\/optimate1.com\/wp-content\/uploads\/2021\/12\/SAFE-Lithium-6A-copy-3-01.png\" alt=\"\" width=\"300\" height=\"50\" class=\"aligncenter size-medium wp-image-20928\" \/><\/a><body><h6><center>Seguro para dejar conectado Protecci\u00f3n electr\u00f3nica completa.<\/body><\/h6><\/center><\/td>\n<\/tr>\n<tr class=\"row-4\">\n\t<td class=\"column-1\"><a href=\"\"><img loading=\"lazy\" decoding=\"async\" src=\"https:\/\/optimate1.com\/wp-content\/uploads\/2020\/12\/24-7-x2-300x49.png\" alt=\"\" width=\"300\" height=\"50\" class=\"aligncenter size-medium wp-image-20995\" \/><\/a><body><h6><center>Mantiene la bater\u00eda a plena carga y en buen estado.<\/body><\/h6><\/center><\/td>\n<\/tr>\n<tr class=\"row-5\">\n\t<td class=\"column-1\"><a href=\"\"><img loading=\"lazy\" decoding=\"async\" src=\"https:\/\/optimate1.com\/wp-content\/uploads\/2021\/11\/LFP-save-0.5V.png\" alt=\"\" width=\"300\" height=\"50\" class=\"aligncenter size-medium wp-image-20982\" \/><\/a><body><h6><center>Recuperaci\u00f3n de baja tensi\u00f3n desde tan s\u00f3lo 0.5V.<\/center><\/h6><\/body><\/td>\n<\/tr>\n<tr class=\"row-6\">\n\t<td class=\"column-1\"><a href=\"\"><img loading=\"lazy\" decoding=\"async\" src=\"https:\/\/optimate1.com\/wp-content\/uploads\/2020\/12\/state-of-health-test-3-LEDx2-300x49.png\" alt=\"\" width=\"300\" height=\"50\" class=\"aligncenter size-medium wp-image-20993\" \/><\/a><body><h6><center>Prueba el estado de salud de la bater\u00eda.<\/body><\/h6><\/center><\/td>\n<\/tr>\n<tr class=\"row-7\">\n\t<td class=\"column-1\"><a href=\"\"><img loading=\"lazy\" decoding=\"async\" src=\"https:\/\/optimate1.com\/wp-content\/uploads\/2023\/10\/Pb-LFP-OML-6A-copy.png\" alt=\"\" width=\"300\" height=\"50\" class=\"aligncenter size-medium wp-image-20985\" \/><\/a><body><h6><center>Avisa cuando detecta da\u00f1os en la bater\u00eda.<\/body><\/h6><\/center><\/td>\n<\/tr>\n<tr class=\"row-8\">\n\t<td class=\"column-1\"><a href=\"\"><img loading=\"lazy\" decoding=\"async\" src=\"https:\/\/optimate1.com\/wp-content\/uploads\/2020\/12\/green-technology-hx2-1-300x49.png\" alt=\"\" width=\"300\" height=\"50\" class=\"aligncenter size-medium wp-image-20983\" \/><\/a><body><h6><center>Tecnolog\u00eda de ahorro de energ\u00eda.<br \/>\n<strong>\u221a<\/strong> Potencia en espera inferior a 0.5W.<br \/>\n<strong>\u221a<\/strong> Mantenimiento eficaz de la bater\u00eda 24 horas al d\u00eda, 7 d\u00edas a la semana.<\/body><\/h6><\/center><\/td>\n<\/tr>\n<tr class=\"row-9\">\n\t<td class=\"column-1\"><a href=\"\"><img loading=\"lazy\" decoding=\"async\" src=\"https:\/\/optimate1.com\/wp-content\/uploads\/2020\/12\/weatherproof-x2-300x49.png\" alt=\"\" width=\"300\" height=\"50\" class=\"aligncenter size-medium wp-image-21012\" srcset=\"https:\/\/optimate1.com\/wp-content\/uploads\/2020\/12\/weatherproof-x2-300x49.png 300w, https:\/\/optimate1.com\/wp-content\/uploads\/2020\/12\/weatherproof-x2-600x98.png 600w, https:\/\/optimate1.com\/wp-content\/uploads\/2020\/12\/weatherproof-x2-64x10.png 64w, https:\/\/optimate1.com\/wp-content\/uploads\/2020\/12\/weatherproof-x2-768x126.png 768w, https:\/\/optimate1.com\/wp-content\/uploads\/2020\/12\/weatherproof-x2.png 856w\" sizes=\"auto, (max-width: 300px) 100vw, 300px\" \/><\/a><body><h6><center>Resistente a la intemperie. Resistente a temperaturas de hasta -40\u00b0C \/ -40\u00b0F.<\/body><\/h6><\/center><\/td>\n<\/tr>\n<\/tbody>\n<\/table>\n<!-- #tablepress-542 from cache --><\/p>\n","protected":false},"excerpt":{"rendered":"<h3><span style=\"color: #006400;\"> Serie LITHIUM: Cargador-mantenedor con modo de recuperaci\u00f3n para bater\u00edas selladas de 12.8V 9.5A \/ 16V 7.5A en 10 fases<\/span><\/h3>\n","protected":false},"featured_media":41948,"template":"","meta":[],"product_brand":[],"product_cat":[437],"product_tag":[],"class_list":{"0":"post-12492","1":"product","2":"type-product","3":"status-publish","4":"has-post-thumbnail","6":"product_cat-battery-chargers-es","7":"pa_charge-battery-chemistry-li-lifepo4-lfp-lithium-es","8":"pa_charge-battery-more-16v-es","9":"pa_power-ac-100-240vac-es","10":"pa_product-group-optimate-lithium-es","11":"pa_region-ca-es-2","12":"pa_region-eu-es-2","13":"pa_region-uk-es-2","14":"pa_region-us-es-2","15":"iside_voltage-12-8-es","16":"iside_voltage-16-es","17":"iside_ampere-7-5-es","18":"iside_ampere-9-5-es","19":"iside_vehicle-coche-de-alto-rendimiento-coche-de-carreras","20":"iside_vehicle-rv-caravan-es","21":"iside_charger_series-lithium-smarter-es","22":"iside_charger_features-ajustar-la-corriente-a-la-temperatura-para-lfp","23":"iside_charger_features-mantenimiento-seguro-de-la-bateria-24-horas-7","24":"iside_charger_features-save-low-volt-reset-bms-lithium-lfp-es","25":"iside_charger_features-restablecimiento-de-bms-para-bateria-lfp","26":"iside_charger_type-single-es","27":"iside_battery_voltage-12-8v-13-2v","28":"iside_battery_voltage-16v-es","29":"iside_battery_chemistry-lfp-lifepo4-lithium-ion-es","30":"battery_charger_current-7-10a-es","31":"battery_charger_current-ampmatic-1-to-10a-es","32":"thunk-woo-product-list","33":"opn-qv-enable","34":"big-store-woo-hover-","35":"open-single-product-tab-horizontal","36":"open-shadow-","37":"open-shadow-hover-","39":"first","40":"instock","41":"featured","42":"shipping-taxable","43":"purchasable","44":"product-type-simple"},"yoast_head":"<!-- This site is optimized with the Yoast SEO plugin v27.2 - https:\/\/yoast.com\/product\/yoast-seo-wordpress\/ -->\n<title>OptiMATE Lithium LFP Select - OptiMate<\/title>\n<meta name=\"description\" content=\"El OptiMate Lithium LFP Select es el avanzado cargador de bater\u00edas &#039;PRO&#039; para la bater\u00eda de litio de 12,8V y 16V LiFePO4 \/ LFP. Leer m\u00e1s!\" \/>\n<meta name=\"robots\" content=\"index, follow, max-snippet:-1, max-image-preview:large, max-video-preview:-1, noarchive\" \/>\n<link rel=\"canonical\" href=\"https:\/\/optimate1.com\/es\/producto\/optimate-lithium-lfp-select\/\" \/>\n<meta property=\"og:locale\" content=\"es_ES\" \/>\n<meta property=\"og:type\" content=\"article\" \/>\n<meta property=\"og:title\" content=\"OptiMATE Lithium LFP Select - OptiMate\" \/>\n<meta property=\"og:description\" content=\"El OptiMate Lithium LFP Select es el avanzado cargador de bater\u00edas &#039;PRO&#039; para la bater\u00eda de litio de 12,8V y 16V LiFePO4 \/ LFP. Leer m\u00e1s!\" \/>\n<meta property=\"og:url\" content=\"https:\/\/optimate1.com\/es\/producto\/optimate-lithium-lfp-select\/\" \/>\n<meta property=\"og:site_name\" content=\"OptiMate\" \/>\n<meta property=\"article:publisher\" content=\"https:\/\/www.facebook.com\/OptiMatebatterysavingcharger\/\" \/>\n<meta property=\"article:modified_time\" content=\"2026-04-16T11:51:45+00:00\" \/>\n<meta property=\"og:image\" content=\"https:\/\/optimate1.com\/wp-content\/uploads\/2026\/03\/OptiMate-Lithium-LFP-SELECT-TM27x-11-copy-es.png\" \/>\n\t<meta property=\"og:image:width\" content=\"1500\" \/>\n\t<meta property=\"og:image:height\" content=\"1500\" \/>\n\t<meta property=\"og:image:type\" content=\"image\/png\" \/>\n<meta name=\"twitter:card\" content=\"summary_large_image\" \/>\n<meta name=\"twitter:label1\" content=\"Tiempo de lectura\" \/>\n\t<meta name=\"twitter:data1\" content=\"2 minutos\" \/>\n<script type=\"application\/ld+json\" class=\"yoast-schema-graph\">{\"@context\":\"https:\/\/schema.org\",\"@graph\":[{\"@type\":\"WebPage\",\"@id\":\"https:\/\/optimate1.com\/es\/producto\/optimate-lithium-lfp-select\/\",\"url\":\"https:\/\/optimate1.com\/es\/producto\/optimate-lithium-lfp-select\/\",\"name\":\"OptiMATE Lithium LFP Select - OptiMate\",\"isPartOf\":{\"@id\":\"https:\/\/optimate1.com\/#website\"},\"primaryImageOfPage\":{\"@id\":\"https:\/\/optimate1.com\/es\/producto\/optimate-lithium-lfp-select\/#primaryimage\"},\"image\":{\"@id\":\"https:\/\/optimate1.com\/es\/producto\/optimate-lithium-lfp-select\/#primaryimage\"},\"thumbnailUrl\":\"https:\/\/optimate1.com\/wp-content\/uploads\/2026\/03\/OptiMate-Lithium-LFP-SELECT-TM27x-11-copy-es.png\",\"datePublished\":\"2019-06-09T17:13:48+00:00\",\"dateModified\":\"2026-04-16T11:51:45+00:00\",\"description\":\"El OptiMate Lithium LFP Select es el avanzado cargador de bater\u00edas 'PRO' para la bater\u00eda de litio de 12,8V y 16V LiFePO4 \/ LFP. Leer m\u00e1s!\",\"breadcrumb\":{\"@id\":\"https:\/\/optimate1.com\/es\/producto\/optimate-lithium-lfp-select\/#breadcrumb\"},\"inLanguage\":\"es\",\"potentialAction\":[{\"@type\":\"ReadAction\",\"target\":[\"https:\/\/optimate1.com\/es\/producto\/optimate-lithium-lfp-select\/\"]}]},{\"@type\":\"ImageObject\",\"inLanguage\":\"es\",\"@id\":\"https:\/\/optimate1.com\/es\/producto\/optimate-lithium-lfp-select\/#primaryimage\",\"url\":\"https:\/\/optimate1.com\/wp-content\/uploads\/2026\/03\/OptiMate-Lithium-LFP-SELECT-TM27x-11-copy-es.png\",\"contentUrl\":\"https:\/\/optimate1.com\/wp-content\/uploads\/2026\/03\/OptiMate-Lithium-LFP-SELECT-TM27x-11-copy-es.png\",\"width\":1500,\"height\":1500},{\"@type\":\"BreadcrumbList\",\"@id\":\"https:\/\/optimate1.com\/es\/producto\/optimate-lithium-lfp-select\/#breadcrumb\",\"itemListElement\":[{\"@type\":\"ListItem\",\"position\":1,\"name\":\"Home\",\"item\":\"https:\/\/optimate1.com\/\"},{\"@type\":\"ListItem\",\"position\":2,\"name\":\"Productos\",\"item\":\"https:\/\/optimate1.com\/shop\/\"},{\"@type\":\"ListItem\",\"position\":3,\"name\":\"OptiMate Lithium LFP Select\"}]},{\"@type\":\"WebSite\",\"@id\":\"https:\/\/optimate1.com\/#website\",\"url\":\"https:\/\/optimate1.com\/\",\"name\":\"OptiMate\",\"description\":\"Battery Chargers &amp; Accessories\",\"publisher\":{\"@id\":\"https:\/\/optimate1.com\/#organization\"},\"potentialAction\":[{\"@type\":\"SearchAction\",\"target\":{\"@type\":\"EntryPoint\",\"urlTemplate\":\"https:\/\/optimate1.com\/?s={search_term_string}\"},\"query-input\":{\"@type\":\"PropertyValueSpecification\",\"valueRequired\":true,\"valueName\":\"search_term_string\"}}],\"inLanguage\":\"es\"},{\"@type\":\"Organization\",\"@id\":\"https:\/\/optimate1.com\/#organization\",\"name\":\"OptiMate\",\"url\":\"https:\/\/optimate1.com\/\",\"logo\":{\"@type\":\"ImageObject\",\"inLanguage\":\"es\",\"@id\":\"https:\/\/optimate1.com\/#\/schema\/logo\/image\/\",\"url\":\"https:\/\/optimate1.com\/wp-content\/uploads\/2021\/06\/optimate-hpbc-stacklogo.jpg\",\"contentUrl\":\"https:\/\/optimate1.com\/wp-content\/uploads\/2021\/06\/optimate-hpbc-stacklogo.jpg\",\"width\":1025,\"height\":529,\"caption\":\"OptiMate\"},\"image\":{\"@id\":\"https:\/\/optimate1.com\/#\/schema\/logo\/image\/\"},\"sameAs\":[\"https:\/\/www.facebook.com\/OptiMatebatterysavingcharger\/\"]}]}<\/script>\n<!-- \/ Yoast SEO plugin. -->","yoast_head_json":{"title":"OptiMATE Lithium LFP Select - OptiMate","description":"El OptiMate Lithium LFP Select es el avanzado cargador de bater\u00edas 'PRO' para la bater\u00eda de litio de 12,8V y 16V LiFePO4 \/ LFP. Leer m\u00e1s!","robots":{"index":"index","follow":"follow","max-snippet":"max-snippet:-1","max-image-preview":"max-image-preview:large","max-video-preview":"max-video-preview:-1","archive":"noarchive"},"canonical":"https:\/\/optimate1.com\/es\/producto\/optimate-lithium-lfp-select\/","og_locale":"es_ES","og_type":"article","og_title":"OptiMATE Lithium LFP Select - OptiMate","og_description":"El OptiMate Lithium LFP Select es el avanzado cargador de bater\u00edas 'PRO' para la bater\u00eda de litio de 12,8V y 16V LiFePO4 \/ LFP. Leer m\u00e1s!","og_url":"https:\/\/optimate1.com\/es\/producto\/optimate-lithium-lfp-select\/","og_site_name":"OptiMate","article_publisher":"https:\/\/www.facebook.com\/OptiMatebatterysavingcharger\/","article_modified_time":"2026-04-16T11:51:45+00:00","og_image":[{"width":1500,"height":1500,"url":"https:\/\/optimate1.com\/wp-content\/uploads\/2026\/03\/OptiMate-Lithium-LFP-SELECT-TM27x-11-copy-es.png","type":"image\/png"}],"twitter_card":"summary_large_image","twitter_misc":{"Tiempo de lectura":"2 minutos"},"schema":{"@context":"https:\/\/schema.org","@graph":[{"@type":"WebPage","@id":"https:\/\/optimate1.com\/es\/producto\/optimate-lithium-lfp-select\/","url":"https:\/\/optimate1.com\/es\/producto\/optimate-lithium-lfp-select\/","name":"OptiMATE Lithium LFP Select - OptiMate","isPartOf":{"@id":"https:\/\/optimate1.com\/#website"},"primaryImageOfPage":{"@id":"https:\/\/optimate1.com\/es\/producto\/optimate-lithium-lfp-select\/#primaryimage"},"image":{"@id":"https:\/\/optimate1.com\/es\/producto\/optimate-lithium-lfp-select\/#primaryimage"},"thumbnailUrl":"https:\/\/optimate1.com\/wp-content\/uploads\/2026\/03\/OptiMate-Lithium-LFP-SELECT-TM27x-11-copy-es.png","datePublished":"2019-06-09T17:13:48+00:00","dateModified":"2026-04-16T11:51:45+00:00","description":"El OptiMate Lithium LFP Select es el avanzado cargador de bater\u00edas 'PRO' para la bater\u00eda de litio de 12,8V y 16V LiFePO4 \/ LFP. Leer m\u00e1s!","breadcrumb":{"@id":"https:\/\/optimate1.com\/es\/producto\/optimate-lithium-lfp-select\/#breadcrumb"},"inLanguage":"es","potentialAction":[{"@type":"ReadAction","target":["https:\/\/optimate1.com\/es\/producto\/optimate-lithium-lfp-select\/"]}]},{"@type":"ImageObject","inLanguage":"es","@id":"https:\/\/optimate1.com\/es\/producto\/optimate-lithium-lfp-select\/#primaryimage","url":"https:\/\/optimate1.com\/wp-content\/uploads\/2026\/03\/OptiMate-Lithium-LFP-SELECT-TM27x-11-copy-es.png","contentUrl":"https:\/\/optimate1.com\/wp-content\/uploads\/2026\/03\/OptiMate-Lithium-LFP-SELECT-TM27x-11-copy-es.png","width":1500,"height":1500},{"@type":"BreadcrumbList","@id":"https:\/\/optimate1.com\/es\/producto\/optimate-lithium-lfp-select\/#breadcrumb","itemListElement":[{"@type":"ListItem","position":1,"name":"Home","item":"https:\/\/optimate1.com\/"},{"@type":"ListItem","position":2,"name":"Productos","item":"https:\/\/optimate1.com\/shop\/"},{"@type":"ListItem","position":3,"name":"OptiMate Lithium LFP Select"}]},{"@type":"WebSite","@id":"https:\/\/optimate1.com\/#website","url":"https:\/\/optimate1.com\/","name":"OptiMate","description":"Battery Chargers &amp; Accessories","publisher":{"@id":"https:\/\/optimate1.com\/#organization"},"potentialAction":[{"@type":"SearchAction","target":{"@type":"EntryPoint","urlTemplate":"https:\/\/optimate1.com\/?s={search_term_string}"},"query-input":{"@type":"PropertyValueSpecification","valueRequired":true,"valueName":"search_term_string"}}],"inLanguage":"es"},{"@type":"Organization","@id":"https:\/\/optimate1.com\/#organization","name":"OptiMate","url":"https:\/\/optimate1.com\/","logo":{"@type":"ImageObject","inLanguage":"es","@id":"https:\/\/optimate1.com\/#\/schema\/logo\/image\/","url":"https:\/\/optimate1.com\/wp-content\/uploads\/2021\/06\/optimate-hpbc-stacklogo.jpg","contentUrl":"https:\/\/optimate1.com\/wp-content\/uploads\/2021\/06\/optimate-hpbc-stacklogo.jpg","width":1025,"height":529,"caption":"OptiMate"},"image":{"@id":"https:\/\/optimate1.com\/#\/schema\/logo\/image\/"},"sameAs":["https:\/\/www.facebook.com\/OptiMatebatterysavingcharger\/"]}]}},"_links":{"self":[{"href":"https:\/\/optimate1.com\/es\/wp-json\/wp\/v2\/product\/12492","targetHints":{"allow":["GET"]}}],"collection":[{"href":"https:\/\/optimate1.com\/es\/wp-json\/wp\/v2\/product"}],"about":[{"href":"https:\/\/optimate1.com\/es\/wp-json\/wp\/v2\/types\/product"}],"wp:featuredmedia":[{"embeddable":true,"href":"https:\/\/optimate1.com\/es\/wp-json\/wp\/v2\/media\/41948"}],"wp:attachment":[{"href":"https:\/\/optimate1.com\/es\/wp-json\/wp\/v2\/media?parent=12492"}],"wp:term":[{"taxonomy":"product_brand","embeddable":true,"href":"https:\/\/optimate1.com\/es\/wp-json\/wp\/v2\/product_brand?post=12492"},{"taxonomy":"product_cat","embeddable":true,"href":"https:\/\/optimate1.com\/es\/wp-json\/wp\/v2\/product_cat?post=12492"},{"taxonomy":"product_tag","embeddable":true,"href":"https:\/\/optimate1.com\/es\/wp-json\/wp\/v2\/product_tag?post=12492"}],"curies":[{"name":"wp","href":"https:\/\/api.w.org\/{rel}","templated":true}]}}