{"id":15209,"date":"2019-10-17T06:50:20","date_gmt":"2019-10-17T10:50:20","guid":{"rendered":"https:\/\/optimate1.com\/product\/optimate-monitor-o-127-copy\/"},"modified":"2022-09-21T09:49:52","modified_gmt":"2022-09-21T13:49:52","slug":"optimate-monitor-o-127-x20-es","status":"publish","type":"product","link":"https:\/\/optimate1.com\/es\/producto\/optimate-monitor-o-127-x20-es\/","title":{"rendered":"OptiMate Lithium MONITOR O-127 x20"},"content":{"rendered":"<h3 class=\"entry-summary hidden-phone\">Cable de bater\u00eda impermeable con monitor de estado de carga para la bater\u00eda LifePO4\/ LFP de 12.8V y 13.2V en su veh\u00edculo de rendimiento aparcado <i>&#8211; Estado de la bater\u00eda 24\/7 con solo parpadear un LED!<\/i><\/h3>\n<h6 style=\"text-align: center;\"><img loading=\"lazy\" decoding=\"async\" class=\"aligncenter wp-image-20660\" src=\"https:\/\/optimate1.com\/wp-content\/uploads\/2022\/09\/O-127-battery-range-copy-2.png\" width=\"428\" height=\"100\" \/><img loading=\"lazy\" decoding=\"async\" class=\"aligncenter wp-image-20668\" src=\"https:\/\/optimate1.com\/wp-content\/uploads\/2022\/09\/o-127-vehicle-range-copy.png\" alt=\"The 12V lithium battery monitor is recommended for powersport vehicles like a motorcycle, ATV, waterscooter or car\" width=\"428\" height=\"66\" \/><strong><span style=\"color: #10069f;\">Ideal para bater\u00edas de litio de 12.8V\/13.2V LiFePO4\/LFP que se encuentran en los veh\u00edculos y embarcaciones que aparecen m\u00e1s arriba.<\/span><\/strong><\/h6>\n<p>&nbsp;<\/p>\n<h6 style=\"text-align: center;\"><img loading=\"lazy\" decoding=\"async\" class=\"aligncenter wp-image-20876\" src=\"https:\/\/optimate1.com\/wp-content\/uploads\/2022\/09\/rings-SAE-copy-3.png\" alt=\"It has a SAE quick connect charge port for charging battery.\" width=\"428\" height=\"70\" \/><\/h6>\n<h6 style=\"text-align: center;\"><strong><span style=\"color: #10069f;\"><b>Puerto de carga de conexi\u00f3n r\u00e1pida SAE para cargar la bater\u00eda cuando sea necesario!<\/b><\/span><\/strong><\/h6>\n<p>&nbsp;<\/p>\n<h6 style=\"text-align: center;\"><img loading=\"lazy\" decoding=\"async\" class=\"aligncenter wp-image-20876\" src=\"https:\/\/optimate1.com\/wp-content\/uploads\/2022\/09\/cable-length-o-127.png\" alt=\"The 12V lithium battery monitor has ringlets that fit a variety of battery terminals with 15A fuse that protects -40\u00b0 rated cable and electronics\" width=\"428\" height=\"70\" \/><\/h6>\n<h6 style=\"text-align: center;\"><strong><span style=\"color: #10069f;\"><b>Con arandelas M6 \/ 1\/4\u2033 \u2013 M8 \/ 5\/16\u2033 de pulgada que se adaptan perfectamente a las terminales de bater\u00eda para deportes de motor y la mayor\u00eda de autom\u00f3viles y fusible de 15A que protege el cable con clasificaci\u00f3n de -40 y los dispositivos electr\u00f3nicos<\/b> &#8211; <\/span><\/strong><i><span style=\"color: #10069f;\">\u00a1M\u00e1xima calidad! <\/span><\/i><\/h6>\n<p>&nbsp;<\/p>\n<h4 style=\"text-align: center;\"><strong><span style=\"text-decoration: underline;\">MONITOR DEL ESTADO DE CARGA DE LA BATER\u00cdA:<\/span><\/strong><\/h4>\n<p style=\"text-align: center;\">\n<table id=\"tablepress-199\" class=\"tablepress tablepress-id-199\">\n<tbody class=\"row-hover\">\n<tr class=\"row-1\">\n\t<td class=\"column-1\"><a href=\"\"><img loading=\"lazy\" decoding=\"async\" src=\"https:\/\/optimate1.com\/wp-content\/uploads\/2022\/09\/O-128_sealed-cap_long-copy-3.png\" alt=\"\" width=\"600\" height=\"50\" class=\"aligncenter size-medium wp-image-20927\" \/><\/a><body><h6><center>Con tap\u00f3n de sellado impermeable.<\/body><\/h6><\/center><br \/>\n<\/td>\n<\/tr>\n<tr class=\"row-2\">\n\t<td class=\"column-1\"><a href=\"\"><img loading=\"lazy\" decoding=\"async\" src=\"https:\/\/optimate1.com\/wp-content\/uploads\/2022\/09\/LEDs-1-lfp.png\" alt=\"\" width=\"145\" height=\"50\" class=\"aligncenter size-medium wp-image-20927\" \/><\/a><body><h6><center>Indicaci\u00f3n del estado de la bater\u00eda cada 3 segundos (el LED parpadea).<\/body><\/h6><\/center><br \/>\n<\/td>\n<\/tr>\n<tr class=\"row-3\">\n\t<td class=\"column-1\"><a href=\"\"><img loading=\"lazy\" decoding=\"async\" src=\"https:\/\/optimate1.com\/wp-content\/uploads\/2022\/09\/LEDs-2-lfp-copy.png\" alt=\"\" width=\"145\" height=\"50\" class=\"aligncenter size-medium wp-image-20982\" \/><\/a><body><h6><center>Rango de carga ideal con el motor en marcha - 13.9V a 14.5V.<\/center><\/h6><\/body><\/td>\n<\/tr>\n<tr class=\"row-4\">\n\t<td class=\"column-1\"><a href=\"\"><img loading=\"lazy\" decoding=\"async\" src=\"https:\/\/optimate1.com\/wp-content\/uploads\/2022\/09\/LEDs-3-lfp-copy-2.png\" alt=\"\" width=\"145\" height=\"50\" class=\"aligncenter size-medium wp-image-20993\" \/><\/a><body><h6><center><br \/>\n\u00a1ADVERTENCIA! El voltaje de carga supera los 14.6 voltios.<\/body><\/h6><\/center><\/td>\n<\/tr>\n<\/tbody>\n<\/table>\n<!-- #tablepress-199 from cache --><\/p>\n","protected":false},"excerpt":{"rendered":"<h3><span style=\"color: #006400;\">Cable de bater\u00eda de deportes de motor permanente con monitor del sistema de carga\u00a0\/\u00a0estado de la bater\u00eda integrado para bater\u00edas de litio de 12.8V y 13.2V.<\/span><\/h3>\n","protected":false},"featured_media":15204,"template":"","meta":[],"product_brand":[],"product_cat":[1067,444],"product_tag":[],"class_list":{"0":"post-15209","1":"product","2":"type-product","3":"status-publish","4":"has-post-thumbnail","6":"product_cat-cablesconnectors-es","7":"product_cat-battery-testers-es","8":"pa_cable-type-battery-lead-es","9":"pa_cable-type-battery-lead-w-led-es","10":"pa_cable-type-smart-led-monitor-es","11":"pa_connector-type-ring-m6-1-4-es","12":"pa_region-ca-es-2","13":"pa_region-eu-es-2","14":"pa_region-uk-es-2","15":"pa_region-us-es-2","16":"iside_cable_type-cable-de-bateria-con-monitor","17":"iside_connector_type-anillos-m6-m8","18":"compatible_with-bateria-moto-li-lfp","19":"thunk-woo-product-list","20":"opn-qv-enable","21":"big-store-woo-hover-","22":"open-single-product-tab-horizontal","23":"open-shadow-","24":"open-shadow-hover-","26":"first","27":"instock","28":"featured","29":"shipping-taxable","30":"purchasable","31":"product-type-simple"},"yoast_head":"<!-- This site is optimized with the Yoast SEO plugin v27.2 - https:\/\/yoast.com\/product\/yoast-seo-wordpress\/ -->\n<title>OptiMate Lithium MONITOR O-127 x20 - OptiMate<\/title>\n<meta name=\"robots\" content=\"index, follow, max-snippet:-1, max-image-preview:large, max-video-preview:-1, noarchive\" \/>\n<link rel=\"canonical\" href=\"https:\/\/optimate1.com\/product\/optimate-monitor-o-127-jar\/\" \/>\n<meta property=\"og:locale\" content=\"es_ES\" \/>\n<meta property=\"og:type\" content=\"article\" \/>\n<meta property=\"og:title\" content=\"OptiMate Lithium MONITOR O-127 x20 - OptiMate\" \/>\n<meta property=\"og:description\" content=\"Cable de bater\u00eda de deportes de motor permanente con monitor del sistema de carga\u00a0\/\u00a0estado de la bater\u00eda integrado para bater\u00edas de litio de 12.8V y 13.2V.\" \/>\n<meta property=\"og:url\" content=\"https:\/\/optimate1.com\/product\/optimate-monitor-o-127-jar\/\" \/>\n<meta property=\"og:site_name\" content=\"OptiMate\" \/>\n<meta property=\"article:publisher\" content=\"https:\/\/www.facebook.com\/OptiMatebatterysavingcharger\/\" \/>\n<meta property=\"article:modified_time\" content=\"2022-09-21T13:49:52+00:00\" \/>\n<meta property=\"og:image\" content=\"https:\/\/optimate1.com\/wp-content\/uploads\/2019\/10\/OptiMate-O-127-JAR-1.jpg\" \/>\n\t<meta property=\"og:image:width\" content=\"900\" \/>\n\t<meta property=\"og:image:height\" content=\"900\" \/>\n\t<meta property=\"og:image:type\" content=\"image\/jpeg\" \/>\n<meta name=\"twitter:card\" content=\"summary_large_image\" \/>\n<meta name=\"twitter:label1\" content=\"Tiempo de lectura\" \/>\n\t<meta name=\"twitter:data1\" content=\"1 minuto\" \/>\n<script type=\"application\/ld+json\" class=\"yoast-schema-graph\">{\"@context\":\"https:\/\/schema.org\",\"@graph\":[{\"@type\":\"WebPage\",\"@id\":\"https:\/\/optimate1.com\/product\/optimate-monitor-o-127-jar\/\",\"url\":\"https:\/\/optimate1.com\/product\/optimate-monitor-o-127-jar\/\",\"name\":\"OptiMate Lithium MONITOR O-127 x20 - OptiMate\",\"isPartOf\":{\"@id\":\"https:\/\/optimate1.com\/#website\"},\"primaryImageOfPage\":{\"@id\":\"https:\/\/optimate1.com\/product\/optimate-monitor-o-127-jar\/#primaryimage\"},\"image\":{\"@id\":\"https:\/\/optimate1.com\/product\/optimate-monitor-o-127-jar\/#primaryimage\"},\"thumbnailUrl\":\"https:\/\/optimate1.com\/wp-content\/uploads\/2019\/10\/OptiMate-O-127-JAR-1.jpg\",\"datePublished\":\"2019-10-17T10:50:20+00:00\",\"dateModified\":\"2022-09-21T13:49:52+00:00\",\"breadcrumb\":{\"@id\":\"https:\/\/optimate1.com\/product\/optimate-monitor-o-127-jar\/#breadcrumb\"},\"inLanguage\":\"es\",\"potentialAction\":[{\"@type\":\"ReadAction\",\"target\":[\"https:\/\/optimate1.com\/product\/optimate-monitor-o-127-jar\/\"]}]},{\"@type\":\"ImageObject\",\"inLanguage\":\"es\",\"@id\":\"https:\/\/optimate1.com\/product\/optimate-monitor-o-127-jar\/#primaryimage\",\"url\":\"https:\/\/optimate1.com\/wp-content\/uploads\/2019\/10\/OptiMate-O-127-JAR-1.jpg\",\"contentUrl\":\"https:\/\/optimate1.com\/wp-content\/uploads\/2019\/10\/OptiMate-O-127-JAR-1.jpg\",\"width\":900,\"height\":900,\"caption\":\"lithium battery monitor 12v product image\"},{\"@type\":\"BreadcrumbList\",\"@id\":\"https:\/\/optimate1.com\/product\/optimate-monitor-o-127-jar\/#breadcrumb\",\"itemListElement\":[{\"@type\":\"ListItem\",\"position\":1,\"name\":\"Home\",\"item\":\"https:\/\/optimate1.com\/\"},{\"@type\":\"ListItem\",\"position\":2,\"name\":\"Productos\",\"item\":\"https:\/\/optimate1.com\/shop\/\"},{\"@type\":\"ListItem\",\"position\":3,\"name\":\"OptiMate Lithium MONITOR O-127 x20\"}]},{\"@type\":\"WebSite\",\"@id\":\"https:\/\/optimate1.com\/#website\",\"url\":\"https:\/\/optimate1.com\/\",\"name\":\"OptiMate\",\"description\":\"Battery Chargers &amp; Accessories\",\"publisher\":{\"@id\":\"https:\/\/optimate1.com\/#organization\"},\"potentialAction\":[{\"@type\":\"SearchAction\",\"target\":{\"@type\":\"EntryPoint\",\"urlTemplate\":\"https:\/\/optimate1.com\/?s={search_term_string}\"},\"query-input\":{\"@type\":\"PropertyValueSpecification\",\"valueRequired\":true,\"valueName\":\"search_term_string\"}}],\"inLanguage\":\"es\"},{\"@type\":\"Organization\",\"@id\":\"https:\/\/optimate1.com\/#organization\",\"name\":\"OptiMate\",\"url\":\"https:\/\/optimate1.com\/\",\"logo\":{\"@type\":\"ImageObject\",\"inLanguage\":\"es\",\"@id\":\"https:\/\/optimate1.com\/#\/schema\/logo\/image\/\",\"url\":\"https:\/\/optimate1.com\/wp-content\/uploads\/2021\/06\/optimate-hpbc-stacklogo.jpg\",\"contentUrl\":\"https:\/\/optimate1.com\/wp-content\/uploads\/2021\/06\/optimate-hpbc-stacklogo.jpg\",\"width\":1025,\"height\":529,\"caption\":\"OptiMate\"},\"image\":{\"@id\":\"https:\/\/optimate1.com\/#\/schema\/logo\/image\/\"},\"sameAs\":[\"https:\/\/www.facebook.com\/OptiMatebatterysavingcharger\/\"]}]}<\/script>\n<!-- \/ Yoast SEO plugin. -->","yoast_head_json":{"title":"OptiMate Lithium MONITOR O-127 x20 - OptiMate","robots":{"index":"index","follow":"follow","max-snippet":"max-snippet:-1","max-image-preview":"max-image-preview:large","max-video-preview":"max-video-preview:-1","archive":"noarchive"},"canonical":"https:\/\/optimate1.com\/product\/optimate-monitor-o-127-jar\/","og_locale":"es_ES","og_type":"article","og_title":"OptiMate Lithium MONITOR O-127 x20 - OptiMate","og_description":"Cable de bater\u00eda de deportes de motor permanente con monitor del sistema de carga\u00a0\/\u00a0estado de la bater\u00eda integrado para bater\u00edas de litio de 12.8V y 13.2V.","og_url":"https:\/\/optimate1.com\/product\/optimate-monitor-o-127-jar\/","og_site_name":"OptiMate","article_publisher":"https:\/\/www.facebook.com\/OptiMatebatterysavingcharger\/","article_modified_time":"2022-09-21T13:49:52+00:00","og_image":[{"width":900,"height":900,"url":"https:\/\/optimate1.com\/wp-content\/uploads\/2019\/10\/OptiMate-O-127-JAR-1.jpg","type":"image\/jpeg"}],"twitter_card":"summary_large_image","twitter_misc":{"Tiempo de lectura":"1 minuto"},"schema":{"@context":"https:\/\/schema.org","@graph":[{"@type":"WebPage","@id":"https:\/\/optimate1.com\/product\/optimate-monitor-o-127-jar\/","url":"https:\/\/optimate1.com\/product\/optimate-monitor-o-127-jar\/","name":"OptiMate Lithium MONITOR O-127 x20 - OptiMate","isPartOf":{"@id":"https:\/\/optimate1.com\/#website"},"primaryImageOfPage":{"@id":"https:\/\/optimate1.com\/product\/optimate-monitor-o-127-jar\/#primaryimage"},"image":{"@id":"https:\/\/optimate1.com\/product\/optimate-monitor-o-127-jar\/#primaryimage"},"thumbnailUrl":"https:\/\/optimate1.com\/wp-content\/uploads\/2019\/10\/OptiMate-O-127-JAR-1.jpg","datePublished":"2019-10-17T10:50:20+00:00","dateModified":"2022-09-21T13:49:52+00:00","breadcrumb":{"@id":"https:\/\/optimate1.com\/product\/optimate-monitor-o-127-jar\/#breadcrumb"},"inLanguage":"es","potentialAction":[{"@type":"ReadAction","target":["https:\/\/optimate1.com\/product\/optimate-monitor-o-127-jar\/"]}]},{"@type":"ImageObject","inLanguage":"es","@id":"https:\/\/optimate1.com\/product\/optimate-monitor-o-127-jar\/#primaryimage","url":"https:\/\/optimate1.com\/wp-content\/uploads\/2019\/10\/OptiMate-O-127-JAR-1.jpg","contentUrl":"https:\/\/optimate1.com\/wp-content\/uploads\/2019\/10\/OptiMate-O-127-JAR-1.jpg","width":900,"height":900,"caption":"lithium battery monitor 12v product image"},{"@type":"BreadcrumbList","@id":"https:\/\/optimate1.com\/product\/optimate-monitor-o-127-jar\/#breadcrumb","itemListElement":[{"@type":"ListItem","position":1,"name":"Home","item":"https:\/\/optimate1.com\/"},{"@type":"ListItem","position":2,"name":"Productos","item":"https:\/\/optimate1.com\/shop\/"},{"@type":"ListItem","position":3,"name":"OptiMate Lithium MONITOR O-127 x20"}]},{"@type":"WebSite","@id":"https:\/\/optimate1.com\/#website","url":"https:\/\/optimate1.com\/","name":"OptiMate","description":"Battery Chargers &amp; Accessories","publisher":{"@id":"https:\/\/optimate1.com\/#organization"},"potentialAction":[{"@type":"SearchAction","target":{"@type":"EntryPoint","urlTemplate":"https:\/\/optimate1.com\/?s={search_term_string}"},"query-input":{"@type":"PropertyValueSpecification","valueRequired":true,"valueName":"search_term_string"}}],"inLanguage":"es"},{"@type":"Organization","@id":"https:\/\/optimate1.com\/#organization","name":"OptiMate","url":"https:\/\/optimate1.com\/","logo":{"@type":"ImageObject","inLanguage":"es","@id":"https:\/\/optimate1.com\/#\/schema\/logo\/image\/","url":"https:\/\/optimate1.com\/wp-content\/uploads\/2021\/06\/optimate-hpbc-stacklogo.jpg","contentUrl":"https:\/\/optimate1.com\/wp-content\/uploads\/2021\/06\/optimate-hpbc-stacklogo.jpg","width":1025,"height":529,"caption":"OptiMate"},"image":{"@id":"https:\/\/optimate1.com\/#\/schema\/logo\/image\/"},"sameAs":["https:\/\/www.facebook.com\/OptiMatebatterysavingcharger\/"]}]}},"_links":{"self":[{"href":"https:\/\/optimate1.com\/es\/wp-json\/wp\/v2\/product\/15209","targetHints":{"allow":["GET"]}}],"collection":[{"href":"https:\/\/optimate1.com\/es\/wp-json\/wp\/v2\/product"}],"about":[{"href":"https:\/\/optimate1.com\/es\/wp-json\/wp\/v2\/types\/product"}],"wp:featuredmedia":[{"embeddable":true,"href":"https:\/\/optimate1.com\/es\/wp-json\/wp\/v2\/media\/15204"}],"wp:attachment":[{"href":"https:\/\/optimate1.com\/es\/wp-json\/wp\/v2\/media?parent=15209"}],"wp:term":[{"taxonomy":"product_brand","embeddable":true,"href":"https:\/\/optimate1.com\/es\/wp-json\/wp\/v2\/product_brand?post=15209"},{"taxonomy":"product_cat","embeddable":true,"href":"https:\/\/optimate1.com\/es\/wp-json\/wp\/v2\/product_cat?post=15209"},{"taxonomy":"product_tag","embeddable":true,"href":"https:\/\/optimate1.com\/es\/wp-json\/wp\/v2\/product_tag?post=15209"}],"curies":[{"name":"wp","href":"https:\/\/api.w.org\/{rel}","templated":true}]}}