{"id":15791,"date":"2020-01-27T09:19:45","date_gmt":"2020-01-27T14:19:45","guid":{"rendered":"https:\/\/optimate1.com\/?post_type=product&#038;p=15791"},"modified":"2021-10-07T09:56:35","modified_gmt":"2021-10-07T13:56:35","slug":"optimate-3-copy","status":"publish","type":"product","link":"https:\/\/optimate1.com\/es\/producto\/optimate-3-copy\/","title":{"rendered":"OptiMate 3"},"content":{"rendered":"<h3>OptiMate 3, el cargador-mantenedor con modo de recuperaci\u00f3n de m\u00e1s confianza para bater\u00edas completamente selladas para su motocicleta, ATV, Side by Side o embarcaci\u00f3n personal &#8211; <em>El cargador de motocicleta m\u00e1s popular en todo el mundo!<\/em><\/h3>\n<ul>\n<li><strong><span style=\"color: #10069f;\">Cargue, pruebe y mantenga su bater\u00eda de 12\u00a0V AGM, GEL o STD<em> &#8211; \u00a1Lista para viajar!<\/em><br \/>\n<\/span><\/strong><\/li>\n<li><strong><span style=\"color: #10069f;\">Si se olvida, OptiMate 3 recuperar\u00e1 su bater\u00eda sulfatada completamente descargada con tan solo 2\u00a0V.\u00a0<\/span><\/strong><\/li>\n<li><strong><span style=\"color: #10069f;\">Realiza pruebas autom\u00e1ticamente, indica si existe alg\u00fan problema con la bater\u00eda.<\/span><\/strong><\/li>\n<li><strong><span style=\"color: #10069f;\">El mantenimiento inteligente 24\/7 de OptiMate garantiza m\u00e1s potencia y prolonga la vida \u00fatil de la bater\u00eda!<br \/>\n<\/span><\/strong><\/li>\n<li><strong><span style=\"color: #10069f;\">Cuenta con la confianza de OEM globales de motocicletas,<em> por ejemplo, Honda, Triumph, Suzuki, Yamaha, Kawasaki, etc.\u00a0<\/em><\/span><\/strong><\/li>\n<\/ul>\n<p>Modelos disponibles: Todos los cargadores de bater\u00edas OptiMate que se nombran a continuaci\u00f3n aceptan una entrada de corriente de 100-240 V CA y 50-60 Hz, <a href=\"https:\/\/optimate1.com\/es\/power-plugs-es\/\">solamente es diferente el TIPO de enchufe para pode<\/a>r cumplir con la legislaci\u00f3n nacional\/regional sobre seguridad el\u00e9ctrica..<\/p>\n<div class=\"woocommerce columns-3 \"><ul class=\"products columns-3\">\n<li class=\"thunk-woo-product-list opn-qv-enable big-store-woo-hover- open-single-product-tab-horizontal open-shadow- open-shadow-hover- product type-product product_cat-marine-chargers-es product_cat-marine-es post-15811 status-publish first instock has-post-thumbnail shipping-taxable product-type-variation\">\n\t<div class=\"thunk-product-wrap\"><div class=\"thunk-product\"><a href=\"https:\/\/optimate1.com\/es\/producto\/optimate-3-copy\/\" class=\"woocommerce-LoopProduct-link woocommerce-loop-product__link\"><div class=\"thunk-product-image\"><img loading=\"lazy\" decoding=\"async\" width=\"320\" height=\"320\" src=\"https:\/\/optimate1.com\/wp-content\/uploads\/2020\/01\/OptiMate-3-TM431-3-320x320.jpg\" class=\"attachment-woocommerce_thumbnail size-woocommerce_thumbnail\" alt=\"OptiMATE 3&lt;br \/&gt;TIPO A\" srcset=\"https:\/\/optimate1.com\/wp-content\/uploads\/2020\/01\/OptiMate-3-TM431-3-320x320.jpg 320w, https:\/\/optimate1.com\/wp-content\/uploads\/2020\/01\/OptiMate-3-TM431-3-100x100.jpg 100w, https:\/\/optimate1.com\/wp-content\/uploads\/2020\/01\/OptiMate-3-TM431-3-600x600.jpg 600w, https:\/\/optimate1.com\/wp-content\/uploads\/2020\/01\/OptiMate-3-TM431-3-64x64.jpg 64w, https:\/\/optimate1.com\/wp-content\/uploads\/2020\/01\/OptiMate-3-TM431-3-300x300.jpg 300w, https:\/\/optimate1.com\/wp-content\/uploads\/2020\/01\/OptiMate-3-TM431-3-150x150.jpg 150w, https:\/\/optimate1.com\/wp-content\/uploads\/2020\/01\/OptiMate-3-TM431-3-768x768.jpg 768w, https:\/\/optimate1.com\/wp-content\/uploads\/2020\/01\/OptiMate-3-TM431-3.jpg 900w\" sizes=\"auto, (max-width: 320px) 100vw, 320px\" \/><\/div><div class=\"thunk-product-content\"><h2 class=\"woocommerce-loop-product__title\">OptiMATE 3<br \/>TIPO A<\/h2>\n<\/div><div class=\"thunk-product-hover\"><\/a>           <div class=\"os-product-excerpt\"><\/div>\n        <div class=\"thunk-quik\">\n\t\t\t             <div class=\"thunk-quickview\">\n                               <span class=\"quik-view\">\n                                   <a href=\"#\" class=\"opn-quick-view-text\"  data-product_id=\"15811\">\n                                      <span>Vista r\u00e1pida<\/span>\n                                    \n                                   <\/a>\n                            <\/span>\n                          <\/div><\/div><\/div><\/div><\/div><\/li>\n<li class=\"thunk-woo-product-list opn-qv-enable big-store-woo-hover- open-single-product-tab-horizontal open-shadow- open-shadow-hover- product type-product product_cat-marine-chargers-es product_cat-marine-es post-15812 status-publish instock has-post-thumbnail shipping-taxable product-type-variation\">\n\t<div class=\"thunk-product-wrap\"><div class=\"thunk-product\"><a href=\"https:\/\/optimate1.com\/es\/producto\/optimate-3-copy\/\" class=\"woocommerce-LoopProduct-link woocommerce-loop-product__link\"><div class=\"thunk-product-image\"><img loading=\"lazy\" decoding=\"async\" width=\"320\" height=\"320\" src=\"https:\/\/optimate1.com\/wp-content\/uploads\/2020\/01\/OptiMate-3-TM430-3-320x320.jpg\" class=\"attachment-woocommerce_thumbnail size-woocommerce_thumbnail\" alt=\"OptiMATE 3&lt;br \/&gt;TIPO C\" srcset=\"https:\/\/optimate1.com\/wp-content\/uploads\/2020\/01\/OptiMate-3-TM430-3-320x320.jpg 320w, https:\/\/optimate1.com\/wp-content\/uploads\/2020\/01\/OptiMate-3-TM430-3-100x100.jpg 100w, https:\/\/optimate1.com\/wp-content\/uploads\/2020\/01\/OptiMate-3-TM430-3-600x600.jpg 600w, https:\/\/optimate1.com\/wp-content\/uploads\/2020\/01\/OptiMate-3-TM430-3-64x64.jpg 64w, https:\/\/optimate1.com\/wp-content\/uploads\/2020\/01\/OptiMate-3-TM430-3-300x300.jpg 300w, https:\/\/optimate1.com\/wp-content\/uploads\/2020\/01\/OptiMate-3-TM430-3-150x150.jpg 150w, https:\/\/optimate1.com\/wp-content\/uploads\/2020\/01\/OptiMate-3-TM430-3-768x768.jpg 768w, https:\/\/optimate1.com\/wp-content\/uploads\/2020\/01\/OptiMate-3-TM430-3.jpg 900w\" sizes=\"auto, (max-width: 320px) 100vw, 320px\" \/><\/div><div class=\"thunk-product-content\"><h2 class=\"woocommerce-loop-product__title\">OptiMATE 3<br \/>TIPO C<\/h2>\n<\/div><div class=\"thunk-product-hover\"><\/a>           <div class=\"os-product-excerpt\"><\/div>\n        <div class=\"thunk-quik\">\n\t\t\t             <div class=\"thunk-quickview\">\n                               <span class=\"quik-view\">\n                                   <a href=\"#\" class=\"opn-quick-view-text\"  data-product_id=\"15812\">\n                                      <span>Vista r\u00e1pida<\/span>\n                                    \n                                   <\/a>\n                            <\/span>\n                          <\/div><\/div><\/div><\/div><\/div><\/li>\n<li class=\"thunk-woo-product-list opn-qv-enable big-store-woo-hover- open-single-product-tab-horizontal open-shadow- open-shadow-hover- product type-product product_cat-marine-chargers-es product_cat-marine-es post-15813 status-publish last instock has-post-thumbnail shipping-taxable product-type-variation\">\n\t<div class=\"thunk-product-wrap\"><div class=\"thunk-product\"><a href=\"https:\/\/optimate1.com\/es\/producto\/optimate-3-copy\/\" class=\"woocommerce-LoopProduct-link woocommerce-loop-product__link\"><div class=\"thunk-product-image\"><img loading=\"lazy\" decoding=\"async\" width=\"320\" height=\"320\" src=\"https:\/\/optimate1.com\/wp-content\/uploads\/2020\/01\/OptiMate-3-TM432-3-320x320.jpg\" class=\"attachment-woocommerce_thumbnail size-woocommerce_thumbnail\" alt=\"OptiMATE 3 &lt;br \/&gt;TIPO G\" srcset=\"https:\/\/optimate1.com\/wp-content\/uploads\/2020\/01\/OptiMate-3-TM432-3-320x320.jpg 320w, https:\/\/optimate1.com\/wp-content\/uploads\/2020\/01\/OptiMate-3-TM432-3-100x100.jpg 100w, https:\/\/optimate1.com\/wp-content\/uploads\/2020\/01\/OptiMate-3-TM432-3-600x600.jpg 600w, https:\/\/optimate1.com\/wp-content\/uploads\/2020\/01\/OptiMate-3-TM432-3-64x64.jpg 64w, https:\/\/optimate1.com\/wp-content\/uploads\/2020\/01\/OptiMate-3-TM432-3-300x300.jpg 300w, https:\/\/optimate1.com\/wp-content\/uploads\/2020\/01\/OptiMate-3-TM432-3-150x150.jpg 150w, https:\/\/optimate1.com\/wp-content\/uploads\/2020\/01\/OptiMate-3-TM432-3-768x768.jpg 768w, https:\/\/optimate1.com\/wp-content\/uploads\/2020\/01\/OptiMate-3-TM432-3.jpg 900w\" sizes=\"auto, (max-width: 320px) 100vw, 320px\" \/><\/div><div class=\"thunk-product-content\"><h2 class=\"woocommerce-loop-product__title\">OptiMATE 3 <br \/>TIPO G<\/h2>\n<\/div><div class=\"thunk-product-hover\"><\/a>           <div class=\"os-product-excerpt\"><\/div>\n        <div class=\"thunk-quik\">\n\t\t\t             <div class=\"thunk-quickview\">\n                               <span class=\"quik-view\">\n                                   <a href=\"#\" class=\"opn-quick-view-text\"  data-product_id=\"15813\">\n                                      <span>Vista r\u00e1pida<\/span>\n                                    \n                                   <\/a>\n                            <\/span>\n                          <\/div><\/div><\/div><\/div><\/div><\/li>\n<\/ul>\n<\/div>\n<p>&nbsp;<\/p>\n","protected":false},"excerpt":{"rendered":"<h3><span style=\"color: #cd202c;\">Cargador-mantenedor con modo de recuperaci\u00f3n para bater\u00edas selladas de 12\u00a0V y 0.8\u00a0A en 7 fases<\/span><\/h3>\n","protected":false},"featured_media":15824,"template":"","meta":[],"product_brand":[],"product_cat":[2255,2251],"product_tag":[],"class_list":{"0":"post-15791","1":"product","2":"type-product","3":"status-publish","4":"has-post-thumbnail","6":"product_cat-marine-chargers-es","7":"product_cat-marine-es","8":"thunk-woo-product-list","9":"opn-qv-enable","10":"big-store-woo-hover-","11":"open-single-product-tab-horizontal","12":"open-shadow-","13":"open-shadow-hover-","17":"first","18":"instock","19":"featured","20":"shipping-taxable","21":"product-type-variable"},"yoast_head":"<!-- This site is optimized with the Yoast SEO plugin v27.2 - https:\/\/yoast.com\/product\/yoast-seo-wordpress\/ -->\n<title>OptiMate 3 - OptiMate<\/title>\n<meta name=\"robots\" content=\"index, follow, max-snippet:-1, max-image-preview:large, max-video-preview:-1\" \/>\n<link rel=\"canonical\" href=\"https:\/\/optimate1.com\/product\/optimate-3\/\" \/>\n<meta property=\"og:locale\" content=\"es_ES\" \/>\n<meta property=\"og:type\" content=\"article\" \/>\n<meta property=\"og:title\" content=\"OptiMate 3 - OptiMate\" \/>\n<meta property=\"og:description\" content=\"Cargador-mantenedor con modo de recuperaci\u00f3n para bater\u00edas selladas de 12\u00a0V y 0.8\u00a0A en 7 fases\" \/>\n<meta property=\"og:url\" content=\"https:\/\/optimate1.com\/product\/optimate-3\/\" \/>\n<meta property=\"og:site_name\" content=\"OptiMate\" \/>\n<meta property=\"article:publisher\" content=\"https:\/\/www.facebook.com\/OptiMatebatterysavingcharger\/\" \/>\n<meta property=\"article:modified_time\" content=\"2021-10-07T13:56:35+00:00\" \/>\n<meta property=\"og:image\" content=\"https:\/\/optimate1.com\/wp-content\/uploads\/2020\/01\/OptiMate-3-TM43x-5.jpg\" \/>\n\t<meta property=\"og:image:width\" content=\"900\" \/>\n\t<meta property=\"og:image:height\" content=\"900\" \/>\n\t<meta property=\"og:image:type\" content=\"image\/jpeg\" \/>\n<meta name=\"twitter:card\" content=\"summary_large_image\" \/>\n<meta name=\"twitter:label1\" content=\"Tiempo de lectura\" \/>\n\t<meta name=\"twitter:data1\" content=\"1 minuto\" \/>\n<script type=\"application\/ld+json\" class=\"yoast-schema-graph\">{\"@context\":\"https:\/\/schema.org\",\"@graph\":[{\"@type\":\"WebPage\",\"@id\":\"https:\/\/optimate1.com\/product\/optimate-3\/\",\"url\":\"https:\/\/optimate1.com\/product\/optimate-3\/\",\"name\":\"OptiMate 3 - OptiMate\",\"isPartOf\":{\"@id\":\"https:\/\/optimate1.com\/#website\"},\"primaryImageOfPage\":{\"@id\":\"https:\/\/optimate1.com\/product\/optimate-3\/#primaryimage\"},\"image\":{\"@id\":\"https:\/\/optimate1.com\/product\/optimate-3\/#primaryimage\"},\"thumbnailUrl\":\"https:\/\/optimate1.com\/wp-content\/uploads\/2020\/01\/OptiMate-3-TM43x-5.jpg\",\"datePublished\":\"2020-01-27T14:19:45+00:00\",\"dateModified\":\"2021-10-07T13:56:35+00:00\",\"breadcrumb\":{\"@id\":\"https:\/\/optimate1.com\/product\/optimate-3\/#breadcrumb\"},\"inLanguage\":\"es\",\"potentialAction\":[{\"@type\":\"ReadAction\",\"target\":[\"https:\/\/optimate1.com\/product\/optimate-3\/\"]}]},{\"@type\":\"ImageObject\",\"inLanguage\":\"es\",\"@id\":\"https:\/\/optimate1.com\/product\/optimate-3\/#primaryimage\",\"url\":\"https:\/\/optimate1.com\/wp-content\/uploads\/2020\/01\/OptiMate-3-TM43x-5.jpg\",\"contentUrl\":\"https:\/\/optimate1.com\/wp-content\/uploads\/2020\/01\/OptiMate-3-TM43x-5.jpg\",\"width\":900,\"height\":900},{\"@type\":\"BreadcrumbList\",\"@id\":\"https:\/\/optimate1.com\/product\/optimate-3\/#breadcrumb\",\"itemListElement\":[{\"@type\":\"ListItem\",\"position\":1,\"name\":\"Home\",\"item\":\"https:\/\/optimate1.com\/\"},{\"@type\":\"ListItem\",\"position\":2,\"name\":\"Productos\",\"item\":\"https:\/\/optimate1.com\/shop\/\"},{\"@type\":\"ListItem\",\"position\":3,\"name\":\"OptiMate 3\"}]},{\"@type\":\"WebSite\",\"@id\":\"https:\/\/optimate1.com\/#website\",\"url\":\"https:\/\/optimate1.com\/\",\"name\":\"OptiMate\",\"description\":\"Battery Chargers &amp; Accessories\",\"publisher\":{\"@id\":\"https:\/\/optimate1.com\/#organization\"},\"potentialAction\":[{\"@type\":\"SearchAction\",\"target\":{\"@type\":\"EntryPoint\",\"urlTemplate\":\"https:\/\/optimate1.com\/?s={search_term_string}\"},\"query-input\":{\"@type\":\"PropertyValueSpecification\",\"valueRequired\":true,\"valueName\":\"search_term_string\"}}],\"inLanguage\":\"es\"},{\"@type\":\"Organization\",\"@id\":\"https:\/\/optimate1.com\/#organization\",\"name\":\"OptiMate\",\"url\":\"https:\/\/optimate1.com\/\",\"logo\":{\"@type\":\"ImageObject\",\"inLanguage\":\"es\",\"@id\":\"https:\/\/optimate1.com\/#\/schema\/logo\/image\/\",\"url\":\"https:\/\/optimate1.com\/wp-content\/uploads\/2021\/06\/optimate-hpbc-stacklogo.jpg\",\"contentUrl\":\"https:\/\/optimate1.com\/wp-content\/uploads\/2021\/06\/optimate-hpbc-stacklogo.jpg\",\"width\":1025,\"height\":529,\"caption\":\"OptiMate\"},\"image\":{\"@id\":\"https:\/\/optimate1.com\/#\/schema\/logo\/image\/\"},\"sameAs\":[\"https:\/\/www.facebook.com\/OptiMatebatterysavingcharger\/\"]}]}<\/script>\n<!-- \/ Yoast SEO plugin. -->","yoast_head_json":{"title":"OptiMate 3 - OptiMate","robots":{"index":"index","follow":"follow","max-snippet":"max-snippet:-1","max-image-preview":"max-image-preview:large","max-video-preview":"max-video-preview:-1"},"canonical":"https:\/\/optimate1.com\/product\/optimate-3\/","og_locale":"es_ES","og_type":"article","og_title":"OptiMate 3 - OptiMate","og_description":"Cargador-mantenedor con modo de recuperaci\u00f3n para bater\u00edas selladas de 12\u00a0V y 0.8\u00a0A en 7 fases","og_url":"https:\/\/optimate1.com\/product\/optimate-3\/","og_site_name":"OptiMate","article_publisher":"https:\/\/www.facebook.com\/OptiMatebatterysavingcharger\/","article_modified_time":"2021-10-07T13:56:35+00:00","og_image":[{"width":900,"height":900,"url":"https:\/\/optimate1.com\/wp-content\/uploads\/2020\/01\/OptiMate-3-TM43x-5.jpg","type":"image\/jpeg"}],"twitter_card":"summary_large_image","twitter_misc":{"Tiempo de lectura":"1 minuto"},"schema":{"@context":"https:\/\/schema.org","@graph":[{"@type":"WebPage","@id":"https:\/\/optimate1.com\/product\/optimate-3\/","url":"https:\/\/optimate1.com\/product\/optimate-3\/","name":"OptiMate 3 - OptiMate","isPartOf":{"@id":"https:\/\/optimate1.com\/#website"},"primaryImageOfPage":{"@id":"https:\/\/optimate1.com\/product\/optimate-3\/#primaryimage"},"image":{"@id":"https:\/\/optimate1.com\/product\/optimate-3\/#primaryimage"},"thumbnailUrl":"https:\/\/optimate1.com\/wp-content\/uploads\/2020\/01\/OptiMate-3-TM43x-5.jpg","datePublished":"2020-01-27T14:19:45+00:00","dateModified":"2021-10-07T13:56:35+00:00","breadcrumb":{"@id":"https:\/\/optimate1.com\/product\/optimate-3\/#breadcrumb"},"inLanguage":"es","potentialAction":[{"@type":"ReadAction","target":["https:\/\/optimate1.com\/product\/optimate-3\/"]}]},{"@type":"ImageObject","inLanguage":"es","@id":"https:\/\/optimate1.com\/product\/optimate-3\/#primaryimage","url":"https:\/\/optimate1.com\/wp-content\/uploads\/2020\/01\/OptiMate-3-TM43x-5.jpg","contentUrl":"https:\/\/optimate1.com\/wp-content\/uploads\/2020\/01\/OptiMate-3-TM43x-5.jpg","width":900,"height":900},{"@type":"BreadcrumbList","@id":"https:\/\/optimate1.com\/product\/optimate-3\/#breadcrumb","itemListElement":[{"@type":"ListItem","position":1,"name":"Home","item":"https:\/\/optimate1.com\/"},{"@type":"ListItem","position":2,"name":"Productos","item":"https:\/\/optimate1.com\/shop\/"},{"@type":"ListItem","position":3,"name":"OptiMate 3"}]},{"@type":"WebSite","@id":"https:\/\/optimate1.com\/#website","url":"https:\/\/optimate1.com\/","name":"OptiMate","description":"Battery Chargers &amp; Accessories","publisher":{"@id":"https:\/\/optimate1.com\/#organization"},"potentialAction":[{"@type":"SearchAction","target":{"@type":"EntryPoint","urlTemplate":"https:\/\/optimate1.com\/?s={search_term_string}"},"query-input":{"@type":"PropertyValueSpecification","valueRequired":true,"valueName":"search_term_string"}}],"inLanguage":"es"},{"@type":"Organization","@id":"https:\/\/optimate1.com\/#organization","name":"OptiMate","url":"https:\/\/optimate1.com\/","logo":{"@type":"ImageObject","inLanguage":"es","@id":"https:\/\/optimate1.com\/#\/schema\/logo\/image\/","url":"https:\/\/optimate1.com\/wp-content\/uploads\/2021\/06\/optimate-hpbc-stacklogo.jpg","contentUrl":"https:\/\/optimate1.com\/wp-content\/uploads\/2021\/06\/optimate-hpbc-stacklogo.jpg","width":1025,"height":529,"caption":"OptiMate"},"image":{"@id":"https:\/\/optimate1.com\/#\/schema\/logo\/image\/"},"sameAs":["https:\/\/www.facebook.com\/OptiMatebatterysavingcharger\/"]}]}},"_links":{"self":[{"href":"https:\/\/optimate1.com\/es\/wp-json\/wp\/v2\/product\/15791","targetHints":{"allow":["GET"]}}],"collection":[{"href":"https:\/\/optimate1.com\/es\/wp-json\/wp\/v2\/product"}],"about":[{"href":"https:\/\/optimate1.com\/es\/wp-json\/wp\/v2\/types\/product"}],"wp:featuredmedia":[{"embeddable":true,"href":"https:\/\/optimate1.com\/es\/wp-json\/wp\/v2\/media\/15824"}],"wp:attachment":[{"href":"https:\/\/optimate1.com\/es\/wp-json\/wp\/v2\/media?parent=15791"}],"wp:term":[{"taxonomy":"product_brand","embeddable":true,"href":"https:\/\/optimate1.com\/es\/wp-json\/wp\/v2\/product_brand?post=15791"},{"taxonomy":"product_cat","embeddable":true,"href":"https:\/\/optimate1.com\/es\/wp-json\/wp\/v2\/product_cat?post=15791"},{"taxonomy":"product_tag","embeddable":true,"href":"https:\/\/optimate1.com\/es\/wp-json\/wp\/v2\/product_tag?post=15791"}],"curies":[{"name":"wp","href":"https:\/\/api.w.org\/{rel}","templated":true}]}}