{"id":15941,"date":"2020-02-18T04:48:10","date_gmt":"2020-02-18T09:48:10","guid":{"rendered":"https:\/\/optimate1.com\/?post_type=product&#038;p=15941"},"modified":"2026-03-30T10:26:45","modified_gmt":"2026-03-30T14:26:45","slug":"optimate-lithium-4s-0-8-cargador-de-baterias-de-litio","status":"publish","type":"product","link":"https:\/\/optimate1.com\/es\/producto\/optimate-lithium-4s-0-8-cargador-de-baterias-de-litio\/","title":{"rendered":"OptiMate Lithium 4s 0.8A"},"content":{"rendered":"<h6 style=\"text-align: center;\"><strong><span style=\"color: #10069f;\">OptiMate Lithium 4s 0.8A es el cargador de bater\u00edas imprescindible para tu moto todoterreno, motocross o de competici\u00f3n <\/span><\/strong><i><span style=\"color: #10069f;\">&#8211; M\u00e1xima protecci\u00f3n para su bater\u00eda de litio de alto rendimiento.<\/span><\/i><\/h6>\n<h6 style=\"text-align: center;\"><img loading=\"lazy\" decoding=\"async\" class=\"aligncenter wp-image-20668\" src=\"https:\/\/optimate1.com\/wp-content\/uploads\/2021\/12\/Vehicle-range-OML-0.8-copy-01.png\" alt=\"The OptiMate Lithium 4s is recommended for race motorcycles, cross motorcycles, motor bikes, jet skis and ATV.\" width=\"428\" height=\"66\" \/><\/h6>\n<p>&nbsp;<\/p>\n<h6 style=\"text-align: center;\"><strong><span style=\"color: #10069f;\">BMS reactiva la bater\u00eda desde el modo de suspensi\u00f3n o el modo de protecci\u00f3n de descarga profunda.<\/span><\/strong><\/h6>\n<h6 style=\"text-align: center;\"><img loading=\"lazy\" decoding=\"async\" class=\"aligncenter wp-image-20910\" src=\"https:\/\/optimate1.com\/wp-content\/uploads\/2021\/12\/BMS-reset-copy-01.png\" alt=\"BMS ( Battery management system)\" width=\"428\" height=\"70\" \/><\/h6>\n<p>&nbsp;<\/p>\n<h6 style=\"text-align: center;\"><strong><span style=\"color: #10069f;\">El programa de varios pasos totalmente autom\u00e1tico completa la carga de la bater\u00eda de forma segura <\/span><\/strong><span style=\"color: #10069f;\"><em>&#8211;<\/em> <\/span><i><span style=\"color: #10069f;\">Conecte a la bater\u00eda y OptiMate Lithium 4s 0.8A har\u00e1 el resto, \u00a1sin necesidad de supervisi\u00f3n!<\/span><\/i><\/h6>\n<h6 style=\"text-align: center;\"><img loading=\"lazy\" decoding=\"async\" class=\"aligncenter wp-image-20876\" src=\"https:\/\/optimate1.com\/wp-content\/uploads\/2020\/12\/connect_save_charge-maintain-01.png\" alt=\"The fully automatic multi-step program to full charge the battery safely. \" width=\"428\" height=\"70\" \/><\/h6>\n<p>&nbsp;<\/p>\n<p>&nbsp;<\/p>\n<h4 style=\"text-align: center;\"><strong><span style=\"text-decoration: underline;\">M\u00c1S CARACTER\u00cdSTICAS:<\/span><\/strong><\/h4>\n<p style=\"text-align: center;\">\n<table id=\"tablepress-458\" class=\"tablepress tablepress-id-458\">\n<tbody class=\"row-hover\">\n<tr class=\"row-1\">\n\t<td class=\"column-1\"><a href=\"\"><img loading=\"lazy\" decoding=\"async\" src=\"https:\/\/optimate1.com\/wp-content\/uploads\/2023\/09\/optimate-lithium-6A.png\" alt=\"\" width=\"300\" height=\"50\" class=\"aligncenter size-medium wp-image-20927\" \/><\/a><body><h6><center>Para tipos de bater\u00edas deportivas Li-Ion de 12.8V\/13.2V fabricadas con tecnolog\u00eda LiFePO4\/LFP.<\/body><\/h6><\/center><br \/>\n<\/td>\n<\/tr>\n<tr class=\"row-2\">\n\t<td class=\"column-1\"><a href=\"\"><img loading=\"lazy\" decoding=\"async\" src=\"https:\/\/optimate1.com\/wp-content\/uploads\/2021\/12\/SAFE-Lithium-0.8A-copy-01.png\" alt=\"\" width=\"300\" height=\"50\" class=\"aligncenter size-medium wp-image-20927\" \/><\/a><body><h6><center>Es seguro dejarlo conectado. Protecci\u00f3n electr\u00f3nica total.<\/body><\/h6><\/center><br \/>\n<\/td>\n<\/tr>\n<tr class=\"row-3\">\n\t<td class=\"column-1\"><a href=\"\"><img loading=\"lazy\" decoding=\"async\" src=\"https:\/\/optimate1.com\/wp-content\/uploads\/2020\/12\/24-7-x2-300x49.png\" alt=\"\" width=\"300\" height=\"50\" class=\"aligncenter size-medium wp-image-20928\" \/><\/a><body><h6><center>Conserva la bater\u00eda plenamente cargada y en buen estado.<\/body><\/h6><\/center><\/td>\n<\/tr>\n<tr class=\"row-4\">\n\t<td class=\"column-1\"><a href=\"\"><img loading=\"lazy\" decoding=\"async\" src=\"https:\/\/optimate1.com\/wp-content\/uploads\/2021\/11\/LFP-save-0.5V.png\" alt=\"\" width=\"300\" height=\"50\" class=\"aligncenter size-medium wp-image-20995\" \/><\/a><body><h6><center>Recuperaci\u00f3n desde niveles de tensi\u00f3n tan bajos como 0.5V.<\/body><\/h6><\/center><\/td>\n<\/tr>\n<tr class=\"row-5\">\n\t<td class=\"column-1\"><a href=\"\"><img loading=\"lazy\" decoding=\"async\" src=\"https:\/\/optimate1.com\/wp-content\/uploads\/2020\/12\/state-of-health-test-2-LED-200.png\" alt=\"\" width=\"300\" height=\"50\" class=\"aligncenter size-medium wp-image-20982\" \/><\/a><body><h6><center>Comprueba el estado de las bater\u00edas.<\/center><\/h6><\/body><\/td>\n<\/tr>\n<tr class=\"row-6\">\n\t<td class=\"column-1\"><a href=\"\"><img loading=\"lazy\" decoding=\"async\" src=\"https:\/\/optimate1.com\/wp-content\/uploads\/2023\/10\/Pb-LFP-OML-6A-copy.png\" alt=\"\" width=\"300\" height=\"50\" class=\"aligncenter size-medium wp-image-20993\" \/><\/a><body><h6><center>Avisa cuando se detectan da\u00f1os en la bater\u00eda.<\/body><\/h6><\/center><\/td>\n<\/tr>\n<tr class=\"row-7\">\n\t<td class=\"column-1\"><a href=\"\"><img loading=\"lazy\" decoding=\"async\" src=\"https:\/\/optimate1.com\/wp-content\/uploads\/2020\/12\/green-technology-hx2-1-300x49.png\" alt=\"\" width=\"300\" height=\"50\" class=\"aligncenter size-medium wp-image-20985\" \/><\/a><body><h6><center>Tecnolog\u00eda de ahorro de energ\u00eda.<br \/>\n\u221a Energ\u00eda en reposo inferior a 0.5W.<br \/>\n\u221a Mantenimiento eficiente de la bater\u00eda 24-7.<\/body><\/h6><\/center><\/td>\n<\/tr>\n<tr class=\"row-8\">\n\t<td class=\"column-1\"><a href=\"\"><img loading=\"lazy\" decoding=\"async\" src=\"https:\/\/optimate1.com\/wp-content\/uploads\/2020\/12\/weatherproof-x2-300x49.png\" alt=\"\" width=\"300\" height=\"50\" class=\"aligncenter size-medium wp-image-20983\" \/><\/a><body><h6><center>Resistente al agua. Apto para su uso hasta a -40\u00b0C \/ -40\u00b0F.<\/body><\/h6><\/center><\/td>\n<\/tr>\n<\/tbody>\n<\/table>\n<!-- #tablepress-458 from cache --><\/p>\n","protected":false},"excerpt":{"rendered":"<h3><span style=\"color: #006400;\">Serie LITHIUM: Cargador-mantenedor con modo de recuperaci\u00f3n para bater\u00edas selladas de 12.8V y 0.8A en 8 fases<\/span><\/h3>\n","protected":false},"featured_media":41913,"template":"","meta":[],"product_brand":[],"product_cat":[437],"product_tag":[],"class_list":{"0":"post-15941","1":"product","2":"type-product","3":"status-publish","4":"has-post-thumbnail","6":"product_cat-battery-chargers-es","7":"pa_charge-battery-chemistry-li-lifepo4-lfp-lithium-es","8":"pa_charge-battery-more-12v-es","9":"pa_charge-battery-more-motocicleta-vehiculo-todo-terreno","10":"pa_charge-battery-more-utv-sxs-cruiser-es","11":"pa_power-ac-100-240vac-es","12":"pa_product-group-optimate-lithium-es","13":"pa_region-ca-es-2","14":"pa_region-eu-es-2","15":"pa_region-uk-es-2","16":"pa_region-us-es-2","17":"iside_voltage-12-8-es","18":"iside_ampere-0-8-es","19":"iside_vehicle-motocicleta-deportes-de-motor-es","20":"iside_charger_series-lithium-smarter-es","21":"iside_charger_features-mantenimiento-seguro-de-la-bateria-24-horas-7","22":"iside_charger_features-save-low-volt-reset-bms-lithium-lfp-es","23":"iside_charger_features-restablecimiento-de-bms-para-bateria-lfp","24":"iside_charger_type-single-es","25":"iside_battery_voltage-12-8v-13-2v","26":"iside_battery_chemistry-lfp-lifepo4-lithium-ion-es","27":"battery_charger_current-0-6a-1-5a-es","28":"thunk-woo-product-list","29":"opn-qv-enable","30":"big-store-woo-hover-","31":"open-single-product-tab-horizontal","32":"open-shadow-","33":"open-shadow-hover-","35":"first","36":"instock","37":"featured","38":"shipping-taxable","39":"purchasable","40":"product-type-simple"},"yoast_head":"<!-- This site is optimized with the Yoast SEO plugin v27.2 - https:\/\/yoast.com\/product\/yoast-seo-wordpress\/ -->\n<title>OptiMate Lithium 4s 0.8A - OptiMate<\/title>\n<meta name=\"description\" content=\"El OptiMate Lithium 4s 0.8A es el cargador de bater\u00edas de litio esencial para el LiFePO4 \/ LFP de 12,8V\/13,2V. Leer m\u00e1s!\" \/>\n<meta name=\"robots\" content=\"index, follow, max-snippet:-1, max-image-preview:large, max-video-preview:-1, noarchive\" \/>\n<link rel=\"canonical\" href=\"https:\/\/optimate1.com\/es\/producto\/optimate-lithium-4s-0-8-cargador-de-baterias-de-litio\/\" \/>\n<meta property=\"og:locale\" content=\"es_ES\" \/>\n<meta property=\"og:type\" content=\"article\" \/>\n<meta property=\"og:title\" content=\"OptiMate Lithium 4s 0.8A - OptiMate\" \/>\n<meta property=\"og:description\" content=\"El OptiMate Lithium 4s 0.8A es el cargador de bater\u00edas de litio esencial para el LiFePO4 \/ LFP de 12,8V\/13,2V. Leer m\u00e1s!\" \/>\n<meta property=\"og:url\" content=\"https:\/\/optimate1.com\/es\/producto\/optimate-lithium-4s-0-8-cargador-de-baterias-de-litio\/\" \/>\n<meta property=\"og:site_name\" content=\"OptiMate\" \/>\n<meta property=\"article:publisher\" content=\"https:\/\/www.facebook.com\/OptiMatebatterysavingcharger\/\" \/>\n<meta property=\"article:modified_time\" content=\"2026-03-30T14:26:45+00:00\" \/>\n<meta property=\"og:image\" content=\"https:\/\/optimate1.com\/wp-content\/uploads\/2026\/03\/OptiMate-Lithium-4s-0.8A-TM470-11-es-1.png\" \/>\n\t<meta property=\"og:image:width\" content=\"1500\" \/>\n\t<meta property=\"og:image:height\" content=\"1500\" \/>\n\t<meta property=\"og:image:type\" content=\"image\/png\" \/>\n<meta name=\"twitter:card\" content=\"summary_large_image\" \/>\n<meta name=\"twitter:label1\" content=\"Tiempo de lectura\" \/>\n\t<meta name=\"twitter:data1\" content=\"2 minutos\" \/>\n<script type=\"application\/ld+json\" class=\"yoast-schema-graph\">{\"@context\":\"https:\/\/schema.org\",\"@graph\":[{\"@type\":\"WebPage\",\"@id\":\"https:\/\/optimate1.com\/es\/producto\/optimate-lithium-4s-0-8-cargador-de-baterias-de-litio\/\",\"url\":\"https:\/\/optimate1.com\/es\/producto\/optimate-lithium-4s-0-8-cargador-de-baterias-de-litio\/\",\"name\":\"OptiMate Lithium 4s 0.8A - OptiMate\",\"isPartOf\":{\"@id\":\"https:\/\/optimate1.com\/#website\"},\"primaryImageOfPage\":{\"@id\":\"https:\/\/optimate1.com\/es\/producto\/optimate-lithium-4s-0-8-cargador-de-baterias-de-litio\/#primaryimage\"},\"image\":{\"@id\":\"https:\/\/optimate1.com\/es\/producto\/optimate-lithium-4s-0-8-cargador-de-baterias-de-litio\/#primaryimage\"},\"thumbnailUrl\":\"https:\/\/optimate1.com\/wp-content\/uploads\/2026\/03\/OptiMate-Lithium-4s-0.8A-TM470-11-es-1.png\",\"datePublished\":\"2020-02-18T09:48:10+00:00\",\"dateModified\":\"2026-03-30T14:26:45+00:00\",\"description\":\"El OptiMate Lithium 4s 0.8A es el cargador de bater\u00edas de litio esencial para el LiFePO4 \/ LFP de 12,8V\/13,2V. Leer m\u00e1s!\",\"breadcrumb\":{\"@id\":\"https:\/\/optimate1.com\/es\/producto\/optimate-lithium-4s-0-8-cargador-de-baterias-de-litio\/#breadcrumb\"},\"inLanguage\":\"es\",\"potentialAction\":[{\"@type\":\"ReadAction\",\"target\":[\"https:\/\/optimate1.com\/es\/producto\/optimate-lithium-4s-0-8-cargador-de-baterias-de-litio\/\"]}]},{\"@type\":\"ImageObject\",\"inLanguage\":\"es\",\"@id\":\"https:\/\/optimate1.com\/es\/producto\/optimate-lithium-4s-0-8-cargador-de-baterias-de-litio\/#primaryimage\",\"url\":\"https:\/\/optimate1.com\/wp-content\/uploads\/2026\/03\/OptiMate-Lithium-4s-0.8A-TM470-11-es-1.png\",\"contentUrl\":\"https:\/\/optimate1.com\/wp-content\/uploads\/2026\/03\/OptiMate-Lithium-4s-0.8A-TM470-11-es-1.png\",\"width\":1500,\"height\":1500},{\"@type\":\"BreadcrumbList\",\"@id\":\"https:\/\/optimate1.com\/es\/producto\/optimate-lithium-4s-0-8-cargador-de-baterias-de-litio\/#breadcrumb\",\"itemListElement\":[{\"@type\":\"ListItem\",\"position\":1,\"name\":\"Home\",\"item\":\"https:\/\/optimate1.com\/\"},{\"@type\":\"ListItem\",\"position\":2,\"name\":\"Productos\",\"item\":\"https:\/\/optimate1.com\/shop\/\"},{\"@type\":\"ListItem\",\"position\":3,\"name\":\"OptiMate Lithium 4s 0.8A\"}]},{\"@type\":\"WebSite\",\"@id\":\"https:\/\/optimate1.com\/#website\",\"url\":\"https:\/\/optimate1.com\/\",\"name\":\"OptiMate\",\"description\":\"Battery Chargers &amp; Accessories\",\"publisher\":{\"@id\":\"https:\/\/optimate1.com\/#organization\"},\"potentialAction\":[{\"@type\":\"SearchAction\",\"target\":{\"@type\":\"EntryPoint\",\"urlTemplate\":\"https:\/\/optimate1.com\/?s={search_term_string}\"},\"query-input\":{\"@type\":\"PropertyValueSpecification\",\"valueRequired\":true,\"valueName\":\"search_term_string\"}}],\"inLanguage\":\"es\"},{\"@type\":\"Organization\",\"@id\":\"https:\/\/optimate1.com\/#organization\",\"name\":\"OptiMate\",\"url\":\"https:\/\/optimate1.com\/\",\"logo\":{\"@type\":\"ImageObject\",\"inLanguage\":\"es\",\"@id\":\"https:\/\/optimate1.com\/#\/schema\/logo\/image\/\",\"url\":\"https:\/\/optimate1.com\/wp-content\/uploads\/2021\/06\/optimate-hpbc-stacklogo.jpg\",\"contentUrl\":\"https:\/\/optimate1.com\/wp-content\/uploads\/2021\/06\/optimate-hpbc-stacklogo.jpg\",\"width\":1025,\"height\":529,\"caption\":\"OptiMate\"},\"image\":{\"@id\":\"https:\/\/optimate1.com\/#\/schema\/logo\/image\/\"},\"sameAs\":[\"https:\/\/www.facebook.com\/OptiMatebatterysavingcharger\/\"]}]}<\/script>\n<!-- \/ Yoast SEO plugin. -->","yoast_head_json":{"title":"OptiMate Lithium 4s 0.8A - OptiMate","description":"El OptiMate Lithium 4s 0.8A es el cargador de bater\u00edas de litio esencial para el LiFePO4 \/ LFP de 12,8V\/13,2V. Leer m\u00e1s!","robots":{"index":"index","follow":"follow","max-snippet":"max-snippet:-1","max-image-preview":"max-image-preview:large","max-video-preview":"max-video-preview:-1","archive":"noarchive"},"canonical":"https:\/\/optimate1.com\/es\/producto\/optimate-lithium-4s-0-8-cargador-de-baterias-de-litio\/","og_locale":"es_ES","og_type":"article","og_title":"OptiMate Lithium 4s 0.8A - OptiMate","og_description":"El OptiMate Lithium 4s 0.8A es el cargador de bater\u00edas de litio esencial para el LiFePO4 \/ LFP de 12,8V\/13,2V. Leer m\u00e1s!","og_url":"https:\/\/optimate1.com\/es\/producto\/optimate-lithium-4s-0-8-cargador-de-baterias-de-litio\/","og_site_name":"OptiMate","article_publisher":"https:\/\/www.facebook.com\/OptiMatebatterysavingcharger\/","article_modified_time":"2026-03-30T14:26:45+00:00","og_image":[{"width":1500,"height":1500,"url":"https:\/\/optimate1.com\/wp-content\/uploads\/2026\/03\/OptiMate-Lithium-4s-0.8A-TM470-11-es-1.png","type":"image\/png"}],"twitter_card":"summary_large_image","twitter_misc":{"Tiempo de lectura":"2 minutos"},"schema":{"@context":"https:\/\/schema.org","@graph":[{"@type":"WebPage","@id":"https:\/\/optimate1.com\/es\/producto\/optimate-lithium-4s-0-8-cargador-de-baterias-de-litio\/","url":"https:\/\/optimate1.com\/es\/producto\/optimate-lithium-4s-0-8-cargador-de-baterias-de-litio\/","name":"OptiMate Lithium 4s 0.8A - OptiMate","isPartOf":{"@id":"https:\/\/optimate1.com\/#website"},"primaryImageOfPage":{"@id":"https:\/\/optimate1.com\/es\/producto\/optimate-lithium-4s-0-8-cargador-de-baterias-de-litio\/#primaryimage"},"image":{"@id":"https:\/\/optimate1.com\/es\/producto\/optimate-lithium-4s-0-8-cargador-de-baterias-de-litio\/#primaryimage"},"thumbnailUrl":"https:\/\/optimate1.com\/wp-content\/uploads\/2026\/03\/OptiMate-Lithium-4s-0.8A-TM470-11-es-1.png","datePublished":"2020-02-18T09:48:10+00:00","dateModified":"2026-03-30T14:26:45+00:00","description":"El OptiMate Lithium 4s 0.8A es el cargador de bater\u00edas de litio esencial para el LiFePO4 \/ LFP de 12,8V\/13,2V. Leer m\u00e1s!","breadcrumb":{"@id":"https:\/\/optimate1.com\/es\/producto\/optimate-lithium-4s-0-8-cargador-de-baterias-de-litio\/#breadcrumb"},"inLanguage":"es","potentialAction":[{"@type":"ReadAction","target":["https:\/\/optimate1.com\/es\/producto\/optimate-lithium-4s-0-8-cargador-de-baterias-de-litio\/"]}]},{"@type":"ImageObject","inLanguage":"es","@id":"https:\/\/optimate1.com\/es\/producto\/optimate-lithium-4s-0-8-cargador-de-baterias-de-litio\/#primaryimage","url":"https:\/\/optimate1.com\/wp-content\/uploads\/2026\/03\/OptiMate-Lithium-4s-0.8A-TM470-11-es-1.png","contentUrl":"https:\/\/optimate1.com\/wp-content\/uploads\/2026\/03\/OptiMate-Lithium-4s-0.8A-TM470-11-es-1.png","width":1500,"height":1500},{"@type":"BreadcrumbList","@id":"https:\/\/optimate1.com\/es\/producto\/optimate-lithium-4s-0-8-cargador-de-baterias-de-litio\/#breadcrumb","itemListElement":[{"@type":"ListItem","position":1,"name":"Home","item":"https:\/\/optimate1.com\/"},{"@type":"ListItem","position":2,"name":"Productos","item":"https:\/\/optimate1.com\/shop\/"},{"@type":"ListItem","position":3,"name":"OptiMate Lithium 4s 0.8A"}]},{"@type":"WebSite","@id":"https:\/\/optimate1.com\/#website","url":"https:\/\/optimate1.com\/","name":"OptiMate","description":"Battery Chargers &amp; Accessories","publisher":{"@id":"https:\/\/optimate1.com\/#organization"},"potentialAction":[{"@type":"SearchAction","target":{"@type":"EntryPoint","urlTemplate":"https:\/\/optimate1.com\/?s={search_term_string}"},"query-input":{"@type":"PropertyValueSpecification","valueRequired":true,"valueName":"search_term_string"}}],"inLanguage":"es"},{"@type":"Organization","@id":"https:\/\/optimate1.com\/#organization","name":"OptiMate","url":"https:\/\/optimate1.com\/","logo":{"@type":"ImageObject","inLanguage":"es","@id":"https:\/\/optimate1.com\/#\/schema\/logo\/image\/","url":"https:\/\/optimate1.com\/wp-content\/uploads\/2021\/06\/optimate-hpbc-stacklogo.jpg","contentUrl":"https:\/\/optimate1.com\/wp-content\/uploads\/2021\/06\/optimate-hpbc-stacklogo.jpg","width":1025,"height":529,"caption":"OptiMate"},"image":{"@id":"https:\/\/optimate1.com\/#\/schema\/logo\/image\/"},"sameAs":["https:\/\/www.facebook.com\/OptiMatebatterysavingcharger\/"]}]}},"_links":{"self":[{"href":"https:\/\/optimate1.com\/es\/wp-json\/wp\/v2\/product\/15941","targetHints":{"allow":["GET"]}}],"collection":[{"href":"https:\/\/optimate1.com\/es\/wp-json\/wp\/v2\/product"}],"about":[{"href":"https:\/\/optimate1.com\/es\/wp-json\/wp\/v2\/types\/product"}],"wp:featuredmedia":[{"embeddable":true,"href":"https:\/\/optimate1.com\/es\/wp-json\/wp\/v2\/media\/41913"}],"wp:attachment":[{"href":"https:\/\/optimate1.com\/es\/wp-json\/wp\/v2\/media?parent=15941"}],"wp:term":[{"taxonomy":"product_brand","embeddable":true,"href":"https:\/\/optimate1.com\/es\/wp-json\/wp\/v2\/product_brand?post=15941"},{"taxonomy":"product_cat","embeddable":true,"href":"https:\/\/optimate1.com\/es\/wp-json\/wp\/v2\/product_cat?post=15941"},{"taxonomy":"product_tag","embeddable":true,"href":"https:\/\/optimate1.com\/es\/wp-json\/wp\/v2\/product_tag?post=15941"}],"curies":[{"name":"wp","href":"https:\/\/api.w.org\/{rel}","templated":true}]}}