{"id":16114,"date":"2020-03-06T05:10:38","date_gmt":"2020-03-06T10:10:38","guid":{"rendered":"https:\/\/optimate1.com\/?post_type=product&#038;p=16114"},"modified":"2024-04-04T04:29:08","modified_gmt":"2024-04-04T08:29:08","slug":"optimate-usb-o-105-cargador-dual-usb","status":"publish","type":"product","link":"https:\/\/optimate1.com\/es\/producto\/optimate-usb-o-105-cargador-dual-usb\/","title":{"rendered":"OptiMate USB O-105"},"content":{"rendered":"<h3 class=\"entry-summary hidden-phone\">El cargador port\u00e1til USB Dual de 3300\u00a0mA, con conector MOTOCICLETA de codo de 90\u00a0\u00ba que se adapta a su motocicleta BMW y Triumph<em> &#8211; La elecci\u00f3n popular de los conductores de BMW!<\/em><\/h3>\n<ul>\n<li><span style=\"color: #10069f;\"><b>Se conecta a una toma de 12\u00a0V DIN\/MOTOCICLETA de 12\u00a0mm de di\u00e1metro disponible en motocicletas BMW y Triumph.\u00a0<\/b><\/span><\/li>\n<li><span style=\"color: #10069f;\"><b>Carga dos dispositivos USB con una corriente de hasta 3300 mA disponible para compartir. <\/b><\/span><em><span style=\"color: #10069f;\"><b>&#8211; La corriente de carga se adapta a cada dispositivo conectado para una recarga segura.\u00a0<\/b><\/span><\/em><\/li>\n<li><span style=\"color: #10069f;\"><b>Se produce un sellado impermeable cuando el cable USB est\u00e1 insertado o el tap\u00f3n protege cuando no se usa el puerto USB<em> &#8211; Carga sin preocupaciones del tel\u00e9fono, c\u00e1mara o GPS en cualquier condici\u00f3n meteorol\u00f3gica.! <\/em><\/b><\/span><\/li>\n<li><span style=\"color: #10069f;\"><b>La protecci\u00f3n integrada desactiva la carga de USB y evita que la bater\u00eda LFP (LiFePO4) e AGM (Pb) del veh\u00edculo aparcado se vac\u00ede<em>. &#8211; Empieza a cargarse cuando el motor del veh\u00edculo arranca.\u00a0<\/em><\/b><\/span><\/li>\n<li><span style=\"color: #10069f;\"><b>Supervisa y muestra el estado de la bater\u00eda del veh\u00edculo aparcado &#8211;<em> Indica que la bater\u00eda est\u00e1 preparada para el arranque con solo parpadear un LED !<\/em><br \/>\n<\/b><\/span><\/li>\n<\/ul>\n<p class=\"p1\">\n","protected":false},"excerpt":{"rendered":"<h3><span style=\"color: #cd202c;\">Cargador USB inteligente doble de 3300\u00a0mA, con conector MOTOCICLETA\u00a0<\/span><\/h3>\n","protected":false},"featured_media":30163,"template":"","meta":[],"product_brand":[],"product_cat":[1323],"product_tag":[],"class_list":{"0":"post-16114","1":"product","2":"type-product","3":"status-publish","4":"has-post-thumbnail","6":"product_cat-usb-es","7":"pa_region-ca-es-2","8":"pa_region-eu-es-2","9":"pa_region-uk-es-2","10":"pa_region-us-es-2","11":"pa_special-use-2-x-usb-ports-es","12":"pa_special-use-bmw-motorad-triumph-es","13":"pa_special-use-auto-on-off-es","14":"pa_usb-product-usb-charger-es","15":"pa_vehicle-connection-socket-din-hella-es","16":"iside_usb_product-usb-charger-es","17":"iside_vehicle_connection-socket-din-hella-es","18":"iside_special_use-2-x-usb-ports-es","19":"iside_special_use-bmw-motorad-triumph-es","20":"iside_special_use-auto-on-off-es","21":"thunk-woo-product-list","22":"opn-qv-enable","23":"big-store-woo-hover-","24":"open-single-product-tab-horizontal","25":"open-shadow-","26":"open-shadow-hover-","28":"first","29":"instock","30":"featured","31":"shipping-taxable","32":"purchasable","33":"product-type-simple"},"yoast_head":"<!-- This site is optimized with the Yoast SEO plugin v27.2 - https:\/\/yoast.com\/product\/yoast-seo-wordpress\/ -->\n<title>OptiMate USB O-105 - OptiMate<\/title>\n<meta name=\"description\" content=\"El OptiMate USB O-105 es el cargador port\u00e1til USB Dual de 3300 mA, con conector MOTOCICLETA de codo de 90 \u00ba. M\u00e1s informaci\u00f3n.\" \/>\n<meta name=\"robots\" content=\"index, follow, max-snippet:-1, max-image-preview:large, max-video-preview:-1, noarchive\" \/>\n<link rel=\"canonical\" href=\"https:\/\/optimate1.com\/product\/usbo-105\/\" \/>\n<meta property=\"og:locale\" content=\"es_ES\" \/>\n<meta property=\"og:type\" content=\"article\" \/>\n<meta property=\"og:title\" content=\"OptiMate USB O-105 - OptiMate\" \/>\n<meta property=\"og:description\" content=\"El OptiMate USB O-105 es el cargador port\u00e1til USB Dual de 3300 mA, con conector MOTOCICLETA de codo de 90 \u00ba. M\u00e1s informaci\u00f3n.\" \/>\n<meta property=\"og:url\" content=\"https:\/\/optimate1.com\/product\/usbo-105\/\" \/>\n<meta property=\"og:site_name\" content=\"OptiMate\" \/>\n<meta property=\"article:publisher\" content=\"https:\/\/www.facebook.com\/OptiMatebatterysavingcharger\/\" \/>\n<meta property=\"article:modified_time\" content=\"2024-04-04T08:29:08+00:00\" \/>\n<meta property=\"og:image\" content=\"https:\/\/optimate1.com\/wp-content\/uploads\/2020\/03\/O105-1-es.png\" \/>\n\t<meta property=\"og:image:width\" content=\"1500\" \/>\n\t<meta property=\"og:image:height\" content=\"1500\" \/>\n\t<meta property=\"og:image:type\" content=\"image\/png\" \/>\n<meta name=\"twitter:card\" content=\"summary_large_image\" \/>\n<meta name=\"twitter:label1\" content=\"Tiempo de lectura\" \/>\n\t<meta name=\"twitter:data1\" content=\"1 minuto\" \/>\n<script type=\"application\/ld+json\" class=\"yoast-schema-graph\">{\"@context\":\"https:\/\/schema.org\",\"@graph\":[{\"@type\":\"WebPage\",\"@id\":\"https:\/\/optimate1.com\/product\/usbo-105\/\",\"url\":\"https:\/\/optimate1.com\/product\/usbo-105\/\",\"name\":\"OptiMate USB O-105 - OptiMate\",\"isPartOf\":{\"@id\":\"https:\/\/optimate1.com\/#website\"},\"primaryImageOfPage\":{\"@id\":\"https:\/\/optimate1.com\/product\/usbo-105\/#primaryimage\"},\"image\":{\"@id\":\"https:\/\/optimate1.com\/product\/usbo-105\/#primaryimage\"},\"thumbnailUrl\":\"https:\/\/optimate1.com\/wp-content\/uploads\/2020\/03\/O105-1-es.png\",\"datePublished\":\"2020-03-06T10:10:38+00:00\",\"dateModified\":\"2024-04-04T08:29:08+00:00\",\"description\":\"El OptiMate USB O-105 es el cargador port\u00e1til USB Dual de 3300 mA, con conector MOTOCICLETA de codo de 90 \u00ba. M\u00e1s informaci\u00f3n.\",\"breadcrumb\":{\"@id\":\"https:\/\/optimate1.com\/product\/usbo-105\/#breadcrumb\"},\"inLanguage\":\"es\",\"potentialAction\":[{\"@type\":\"ReadAction\",\"target\":[\"https:\/\/optimate1.com\/product\/usbo-105\/\"]}]},{\"@type\":\"ImageObject\",\"inLanguage\":\"es\",\"@id\":\"https:\/\/optimate1.com\/product\/usbo-105\/#primaryimage\",\"url\":\"https:\/\/optimate1.com\/wp-content\/uploads\/2020\/03\/O105-1-es.png\",\"contentUrl\":\"https:\/\/optimate1.com\/wp-content\/uploads\/2020\/03\/O105-1-es.png\",\"width\":1500,\"height\":1500,\"caption\":\"cargador dual usb imagen del producto\"},{\"@type\":\"BreadcrumbList\",\"@id\":\"https:\/\/optimate1.com\/product\/usbo-105\/#breadcrumb\",\"itemListElement\":[{\"@type\":\"ListItem\",\"position\":1,\"name\":\"Home\",\"item\":\"https:\/\/optimate1.com\/\"},{\"@type\":\"ListItem\",\"position\":2,\"name\":\"Productos\",\"item\":\"https:\/\/optimate1.com\/shop\/\"},{\"@type\":\"ListItem\",\"position\":3,\"name\":\"OptiMate USB O-105\"}]},{\"@type\":\"WebSite\",\"@id\":\"https:\/\/optimate1.com\/#website\",\"url\":\"https:\/\/optimate1.com\/\",\"name\":\"OptiMate\",\"description\":\"Battery Chargers &amp; Accessories\",\"publisher\":{\"@id\":\"https:\/\/optimate1.com\/#organization\"},\"potentialAction\":[{\"@type\":\"SearchAction\",\"target\":{\"@type\":\"EntryPoint\",\"urlTemplate\":\"https:\/\/optimate1.com\/?s={search_term_string}\"},\"query-input\":{\"@type\":\"PropertyValueSpecification\",\"valueRequired\":true,\"valueName\":\"search_term_string\"}}],\"inLanguage\":\"es\"},{\"@type\":\"Organization\",\"@id\":\"https:\/\/optimate1.com\/#organization\",\"name\":\"OptiMate\",\"url\":\"https:\/\/optimate1.com\/\",\"logo\":{\"@type\":\"ImageObject\",\"inLanguage\":\"es\",\"@id\":\"https:\/\/optimate1.com\/#\/schema\/logo\/image\/\",\"url\":\"https:\/\/optimate1.com\/wp-content\/uploads\/2021\/06\/optimate-hpbc-stacklogo.jpg\",\"contentUrl\":\"https:\/\/optimate1.com\/wp-content\/uploads\/2021\/06\/optimate-hpbc-stacklogo.jpg\",\"width\":1025,\"height\":529,\"caption\":\"OptiMate\"},\"image\":{\"@id\":\"https:\/\/optimate1.com\/#\/schema\/logo\/image\/\"},\"sameAs\":[\"https:\/\/www.facebook.com\/OptiMatebatterysavingcharger\/\"]}]}<\/script>\n<!-- \/ Yoast SEO plugin. -->","yoast_head_json":{"title":"OptiMate USB O-105 - OptiMate","description":"El OptiMate USB O-105 es el cargador port\u00e1til USB Dual de 3300 mA, con conector MOTOCICLETA de codo de 90 \u00ba. M\u00e1s informaci\u00f3n.","robots":{"index":"index","follow":"follow","max-snippet":"max-snippet:-1","max-image-preview":"max-image-preview:large","max-video-preview":"max-video-preview:-1","archive":"noarchive"},"canonical":"https:\/\/optimate1.com\/product\/usbo-105\/","og_locale":"es_ES","og_type":"article","og_title":"OptiMate USB O-105 - OptiMate","og_description":"El OptiMate USB O-105 es el cargador port\u00e1til USB Dual de 3300 mA, con conector MOTOCICLETA de codo de 90 \u00ba. M\u00e1s informaci\u00f3n.","og_url":"https:\/\/optimate1.com\/product\/usbo-105\/","og_site_name":"OptiMate","article_publisher":"https:\/\/www.facebook.com\/OptiMatebatterysavingcharger\/","article_modified_time":"2024-04-04T08:29:08+00:00","og_image":[{"width":1500,"height":1500,"url":"https:\/\/optimate1.com\/wp-content\/uploads\/2020\/03\/O105-1-es.png","type":"image\/png"}],"twitter_card":"summary_large_image","twitter_misc":{"Tiempo de lectura":"1 minuto"},"schema":{"@context":"https:\/\/schema.org","@graph":[{"@type":"WebPage","@id":"https:\/\/optimate1.com\/product\/usbo-105\/","url":"https:\/\/optimate1.com\/product\/usbo-105\/","name":"OptiMate USB O-105 - OptiMate","isPartOf":{"@id":"https:\/\/optimate1.com\/#website"},"primaryImageOfPage":{"@id":"https:\/\/optimate1.com\/product\/usbo-105\/#primaryimage"},"image":{"@id":"https:\/\/optimate1.com\/product\/usbo-105\/#primaryimage"},"thumbnailUrl":"https:\/\/optimate1.com\/wp-content\/uploads\/2020\/03\/O105-1-es.png","datePublished":"2020-03-06T10:10:38+00:00","dateModified":"2024-04-04T08:29:08+00:00","description":"El OptiMate USB O-105 es el cargador port\u00e1til USB Dual de 3300 mA, con conector MOTOCICLETA de codo de 90 \u00ba. M\u00e1s informaci\u00f3n.","breadcrumb":{"@id":"https:\/\/optimate1.com\/product\/usbo-105\/#breadcrumb"},"inLanguage":"es","potentialAction":[{"@type":"ReadAction","target":["https:\/\/optimate1.com\/product\/usbo-105\/"]}]},{"@type":"ImageObject","inLanguage":"es","@id":"https:\/\/optimate1.com\/product\/usbo-105\/#primaryimage","url":"https:\/\/optimate1.com\/wp-content\/uploads\/2020\/03\/O105-1-es.png","contentUrl":"https:\/\/optimate1.com\/wp-content\/uploads\/2020\/03\/O105-1-es.png","width":1500,"height":1500,"caption":"cargador dual usb imagen del producto"},{"@type":"BreadcrumbList","@id":"https:\/\/optimate1.com\/product\/usbo-105\/#breadcrumb","itemListElement":[{"@type":"ListItem","position":1,"name":"Home","item":"https:\/\/optimate1.com\/"},{"@type":"ListItem","position":2,"name":"Productos","item":"https:\/\/optimate1.com\/shop\/"},{"@type":"ListItem","position":3,"name":"OptiMate USB O-105"}]},{"@type":"WebSite","@id":"https:\/\/optimate1.com\/#website","url":"https:\/\/optimate1.com\/","name":"OptiMate","description":"Battery Chargers &amp; Accessories","publisher":{"@id":"https:\/\/optimate1.com\/#organization"},"potentialAction":[{"@type":"SearchAction","target":{"@type":"EntryPoint","urlTemplate":"https:\/\/optimate1.com\/?s={search_term_string}"},"query-input":{"@type":"PropertyValueSpecification","valueRequired":true,"valueName":"search_term_string"}}],"inLanguage":"es"},{"@type":"Organization","@id":"https:\/\/optimate1.com\/#organization","name":"OptiMate","url":"https:\/\/optimate1.com\/","logo":{"@type":"ImageObject","inLanguage":"es","@id":"https:\/\/optimate1.com\/#\/schema\/logo\/image\/","url":"https:\/\/optimate1.com\/wp-content\/uploads\/2021\/06\/optimate-hpbc-stacklogo.jpg","contentUrl":"https:\/\/optimate1.com\/wp-content\/uploads\/2021\/06\/optimate-hpbc-stacklogo.jpg","width":1025,"height":529,"caption":"OptiMate"},"image":{"@id":"https:\/\/optimate1.com\/#\/schema\/logo\/image\/"},"sameAs":["https:\/\/www.facebook.com\/OptiMatebatterysavingcharger\/"]}]}},"_links":{"self":[{"href":"https:\/\/optimate1.com\/es\/wp-json\/wp\/v2\/product\/16114","targetHints":{"allow":["GET"]}}],"collection":[{"href":"https:\/\/optimate1.com\/es\/wp-json\/wp\/v2\/product"}],"about":[{"href":"https:\/\/optimate1.com\/es\/wp-json\/wp\/v2\/types\/product"}],"wp:featuredmedia":[{"embeddable":true,"href":"https:\/\/optimate1.com\/es\/wp-json\/wp\/v2\/media\/30163"}],"wp:attachment":[{"href":"https:\/\/optimate1.com\/es\/wp-json\/wp\/v2\/media?parent=16114"}],"wp:term":[{"taxonomy":"product_brand","embeddable":true,"href":"https:\/\/optimate1.com\/es\/wp-json\/wp\/v2\/product_brand?post=16114"},{"taxonomy":"product_cat","embeddable":true,"href":"https:\/\/optimate1.com\/es\/wp-json\/wp\/v2\/product_cat?post=16114"},{"taxonomy":"product_tag","embeddable":true,"href":"https:\/\/optimate1.com\/es\/wp-json\/wp\/v2\/product_tag?post=16114"}],"curies":[{"name":"wp","href":"https:\/\/api.w.org\/{rel}","templated":true}]}}