{"id":18349,"date":"2020-05-12T01:45:29","date_gmt":"2020-05-12T05:45:29","guid":{"rendered":"https:\/\/optimate1.com\/?post_type=product&#038;p=18349"},"modified":"2020-05-12T05:35:51","modified_gmt":"2020-05-12T09:35:51","slug":"optimate-lithium-4s-9-5a-copy-2","status":"publish","type":"product","link":"https:\/\/optimate1.com\/es\/producto\/optimate-lithium-4s-9-5a-copy-2\/","title":{"rendered":"OptiMate Lithium 4s 9.5A (2019)"},"content":{"rendered":"<h3>OptiMate Lithium 4s 9.5A, el cargador profesional m\u00e1s r\u00e1pido para bater\u00edas de 12.8 y 13.2\u00a0V LiFeP04\/LFP en sus motocicletas de alto rendimiento\/de carreras, coches o embarcaciones, con modo TUNE para realizar diagn\u00f3sticos o programar actualizaciones<em> &#8211; El cargador \u00fanico Lithium para los propietarios de coches de carreras!<\/em><\/h3>\n<ul>\n<li><span style=\"color: #10069f;\"><b>Cargue, pruebe y mantenga de forma autom\u00e1tica y segura su bater\u00eda de arranque o de ciclo profundo de 12.8 o 13.2\u00a0V LiFePO4\/LFP como se especifica<em> &#8211; Carga de acuerdo con el programa SafeT en caso de temperaturas bajo cero.\u00a0<\/em><\/b><\/span><\/li>\n<li><span style=\"color: #10069f;\"><b>El control de carga de Ampmatic para Lithium ajusta la corriente para que adaptarla al tama\u00f1o y estado de la bater\u00eda<em> &#8211; Las bater\u00edas peque\u00f1as reciben menos; las mayores, m\u00e1s.<\/em><\/b><\/span><\/li>\n<li><span style=\"color: #10069f;\"><b>El modo de recuperaci\u00f3n m\u00e1s avanzado de Lithium recuperar\u00e1 la bater\u00eda con tan solo 0.5\u00a0V &#8211; <em>Sigue cargando si la bater\u00eda est\u00e1 en buen estado; se detiene y avisa si est\u00e1 defectuosa!<\/em><\/b><\/span><\/li>\n<li><span style=\"color: #10069f;\"><b><em>El modo de reinicio BMS activado por bot\u00f3n reinicia de forma segura la bater\u00eda en caso de estar en modo de reposo o de baja descarga.\u00a0<\/em><\/b><\/span><\/li>\n<li><span style=\"color: #10069f;\"><b>El modo TUNE proporciona una alimentaci\u00f3n estable de 13,6\u00a0V para dar soporte a la bater\u00eda durante la reactivaci\u00f3n, reprogramaci\u00f3n y resoluci\u00f3n de problemas.<\/b><\/span><\/li>\n<li><span style=\"color: #10069f;\"><b>El mantenimiento inteligente interactivo 24\/7 de OptiMate Lithium evita la descarga de circuitos conectados y garantiza m\u00e1s potencia y una mayor vida \u00fatil de la bater\u00eda.<br \/>\n<\/b><\/span><\/li>\n<\/ul>\n<p>&nbsp;<\/p>\n","protected":false},"excerpt":{"rendered":"<h3><span style=\"color: #cd202c;\">Cargador-mantenedor con modo de recuperaci\u00f3n para bater\u00edas selladas de 12.8V y 9.5A en 10 fases<\/span><\/h3>\n","protected":false},"featured_media":4534,"template":"","meta":[],"product_brand":[],"product_cat":[2255,2251],"product_tag":[],"class_list":{"0":"post-18349","1":"product","2":"type-product","3":"status-publish","4":"has-post-thumbnail","6":"product_cat-marine-chargers-es","7":"product_cat-marine-es","8":"pa_charge-battery-chemistry-li-lifepo4-lfp-lithium-es","9":"pa_charge-battery-more-auto-caravana","10":"pa_charge-battery-more-12v-es","11":"pa_charge-battery-more-avion-luz","12":"pa_charge-battery-more-bote-motos-acuaticas","13":"pa_charge-battery-more-ciclo-profundo-industrial","14":"pa_charge-battery-more-coche-camioneta","15":"pa_power-ac-100-240vac-es","16":"pa_product-group-optimate-4-es","17":"pa_product-group-optimate-lithium-es","18":"pa_region-ca-es-2","19":"pa_region-eu-es-2","20":"pa_region-uk-es-2","21":"pa_region-us-es-2","22":"iside_vehicle-aviacion-es","23":"iside_vehicle-coche-de-alto-rendimiento-coche-de-carreras","24":"iside_vehicle-marine-es","25":"iside_vehicle-rv-caravan-es","26":"thunk-woo-product-list","27":"opn-qv-enable","28":"big-store-woo-hover-","29":"open-single-product-tab-horizontal","30":"open-shadow-","31":"open-shadow-hover-","33":"first","34":"outofstock","35":"shipping-taxable","36":"product-type-variable"},"yoast_head":"<!-- This site is optimized with the Yoast SEO plugin v27.2 - https:\/\/yoast.com\/product\/yoast-seo-wordpress\/ -->\n<title>OptiMate Lithium 4s 9.5A (2019) - OptiMate<\/title>\n<meta name=\"robots\" content=\"index, follow, max-snippet:-1, max-image-preview:large, max-video-preview:-1\" \/>\n<link rel=\"canonical\" href=\"https:\/\/optimate1.com\/product\/optimate-lithium-4s-9-5a-2019\/\" \/>\n<meta property=\"og:locale\" content=\"es_ES\" \/>\n<meta property=\"og:type\" content=\"article\" \/>\n<meta property=\"og:title\" content=\"OptiMate Lithium 4s 9.5A (2019) - OptiMate\" \/>\n<meta property=\"og:description\" content=\"Cargador-mantenedor con modo de recuperaci\u00f3n para bater\u00edas selladas de 12.8V y 9.5A en 10 fases\" \/>\n<meta property=\"og:url\" content=\"https:\/\/optimate1.com\/product\/optimate-lithium-4s-9-5a-2019\/\" \/>\n<meta property=\"og:site_name\" content=\"OptiMate\" \/>\n<meta property=\"article:publisher\" content=\"https:\/\/www.facebook.com\/OptiMatebatterysavingcharger\/\" \/>\n<meta property=\"article:modified_time\" content=\"2020-05-12T09:35:51+00:00\" \/>\n<meta property=\"og:image\" content=\"https:\/\/optimate1.com\/wp-content\/uploads\/2019\/06\/OptiMate-Lithium-4s-9.5A-TM274275-5.png\" \/>\n\t<meta property=\"og:image:width\" content=\"900\" \/>\n\t<meta property=\"og:image:height\" content=\"900\" \/>\n\t<meta property=\"og:image:type\" content=\"image\/png\" \/>\n<meta name=\"twitter:card\" content=\"summary_large_image\" \/>\n<meta name=\"twitter:label1\" content=\"Tiempo de lectura\" \/>\n\t<meta name=\"twitter:data1\" content=\"1 minuto\" \/>\n<script type=\"application\/ld+json\" class=\"yoast-schema-graph\">{\"@context\":\"https:\/\/schema.org\",\"@graph\":[{\"@type\":\"WebPage\",\"@id\":\"https:\/\/optimate1.com\/product\/optimate-lithium-4s-9-5a-2019\/\",\"url\":\"https:\/\/optimate1.com\/product\/optimate-lithium-4s-9-5a-2019\/\",\"name\":\"OptiMate Lithium 4s 9.5A (2019) - OptiMate\",\"isPartOf\":{\"@id\":\"https:\/\/optimate1.com\/#website\"},\"primaryImageOfPage\":{\"@id\":\"https:\/\/optimate1.com\/product\/optimate-lithium-4s-9-5a-2019\/#primaryimage\"},\"image\":{\"@id\":\"https:\/\/optimate1.com\/product\/optimate-lithium-4s-9-5a-2019\/#primaryimage\"},\"thumbnailUrl\":\"https:\/\/optimate1.com\/wp-content\/uploads\/2019\/06\/OptiMate-Lithium-4s-9.5A-TM274275-5.png\",\"datePublished\":\"2020-05-12T05:45:29+00:00\",\"dateModified\":\"2020-05-12T09:35:51+00:00\",\"breadcrumb\":{\"@id\":\"https:\/\/optimate1.com\/product\/optimate-lithium-4s-9-5a-2019\/#breadcrumb\"},\"inLanguage\":\"es\",\"potentialAction\":[{\"@type\":\"ReadAction\",\"target\":[\"https:\/\/optimate1.com\/product\/optimate-lithium-4s-9-5a-2019\/\"]}]},{\"@type\":\"ImageObject\",\"inLanguage\":\"es\",\"@id\":\"https:\/\/optimate1.com\/product\/optimate-lithium-4s-9-5a-2019\/#primaryimage\",\"url\":\"https:\/\/optimate1.com\/wp-content\/uploads\/2019\/06\/OptiMate-Lithium-4s-9.5A-TM274275-5.png\",\"contentUrl\":\"https:\/\/optimate1.com\/wp-content\/uploads\/2019\/06\/OptiMate-Lithium-4s-9.5A-TM274275-5.png\",\"width\":900,\"height\":900},{\"@type\":\"BreadcrumbList\",\"@id\":\"https:\/\/optimate1.com\/product\/optimate-lithium-4s-9-5a-2019\/#breadcrumb\",\"itemListElement\":[{\"@type\":\"ListItem\",\"position\":1,\"name\":\"Home\",\"item\":\"https:\/\/optimate1.com\/\"},{\"@type\":\"ListItem\",\"position\":2,\"name\":\"Productos\",\"item\":\"https:\/\/optimate1.com\/shop\/\"},{\"@type\":\"ListItem\",\"position\":3,\"name\":\"OptiMate Lithium 4s 9.5A (2019)\"}]},{\"@type\":\"WebSite\",\"@id\":\"https:\/\/optimate1.com\/#website\",\"url\":\"https:\/\/optimate1.com\/\",\"name\":\"OptiMate\",\"description\":\"Battery Chargers &amp; Accessories\",\"publisher\":{\"@id\":\"https:\/\/optimate1.com\/#organization\"},\"potentialAction\":[{\"@type\":\"SearchAction\",\"target\":{\"@type\":\"EntryPoint\",\"urlTemplate\":\"https:\/\/optimate1.com\/?s={search_term_string}\"},\"query-input\":{\"@type\":\"PropertyValueSpecification\",\"valueRequired\":true,\"valueName\":\"search_term_string\"}}],\"inLanguage\":\"es\"},{\"@type\":\"Organization\",\"@id\":\"https:\/\/optimate1.com\/#organization\",\"name\":\"OptiMate\",\"url\":\"https:\/\/optimate1.com\/\",\"logo\":{\"@type\":\"ImageObject\",\"inLanguage\":\"es\",\"@id\":\"https:\/\/optimate1.com\/#\/schema\/logo\/image\/\",\"url\":\"https:\/\/optimate1.com\/wp-content\/uploads\/2021\/06\/optimate-hpbc-stacklogo.jpg\",\"contentUrl\":\"https:\/\/optimate1.com\/wp-content\/uploads\/2021\/06\/optimate-hpbc-stacklogo.jpg\",\"width\":1025,\"height\":529,\"caption\":\"OptiMate\"},\"image\":{\"@id\":\"https:\/\/optimate1.com\/#\/schema\/logo\/image\/\"},\"sameAs\":[\"https:\/\/www.facebook.com\/OptiMatebatterysavingcharger\/\"]}]}<\/script>\n<!-- \/ Yoast SEO plugin. -->","yoast_head_json":{"title":"OptiMate Lithium 4s 9.5A (2019) - OptiMate","robots":{"index":"index","follow":"follow","max-snippet":"max-snippet:-1","max-image-preview":"max-image-preview:large","max-video-preview":"max-video-preview:-1"},"canonical":"https:\/\/optimate1.com\/product\/optimate-lithium-4s-9-5a-2019\/","og_locale":"es_ES","og_type":"article","og_title":"OptiMate Lithium 4s 9.5A (2019) - OptiMate","og_description":"Cargador-mantenedor con modo de recuperaci\u00f3n para bater\u00edas selladas de 12.8V y 9.5A en 10 fases","og_url":"https:\/\/optimate1.com\/product\/optimate-lithium-4s-9-5a-2019\/","og_site_name":"OptiMate","article_publisher":"https:\/\/www.facebook.com\/OptiMatebatterysavingcharger\/","article_modified_time":"2020-05-12T09:35:51+00:00","og_image":[{"width":900,"height":900,"url":"https:\/\/optimate1.com\/wp-content\/uploads\/2019\/06\/OptiMate-Lithium-4s-9.5A-TM274275-5.png","type":"image\/png"}],"twitter_card":"summary_large_image","twitter_misc":{"Tiempo de lectura":"1 minuto"},"schema":{"@context":"https:\/\/schema.org","@graph":[{"@type":"WebPage","@id":"https:\/\/optimate1.com\/product\/optimate-lithium-4s-9-5a-2019\/","url":"https:\/\/optimate1.com\/product\/optimate-lithium-4s-9-5a-2019\/","name":"OptiMate Lithium 4s 9.5A (2019) - OptiMate","isPartOf":{"@id":"https:\/\/optimate1.com\/#website"},"primaryImageOfPage":{"@id":"https:\/\/optimate1.com\/product\/optimate-lithium-4s-9-5a-2019\/#primaryimage"},"image":{"@id":"https:\/\/optimate1.com\/product\/optimate-lithium-4s-9-5a-2019\/#primaryimage"},"thumbnailUrl":"https:\/\/optimate1.com\/wp-content\/uploads\/2019\/06\/OptiMate-Lithium-4s-9.5A-TM274275-5.png","datePublished":"2020-05-12T05:45:29+00:00","dateModified":"2020-05-12T09:35:51+00:00","breadcrumb":{"@id":"https:\/\/optimate1.com\/product\/optimate-lithium-4s-9-5a-2019\/#breadcrumb"},"inLanguage":"es","potentialAction":[{"@type":"ReadAction","target":["https:\/\/optimate1.com\/product\/optimate-lithium-4s-9-5a-2019\/"]}]},{"@type":"ImageObject","inLanguage":"es","@id":"https:\/\/optimate1.com\/product\/optimate-lithium-4s-9-5a-2019\/#primaryimage","url":"https:\/\/optimate1.com\/wp-content\/uploads\/2019\/06\/OptiMate-Lithium-4s-9.5A-TM274275-5.png","contentUrl":"https:\/\/optimate1.com\/wp-content\/uploads\/2019\/06\/OptiMate-Lithium-4s-9.5A-TM274275-5.png","width":900,"height":900},{"@type":"BreadcrumbList","@id":"https:\/\/optimate1.com\/product\/optimate-lithium-4s-9-5a-2019\/#breadcrumb","itemListElement":[{"@type":"ListItem","position":1,"name":"Home","item":"https:\/\/optimate1.com\/"},{"@type":"ListItem","position":2,"name":"Productos","item":"https:\/\/optimate1.com\/shop\/"},{"@type":"ListItem","position":3,"name":"OptiMate Lithium 4s 9.5A (2019)"}]},{"@type":"WebSite","@id":"https:\/\/optimate1.com\/#website","url":"https:\/\/optimate1.com\/","name":"OptiMate","description":"Battery Chargers &amp; Accessories","publisher":{"@id":"https:\/\/optimate1.com\/#organization"},"potentialAction":[{"@type":"SearchAction","target":{"@type":"EntryPoint","urlTemplate":"https:\/\/optimate1.com\/?s={search_term_string}"},"query-input":{"@type":"PropertyValueSpecification","valueRequired":true,"valueName":"search_term_string"}}],"inLanguage":"es"},{"@type":"Organization","@id":"https:\/\/optimate1.com\/#organization","name":"OptiMate","url":"https:\/\/optimate1.com\/","logo":{"@type":"ImageObject","inLanguage":"es","@id":"https:\/\/optimate1.com\/#\/schema\/logo\/image\/","url":"https:\/\/optimate1.com\/wp-content\/uploads\/2021\/06\/optimate-hpbc-stacklogo.jpg","contentUrl":"https:\/\/optimate1.com\/wp-content\/uploads\/2021\/06\/optimate-hpbc-stacklogo.jpg","width":1025,"height":529,"caption":"OptiMate"},"image":{"@id":"https:\/\/optimate1.com\/#\/schema\/logo\/image\/"},"sameAs":["https:\/\/www.facebook.com\/OptiMatebatterysavingcharger\/"]}]}},"_links":{"self":[{"href":"https:\/\/optimate1.com\/es\/wp-json\/wp\/v2\/product\/18349","targetHints":{"allow":["GET"]}}],"collection":[{"href":"https:\/\/optimate1.com\/es\/wp-json\/wp\/v2\/product"}],"about":[{"href":"https:\/\/optimate1.com\/es\/wp-json\/wp\/v2\/types\/product"}],"wp:featuredmedia":[{"embeddable":true,"href":"https:\/\/optimate1.com\/es\/wp-json\/wp\/v2\/media\/4534"}],"wp:attachment":[{"href":"https:\/\/optimate1.com\/es\/wp-json\/wp\/v2\/media?parent=18349"}],"wp:term":[{"taxonomy":"product_brand","embeddable":true,"href":"https:\/\/optimate1.com\/es\/wp-json\/wp\/v2\/product_brand?post=18349"},{"taxonomy":"product_cat","embeddable":true,"href":"https:\/\/optimate1.com\/es\/wp-json\/wp\/v2\/product_cat?post=18349"},{"taxonomy":"product_tag","embeddable":true,"href":"https:\/\/optimate1.com\/es\/wp-json\/wp\/v2\/product_tag?post=18349"}],"curies":[{"name":"wp","href":"https:\/\/api.w.org\/{rel}","templated":true}]}}