{"id":20122,"date":"2020-05-14T05:31:39","date_gmt":"2020-05-14T09:31:39","guid":{"rendered":"https:\/\/optimate1.com\/product\/suction-mounts-es\/"},"modified":"2021-01-28T10:02:30","modified_gmt":"2021-01-28T15:02:30","slug":"suction-mounts-es","status":"publish","type":"product","link":"https:\/\/optimate1.com\/es\/producto\/suction-mounts-es\/","title":{"rendered":"OptiMate Solar Suction Mounts (X4)"},"content":{"rendered":"<h3>Los soportes con ventosa sujetan el panel de forma segura tanto en el interior como en el exterior de una ventana.<\/h3>\n<ul>\n<li><strong><span style=\"color: #10069f;\">Kit de soportes con ventosa de silicona transparente (x4) ideal para instalar los paneles solares de OptiMate Solar de 10W y 20W en el interior o exterior de una ventana fija de coche o cami\u00f3n, o una ventana de almac\u00e9n o garaje, con el fin de obtener un mantenimiento seguro y sencillo de la bater\u00eda en todo momento.<\/span><\/strong><\/li>\n<li><strong><span style=\"color: #10069f;\">NOTA: No es adecuado para instalar un panel solar en el exterior de un veh\u00edculo en movimiento.<\/span><\/strong><\/li>\n<\/ul>\n<p>&nbsp;<\/p>\n<p>&nbsp;<\/p>\n","protected":false},"excerpt":{"rendered":"<p>Los soportes con ventosa sujetan el panel de forma segura tanto en el interior como en el exterior de una ventana. Kit de soportes con ventosa de silicona transparente (x4) ideal para instalar los paneles solares de OptiMate Solar de 10W y 20W en el interior o exterior de una ventana fija de coche o &hellip;<\/p>\n<p class=\"read-more\"> <a class=\" thunk-readmore button \" href=\"https:\/\/optimate1.com\/es\/producto\/suction-mounts-es\/\"> <span class=\"screen-reader-text\">OptiMate Solar Suction Mounts (X4)<\/span>Leer m\u00e1s<\/a><\/p>\n","protected":false},"featured_media":18380,"template":"","meta":[],"product_brand":[],"product_cat":[1273],"product_tag":[],"class_list":{"0":"post-20122","1":"product","2":"type-product","3":"status-publish","4":"has-post-thumbnail","6":"product_cat-ware-es","7":"pa_region-ca-es-2","8":"pa_region-eu-es-2","9":"pa_region-uk-es-2","10":"pa_region-us-es-2","11":"thunk-woo-product-list","12":"opn-qv-enable","13":"big-store-woo-hover-","14":"open-single-product-tab-horizontal","15":"open-shadow-","16":"open-shadow-hover-","18":"first","19":"instock","20":"featured","21":"shipping-taxable","22":"purchasable","23":"product-type-simple"},"yoast_head":"<!-- This site is optimized with the Yoast SEO plugin v27.2 - https:\/\/yoast.com\/product\/yoast-seo-wordpress\/ -->\n<title>OptiMate Solar Suction Mounts (X4) - OptiMate<\/title>\n<meta name=\"robots\" content=\"index, follow, max-snippet:-1, max-image-preview:large, max-video-preview:-1\" \/>\n<link rel=\"canonical\" href=\"https:\/\/optimate1.com\/product\/optimate-kickstand-puck-copy\/\" \/>\n<meta property=\"og:locale\" content=\"es_ES\" \/>\n<meta property=\"og:type\" content=\"article\" \/>\n<meta property=\"og:title\" content=\"OptiMate Solar Suction Mounts (X4) - OptiMate\" \/>\n<meta property=\"og:description\" content=\"Los soportes con ventosa sujetan el panel de forma segura tanto en el interior como en el exterior de una ventana. Kit de soportes con ventosa de silicona transparente (x4) ideal para instalar los paneles solares de OptiMate Solar de 10W y 20W en el interior o exterior de una ventana fija de coche o &hellip; OptiMate Solar Suction Mounts (X4)Leer m\u00e1s\" \/>\n<meta property=\"og:url\" content=\"https:\/\/optimate1.com\/product\/optimate-kickstand-puck-copy\/\" \/>\n<meta property=\"og:site_name\" content=\"OptiMate\" \/>\n<meta property=\"article:publisher\" content=\"https:\/\/www.facebook.com\/OptiMatebatterysavingcharger\/\" \/>\n<meta property=\"article:modified_time\" content=\"2021-01-28T15:02:30+00:00\" \/>\n<meta property=\"og:image\" content=\"https:\/\/optimate1.com\/wp-content\/uploads\/2020\/05\/OptiMate-Solar-Suction-Mounts-TS253-1.jpg\" \/>\n\t<meta property=\"og:image:width\" content=\"900\" \/>\n\t<meta property=\"og:image:height\" content=\"900\" \/>\n\t<meta property=\"og:image:type\" content=\"image\/jpeg\" \/>\n<meta name=\"twitter:card\" content=\"summary_large_image\" \/>\n<meta name=\"twitter:label1\" content=\"Tiempo de lectura\" \/>\n\t<meta name=\"twitter:data1\" content=\"1 minuto\" \/>\n<script type=\"application\/ld+json\" class=\"yoast-schema-graph\">{\"@context\":\"https:\/\/schema.org\",\"@graph\":[{\"@type\":\"WebPage\",\"@id\":\"https:\/\/optimate1.com\/product\/optimate-kickstand-puck-copy\/\",\"url\":\"https:\/\/optimate1.com\/product\/optimate-kickstand-puck-copy\/\",\"name\":\"OptiMate Solar Suction Mounts (X4) - OptiMate\",\"isPartOf\":{\"@id\":\"https:\/\/optimate1.com\/#website\"},\"primaryImageOfPage\":{\"@id\":\"https:\/\/optimate1.com\/product\/optimate-kickstand-puck-copy\/#primaryimage\"},\"image\":{\"@id\":\"https:\/\/optimate1.com\/product\/optimate-kickstand-puck-copy\/#primaryimage\"},\"thumbnailUrl\":\"https:\/\/optimate1.com\/wp-content\/uploads\/2020\/05\/OptiMate-Solar-Suction-Mounts-TS253-1.jpg\",\"datePublished\":\"2020-05-14T09:31:39+00:00\",\"dateModified\":\"2021-01-28T15:02:30+00:00\",\"breadcrumb\":{\"@id\":\"https:\/\/optimate1.com\/product\/optimate-kickstand-puck-copy\/#breadcrumb\"},\"inLanguage\":\"es\",\"potentialAction\":[{\"@type\":\"ReadAction\",\"target\":[\"https:\/\/optimate1.com\/product\/optimate-kickstand-puck-copy\/\"]}]},{\"@type\":\"ImageObject\",\"inLanguage\":\"es\",\"@id\":\"https:\/\/optimate1.com\/product\/optimate-kickstand-puck-copy\/#primaryimage\",\"url\":\"https:\/\/optimate1.com\/wp-content\/uploads\/2020\/05\/OptiMate-Solar-Suction-Mounts-TS253-1.jpg\",\"contentUrl\":\"https:\/\/optimate1.com\/wp-content\/uploads\/2020\/05\/OptiMate-Solar-Suction-Mounts-TS253-1.jpg\",\"width\":900,\"height\":900},{\"@type\":\"BreadcrumbList\",\"@id\":\"https:\/\/optimate1.com\/product\/optimate-kickstand-puck-copy\/#breadcrumb\",\"itemListElement\":[{\"@type\":\"ListItem\",\"position\":1,\"name\":\"Home\",\"item\":\"https:\/\/optimate1.com\/\"},{\"@type\":\"ListItem\",\"position\":2,\"name\":\"Productos\",\"item\":\"https:\/\/optimate1.com\/shop\/\"},{\"@type\":\"ListItem\",\"position\":3,\"name\":\"OptiMate Solar Suction Mounts (X4)\"}]},{\"@type\":\"WebSite\",\"@id\":\"https:\/\/optimate1.com\/#website\",\"url\":\"https:\/\/optimate1.com\/\",\"name\":\"OptiMate\",\"description\":\"Battery Chargers &amp; Accessories\",\"publisher\":{\"@id\":\"https:\/\/optimate1.com\/#organization\"},\"potentialAction\":[{\"@type\":\"SearchAction\",\"target\":{\"@type\":\"EntryPoint\",\"urlTemplate\":\"https:\/\/optimate1.com\/?s={search_term_string}\"},\"query-input\":{\"@type\":\"PropertyValueSpecification\",\"valueRequired\":true,\"valueName\":\"search_term_string\"}}],\"inLanguage\":\"es\"},{\"@type\":\"Organization\",\"@id\":\"https:\/\/optimate1.com\/#organization\",\"name\":\"OptiMate\",\"url\":\"https:\/\/optimate1.com\/\",\"logo\":{\"@type\":\"ImageObject\",\"inLanguage\":\"es\",\"@id\":\"https:\/\/optimate1.com\/#\/schema\/logo\/image\/\",\"url\":\"https:\/\/optimate1.com\/wp-content\/uploads\/2021\/06\/optimate-hpbc-stacklogo.jpg\",\"contentUrl\":\"https:\/\/optimate1.com\/wp-content\/uploads\/2021\/06\/optimate-hpbc-stacklogo.jpg\",\"width\":1025,\"height\":529,\"caption\":\"OptiMate\"},\"image\":{\"@id\":\"https:\/\/optimate1.com\/#\/schema\/logo\/image\/\"},\"sameAs\":[\"https:\/\/www.facebook.com\/OptiMatebatterysavingcharger\/\"]}]}<\/script>\n<!-- \/ Yoast SEO plugin. -->","yoast_head_json":{"title":"OptiMate Solar Suction Mounts (X4) - OptiMate","robots":{"index":"index","follow":"follow","max-snippet":"max-snippet:-1","max-image-preview":"max-image-preview:large","max-video-preview":"max-video-preview:-1"},"canonical":"https:\/\/optimate1.com\/product\/optimate-kickstand-puck-copy\/","og_locale":"es_ES","og_type":"article","og_title":"OptiMate Solar Suction Mounts (X4) - OptiMate","og_description":"Los soportes con ventosa sujetan el panel de forma segura tanto en el interior como en el exterior de una ventana. Kit de soportes con ventosa de silicona transparente (x4) ideal para instalar los paneles solares de OptiMate Solar de 10W y 20W en el interior o exterior de una ventana fija de coche o &hellip; OptiMate Solar Suction Mounts (X4)Leer m\u00e1s","og_url":"https:\/\/optimate1.com\/product\/optimate-kickstand-puck-copy\/","og_site_name":"OptiMate","article_publisher":"https:\/\/www.facebook.com\/OptiMatebatterysavingcharger\/","article_modified_time":"2021-01-28T15:02:30+00:00","og_image":[{"width":900,"height":900,"url":"https:\/\/optimate1.com\/wp-content\/uploads\/2020\/05\/OptiMate-Solar-Suction-Mounts-TS253-1.jpg","type":"image\/jpeg"}],"twitter_card":"summary_large_image","twitter_misc":{"Tiempo de lectura":"1 minuto"},"schema":{"@context":"https:\/\/schema.org","@graph":[{"@type":"WebPage","@id":"https:\/\/optimate1.com\/product\/optimate-kickstand-puck-copy\/","url":"https:\/\/optimate1.com\/product\/optimate-kickstand-puck-copy\/","name":"OptiMate Solar Suction Mounts (X4) - OptiMate","isPartOf":{"@id":"https:\/\/optimate1.com\/#website"},"primaryImageOfPage":{"@id":"https:\/\/optimate1.com\/product\/optimate-kickstand-puck-copy\/#primaryimage"},"image":{"@id":"https:\/\/optimate1.com\/product\/optimate-kickstand-puck-copy\/#primaryimage"},"thumbnailUrl":"https:\/\/optimate1.com\/wp-content\/uploads\/2020\/05\/OptiMate-Solar-Suction-Mounts-TS253-1.jpg","datePublished":"2020-05-14T09:31:39+00:00","dateModified":"2021-01-28T15:02:30+00:00","breadcrumb":{"@id":"https:\/\/optimate1.com\/product\/optimate-kickstand-puck-copy\/#breadcrumb"},"inLanguage":"es","potentialAction":[{"@type":"ReadAction","target":["https:\/\/optimate1.com\/product\/optimate-kickstand-puck-copy\/"]}]},{"@type":"ImageObject","inLanguage":"es","@id":"https:\/\/optimate1.com\/product\/optimate-kickstand-puck-copy\/#primaryimage","url":"https:\/\/optimate1.com\/wp-content\/uploads\/2020\/05\/OptiMate-Solar-Suction-Mounts-TS253-1.jpg","contentUrl":"https:\/\/optimate1.com\/wp-content\/uploads\/2020\/05\/OptiMate-Solar-Suction-Mounts-TS253-1.jpg","width":900,"height":900},{"@type":"BreadcrumbList","@id":"https:\/\/optimate1.com\/product\/optimate-kickstand-puck-copy\/#breadcrumb","itemListElement":[{"@type":"ListItem","position":1,"name":"Home","item":"https:\/\/optimate1.com\/"},{"@type":"ListItem","position":2,"name":"Productos","item":"https:\/\/optimate1.com\/shop\/"},{"@type":"ListItem","position":3,"name":"OptiMate Solar Suction Mounts (X4)"}]},{"@type":"WebSite","@id":"https:\/\/optimate1.com\/#website","url":"https:\/\/optimate1.com\/","name":"OptiMate","description":"Battery Chargers &amp; Accessories","publisher":{"@id":"https:\/\/optimate1.com\/#organization"},"potentialAction":[{"@type":"SearchAction","target":{"@type":"EntryPoint","urlTemplate":"https:\/\/optimate1.com\/?s={search_term_string}"},"query-input":{"@type":"PropertyValueSpecification","valueRequired":true,"valueName":"search_term_string"}}],"inLanguage":"es"},{"@type":"Organization","@id":"https:\/\/optimate1.com\/#organization","name":"OptiMate","url":"https:\/\/optimate1.com\/","logo":{"@type":"ImageObject","inLanguage":"es","@id":"https:\/\/optimate1.com\/#\/schema\/logo\/image\/","url":"https:\/\/optimate1.com\/wp-content\/uploads\/2021\/06\/optimate-hpbc-stacklogo.jpg","contentUrl":"https:\/\/optimate1.com\/wp-content\/uploads\/2021\/06\/optimate-hpbc-stacklogo.jpg","width":1025,"height":529,"caption":"OptiMate"},"image":{"@id":"https:\/\/optimate1.com\/#\/schema\/logo\/image\/"},"sameAs":["https:\/\/www.facebook.com\/OptiMatebatterysavingcharger\/"]}]}},"_links":{"self":[{"href":"https:\/\/optimate1.com\/es\/wp-json\/wp\/v2\/product\/20122","targetHints":{"allow":["GET"]}}],"collection":[{"href":"https:\/\/optimate1.com\/es\/wp-json\/wp\/v2\/product"}],"about":[{"href":"https:\/\/optimate1.com\/es\/wp-json\/wp\/v2\/types\/product"}],"wp:featuredmedia":[{"embeddable":true,"href":"https:\/\/optimate1.com\/es\/wp-json\/wp\/v2\/media\/18380"}],"wp:attachment":[{"href":"https:\/\/optimate1.com\/es\/wp-json\/wp\/v2\/media?parent=20122"}],"wp:term":[{"taxonomy":"product_brand","embeddable":true,"href":"https:\/\/optimate1.com\/es\/wp-json\/wp\/v2\/product_brand?post=20122"},{"taxonomy":"product_cat","embeddable":true,"href":"https:\/\/optimate1.com\/es\/wp-json\/wp\/v2\/product_cat?post=20122"},{"taxonomy":"product_tag","embeddable":true,"href":"https:\/\/optimate1.com\/es\/wp-json\/wp\/v2\/product_tag?post=20122"}],"curies":[{"name":"wp","href":"https:\/\/api.w.org\/{rel}","templated":true}]}}