{"id":21673,"date":"2020-12-01T04:07:17","date_gmt":"2020-12-01T09:07:17","guid":{"rendered":"https:\/\/optimate1.com\/product\/optimate-7-12v-24v-2-gold\/"},"modified":"2026-03-30T06:06:35","modified_gmt":"2026-03-30T10:06:35","slug":"optimate-7-12v-24v-cargador-baterias","status":"publish","type":"product","link":"https:\/\/optimate1.com\/es\/producto\/optimate-7-12v-24v-cargador-baterias\/","title":{"rendered":"OptiMate 7 12V\/24V"},"content":{"rendered":"<h6 style=\"text-align: center;\"><strong><span style=\"color: #10069f;\">OptiMate 7 12\/24V &#8216;serie GOLD&#8217; es el cargador de bater\u00edas avanzado para la bater\u00eda de plomo-\u00e1cido de ciclo profundo de 12V o 24V de su autocaravana \/ veh\u00edculo recreativo, barco, embarcaci\u00f3n o su equipo m\u00e9dico \/ industrial<\/span><\/strong><strong>\u2013 <\/strong><span style=\"color: #10069f;\"><i>optimiza el rendimiento de la bater\u00eda de ciclo profundo!<\/i><\/span><\/h6>\n<h6 style=\"text-align: center;\"><img loading=\"lazy\" decoding=\"async\" class=\"aligncenter wp-image-20668\" src=\"https:\/\/optimate1.com\/wp-content\/uploads\/2020\/12\/TM_260-01.jpg\" alt=\"The 12V 24V charger is recommended for maritime, industrial equipment, light aircrafts, RV, cars and electric wheelchairs.\" width=\"428\" height=\"66\" srcset=\"https:\/\/optimate1.com\/wp-content\/uploads\/2020\/12\/TM_260-01.jpg 1757w, https:\/\/optimate1.com\/wp-content\/uploads\/2020\/12\/TM_260-01-600x92.jpg 600w, https:\/\/optimate1.com\/wp-content\/uploads\/2020\/12\/TM_260-01-64x10.jpg 64w, https:\/\/optimate1.com\/wp-content\/uploads\/2020\/12\/TM_260-01-300x46.jpg 300w, https:\/\/optimate1.com\/wp-content\/uploads\/2020\/12\/TM_260-01-1024x157.jpg 1024w, https:\/\/optimate1.com\/wp-content\/uploads\/2020\/12\/TM_260-01-768x118.jpg 768w, https:\/\/optimate1.com\/wp-content\/uploads\/2020\/12\/TM_260-01-1536x235.jpg 1536w\" sizes=\"auto, (max-width: 428px) 100vw, 428px\" \/><\/h6>\n<p>&nbsp;<\/p>\n<h6 style=\"text-align: center;\"><strong><span style=\"color: #10069f;\">Seleccione el voltaje de carga adecuado para su bater\u00eda de plomo-\u00e1cido de ciclo profundo o marina \/ de doble uso de 12V o 24V, incluyendo STD inundada, AGM, GEL &amp; Ca-Ca (plomo-calcio)<\/span><\/strong>\u00a0<strong>&#8211;<\/strong> <i><span style=\"color: #10069f;\">La selecci\u00f3n permanece en la memoria incluso si se pierde la alimentaci\u00f3n de CA<\/span><\/i><\/h6>\n<h6 style=\"text-align: center;\"><strong><img loading=\"lazy\" decoding=\"async\" class=\"aligncenter wp-image-20961\" src=\"https:\/\/optimate1.com\/wp-content\/uploads\/2020\/12\/TM260-select-hx2-300x49.png\" alt=\"With the 12V 24V charger you can select the right charge voltage for your deep cycle use, including STD flooded, AGM, GEL and Ca-Ca (lead-calcium).\" width=\"428\" height=\"70\" srcset=\"https:\/\/optimate1.com\/wp-content\/uploads\/2020\/12\/TM260-select-hx2-300x49.png 300w, https:\/\/optimate1.com\/wp-content\/uploads\/2020\/12\/TM260-select-hx2-600x98.png 600w, https:\/\/optimate1.com\/wp-content\/uploads\/2020\/12\/TM260-select-hx2-64x10.png 64w, https:\/\/optimate1.com\/wp-content\/uploads\/2020\/12\/TM260-select-hx2-768x126.png 768w, https:\/\/optimate1.com\/wp-content\/uploads\/2020\/12\/TM260-select-hx2.png 856w\" sizes=\"auto, (max-width: 428px) 100vw, 428px\" \/><\/strong><\/h6>\n<p>&nbsp;<\/p>\n<h6 style=\"text-align: center;\"><strong><span style=\"color: #10069f;\">El programa de varios pasos totalmente autom\u00e1tico lleva la bater\u00eda de forma segura a la carga completa &#8211; <\/span><\/strong><i><span style=\"color: #10069f;\">Con\u00e9ctelo a la bater\u00eda y OptiMate 7 12V-24V llevar\u00e1 su bater\u00eda a un 100% real, \u00a1sin necesidad de supervisi\u00f3n!<\/span><\/i><\/h6>\n<h6 style=\"text-align: center;\"><img loading=\"lazy\" decoding=\"async\" class=\"aligncenter wp-image-20876\" src=\"https:\/\/optimate1.com\/wp-content\/uploads\/2020\/12\/connect-save-charge-optimize-maintain-200.png\" alt=\"The fully automatic multi-step program to full charge the battery safely. \" width=\"428\" height=\"70\" \/><\/h6>\n<p>&nbsp;<\/p>\n<p>&nbsp;<\/p>\n<h4 style=\"text-align: center;\"><strong><span style=\"text-decoration: underline;\">M\u00c1S FUNCIONES:<\/span><\/strong><\/h4>\n<p style=\"text-align: center;\">\n<table id=\"tablepress-560\" class=\"tablepress tablepress-id-560\">\n<tbody class=\"row-hover\">\n<tr class=\"row-1\">\n\t<td class=\"column-1\"><a href=\"\"><img loading=\"lazy\" decoding=\"async\" src=\"https:\/\/optimate1.com\/wp-content\/uploads\/2024\/07\/TM380-batteries-corrected.png\" alt=\"\" width=\"300\" height=\"50\" class=\"aligncenter size-medium wp-image-20927\" \/><\/a><body><h6><center>Para bater\u00edas de plomo-\u00e1cido (Pb) de 12V de arranque para autom\u00f3viles (SLI), incluidas las STD (con tapones de llenado), AGM, GEL (VRLA selladas) y Ca-Ca, as\u00ed como bater\u00edas de ciclo profundo.<\/body><\/h6><\/center><br \/>\n<\/td>\n<\/tr>\n<tr class=\"row-2\">\n\t<td class=\"column-1\"><a href=\"https:\/\/optimate1.com\/wp-content\/uploads\/2020\/12\/Green-arrow-ampmatic-logo2-.png\"><img loading=\"lazy\" decoding=\"async\" src=\"https:\/\/optimate1.com\/wp-content\/uploads\/2020\/12\/Ampmatic-SFL200.png\" alt=\"\" width=\"300\" height=\"50\" class=\"aligncenter size-medium wp-image-20927\" \/><\/a><body><h6><center>Ajusta autom\u00e1ticamente la corriente para adaptarse al tama\u00f1o y estado de la bater\u00eda.<\/body><\/h6><\/center><br \/>\n<\/td>\n<\/tr>\n<tr class=\"row-3\">\n\t<td class=\"column-1\"><a href=\"https:\/\/optimate1.com\/wp-content\/uploads\/2020\/12\/Ambient-SFL200-1.png\"><img loading=\"lazy\" decoding=\"async\" src=\"https:\/\/optimate1.com\/wp-content\/uploads\/2020\/12\/Ambient-SFL200-1.png\" alt=\"\" width=\"300\" height=\"50\" class=\"aligncenter size-medium wp-image-20928\" \/><\/a><body><h6><center>Compensaci\u00f3n de temperatura: El voltaje se ajusta m\u00e1s alto cuando hace fr\u00edo, o m\u00e1s bajo cuando hace calor.<\/body><\/h6><\/center><\/td>\n<\/tr>\n<tr class=\"row-4\">\n\t<td class=\"column-1\"><a href=\"https:\/\/optimate1.com\/wp-content\/uploads\/2020\/12\/SAFE-connected-x2.jpg\"><img loading=\"lazy\" decoding=\"async\" src=\"https:\/\/optimate1.com\/wp-content\/uploads\/2020\/12\/SAFE-connected-x2-300x49.jpg\" alt=\"\" width=\"300\" height=\"50\" class=\"aligncenter size-medium wp-image-20995\" srcset=\"https:\/\/optimate1.com\/wp-content\/uploads\/2020\/12\/SAFE-connected-x2-300x49.jpg 300w, https:\/\/optimate1.com\/wp-content\/uploads\/2020\/12\/SAFE-connected-x2-600x98.jpg 600w, https:\/\/optimate1.com\/wp-content\/uploads\/2020\/12\/SAFE-connected-x2-64x10.jpg 64w, https:\/\/optimate1.com\/wp-content\/uploads\/2020\/12\/SAFE-connected-x2-768x126.jpg 768w, https:\/\/optimate1.com\/wp-content\/uploads\/2020\/12\/SAFE-connected-x2.jpg 856w\" sizes=\"auto, (max-width: 300px) 100vw, 300px\" \/><\/a><body><h6><center>Se puede dejar conectado sin peligro. Protecci\u00f3n electr\u00f3nica completa.<\/body><\/h6><\/center><\/td>\n<\/tr>\n<tr class=\"row-5\">\n\t<td class=\"column-1\"><a href=\"https:\/\/optimate1.com\/wp-content\/uploads\/2020\/12\/24-7-x2.png\"><img loading=\"lazy\" decoding=\"async\" src=\"https:\/\/optimate1.com\/wp-content\/uploads\/2020\/12\/24-7-x2-300x49.png\" alt=\"\" width=\"300\" height=\"50\" class=\"aligncenter size-medium wp-image-20982\" srcset=\"https:\/\/optimate1.com\/wp-content\/uploads\/2020\/12\/24-7-x2-300x49.png 300w, https:\/\/optimate1.com\/wp-content\/uploads\/2020\/12\/24-7-x2-600x98.png 600w, https:\/\/optimate1.com\/wp-content\/uploads\/2020\/12\/24-7-x2-64x10.png 64w, https:\/\/optimate1.com\/wp-content\/uploads\/2020\/12\/24-7-x2-768x126.png 768w, https:\/\/optimate1.com\/wp-content\/uploads\/2020\/12\/24-7-x2.png 856w\" sizes=\"auto, (max-width: 300px) 100vw, 300px\" \/><\/a><body><h6><center>Mantiene la bater\u00eda a plena carga y en buen estado.<\/center><\/h6><\/body><\/td>\n<\/tr>\n<tr class=\"row-6\">\n\t<td class=\"column-1\"><a href=\"https:\/\/optimate1.com\/wp-content\/uploads\/2020\/12\/SAVE-dead-battery-x2.png\"><img loading=\"lazy\" decoding=\"async\" src=\"https:\/\/optimate1.com\/wp-content\/uploads\/2020\/12\/SAVE-dead-battery-x2-300x49.png\" alt=\"\" width=\"300\" height=\"50\" class=\"aligncenter size-medium wp-image-20993\" srcset=\"https:\/\/optimate1.com\/wp-content\/uploads\/2020\/12\/SAVE-dead-battery-x2-300x49.png 300w, https:\/\/optimate1.com\/wp-content\/uploads\/2020\/12\/SAVE-dead-battery-x2-64x10.png 64w, https:\/\/optimate1.com\/wp-content\/uploads\/2020\/12\/SAVE-dead-battery-x2.png 428w\" sizes=\"auto, (max-width: 300px) 100vw, 300px\" \/><\/a><body><h6><center>Salva su bater\u00eda \"muerta\" de tan s\u00f3lo 0.5V.<\/body><\/h6><\/center><\/td>\n<\/tr>\n<tr class=\"row-7\">\n\t<td class=\"column-1\"><a href=\"https:\/\/optimate1.com\/wp-content\/uploads\/2020\/12\/state-of-health-test-3-LEDx2.png\"><img loading=\"lazy\" decoding=\"async\" src=\"https:\/\/optimate1.com\/wp-content\/uploads\/2020\/12\/state-of-health-test-3-LEDx2-300x49.png\" alt=\"\" width=\"300\" height=\"50\" class=\"aligncenter size-medium wp-image-20985\" srcset=\"https:\/\/optimate1.com\/wp-content\/uploads\/2020\/12\/state-of-health-test-3-LEDx2-300x49.png 300w, https:\/\/optimate1.com\/wp-content\/uploads\/2020\/12\/state-of-health-test-3-LEDx2-600x98.png 600w, https:\/\/optimate1.com\/wp-content\/uploads\/2020\/12\/state-of-health-test-3-LEDx2-64x10.png 64w, https:\/\/optimate1.com\/wp-content\/uploads\/2020\/12\/state-of-health-test-3-LEDx2-768x126.png 768w, https:\/\/optimate1.com\/wp-content\/uploads\/2020\/12\/state-of-health-test-3-LEDx2.png 856w\" sizes=\"auto, (max-width: 300px) 100vw, 300px\" \/><\/a><body><h6><center>Comprueba el estado de salud de la bater\u00eda.<\/body><\/h6><\/center><\/td>\n<\/tr>\n<tr class=\"row-8\">\n\t<td class=\"column-1\"><a href=\"https:\/\/optimate1.com\/wp-content\/uploads\/2020\/12\/green-technology-hx2-1.png\"><img loading=\"lazy\" decoding=\"async\" src=\"https:\/\/optimate1.com\/wp-content\/uploads\/2020\/12\/green-technology-hx2-1-300x49.png\" alt=\"\" width=\"300\" height=\"50\" class=\"aligncenter size-medium wp-image-20983\" \/><\/a><body><h6><center>50% menos de energ\u00eda, 50% menos de coste<br \/>\n<strong>\u221a<\/strong> Correcci\u00f3n del factor de potencia<br \/>\n<strong>\u221a<\/strong> Rectificaci\u00f3n s\u00edncrona<\/body><\/h6><\/center><\/td>\n<\/tr>\n<tr class=\"row-9\">\n\t<td class=\"column-1\"><a href=\"https:\/\/optimate1.com\/wp-content\/uploads\/2020\/12\/will-not-charge-low-volt-battery.png\"><img loading=\"lazy\" decoding=\"async\" src=\"https:\/\/optimate1.com\/wp-content\/uploads\/2020\/12\/will-not-charge-low-volt-battery-300x49.png\" alt=\"\" width=\"300\" height=\"50\" class=\"aligncenter size-medium wp-image-21088\" srcset=\"https:\/\/optimate1.com\/wp-content\/uploads\/2020\/12\/will-not-charge-low-volt-battery-300x49.png 300w, https:\/\/optimate1.com\/wp-content\/uploads\/2020\/12\/will-not-charge-low-volt-battery-600x98.png 600w, https:\/\/optimate1.com\/wp-content\/uploads\/2020\/12\/will-not-charge-low-volt-battery-64x10.png 64w, https:\/\/optimate1.com\/wp-content\/uploads\/2020\/12\/will-not-charge-low-volt-battery-768x126.png 768w, https:\/\/optimate1.com\/wp-content\/uploads\/2020\/12\/will-not-charge-low-volt-battery.png 856w\" sizes=\"auto, (max-width: 300px) 100vw, 300px\" \/><\/a><body><h6><center>Comprobaci\u00f3n de seguridad de voltaje: no cargar\u00e1 si el voltaje de la bater\u00eda no coincide con la selecci\u00f3n. Requiere confirmaci\u00f3n del usuario.<\/body><\/h6><\/center><\/td>\n<\/tr>\n<tr class=\"row-10\">\n\t<td class=\"column-1\"><a href=\"https:\/\/optimate1.com\/wp-content\/uploads\/2020\/12\/weatherproof-x2.png\"><img loading=\"lazy\" decoding=\"async\" src=\"https:\/\/optimate1.com\/wp-content\/uploads\/2020\/12\/weatherproof-x2-300x49.png\" alt=\"\" width=\"300\" height=\"50\" class=\"aligncenter size-medium wp-image-21012\" srcset=\"https:\/\/optimate1.com\/wp-content\/uploads\/2020\/12\/weatherproof-x2-300x49.png 300w, https:\/\/optimate1.com\/wp-content\/uploads\/2020\/12\/weatherproof-x2-600x98.png 600w, https:\/\/optimate1.com\/wp-content\/uploads\/2020\/12\/weatherproof-x2-64x10.png 64w, https:\/\/optimate1.com\/wp-content\/uploads\/2020\/12\/weatherproof-x2-768x126.png 768w, https:\/\/optimate1.com\/wp-content\/uploads\/2020\/12\/weatherproof-x2.png 856w\" sizes=\"auto, (max-width: 300px) 100vw, 300px\" \/><\/a><body><h6><center>Resistente a la intemperie. Puede utilizarse hasta -40\u00b0C \/ -40\u00b0F<\/body><\/h6><\/center><\/td>\n<\/tr>\n<\/tbody>\n<\/table>\n<!-- #tablepress-560 from cache --><\/p>\n","protected":false},"excerpt":{"rendered":"<h3><span style=\"color: #947c4e;\">Serie GOLD: Cargador-mantenedor de bater\u00eda sellada de 8 fases 12V 10A \/ 24V 5A<\/span><\/h3>\n","protected":false},"featured_media":41869,"template":"","meta":[],"product_brand":[],"product_cat":[437],"product_tag":[],"class_list":{"0":"post-21673","1":"product","2":"type-product","3":"status-publish","4":"has-post-thumbnail","6":"product_cat-battery-chargers-es","7":"pa_charge-battery-chemistry-pb-agm-gel-std-lead-acid-es","8":"pa_charge-battery-more-12v-es","9":"pa_charge-battery-more-24v-es","10":"pa_charge-battery-more-bote-motos-acuaticas","11":"pa_charge-battery-more-ciclo-profundo-industrial","12":"pa_charge-battery-more-optima-odyssey-es-2","13":"pa_charge-battery-more-tractor-construccion","14":"pa_power-ac-100-240vac-es","15":"pa_product-group-optimate-7-es","16":"pa_region-ca-es-2","17":"pa_region-eu-es-2","18":"pa_region-uk-es-2","19":"pa_region-us-es-2","20":"iside_voltage-24-es","21":"iside_ampere-9-9-es","22":"iside_vehicle-rv-caravan-es","23":"iside_charger_series-gold-advanced-es-2","24":"iside_charger_features-ajustar-el-voltaje-a-la-temperatura-para-pb","25":"iside_charger_features-mantenimiento-seguro-de-la-bateria-24-horas-7","26":"iside_charger_features-save-sulphated-pb-lead-acid-es","27":"iside_charger_type-single-es","28":"iside_battery_voltage-12v-es","29":"iside_battery_voltage-12v-24v-es","30":"iside_battery_chemistry-pb-calcio","31":"iside_battery_chemistry-pb-lead-acid-es","32":"iside_battery_chemistry-premium-agm-espiral","33":"battery_charger_current-7-10a-es","34":"battery_charger_current-ampmatic-1-to-10a-es","35":"thunk-woo-product-list","36":"opn-qv-enable","37":"big-store-woo-hover-","38":"open-single-product-tab-horizontal","39":"open-shadow-","40":"open-shadow-hover-","42":"first","43":"instock","44":"shipping-taxable","45":"purchasable","46":"product-type-simple"},"yoast_head":"<!-- This site is optimized with the Yoast SEO plugin v27.2 - https:\/\/yoast.com\/product\/yoast-seo-wordpress\/ -->\n<title>OptiMate 7 12V\/24V - OptiMate<\/title>\n<meta name=\"description\" content=\"El OptiMate 7 12V\/24V es el cargador de bater\u00edas avanzado para la bater\u00eda de plomo de ciclo profundo de 12V o 24V. M\u00e1s informaci\u00f3n.\" \/>\n<meta name=\"robots\" content=\"index, follow, max-snippet:-1, max-image-preview:large, max-video-preview:-1, noarchive\" \/>\n<link rel=\"canonical\" href=\"https:\/\/optimate1.com\/es\/producto\/optimate-7-12v-24v-cargador-baterias\/\" \/>\n<meta property=\"og:locale\" content=\"es_ES\" \/>\n<meta property=\"og:type\" content=\"article\" \/>\n<meta property=\"og:title\" content=\"OptiMate 7 12V\/24V - OptiMate\" \/>\n<meta property=\"og:description\" content=\"El OptiMate 7 12V\/24V es el cargador de bater\u00edas avanzado para la bater\u00eda de plomo de ciclo profundo de 12V o 24V. M\u00e1s informaci\u00f3n.\" \/>\n<meta property=\"og:url\" content=\"https:\/\/optimate1.com\/es\/producto\/optimate-7-12v-24v-cargador-baterias\/\" \/>\n<meta property=\"og:site_name\" content=\"OptiMate\" \/>\n<meta property=\"article:publisher\" content=\"https:\/\/www.facebook.com\/OptiMatebatterysavingcharger\/\" \/>\n<meta property=\"article:modified_time\" content=\"2026-03-30T10:06:35+00:00\" \/>\n<meta property=\"og:image\" content=\"https:\/\/optimate1.com\/wp-content\/uploads\/2026\/03\/OptiMate-7-12-24V-TM260-11-es-1024x1024.png\" \/>\n\t<meta property=\"og:image:width\" content=\"1024\" \/>\n\t<meta property=\"og:image:height\" content=\"1024\" \/>\n\t<meta property=\"og:image:type\" content=\"image\/png\" \/>\n<meta name=\"twitter:card\" content=\"summary_large_image\" \/>\n<meta name=\"twitter:label1\" content=\"Tiempo de lectura\" \/>\n\t<meta name=\"twitter:data1\" content=\"2 minutos\" \/>\n<script type=\"application\/ld+json\" class=\"yoast-schema-graph\">{\"@context\":\"https:\/\/schema.org\",\"@graph\":[{\"@type\":\"WebPage\",\"@id\":\"https:\/\/optimate1.com\/es\/producto\/optimate-7-12v-24v-cargador-baterias\/\",\"url\":\"https:\/\/optimate1.com\/es\/producto\/optimate-7-12v-24v-cargador-baterias\/\",\"name\":\"OptiMate 7 12V\/24V - OptiMate\",\"isPartOf\":{\"@id\":\"https:\/\/optimate1.com\/#website\"},\"primaryImageOfPage\":{\"@id\":\"https:\/\/optimate1.com\/es\/producto\/optimate-7-12v-24v-cargador-baterias\/#primaryimage\"},\"image\":{\"@id\":\"https:\/\/optimate1.com\/es\/producto\/optimate-7-12v-24v-cargador-baterias\/#primaryimage\"},\"thumbnailUrl\":\"https:\/\/optimate1.com\/wp-content\/uploads\/2026\/03\/OptiMate-7-12-24V-TM260-11-es.png\",\"datePublished\":\"2020-12-01T09:07:17+00:00\",\"dateModified\":\"2026-03-30T10:06:35+00:00\",\"description\":\"El OptiMate 7 12V\/24V es el cargador de bater\u00edas avanzado para la bater\u00eda de plomo de ciclo profundo de 12V o 24V. M\u00e1s informaci\u00f3n.\",\"breadcrumb\":{\"@id\":\"https:\/\/optimate1.com\/es\/producto\/optimate-7-12v-24v-cargador-baterias\/#breadcrumb\"},\"inLanguage\":\"es\",\"potentialAction\":[{\"@type\":\"ReadAction\",\"target\":[\"https:\/\/optimate1.com\/es\/producto\/optimate-7-12v-24v-cargador-baterias\/\"]}]},{\"@type\":\"ImageObject\",\"inLanguage\":\"es\",\"@id\":\"https:\/\/optimate1.com\/es\/producto\/optimate-7-12v-24v-cargador-baterias\/#primaryimage\",\"url\":\"https:\/\/optimate1.com\/wp-content\/uploads\/2026\/03\/OptiMate-7-12-24V-TM260-11-es.png\",\"contentUrl\":\"https:\/\/optimate1.com\/wp-content\/uploads\/2026\/03\/OptiMate-7-12-24V-TM260-11-es.png\",\"width\":1500,\"height\":1500},{\"@type\":\"BreadcrumbList\",\"@id\":\"https:\/\/optimate1.com\/es\/producto\/optimate-7-12v-24v-cargador-baterias\/#breadcrumb\",\"itemListElement\":[{\"@type\":\"ListItem\",\"position\":1,\"name\":\"Home\",\"item\":\"https:\/\/optimate1.com\/\"},{\"@type\":\"ListItem\",\"position\":2,\"name\":\"Productos\",\"item\":\"https:\/\/optimate1.com\/shop\/\"},{\"@type\":\"ListItem\",\"position\":3,\"name\":\"OptiMate 7 12V\/24V\"}]},{\"@type\":\"WebSite\",\"@id\":\"https:\/\/optimate1.com\/#website\",\"url\":\"https:\/\/optimate1.com\/\",\"name\":\"OptiMate\",\"description\":\"Battery Chargers &amp; Accessories\",\"publisher\":{\"@id\":\"https:\/\/optimate1.com\/#organization\"},\"potentialAction\":[{\"@type\":\"SearchAction\",\"target\":{\"@type\":\"EntryPoint\",\"urlTemplate\":\"https:\/\/optimate1.com\/?s={search_term_string}\"},\"query-input\":{\"@type\":\"PropertyValueSpecification\",\"valueRequired\":true,\"valueName\":\"search_term_string\"}}],\"inLanguage\":\"es\"},{\"@type\":\"Organization\",\"@id\":\"https:\/\/optimate1.com\/#organization\",\"name\":\"OptiMate\",\"url\":\"https:\/\/optimate1.com\/\",\"logo\":{\"@type\":\"ImageObject\",\"inLanguage\":\"es\",\"@id\":\"https:\/\/optimate1.com\/#\/schema\/logo\/image\/\",\"url\":\"https:\/\/optimate1.com\/wp-content\/uploads\/2021\/06\/optimate-hpbc-stacklogo.jpg\",\"contentUrl\":\"https:\/\/optimate1.com\/wp-content\/uploads\/2021\/06\/optimate-hpbc-stacklogo.jpg\",\"width\":1025,\"height\":529,\"caption\":\"OptiMate\"},\"image\":{\"@id\":\"https:\/\/optimate1.com\/#\/schema\/logo\/image\/\"},\"sameAs\":[\"https:\/\/www.facebook.com\/OptiMatebatterysavingcharger\/\"]}]}<\/script>\n<!-- \/ Yoast SEO plugin. -->","yoast_head_json":{"title":"OptiMate 7 12V\/24V - OptiMate","description":"El OptiMate 7 12V\/24V es el cargador de bater\u00edas avanzado para la bater\u00eda de plomo de ciclo profundo de 12V o 24V. M\u00e1s informaci\u00f3n.","robots":{"index":"index","follow":"follow","max-snippet":"max-snippet:-1","max-image-preview":"max-image-preview:large","max-video-preview":"max-video-preview:-1","archive":"noarchive"},"canonical":"https:\/\/optimate1.com\/es\/producto\/optimate-7-12v-24v-cargador-baterias\/","og_locale":"es_ES","og_type":"article","og_title":"OptiMate 7 12V\/24V - OptiMate","og_description":"El OptiMate 7 12V\/24V es el cargador de bater\u00edas avanzado para la bater\u00eda de plomo de ciclo profundo de 12V o 24V. M\u00e1s informaci\u00f3n.","og_url":"https:\/\/optimate1.com\/es\/producto\/optimate-7-12v-24v-cargador-baterias\/","og_site_name":"OptiMate","article_publisher":"https:\/\/www.facebook.com\/OptiMatebatterysavingcharger\/","article_modified_time":"2026-03-30T10:06:35+00:00","og_image":[{"width":1024,"height":1024,"url":"https:\/\/optimate1.com\/wp-content\/uploads\/2026\/03\/OptiMate-7-12-24V-TM260-11-es-1024x1024.png","type":"image\/png"}],"twitter_card":"summary_large_image","twitter_misc":{"Tiempo de lectura":"2 minutos"},"schema":{"@context":"https:\/\/schema.org","@graph":[{"@type":"WebPage","@id":"https:\/\/optimate1.com\/es\/producto\/optimate-7-12v-24v-cargador-baterias\/","url":"https:\/\/optimate1.com\/es\/producto\/optimate-7-12v-24v-cargador-baterias\/","name":"OptiMate 7 12V\/24V - OptiMate","isPartOf":{"@id":"https:\/\/optimate1.com\/#website"},"primaryImageOfPage":{"@id":"https:\/\/optimate1.com\/es\/producto\/optimate-7-12v-24v-cargador-baterias\/#primaryimage"},"image":{"@id":"https:\/\/optimate1.com\/es\/producto\/optimate-7-12v-24v-cargador-baterias\/#primaryimage"},"thumbnailUrl":"https:\/\/optimate1.com\/wp-content\/uploads\/2026\/03\/OptiMate-7-12-24V-TM260-11-es.png","datePublished":"2020-12-01T09:07:17+00:00","dateModified":"2026-03-30T10:06:35+00:00","description":"El OptiMate 7 12V\/24V es el cargador de bater\u00edas avanzado para la bater\u00eda de plomo de ciclo profundo de 12V o 24V. M\u00e1s informaci\u00f3n.","breadcrumb":{"@id":"https:\/\/optimate1.com\/es\/producto\/optimate-7-12v-24v-cargador-baterias\/#breadcrumb"},"inLanguage":"es","potentialAction":[{"@type":"ReadAction","target":["https:\/\/optimate1.com\/es\/producto\/optimate-7-12v-24v-cargador-baterias\/"]}]},{"@type":"ImageObject","inLanguage":"es","@id":"https:\/\/optimate1.com\/es\/producto\/optimate-7-12v-24v-cargador-baterias\/#primaryimage","url":"https:\/\/optimate1.com\/wp-content\/uploads\/2026\/03\/OptiMate-7-12-24V-TM260-11-es.png","contentUrl":"https:\/\/optimate1.com\/wp-content\/uploads\/2026\/03\/OptiMate-7-12-24V-TM260-11-es.png","width":1500,"height":1500},{"@type":"BreadcrumbList","@id":"https:\/\/optimate1.com\/es\/producto\/optimate-7-12v-24v-cargador-baterias\/#breadcrumb","itemListElement":[{"@type":"ListItem","position":1,"name":"Home","item":"https:\/\/optimate1.com\/"},{"@type":"ListItem","position":2,"name":"Productos","item":"https:\/\/optimate1.com\/shop\/"},{"@type":"ListItem","position":3,"name":"OptiMate 7 12V\/24V"}]},{"@type":"WebSite","@id":"https:\/\/optimate1.com\/#website","url":"https:\/\/optimate1.com\/","name":"OptiMate","description":"Battery Chargers &amp; Accessories","publisher":{"@id":"https:\/\/optimate1.com\/#organization"},"potentialAction":[{"@type":"SearchAction","target":{"@type":"EntryPoint","urlTemplate":"https:\/\/optimate1.com\/?s={search_term_string}"},"query-input":{"@type":"PropertyValueSpecification","valueRequired":true,"valueName":"search_term_string"}}],"inLanguage":"es"},{"@type":"Organization","@id":"https:\/\/optimate1.com\/#organization","name":"OptiMate","url":"https:\/\/optimate1.com\/","logo":{"@type":"ImageObject","inLanguage":"es","@id":"https:\/\/optimate1.com\/#\/schema\/logo\/image\/","url":"https:\/\/optimate1.com\/wp-content\/uploads\/2021\/06\/optimate-hpbc-stacklogo.jpg","contentUrl":"https:\/\/optimate1.com\/wp-content\/uploads\/2021\/06\/optimate-hpbc-stacklogo.jpg","width":1025,"height":529,"caption":"OptiMate"},"image":{"@id":"https:\/\/optimate1.com\/#\/schema\/logo\/image\/"},"sameAs":["https:\/\/www.facebook.com\/OptiMatebatterysavingcharger\/"]}]}},"_links":{"self":[{"href":"https:\/\/optimate1.com\/es\/wp-json\/wp\/v2\/product\/21673","targetHints":{"allow":["GET"]}}],"collection":[{"href":"https:\/\/optimate1.com\/es\/wp-json\/wp\/v2\/product"}],"about":[{"href":"https:\/\/optimate1.com\/es\/wp-json\/wp\/v2\/types\/product"}],"wp:featuredmedia":[{"embeddable":true,"href":"https:\/\/optimate1.com\/es\/wp-json\/wp\/v2\/media\/41869"}],"wp:attachment":[{"href":"https:\/\/optimate1.com\/es\/wp-json\/wp\/v2\/media?parent=21673"}],"wp:term":[{"taxonomy":"product_brand","embeddable":true,"href":"https:\/\/optimate1.com\/es\/wp-json\/wp\/v2\/product_brand?post=21673"},{"taxonomy":"product_cat","embeddable":true,"href":"https:\/\/optimate1.com\/es\/wp-json\/wp\/v2\/product_cat?post=21673"},{"taxonomy":"product_tag","embeddable":true,"href":"https:\/\/optimate1.com\/es\/wp-json\/wp\/v2\/product_tag?post=21673"}],"curies":[{"name":"wp","href":"https:\/\/api.w.org\/{rel}","templated":true}]}}