{"id":23170,"date":"2021-01-22T07:49:31","date_gmt":"2021-01-22T12:49:31","guid":{"rendered":"https:\/\/optimate1.com\/product\/optimate-solar-60w-solar-panel-es\/"},"modified":"2026-03-17T05:10:41","modified_gmt":"2026-03-17T09:10:41","slug":"optimate-solar-60w-travel-kit-cargador-panel-solar","status":"publish","type":"product","link":"https:\/\/optimate1.com\/es\/producto\/optimate-solar-60w-travel-kit-cargador-panel-solar\/","title":{"rendered":"OptiMate Solar 60W Travel Kit"},"content":{"rendered":"<h6 style=\"text-align: center;\"><strong><span style=\"color: #10069f;\">OptiMate Solar 60W es el cargador solar inteligente 24-7 &amp; para todas las bater\u00edas de plomo-\u00e1cido de 12V. &#8211; <\/span><\/strong><i><span style=\"color: #10069f;\">Ideal para las bater\u00edas que se encuentran en estos veh\u00edculos.<\/span><\/i><\/h6>\n<h6 style=\"text-align: center;\"><img loading=\"lazy\" decoding=\"async\" class=\"aligncenter wp-image-20668\" src=\"https:\/\/optimate1.com\/wp-content\/uploads\/2021\/01\/Vehicle-range-Solar-60WTK80WTK-01.png\" alt=\"The solar battery charger RV is for recommended for cars, 4x4 cars, RV, maritime and light aircraft\" width=\"428\" height=\"66\" \/><\/h6>\n<p>&nbsp;<\/p>\n<h6 style=\"text-align: center;\"><strong><span style=\"color: #10069f;\">El controlador de carga inteligente ajusta autom\u00e1ticamente la carga seg\u00fan el tipo y el estado de la bater\u00eda. &#8211; <\/span><\/strong><i><span style=\"color: #10069f;\">El control inteligente de OptiMate Solar garantiza una vida m\u00e1s larga de la bater\u00eda y m\u00e1s potencia.<\/span><\/i><\/h6>\n<h6 style=\"text-align: center;\"><img loading=\"lazy\" decoding=\"async\" class=\"aligncenter wp-image-20876\" src=\"https:\/\/optimate1.com\/wp-content\/uploads\/2021\/01\/Smart-control-copy-01-scaled.jpg\" alt=\"The smart charge controller automatically adjusts charge according to battery type and condition. \" width=\"428\" height=\"70\" \/><\/h6>\n<p>&nbsp;<\/p>\n<h6 style=\"text-align: center;\"><strong><span style=\"color: #10069f;\">El programa de varios pasos totalmente autom\u00e1tico del controlador lleva la bater\u00eda de forma segura a la carga completa &#8211; <\/span><\/strong><span style=\"color: #10069f;\"><i style=\"caret-color: #10069f;\">Con\u00e9ctelo a la bater\u00eda y OptiMate Solar 60W har\u00e1 el resto, \u00a1sin necesidad de supervisi\u00f3n!<\/i><\/span><\/h6>\n<h6 style=\"text-align: center;\"><img loading=\"lazy\" decoding=\"async\" class=\"aligncenter wp-image-20876\" src=\"https:\/\/optimate1.com\/wp-content\/uploads\/2021\/01\/SAVE-CHARGE-MAINTAIN-Solar-DUO-10W.png\" alt=\"The fully automatic multi-step program of the controller brings the battery to full charge. \" width=\"428\" height=\"70\" \/><\/h6>\n<p>&nbsp;<\/p>\n<h6 style=\"text-align: center;\"><strong><span style=\"color: #10069f;\">El kit de viaje incluye componentes de primera calidad<br \/>\n1) bolsa de viaje 2) panel solar policristalino, \u00a1con soporte ajustable! 3) controlador OptiMate Solar 4) clips de bater\u00eda O-04 5) cable de bater\u00eda O-01 &#8211; <\/span><\/strong><i><span style=\"color: #10069f;\">\u00a1para una experiencia de carga solar completa!<\/span><\/i><\/h6>\n<h6 style=\"text-align: center;\"><img loading=\"lazy\" decoding=\"async\" class=\"aligncenter wp-image-20876\" src=\"https:\/\/optimate1.com\/wp-content\/uploads\/2021\/01\/Travel-Kit-included-60W-01-scaled.jpg\" alt=\"The solar battery charger RV includes premium quality components: polycristalline solar panel, travel bag, OptiMate Solar Duo controller, O-04 battery clips and O-01 battery lead. \" width=\"428\" height=\"70\" \/><\/h6>\n<p>&nbsp;<\/p>\n<p>&nbsp;<\/p>\n<h4 style=\"text-align: center;\"><strong><span style=\"text-decoration: underline;\">M\u00c1S FUNCIONES:<\/span><\/strong><\/h4>\n<p style=\"text-align: center;\">\n<table id=\"tablepress-598\" class=\"tablepress tablepress-id-598\">\n<tbody class=\"row-hover\">\n<tr class=\"row-1\">\n\t<td class=\"column-1\"><a href=\"\"><img loading=\"lazy\" decoding=\"async\" src=\"https:\/\/optimate1.com\/wp-content\/uploads\/2023\/11\/OptiMate-solar-batteries.png\" alt=\"\" width=\"300\" height=\"50\" class=\"aligncenter size-medium wp-image-20927\" \/><\/a><body><h6><center>Para bater\u00edas de plomo-\u00e1cido (Pb) de 12V, incluidas las STD (con tapones), AGM y GEL (VRLA selladas).<\/body><\/h6><\/center><br \/>\n<\/td>\n<\/tr>\n<tr class=\"row-2\">\n\t<td class=\"column-1\"><a href=\"\"><img loading=\"lazy\" decoding=\"async\" src=\"https:\/\/optimate1.com\/wp-content\/uploads\/2021\/01\/SMART-dual-conversion.png\" alt=\"\" width=\"300\" height=\"50\" class=\"aligncenter size-medium wp-image-20928\" \/><\/a><body><h6><center>Convierte la baja energ\u00eda solar en una eficaz carga por impulsos.<\/body><\/h6><\/center><\/td>\n<\/tr>\n<tr class=\"row-3\">\n\t<td class=\"column-1\"><a href=\"\"><img loading=\"lazy\" decoding=\"async\" src=\"https:\/\/optimate1.com\/wp-content\/uploads\/2021\/01\/MONITOR-01-1.png\" alt=\"\" width=\"300\" height=\"50\" class=\"aligncenter size-medium wp-image-20995\" \/><\/a><body><h6><center>D\u00cdA: Carga y mantenimiento. NOCHE: controla el nivel de carga.<\/body><\/h6><\/center><\/td>\n<\/tr>\n<tr class=\"row-4\">\n\t<td class=\"column-1\"><a href=\"\"><img loading=\"lazy\" decoding=\"async\" src=\"https:\/\/optimate1.com\/wp-content\/uploads\/2021\/01\/safe-solar-connection-01-scaled.jpg\" alt=\"\" width=\"300\" height=\"50\" class=\"aligncenter size-medium wp-image-20982\" \/><\/a><body><h6><center>Seguro para dejar conectado. Protecci\u00f3n electr\u00f3nica completa. <\/center><\/h6><\/body><\/td>\n<\/tr>\n<tr class=\"row-5\">\n\t<td class=\"column-1\"><a href=\"\"><img loading=\"lazy\" decoding=\"async\" src=\"https:\/\/optimate1.com\/wp-content\/uploads\/2021\/01\/Saves-from-as-low-as-1V-60W80W-01.png\" alt=\"\" width=\"300\" height=\"50\" class=\"aligncenter size-medium wp-image-20993\" \/><\/a><body><h6><center>Salva la bater\u00eda \"muerta\" desde 1V.<\/body><\/h6><\/center><\/td>\n<\/tr>\n<tr class=\"row-6\">\n\t<td class=\"column-1\"><a href=\"\"><img loading=\"lazy\" decoding=\"async\" src=\"https:\/\/optimate1.com\/wp-content\/uploads\/2021\/01\/Monitors-STD-battery-state-of-charge-01-scaled.jpg\" alt=\"\" width=\"300\" height=\"50\" class=\"aligncenter size-medium wp-image-20985\" \/><\/a><body><h6><center>Muestra el estado de carga de la bater\u00eda.<\/body><\/h6><\/center><\/td>\n<\/tr>\n<tr class=\"row-7\">\n\t<td class=\"column-1\"><a href=\"\"><img loading=\"lazy\" decoding=\"async\" src=\"https:\/\/optimate1.com\/wp-content\/uploads\/2020\/12\/green-technology-hx2-1-300x49.png\" alt=\"\" width=\"300\" height=\"50\" class=\"aligncenter size-medium wp-image-20983\" \/><\/a><body><h6><center>Tecnolog\u00eda de ahorro de energ\u00eda.<br \/>\n<strong>\u221a<\/strong> Doble conversi\u00f3n eficiente.<br \/>\n<strong>\u221a<\/strong> Mantenimiento completo 24-7.<\/body><\/h6><\/center><\/td>\n<\/tr>\n<tr class=\"row-8\">\n\t<td class=\"column-1\"><a href=\"\"><img loading=\"lazy\" decoding=\"async\" src=\"https:\/\/optimate1.com\/wp-content\/uploads\/2021\/01\/Weatherproof-Solar-01.png\" alt=\"\" width=\"300\" height=\"50\" class=\"aligncenter size-medium wp-image-21012\" \/><\/a><body><h6><center>Funciona con cualquier tiempo.<\/body><\/h6><\/center><\/td>\n<\/tr>\n<\/tbody>\n<\/table>\n<!-- #tablepress-598 from cache --><\/p>\n<h4 style=\"text-align: center;\"><strong><span style=\"text-decoration: underline;\">M\u00c1S INFORMACI\u00d3N SOBRE SOLAR:<\/span><\/strong><\/h4>\n<p style=\"text-align: center;\"><a href=\"https:\/\/optimate1.com\/es\/solar\/\">https:\/\/optimate1.com\/solar\/<\/a><\/p>\n","protected":false},"excerpt":{"rendered":"<h3><span style=\"color: #cd202c;\">Cargador-mantenedor solar con modo de recuperaci\u00f3n para bater\u00edas selladas de 12V y 5A en 6 fases<\/span><\/h3>\n","protected":false},"featured_media":30098,"template":"","meta":[],"product_brand":[],"product_cat":[437],"product_tag":[],"class_list":{"0":"post-23170","1":"product","2":"type-product","3":"status-publish","4":"has-post-thumbnail","6":"product_cat-battery-chargers-es","7":"pa_charge-battery-chemistry-pb-agm-gel-std-lead-acid-es","8":"pa_charge-battery-chemistry-pb-li-both-above-es","9":"pa_charge-battery-more-auto-caravana","10":"pa_charge-battery-more-12v-es","11":"pa_charge-battery-more-bote-motos-acuaticas","12":"pa_charge-battery-more-ciclo-profundo-industrial","13":"pa_charge-battery-more-tractor-construccion","14":"pa_power-solar-es","15":"pa_product-group-optimate-solar-es","16":"pa_region-ca-es-2","17":"pa_region-eu-es-2","18":"pa_region-uk-es-2","19":"pa_region-us-es-2","20":"iside_voltage-12-es","21":"iside_ampere-5-es","22":"iside_vehicle-marine-es","23":"iside_vehicle-rv-caravan-es","24":"iside_charger_series-off-grid-eco-es","25":"iside_charger_features-mantenimiento-seguro-de-la-bateria-24-horas-7","26":"iside_charger_features-save-sulphated-pb-lead-acid-es","27":"iside_charger_type-solar-es","28":"iside_battery_voltage-12v-es","29":"iside_battery_chemistry-pb-lead-acid-es","30":"battery_charger_current-5a-6a-es","31":"thunk-woo-product-list","32":"opn-qv-enable","33":"big-store-woo-hover-","34":"open-single-product-tab-horizontal","35":"open-shadow-","36":"open-shadow-hover-","38":"first","39":"instock","40":"featured","41":"shipping-taxable","42":"purchasable","43":"product-type-simple"},"yoast_head":"<!-- This site is optimized with the Yoast SEO plugin v27.2 - https:\/\/yoast.com\/product\/yoast-seo-wordpress\/ -->\n<title>OptiMate Solar 60W Travel Kit - OptiMate<\/title>\n<meta name=\"description\" content=\"El OptiMate Solar 60W Travel Kit es el cargador panel solar inteligente alimentado por el sol para todas las bater\u00edas de 12V. Leer m\u00e1s!\" \/>\n<meta name=\"robots\" content=\"index, follow, max-snippet:-1, max-image-preview:large, max-video-preview:-1, noarchive\" \/>\n<link rel=\"canonical\" href=\"https:\/\/optimate1.com\/product\/tm523-6-tk\/\" \/>\n<meta property=\"og:locale\" content=\"es_ES\" \/>\n<meta property=\"og:type\" content=\"article\" \/>\n<meta property=\"og:title\" content=\"OptiMate Solar 60W Travel Kit - OptiMate\" \/>\n<meta property=\"og:description\" content=\"El OptiMate Solar 60W Travel Kit es el cargador panel solar inteligente alimentado por el sol para todas las bater\u00edas de 12V. Leer m\u00e1s!\" \/>\n<meta property=\"og:url\" content=\"https:\/\/optimate1.com\/product\/tm523-6-tk\/\" \/>\n<meta property=\"og:site_name\" content=\"OptiMate\" \/>\n<meta property=\"article:publisher\" content=\"https:\/\/www.facebook.com\/OptiMatebatterysavingcharger\/\" \/>\n<meta property=\"article:modified_time\" content=\"2026-03-17T09:10:41+00:00\" \/>\n<meta property=\"og:image\" content=\"https:\/\/optimate1.com\/wp-content\/uploads\/2021\/01\/OptiMate-Solar-Panel-60W-Kit-TM523-6TK-im1-orange-corner-es.png\" \/>\n\t<meta property=\"og:image:width\" content=\"900\" \/>\n\t<meta property=\"og:image:height\" content=\"900\" \/>\n\t<meta property=\"og:image:type\" content=\"image\/png\" \/>\n<meta name=\"twitter:card\" content=\"summary_large_image\" \/>\n<meta name=\"twitter:label1\" content=\"Tiempo de lectura\" \/>\n\t<meta name=\"twitter:data1\" content=\"2 minutos\" \/>\n<script type=\"application\/ld+json\" class=\"yoast-schema-graph\">{\"@context\":\"https:\/\/schema.org\",\"@graph\":[{\"@type\":\"WebPage\",\"@id\":\"https:\/\/optimate1.com\/product\/tm523-6-tk\/\",\"url\":\"https:\/\/optimate1.com\/product\/tm523-6-tk\/\",\"name\":\"OptiMate Solar 60W Travel Kit - OptiMate\",\"isPartOf\":{\"@id\":\"https:\/\/optimate1.com\/#website\"},\"primaryImageOfPage\":{\"@id\":\"https:\/\/optimate1.com\/product\/tm523-6-tk\/#primaryimage\"},\"image\":{\"@id\":\"https:\/\/optimate1.com\/product\/tm523-6-tk\/#primaryimage\"},\"thumbnailUrl\":\"https:\/\/optimate1.com\/wp-content\/uploads\/2021\/01\/OptiMate-Solar-Panel-60W-Kit-TM523-6TK-im1-orange-corner-es.png\",\"datePublished\":\"2021-01-22T12:49:31+00:00\",\"dateModified\":\"2026-03-17T09:10:41+00:00\",\"description\":\"El OptiMate Solar 60W Travel Kit es el cargador panel solar inteligente alimentado por el sol para todas las bater\u00edas de 12V. Leer m\u00e1s!\",\"breadcrumb\":{\"@id\":\"https:\/\/optimate1.com\/product\/tm523-6-tk\/#breadcrumb\"},\"inLanguage\":\"es\",\"potentialAction\":[{\"@type\":\"ReadAction\",\"target\":[\"https:\/\/optimate1.com\/product\/tm523-6-tk\/\"]}]},{\"@type\":\"ImageObject\",\"inLanguage\":\"es\",\"@id\":\"https:\/\/optimate1.com\/product\/tm523-6-tk\/#primaryimage\",\"url\":\"https:\/\/optimate1.com\/wp-content\/uploads\/2021\/01\/OptiMate-Solar-Panel-60W-Kit-TM523-6TK-im1-orange-corner-es.png\",\"contentUrl\":\"https:\/\/optimate1.com\/wp-content\/uploads\/2021\/01\/OptiMate-Solar-Panel-60W-Kit-TM523-6TK-im1-orange-corner-es.png\",\"width\":900,\"height\":900,\"caption\":\"cargador panel solar imagen del producto\"},{\"@type\":\"BreadcrumbList\",\"@id\":\"https:\/\/optimate1.com\/product\/tm523-6-tk\/#breadcrumb\",\"itemListElement\":[{\"@type\":\"ListItem\",\"position\":1,\"name\":\"Home\",\"item\":\"https:\/\/optimate1.com\/\"},{\"@type\":\"ListItem\",\"position\":2,\"name\":\"Productos\",\"item\":\"https:\/\/optimate1.com\/shop\/\"},{\"@type\":\"ListItem\",\"position\":3,\"name\":\"OptiMate Solar 60W Travel Kit\"}]},{\"@type\":\"WebSite\",\"@id\":\"https:\/\/optimate1.com\/#website\",\"url\":\"https:\/\/optimate1.com\/\",\"name\":\"OptiMate\",\"description\":\"Battery Chargers &amp; Accessories\",\"publisher\":{\"@id\":\"https:\/\/optimate1.com\/#organization\"},\"potentialAction\":[{\"@type\":\"SearchAction\",\"target\":{\"@type\":\"EntryPoint\",\"urlTemplate\":\"https:\/\/optimate1.com\/?s={search_term_string}\"},\"query-input\":{\"@type\":\"PropertyValueSpecification\",\"valueRequired\":true,\"valueName\":\"search_term_string\"}}],\"inLanguage\":\"es\"},{\"@type\":\"Organization\",\"@id\":\"https:\/\/optimate1.com\/#organization\",\"name\":\"OptiMate\",\"url\":\"https:\/\/optimate1.com\/\",\"logo\":{\"@type\":\"ImageObject\",\"inLanguage\":\"es\",\"@id\":\"https:\/\/optimate1.com\/#\/schema\/logo\/image\/\",\"url\":\"https:\/\/optimate1.com\/wp-content\/uploads\/2021\/06\/optimate-hpbc-stacklogo.jpg\",\"contentUrl\":\"https:\/\/optimate1.com\/wp-content\/uploads\/2021\/06\/optimate-hpbc-stacklogo.jpg\",\"width\":1025,\"height\":529,\"caption\":\"OptiMate\"},\"image\":{\"@id\":\"https:\/\/optimate1.com\/#\/schema\/logo\/image\/\"},\"sameAs\":[\"https:\/\/www.facebook.com\/OptiMatebatterysavingcharger\/\"]}]}<\/script>\n<!-- \/ Yoast SEO plugin. -->","yoast_head_json":{"title":"OptiMate Solar 60W Travel Kit - OptiMate","description":"El OptiMate Solar 60W Travel Kit es el cargador panel solar inteligente alimentado por el sol para todas las bater\u00edas de 12V. Leer m\u00e1s!","robots":{"index":"index","follow":"follow","max-snippet":"max-snippet:-1","max-image-preview":"max-image-preview:large","max-video-preview":"max-video-preview:-1","archive":"noarchive"},"canonical":"https:\/\/optimate1.com\/product\/tm523-6-tk\/","og_locale":"es_ES","og_type":"article","og_title":"OptiMate Solar 60W Travel Kit - OptiMate","og_description":"El OptiMate Solar 60W Travel Kit es el cargador panel solar inteligente alimentado por el sol para todas las bater\u00edas de 12V. Leer m\u00e1s!","og_url":"https:\/\/optimate1.com\/product\/tm523-6-tk\/","og_site_name":"OptiMate","article_publisher":"https:\/\/www.facebook.com\/OptiMatebatterysavingcharger\/","article_modified_time":"2026-03-17T09:10:41+00:00","og_image":[{"width":900,"height":900,"url":"https:\/\/optimate1.com\/wp-content\/uploads\/2021\/01\/OptiMate-Solar-Panel-60W-Kit-TM523-6TK-im1-orange-corner-es.png","type":"image\/png"}],"twitter_card":"summary_large_image","twitter_misc":{"Tiempo de lectura":"2 minutos"},"schema":{"@context":"https:\/\/schema.org","@graph":[{"@type":"WebPage","@id":"https:\/\/optimate1.com\/product\/tm523-6-tk\/","url":"https:\/\/optimate1.com\/product\/tm523-6-tk\/","name":"OptiMate Solar 60W Travel Kit - OptiMate","isPartOf":{"@id":"https:\/\/optimate1.com\/#website"},"primaryImageOfPage":{"@id":"https:\/\/optimate1.com\/product\/tm523-6-tk\/#primaryimage"},"image":{"@id":"https:\/\/optimate1.com\/product\/tm523-6-tk\/#primaryimage"},"thumbnailUrl":"https:\/\/optimate1.com\/wp-content\/uploads\/2021\/01\/OptiMate-Solar-Panel-60W-Kit-TM523-6TK-im1-orange-corner-es.png","datePublished":"2021-01-22T12:49:31+00:00","dateModified":"2026-03-17T09:10:41+00:00","description":"El OptiMate Solar 60W Travel Kit es el cargador panel solar inteligente alimentado por el sol para todas las bater\u00edas de 12V. Leer m\u00e1s!","breadcrumb":{"@id":"https:\/\/optimate1.com\/product\/tm523-6-tk\/#breadcrumb"},"inLanguage":"es","potentialAction":[{"@type":"ReadAction","target":["https:\/\/optimate1.com\/product\/tm523-6-tk\/"]}]},{"@type":"ImageObject","inLanguage":"es","@id":"https:\/\/optimate1.com\/product\/tm523-6-tk\/#primaryimage","url":"https:\/\/optimate1.com\/wp-content\/uploads\/2021\/01\/OptiMate-Solar-Panel-60W-Kit-TM523-6TK-im1-orange-corner-es.png","contentUrl":"https:\/\/optimate1.com\/wp-content\/uploads\/2021\/01\/OptiMate-Solar-Panel-60W-Kit-TM523-6TK-im1-orange-corner-es.png","width":900,"height":900,"caption":"cargador panel solar imagen del producto"},{"@type":"BreadcrumbList","@id":"https:\/\/optimate1.com\/product\/tm523-6-tk\/#breadcrumb","itemListElement":[{"@type":"ListItem","position":1,"name":"Home","item":"https:\/\/optimate1.com\/"},{"@type":"ListItem","position":2,"name":"Productos","item":"https:\/\/optimate1.com\/shop\/"},{"@type":"ListItem","position":3,"name":"OptiMate Solar 60W Travel Kit"}]},{"@type":"WebSite","@id":"https:\/\/optimate1.com\/#website","url":"https:\/\/optimate1.com\/","name":"OptiMate","description":"Battery Chargers &amp; Accessories","publisher":{"@id":"https:\/\/optimate1.com\/#organization"},"potentialAction":[{"@type":"SearchAction","target":{"@type":"EntryPoint","urlTemplate":"https:\/\/optimate1.com\/?s={search_term_string}"},"query-input":{"@type":"PropertyValueSpecification","valueRequired":true,"valueName":"search_term_string"}}],"inLanguage":"es"},{"@type":"Organization","@id":"https:\/\/optimate1.com\/#organization","name":"OptiMate","url":"https:\/\/optimate1.com\/","logo":{"@type":"ImageObject","inLanguage":"es","@id":"https:\/\/optimate1.com\/#\/schema\/logo\/image\/","url":"https:\/\/optimate1.com\/wp-content\/uploads\/2021\/06\/optimate-hpbc-stacklogo.jpg","contentUrl":"https:\/\/optimate1.com\/wp-content\/uploads\/2021\/06\/optimate-hpbc-stacklogo.jpg","width":1025,"height":529,"caption":"OptiMate"},"image":{"@id":"https:\/\/optimate1.com\/#\/schema\/logo\/image\/"},"sameAs":["https:\/\/www.facebook.com\/OptiMatebatterysavingcharger\/"]}]}},"_links":{"self":[{"href":"https:\/\/optimate1.com\/es\/wp-json\/wp\/v2\/product\/23170","targetHints":{"allow":["GET"]}}],"collection":[{"href":"https:\/\/optimate1.com\/es\/wp-json\/wp\/v2\/product"}],"about":[{"href":"https:\/\/optimate1.com\/es\/wp-json\/wp\/v2\/types\/product"}],"wp:featuredmedia":[{"embeddable":true,"href":"https:\/\/optimate1.com\/es\/wp-json\/wp\/v2\/media\/30098"}],"wp:attachment":[{"href":"https:\/\/optimate1.com\/es\/wp-json\/wp\/v2\/media?parent=23170"}],"wp:term":[{"taxonomy":"product_brand","embeddable":true,"href":"https:\/\/optimate1.com\/es\/wp-json\/wp\/v2\/product_brand?post=23170"},{"taxonomy":"product_cat","embeddable":true,"href":"https:\/\/optimate1.com\/es\/wp-json\/wp\/v2\/product_cat?post=23170"},{"taxonomy":"product_tag","embeddable":true,"href":"https:\/\/optimate1.com\/es\/wp-json\/wp\/v2\/product_tag?post=23170"}],"curies":[{"name":"wp","href":"https:\/\/api.w.org\/{rel}","templated":true}]}}