{"id":25550,"date":"2020-12-17T04:17:38","date_gmt":"2020-12-17T09:17:38","guid":{"rendered":"https:\/\/optimate1.com\/product\/optimate-6-select-es\/"},"modified":"2026-04-16T08:41:56","modified_gmt":"2026-04-16T12:41:56","slug":"optimate-6-select-2","status":"publish","type":"product","link":"https:\/\/optimate1.com\/es\/producto\/optimate-6-select-2\/","title":{"rendered":"OptiMate 6 Select"},"content":{"rendered":"<h6 style=\"text-align: center;\"><strong><span style=\"color: #10069f;\">OptiMate 6 Select es el cargador de bater\u00edas de &#8220;elecci\u00f3n PRO&#8221; que obtiene el m\u00e1ximo potencial de su bater\u00eda de 12V de alto rendimiento. <\/span><\/strong><strong>\u2013 <\/strong><span style=\"color: #10069f;\"><i>Incluye soporte de potencia estable para la puesta a punto \/ soluci\u00f3n de problemas.<\/i><\/span><\/h6>\n<h6 style=\"text-align: center;\"><strong><span style=\"color: #10069f;\"><img loading=\"lazy\" decoding=\"async\" class=\"aligncenter wp-image-20665\" src=\"https:\/\/optimate1.com\/wp-content\/uploads\/2020\/12\/vehicles_TM250-01.png\" alt=\"The OptiMate 6 battery charger is recommended for batteries of sports cars, 4x4 cars, tractors, RV, maritime and motorcycles. \" width=\"428\" height=\"70\" \/><\/span><\/strong><\/h6>\n<p>&nbsp;<\/p>\n<h6 style=\"text-align: center;\"><strong><span style=\"color: #10069f;\">Seleccione el voltaje de carga de 14.4V para la mayor\u00eda de las bater\u00edas o de 14.7V para las bater\u00edas AGM premium, o seleccione el modo de soporte de la fuente de alimentaci\u00f3n.<\/span><\/strong><strong>\u2013 <\/strong><span style=\"color: #10069f;\"><i>La selecci\u00f3n permanece en la memoria aunque se pierda la alimentaci\u00f3n de CA.<\/i><\/span><\/h6>\n<h6 style=\"text-align: center;\"><img loading=\"lazy\" decoding=\"async\" class=\"aligncenter wp-image-20910\" src=\"https:\/\/optimate1.com\/wp-content\/uploads\/2020\/12\/TM250-select-hx2-300x49.png\" alt=\"With the OptiMate 6 battery charger you can select the charge voltage of 14.4V for most batteries or 14.7V for premium AGM batteries or select Power Supply support mode.\" width=\"428\" height=\"70\" srcset=\"https:\/\/optimate1.com\/wp-content\/uploads\/2020\/12\/TM250-select-hx2-300x49.png 300w, https:\/\/optimate1.com\/wp-content\/uploads\/2020\/12\/TM250-select-hx2-600x98.png 600w, https:\/\/optimate1.com\/wp-content\/uploads\/2020\/12\/TM250-select-hx2-64x10.png 64w, https:\/\/optimate1.com\/wp-content\/uploads\/2020\/12\/TM250-select-hx2-768x126.png 768w, https:\/\/optimate1.com\/wp-content\/uploads\/2020\/12\/TM250-select-hx2.png 856w\" sizes=\"auto, (max-width: 428px) 100vw, 428px\" \/><\/h6>\n<p>&nbsp;<\/p>\n<h6 style=\"text-align: center;\"><strong><span style=\"color: #10069f;\">El modo de fuente de alimentaci\u00f3n proporciona alimentaci\u00f3n constante para la puesta a punto del veh\u00edculo, el diagn\u00f3stico y la resoluci\u00f3n de problemas.<\/span><\/strong><\/h6>\n<h6 style=\"text-align: center;\"><img loading=\"lazy\" decoding=\"async\" class=\"aligncenter wp-image-20977\" src=\"https:\/\/optimate1.com\/wp-content\/uploads\/2020\/12\/TUNE-power-supplyx2-300x49.png\" alt=\"The power supply mode of the OptiMate 6 Select provides constant power for vehicle tuning, diagnostics and troubleshooting.\" width=\"428\" height=\"70\" srcset=\"https:\/\/optimate1.com\/wp-content\/uploads\/2020\/12\/TUNE-power-supplyx2-300x49.png 300w, https:\/\/optimate1.com\/wp-content\/uploads\/2020\/12\/TUNE-power-supplyx2-600x98.png 600w, https:\/\/optimate1.com\/wp-content\/uploads\/2020\/12\/TUNE-power-supplyx2-64x10.png 64w, https:\/\/optimate1.com\/wp-content\/uploads\/2020\/12\/TUNE-power-supplyx2-768x126.png 768w, https:\/\/optimate1.com\/wp-content\/uploads\/2020\/12\/TUNE-power-supplyx2.png 856w\" sizes=\"auto, (max-width: 428px) 100vw, 428px\" \/><\/h6>\n<p>&nbsp;<\/p>\n<h6 style=\"text-align: center;\"><strong><span style=\"color: #10069f;\">El programa de varios pasos totalmente autom\u00e1tico lleva la bater\u00eda de forma segura a la carga completa &#8211; <\/span><\/strong><i><span style=\"color: #10069f;\">Con\u00e9ctelo a la bater\u00eda y OptiMate 6 Select har\u00e1 el resto, \u00a1sin necesidad de supervisi\u00f3n!<\/span><\/i><\/h6>\n<h6 style=\"text-align: center;\"><img loading=\"lazy\" decoding=\"async\" class=\"aligncenter wp-image-20876\" src=\"https:\/\/optimate1.com\/wp-content\/uploads\/2020\/12\/connect-save-charge-optimize-maintain-200.png\" alt=\"The fully automatic multi-step program to full charge the battery safely. \" width=\"428\" height=\"70\" \/><\/h6>\n<p>&nbsp;<\/p>\n<p>&nbsp;<\/p>\n<h4 style=\"text-align: center;\"><strong><span style=\"text-decoration: underline;\">M\u00c1S CARACTER\u00cdSTICAS:<\/span><\/strong><\/h4>\n<p style=\"text-align: center;\">\n<table id=\"tablepress-550\" class=\"tablepress tablepress-id-550\">\n<tbody class=\"row-hover\">\n<tr class=\"row-1\">\n\t<td class=\"column-1\"><a href=\"\"><img loading=\"lazy\" decoding=\"async\" src=\"https:\/\/optimate1.com\/wp-content\/uploads\/2023\/11\/TM370-batteries.png\" alt=\"\" width=\"300\" height=\"50\" class=\"aligncenter size-medium wp-image-20927\" \/><\/a><body><h6><center>Para bater\u00edas de plomo-\u00e1cido (Pb) de 12V de arranque para autom\u00f3viles (SLI), incluidas las STD (con tapones de llenado), AGM, GEL (VRLA selladas) y EFB, as\u00ed como bater\u00edas de ciclo profundo.<\/body><\/h6><\/center><br \/>\n<\/td>\n<\/tr>\n<tr class=\"row-2\">\n\t<td class=\"column-1\"><a href=\"\"><img loading=\"lazy\" decoding=\"async\" src=\"https:\/\/optimate1.com\/wp-content\/uploads\/2020\/12\/Ampmatic-SFL200.png\" alt=\"\" width=\"300\" height=\"50\" class=\"aligncenter size-medium wp-image-20927\" \/><\/a><body><h6><center>Ajusta autom\u00e1ticamente la corriente para adaptarse al tama\u00f1o y estado de la bater\u00eda.<\/body><\/h6><\/center><br \/>\n<\/td>\n<\/tr>\n<tr class=\"row-3\">\n\t<td class=\"column-1\"><a href=\"\"><img loading=\"lazy\" decoding=\"async\" src=\"https:\/\/optimate1.com\/wp-content\/uploads\/2020\/12\/Ambient-SFL200-1.png\" alt=\"\" width=\"300\" height=\"50\" class=\"aligncenter size-medium wp-image-20928\" \/><\/a><body><h6><center>Compensaci\u00f3n de temperatura: El voltaje se ajusta m\u00e1s alto cuando hace fr\u00edo, o m\u00e1s bajo cuando hace calor.<\/body><\/h6><\/center><\/td>\n<\/tr>\n<tr class=\"row-4\">\n\t<td class=\"column-1\"><a href=\"\"><img loading=\"lazy\" decoding=\"async\" src=\"https:\/\/optimate1.com\/wp-content\/uploads\/2020\/12\/SAFE-connected-x2-300x49.jpg\" alt=\"\" width=\"300\" height=\"50\" class=\"aligncenter size-medium wp-image-20995\" srcset=\"https:\/\/optimate1.com\/wp-content\/uploads\/2020\/12\/SAFE-connected-x2-300x49.jpg 300w, https:\/\/optimate1.com\/wp-content\/uploads\/2020\/12\/SAFE-connected-x2-600x98.jpg 600w, https:\/\/optimate1.com\/wp-content\/uploads\/2020\/12\/SAFE-connected-x2-64x10.jpg 64w, https:\/\/optimate1.com\/wp-content\/uploads\/2020\/12\/SAFE-connected-x2-768x126.jpg 768w, https:\/\/optimate1.com\/wp-content\/uploads\/2020\/12\/SAFE-connected-x2.jpg 856w\" sizes=\"auto, (max-width: 300px) 100vw, 300px\" \/><\/a><body><h6><center>Seguro para dejar conectado. Protecci\u00f3n electr\u00f3nica completa.<\/body><\/h6><\/center><\/td>\n<\/tr>\n<tr class=\"row-5\">\n\t<td class=\"column-1\"><a href=\"\"><img loading=\"lazy\" decoding=\"async\" src=\"https:\/\/optimate1.com\/wp-content\/uploads\/2020\/12\/24-7-x2-300x49.png\" alt=\"\" width=\"300\" height=\"50\" class=\"aligncenter size-medium wp-image-20982\" srcset=\"https:\/\/optimate1.com\/wp-content\/uploads\/2020\/12\/24-7-x2-300x49.png 300w, https:\/\/optimate1.com\/wp-content\/uploads\/2020\/12\/24-7-x2-600x98.png 600w, https:\/\/optimate1.com\/wp-content\/uploads\/2020\/12\/24-7-x2-64x10.png 64w, https:\/\/optimate1.com\/wp-content\/uploads\/2020\/12\/24-7-x2-768x126.png 768w, https:\/\/optimate1.com\/wp-content\/uploads\/2020\/12\/24-7-x2.png 856w\" sizes=\"auto, (max-width: 300px) 100vw, 300px\" \/><\/a><body><h6><center>Mantiene la bater\u00eda a plena carga y en buen estado.<\/center><\/h6><\/body><\/td>\n<\/tr>\n<tr class=\"row-6\">\n\t<td class=\"column-1\"><a href=\"\"><img loading=\"lazy\" decoding=\"async\" src=\"https:\/\/optimate1.com\/wp-content\/uploads\/2020\/12\/SAVE-dead-battery-x2-300x49.png\" alt=\"\" width=\"300\" height=\"50\" class=\"aligncenter size-medium wp-image-20993\" srcset=\"https:\/\/optimate1.com\/wp-content\/uploads\/2020\/12\/SAVE-dead-battery-x2-300x49.png 300w, https:\/\/optimate1.com\/wp-content\/uploads\/2020\/12\/SAVE-dead-battery-x2-64x10.png 64w, https:\/\/optimate1.com\/wp-content\/uploads\/2020\/12\/SAVE-dead-battery-x2.png 428w\" sizes=\"auto, (max-width: 300px) 100vw, 300px\" \/><\/a><body><h6><center>Salva su bater\u00eda \"muerta\" de tan s\u00f3lo 0.5V.<\/body><\/h6><\/center><\/td>\n<\/tr>\n<tr class=\"row-7\">\n\t<td class=\"column-1\"><a href=\"\"><img loading=\"lazy\" decoding=\"async\" src=\"https:\/\/optimate1.com\/wp-content\/uploads\/2020\/12\/state-of-health-test-3-LEDx2-300x49.png\" alt=\"\" width=\"300\" height=\"50\" class=\"aligncenter size-medium wp-image-20985\" srcset=\"https:\/\/optimate1.com\/wp-content\/uploads\/2020\/12\/state-of-health-test-3-LEDx2-300x49.png 300w, https:\/\/optimate1.com\/wp-content\/uploads\/2020\/12\/state-of-health-test-3-LEDx2-600x98.png 600w, https:\/\/optimate1.com\/wp-content\/uploads\/2020\/12\/state-of-health-test-3-LEDx2-64x10.png 64w, https:\/\/optimate1.com\/wp-content\/uploads\/2020\/12\/state-of-health-test-3-LEDx2-768x126.png 768w, https:\/\/optimate1.com\/wp-content\/uploads\/2020\/12\/state-of-health-test-3-LEDx2.png 856w\" sizes=\"auto, (max-width: 300px) 100vw, 300px\" \/><\/a><body><Prueba el estado de salud de la bater\u00eda.<\/body><\/h6><\/center><\/td>\n<\/tr>\n<tr class=\"row-8\">\n\t<td class=\"column-1\"><a href=\"\"><img loading=\"lazy\" decoding=\"async\" src=\"https:\/\/optimate1.com\/wp-content\/uploads\/2020\/12\/green-technology-hx2-1-300x49.png\" alt=\"\" width=\"300\" height=\"50\" class=\"aligncenter size-medium wp-image-20983\" \/><\/a><body><h6><center>50% menos de energ\u00eda, 50% menos de coste.<br \/>\n<strong>\u221a<\/strong> Correcci\u00f3n del factor de potencia<br \/>\n<strong>\u221a<\/strong> Rectificaci\u00f3n sincr\u00f3nica<\/body><\/h6><\/center><\/td>\n<\/tr>\n<tr class=\"row-9\">\n\t<td class=\"column-1\"><a href=\"\"><img loading=\"lazy\" decoding=\"async\" src=\"https:\/\/optimate1.com\/wp-content\/uploads\/2020\/12\/weatherproof-x2-300x49.png\" alt=\"\" width=\"300\" height=\"50\" class=\"aligncenter size-medium wp-image-21012\" srcset=\"https:\/\/optimate1.com\/wp-content\/uploads\/2020\/12\/weatherproof-x2-300x49.png 300w, https:\/\/optimate1.com\/wp-content\/uploads\/2020\/12\/weatherproof-x2-600x98.png 600w, https:\/\/optimate1.com\/wp-content\/uploads\/2020\/12\/weatherproof-x2-64x10.png 64w, https:\/\/optimate1.com\/wp-content\/uploads\/2020\/12\/weatherproof-x2-768x126.png 768w, https:\/\/optimate1.com\/wp-content\/uploads\/2020\/12\/weatherproof-x2.png 856w\" sizes=\"auto, (max-width: 300px) 100vw, 300px\" \/><\/a><body><h6><center>Resistente a la intemperie. Resistente hasta -40\u00b0C \/ -40\u00b0F.<\/body><\/h6><\/center><\/td>\n<\/tr>\n<\/tbody>\n<\/table>\n<!-- #tablepress-550 from cache --><\/p>\n","protected":false},"excerpt":{"rendered":"<h3><span style=\"color: #947c4e;\">Serie GOLD: Cargador-mantenedor de bater\u00eda sellada de 9 fases 12V 6A<\/span><\/h3>\n","protected":false},"featured_media":30005,"template":"","meta":[],"product_brand":[],"product_cat":[437],"product_tag":[],"class_list":{"0":"post-25550","1":"product","2":"type-product","3":"status-publish","4":"has-post-thumbnail","6":"product_cat-battery-chargers-es","7":"pa_charge-battery-chemistry-pb-agm-gel-std-lead-acid-es","8":"pa_charge-battery-more-auto-caravana","9":"pa_charge-battery-more-12v-es","10":"pa_charge-battery-more-4x4-aventuras","11":"pa_charge-battery-more-avion-luz","12":"pa_charge-battery-more-bote-motos-acuaticas","13":"pa_charge-battery-more-coche-camioneta","14":"pa_charge-battery-more-coche-clasico","15":"pa_charge-battery-more-optima-odyssey-es-2","16":"pa_charge-battery-more-tractor-construccion","17":"pa_power-ac-100-240vac-es","18":"pa_product-group-optimate-6-es","19":"pa_region-ca-es-2","20":"pa_region-eu-es-2","21":"pa_region-uk-es-2","22":"pa_region-us-es-2","23":"iside_voltage-12-es","24":"iside_ampere-6-es","25":"iside_vehicle-aviacion-es","26":"iside_vehicle-oldtimer-classic-car-es","27":"iside_vehicle-coche-de-alto-rendimiento-coche-de-carreras","28":"iside_vehicle-marine-es","29":"iside_charger_series-gold-advanced-es-2","30":"iside_charger_features-power-supply-tune-mode-es","31":"iside_charger_features-save-sulphated-pb-lead-acid-es","32":"iside_charger_type-single-es","33":"iside_battery_voltage-12v-es","34":"iside_battery_chemistry-pb-lead-acid-es","35":"thunk-woo-product-list","36":"opn-qv-enable","37":"big-store-woo-hover-","38":"open-single-product-tab-horizontal","39":"open-shadow-","40":"open-shadow-hover-","42":"first","43":"instock","44":"featured","45":"shipping-taxable","46":"purchasable","47":"product-type-simple"},"yoast_head":"<!-- This site is optimized with the Yoast SEO plugin v27.2 - https:\/\/yoast.com\/product\/yoast-seo-wordpress\/ -->\n<title>OptiMate 6 Select - OptiMate<\/title>\n<meta name=\"description\" content=\"El OptiMate 6 Select es el cargador de bater\u00edas PRO choice que obtiene todo el potencial de su bater\u00eda de 12V de alto rendimiento. Leer m\u00e1s!\" \/>\n<meta name=\"robots\" content=\"index, follow, max-snippet:-1, max-image-preview:large, max-video-preview:-1, noarchive\" \/>\n<link rel=\"canonical\" href=\"https:\/\/optimate1.com\/es\/producto\/optimate-6-select-2\/\" \/>\n<meta property=\"og:locale\" content=\"es_ES\" \/>\n<meta property=\"og:type\" content=\"article\" \/>\n<meta property=\"og:title\" content=\"OptiMate 6 Select - OptiMate\" \/>\n<meta property=\"og:description\" content=\"El OptiMate 6 Select es el cargador de bater\u00edas PRO choice que obtiene todo el potencial de su bater\u00eda de 12V de alto rendimiento. Leer m\u00e1s!\" \/>\n<meta property=\"og:url\" content=\"https:\/\/optimate1.com\/es\/producto\/optimate-6-select-2\/\" \/>\n<meta property=\"og:site_name\" content=\"OptiMate\" \/>\n<meta property=\"article:publisher\" content=\"https:\/\/www.facebook.com\/OptiMatebatterysavingcharger\/\" \/>\n<meta property=\"article:modified_time\" content=\"2026-04-16T12:41:56+00:00\" \/>\n<meta property=\"og:image\" content=\"https:\/\/optimate1.com\/wp-content\/uploads\/2022\/07\/OptiMate-6-SELECT-GOLD-corner-es.png\" \/>\n\t<meta property=\"og:image:width\" content=\"900\" \/>\n\t<meta property=\"og:image:height\" content=\"900\" \/>\n\t<meta property=\"og:image:type\" content=\"image\/png\" \/>\n<meta name=\"twitter:card\" content=\"summary_large_image\" \/>\n<meta name=\"twitter:label1\" content=\"Tiempo de lectura\" \/>\n\t<meta name=\"twitter:data1\" content=\"2 minutos\" \/>\n<script type=\"application\/ld+json\" class=\"yoast-schema-graph\">{\"@context\":\"https:\/\/schema.org\",\"@graph\":[{\"@type\":\"WebPage\",\"@id\":\"https:\/\/optimate1.com\/es\/producto\/optimate-6-select-2\/\",\"url\":\"https:\/\/optimate1.com\/es\/producto\/optimate-6-select-2\/\",\"name\":\"OptiMate 6 Select - OptiMate\",\"isPartOf\":{\"@id\":\"https:\/\/optimate1.com\/#website\"},\"primaryImageOfPage\":{\"@id\":\"https:\/\/optimate1.com\/es\/producto\/optimate-6-select-2\/#primaryimage\"},\"image\":{\"@id\":\"https:\/\/optimate1.com\/es\/producto\/optimate-6-select-2\/#primaryimage\"},\"thumbnailUrl\":\"https:\/\/optimate1.com\/wp-content\/uploads\/2022\/07\/OptiMate-6-SELECT-GOLD-corner-es.png\",\"datePublished\":\"2020-12-17T09:17:38+00:00\",\"dateModified\":\"2026-04-16T12:41:56+00:00\",\"description\":\"El OptiMate 6 Select es el cargador de bater\u00edas PRO choice que obtiene todo el potencial de su bater\u00eda de 12V de alto rendimiento. Leer m\u00e1s!\",\"breadcrumb\":{\"@id\":\"https:\/\/optimate1.com\/es\/producto\/optimate-6-select-2\/#breadcrumb\"},\"inLanguage\":\"es\",\"potentialAction\":[{\"@type\":\"ReadAction\",\"target\":[\"https:\/\/optimate1.com\/es\/producto\/optimate-6-select-2\/\"]}]},{\"@type\":\"ImageObject\",\"inLanguage\":\"es\",\"@id\":\"https:\/\/optimate1.com\/es\/producto\/optimate-6-select-2\/#primaryimage\",\"url\":\"https:\/\/optimate1.com\/wp-content\/uploads\/2022\/07\/OptiMate-6-SELECT-GOLD-corner-es.png\",\"contentUrl\":\"https:\/\/optimate1.com\/wp-content\/uploads\/2022\/07\/OptiMate-6-SELECT-GOLD-corner-es.png\",\"width\":900,\"height\":900,\"caption\":\"optimate select imagen del producto\"},{\"@type\":\"BreadcrumbList\",\"@id\":\"https:\/\/optimate1.com\/es\/producto\/optimate-6-select-2\/#breadcrumb\",\"itemListElement\":[{\"@type\":\"ListItem\",\"position\":1,\"name\":\"Home\",\"item\":\"https:\/\/optimate1.com\/\"},{\"@type\":\"ListItem\",\"position\":2,\"name\":\"Productos\",\"item\":\"https:\/\/optimate1.com\/shop\/\"},{\"@type\":\"ListItem\",\"position\":3,\"name\":\"OptiMate 6 Select\"}]},{\"@type\":\"WebSite\",\"@id\":\"https:\/\/optimate1.com\/#website\",\"url\":\"https:\/\/optimate1.com\/\",\"name\":\"OptiMate\",\"description\":\"Battery Chargers &amp; Accessories\",\"publisher\":{\"@id\":\"https:\/\/optimate1.com\/#organization\"},\"potentialAction\":[{\"@type\":\"SearchAction\",\"target\":{\"@type\":\"EntryPoint\",\"urlTemplate\":\"https:\/\/optimate1.com\/?s={search_term_string}\"},\"query-input\":{\"@type\":\"PropertyValueSpecification\",\"valueRequired\":true,\"valueName\":\"search_term_string\"}}],\"inLanguage\":\"es\"},{\"@type\":\"Organization\",\"@id\":\"https:\/\/optimate1.com\/#organization\",\"name\":\"OptiMate\",\"url\":\"https:\/\/optimate1.com\/\",\"logo\":{\"@type\":\"ImageObject\",\"inLanguage\":\"es\",\"@id\":\"https:\/\/optimate1.com\/#\/schema\/logo\/image\/\",\"url\":\"https:\/\/optimate1.com\/wp-content\/uploads\/2021\/06\/optimate-hpbc-stacklogo.jpg\",\"contentUrl\":\"https:\/\/optimate1.com\/wp-content\/uploads\/2021\/06\/optimate-hpbc-stacklogo.jpg\",\"width\":1025,\"height\":529,\"caption\":\"OptiMate\"},\"image\":{\"@id\":\"https:\/\/optimate1.com\/#\/schema\/logo\/image\/\"},\"sameAs\":[\"https:\/\/www.facebook.com\/OptiMatebatterysavingcharger\/\"]}]}<\/script>\n<!-- \/ Yoast SEO plugin. -->","yoast_head_json":{"title":"OptiMate 6 Select - OptiMate","description":"El OptiMate 6 Select es el cargador de bater\u00edas PRO choice que obtiene todo el potencial de su bater\u00eda de 12V de alto rendimiento. Leer m\u00e1s!","robots":{"index":"index","follow":"follow","max-snippet":"max-snippet:-1","max-image-preview":"max-image-preview:large","max-video-preview":"max-video-preview:-1","archive":"noarchive"},"canonical":"https:\/\/optimate1.com\/es\/producto\/optimate-6-select-2\/","og_locale":"es_ES","og_type":"article","og_title":"OptiMate 6 Select - OptiMate","og_description":"El OptiMate 6 Select es el cargador de bater\u00edas PRO choice que obtiene todo el potencial de su bater\u00eda de 12V de alto rendimiento. Leer m\u00e1s!","og_url":"https:\/\/optimate1.com\/es\/producto\/optimate-6-select-2\/","og_site_name":"OptiMate","article_publisher":"https:\/\/www.facebook.com\/OptiMatebatterysavingcharger\/","article_modified_time":"2026-04-16T12:41:56+00:00","og_image":[{"width":900,"height":900,"url":"https:\/\/optimate1.com\/wp-content\/uploads\/2022\/07\/OptiMate-6-SELECT-GOLD-corner-es.png","type":"image\/png"}],"twitter_card":"summary_large_image","twitter_misc":{"Tiempo de lectura":"2 minutos"},"schema":{"@context":"https:\/\/schema.org","@graph":[{"@type":"WebPage","@id":"https:\/\/optimate1.com\/es\/producto\/optimate-6-select-2\/","url":"https:\/\/optimate1.com\/es\/producto\/optimate-6-select-2\/","name":"OptiMate 6 Select - OptiMate","isPartOf":{"@id":"https:\/\/optimate1.com\/#website"},"primaryImageOfPage":{"@id":"https:\/\/optimate1.com\/es\/producto\/optimate-6-select-2\/#primaryimage"},"image":{"@id":"https:\/\/optimate1.com\/es\/producto\/optimate-6-select-2\/#primaryimage"},"thumbnailUrl":"https:\/\/optimate1.com\/wp-content\/uploads\/2022\/07\/OptiMate-6-SELECT-GOLD-corner-es.png","datePublished":"2020-12-17T09:17:38+00:00","dateModified":"2026-04-16T12:41:56+00:00","description":"El OptiMate 6 Select es el cargador de bater\u00edas PRO choice que obtiene todo el potencial de su bater\u00eda de 12V de alto rendimiento. Leer m\u00e1s!","breadcrumb":{"@id":"https:\/\/optimate1.com\/es\/producto\/optimate-6-select-2\/#breadcrumb"},"inLanguage":"es","potentialAction":[{"@type":"ReadAction","target":["https:\/\/optimate1.com\/es\/producto\/optimate-6-select-2\/"]}]},{"@type":"ImageObject","inLanguage":"es","@id":"https:\/\/optimate1.com\/es\/producto\/optimate-6-select-2\/#primaryimage","url":"https:\/\/optimate1.com\/wp-content\/uploads\/2022\/07\/OptiMate-6-SELECT-GOLD-corner-es.png","contentUrl":"https:\/\/optimate1.com\/wp-content\/uploads\/2022\/07\/OptiMate-6-SELECT-GOLD-corner-es.png","width":900,"height":900,"caption":"optimate select imagen del producto"},{"@type":"BreadcrumbList","@id":"https:\/\/optimate1.com\/es\/producto\/optimate-6-select-2\/#breadcrumb","itemListElement":[{"@type":"ListItem","position":1,"name":"Home","item":"https:\/\/optimate1.com\/"},{"@type":"ListItem","position":2,"name":"Productos","item":"https:\/\/optimate1.com\/shop\/"},{"@type":"ListItem","position":3,"name":"OptiMate 6 Select"}]},{"@type":"WebSite","@id":"https:\/\/optimate1.com\/#website","url":"https:\/\/optimate1.com\/","name":"OptiMate","description":"Battery Chargers &amp; Accessories","publisher":{"@id":"https:\/\/optimate1.com\/#organization"},"potentialAction":[{"@type":"SearchAction","target":{"@type":"EntryPoint","urlTemplate":"https:\/\/optimate1.com\/?s={search_term_string}"},"query-input":{"@type":"PropertyValueSpecification","valueRequired":true,"valueName":"search_term_string"}}],"inLanguage":"es"},{"@type":"Organization","@id":"https:\/\/optimate1.com\/#organization","name":"OptiMate","url":"https:\/\/optimate1.com\/","logo":{"@type":"ImageObject","inLanguage":"es","@id":"https:\/\/optimate1.com\/#\/schema\/logo\/image\/","url":"https:\/\/optimate1.com\/wp-content\/uploads\/2021\/06\/optimate-hpbc-stacklogo.jpg","contentUrl":"https:\/\/optimate1.com\/wp-content\/uploads\/2021\/06\/optimate-hpbc-stacklogo.jpg","width":1025,"height":529,"caption":"OptiMate"},"image":{"@id":"https:\/\/optimate1.com\/#\/schema\/logo\/image\/"},"sameAs":["https:\/\/www.facebook.com\/OptiMatebatterysavingcharger\/"]}]}},"_links":{"self":[{"href":"https:\/\/optimate1.com\/es\/wp-json\/wp\/v2\/product\/25550","targetHints":{"allow":["GET"]}}],"collection":[{"href":"https:\/\/optimate1.com\/es\/wp-json\/wp\/v2\/product"}],"about":[{"href":"https:\/\/optimate1.com\/es\/wp-json\/wp\/v2\/types\/product"}],"wp:featuredmedia":[{"embeddable":true,"href":"https:\/\/optimate1.com\/es\/wp-json\/wp\/v2\/media\/30005"}],"wp:attachment":[{"href":"https:\/\/optimate1.com\/es\/wp-json\/wp\/v2\/media?parent=25550"}],"wp:term":[{"taxonomy":"product_brand","embeddable":true,"href":"https:\/\/optimate1.com\/es\/wp-json\/wp\/v2\/product_brand?post=25550"},{"taxonomy":"product_cat","embeddable":true,"href":"https:\/\/optimate1.com\/es\/wp-json\/wp\/v2\/product_cat?post=25550"},{"taxonomy":"product_tag","embeddable":true,"href":"https:\/\/optimate1.com\/es\/wp-json\/wp\/v2\/product_tag?post=25550"}],"curies":[{"name":"wp","href":"https:\/\/api.w.org\/{rel}","templated":true}]}}