{"id":30791,"date":"2022-09-13T07:04:34","date_gmt":"2022-09-13T11:04:34","guid":{"rendered":"https:\/\/optimate1.com\/product\/0-126\/"},"modified":"2023-01-04T04:22:20","modified_gmt":"2023-01-04T09:22:20","slug":"0-126","status":"publish","type":"product","link":"https:\/\/optimate1.com\/es\/producto\/0-126\/","title":{"rendered":"OptiMate MONITOR O-126"},"content":{"rendered":"<h3 class=\"entry-summary hidden-phone\"><strong>De SAE a adaptador de toma de 12V DIN\/AUTO con monitor de estado de carga que se conecta directamente al puerto de alimentaci\u00f3n de 12V de su motocicleta, ATV\/SxS, coche, camioneta o embarcaci\u00f3n &#8211; <i>Adaptador con estado de bater\u00eda 24\/7 con solo parpadear un LED!<\/i><\/strong><\/h3>\n<h6 style=\"text-align: center;\"><img loading=\"lazy\" decoding=\"async\" class=\"aligncenter wp-image-20660\" src=\"https:\/\/optimate1.com\/wp-content\/uploads\/2022\/04\/O-125v2-battery-range-copy-01.png\" alt=\"The SAE to SAE adapter is ideal for 12V lead-acid &amp; 12.8V lithium LFP batteries.\" width=\"321\" height=\"75\" \/><img loading=\"lazy\" decoding=\"async\" class=\"aligncenter wp-image-20668\" src=\"https:\/\/optimate1.com\/wp-content\/uploads\/2022\/09\/3-O-125-vehicles-copy.png\" alt=\"The SAE to SAE adapter is recommended for motorcycles, side by side UTV and ATV.\" width=\"220\" height=\"80\" \/><strong><span style=\"color: #10069f;\">Ideal para bater\u00edas de plomo-\u00e1cido de 12V y bater\u00edas de iones de litio de 12.8V en los veh\u00edculos y embarcaciones mencionados anteriormente.<\/span><\/strong><\/h6>\n<p>&nbsp;<\/p>\n<h6 style=\"text-align: center;\"><img loading=\"lazy\" decoding=\"async\" class=\"aligncenter wp-image-20876\" src=\"https:\/\/optimate1.com\/wp-content\/uploads\/2022\/09\/auto-din-plug.png\" alt=\"This cable is SAE to SAE.\" width=\"280\" height=\"100\" \/><\/h6>\n<h6 style=\"text-align: center;\"><strong><span style=\"color: #10069f;\"><b><br \/>\nSe adapta tanto a enchufes de coche como de motocicleta.<\/b><\/span><\/strong><\/h6>\n<p>&nbsp;<\/p>\n<h6 style=\"text-align: center;\"><img loading=\"lazy\" decoding=\"async\" class=\"aligncenter wp-image-20876\" src=\"https:\/\/optimate1.com\/wp-content\/uploads\/2022\/09\/O126v2-length-copy-3.png\" alt=\"The SAE to SAE adapter connection system fits any SAE standard 2-pin connector.\" width=\"428\" height=\"70\" \/><\/h6>\n<h6 style=\"text-align: center;\"><strong><span style=\"color: #10069f;\"><b>El sistema de conexi\u00f3n SAE se adapta a cualquier conector de 2 clavijas est\u00e1ndar SAE, incluye un sello en l\u00ednea que se acopla con el SAE de OptiMate<\/b> &#8211; <\/span><\/strong><i><span style=\"color: #10069f;\">\u00a1M\u00e1xima calidad!<\/span><\/i><\/h6>\n<p>&nbsp;<\/p>\n<h4 style=\"text-align: center;\"><strong><span style=\"text-decoration: underline;\">MONITOR DEL ESTADO DE CARGA DE LA BATER\u00cdA:<\/span><\/strong><\/h4>\n<p style=\"text-align: center;\">\n<table id=\"tablepress-177\" class=\"tablepress tablepress-id-177\">\n<tbody class=\"row-hover\">\n<tr class=\"row-1\">\n\t<td class=\"column-1\"><a href=\"\"><img loading=\"lazy\" decoding=\"async\" src=\"https:\/\/optimate1.com\/wp-content\/uploads\/2022\/04\/with-rubber-sealing-cap-01.png\" alt=\"\" width=\"600\" height=\"70\" class=\"aligncenter size-medium wp-image-20927\" \/><\/a><body><h6><center>Con tap\u00f3n de sellado impermeable. <\/body><\/h6><\/center><br \/>\n<\/td>\n<\/tr>\n<tr class=\"row-2\">\n\t<td class=\"column-1\"><a href=\"\"><img loading=\"lazy\" decoding=\"async\" src=\"https:\/\/optimate1.com\/wp-content\/uploads\/2022\/04\/LEDs-2-lfp-blinks-01.png\" alt=\"\" width=\"232\" height=\"80\" class=\"aligncenter size-medium wp-image-20927\" \/><\/a><body><h6><center>Indicaci\u00f3n del estado de la bater\u00eda cada 3 segundos (el LED parpadea). <\/body><\/h6><\/center><br \/>\n<\/td>\n<\/tr>\n<tr class=\"row-3\">\n\t<td class=\"column-1\"><a href=\"\"><img loading=\"lazy\" decoding=\"async\" src=\"https:\/\/optimate1.com\/wp-content\/uploads\/2022\/04\/LEDs-2-agm-01.png\" alt=\"\" width=\"232\" height=\"80\" class=\"aligncenter size-medium wp-image-20982\" \/><\/a><body><h6><center>Indicaci\u00f3n de estado de una bater\u00eda para AGM de alto rendimiento.<\/center><\/h6><\/body><\/td>\n<\/tr>\n<tr class=\"row-4\">\n\t<td class=\"column-1\"><a href=\"\"><img loading=\"lazy\" decoding=\"async\" src=\"https:\/\/optimate1.com\/wp-content\/uploads\/2022\/04\/LEDs-2-lfp-01.png\" alt=\"\" width=\"232\" height=\"80\" class=\"aligncenter size-medium wp-image-20993\" \/><\/a><body><h6><center>Indicaci\u00f3n de estado de una bater\u00eda para lithium-ion LFP de alto rendimiento.<\/body><\/h6><\/center><\/td>\n<\/tr>\n<\/tbody>\n<\/table>\n<!-- #tablepress-177 from cache --><\/p>\n","protected":false},"excerpt":{"rendered":"<h3><span style=\"color: #cd202c;\">Monitor de sistema de carga\/estado de bater\u00eda para bater\u00edas de \u00e1cido de 12V y de iones de litio de 12.8V, con conector DIN\/AUTO.<\/span><\/h3>\n","protected":false},"featured_media":30792,"template":"","meta":[],"product_brand":[],"product_cat":[2252,1067,444,2251],"product_tag":[],"class_list":{"0":"post-30791","1":"product","2":"type-product","3":"status-publish","4":"has-post-thumbnail","6":"product_cat-accessories-es","7":"product_cat-cablesconnectors-es","8":"product_cat-battery-testers-es","9":"product_cat-marine-es","10":"pa_cable-type-d21mm-plug-adapter-es","11":"pa_cable-type-smart-led-monitor-es","12":"pa_connector-type-auto-es","13":"pa_region-ca-es-2","14":"pa_region-eu-es-2","15":"pa_region-uk-es-2","16":"pa_region-us-es-2","17":"iside_cable_type-cable-de-bateria-con-monitor","18":"iside_connector_type-automatico-estandar-22mm-es","19":"compatible_with-toma-de-corriente-de-12v-para-coche","20":"compatible_with-toma-de-corriente-estandar-de-12v-para-motocicleta","21":"compatible_with-toma-din-bmw-triumph","22":"thunk-woo-product-list","23":"opn-qv-enable","24":"big-store-woo-hover-","25":"open-single-product-tab-horizontal","26":"open-shadow-","27":"open-shadow-hover-","29":"first","30":"instock","31":"featured","32":"shipping-taxable","33":"purchasable","34":"product-type-simple"},"yoast_head":"<!-- This site is optimized with the Yoast SEO plugin v27.2 - https:\/\/yoast.com\/product\/yoast-seo-wordpress\/ -->\n<title>OptiMate MONITOR O-126 - OptiMate<\/title>\n<meta name=\"description\" content=\"El OptiMate MONITOR O-126 es un adaptador SAE a enchufe con monitor de estado de carga para deportes de alimentaci\u00f3n de 12V.\" \/>\n<meta name=\"robots\" content=\"index, follow, max-snippet:-1, max-image-preview:large, max-video-preview:-1, noarchive\" \/>\n<link rel=\"canonical\" href=\"https:\/\/optimate1.com\/product\/0-126\/\" \/>\n<meta property=\"og:locale\" content=\"es_ES\" \/>\n<meta property=\"og:type\" content=\"article\" \/>\n<meta property=\"og:title\" content=\"OptiMate MONITOR O-126 - OptiMate\" \/>\n<meta property=\"og:description\" content=\"El OptiMate MONITOR O-126 es un adaptador SAE a enchufe con monitor de estado de carga para deportes de alimentaci\u00f3n de 12V.\" \/>\n<meta property=\"og:url\" content=\"https:\/\/optimate1.com\/product\/0-126\/\" \/>\n<meta property=\"og:site_name\" content=\"OptiMate\" \/>\n<meta property=\"article:publisher\" content=\"https:\/\/www.facebook.com\/OptiMatebatterysavingcharger\/\" \/>\n<meta property=\"article:modified_time\" content=\"2023-01-04T09:22:20+00:00\" \/>\n<meta property=\"og:image\" content=\"https:\/\/optimate1.com\/wp-content\/uploads\/2022\/09\/O126v2-3-es-copy.jpg\" \/>\n\t<meta property=\"og:image:width\" content=\"1500\" \/>\n\t<meta property=\"og:image:height\" content=\"1501\" \/>\n\t<meta property=\"og:image:type\" content=\"image\/jpeg\" \/>\n<meta name=\"twitter:card\" content=\"summary_large_image\" \/>\n<meta name=\"twitter:label1\" content=\"Tiempo de lectura\" \/>\n\t<meta name=\"twitter:data1\" content=\"2 minutos\" \/>\n<script type=\"application\/ld+json\" class=\"yoast-schema-graph\">{\"@context\":\"https:\/\/schema.org\",\"@graph\":[{\"@type\":\"WebPage\",\"@id\":\"https:\/\/optimate1.com\/product\/0-126\/\",\"url\":\"https:\/\/optimate1.com\/product\/0-126\/\",\"name\":\"OptiMate MONITOR O-126 - OptiMate\",\"isPartOf\":{\"@id\":\"https:\/\/optimate1.com\/#website\"},\"primaryImageOfPage\":{\"@id\":\"https:\/\/optimate1.com\/product\/0-126\/#primaryimage\"},\"image\":{\"@id\":\"https:\/\/optimate1.com\/product\/0-126\/#primaryimage\"},\"thumbnailUrl\":\"https:\/\/optimate1.com\/wp-content\/uploads\/2022\/09\/O126v2-3-es-copy.jpg\",\"datePublished\":\"2022-09-13T11:04:34+00:00\",\"dateModified\":\"2023-01-04T09:22:20+00:00\",\"description\":\"El OptiMate MONITOR O-126 es un adaptador SAE a enchufe con monitor de estado de carga para deportes de alimentaci\u00f3n de 12V.\",\"breadcrumb\":{\"@id\":\"https:\/\/optimate1.com\/product\/0-126\/#breadcrumb\"},\"inLanguage\":\"es\",\"potentialAction\":[{\"@type\":\"ReadAction\",\"target\":[\"https:\/\/optimate1.com\/product\/0-126\/\"]}]},{\"@type\":\"ImageObject\",\"inLanguage\":\"es\",\"@id\":\"https:\/\/optimate1.com\/product\/0-126\/#primaryimage\",\"url\":\"https:\/\/optimate1.com\/wp-content\/uploads\/2022\/09\/O126v2-3-es-copy.jpg\",\"contentUrl\":\"https:\/\/optimate1.com\/wp-content\/uploads\/2022\/09\/O126v2-3-es-copy.jpg\",\"width\":1500,\"height\":1501},{\"@type\":\"BreadcrumbList\",\"@id\":\"https:\/\/optimate1.com\/product\/0-126\/#breadcrumb\",\"itemListElement\":[{\"@type\":\"ListItem\",\"position\":1,\"name\":\"Home\",\"item\":\"https:\/\/optimate1.com\/\"},{\"@type\":\"ListItem\",\"position\":2,\"name\":\"Productos\",\"item\":\"https:\/\/optimate1.com\/shop\/\"},{\"@type\":\"ListItem\",\"position\":3,\"name\":\"OptiMate MONITOR O-126\"}]},{\"@type\":\"WebSite\",\"@id\":\"https:\/\/optimate1.com\/#website\",\"url\":\"https:\/\/optimate1.com\/\",\"name\":\"OptiMate\",\"description\":\"Battery Chargers &amp; Accessories\",\"publisher\":{\"@id\":\"https:\/\/optimate1.com\/#organization\"},\"potentialAction\":[{\"@type\":\"SearchAction\",\"target\":{\"@type\":\"EntryPoint\",\"urlTemplate\":\"https:\/\/optimate1.com\/?s={search_term_string}\"},\"query-input\":{\"@type\":\"PropertyValueSpecification\",\"valueRequired\":true,\"valueName\":\"search_term_string\"}}],\"inLanguage\":\"es\"},{\"@type\":\"Organization\",\"@id\":\"https:\/\/optimate1.com\/#organization\",\"name\":\"OptiMate\",\"url\":\"https:\/\/optimate1.com\/\",\"logo\":{\"@type\":\"ImageObject\",\"inLanguage\":\"es\",\"@id\":\"https:\/\/optimate1.com\/#\/schema\/logo\/image\/\",\"url\":\"https:\/\/optimate1.com\/wp-content\/uploads\/2021\/06\/optimate-hpbc-stacklogo.jpg\",\"contentUrl\":\"https:\/\/optimate1.com\/wp-content\/uploads\/2021\/06\/optimate-hpbc-stacklogo.jpg\",\"width\":1025,\"height\":529,\"caption\":\"OptiMate\"},\"image\":{\"@id\":\"https:\/\/optimate1.com\/#\/schema\/logo\/image\/\"},\"sameAs\":[\"https:\/\/www.facebook.com\/OptiMatebatterysavingcharger\/\"]}]}<\/script>\n<!-- \/ Yoast SEO plugin. -->","yoast_head_json":{"title":"OptiMate MONITOR O-126 - OptiMate","description":"El OptiMate MONITOR O-126 es un adaptador SAE a enchufe con monitor de estado de carga para deportes de alimentaci\u00f3n de 12V.","robots":{"index":"index","follow":"follow","max-snippet":"max-snippet:-1","max-image-preview":"max-image-preview:large","max-video-preview":"max-video-preview:-1","archive":"noarchive"},"canonical":"https:\/\/optimate1.com\/product\/0-126\/","og_locale":"es_ES","og_type":"article","og_title":"OptiMate MONITOR O-126 - OptiMate","og_description":"El OptiMate MONITOR O-126 es un adaptador SAE a enchufe con monitor de estado de carga para deportes de alimentaci\u00f3n de 12V.","og_url":"https:\/\/optimate1.com\/product\/0-126\/","og_site_name":"OptiMate","article_publisher":"https:\/\/www.facebook.com\/OptiMatebatterysavingcharger\/","article_modified_time":"2023-01-04T09:22:20+00:00","og_image":[{"width":1500,"height":1501,"url":"https:\/\/optimate1.com\/wp-content\/uploads\/2022\/09\/O126v2-3-es-copy.jpg","type":"image\/jpeg"}],"twitter_card":"summary_large_image","twitter_misc":{"Tiempo de lectura":"2 minutos"},"schema":{"@context":"https:\/\/schema.org","@graph":[{"@type":"WebPage","@id":"https:\/\/optimate1.com\/product\/0-126\/","url":"https:\/\/optimate1.com\/product\/0-126\/","name":"OptiMate MONITOR O-126 - OptiMate","isPartOf":{"@id":"https:\/\/optimate1.com\/#website"},"primaryImageOfPage":{"@id":"https:\/\/optimate1.com\/product\/0-126\/#primaryimage"},"image":{"@id":"https:\/\/optimate1.com\/product\/0-126\/#primaryimage"},"thumbnailUrl":"https:\/\/optimate1.com\/wp-content\/uploads\/2022\/09\/O126v2-3-es-copy.jpg","datePublished":"2022-09-13T11:04:34+00:00","dateModified":"2023-01-04T09:22:20+00:00","description":"El OptiMate MONITOR O-126 es un adaptador SAE a enchufe con monitor de estado de carga para deportes de alimentaci\u00f3n de 12V.","breadcrumb":{"@id":"https:\/\/optimate1.com\/product\/0-126\/#breadcrumb"},"inLanguage":"es","potentialAction":[{"@type":"ReadAction","target":["https:\/\/optimate1.com\/product\/0-126\/"]}]},{"@type":"ImageObject","inLanguage":"es","@id":"https:\/\/optimate1.com\/product\/0-126\/#primaryimage","url":"https:\/\/optimate1.com\/wp-content\/uploads\/2022\/09\/O126v2-3-es-copy.jpg","contentUrl":"https:\/\/optimate1.com\/wp-content\/uploads\/2022\/09\/O126v2-3-es-copy.jpg","width":1500,"height":1501},{"@type":"BreadcrumbList","@id":"https:\/\/optimate1.com\/product\/0-126\/#breadcrumb","itemListElement":[{"@type":"ListItem","position":1,"name":"Home","item":"https:\/\/optimate1.com\/"},{"@type":"ListItem","position":2,"name":"Productos","item":"https:\/\/optimate1.com\/shop\/"},{"@type":"ListItem","position":3,"name":"OptiMate MONITOR O-126"}]},{"@type":"WebSite","@id":"https:\/\/optimate1.com\/#website","url":"https:\/\/optimate1.com\/","name":"OptiMate","description":"Battery Chargers &amp; Accessories","publisher":{"@id":"https:\/\/optimate1.com\/#organization"},"potentialAction":[{"@type":"SearchAction","target":{"@type":"EntryPoint","urlTemplate":"https:\/\/optimate1.com\/?s={search_term_string}"},"query-input":{"@type":"PropertyValueSpecification","valueRequired":true,"valueName":"search_term_string"}}],"inLanguage":"es"},{"@type":"Organization","@id":"https:\/\/optimate1.com\/#organization","name":"OptiMate","url":"https:\/\/optimate1.com\/","logo":{"@type":"ImageObject","inLanguage":"es","@id":"https:\/\/optimate1.com\/#\/schema\/logo\/image\/","url":"https:\/\/optimate1.com\/wp-content\/uploads\/2021\/06\/optimate-hpbc-stacklogo.jpg","contentUrl":"https:\/\/optimate1.com\/wp-content\/uploads\/2021\/06\/optimate-hpbc-stacklogo.jpg","width":1025,"height":529,"caption":"OptiMate"},"image":{"@id":"https:\/\/optimate1.com\/#\/schema\/logo\/image\/"},"sameAs":["https:\/\/www.facebook.com\/OptiMatebatterysavingcharger\/"]}]}},"_links":{"self":[{"href":"https:\/\/optimate1.com\/es\/wp-json\/wp\/v2\/product\/30791","targetHints":{"allow":["GET"]}}],"collection":[{"href":"https:\/\/optimate1.com\/es\/wp-json\/wp\/v2\/product"}],"about":[{"href":"https:\/\/optimate1.com\/es\/wp-json\/wp\/v2\/types\/product"}],"wp:featuredmedia":[{"embeddable":true,"href":"https:\/\/optimate1.com\/es\/wp-json\/wp\/v2\/media\/30792"}],"wp:attachment":[{"href":"https:\/\/optimate1.com\/es\/wp-json\/wp\/v2\/media?parent=30791"}],"wp:term":[{"taxonomy":"product_brand","embeddable":true,"href":"https:\/\/optimate1.com\/es\/wp-json\/wp\/v2\/product_brand?post=30791"},{"taxonomy":"product_cat","embeddable":true,"href":"https:\/\/optimate1.com\/es\/wp-json\/wp\/v2\/product_cat?post=30791"},{"taxonomy":"product_tag","embeddable":true,"href":"https:\/\/optimate1.com\/es\/wp-json\/wp\/v2\/product_tag?post=30791"}],"curies":[{"name":"wp","href":"https:\/\/api.w.org\/{rel}","templated":true}]}}