{"id":30809,"date":"2022-09-12T09:39:29","date_gmt":"2022-09-12T13:39:29","guid":{"rendered":"https:\/\/optimate1.com\/product\/om7-612v\/"},"modified":"2026-03-30T07:22:47","modified_gmt":"2026-03-30T11:22:47","slug":"om7-612v","status":"publish","type":"product","link":"https:\/\/optimate1.com\/es\/producto\/om7-612v\/","title":{"rendered":"OptiMate 7 6V\/12V"},"content":{"rendered":"<h3><strong>OptiMate 7 6V\/12V &#8216;GOLD series&#8217;, el cargador de bater\u00eda avanzado para bater\u00edas marinas y de ciclo profundo de plomo-\u00e1cido de 6V o 12V<\/strong>\u00a0&#8211;<i>\u00a0La mejor opci\u00f3n para las bater\u00edas de ciclo profundo.<\/i><\/h3>\n<h6 style=\"text-align: center;\"><img loading=\"lazy\" decoding=\"async\" class=\"aligncenter wp-image-20660\" src=\"https:\/\/optimate1.com\/wp-content\/uploads\/2022\/09\/TM263-batteries.png\" alt=\"The OptiMate 7 6V 12V battery charger is ideal for 6V and 12V deep cycle and marine batteries.\" width=\"428\" height=\"100\" \/><img loading=\"lazy\" decoding=\"async\" class=\"aligncenter wp-image-20668\" src=\"https:\/\/optimate1.com\/wp-content\/uploads\/2022\/09\/Vehicle-range-TM263.png\" alt=\"The OptiMate 7 6V 12V battery charger is recommended for maritime, industrial equipment, RV, cars and medical some equipment.\" width=\"428\" height=\"66\" \/><strong><span style=\"color: #10069f;\">Ideal para bater\u00edas de plomo-\u00e1cido (STD, AGM-MF, GEL, Ca-Ca) de 6V y 12V que se encuentran en los veh\u00edculos \/ embarcaciones y equipos anteriores.<\/span><\/strong><\/h6>\n<p>&nbsp;<\/p>\n<h6 style=\"text-align: center;\"><strong><img loading=\"lazy\" decoding=\"async\" class=\"aligncenter wp-image-20961\" src=\"https:\/\/optimate1.com\/wp-content\/uploads\/2022\/09\/voltage-programs.png\" alt=\"Select the right charge program when using the OptiMate 7 6V 12V battery charger: 3 charge modes for 6V and 3 charge modes for 12V.\" width=\"428\" height=\"70\" \/><\/strong><\/h6>\n<h6 style=\"text-align: center;\"><strong><span style=\"color: #10069f;\">Seleccione el voltaje de carga adecuado para su bater\u00eda de plomo-\u00e1cido de 6V o 12V, incluidas STD inundadas, AGM, GEL y Ca-Ca (plomo-calcio)<\/span><\/strong>\u00a0&#8211; <em><span style=\"color: #10069f;\">La selecci\u00f3n se guarda en la memoria aunque se pierda la conexi\u00f3n de alimentaci\u00f3n de CA.<\/span><\/em><\/h6>\n<p>&nbsp;<\/p>\n<h6 style=\"text-align: center;\"><img loading=\"lazy\" decoding=\"async\" class=\"aligncenter wp-image-20876\" src=\"https:\/\/optimate1.com\/wp-content\/uploads\/2020\/12\/connect-save-charge-optimize-maintain-200.png\" alt=\"The fully automatic multi-step program to charge the battery safely. \" width=\"428\" height=\"70\" \/><\/h6>\n<h6 style=\"text-align: center;\"><strong><span style=\"color: #10069f;\">El programa de varios pasos es totalmente autom\u00e1tico y carga la bater\u00eda por completo de forma segura &#8211; <\/span><\/strong><em><span style=\"color: #10069f;\">Con solo conectarlo a la bater\u00eda, OptiMATE 7 6V-12V hace su trabajo, no requiere supervisi\u00f3n alguna.<\/span><\/em><\/h6>\n<p>&nbsp;<\/p>\n<h4 style=\"text-align: center;\"><strong>M\u00c1S CARACTER\u00cdSTICAS:<\/strong><\/h4>\n<p style=\"text-align: center;\">\n<table id=\"tablepress-35\" class=\"tablepress tablepress-id-35\">\n<tbody class=\"row-hover\">\n<tr class=\"row-1\">\n\t<td class=\"column-1\"><a href=\"https:\/\/optimate1.com\/wp-content\/uploads\/2020\/12\/Green-arrow-ampmatic-logo2-.png\"><img loading=\"lazy\" decoding=\"async\" src=\"https:\/\/optimate1.com\/wp-content\/uploads\/2020\/12\/Ampmatic-SFL200.png\" alt=\"\" width=\"300\" height=\"50\" class=\"aligncenter size-medium wp-image-20927\" \/><\/a><body><h6><center>Ajuste autom\u00e1tico de la corriente para adaptarse al tama\u00f1o y estado de la bater\u00eda. <\/body><\/h6><\/center><br \/>\n<\/td>\n<\/tr>\n<tr class=\"row-2\">\n\t<td class=\"column-1\"><a href=\"https:\/\/optimate1.com\/wp-content\/uploads\/2020\/12\/Ambient-SFL200-1.png\"><img loading=\"lazy\" decoding=\"async\" src=\"https:\/\/optimate1.com\/wp-content\/uploads\/2020\/12\/Ambient-SFL200-1.png\" alt=\"\" width=\"300\" height=\"50\" class=\"aligncenter size-medium wp-image-20928\" \/><\/a><body><h6><center>Compensaci\u00f3n de temperatura: El ajuste del voltaje es m\u00e1s alto con temperaturas bajas y m\u00e1s bajo con temperaturas altas. <\/body><\/h6><\/center><\/td>\n<\/tr>\n<tr class=\"row-3\">\n\t<td class=\"column-1\"><a href=\"https:\/\/optimate1.com\/wp-content\/uploads\/2020\/12\/SAFE-connected-x2.jpg\"><img loading=\"lazy\" decoding=\"async\" src=\"https:\/\/optimate1.com\/wp-content\/uploads\/2020\/12\/SAFE-connected-x2-300x49.jpg\" alt=\"\" width=\"300\" height=\"50\" class=\"aligncenter size-medium wp-image-20995\" srcset=\"https:\/\/optimate1.com\/wp-content\/uploads\/2020\/12\/SAFE-connected-x2-300x49.jpg 300w, https:\/\/optimate1.com\/wp-content\/uploads\/2020\/12\/SAFE-connected-x2-600x98.jpg 600w, https:\/\/optimate1.com\/wp-content\/uploads\/2020\/12\/SAFE-connected-x2-64x10.jpg 64w, https:\/\/optimate1.com\/wp-content\/uploads\/2020\/12\/SAFE-connected-x2-768x126.jpg 768w, https:\/\/optimate1.com\/wp-content\/uploads\/2020\/12\/SAFE-connected-x2.jpg 856w\" sizes=\"auto, (max-width: 300px) 100vw, 300px\" \/><\/a><body><h6><center>Es seguro dejarlo conectado. Protecci\u00f3n electr\u00f3nica total.<\/body><\/h6><\/center><\/td>\n<\/tr>\n<tr class=\"row-4\">\n\t<td class=\"column-1\"><a href=\"https:\/\/optimate1.com\/wp-content\/uploads\/2020\/12\/24-7-x2.png\"><img loading=\"lazy\" decoding=\"async\" src=\"https:\/\/optimate1.com\/wp-content\/uploads\/2020\/12\/24-7-x2-300x49.png\" alt=\"\" width=\"300\" height=\"50\" class=\"aligncenter size-medium wp-image-20982\" srcset=\"https:\/\/optimate1.com\/wp-content\/uploads\/2020\/12\/24-7-x2-300x49.png 300w, https:\/\/optimate1.com\/wp-content\/uploads\/2020\/12\/24-7-x2-600x98.png 600w, https:\/\/optimate1.com\/wp-content\/uploads\/2020\/12\/24-7-x2-64x10.png 64w, https:\/\/optimate1.com\/wp-content\/uploads\/2020\/12\/24-7-x2-768x126.png 768w, https:\/\/optimate1.com\/wp-content\/uploads\/2020\/12\/24-7-x2.png 856w\" sizes=\"auto, (max-width: 300px) 100vw, 300px\" \/><\/a><body><h6><center>Conserva la bater\u00eda plenamente cargada y en buen estado.<\/center><\/h6><\/body><\/td>\n<\/tr>\n<tr class=\"row-5\">\n\t<td class=\"column-1\"><a href=\"https:\/\/optimate1.com\/wp-content\/uploads\/2020\/12\/SAVE-dead-battery-x2.png\"><img loading=\"lazy\" decoding=\"async\" src=\"https:\/\/optimate1.com\/wp-content\/uploads\/2020\/12\/SAVE-dead-battery-x2-300x49.png\" alt=\"\" width=\"300\" height=\"50\" class=\"aligncenter size-medium wp-image-20993\" srcset=\"https:\/\/optimate1.com\/wp-content\/uploads\/2020\/12\/SAVE-dead-battery-x2-300x49.png 300w, https:\/\/optimate1.com\/wp-content\/uploads\/2020\/12\/SAVE-dead-battery-x2-64x10.png 64w, https:\/\/optimate1.com\/wp-content\/uploads\/2020\/12\/SAVE-dead-battery-x2.png 428w\" sizes=\"auto, (max-width: 300px) 100vw, 300px\" \/><\/a><body><h6><center>Recupera la bater\u00eda agotada con tan solo 0,5V.<\/body><\/h6><\/center><\/td>\n<\/tr>\n<tr class=\"row-6\">\n\t<td class=\"column-1\"><a href=\"https:\/\/optimate1.com\/wp-content\/uploads\/2020\/12\/state-of-health-test-3-LEDx2.png\"><img loading=\"lazy\" decoding=\"async\" src=\"https:\/\/optimate1.com\/wp-content\/uploads\/2020\/12\/state-of-health-test-3-LEDx2-300x49.png\" alt=\"\" width=\"300\" height=\"50\" class=\"aligncenter size-medium wp-image-20985\" srcset=\"https:\/\/optimate1.com\/wp-content\/uploads\/2020\/12\/state-of-health-test-3-LEDx2-300x49.png 300w, https:\/\/optimate1.com\/wp-content\/uploads\/2020\/12\/state-of-health-test-3-LEDx2-600x98.png 600w, https:\/\/optimate1.com\/wp-content\/uploads\/2020\/12\/state-of-health-test-3-LEDx2-64x10.png 64w, https:\/\/optimate1.com\/wp-content\/uploads\/2020\/12\/state-of-health-test-3-LEDx2-768x126.png 768w, https:\/\/optimate1.com\/wp-content\/uploads\/2020\/12\/state-of-health-test-3-LEDx2.png 856w\" sizes=\"auto, (max-width: 300px) 100vw, 300px\" \/><\/a><body><h6><center>Comprueba el estado de las bater\u00edas.<\/body><\/h6><\/center><\/td>\n<\/tr>\n<tr class=\"row-7\">\n\t<td class=\"column-1\"><a href=\"https:\/\/optimate1.com\/wp-content\/uploads\/2020\/12\/will-not-charge-low-volt-battery.png\"><img loading=\"lazy\" decoding=\"async\" src=\"https:\/\/optimate1.com\/wp-content\/uploads\/2020\/12\/will-not-charge-low-volt-battery-300x49.png\" alt=\"\" width=\"300\" height=\"50\" class=\"aligncenter size-medium wp-image-21088\" srcset=\"https:\/\/optimate1.com\/wp-content\/uploads\/2020\/12\/will-not-charge-low-volt-battery-300x49.png 300w, https:\/\/optimate1.com\/wp-content\/uploads\/2020\/12\/will-not-charge-low-volt-battery-600x98.png 600w, https:\/\/optimate1.com\/wp-content\/uploads\/2020\/12\/will-not-charge-low-volt-battery-64x10.png 64w, https:\/\/optimate1.com\/wp-content\/uploads\/2020\/12\/will-not-charge-low-volt-battery-768x126.png 768w, https:\/\/optimate1.com\/wp-content\/uploads\/2020\/12\/will-not-charge-low-volt-battery.png 856w\" sizes=\"auto, (max-width: 300px) 100vw, 300px\" \/><\/a><body><h6><center>Comprobaci\u00f3n de la seguridad de tensi\u00f3n: no cargar\u00e1 la bater\u00eda si la tensi\u00f3n no coincide con la seleccionada. Necesita confirmaci\u00f3n del usuario.<\/body><\/h6><\/center><\/td>\n<\/tr>\n<tr class=\"row-8\">\n\t<td class=\"column-1\"><a href=\"https:\/\/optimate1.com\/wp-content\/uploads\/2020\/12\/green-technology-hx2-1.png\"><img loading=\"lazy\" decoding=\"async\" src=\"https:\/\/optimate1.com\/wp-content\/uploads\/2020\/12\/green-technology-hx2-1-300x49.png\" alt=\"\" width=\"300\" height=\"50\" class=\"aligncenter size-medium wp-image-20983\" \/><\/a><body><h6><center>50% menos de energ\u00eda, 50% de ahorro en costes.<br \/>\n<strong>\u221a<\/strong> Correcci\u00f3n del factor de potencia<br \/>\n<strong>\u221a<\/strong> Rectificaci\u00f3n s\u00edncrona<\/body><\/h6><\/center><\/td>\n<\/tr>\n<tr class=\"row-9\">\n\t<td class=\"column-1\"><a href=\"https:\/\/optimate1.com\/wp-content\/uploads\/2020\/12\/weatherproof-x2.png\"><img loading=\"lazy\" decoding=\"async\" src=\"https:\/\/optimate1.com\/wp-content\/uploads\/2020\/12\/weatherproof-x2-300x49.png\" alt=\"\" width=\"300\" height=\"50\" class=\"aligncenter size-medium wp-image-21012\" srcset=\"https:\/\/optimate1.com\/wp-content\/uploads\/2020\/12\/weatherproof-x2-300x49.png 300w, https:\/\/optimate1.com\/wp-content\/uploads\/2020\/12\/weatherproof-x2-600x98.png 600w, https:\/\/optimate1.com\/wp-content\/uploads\/2020\/12\/weatherproof-x2-64x10.png 64w, https:\/\/optimate1.com\/wp-content\/uploads\/2020\/12\/weatherproof-x2-768x126.png 768w, https:\/\/optimate1.com\/wp-content\/uploads\/2020\/12\/weatherproof-x2.png 856w\" sizes=\"auto, (max-width: 300px) 100vw, 300px\" \/><\/a><body><h6><center>Resistente al agua. Apto para su uso hasta a -40\u00b0C \/ -40\u00b0F.<\/body><\/h6><\/center><\/td>\n<\/tr>\n<\/tbody>\n<\/table>\n<!-- #tablepress-35 from cache --><\/p>\n","protected":false},"excerpt":{"rendered":"<h3><span style=\"color: #947c4e;\">Serie GOLD: Cargador-mantenedor de bater\u00eda sellada de 8 fases 6V \/ 12V 10A<\/span><\/h3>\n","protected":false},"featured_media":41881,"template":"","meta":[],"product_brand":[],"product_cat":[437],"product_tag":[],"class_list":{"0":"post-30809","1":"product","2":"type-product","3":"status-publish","4":"has-post-thumbnail","6":"product_cat-battery-chargers-es","7":"pa_charge-battery-chemistry-pb-agm-gel-std-lead-acid-es","8":"pa_charge-battery-more-12v-es","9":"pa_charge-battery-more-6v-es","10":"pa_charge-battery-more-bote-motos-acuaticas","11":"pa_charge-battery-more-ciclo-profundo-industrial","12":"pa_charge-battery-more-optima-odyssey-es-2","13":"pa_charge-battery-more-tractor-construccion","14":"pa_power-ac-100-240vac-es","15":"pa_product-group-optimate-7-es","16":"pa_region-ca-es-2","17":"pa_region-eu-es-2","18":"pa_region-uk-es-2","19":"pa_region-us-es-2","20":"iside_voltage-6-es","21":"iside_ampere-9-9-es","22":"iside_vehicle-oldtimer-classic-car-es","23":"iside_vehicle-coche-de-alto-rendimiento-coche-de-carreras","24":"iside_charger_series-gold-advanced-es-2","25":"iside_charger_features-mantenimiento-seguro-de-la-bateria-24-horas-7","26":"iside_charger_features-save-sulphated-pb-lead-acid-es","27":"iside_charger_type-single-es","28":"iside_battery_voltage-12v-es","29":"iside_battery_voltage-6v-es","30":"iside_battery_chemistry-pb-lead-acid-es","31":"battery_charger_current-7-10a-es","32":"battery_charger_current-ampmatic-1-to-10a-es","33":"thunk-woo-product-list","34":"opn-qv-enable","35":"big-store-woo-hover-","36":"open-single-product-tab-horizontal","37":"open-shadow-","38":"open-shadow-hover-","40":"first","41":"instock","42":"shipping-taxable","43":"purchasable","44":"product-type-simple"},"yoast_head":"<!-- This site is optimized with the Yoast SEO plugin v27.2 - https:\/\/yoast.com\/product\/yoast-seo-wordpress\/ -->\n<title>OptiMate 7 6V\/12V - OptiMate<\/title>\n<meta name=\"description\" content=\"El cargador OptiMate 7 de 6V\/12V es un cargador de bater\u00eda avanzado para bater\u00edas de plomo-\u00e1cido (STD, AGM-MF, GEL, Ca-Ca) de 6V y 12V.\" \/>\n<meta name=\"robots\" content=\"index, follow, max-snippet:-1, max-image-preview:large, max-video-preview:-1, noarchive\" \/>\n<link rel=\"canonical\" href=\"https:\/\/optimate1.com\/es\/producto\/om7-612v\/\" \/>\n<meta property=\"og:locale\" content=\"es_ES\" \/>\n<meta property=\"og:type\" content=\"article\" \/>\n<meta property=\"og:title\" content=\"OptiMate 7 6V\/12V - OptiMate\" \/>\n<meta property=\"og:description\" content=\"El cargador OptiMate 7 de 6V\/12V es un cargador de bater\u00eda avanzado para bater\u00edas de plomo-\u00e1cido (STD, AGM-MF, GEL, Ca-Ca) de 6V y 12V.\" \/>\n<meta property=\"og:url\" content=\"https:\/\/optimate1.com\/es\/producto\/om7-612v\/\" \/>\n<meta property=\"og:site_name\" content=\"OptiMate\" \/>\n<meta property=\"article:publisher\" content=\"https:\/\/www.facebook.com\/OptiMatebatterysavingcharger\/\" \/>\n<meta property=\"article:modified_time\" content=\"2026-03-30T11:22:47+00:00\" \/>\n<meta property=\"og:image\" content=\"https:\/\/optimate1.com\/wp-content\/uploads\/2026\/03\/OptiMate-7-6-12V-TM263-11-es-1024x1024.png\" \/>\n\t<meta property=\"og:image:width\" content=\"1024\" \/>\n\t<meta property=\"og:image:height\" content=\"1024\" \/>\n\t<meta property=\"og:image:type\" content=\"image\/png\" \/>\n<meta name=\"twitter:card\" content=\"summary_large_image\" \/>\n<meta name=\"twitter:label1\" content=\"Tiempo de lectura\" \/>\n\t<meta name=\"twitter:data1\" content=\"2 minutos\" \/>\n<script type=\"application\/ld+json\" class=\"yoast-schema-graph\">{\"@context\":\"https:\/\/schema.org\",\"@graph\":[{\"@type\":\"WebPage\",\"@id\":\"https:\/\/optimate1.com\/es\/producto\/om7-612v\/\",\"url\":\"https:\/\/optimate1.com\/es\/producto\/om7-612v\/\",\"name\":\"OptiMate 7 6V\/12V - OptiMate\",\"isPartOf\":{\"@id\":\"https:\/\/optimate1.com\/#website\"},\"primaryImageOfPage\":{\"@id\":\"https:\/\/optimate1.com\/es\/producto\/om7-612v\/#primaryimage\"},\"image\":{\"@id\":\"https:\/\/optimate1.com\/es\/producto\/om7-612v\/#primaryimage\"},\"thumbnailUrl\":\"https:\/\/optimate1.com\/wp-content\/uploads\/2026\/03\/OptiMate-7-6-12V-TM263-11-es.png\",\"datePublished\":\"2022-09-12T13:39:29+00:00\",\"dateModified\":\"2026-03-30T11:22:47+00:00\",\"description\":\"El cargador OptiMate 7 de 6V\/12V es un cargador de bater\u00eda avanzado para bater\u00edas de plomo-\u00e1cido (STD, AGM-MF, GEL, Ca-Ca) de 6V y 12V.\",\"breadcrumb\":{\"@id\":\"https:\/\/optimate1.com\/es\/producto\/om7-612v\/#breadcrumb\"},\"inLanguage\":\"es\",\"potentialAction\":[{\"@type\":\"ReadAction\",\"target\":[\"https:\/\/optimate1.com\/es\/producto\/om7-612v\/\"]}]},{\"@type\":\"ImageObject\",\"inLanguage\":\"es\",\"@id\":\"https:\/\/optimate1.com\/es\/producto\/om7-612v\/#primaryimage\",\"url\":\"https:\/\/optimate1.com\/wp-content\/uploads\/2026\/03\/OptiMate-7-6-12V-TM263-11-es.png\",\"contentUrl\":\"https:\/\/optimate1.com\/wp-content\/uploads\/2026\/03\/OptiMate-7-6-12V-TM263-11-es.png\",\"width\":1500,\"height\":1500},{\"@type\":\"BreadcrumbList\",\"@id\":\"https:\/\/optimate1.com\/es\/producto\/om7-612v\/#breadcrumb\",\"itemListElement\":[{\"@type\":\"ListItem\",\"position\":1,\"name\":\"Home\",\"item\":\"https:\/\/optimate1.com\/\"},{\"@type\":\"ListItem\",\"position\":2,\"name\":\"Productos\",\"item\":\"https:\/\/optimate1.com\/shop\/\"},{\"@type\":\"ListItem\",\"position\":3,\"name\":\"OptiMate 7 6V\/12V\"}]},{\"@type\":\"WebSite\",\"@id\":\"https:\/\/optimate1.com\/#website\",\"url\":\"https:\/\/optimate1.com\/\",\"name\":\"OptiMate\",\"description\":\"Battery Chargers &amp; Accessories\",\"publisher\":{\"@id\":\"https:\/\/optimate1.com\/#organization\"},\"potentialAction\":[{\"@type\":\"SearchAction\",\"target\":{\"@type\":\"EntryPoint\",\"urlTemplate\":\"https:\/\/optimate1.com\/?s={search_term_string}\"},\"query-input\":{\"@type\":\"PropertyValueSpecification\",\"valueRequired\":true,\"valueName\":\"search_term_string\"}}],\"inLanguage\":\"es\"},{\"@type\":\"Organization\",\"@id\":\"https:\/\/optimate1.com\/#organization\",\"name\":\"OptiMate\",\"url\":\"https:\/\/optimate1.com\/\",\"logo\":{\"@type\":\"ImageObject\",\"inLanguage\":\"es\",\"@id\":\"https:\/\/optimate1.com\/#\/schema\/logo\/image\/\",\"url\":\"https:\/\/optimate1.com\/wp-content\/uploads\/2021\/06\/optimate-hpbc-stacklogo.jpg\",\"contentUrl\":\"https:\/\/optimate1.com\/wp-content\/uploads\/2021\/06\/optimate-hpbc-stacklogo.jpg\",\"width\":1025,\"height\":529,\"caption\":\"OptiMate\"},\"image\":{\"@id\":\"https:\/\/optimate1.com\/#\/schema\/logo\/image\/\"},\"sameAs\":[\"https:\/\/www.facebook.com\/OptiMatebatterysavingcharger\/\"]}]}<\/script>\n<!-- \/ Yoast SEO plugin. -->","yoast_head_json":{"title":"OptiMate 7 6V\/12V - OptiMate","description":"El cargador OptiMate 7 de 6V\/12V es un cargador de bater\u00eda avanzado para bater\u00edas de plomo-\u00e1cido (STD, AGM-MF, GEL, Ca-Ca) de 6V y 12V.","robots":{"index":"index","follow":"follow","max-snippet":"max-snippet:-1","max-image-preview":"max-image-preview:large","max-video-preview":"max-video-preview:-1","archive":"noarchive"},"canonical":"https:\/\/optimate1.com\/es\/producto\/om7-612v\/","og_locale":"es_ES","og_type":"article","og_title":"OptiMate 7 6V\/12V - OptiMate","og_description":"El cargador OptiMate 7 de 6V\/12V es un cargador de bater\u00eda avanzado para bater\u00edas de plomo-\u00e1cido (STD, AGM-MF, GEL, Ca-Ca) de 6V y 12V.","og_url":"https:\/\/optimate1.com\/es\/producto\/om7-612v\/","og_site_name":"OptiMate","article_publisher":"https:\/\/www.facebook.com\/OptiMatebatterysavingcharger\/","article_modified_time":"2026-03-30T11:22:47+00:00","og_image":[{"width":1024,"height":1024,"url":"https:\/\/optimate1.com\/wp-content\/uploads\/2026\/03\/OptiMate-7-6-12V-TM263-11-es-1024x1024.png","type":"image\/png"}],"twitter_card":"summary_large_image","twitter_misc":{"Tiempo de lectura":"2 minutos"},"schema":{"@context":"https:\/\/schema.org","@graph":[{"@type":"WebPage","@id":"https:\/\/optimate1.com\/es\/producto\/om7-612v\/","url":"https:\/\/optimate1.com\/es\/producto\/om7-612v\/","name":"OptiMate 7 6V\/12V - OptiMate","isPartOf":{"@id":"https:\/\/optimate1.com\/#website"},"primaryImageOfPage":{"@id":"https:\/\/optimate1.com\/es\/producto\/om7-612v\/#primaryimage"},"image":{"@id":"https:\/\/optimate1.com\/es\/producto\/om7-612v\/#primaryimage"},"thumbnailUrl":"https:\/\/optimate1.com\/wp-content\/uploads\/2026\/03\/OptiMate-7-6-12V-TM263-11-es.png","datePublished":"2022-09-12T13:39:29+00:00","dateModified":"2026-03-30T11:22:47+00:00","description":"El cargador OptiMate 7 de 6V\/12V es un cargador de bater\u00eda avanzado para bater\u00edas de plomo-\u00e1cido (STD, AGM-MF, GEL, Ca-Ca) de 6V y 12V.","breadcrumb":{"@id":"https:\/\/optimate1.com\/es\/producto\/om7-612v\/#breadcrumb"},"inLanguage":"es","potentialAction":[{"@type":"ReadAction","target":["https:\/\/optimate1.com\/es\/producto\/om7-612v\/"]}]},{"@type":"ImageObject","inLanguage":"es","@id":"https:\/\/optimate1.com\/es\/producto\/om7-612v\/#primaryimage","url":"https:\/\/optimate1.com\/wp-content\/uploads\/2026\/03\/OptiMate-7-6-12V-TM263-11-es.png","contentUrl":"https:\/\/optimate1.com\/wp-content\/uploads\/2026\/03\/OptiMate-7-6-12V-TM263-11-es.png","width":1500,"height":1500},{"@type":"BreadcrumbList","@id":"https:\/\/optimate1.com\/es\/producto\/om7-612v\/#breadcrumb","itemListElement":[{"@type":"ListItem","position":1,"name":"Home","item":"https:\/\/optimate1.com\/"},{"@type":"ListItem","position":2,"name":"Productos","item":"https:\/\/optimate1.com\/shop\/"},{"@type":"ListItem","position":3,"name":"OptiMate 7 6V\/12V"}]},{"@type":"WebSite","@id":"https:\/\/optimate1.com\/#website","url":"https:\/\/optimate1.com\/","name":"OptiMate","description":"Battery Chargers &amp; Accessories","publisher":{"@id":"https:\/\/optimate1.com\/#organization"},"potentialAction":[{"@type":"SearchAction","target":{"@type":"EntryPoint","urlTemplate":"https:\/\/optimate1.com\/?s={search_term_string}"},"query-input":{"@type":"PropertyValueSpecification","valueRequired":true,"valueName":"search_term_string"}}],"inLanguage":"es"},{"@type":"Organization","@id":"https:\/\/optimate1.com\/#organization","name":"OptiMate","url":"https:\/\/optimate1.com\/","logo":{"@type":"ImageObject","inLanguage":"es","@id":"https:\/\/optimate1.com\/#\/schema\/logo\/image\/","url":"https:\/\/optimate1.com\/wp-content\/uploads\/2021\/06\/optimate-hpbc-stacklogo.jpg","contentUrl":"https:\/\/optimate1.com\/wp-content\/uploads\/2021\/06\/optimate-hpbc-stacklogo.jpg","width":1025,"height":529,"caption":"OptiMate"},"image":{"@id":"https:\/\/optimate1.com\/#\/schema\/logo\/image\/"},"sameAs":["https:\/\/www.facebook.com\/OptiMatebatterysavingcharger\/"]}]}},"_links":{"self":[{"href":"https:\/\/optimate1.com\/es\/wp-json\/wp\/v2\/product\/30809","targetHints":{"allow":["GET"]}}],"collection":[{"href":"https:\/\/optimate1.com\/es\/wp-json\/wp\/v2\/product"}],"about":[{"href":"https:\/\/optimate1.com\/es\/wp-json\/wp\/v2\/types\/product"}],"wp:featuredmedia":[{"embeddable":true,"href":"https:\/\/optimate1.com\/es\/wp-json\/wp\/v2\/media\/41881"}],"wp:attachment":[{"href":"https:\/\/optimate1.com\/es\/wp-json\/wp\/v2\/media?parent=30809"}],"wp:term":[{"taxonomy":"product_brand","embeddable":true,"href":"https:\/\/optimate1.com\/es\/wp-json\/wp\/v2\/product_brand?post=30809"},{"taxonomy":"product_cat","embeddable":true,"href":"https:\/\/optimate1.com\/es\/wp-json\/wp\/v2\/product_cat?post=30809"},{"taxonomy":"product_tag","embeddable":true,"href":"https:\/\/optimate1.com\/es\/wp-json\/wp\/v2\/product_tag?post=30809"}],"curies":[{"name":"wp","href":"https:\/\/api.w.org\/{rel}","templated":true}]}}