{"id":30835,"date":"2022-09-19T03:28:20","date_gmt":"2022-09-19T07:28:20","guid":{"rendered":"https:\/\/optimate1.com\/product\/om3x2\/"},"modified":"2026-03-26T06:14:13","modified_gmt":"2026-03-26T10:14:13","slug":"om3x2","status":"publish","type":"product","link":"https:\/\/optimate1.com\/es\/producto\/om3x2\/","title":{"rendered":"OptiMate 3 x 2 BANK"},"content":{"rendered":"<h6 style=\"text-align: center;\"><strong><span style=\"color: #10069f;\">OptiMate 3 Dual bank es el cargador ahorrador de 2 bancos de bater\u00edas totalmente sellado &amp; mantenedor para bater\u00edas de 12V AGM, GEL o STD.<\/span><\/strong><img loading=\"lazy\" decoding=\"async\" class=\"aligncenter wp-image-20668\" src=\"https:\/\/optimate1.com\/wp-content\/uploads\/2021\/11\/Vehicle-range-OM3-01.png\" alt=\"The OptiMate 3 battery charger is recommended for batteries found in: motorcycles, scooters, ATV, jet skis, snowmobiles, lawn mowers.\" width=\"428\" height=\"66\" \/><\/h6>\n<p>&nbsp;<\/p>\n<h6 style=\"text-align: center;\"><strong><span style=\"color: #10069f;\">Los bancos de carga est\u00e1n aislados el\u00e9ctricamente entre s\u00ed y <\/span><\/strong><strong><span style=\"color: #10069f;\">funcionan de forma independiente &#8211;\u00a0<\/span><\/strong><i><span style=\"color: #10069f;\">Cargue las bater\u00edas por separado o cargue las bater\u00edas conectadas en serie!<\/span><\/i><\/h6>\n<p><a href=\"https:\/\/optimate1.com\/wp-content\/uploads\/2019\/01\/multibank-x2.png\"><img loading=\"lazy\" decoding=\"async\" class=\"aligncenter wp-image-28078 size-full\" src=\"https:\/\/optimate1.com\/wp-content\/uploads\/2019\/01\/multibank-x2.png\" alt=\"The OptiMate 3 x 2 Bank can charge batteries separately or charge batteries connected in series.\" width=\"852\" height=\"140\" srcset=\"https:\/\/optimate1.com\/wp-content\/uploads\/2019\/01\/multibank-x2.png 852w, https:\/\/optimate1.com\/wp-content\/uploads\/2019\/01\/multibank-x2-300x49.png 300w, https:\/\/optimate1.com\/wp-content\/uploads\/2019\/01\/multibank-x2-768x126.png 768w, https:\/\/optimate1.com\/wp-content\/uploads\/2019\/01\/multibank-x2-600x99.png 600w, https:\/\/optimate1.com\/wp-content\/uploads\/2019\/01\/multibank-x2-64x11.png 64w\" sizes=\"auto, (max-width: 852px) 100vw, 852px\" \/><\/a><\/p>\n<p>&nbsp;<\/p>\n<h6 style=\"text-align: center;\"><strong><span style=\"color: #10069f;\">El programa totalmente autom\u00e1tico de varios pasos lleva la bater\u00eda de forma segura a la carga completa &#8211; <\/span><\/strong><em><span style=\"color: #10069f;\">Con\u00e9ctelo a la bater\u00eda y OptiMate 3 har\u00e1 el resto, \u00a1sin necesidad de supervisi\u00f3n!<\/span><\/em><\/h6>\n<h6 style=\"text-align: center;\"><img loading=\"lazy\" decoding=\"async\" class=\"aligncenter wp-image-20876\" src=\"https:\/\/optimate1.com\/wp-content\/uploads\/2020\/12\/connect_save_charge-maintain-01.png\" alt=\"The fully automatic multi-step program to full charge the battery safely.\" width=\"428\" height=\"70\" \/><\/h6>\n<p>&nbsp;<\/p>\n<p>&nbsp;<\/p>\n<h4 style=\"text-align: center;\"><strong><span style=\"text-decoration: underline;\">M\u00c1S FUNCIONES:<\/span><\/strong><\/h4>\n<p style=\"text-align: center;\">\n<table id=\"tablepress-511\" class=\"tablepress tablepress-id-511\">\n<tbody class=\"row-hover\">\n<tr class=\"row-1\">\n\t<td class=\"column-1\"><a href=\"\"><img loading=\"lazy\" decoding=\"async\" src=\"https:\/\/optimate1.com\/wp-content\/uploads\/2023\/10\/OptiMate-3-batteries.png\" alt=\"\" width=\"300\" height=\"50\" class=\"aligncenter size-medium wp-image-20927\" \/><\/a><body><h6><center>Para bater\u00edas de plomo-\u00e1cido (Pb) de 12V para deportes de potencia, incluidos los tipos STD (con tapones), AGM, GEL (VRLA sellada), de ciclo profundo y EFB.<\/body><\/h6><\/center><br \/>\n<\/td>\n<\/tr>\n<tr class=\"row-2\">\n\t<td class=\"column-1\"><a href=\"\"><img loading=\"lazy\" decoding=\"async\" src=\"https:\/\/optimate1.com\/wp-content\/uploads\/2023\/10\/analysis-desulphate-x-01.png\" alt=\"\" width=\"300\" height=\"50\" class=\"aligncenter size-medium wp-image-20928\" \/><\/a><body><h6><center>Diagnostica el estado de sulfataci\u00f3n de la bater\u00eda.<\/body><\/h6><\/center><\/td>\n<\/tr>\n<tr class=\"row-3\">\n\t<td class=\"column-1\"><a href=\"\"><img loading=\"lazy\" decoding=\"async\" src=\"https:\/\/optimate1.com\/wp-content\/uploads\/2021\/11\/SAVE-dead-battery-x2x.png\" alt=\"\" width=\"300\" height=\"50\" class=\"aligncenter size-medium wp-image-20995\" \/><\/a><body><h6><center>Salva tu bater\u00eda \"muerta\" de tan s\u00f3lo 2V.<\/body><\/h6><\/center><\/td>\n<\/tr>\n<tr class=\"row-4\">\n\t<td class=\"column-1\"><a href=\"\"><img loading=\"lazy\" decoding=\"async\" src=\"https:\/\/optimate1.com\/wp-content\/uploads\/2020\/12\/state-of-health-test-2-LED-200.png\" alt=\"\" width=\"300\" height=\"50\" class=\"aligncenter size-medium wp-image-20982\" \/><\/a><body><h6><center>Comprueba el estado de salud de la bater\u00eda.<\/center><\/h6><\/body><\/td>\n<\/tr>\n<tr class=\"row-5\">\n\t<td class=\"column-1\"><a href=\"\"><img loading=\"lazy\" decoding=\"async\" src=\"https:\/\/optimate1.com\/wp-content\/uploads\/2021\/11\/SAFE-OM1-DUO-01-1.png\" alt=\"\" width=\"300\" height=\"50\" class=\"aligncenter size-medium wp-image-20993\" \/><\/a><body><h6><center>Seguro para dejar conectado. Protecci\u00f3n electr\u00f3nica total.<\/body><\/h6><\/center><\/td>\n<\/tr>\n<tr class=\"row-6\">\n\t<td class=\"column-1\"><a href=\"\"><img loading=\"lazy\" decoding=\"async\" src=\"https:\/\/optimate1.com\/wp-content\/uploads\/2020\/12\/24-7-x2-300x49.png\" alt=\"\" width=\"300\" height=\"50\" class=\"aligncenter size-medium wp-image-20985\" \/><\/a><body><h6><center>Mantiene la bater\u00eda a plena carga y en buen estado.<\/body><\/h6><\/center><\/td>\n<\/tr>\n<tr class=\"row-7\">\n\t<td class=\"column-1\"><a href=\"\"><img loading=\"lazy\" decoding=\"async\" src=\"https:\/\/optimate1.com\/wp-content\/uploads\/2020\/12\/green-technology-hx2-1-300x49.png\" alt=\"\" width=\"300\" height=\"50\" class=\"aligncenter size-medium wp-image-20983\" \/><\/a><body><h6><center>Tecnolog\u00eda de ahorro energ\u00e9tico.<br \/>\n<strong>\u221a<\/strong> Potencia en espera inferior a 0,5W.<br \/>\n<strong>\u221a<\/strong> Mantenimiento eficaz de la bater\u00eda 24 horas al d\u00eda, 7 d\u00edas a la semana.<\/body><\/h6><\/center><\/td>\n<\/tr>\n<tr class=\"row-8\">\n\t<td class=\"column-1\"><a href=\"\"><img loading=\"lazy\" decoding=\"async\" src=\"https:\/\/optimate1.com\/wp-content\/uploads\/2020\/12\/weatherproof-x2-300x49.png\" alt=\"\" width=\"300\" height=\"50\" class=\"aligncenter size-medium wp-image-21012\" srcset=\"https:\/\/optimate1.com\/wp-content\/uploads\/2020\/12\/weatherproof-x2-300x49.png 300w, https:\/\/optimate1.com\/wp-content\/uploads\/2020\/12\/weatherproof-x2-600x98.png 600w, https:\/\/optimate1.com\/wp-content\/uploads\/2020\/12\/weatherproof-x2-64x10.png 64w, https:\/\/optimate1.com\/wp-content\/uploads\/2020\/12\/weatherproof-x2-768x126.png 768w, https:\/\/optimate1.com\/wp-content\/uploads\/2020\/12\/weatherproof-x2.png 856w\" sizes=\"auto, (max-width: 300px) 100vw, 300px\" \/><\/a><body><h6><center>Resistente a la intemperie. Resistente hasta -40\u00b0C \/ -40\u00b0.<\/body><\/h6><\/center><\/td>\n<\/tr>\n<\/tbody>\n<\/table>\n<!-- #tablepress-511 from cache --><\/p>\n","protected":false},"excerpt":{"rendered":"<h3><span style=\"color: #959b9d;\">Serie SILVER: Cargador-mantenedor de bater\u00eda sellada de 7 fases 12V 0.8A <\/span><strong>x2<\/strong><\/h3>\n","protected":false},"featured_media":41792,"template":"","meta":[],"product_brand":[],"product_cat":[437],"product_tag":[],"class_list":{"0":"post-30835","1":"product","2":"type-product","3":"status-publish","4":"has-post-thumbnail","6":"product_cat-battery-chargers-es","7":"pa_charge-battery-chemistry-pb-agm-gel-std-lead-acid-es","8":"pa_charge-battery-more-12v-es","9":"pa_power-ac-100-240vac-es","10":"pa_product-group-optimate-3-es","11":"pa_region-ca-es-2","12":"pa_region-eu-es-2","13":"pa_region-uk-es-2","14":"pa_region-us-es-2","15":"iside_voltage-12-es","16":"iside_ampere-0-8-es","17":"iside_vehicle-motocicleta-deportes-de-motor-es","18":"iside_charger_series-silver-smarter-es","19":"iside_charger_features-mantenimiento-seguro-de-la-bateria-24-horas-7","20":"iside_charger_features-save-sulphated-pb-lead-acid-es","21":"iside_charger_type-multibank-es","22":"iside_battery_voltage-12v-es","23":"iside_battery_chemistry-pb-lead-acid-es","24":"battery_charger_current-0-6a-1-5a-es","25":"thunk-woo-product-list","26":"opn-qv-enable","27":"big-store-woo-hover-","28":"open-single-product-tab-horizontal","29":"open-shadow-","30":"open-shadow-hover-","32":"first","33":"instock","34":"featured","35":"shipping-taxable","36":"purchasable","37":"product-type-simple"},"yoast_head":"<!-- This site is optimized with the Yoast SEO plugin v27.2 - https:\/\/yoast.com\/product\/yoast-seo-wordpress\/ -->\n<title>OptiMate 3 x 2 BANK - OptiMate<\/title>\n<meta name=\"description\" content=\"El banco OptiMate 3 x 2 es el cargador de ahorro de bater\u00eda de 2 bancos completamente sellado para bater\u00edas AGM, GEL y STD de 12V.\" \/>\n<meta name=\"robots\" content=\"index, follow, max-snippet:-1, max-image-preview:large, max-video-preview:-1, noarchive\" \/>\n<link rel=\"canonical\" href=\"https:\/\/optimate1.com\/es\/producto\/om3x2\/\" \/>\n<meta property=\"og:locale\" content=\"es_ES\" \/>\n<meta property=\"og:type\" content=\"article\" \/>\n<meta property=\"og:title\" content=\"OptiMate 3 x 2 BANK - OptiMate\" \/>\n<meta property=\"og:description\" content=\"El banco OptiMate 3 x 2 es el cargador de ahorro de bater\u00eda de 2 bancos completamente sellado para bater\u00edas AGM, GEL y STD de 12V.\" \/>\n<meta property=\"og:url\" content=\"https:\/\/optimate1.com\/es\/producto\/om3x2\/\" \/>\n<meta property=\"og:site_name\" content=\"OptiMate\" \/>\n<meta property=\"article:publisher\" content=\"https:\/\/www.facebook.com\/OptiMatebatterysavingcharger\/\" \/>\n<meta property=\"article:modified_time\" content=\"2026-03-26T10:14:13+00:00\" \/>\n<meta property=\"og:image\" content=\"https:\/\/optimate1.com\/wp-content\/uploads\/2026\/03\/OptiMate-3-TM450-x2-es-1024x1024.png\" \/>\n\t<meta property=\"og:image:width\" content=\"1024\" \/>\n\t<meta property=\"og:image:height\" content=\"1024\" \/>\n\t<meta property=\"og:image:type\" content=\"image\/png\" \/>\n<meta name=\"twitter:card\" content=\"summary_large_image\" \/>\n<meta name=\"twitter:label1\" content=\"Tiempo de lectura\" \/>\n\t<meta name=\"twitter:data1\" content=\"2 minutos\" \/>\n<script type=\"application\/ld+json\" class=\"yoast-schema-graph\">{\"@context\":\"https:\/\/schema.org\",\"@graph\":[{\"@type\":\"WebPage\",\"@id\":\"https:\/\/optimate1.com\/es\/producto\/om3x2\/\",\"url\":\"https:\/\/optimate1.com\/es\/producto\/om3x2\/\",\"name\":\"OptiMate 3 x 2 BANK - OptiMate\",\"isPartOf\":{\"@id\":\"https:\/\/optimate1.com\/#website\"},\"primaryImageOfPage\":{\"@id\":\"https:\/\/optimate1.com\/es\/producto\/om3x2\/#primaryimage\"},\"image\":{\"@id\":\"https:\/\/optimate1.com\/es\/producto\/om3x2\/#primaryimage\"},\"thumbnailUrl\":\"https:\/\/optimate1.com\/wp-content\/uploads\/2026\/03\/OptiMate-3-TM450-x2-es.png\",\"datePublished\":\"2022-09-19T07:28:20+00:00\",\"dateModified\":\"2026-03-26T10:14:13+00:00\",\"description\":\"El banco OptiMate 3 x 2 es el cargador de ahorro de bater\u00eda de 2 bancos completamente sellado para bater\u00edas AGM, GEL y STD de 12V.\",\"breadcrumb\":{\"@id\":\"https:\/\/optimate1.com\/es\/producto\/om3x2\/#breadcrumb\"},\"inLanguage\":\"es\",\"potentialAction\":[{\"@type\":\"ReadAction\",\"target\":[\"https:\/\/optimate1.com\/es\/producto\/om3x2\/\"]}]},{\"@type\":\"ImageObject\",\"inLanguage\":\"es\",\"@id\":\"https:\/\/optimate1.com\/es\/producto\/om3x2\/#primaryimage\",\"url\":\"https:\/\/optimate1.com\/wp-content\/uploads\/2026\/03\/OptiMate-3-TM450-x2-es.png\",\"contentUrl\":\"https:\/\/optimate1.com\/wp-content\/uploads\/2026\/03\/OptiMate-3-TM450-x2-es.png\",\"width\":1500,\"height\":1500},{\"@type\":\"BreadcrumbList\",\"@id\":\"https:\/\/optimate1.com\/es\/producto\/om3x2\/#breadcrumb\",\"itemListElement\":[{\"@type\":\"ListItem\",\"position\":1,\"name\":\"Home\",\"item\":\"https:\/\/optimate1.com\/\"},{\"@type\":\"ListItem\",\"position\":2,\"name\":\"Productos\",\"item\":\"https:\/\/optimate1.com\/shop\/\"},{\"@type\":\"ListItem\",\"position\":3,\"name\":\"OptiMate 3 x 2 BANK\"}]},{\"@type\":\"WebSite\",\"@id\":\"https:\/\/optimate1.com\/#website\",\"url\":\"https:\/\/optimate1.com\/\",\"name\":\"OptiMate\",\"description\":\"Battery Chargers &amp; Accessories\",\"publisher\":{\"@id\":\"https:\/\/optimate1.com\/#organization\"},\"potentialAction\":[{\"@type\":\"SearchAction\",\"target\":{\"@type\":\"EntryPoint\",\"urlTemplate\":\"https:\/\/optimate1.com\/?s={search_term_string}\"},\"query-input\":{\"@type\":\"PropertyValueSpecification\",\"valueRequired\":true,\"valueName\":\"search_term_string\"}}],\"inLanguage\":\"es\"},{\"@type\":\"Organization\",\"@id\":\"https:\/\/optimate1.com\/#organization\",\"name\":\"OptiMate\",\"url\":\"https:\/\/optimate1.com\/\",\"logo\":{\"@type\":\"ImageObject\",\"inLanguage\":\"es\",\"@id\":\"https:\/\/optimate1.com\/#\/schema\/logo\/image\/\",\"url\":\"https:\/\/optimate1.com\/wp-content\/uploads\/2021\/06\/optimate-hpbc-stacklogo.jpg\",\"contentUrl\":\"https:\/\/optimate1.com\/wp-content\/uploads\/2021\/06\/optimate-hpbc-stacklogo.jpg\",\"width\":1025,\"height\":529,\"caption\":\"OptiMate\"},\"image\":{\"@id\":\"https:\/\/optimate1.com\/#\/schema\/logo\/image\/\"},\"sameAs\":[\"https:\/\/www.facebook.com\/OptiMatebatterysavingcharger\/\"]}]}<\/script>\n<!-- \/ Yoast SEO plugin. -->","yoast_head_json":{"title":"OptiMate 3 x 2 BANK - OptiMate","description":"El banco OptiMate 3 x 2 es el cargador de ahorro de bater\u00eda de 2 bancos completamente sellado para bater\u00edas AGM, GEL y STD de 12V.","robots":{"index":"index","follow":"follow","max-snippet":"max-snippet:-1","max-image-preview":"max-image-preview:large","max-video-preview":"max-video-preview:-1","archive":"noarchive"},"canonical":"https:\/\/optimate1.com\/es\/producto\/om3x2\/","og_locale":"es_ES","og_type":"article","og_title":"OptiMate 3 x 2 BANK - OptiMate","og_description":"El banco OptiMate 3 x 2 es el cargador de ahorro de bater\u00eda de 2 bancos completamente sellado para bater\u00edas AGM, GEL y STD de 12V.","og_url":"https:\/\/optimate1.com\/es\/producto\/om3x2\/","og_site_name":"OptiMate","article_publisher":"https:\/\/www.facebook.com\/OptiMatebatterysavingcharger\/","article_modified_time":"2026-03-26T10:14:13+00:00","og_image":[{"width":1024,"height":1024,"url":"https:\/\/optimate1.com\/wp-content\/uploads\/2026\/03\/OptiMate-3-TM450-x2-es-1024x1024.png","type":"image\/png"}],"twitter_card":"summary_large_image","twitter_misc":{"Tiempo de lectura":"2 minutos"},"schema":{"@context":"https:\/\/schema.org","@graph":[{"@type":"WebPage","@id":"https:\/\/optimate1.com\/es\/producto\/om3x2\/","url":"https:\/\/optimate1.com\/es\/producto\/om3x2\/","name":"OptiMate 3 x 2 BANK - OptiMate","isPartOf":{"@id":"https:\/\/optimate1.com\/#website"},"primaryImageOfPage":{"@id":"https:\/\/optimate1.com\/es\/producto\/om3x2\/#primaryimage"},"image":{"@id":"https:\/\/optimate1.com\/es\/producto\/om3x2\/#primaryimage"},"thumbnailUrl":"https:\/\/optimate1.com\/wp-content\/uploads\/2026\/03\/OptiMate-3-TM450-x2-es.png","datePublished":"2022-09-19T07:28:20+00:00","dateModified":"2026-03-26T10:14:13+00:00","description":"El banco OptiMate 3 x 2 es el cargador de ahorro de bater\u00eda de 2 bancos completamente sellado para bater\u00edas AGM, GEL y STD de 12V.","breadcrumb":{"@id":"https:\/\/optimate1.com\/es\/producto\/om3x2\/#breadcrumb"},"inLanguage":"es","potentialAction":[{"@type":"ReadAction","target":["https:\/\/optimate1.com\/es\/producto\/om3x2\/"]}]},{"@type":"ImageObject","inLanguage":"es","@id":"https:\/\/optimate1.com\/es\/producto\/om3x2\/#primaryimage","url":"https:\/\/optimate1.com\/wp-content\/uploads\/2026\/03\/OptiMate-3-TM450-x2-es.png","contentUrl":"https:\/\/optimate1.com\/wp-content\/uploads\/2026\/03\/OptiMate-3-TM450-x2-es.png","width":1500,"height":1500},{"@type":"BreadcrumbList","@id":"https:\/\/optimate1.com\/es\/producto\/om3x2\/#breadcrumb","itemListElement":[{"@type":"ListItem","position":1,"name":"Home","item":"https:\/\/optimate1.com\/"},{"@type":"ListItem","position":2,"name":"Productos","item":"https:\/\/optimate1.com\/shop\/"},{"@type":"ListItem","position":3,"name":"OptiMate 3 x 2 BANK"}]},{"@type":"WebSite","@id":"https:\/\/optimate1.com\/#website","url":"https:\/\/optimate1.com\/","name":"OptiMate","description":"Battery Chargers &amp; Accessories","publisher":{"@id":"https:\/\/optimate1.com\/#organization"},"potentialAction":[{"@type":"SearchAction","target":{"@type":"EntryPoint","urlTemplate":"https:\/\/optimate1.com\/?s={search_term_string}"},"query-input":{"@type":"PropertyValueSpecification","valueRequired":true,"valueName":"search_term_string"}}],"inLanguage":"es"},{"@type":"Organization","@id":"https:\/\/optimate1.com\/#organization","name":"OptiMate","url":"https:\/\/optimate1.com\/","logo":{"@type":"ImageObject","inLanguage":"es","@id":"https:\/\/optimate1.com\/#\/schema\/logo\/image\/","url":"https:\/\/optimate1.com\/wp-content\/uploads\/2021\/06\/optimate-hpbc-stacklogo.jpg","contentUrl":"https:\/\/optimate1.com\/wp-content\/uploads\/2021\/06\/optimate-hpbc-stacklogo.jpg","width":1025,"height":529,"caption":"OptiMate"},"image":{"@id":"https:\/\/optimate1.com\/#\/schema\/logo\/image\/"},"sameAs":["https:\/\/www.facebook.com\/OptiMatebatterysavingcharger\/"]}]}},"_links":{"self":[{"href":"https:\/\/optimate1.com\/es\/wp-json\/wp\/v2\/product\/30835","targetHints":{"allow":["GET"]}}],"collection":[{"href":"https:\/\/optimate1.com\/es\/wp-json\/wp\/v2\/product"}],"about":[{"href":"https:\/\/optimate1.com\/es\/wp-json\/wp\/v2\/types\/product"}],"wp:featuredmedia":[{"embeddable":true,"href":"https:\/\/optimate1.com\/es\/wp-json\/wp\/v2\/media\/41792"}],"wp:attachment":[{"href":"https:\/\/optimate1.com\/es\/wp-json\/wp\/v2\/media?parent=30835"}],"wp:term":[{"taxonomy":"product_brand","embeddable":true,"href":"https:\/\/optimate1.com\/es\/wp-json\/wp\/v2\/product_brand?post=30835"},{"taxonomy":"product_cat","embeddable":true,"href":"https:\/\/optimate1.com\/es\/wp-json\/wp\/v2\/product_cat?post=30835"},{"taxonomy":"product_tag","embeddable":true,"href":"https:\/\/optimate1.com\/es\/wp-json\/wp\/v2\/product_tag?post=30835"}],"curies":[{"name":"wp","href":"https:\/\/api.w.org\/{rel}","templated":true}]}}