{"id":31544,"date":"2022-11-23T07:12:46","date_gmt":"2022-11-23T12:12:46","guid":{"rendered":"https:\/\/optimate1.com\/product\/tm670\/"},"modified":"2026-03-31T06:12:13","modified_gmt":"2026-03-31T10:12:13","slug":"tm670","status":"publish","type":"product","link":"https:\/\/optimate1.com\/es\/producto\/tm670\/","title":{"rendered":"OptiMate PRO-4 DUO"},"content":{"rendered":"<h6 style=\"text-align: center;\"><strong><span style=\"color: #10069f;\">OptiMate PRO-4 DUO es el cargador de diagn\u00f3stico autom\u00e1tico para 4 bater\u00edas de plomo-\u00e1cido de 12V Pb (STD, AGM, GEL) y\/o de litio LFP de 12.8V (LiFePO4\/fosfato ferroso de litio).<\/span><\/strong><\/h6>\n<h6 style=\"text-align: center;\"><img loading=\"lazy\" decoding=\"async\" class=\"aligncenter wp-image-20660\" src=\"https:\/\/optimate1.com\/wp-content\/uploads\/2021\/03\/2DUO-banks-4x-only-4-01.png\" alt=\"The 4 bank battery charger can independently charge, test and maintain 4 x 12V lead-acid and 12.8V \/ 13.2V lithium LFP batteries.\" width=\"428\" height=\"100\" \/><\/h6>\n<p>&nbsp;<\/p>\n<h6 style=\"text-align: center;\"><strong><span style=\"color: #10069f;\">Cuatro estaciones\/bancos de carga de 5 amperios totalmente independientes, cada uno con 3 modos seleccionables para dar servicio a bater\u00edas de deportes motorizados NUEVAS y USADAS, incluidas 12V Pb (plomo-\u00e1cido, AGM, GEL) y litio de 12.8V (LiFePO4\/LFP) <\/span><\/strong><span style=\"color: #10069f;\">\u2013<\/span><span style=\"color: #10069f;\"><i> active 4x NUEVAS, o guarde y\/o cargue y pruebe 4x bater\u00edas USADAS.<\/i><\/span><\/h6>\n<h6 style=\"text-align: center;\"><img loading=\"lazy\" decoding=\"async\" class=\"aligncenter wp-image-20910\" src=\"https:\/\/optimate1.com\/wp-content\/uploads\/2022\/11\/3-PRO-selections-pro-4-copy.png\" alt=\"optimate pro 4 duo has 3 Selections: select a charge mode for 12V lead-acid OR 12.8V LiFePO4, or 60' mode for new pb or lfp batteries without bms\" width=\"428\" height=\"70\" \/><\/h6>\n<p>&nbsp;<\/p>\n<h6 style=\"text-align: center;\"><strong><span style=\"color: #10069f;\">Active o prepare bater\u00edas nuevas dentro de una hora (60&#8242;), incluidas las de Pb (plomo-\u00e1cido, AGM con carga seca) con paquete de \u00e1cido separado, Pb activado de f\u00e1brica (AGM y GEL) y litio LFP entregado en modo de suspensi\u00f3n y\/o que requiere un cargo de recarga <\/span><\/strong><span style=\"color: #10069f;\">\u2013 <\/span><span style=\"color: #10069f;\"><i>prepara correctamente las bater\u00edas nuevas para obtener el mejor rendimiento y evitar fallos prematuros.<\/i><\/span><\/h6>\n<h6 style=\"text-align: center;\"><img loading=\"lazy\" decoding=\"async\" class=\"aligncenter wp-image-20910\" src=\"https:\/\/optimate1.com\/wp-content\/uploads\/2023\/12\/60-timer-happy-batteries-copy.png\" alt=\"test light indication on optimate pro 4 duo\" width=\"428\" height=\"70\" \/><\/h6>\n<p>&nbsp;<\/p>\n<h6 style=\"text-align: center;\"><strong><span style=\"color: #10069f;\">Guarde autom\u00e1ticamente cualquier tipo de bater\u00eda completamente descargada desde tan solo 0,5 voltios, adem\u00e1s para litio LFP, reinicie manualmente el BMS protector y ahorre desde cero voltios. <\/span><\/strong><span style=\"color: #10069f;\">\u2013 <\/span><span style=\"color: #10069f;\"><i>\u00a1Las bater\u00edas agotadas y descuidadas se pueden recuperar!<\/i><\/span><\/h6>\n<h6 style=\"text-align: center;\"><img loading=\"lazy\" decoding=\"async\" class=\"aligncenter wp-image-20910\" src=\"https:\/\/optimate1.com\/wp-content\/uploads\/2023\/12\/battery-progress-copy-2.png\" alt=\"test light indication on optimate pro 4 duo\" width=\"428\" height=\"70\" \/><\/h6>\n<p>&nbsp;<\/p>\n<h6 style=\"text-align: center;\"><strong><span style=\"color: #10069f;\">Prueba de estado de salud para bater\u00edas BUENAS (80 a 100%), OK (60 \u2013 80%) o MALAS (por debajo del 60%) <\/span><\/strong><span style=\"color: #10069f;\">\u2013 <\/span><span style=\"color: #10069f;\"><i>confirma si la bater\u00eda est\u00e1 en servicio o debe ser reemplazada.<\/i><\/span><\/h6>\n<h6 style=\"text-align: center;\"><img loading=\"lazy\" decoding=\"async\" class=\"aligncenter wp-image-20910\" src=\"https:\/\/optimate1.com\/wp-content\/uploads\/2021\/11\/PRO-TEST-lights-copy-2.png\" alt=\"test light indication on optimate pro 4 duo\" width=\"428\" height=\"70\" \/><\/h6>\n<p>&nbsp;<\/p>\n<h6 style=\"text-align: center;\"><strong><span style=\"color: #10069f;\">Dise\u00f1ado para el profesional global, incluido el servicio de bater\u00edas, nuevos veh\u00edculos deportivos motorizados y\/o ventas de bater\u00edas nuevas. <\/span><\/strong><span style=\"color: #10069f;\">\u2013 <\/span><i><span style=\"color: #10069f;\">Producto orientado al servicio dise\u00f1ado para uso continuo.<\/span><\/i><\/h6>\n<h6 style=\"text-align: center;\"><img loading=\"lazy\" decoding=\"async\" class=\"aligncenter wp-image-20910\" src=\"https:\/\/optimate1.com\/wp-content\/uploads\/2023\/12\/Flags-copy-2.png\" alt=\"test light indication on optimate pro 4 duo\" width=\"428\" height=\"70\" \/><\/h6>\n<p>&nbsp;<\/p>\n<h6 style=\"text-align: center;\"><strong><span style=\"color: #10069f;\">Cada banco se entrega con un cable de salida reemplazable y un juego de clips de bater\u00eda fusionados; el cable de alimentaci\u00f3n de CA es reemplazable\/intercambiable <\/span><\/strong><span style=\"color: #10069f;\">\u2013 <\/span><i><span style=\"color: #10069f;\">Cables premium, disponibles internacionalmente.<\/span><\/i><\/h6>\n<h6 style=\"text-align: center;\"><img loading=\"lazy\" decoding=\"async\" class=\"aligncenter wp-image-20910\" src=\"https:\/\/optimate1.com\/wp-content\/uploads\/2023\/12\/line-cables-copy.png\" alt=\"test light indication on optimate pro 4 duo\" width=\"428\" height=\"70\" \/><\/h6>\n<p>&nbsp;<\/p>\n<p>&nbsp;<\/p>\n<h4 style=\"text-align: center;\"><strong><span style=\"text-decoration: underline;\">M\u00c1S FUNCIONES:<\/span><\/strong><\/h4>\n<p style=\"text-align: center;\">\n<table id=\"tablepress-588\" class=\"tablepress tablepress-id-588\">\n<tbody class=\"row-hover\">\n<tr class=\"row-1\">\n\t<td class=\"column-1\"><a href=\"\"><img loading=\"lazy\" decoding=\"async\" src=\"https:\/\/optimate1.com\/wp-content\/uploads\/2023\/09\/1DUO-batteries-copy-2.png\" alt=\"\" width=\"300\" height=\"50\" class=\"aligncenter size-medium wp-image-20927\" \/><\/a><body><h6><center>Para todos los tipos de bater\u00edas deportivas de 12V, incluidas las de plomo-\u00e1cido (Pb) > STD (con tapones), AGM y GEL (VRLA selladas) y Li-Ion fabricadas con tecnolog\u00eda LiFePO4 \/ LFP.<\/body><\/h6><\/center><br \/>\n<\/td>\n<\/tr>\n<tr class=\"row-2\">\n\t<td class=\"column-1\"><a href=\"\"><img loading=\"lazy\" decoding=\"async\" src=\"https:\/\/optimate1.com\/wp-content\/uploads\/2023\/11\/50-60hz.png\" alt=\"\" width=\"300\" height=\"50\" class=\"aligncenter size-medium wp-image-20928\" \/><\/a><body><h6><center>Entrada global - 100 a 240 V 50-60 Hz.<\/body><\/h6><\/center><\/td>\n<\/tr>\n<tr class=\"row-3\">\n\t<td class=\"column-1\"><a href=\"\"><img loading=\"lazy\" decoding=\"async\" src=\"https:\/\/optimate1.com\/wp-content\/uploads\/2021\/11\/AC-power-socket-copy-01.png\" alt=\"\" width=\"300\" height=\"50\" class=\"aligncenter size-medium wp-image-20995\" \/><\/a><body><h6><center>Enchufe de CA para cables de alimentaci\u00f3n de clase 2.<\/body><\/h6><\/center><\/td>\n<\/tr>\n<tr class=\"row-4\">\n\t<td class=\"column-1\"><a href=\"\"><img loading=\"lazy\" decoding=\"async\" src=\"https:\/\/optimate1.com\/wp-content\/uploads\/2021\/11\/CE-certification-x-01-2.png\" alt=\"\" width=\"300\" height=\"50\" class=\"aligncenter size-medium wp-image-20982\" \/><\/a><body><h6><center>Certificaci\u00f3n - CE, UKCA, NRTL (UL &amp; CSA), PSE (Jap\u00f3n), SAA (Aus &amp; NZ).<\/center><\/h6><\/body><\/td>\n<\/tr>\n<tr class=\"row-5\">\n\t<td class=\"column-1\"><a href=\"\"><img loading=\"lazy\" decoding=\"async\" src=\"https:\/\/optimate1.com\/wp-content\/uploads\/2020\/12\/green-technology-hx2-1-300x49.png\" alt=\"\" width=\"300\" height=\"50\" class=\"aligncenter size-medium wp-image-20993\" \/><\/a><body><h6><center>50% menos de energ\u00eda, 50% menos de coste.<br \/>\n<strong>\u221a<\/strong> Correcci\u00f3n del factor de potencia<br \/>\n<strong>\u221a<\/strong> Rectificaci\u00f3n s\u00edncrona<\/body><\/h6><\/center><\/td>\n<\/tr>\n<\/tbody>\n<\/table>\n<!-- #tablepress-588 from cache --><\/p>\n","protected":false},"excerpt":{"rendered":"<h3><span style=\"color: #231f20;\">Serie PRO: cargador autom\u00e1tico de diagn\u00f3stico de 4 bater\u00edas de 12V 5A <\/span><strong>x4<\/strong><\/h3>\n","protected":false},"featured_media":41972,"template":"","meta":[],"product_brand":[],"product_cat":[437],"product_tag":[],"class_list":{"0":"post-31544","1":"product","2":"type-product","3":"status-publish","4":"has-post-thumbnail","6":"product_cat-battery-chargers-es","7":"pa_charge-battery-chemistry-pb-agm-gel-std-lead-acid-es","8":"pa_charge-battery-more-auto-caravana","9":"pa_charge-battery-more-12v-es","10":"pa_charge-battery-more-avion-luz","11":"pa_charge-battery-more-bote-motos-acuaticas","12":"pa_charge-battery-more-coche-camioneta","13":"pa_charge-battery-more-coche-clasico","14":"pa_charge-battery-more-tractor-construccion","15":"pa_power-ac-100-240vac-es","16":"pa_product-group-optimate-7-es","17":"pa_region-ca-es-2","18":"pa_region-eu-es-2","19":"pa_region-uk-es-2","20":"pa_region-us-es-2","21":"iside_voltage-12-es","22":"iside_voltage-12-8-es","23":"iside_ampere-5-es","24":"iside_vehicle-motocicleta-deportes-de-motor-es","25":"iside_charger_series-pro-professional-es","26":"iside_charger_features-activar-preparar-baterias-nuevas","27":"iside_charger_features-ajustar-el-voltaje-a-la-temperatura-para-pb","28":"iside_charger_features-ajustar-la-corriente-a-la-temperatura-para-lfp","29":"iside_charger_features-mantenimiento","30":"iside_charger_features-mantenimiento-seguro-de-la-bateria-24-horas-7","31":"iside_charger_features-save-sulphated-pb-lead-acid-es","32":"iside_charger_features-save-low-volt-reset-bms-lithium-lfp-es","33":"iside_charger_features-restablecimiento-de-bms-para-bateria-lfp","34":"iside_charger_type-multibank-es","35":"iside_battery_voltage-12-8v-13-2v","36":"iside_battery_voltage-12v-es","37":"iside_battery_chemistry-lfp-lifepo4-lithium-ion-es","38":"iside_battery_chemistry-pb-lead-acid-es","39":"battery_charger_current-5a-6a-es","40":"thunk-woo-product-list","41":"opn-qv-enable","42":"big-store-woo-hover-","43":"open-single-product-tab-horizontal","44":"open-shadow-","45":"open-shadow-hover-","47":"first","48":"instock","49":"shipping-taxable","50":"purchasable","51":"product-type-simple"},"yoast_head":"<!-- This site is optimized with the Yoast SEO plugin v27.2 - https:\/\/yoast.com\/product\/yoast-seo-wordpress\/ -->\n<title>OptiMate PRO-4 DUO - OptiMate<\/title>\n<meta name=\"description\" content=\"OptiMate PRO-4 DUO es el cargador de bater\u00eda de diagn\u00f3stico autom\u00e1tico de OptiMate para bater\u00edas de plomo-\u00e1cido de 4 x 12V y\/o LiFePO4 de 12.8V. Lee mas.\" \/>\n<meta name=\"robots\" content=\"index, follow, max-snippet:-1, max-image-preview:large, max-video-preview:-1, noarchive\" \/>\n<link rel=\"canonical\" href=\"https:\/\/optimate1.com\/es\/producto\/tm670\/\" \/>\n<meta property=\"og:locale\" content=\"es_ES\" \/>\n<meta property=\"og:type\" content=\"article\" \/>\n<meta property=\"og:title\" content=\"OptiMate PRO-4 DUO - OptiMate\" \/>\n<meta property=\"og:description\" content=\"OptiMate PRO-4 DUO es el cargador de bater\u00eda de diagn\u00f3stico autom\u00e1tico de OptiMate para bater\u00edas de plomo-\u00e1cido de 4 x 12V y\/o LiFePO4 de 12.8V. Lee mas.\" \/>\n<meta property=\"og:url\" content=\"https:\/\/optimate1.com\/es\/producto\/tm670\/\" \/>\n<meta property=\"og:site_name\" content=\"OptiMate\" \/>\n<meta property=\"article:publisher\" content=\"https:\/\/www.facebook.com\/OptiMatebatterysavingcharger\/\" \/>\n<meta property=\"article:modified_time\" content=\"2026-03-31T10:12:13+00:00\" \/>\n<meta property=\"og:image\" content=\"https:\/\/optimate1.com\/wp-content\/uploads\/2026\/03\/OptiMate-PRO-4-DUO-TM670-11-copy-es-1024x1024.png\" \/>\n\t<meta property=\"og:image:width\" content=\"1024\" \/>\n\t<meta property=\"og:image:height\" content=\"1024\" \/>\n\t<meta property=\"og:image:type\" content=\"image\/png\" \/>\n<meta name=\"twitter:card\" content=\"summary_large_image\" \/>\n<meta name=\"twitter:label1\" content=\"Tiempo de lectura\" \/>\n\t<meta name=\"twitter:data1\" content=\"3 minutos\" \/>\n<script type=\"application\/ld+json\" class=\"yoast-schema-graph\">{\"@context\":\"https:\/\/schema.org\",\"@graph\":[{\"@type\":\"WebPage\",\"@id\":\"https:\/\/optimate1.com\/es\/producto\/tm670\/\",\"url\":\"https:\/\/optimate1.com\/es\/producto\/tm670\/\",\"name\":\"OptiMate PRO-4 DUO - OptiMate\",\"isPartOf\":{\"@id\":\"https:\/\/optimate1.com\/#website\"},\"primaryImageOfPage\":{\"@id\":\"https:\/\/optimate1.com\/es\/producto\/tm670\/#primaryimage\"},\"image\":{\"@id\":\"https:\/\/optimate1.com\/es\/producto\/tm670\/#primaryimage\"},\"thumbnailUrl\":\"https:\/\/optimate1.com\/wp-content\/uploads\/2026\/03\/OptiMate-PRO-4-DUO-TM670-11-copy-es.png\",\"datePublished\":\"2022-11-23T12:12:46+00:00\",\"dateModified\":\"2026-03-31T10:12:13+00:00\",\"description\":\"OptiMate PRO-4 DUO es el cargador de bater\u00eda de diagn\u00f3stico autom\u00e1tico de OptiMate para bater\u00edas de plomo-\u00e1cido de 4 x 12V y\/o LiFePO4 de 12.8V. Lee mas.\",\"breadcrumb\":{\"@id\":\"https:\/\/optimate1.com\/es\/producto\/tm670\/#breadcrumb\"},\"inLanguage\":\"es\",\"potentialAction\":[{\"@type\":\"ReadAction\",\"target\":[\"https:\/\/optimate1.com\/es\/producto\/tm670\/\"]}]},{\"@type\":\"ImageObject\",\"inLanguage\":\"es\",\"@id\":\"https:\/\/optimate1.com\/es\/producto\/tm670\/#primaryimage\",\"url\":\"https:\/\/optimate1.com\/wp-content\/uploads\/2026\/03\/OptiMate-PRO-4-DUO-TM670-11-copy-es.png\",\"contentUrl\":\"https:\/\/optimate1.com\/wp-content\/uploads\/2026\/03\/OptiMate-PRO-4-DUO-TM670-11-copy-es.png\",\"width\":1500,\"height\":1500},{\"@type\":\"BreadcrumbList\",\"@id\":\"https:\/\/optimate1.com\/es\/producto\/tm670\/#breadcrumb\",\"itemListElement\":[{\"@type\":\"ListItem\",\"position\":1,\"name\":\"Home\",\"item\":\"https:\/\/optimate1.com\/\"},{\"@type\":\"ListItem\",\"position\":2,\"name\":\"Productos\",\"item\":\"https:\/\/optimate1.com\/shop\/\"},{\"@type\":\"ListItem\",\"position\":3,\"name\":\"OptiMate PRO-4 DUO\"}]},{\"@type\":\"WebSite\",\"@id\":\"https:\/\/optimate1.com\/#website\",\"url\":\"https:\/\/optimate1.com\/\",\"name\":\"OptiMate\",\"description\":\"Battery Chargers &amp; Accessories\",\"publisher\":{\"@id\":\"https:\/\/optimate1.com\/#organization\"},\"potentialAction\":[{\"@type\":\"SearchAction\",\"target\":{\"@type\":\"EntryPoint\",\"urlTemplate\":\"https:\/\/optimate1.com\/?s={search_term_string}\"},\"query-input\":{\"@type\":\"PropertyValueSpecification\",\"valueRequired\":true,\"valueName\":\"search_term_string\"}}],\"inLanguage\":\"es\"},{\"@type\":\"Organization\",\"@id\":\"https:\/\/optimate1.com\/#organization\",\"name\":\"OptiMate\",\"url\":\"https:\/\/optimate1.com\/\",\"logo\":{\"@type\":\"ImageObject\",\"inLanguage\":\"es\",\"@id\":\"https:\/\/optimate1.com\/#\/schema\/logo\/image\/\",\"url\":\"https:\/\/optimate1.com\/wp-content\/uploads\/2021\/06\/optimate-hpbc-stacklogo.jpg\",\"contentUrl\":\"https:\/\/optimate1.com\/wp-content\/uploads\/2021\/06\/optimate-hpbc-stacklogo.jpg\",\"width\":1025,\"height\":529,\"caption\":\"OptiMate\"},\"image\":{\"@id\":\"https:\/\/optimate1.com\/#\/schema\/logo\/image\/\"},\"sameAs\":[\"https:\/\/www.facebook.com\/OptiMatebatterysavingcharger\/\"]}]}<\/script>\n<!-- \/ Yoast SEO plugin. -->","yoast_head_json":{"title":"OptiMate PRO-4 DUO - OptiMate","description":"OptiMate PRO-4 DUO es el cargador de bater\u00eda de diagn\u00f3stico autom\u00e1tico de OptiMate para bater\u00edas de plomo-\u00e1cido de 4 x 12V y\/o LiFePO4 de 12.8V. Lee mas.","robots":{"index":"index","follow":"follow","max-snippet":"max-snippet:-1","max-image-preview":"max-image-preview:large","max-video-preview":"max-video-preview:-1","archive":"noarchive"},"canonical":"https:\/\/optimate1.com\/es\/producto\/tm670\/","og_locale":"es_ES","og_type":"article","og_title":"OptiMate PRO-4 DUO - OptiMate","og_description":"OptiMate PRO-4 DUO es el cargador de bater\u00eda de diagn\u00f3stico autom\u00e1tico de OptiMate para bater\u00edas de plomo-\u00e1cido de 4 x 12V y\/o LiFePO4 de 12.8V. Lee mas.","og_url":"https:\/\/optimate1.com\/es\/producto\/tm670\/","og_site_name":"OptiMate","article_publisher":"https:\/\/www.facebook.com\/OptiMatebatterysavingcharger\/","article_modified_time":"2026-03-31T10:12:13+00:00","og_image":[{"width":1024,"height":1024,"url":"https:\/\/optimate1.com\/wp-content\/uploads\/2026\/03\/OptiMate-PRO-4-DUO-TM670-11-copy-es-1024x1024.png","type":"image\/png"}],"twitter_card":"summary_large_image","twitter_misc":{"Tiempo de lectura":"3 minutos"},"schema":{"@context":"https:\/\/schema.org","@graph":[{"@type":"WebPage","@id":"https:\/\/optimate1.com\/es\/producto\/tm670\/","url":"https:\/\/optimate1.com\/es\/producto\/tm670\/","name":"OptiMate PRO-4 DUO - OptiMate","isPartOf":{"@id":"https:\/\/optimate1.com\/#website"},"primaryImageOfPage":{"@id":"https:\/\/optimate1.com\/es\/producto\/tm670\/#primaryimage"},"image":{"@id":"https:\/\/optimate1.com\/es\/producto\/tm670\/#primaryimage"},"thumbnailUrl":"https:\/\/optimate1.com\/wp-content\/uploads\/2026\/03\/OptiMate-PRO-4-DUO-TM670-11-copy-es.png","datePublished":"2022-11-23T12:12:46+00:00","dateModified":"2026-03-31T10:12:13+00:00","description":"OptiMate PRO-4 DUO es el cargador de bater\u00eda de diagn\u00f3stico autom\u00e1tico de OptiMate para bater\u00edas de plomo-\u00e1cido de 4 x 12V y\/o LiFePO4 de 12.8V. Lee mas.","breadcrumb":{"@id":"https:\/\/optimate1.com\/es\/producto\/tm670\/#breadcrumb"},"inLanguage":"es","potentialAction":[{"@type":"ReadAction","target":["https:\/\/optimate1.com\/es\/producto\/tm670\/"]}]},{"@type":"ImageObject","inLanguage":"es","@id":"https:\/\/optimate1.com\/es\/producto\/tm670\/#primaryimage","url":"https:\/\/optimate1.com\/wp-content\/uploads\/2026\/03\/OptiMate-PRO-4-DUO-TM670-11-copy-es.png","contentUrl":"https:\/\/optimate1.com\/wp-content\/uploads\/2026\/03\/OptiMate-PRO-4-DUO-TM670-11-copy-es.png","width":1500,"height":1500},{"@type":"BreadcrumbList","@id":"https:\/\/optimate1.com\/es\/producto\/tm670\/#breadcrumb","itemListElement":[{"@type":"ListItem","position":1,"name":"Home","item":"https:\/\/optimate1.com\/"},{"@type":"ListItem","position":2,"name":"Productos","item":"https:\/\/optimate1.com\/shop\/"},{"@type":"ListItem","position":3,"name":"OptiMate PRO-4 DUO"}]},{"@type":"WebSite","@id":"https:\/\/optimate1.com\/#website","url":"https:\/\/optimate1.com\/","name":"OptiMate","description":"Battery Chargers &amp; Accessories","publisher":{"@id":"https:\/\/optimate1.com\/#organization"},"potentialAction":[{"@type":"SearchAction","target":{"@type":"EntryPoint","urlTemplate":"https:\/\/optimate1.com\/?s={search_term_string}"},"query-input":{"@type":"PropertyValueSpecification","valueRequired":true,"valueName":"search_term_string"}}],"inLanguage":"es"},{"@type":"Organization","@id":"https:\/\/optimate1.com\/#organization","name":"OptiMate","url":"https:\/\/optimate1.com\/","logo":{"@type":"ImageObject","inLanguage":"es","@id":"https:\/\/optimate1.com\/#\/schema\/logo\/image\/","url":"https:\/\/optimate1.com\/wp-content\/uploads\/2021\/06\/optimate-hpbc-stacklogo.jpg","contentUrl":"https:\/\/optimate1.com\/wp-content\/uploads\/2021\/06\/optimate-hpbc-stacklogo.jpg","width":1025,"height":529,"caption":"OptiMate"},"image":{"@id":"https:\/\/optimate1.com\/#\/schema\/logo\/image\/"},"sameAs":["https:\/\/www.facebook.com\/OptiMatebatterysavingcharger\/"]}]}},"_links":{"self":[{"href":"https:\/\/optimate1.com\/es\/wp-json\/wp\/v2\/product\/31544","targetHints":{"allow":["GET"]}}],"collection":[{"href":"https:\/\/optimate1.com\/es\/wp-json\/wp\/v2\/product"}],"about":[{"href":"https:\/\/optimate1.com\/es\/wp-json\/wp\/v2\/types\/product"}],"wp:featuredmedia":[{"embeddable":true,"href":"https:\/\/optimate1.com\/es\/wp-json\/wp\/v2\/media\/41972"}],"wp:attachment":[{"href":"https:\/\/optimate1.com\/es\/wp-json\/wp\/v2\/media?parent=31544"}],"wp:term":[{"taxonomy":"product_brand","embeddable":true,"href":"https:\/\/optimate1.com\/es\/wp-json\/wp\/v2\/product_brand?post=31544"},{"taxonomy":"product_cat","embeddable":true,"href":"https:\/\/optimate1.com\/es\/wp-json\/wp\/v2\/product_cat?post=31544"},{"taxonomy":"product_tag","embeddable":true,"href":"https:\/\/optimate1.com\/es\/wp-json\/wp\/v2\/product_tag?post=31544"}],"curies":[{"name":"wp","href":"https:\/\/api.w.org\/{rel}","templated":true}]}}