{"id":31730,"date":"2023-02-02T04:03:28","date_gmt":"2023-02-02T09:03:28","guid":{"rendered":"https:\/\/optimate1.com\/product\/optimate-4-quad-program-premium\/"},"modified":"2026-03-26T09:55:44","modified_gmt":"2026-03-26T13:55:44","slug":"optimate-4-quad-program-premium","status":"publish","type":"product","link":"https:\/\/optimate1.com\/es\/producto\/optimate-4-quad-program-premium\/","title":{"rendered":"OptiMate 4 Quad Program | Edici\u00f3n PREMIUM"},"content":{"rendered":"<h6 style=\"text-align: center;\"><strong><span style=\"color: #10069f;\">OptiMate 4 Quad Program Premium Edition es el cargador de bater\u00eda definitivo para su motocicleta BMW o Triumph de aventura, turismo, crucero o rendimiento, listo para cargar a trav\u00e9s de la toma DIN de 12V o cargar la bater\u00eda directamente en todos los dem\u00e1s veh\u00edculos deportivos motorizados <\/span><\/strong><span style=\"color: #10069f;\"><i>&#8211; \u00a1el cargador de motosport m\u00e1s avanzado del mundo!<\/i><\/span><\/h6>\n<h6 style=\"text-align: center;\"><img loading=\"lazy\" decoding=\"async\" class=\"aligncenter wp-image-20668\" src=\"https:\/\/optimate1.com\/wp-content\/uploads\/2023\/09\/Vehicle-range-OM4-copy.png\" alt=\"Optimate 1 DUO is ideal for motorcycles, ATVs, scooters and jet skis\" width=\"428\" height=\"66\" \/><\/h6>\n<p>&nbsp;<\/p>\n<h6 style=\"text-align: center;\"><strong><span style=\"color: #10069f;\">Programa Quad \u2013<\/span><\/strong> <span style=\"color: #10069f;\"><i>seleccione el programa 2 o 4 para cargar a trav\u00e9s del enchufe de 12V controlado por bus CAN de BMW, o el programa 1 o 3 para cargar a trav\u00e9s del enchufe activo (caliente) de 12V de Triumph, o para cargar la bater\u00eda directamente.<\/i><\/span><\/h6>\n<h6 style=\"text-align: center;\"><img loading=\"lazy\" decoding=\"async\" class=\"aligncenter wp-image-20910\" src=\"https:\/\/optimate1.com\/wp-content\/uploads\/2022\/10\/voltage-programs-copy-2-01.png\" alt=\"OptiMate 4 quad program\" width=\"428\" height=\"70\" \/><\/h6>\n<p>&nbsp;<\/p>\n<h6 style=\"text-align: center;\"><strong><span style=\"color: #10069f;\">INCLUYE el accesorio cable\u00a0<a href=\"https:\/\/optimate1.com\/es\/producto\/optimate-cable-o-19\/\" target=\"_blank\" rel=\"noopener\">O-19<\/a>\u00a0\u2013<\/span><\/strong> <span style=\"color: #10069f;\"><i>para cargar a trav\u00e9s de la toma DIN de 12V de las motocicletas BMW y Triumph.<\/i><\/span><\/h6>\n<h6 style=\"text-align: center;\"><img loading=\"lazy\" decoding=\"async\" class=\"aligncenter wp-image-20977\" src=\"https:\/\/optimate1.com\/wp-content\/uploads\/2023\/02\/premium-edition-includes.png\" alt=\"OptiMate 4 Lithium optional cable accessories &amp; premium edition\" width=\"428\" height=\"70\" \/><\/h6>\n<p>&nbsp;<\/p>\n<h6 style=\"text-align: center;\"><strong><span style=\"color: #10069f;\">El programa de varias fases totalmente autom\u00e1tico completa la carga de la bater\u00eda de forma segura <\/span><\/strong><i><span style=\"color: #10069f;\">&#8211; <\/span><span style=\"color: #10069f;\">Seleccione por tipo de bater\u00eda y requisito de carga, y el programa Quad OptiMate 4 har\u00e1 el resto, \u00a1sin necesidad de supervisi\u00f3n!<\/span><\/i><\/h6>\n<h6 style=\"text-align: center;\"><img loading=\"lazy\" decoding=\"async\" class=\"aligncenter wp-image-20876\" src=\"https:\/\/optimate1.com\/wp-content\/uploads\/2022\/10\/connect-save-charge-optimize-maintain-200_x-01.png\" alt=\"The steps for long term maintenance: Connect, charge and maintain.\" width=\"428\" height=\"70\" \/><\/h6>\n<p>&nbsp;<\/p>\n<p>&nbsp;<\/p>\n<h4 style=\"text-align: center;\"><strong><span style=\"text-decoration: underline;\">M\u00c1S CARACTER\u00cdSTICAS:<\/span><\/strong><\/h4>\n<p style=\"text-align: center;\">\n<table id=\"tablepress-443\" class=\"tablepress tablepress-id-443\">\n<tbody class=\"row-hover\">\n<tr class=\"row-1\">\n\t<td class=\"column-1\"><a href=\"\"><img loading=\"lazy\" decoding=\"async\" src=\"https:\/\/optimate1.com\/wp-content\/uploads\/2023\/09\/1DUO-batteries-copy-2.png\" alt=\"\" width=\"300\" height=\"50\" class=\"aligncenter size-medium wp-image-20927\" \/><\/a><body><h6><center>Para todos los tipos de bater\u00edas deportivas de 12V, incluidas las de plomo-\u00e1cido (Pb) > STD (con tapones de llenado), AGM y GEL (VRLA sellada) y Li-Ion fabricadas con tecnolog\u00eda LiFePO4\/LFP.<\/body><\/h6><\/center><br \/>\n<\/td>\n<\/tr>\n<tr class=\"row-2\">\n\t<td class=\"column-1\"><a href=\"\"><img loading=\"lazy\" decoding=\"async\" src=\"https:\/\/optimate1.com\/wp-content\/uploads\/2022\/10\/bmw-compatible_2-01.png\" alt=\"\" width=\"300\" height=\"50\" class=\"aligncenter size-medium wp-image-20928\" \/><\/a><body><h6><center>Compatible con CAN-bus de las motocicletas BMW, activaci\u00f3n autom\u00e1tica.<\/body><\/h6><\/center><\/td>\n<\/tr>\n<tr class=\"row-3\">\n\t<td class=\"column-1\"><a href=\"\"><img loading=\"lazy\" decoding=\"async\" src=\"https:\/\/optimate1.com\/wp-content\/uploads\/2023\/09\/analysis-desulphate-x-copy-3-01-copy.png\" alt=\"\" width=\"300\" height=\"50\" class=\"aligncenter size-medium wp-image-20995\" \/><\/a><body><h6><center>Desulfataci\u00f3n inteligente desde 0.5V para bater\u00edas de Pb.<\/body><\/h6><\/center><\/td>\n<\/tr>\n<tr class=\"row-4\">\n\t<td class=\"column-1\"><a href=\"\"><img loading=\"lazy\" decoding=\"async\" src=\"https:\/\/optimate1.com\/wp-content\/uploads\/2021\/11\/SAFE-OM1-DUO-01-1.png\" alt=\"\" width=\"300\" height=\"50\" class=\"aligncenter size-medium wp-image-20982\" \/><\/a><body><h6><center>Es seguro dejarlo conectado. Protecci\u00f3n electr\u00f3nica total.<\/center><\/h6><\/body><\/td>\n<\/tr>\n<tr class=\"row-5\">\n\t<td class=\"column-1\"><a href=\"\"><img loading=\"lazy\" decoding=\"async\" src=\"https:\/\/optimate1.com\/wp-content\/uploads\/2020\/12\/24-7-x2-300x49.png\" alt=\"\" width=\"300\" height=\"50\" class=\"aligncenter size-medium wp-image-20993\" \/><\/a><body><h6><center>Conserva la bater\u00eda plenamente cargada y en buen estado.<\/body><\/h6><\/center><\/td>\n<\/tr>\n<tr class=\"row-6\">\n\t<td class=\"column-1\"><a href=\"\"><img loading=\"lazy\" decoding=\"async\" src=\"https:\/\/optimate1.com\/wp-content\/uploads\/2022\/10\/analysis-desulphate-x-copy-5-01.png\" alt=\"\" width=\"300\" height=\"50\" class=\"aligncenter size-medium wp-image-20985\" \/><\/a><body><h6><center>Recuperaci\u00f3n de bajo voltaje y reinicio de BMS para bater\u00eda de LFP.<\/body><\/h6><\/center><\/td>\n<\/tr>\n<tr class=\"row-7\">\n\t<td class=\"column-1\"><a href=\"\"><img loading=\"lazy\" decoding=\"async\" src=\"https:\/\/optimate1.com\/wp-content\/uploads\/2020\/12\/state-of-health-test-3-LEDx2-300x49.png\" alt=\"\" width=\"300\" height=\"50\" class=\"aligncenter size-medium wp-image-20983\" \/><\/a><body><h6><center>Comprueba el estado de las bater\u00edas.<\/body><\/h6><\/center><\/td>\n<\/tr>\n<tr class=\"row-8\">\n\t<td class=\"column-1\"><a href=\"\"><img loading=\"lazy\" decoding=\"async\" src=\"https:\/\/optimate1.com\/wp-content\/uploads\/2020\/12\/green-technology-hx2-1-300x49.png\" alt=\"\" width=\"300\" height=\"50\" class=\"aligncenter size-medium wp-image-20983\" \/><\/a><body><h6><center>Tecnolog\u00eda de ahorro de energ\u00eda<br \/>\n\u221a Energ\u00eda en espera de menos de 0.5W.<br \/>\n\u221a Mantenimiento eficiente de la bater\u00eda 24-7.<\/body><\/h6><\/center><\/td>\n<\/tr>\n<tr class=\"row-9\">\n\t<td class=\"column-1\"><a href=\"\"><img loading=\"lazy\" decoding=\"async\" src=\"https:\/\/optimate1.com\/wp-content\/uploads\/2020\/12\/weatherproof-x2-300x49.png\" alt=\"\" width=\"300\" height=\"50\" class=\"aligncenter size-medium wp-image-20983\" \/><\/a><body><h6><center>Resistente al agua. Apto para su uso hasta a -40\u00b0C \/ -40\u00b0F.<\/body><\/h6><\/center><\/td>\n<\/tr>\n<\/tbody>\n<\/table>\n<\/p>\n","protected":false},"excerpt":{"rendered":"<h3><span style=\"color: #947c4e;\">Serie GOLD: cargador-mantenedor de bater\u00eda sellada de 9 fases 12V\/12.8V 1.25A<\/span><\/h3>\n","protected":false},"featured_media":41813,"template":"","meta":[],"product_brand":[],"product_cat":[437],"product_tag":[],"class_list":{"0":"post-31730","1":"product","2":"type-product","3":"status-publish","4":"has-post-thumbnail","6":"product_cat-battery-chargers-es","7":"pa_charge-battery-chemistry-li-lifepo4-lfp-lithium-es","8":"pa_charge-battery-chemistry-pb-agm-gel-std-lead-acid-es","9":"pa_charge-battery-more-12v-es","10":"pa_charge-battery-more-4x4-aventuras","11":"pa_charge-battery-more-bmw-motocicleta","12":"pa_charge-battery-more-bote-motos-acuaticas","13":"pa_charge-battery-more-motocicleta-vehiculo-todo-terreno","14":"pa_charge-battery-more-utv-sxs-cruiser-es","15":"pa_power-ac-100-240vac-es","16":"pa_product-group-optimate-4-es","17":"pa_region-ca-es-2","18":"pa_region-eu-es-2","19":"pa_region-uk-es-2","20":"pa_region-us-es-2","21":"iside_voltage-12-es","22":"iside_voltage-12-8-es","23":"iside_ampere-1-25-es","24":"iside_vehicle-motocicleta-deportes-de-motor-es","25":"iside_charger_series-gold-advanced-es-2","26":"iside_charger_features-bus-can-de-bmw-motorrad-es","27":"iside_charger_features-mantenimiento","28":"iside_charger_features-mantenimiento-seguro-de-la-bateria-24-horas-7","29":"iside_charger_features-save-sulphated-pb-lead-acid-es","30":"iside_charger_features-save-low-volt-reset-bms-lithium-lfp-es","31":"iside_charger_features-restablecimiento-de-bms-para-bateria-lfp","32":"iside_charger_type-single-es","33":"iside_battery_voltage-12-8v-13-2v","34":"iside_battery_voltage-12v-es","35":"iside_battery_chemistry-lfp-lifepo4-lithium-ion-es","36":"iside_battery_chemistry-pb-lead-acid-es","37":"battery_charger_current-0-6a-1-5a-es","38":"thunk-woo-product-list","39":"opn-qv-enable","40":"big-store-woo-hover-","41":"open-single-product-tab-horizontal","42":"open-shadow-","43":"open-shadow-hover-","45":"first","46":"instock","47":"featured","48":"shipping-taxable","49":"purchasable","50":"product-type-simple"},"yoast_head":"<!-- This site is optimized with the Yoast SEO plugin v27.2 - https:\/\/yoast.com\/product\/yoast-seo-wordpress\/ -->\n<title>OptiMate 4 Quad Program | Edici\u00f3n PREMIUM - OptiMate<\/title>\n<meta name=\"description\" content=\"\u00a1El programa OptiMate 4 Quad es el cargador de &#039;1.25 amperios&#039; m\u00e1s eficiente energ\u00e9ticamente para bater\u00edas de 12V y 12.8V!\" \/>\n<meta name=\"robots\" content=\"index, follow, max-snippet:-1, max-image-preview:large, max-video-preview:-1, noarchive\" \/>\n<link rel=\"canonical\" href=\"https:\/\/optimate1.com\/es\/producto\/optimate-4-quad-program-premium\/\" \/>\n<meta property=\"og:locale\" content=\"es_ES\" \/>\n<meta property=\"og:type\" content=\"article\" \/>\n<meta property=\"og:title\" content=\"OptiMate 4 Quad Program | Edici\u00f3n PREMIUM - OptiMate\" \/>\n<meta property=\"og:description\" content=\"\u00a1El programa OptiMate 4 Quad es el cargador de &#039;1.25 amperios&#039; m\u00e1s eficiente energ\u00e9ticamente para bater\u00edas de 12V y 12.8V!\" \/>\n<meta property=\"og:url\" content=\"https:\/\/optimate1.com\/es\/producto\/optimate-4-quad-program-premium\/\" \/>\n<meta property=\"og:site_name\" content=\"OptiMate\" \/>\n<meta property=\"article:publisher\" content=\"https:\/\/www.facebook.com\/OptiMatebatterysavingcharger\/\" \/>\n<meta property=\"article:modified_time\" content=\"2026-03-26T13:55:44+00:00\" \/>\n<meta property=\"og:image\" content=\"https:\/\/optimate1.com\/wp-content\/uploads\/2026\/03\/OptiMate-4-Quad-PR-TM63x-11-copy-2-es-1024x1024.png\" \/>\n\t<meta property=\"og:image:width\" content=\"1024\" \/>\n\t<meta property=\"og:image:height\" content=\"1024\" \/>\n\t<meta property=\"og:image:type\" content=\"image\/png\" \/>\n<meta name=\"twitter:card\" content=\"summary_large_image\" \/>\n<meta name=\"twitter:label1\" content=\"Tiempo de lectura\" \/>\n\t<meta name=\"twitter:data1\" content=\"2 minutos\" \/>\n<script type=\"application\/ld+json\" class=\"yoast-schema-graph\">{\"@context\":\"https:\/\/schema.org\",\"@graph\":[{\"@type\":\"WebPage\",\"@id\":\"https:\/\/optimate1.com\/es\/producto\/optimate-4-quad-program-premium\/\",\"url\":\"https:\/\/optimate1.com\/es\/producto\/optimate-4-quad-program-premium\/\",\"name\":\"OptiMate 4 Quad Program | Edici\u00f3n PREMIUM - OptiMate\",\"isPartOf\":{\"@id\":\"https:\/\/optimate1.com\/#website\"},\"primaryImageOfPage\":{\"@id\":\"https:\/\/optimate1.com\/es\/producto\/optimate-4-quad-program-premium\/#primaryimage\"},\"image\":{\"@id\":\"https:\/\/optimate1.com\/es\/producto\/optimate-4-quad-program-premium\/#primaryimage\"},\"thumbnailUrl\":\"https:\/\/optimate1.com\/wp-content\/uploads\/2026\/03\/OptiMate-4-Quad-PR-TM63x-11-copy-2-es.png\",\"datePublished\":\"2023-02-02T09:03:28+00:00\",\"dateModified\":\"2026-03-26T13:55:44+00:00\",\"description\":\"\u00a1El programa OptiMate 4 Quad es el cargador de '1.25 amperios' m\u00e1s eficiente energ\u00e9ticamente para bater\u00edas de 12V y 12.8V!\",\"breadcrumb\":{\"@id\":\"https:\/\/optimate1.com\/es\/producto\/optimate-4-quad-program-premium\/#breadcrumb\"},\"inLanguage\":\"es\",\"potentialAction\":[{\"@type\":\"ReadAction\",\"target\":[\"https:\/\/optimate1.com\/es\/producto\/optimate-4-quad-program-premium\/\"]}]},{\"@type\":\"ImageObject\",\"inLanguage\":\"es\",\"@id\":\"https:\/\/optimate1.com\/es\/producto\/optimate-4-quad-program-premium\/#primaryimage\",\"url\":\"https:\/\/optimate1.com\/wp-content\/uploads\/2026\/03\/OptiMate-4-Quad-PR-TM63x-11-copy-2-es.png\",\"contentUrl\":\"https:\/\/optimate1.com\/wp-content\/uploads\/2026\/03\/OptiMate-4-Quad-PR-TM63x-11-copy-2-es.png\",\"width\":1500,\"height\":1500},{\"@type\":\"BreadcrumbList\",\"@id\":\"https:\/\/optimate1.com\/es\/producto\/optimate-4-quad-program-premium\/#breadcrumb\",\"itemListElement\":[{\"@type\":\"ListItem\",\"position\":1,\"name\":\"Home\",\"item\":\"https:\/\/optimate1.com\/\"},{\"@type\":\"ListItem\",\"position\":2,\"name\":\"Productos\",\"item\":\"https:\/\/optimate1.com\/shop\/\"},{\"@type\":\"ListItem\",\"position\":3,\"name\":\"OptiMate 4 Quad Program | Edici\u00f3n PREMIUM\"}]},{\"@type\":\"WebSite\",\"@id\":\"https:\/\/optimate1.com\/#website\",\"url\":\"https:\/\/optimate1.com\/\",\"name\":\"OptiMate\",\"description\":\"Battery Chargers &amp; Accessories\",\"publisher\":{\"@id\":\"https:\/\/optimate1.com\/#organization\"},\"potentialAction\":[{\"@type\":\"SearchAction\",\"target\":{\"@type\":\"EntryPoint\",\"urlTemplate\":\"https:\/\/optimate1.com\/?s={search_term_string}\"},\"query-input\":{\"@type\":\"PropertyValueSpecification\",\"valueRequired\":true,\"valueName\":\"search_term_string\"}}],\"inLanguage\":\"es\"},{\"@type\":\"Organization\",\"@id\":\"https:\/\/optimate1.com\/#organization\",\"name\":\"OptiMate\",\"url\":\"https:\/\/optimate1.com\/\",\"logo\":{\"@type\":\"ImageObject\",\"inLanguage\":\"es\",\"@id\":\"https:\/\/optimate1.com\/#\/schema\/logo\/image\/\",\"url\":\"https:\/\/optimate1.com\/wp-content\/uploads\/2021\/06\/optimate-hpbc-stacklogo.jpg\",\"contentUrl\":\"https:\/\/optimate1.com\/wp-content\/uploads\/2021\/06\/optimate-hpbc-stacklogo.jpg\",\"width\":1025,\"height\":529,\"caption\":\"OptiMate\"},\"image\":{\"@id\":\"https:\/\/optimate1.com\/#\/schema\/logo\/image\/\"},\"sameAs\":[\"https:\/\/www.facebook.com\/OptiMatebatterysavingcharger\/\"]}]}<\/script>\n<!-- \/ Yoast SEO plugin. -->","yoast_head_json":{"title":"OptiMate 4 Quad Program | Edici\u00f3n PREMIUM - OptiMate","description":"\u00a1El programa OptiMate 4 Quad es el cargador de '1.25 amperios' m\u00e1s eficiente energ\u00e9ticamente para bater\u00edas de 12V y 12.8V!","robots":{"index":"index","follow":"follow","max-snippet":"max-snippet:-1","max-image-preview":"max-image-preview:large","max-video-preview":"max-video-preview:-1","archive":"noarchive"},"canonical":"https:\/\/optimate1.com\/es\/producto\/optimate-4-quad-program-premium\/","og_locale":"es_ES","og_type":"article","og_title":"OptiMate 4 Quad Program | Edici\u00f3n PREMIUM - OptiMate","og_description":"\u00a1El programa OptiMate 4 Quad es el cargador de '1.25 amperios' m\u00e1s eficiente energ\u00e9ticamente para bater\u00edas de 12V y 12.8V!","og_url":"https:\/\/optimate1.com\/es\/producto\/optimate-4-quad-program-premium\/","og_site_name":"OptiMate","article_publisher":"https:\/\/www.facebook.com\/OptiMatebatterysavingcharger\/","article_modified_time":"2026-03-26T13:55:44+00:00","og_image":[{"width":1024,"height":1024,"url":"https:\/\/optimate1.com\/wp-content\/uploads\/2026\/03\/OptiMate-4-Quad-PR-TM63x-11-copy-2-es-1024x1024.png","type":"image\/png"}],"twitter_card":"summary_large_image","twitter_misc":{"Tiempo de lectura":"2 minutos"},"schema":{"@context":"https:\/\/schema.org","@graph":[{"@type":"WebPage","@id":"https:\/\/optimate1.com\/es\/producto\/optimate-4-quad-program-premium\/","url":"https:\/\/optimate1.com\/es\/producto\/optimate-4-quad-program-premium\/","name":"OptiMate 4 Quad Program | Edici\u00f3n PREMIUM - OptiMate","isPartOf":{"@id":"https:\/\/optimate1.com\/#website"},"primaryImageOfPage":{"@id":"https:\/\/optimate1.com\/es\/producto\/optimate-4-quad-program-premium\/#primaryimage"},"image":{"@id":"https:\/\/optimate1.com\/es\/producto\/optimate-4-quad-program-premium\/#primaryimage"},"thumbnailUrl":"https:\/\/optimate1.com\/wp-content\/uploads\/2026\/03\/OptiMate-4-Quad-PR-TM63x-11-copy-2-es.png","datePublished":"2023-02-02T09:03:28+00:00","dateModified":"2026-03-26T13:55:44+00:00","description":"\u00a1El programa OptiMate 4 Quad es el cargador de '1.25 amperios' m\u00e1s eficiente energ\u00e9ticamente para bater\u00edas de 12V y 12.8V!","breadcrumb":{"@id":"https:\/\/optimate1.com\/es\/producto\/optimate-4-quad-program-premium\/#breadcrumb"},"inLanguage":"es","potentialAction":[{"@type":"ReadAction","target":["https:\/\/optimate1.com\/es\/producto\/optimate-4-quad-program-premium\/"]}]},{"@type":"ImageObject","inLanguage":"es","@id":"https:\/\/optimate1.com\/es\/producto\/optimate-4-quad-program-premium\/#primaryimage","url":"https:\/\/optimate1.com\/wp-content\/uploads\/2026\/03\/OptiMate-4-Quad-PR-TM63x-11-copy-2-es.png","contentUrl":"https:\/\/optimate1.com\/wp-content\/uploads\/2026\/03\/OptiMate-4-Quad-PR-TM63x-11-copy-2-es.png","width":1500,"height":1500},{"@type":"BreadcrumbList","@id":"https:\/\/optimate1.com\/es\/producto\/optimate-4-quad-program-premium\/#breadcrumb","itemListElement":[{"@type":"ListItem","position":1,"name":"Home","item":"https:\/\/optimate1.com\/"},{"@type":"ListItem","position":2,"name":"Productos","item":"https:\/\/optimate1.com\/shop\/"},{"@type":"ListItem","position":3,"name":"OptiMate 4 Quad Program | Edici\u00f3n PREMIUM"}]},{"@type":"WebSite","@id":"https:\/\/optimate1.com\/#website","url":"https:\/\/optimate1.com\/","name":"OptiMate","description":"Battery Chargers &amp; Accessories","publisher":{"@id":"https:\/\/optimate1.com\/#organization"},"potentialAction":[{"@type":"SearchAction","target":{"@type":"EntryPoint","urlTemplate":"https:\/\/optimate1.com\/?s={search_term_string}"},"query-input":{"@type":"PropertyValueSpecification","valueRequired":true,"valueName":"search_term_string"}}],"inLanguage":"es"},{"@type":"Organization","@id":"https:\/\/optimate1.com\/#organization","name":"OptiMate","url":"https:\/\/optimate1.com\/","logo":{"@type":"ImageObject","inLanguage":"es","@id":"https:\/\/optimate1.com\/#\/schema\/logo\/image\/","url":"https:\/\/optimate1.com\/wp-content\/uploads\/2021\/06\/optimate-hpbc-stacklogo.jpg","contentUrl":"https:\/\/optimate1.com\/wp-content\/uploads\/2021\/06\/optimate-hpbc-stacklogo.jpg","width":1025,"height":529,"caption":"OptiMate"},"image":{"@id":"https:\/\/optimate1.com\/#\/schema\/logo\/image\/"},"sameAs":["https:\/\/www.facebook.com\/OptiMatebatterysavingcharger\/"]}]}},"_links":{"self":[{"href":"https:\/\/optimate1.com\/es\/wp-json\/wp\/v2\/product\/31730","targetHints":{"allow":["GET"]}}],"collection":[{"href":"https:\/\/optimate1.com\/es\/wp-json\/wp\/v2\/product"}],"about":[{"href":"https:\/\/optimate1.com\/es\/wp-json\/wp\/v2\/types\/product"}],"wp:featuredmedia":[{"embeddable":true,"href":"https:\/\/optimate1.com\/es\/wp-json\/wp\/v2\/media\/41813"}],"wp:attachment":[{"href":"https:\/\/optimate1.com\/es\/wp-json\/wp\/v2\/media?parent=31730"}],"wp:term":[{"taxonomy":"product_brand","embeddable":true,"href":"https:\/\/optimate1.com\/es\/wp-json\/wp\/v2\/product_brand?post=31730"},{"taxonomy":"product_cat","embeddable":true,"href":"https:\/\/optimate1.com\/es\/wp-json\/wp\/v2\/product_cat?post=31730"},{"taxonomy":"product_tag","embeddable":true,"href":"https:\/\/optimate1.com\/es\/wp-json\/wp\/v2\/product_tag?post=31730"}],"curies":[{"name":"wp","href":"https:\/\/api.w.org\/{rel}","templated":true}]}}