{"id":33007,"date":"2023-05-15T09:07:06","date_gmt":"2023-05-15T13:07:06","guid":{"rendered":"https:\/\/optimate1.com\/product\/usbo-119\/"},"modified":"2024-04-30T03:43:25","modified_gmt":"2024-04-30T07:43:25","slug":"usbo-119","status":"publish","type":"product","link":"https:\/\/optimate1.com\/es\/producto\/usbo-119\/","title":{"rendered":"OptiMate USB O-119"},"content":{"rendered":"<h3 class=\"entry-summary hidden-phone\"><strong>El cargador dual USB port\u00e1til de 3300mA con puerto USB-A y USB-C, con conector BIKE de 180\u00b0 en l\u00ednea para su motocicleta Triumph, Ducati Multistrada o BMW<\/strong> &#8211;<i> La mejor opci\u00f3n para Triumph 800 y la \u00faltima Ducati MultiStrada.<\/i><\/h3>\n<h6 style=\"text-align: center;\"><img loading=\"lazy\" decoding=\"async\" class=\"aligncenter wp-image-20876\" src=\"https:\/\/optimate1.com\/wp-content\/uploads\/2023\/05\/O-119-length-copy-6.png\" alt=\"O-118 motorcycle USB c charger cable length + O-31 battery cable extension.\" width=\"400\" height=\"50\" \/><\/h6>\n<h6 style=\"text-align: center;\"><strong><span style=\"color: #10069f;\"><b>1 puerto USB-A y 1 puerto USB-C<\/b> &#8211; <\/span><\/strong><i><span style=\"color: #10069f;\">\u00a1Enchufe DIN de 180\u00b0 en l\u00ednea!<\/span><\/i><\/h6>\n<p>&nbsp;<\/p>\n<h6 style=\"text-align: center;\"><img loading=\"lazy\" decoding=\"async\" class=\"aligncenter wp-image-20876\" src=\"https:\/\/optimate1.com\/wp-content\/uploads\/2023\/06\/USB-C-USB-A-copy.png\" alt=\"3300mA motorcycle usb c charger at 5V.\" width=\"328\" height=\"70\" \/><\/h6>\n<h6 style=\"text-align: center;\"><strong><span style=\"color: #10069f;\"><b>Potente corriente de carga de 3300mA entregada desde el puerto USB-C o la corriente se comparte si tambi\u00e9n se usa el puerto USB-A <\/b><\/span><\/strong><strong><span style=\"color: #10069f;\">&#8211; <\/span><\/strong><span style=\"color: #10069f;\"><i>\u00a1Recarga r\u00e1pida y segura para todos los dispositivos USB-C y USB-A!<\/i><\/span><\/h6>\n<p>&nbsp;<\/p>\n<h6 style=\"text-align: center;\"><img loading=\"lazy\" decoding=\"async\" class=\"aligncenter wp-image-20660\" src=\"https:\/\/optimate1.com\/wp-content\/uploads\/2023\/05\/battery-range-copy-5.png\" alt=\"The O-118 motorcycle usb c charger is ideal for connection to 12V AGM &amp; 12.8V LiFeP04 \/ LFP lithium batteries, found in your motorcycle.\" width=\"370\" height=\"50\" \/><img loading=\"lazy\" decoding=\"async\" class=\"aligncenter wp-image-20668\" src=\"https:\/\/optimate1.com\/wp-content\/uploads\/2023\/05\/devices-2-copy-2.png\" alt=\"The O-118 motorcycle usb c charger charges your phone, GPS, camera or tablet.\" width=\"400\" height=\"100\" \/><strong><span style=\"color: #10069f;\">Funciona en tu Ducati M\/S, BMW o Triumph equipada con una bater\u00eda moderna de 12V, plomo-\u00e1cido (Pb\/AGM) o iones de litio (LiFeP04\/LFP) &#8211; <\/span><\/strong><span style=\"color: #10069f;\"><i>no agota la bater\u00eda cuando el veh\u00edculo est\u00e1 estacionado!<\/i><\/span><\/h6>\n<p>&nbsp;<\/p>\n<h4 style=\"text-align: center;\"><span style=\"text-decoration: underline;\"><strong>M\u00c1S CARACTER\u00cdSTICAS:<\/strong><\/span><\/h4>\n<p style=\"text-align: center;\">\n<table id=\"tablepress-252\" class=\"tablepress tablepress-id-252\">\n<tbody class=\"row-hover\">\n<tr class=\"row-1\">\n\t<td class=\"column-1\"><a href=\"\"><img loading=\"lazy\" decoding=\"async\" src=\"https:\/\/optimate1.com\/wp-content\/uploads\/2022\/09\/o-118-table-1.png\" alt=\"\" width=\"300\" height=\"50\" class=\"aligncenter size-medium wp-image-20982\" \/><\/a><body><h6><center>Voltios de la bater\u00eda del veh\u00edculo \u2265 13.3V: USB encendido.<\/center><\/h6><\/body><\/td>\n<\/tr>\n<tr class=\"row-2\">\n\t<td class=\"column-1\"><a href=\"\"><img loading=\"lazy\" decoding=\"async\" src=\"https:\/\/optimate1.com\/wp-content\/uploads\/2022\/09\/o-118-table-1-copy.png\" alt=\"\" width=\"300\" height=\"50\" class=\"aligncenter size-medium wp-image-20993\" \/><\/a><body><h6><center>La protecci\u00f3n integrada apaga la carga USB despu\u00e9s de 1 hora para evitar que se agote la bater\u00eda de su veh\u00edculo estacionado.<\/body><\/h6><\/center><\/td>\n<\/tr>\n<tr class=\"row-3\">\n\t<td class=\"column-1\"><a href=\"\"><img loading=\"lazy\" decoding=\"async\" src=\"https:\/\/optimate1.com\/wp-content\/uploads\/2022\/01\/weather-icon-2-01.png\" alt=\"\" width=\"300\" height=\"40\" class=\"aligncenter size-medium wp-image-21012\" \/><\/a><body><h6><center>Calificado para uso normal de T\u00b0 y exterior.<\/body><\/h6><\/center><\/td>\n<\/tr>\n<\/tbody>\n<\/table>\n<\/p>\n","protected":false},"excerpt":{"rendered":"<h3><span style=\"color: #cd202c;\">Cargador USB resistente a la intemperie de doble salida de 3300mA, con enchufe BIKE (se adapta a BMW, Triumph, Ducati Multistrada)<\/span><\/h3>\n","protected":false},"featured_media":33015,"template":"","meta":[],"product_brand":[],"product_cat":[2252,1323,2251],"product_tag":[],"class_list":{"0":"post-33007","1":"product","2":"type-product","3":"status-publish","4":"has-post-thumbnail","6":"product_cat-accessories-es","7":"product_cat-usb-es","8":"product_cat-marine-es","9":"pa_region-ca-es-2","10":"pa_region-eu-es-2","11":"pa_region-uk-es-2","12":"pa_region-us-es-2","13":"pa_special-use-2-x-usb-ports-es","14":"pa_special-use-bmw-motorad-triumph-es","15":"pa_special-use-ducati-multistrada-es","16":"pa_special-use-auto-on-off-es","17":"pa_special-use-triumph-tiger-800-es","18":"pa_usb-product-usb-charger-es","19":"pa_vehicle-connection-socket-din-hella-es","20":"iside_usb_product-usb-charger-es","21":"iside_vehicle_connection-socket-din-hella-es","22":"iside_special_use-2-x-usb-ports-es","23":"iside_special_use-bmw-motorad-triumph-es","24":"iside_special_use-ducati-multistrada-es","25":"iside_special_use-auto-on-off-es","26":"iside_special_use-triumph-tiger-800-es","27":"thunk-woo-product-list","28":"opn-qv-enable","29":"big-store-woo-hover-","30":"open-single-product-tab-horizontal","31":"open-shadow-","32":"open-shadow-hover-","34":"first","35":"instock","36":"featured","37":"shipping-taxable","38":"purchasable","39":"product-type-simple"},"yoast_head":"<!-- This site is optimized with the Yoast SEO plugin v27.2 - https:\/\/yoast.com\/product\/yoast-seo-wordpress\/ -->\n<title>OptiMate USB O-119 - OptiMate<\/title>\n<meta name=\"description\" content=\"OptiMate USB O-119 es un cargador USB dual. Es un enchufe cargador BIKE de 3300mA para tu moto Triumph, Ducati MultiStrada o BMW. \u00a1Saber m\u00e1s!\" \/>\n<meta name=\"robots\" content=\"index, follow, max-snippet:-1, max-image-preview:large, max-video-preview:-1, noarchive\" \/>\n<link rel=\"canonical\" href=\"https:\/\/optimate1.com\/product\/usbo-119\/\" \/>\n<meta property=\"og:locale\" content=\"es_ES\" \/>\n<meta property=\"og:type\" content=\"article\" \/>\n<meta property=\"og:title\" content=\"OptiMate USB O-119 - OptiMate\" \/>\n<meta property=\"og:description\" content=\"OptiMate USB O-119 es un cargador USB dual. Es un enchufe cargador BIKE de 3300mA para tu moto Triumph, Ducati MultiStrada o BMW. \u00a1Saber m\u00e1s!\" \/>\n<meta property=\"og:url\" content=\"https:\/\/optimate1.com\/product\/usbo-119\/\" \/>\n<meta property=\"og:site_name\" content=\"OptiMate\" \/>\n<meta property=\"article:publisher\" content=\"https:\/\/www.facebook.com\/OptiMatebatterysavingcharger\/\" \/>\n<meta property=\"article:modified_time\" content=\"2024-04-30T07:43:25+00:00\" \/>\n<meta property=\"og:image\" content=\"https:\/\/optimate1.com\/wp-content\/uploads\/2023\/06\/O119-ES.png\" \/>\n\t<meta property=\"og:image:width\" content=\"1500\" \/>\n\t<meta property=\"og:image:height\" content=\"1500\" \/>\n\t<meta property=\"og:image:type\" content=\"image\/png\" \/>\n<meta name=\"twitter:card\" content=\"summary_large_image\" \/>\n<meta name=\"twitter:label1\" content=\"Tiempo de lectura\" \/>\n\t<meta name=\"twitter:data1\" content=\"2 minutos\" \/>\n<script type=\"application\/ld+json\" class=\"yoast-schema-graph\">{\"@context\":\"https:\/\/schema.org\",\"@graph\":[{\"@type\":\"WebPage\",\"@id\":\"https:\/\/optimate1.com\/product\/usbo-119\/\",\"url\":\"https:\/\/optimate1.com\/product\/usbo-119\/\",\"name\":\"OptiMate USB O-119 - OptiMate\",\"isPartOf\":{\"@id\":\"https:\/\/optimate1.com\/#website\"},\"primaryImageOfPage\":{\"@id\":\"https:\/\/optimate1.com\/product\/usbo-119\/#primaryimage\"},\"image\":{\"@id\":\"https:\/\/optimate1.com\/product\/usbo-119\/#primaryimage\"},\"thumbnailUrl\":\"https:\/\/optimate1.com\/wp-content\/uploads\/2023\/06\/O119-ES.png\",\"datePublished\":\"2023-05-15T13:07:06+00:00\",\"dateModified\":\"2024-04-30T07:43:25+00:00\",\"description\":\"OptiMate USB O-119 es un cargador USB dual. Es un enchufe cargador BIKE de 3300mA para tu moto Triumph, Ducati MultiStrada o BMW. \u00a1Saber m\u00e1s!\",\"breadcrumb\":{\"@id\":\"https:\/\/optimate1.com\/product\/usbo-119\/#breadcrumb\"},\"inLanguage\":\"es\",\"potentialAction\":[{\"@type\":\"ReadAction\",\"target\":[\"https:\/\/optimate1.com\/product\/usbo-119\/\"]}]},{\"@type\":\"ImageObject\",\"inLanguage\":\"es\",\"@id\":\"https:\/\/optimate1.com\/product\/usbo-119\/#primaryimage\",\"url\":\"https:\/\/optimate1.com\/wp-content\/uploads\/2023\/06\/O119-ES.png\",\"contentUrl\":\"https:\/\/optimate1.com\/wp-content\/uploads\/2023\/06\/O119-ES.png\",\"width\":1500,\"height\":1500},{\"@type\":\"BreadcrumbList\",\"@id\":\"https:\/\/optimate1.com\/product\/usbo-119\/#breadcrumb\",\"itemListElement\":[{\"@type\":\"ListItem\",\"position\":1,\"name\":\"Home\",\"item\":\"https:\/\/optimate1.com\/\"},{\"@type\":\"ListItem\",\"position\":2,\"name\":\"Productos\",\"item\":\"https:\/\/optimate1.com\/shop\/\"},{\"@type\":\"ListItem\",\"position\":3,\"name\":\"OptiMate USB O-119\"}]},{\"@type\":\"WebSite\",\"@id\":\"https:\/\/optimate1.com\/#website\",\"url\":\"https:\/\/optimate1.com\/\",\"name\":\"OptiMate\",\"description\":\"Battery Chargers &amp; Accessories\",\"publisher\":{\"@id\":\"https:\/\/optimate1.com\/#organization\"},\"potentialAction\":[{\"@type\":\"SearchAction\",\"target\":{\"@type\":\"EntryPoint\",\"urlTemplate\":\"https:\/\/optimate1.com\/?s={search_term_string}\"},\"query-input\":{\"@type\":\"PropertyValueSpecification\",\"valueRequired\":true,\"valueName\":\"search_term_string\"}}],\"inLanguage\":\"es\"},{\"@type\":\"Organization\",\"@id\":\"https:\/\/optimate1.com\/#organization\",\"name\":\"OptiMate\",\"url\":\"https:\/\/optimate1.com\/\",\"logo\":{\"@type\":\"ImageObject\",\"inLanguage\":\"es\",\"@id\":\"https:\/\/optimate1.com\/#\/schema\/logo\/image\/\",\"url\":\"https:\/\/optimate1.com\/wp-content\/uploads\/2021\/06\/optimate-hpbc-stacklogo.jpg\",\"contentUrl\":\"https:\/\/optimate1.com\/wp-content\/uploads\/2021\/06\/optimate-hpbc-stacklogo.jpg\",\"width\":1025,\"height\":529,\"caption\":\"OptiMate\"},\"image\":{\"@id\":\"https:\/\/optimate1.com\/#\/schema\/logo\/image\/\"},\"sameAs\":[\"https:\/\/www.facebook.com\/OptiMatebatterysavingcharger\/\"]}]}<\/script>\n<!-- \/ Yoast SEO plugin. -->","yoast_head_json":{"title":"OptiMate USB O-119 - OptiMate","description":"OptiMate USB O-119 es un cargador USB dual. Es un enchufe cargador BIKE de 3300mA para tu moto Triumph, Ducati MultiStrada o BMW. \u00a1Saber m\u00e1s!","robots":{"index":"index","follow":"follow","max-snippet":"max-snippet:-1","max-image-preview":"max-image-preview:large","max-video-preview":"max-video-preview:-1","archive":"noarchive"},"canonical":"https:\/\/optimate1.com\/product\/usbo-119\/","og_locale":"es_ES","og_type":"article","og_title":"OptiMate USB O-119 - OptiMate","og_description":"OptiMate USB O-119 es un cargador USB dual. Es un enchufe cargador BIKE de 3300mA para tu moto Triumph, Ducati MultiStrada o BMW. \u00a1Saber m\u00e1s!","og_url":"https:\/\/optimate1.com\/product\/usbo-119\/","og_site_name":"OptiMate","article_publisher":"https:\/\/www.facebook.com\/OptiMatebatterysavingcharger\/","article_modified_time":"2024-04-30T07:43:25+00:00","og_image":[{"width":1500,"height":1500,"url":"https:\/\/optimate1.com\/wp-content\/uploads\/2023\/06\/O119-ES.png","type":"image\/png"}],"twitter_card":"summary_large_image","twitter_misc":{"Tiempo de lectura":"2 minutos"},"schema":{"@context":"https:\/\/schema.org","@graph":[{"@type":"WebPage","@id":"https:\/\/optimate1.com\/product\/usbo-119\/","url":"https:\/\/optimate1.com\/product\/usbo-119\/","name":"OptiMate USB O-119 - OptiMate","isPartOf":{"@id":"https:\/\/optimate1.com\/#website"},"primaryImageOfPage":{"@id":"https:\/\/optimate1.com\/product\/usbo-119\/#primaryimage"},"image":{"@id":"https:\/\/optimate1.com\/product\/usbo-119\/#primaryimage"},"thumbnailUrl":"https:\/\/optimate1.com\/wp-content\/uploads\/2023\/06\/O119-ES.png","datePublished":"2023-05-15T13:07:06+00:00","dateModified":"2024-04-30T07:43:25+00:00","description":"OptiMate USB O-119 es un cargador USB dual. Es un enchufe cargador BIKE de 3300mA para tu moto Triumph, Ducati MultiStrada o BMW. \u00a1Saber m\u00e1s!","breadcrumb":{"@id":"https:\/\/optimate1.com\/product\/usbo-119\/#breadcrumb"},"inLanguage":"es","potentialAction":[{"@type":"ReadAction","target":["https:\/\/optimate1.com\/product\/usbo-119\/"]}]},{"@type":"ImageObject","inLanguage":"es","@id":"https:\/\/optimate1.com\/product\/usbo-119\/#primaryimage","url":"https:\/\/optimate1.com\/wp-content\/uploads\/2023\/06\/O119-ES.png","contentUrl":"https:\/\/optimate1.com\/wp-content\/uploads\/2023\/06\/O119-ES.png","width":1500,"height":1500},{"@type":"BreadcrumbList","@id":"https:\/\/optimate1.com\/product\/usbo-119\/#breadcrumb","itemListElement":[{"@type":"ListItem","position":1,"name":"Home","item":"https:\/\/optimate1.com\/"},{"@type":"ListItem","position":2,"name":"Productos","item":"https:\/\/optimate1.com\/shop\/"},{"@type":"ListItem","position":3,"name":"OptiMate USB O-119"}]},{"@type":"WebSite","@id":"https:\/\/optimate1.com\/#website","url":"https:\/\/optimate1.com\/","name":"OptiMate","description":"Battery Chargers &amp; Accessories","publisher":{"@id":"https:\/\/optimate1.com\/#organization"},"potentialAction":[{"@type":"SearchAction","target":{"@type":"EntryPoint","urlTemplate":"https:\/\/optimate1.com\/?s={search_term_string}"},"query-input":{"@type":"PropertyValueSpecification","valueRequired":true,"valueName":"search_term_string"}}],"inLanguage":"es"},{"@type":"Organization","@id":"https:\/\/optimate1.com\/#organization","name":"OptiMate","url":"https:\/\/optimate1.com\/","logo":{"@type":"ImageObject","inLanguage":"es","@id":"https:\/\/optimate1.com\/#\/schema\/logo\/image\/","url":"https:\/\/optimate1.com\/wp-content\/uploads\/2021\/06\/optimate-hpbc-stacklogo.jpg","contentUrl":"https:\/\/optimate1.com\/wp-content\/uploads\/2021\/06\/optimate-hpbc-stacklogo.jpg","width":1025,"height":529,"caption":"OptiMate"},"image":{"@id":"https:\/\/optimate1.com\/#\/schema\/logo\/image\/"},"sameAs":["https:\/\/www.facebook.com\/OptiMatebatterysavingcharger\/"]}]}},"_links":{"self":[{"href":"https:\/\/optimate1.com\/es\/wp-json\/wp\/v2\/product\/33007","targetHints":{"allow":["GET"]}}],"collection":[{"href":"https:\/\/optimate1.com\/es\/wp-json\/wp\/v2\/product"}],"about":[{"href":"https:\/\/optimate1.com\/es\/wp-json\/wp\/v2\/types\/product"}],"wp:featuredmedia":[{"embeddable":true,"href":"https:\/\/optimate1.com\/es\/wp-json\/wp\/v2\/media\/33015"}],"wp:attachment":[{"href":"https:\/\/optimate1.com\/es\/wp-json\/wp\/v2\/media?parent=33007"}],"wp:term":[{"taxonomy":"product_brand","embeddable":true,"href":"https:\/\/optimate1.com\/es\/wp-json\/wp\/v2\/product_brand?post=33007"},{"taxonomy":"product_cat","embeddable":true,"href":"https:\/\/optimate1.com\/es\/wp-json\/wp\/v2\/product_cat?post=33007"},{"taxonomy":"product_tag","embeddable":true,"href":"https:\/\/optimate1.com\/es\/wp-json\/wp\/v2\/product_tag?post=33007"}],"curies":[{"name":"wp","href":"https:\/\/api.w.org\/{rel}","templated":true}]}}