{"id":33564,"date":"2023-08-08T04:04:10","date_gmt":"2023-08-08T08:04:10","guid":{"rendered":"https:\/\/optimate1.com\/product\/o-97p\/"},"modified":"2026-02-12T05:10:11","modified_gmt":"2026-02-12T10:10:11","slug":"o-97p12","status":"publish","type":"product","link":"https:\/\/optimate1.com\/es\/producto\/o-97p12\/","title":{"rendered":"OptiMate PORT O-97P12"},"content":{"rendered":"<h6 style=\"text-align: center;\"><strong><span style=\"color: #10069f;\">OptiMate O-97P12 utiliza el puerto MagCode\u00ae de 12V para proporcionar una conexi\u00f3n de cargador de bater\u00eda magn\u00e9tica autodetectable y a prueba de cortocircuitos. <\/span><\/strong><span style=\"color: #10069f;\">\u2013\u00a0<\/span><span style=\"color: #10069f;\"><i>El clip de 12V encaja en el puerto de 12V.<\/i><\/span><\/h6>\n<h6 style=\"text-align: center;\"><img loading=\"lazy\" decoding=\"async\" class=\"aligncenter wp-image-20910\" src=\"https:\/\/optimate1.com\/wp-content\/uploads\/2023\/08\/O97-feature-cable-length-1-copy-10.png\" alt=\"The Euro 5 cable fits Ducati models from 2021+ and European motorcycles 6 pin euro 5 diagnostic connectors\" width=\"428\" height=\"70\" \/><\/h6>\n<p>&nbsp;<\/p>\n<h6 style=\"text-align: center;\"><strong><span style=\"color: #10069f;\">Especificaciones premium <\/span><\/strong><span style=\"color: #10069f;\">\u2013 <\/span><span style=\"color: #10069f;\"><i>100cm (40\u201d) de longitud, fusible de 15A, cable con clasificaci\u00f3n de -40\u00b0, clasificaci\u00f3n de corriente de 10A (13A m\u00e1x), montaje en panel.<\/i><\/span><\/h6>\n<h6 style=\"text-align: center;\"><strong><span style=\"color: #10069f;\"><img loading=\"lazy\" decoding=\"async\" class=\"aligncenter wp-image-20660\" src=\"https:\/\/optimate1.com\/wp-content\/uploads\/2023\/08\/O-97P-length-specifications-copy.png\" alt=\"The euro 5 cable has a length of 40cm or 1.33ft\" width=\"528\" height=\"100\" \/><\/span><\/strong><\/h6>\n<p>&nbsp;<\/p>\n<p>&nbsp;<\/p>\n<h4 style=\"text-align: center;\"><span style=\"text-decoration: underline;\"><strong>M\u00c1S CARACTER\u00cdSTICAS:<\/strong><\/span><\/h4>\n<p style=\"text-align: center;\">\n<table id=\"tablepress-373\" class=\"tablepress tablepress-id-373\">\n<tbody class=\"row-hover\">\n<tr class=\"row-1\">\n\t<td class=\"column-1\"><a href=\"\"><img loading=\"lazy\" decoding=\"async\" src=\"https:\/\/optimate1.com\/wp-content\/uploads\/2023\/08\/sealing-cap-O-97P-copy.png\" alt=\"\" width=\"300\" height=\"50\" class=\"aligncenter size-medium wp-image-20982\" \/><\/a><body><h6><center>Con tap\u00f3n de cierre.<\/center><\/h6><\/body><\/td>\n<\/tr>\n<tr class=\"row-2\">\n\t<td class=\"column-1\"><a href=\"\"><img loading=\"lazy\" decoding=\"async\" src=\"https:\/\/optimate1.com\/wp-content\/uploads\/2021\/11\/weather-icon-copy_600px-01.png\" alt=\"\" width=\"600\" height=\"40\" class=\"aligncenter size-medium wp-image-21012\" \/><\/a><body><h6><center>Clasificado para baja temperatura y uso en exteriores.<\/body><\/h6><\/center><\/td>\n<\/tr>\n<tr class=\"row-3\">\n\t<td class=\"column-1\"><a href=\"\"><img loading=\"lazy\" decoding=\"async\" src=\"https:\/\/optimate1.com\/wp-content\/uploads\/2023\/03\/SPT-2.png\" alt=\"\" width=\"300\" height=\"40\" class=\"aligncenter size-medium wp-image-21012\" \/><\/a><body><h6><center>Aislamiento m\u00e1s grueso para una mejor protecci\u00f3n.<\/body><\/h6><\/center><\/td>\n<\/tr>\n<tr class=\"row-4\">\n\t<td class=\"column-1\"><a href=\"\"><img loading=\"lazy\" decoding=\"async\" src=\"https:\/\/optimate1.com\/wp-content\/uploads\/2023\/08\/16AWG-copy.png\" alt=\"\" width=\"300\" height=\"40\" class=\"aligncenter size-medium wp-image-21012\" \/><\/a><body><h6><center>Clasificaci\u00f3n actual: 10A ave. \/ 13A m\u00e1x.<\/body><\/h6><\/center><\/td>\n<\/tr>\n<\/tbody>\n<\/table>\n<!-- #tablepress-373 from cache --><\/p>\n","protected":false},"excerpt":{"rendered":"<h3><span style=\"color: #ff0000;\"><span style=\"color: #cd202c;\">Puerto MagCode, montaje en panel.<\/span><\/span><\/h3>\n","protected":false},"featured_media":35984,"template":"","meta":[],"product_brand":[],"product_cat":[1067],"product_tag":[],"class_list":{"0":"post-33564","1":"product","2":"type-product","3":"status-publish","4":"has-post-thumbnail","6":"product_cat-cablesconnectors-es","7":"pa_cable-type-magcode","8":"pa_connector-type-ring-m8-5-16-es","9":"pa_connector-type-ring-m10-3-8-es","10":"pa_region-ca-es-2","11":"pa_region-eu-es-2","12":"pa_region-uk-es-2","13":"pa_region-us-es-2","14":"iside_cable_type-montaje-en-panel-codigo-magnetico","15":"iside_connector_type-anillos-m8-m10","16":"iside_connector_type-magcode-es","17":"thunk-woo-product-list","18":"opn-qv-enable","19":"big-store-woo-hover-","20":"open-single-product-tab-horizontal","21":"open-shadow-","22":"open-shadow-hover-","24":"first","25":"instock","26":"featured","27":"shipping-taxable","28":"purchasable","29":"product-type-simple"},"yoast_head":"<!-- This site is optimized with the Yoast SEO plugin v27.2 - https:\/\/yoast.com\/product\/yoast-seo-wordpress\/ -->\n<title>OptiMate PORT O-97P12 - OptiMate<\/title>\n<meta name=\"description\" content=\"OptiMate O-97P12 utiliza el puerto MagCode\u00ae para proporcionar una conexi\u00f3n de cargador de bater\u00eda magn\u00e9tica autodetectable y a prueba de cortocircuitos.\" \/>\n<meta name=\"robots\" content=\"index, follow, max-snippet:-1, max-image-preview:large, max-video-preview:-1, noarchive\" \/>\n<link rel=\"canonical\" href=\"https:\/\/optimate1.com\/product\/o-97p12\/\" \/>\n<meta property=\"og:locale\" content=\"es_ES\" \/>\n<meta property=\"og:type\" content=\"article\" \/>\n<meta property=\"og:title\" content=\"OptiMate PORT O-97P12 - OptiMate\" \/>\n<meta property=\"og:description\" content=\"OptiMate O-97P12 utiliza el puerto MagCode\u00ae para proporcionar una conexi\u00f3n de cargador de bater\u00eda magn\u00e9tica autodetectable y a prueba de cortocircuitos.\" \/>\n<meta property=\"og:url\" content=\"https:\/\/optimate1.com\/product\/o-97p12\/\" \/>\n<meta property=\"og:site_name\" content=\"OptiMate\" \/>\n<meta property=\"article:publisher\" content=\"https:\/\/www.facebook.com\/OptiMatebatterysavingcharger\/\" \/>\n<meta property=\"article:modified_time\" content=\"2026-02-12T10:10:11+00:00\" \/>\n<meta property=\"og:image\" content=\"https:\/\/optimate1.com\/wp-content\/uploads\/2024\/03\/O-97C12-OptiMate-MC-12V-Clip-1-copy-2-NEW_ES.png\" \/>\n\t<meta property=\"og:image:width\" content=\"1500\" \/>\n\t<meta property=\"og:image:height\" content=\"1500\" \/>\n\t<meta property=\"og:image:type\" content=\"image\/png\" \/>\n<meta name=\"twitter:card\" content=\"summary_large_image\" \/>\n<meta name=\"twitter:label1\" content=\"Tiempo de lectura\" \/>\n\t<meta name=\"twitter:data1\" content=\"1 minuto\" \/>\n<script type=\"application\/ld+json\" class=\"yoast-schema-graph\">{\"@context\":\"https:\/\/schema.org\",\"@graph\":[{\"@type\":\"WebPage\",\"@id\":\"https:\/\/optimate1.com\/product\/o-97p12\/\",\"url\":\"https:\/\/optimate1.com\/product\/o-97p12\/\",\"name\":\"OptiMate PORT O-97P12 - OptiMate\",\"isPartOf\":{\"@id\":\"https:\/\/optimate1.com\/#website\"},\"primaryImageOfPage\":{\"@id\":\"https:\/\/optimate1.com\/product\/o-97p12\/#primaryimage\"},\"image\":{\"@id\":\"https:\/\/optimate1.com\/product\/o-97p12\/#primaryimage\"},\"thumbnailUrl\":\"https:\/\/optimate1.com\/wp-content\/uploads\/2024\/03\/O-97C12-OptiMate-MC-12V-Clip-1-copy-2-NEW_ES.png\",\"datePublished\":\"2023-08-08T08:04:10+00:00\",\"dateModified\":\"2026-02-12T10:10:11+00:00\",\"description\":\"OptiMate O-97P12 utiliza el puerto MagCode\u00ae para proporcionar una conexi\u00f3n de cargador de bater\u00eda magn\u00e9tica autodetectable y a prueba de cortocircuitos.\",\"breadcrumb\":{\"@id\":\"https:\/\/optimate1.com\/product\/o-97p12\/#breadcrumb\"},\"inLanguage\":\"es\",\"potentialAction\":[{\"@type\":\"ReadAction\",\"target\":[\"https:\/\/optimate1.com\/product\/o-97p12\/\"]}]},{\"@type\":\"ImageObject\",\"inLanguage\":\"es\",\"@id\":\"https:\/\/optimate1.com\/product\/o-97p12\/#primaryimage\",\"url\":\"https:\/\/optimate1.com\/wp-content\/uploads\/2024\/03\/O-97C12-OptiMate-MC-12V-Clip-1-copy-2-NEW_ES.png\",\"contentUrl\":\"https:\/\/optimate1.com\/wp-content\/uploads\/2024\/03\/O-97C12-OptiMate-MC-12V-Clip-1-copy-2-NEW_ES.png\",\"width\":1500,\"height\":1500},{\"@type\":\"BreadcrumbList\",\"@id\":\"https:\/\/optimate1.com\/product\/o-97p12\/#breadcrumb\",\"itemListElement\":[{\"@type\":\"ListItem\",\"position\":1,\"name\":\"Home\",\"item\":\"https:\/\/optimate1.com\/\"},{\"@type\":\"ListItem\",\"position\":2,\"name\":\"Productos\",\"item\":\"https:\/\/optimate1.com\/shop\/\"},{\"@type\":\"ListItem\",\"position\":3,\"name\":\"OptiMate PORT O-97P12\"}]},{\"@type\":\"WebSite\",\"@id\":\"https:\/\/optimate1.com\/#website\",\"url\":\"https:\/\/optimate1.com\/\",\"name\":\"OptiMate\",\"description\":\"Battery Chargers &amp; Accessories\",\"publisher\":{\"@id\":\"https:\/\/optimate1.com\/#organization\"},\"potentialAction\":[{\"@type\":\"SearchAction\",\"target\":{\"@type\":\"EntryPoint\",\"urlTemplate\":\"https:\/\/optimate1.com\/?s={search_term_string}\"},\"query-input\":{\"@type\":\"PropertyValueSpecification\",\"valueRequired\":true,\"valueName\":\"search_term_string\"}}],\"inLanguage\":\"es\"},{\"@type\":\"Organization\",\"@id\":\"https:\/\/optimate1.com\/#organization\",\"name\":\"OptiMate\",\"url\":\"https:\/\/optimate1.com\/\",\"logo\":{\"@type\":\"ImageObject\",\"inLanguage\":\"es\",\"@id\":\"https:\/\/optimate1.com\/#\/schema\/logo\/image\/\",\"url\":\"https:\/\/optimate1.com\/wp-content\/uploads\/2021\/06\/optimate-hpbc-stacklogo.jpg\",\"contentUrl\":\"https:\/\/optimate1.com\/wp-content\/uploads\/2021\/06\/optimate-hpbc-stacklogo.jpg\",\"width\":1025,\"height\":529,\"caption\":\"OptiMate\"},\"image\":{\"@id\":\"https:\/\/optimate1.com\/#\/schema\/logo\/image\/\"},\"sameAs\":[\"https:\/\/www.facebook.com\/OptiMatebatterysavingcharger\/\"]}]}<\/script>\n<!-- \/ Yoast SEO plugin. -->","yoast_head_json":{"title":"OptiMate PORT O-97P12 - OptiMate","description":"OptiMate O-97P12 utiliza el puerto MagCode\u00ae para proporcionar una conexi\u00f3n de cargador de bater\u00eda magn\u00e9tica autodetectable y a prueba de cortocircuitos.","robots":{"index":"index","follow":"follow","max-snippet":"max-snippet:-1","max-image-preview":"max-image-preview:large","max-video-preview":"max-video-preview:-1","archive":"noarchive"},"canonical":"https:\/\/optimate1.com\/product\/o-97p12\/","og_locale":"es_ES","og_type":"article","og_title":"OptiMate PORT O-97P12 - OptiMate","og_description":"OptiMate O-97P12 utiliza el puerto MagCode\u00ae para proporcionar una conexi\u00f3n de cargador de bater\u00eda magn\u00e9tica autodetectable y a prueba de cortocircuitos.","og_url":"https:\/\/optimate1.com\/product\/o-97p12\/","og_site_name":"OptiMate","article_publisher":"https:\/\/www.facebook.com\/OptiMatebatterysavingcharger\/","article_modified_time":"2026-02-12T10:10:11+00:00","og_image":[{"width":1500,"height":1500,"url":"https:\/\/optimate1.com\/wp-content\/uploads\/2024\/03\/O-97C12-OptiMate-MC-12V-Clip-1-copy-2-NEW_ES.png","type":"image\/png"}],"twitter_card":"summary_large_image","twitter_misc":{"Tiempo de lectura":"1 minuto"},"schema":{"@context":"https:\/\/schema.org","@graph":[{"@type":"WebPage","@id":"https:\/\/optimate1.com\/product\/o-97p12\/","url":"https:\/\/optimate1.com\/product\/o-97p12\/","name":"OptiMate PORT O-97P12 - OptiMate","isPartOf":{"@id":"https:\/\/optimate1.com\/#website"},"primaryImageOfPage":{"@id":"https:\/\/optimate1.com\/product\/o-97p12\/#primaryimage"},"image":{"@id":"https:\/\/optimate1.com\/product\/o-97p12\/#primaryimage"},"thumbnailUrl":"https:\/\/optimate1.com\/wp-content\/uploads\/2024\/03\/O-97C12-OptiMate-MC-12V-Clip-1-copy-2-NEW_ES.png","datePublished":"2023-08-08T08:04:10+00:00","dateModified":"2026-02-12T10:10:11+00:00","description":"OptiMate O-97P12 utiliza el puerto MagCode\u00ae para proporcionar una conexi\u00f3n de cargador de bater\u00eda magn\u00e9tica autodetectable y a prueba de cortocircuitos.","breadcrumb":{"@id":"https:\/\/optimate1.com\/product\/o-97p12\/#breadcrumb"},"inLanguage":"es","potentialAction":[{"@type":"ReadAction","target":["https:\/\/optimate1.com\/product\/o-97p12\/"]}]},{"@type":"ImageObject","inLanguage":"es","@id":"https:\/\/optimate1.com\/product\/o-97p12\/#primaryimage","url":"https:\/\/optimate1.com\/wp-content\/uploads\/2024\/03\/O-97C12-OptiMate-MC-12V-Clip-1-copy-2-NEW_ES.png","contentUrl":"https:\/\/optimate1.com\/wp-content\/uploads\/2024\/03\/O-97C12-OptiMate-MC-12V-Clip-1-copy-2-NEW_ES.png","width":1500,"height":1500},{"@type":"BreadcrumbList","@id":"https:\/\/optimate1.com\/product\/o-97p12\/#breadcrumb","itemListElement":[{"@type":"ListItem","position":1,"name":"Home","item":"https:\/\/optimate1.com\/"},{"@type":"ListItem","position":2,"name":"Productos","item":"https:\/\/optimate1.com\/shop\/"},{"@type":"ListItem","position":3,"name":"OptiMate PORT O-97P12"}]},{"@type":"WebSite","@id":"https:\/\/optimate1.com\/#website","url":"https:\/\/optimate1.com\/","name":"OptiMate","description":"Battery Chargers &amp; Accessories","publisher":{"@id":"https:\/\/optimate1.com\/#organization"},"potentialAction":[{"@type":"SearchAction","target":{"@type":"EntryPoint","urlTemplate":"https:\/\/optimate1.com\/?s={search_term_string}"},"query-input":{"@type":"PropertyValueSpecification","valueRequired":true,"valueName":"search_term_string"}}],"inLanguage":"es"},{"@type":"Organization","@id":"https:\/\/optimate1.com\/#organization","name":"OptiMate","url":"https:\/\/optimate1.com\/","logo":{"@type":"ImageObject","inLanguage":"es","@id":"https:\/\/optimate1.com\/#\/schema\/logo\/image\/","url":"https:\/\/optimate1.com\/wp-content\/uploads\/2021\/06\/optimate-hpbc-stacklogo.jpg","contentUrl":"https:\/\/optimate1.com\/wp-content\/uploads\/2021\/06\/optimate-hpbc-stacklogo.jpg","width":1025,"height":529,"caption":"OptiMate"},"image":{"@id":"https:\/\/optimate1.com\/#\/schema\/logo\/image\/"},"sameAs":["https:\/\/www.facebook.com\/OptiMatebatterysavingcharger\/"]}]}},"_links":{"self":[{"href":"https:\/\/optimate1.com\/es\/wp-json\/wp\/v2\/product\/33564","targetHints":{"allow":["GET"]}}],"collection":[{"href":"https:\/\/optimate1.com\/es\/wp-json\/wp\/v2\/product"}],"about":[{"href":"https:\/\/optimate1.com\/es\/wp-json\/wp\/v2\/types\/product"}],"wp:featuredmedia":[{"embeddable":true,"href":"https:\/\/optimate1.com\/es\/wp-json\/wp\/v2\/media\/35984"}],"wp:attachment":[{"href":"https:\/\/optimate1.com\/es\/wp-json\/wp\/v2\/media?parent=33564"}],"wp:term":[{"taxonomy":"product_brand","embeddable":true,"href":"https:\/\/optimate1.com\/es\/wp-json\/wp\/v2\/product_brand?post=33564"},{"taxonomy":"product_cat","embeddable":true,"href":"https:\/\/optimate1.com\/es\/wp-json\/wp\/v2\/product_cat?post=33564"},{"taxonomy":"product_tag","embeddable":true,"href":"https:\/\/optimate1.com\/es\/wp-json\/wp\/v2\/product_tag?post=33564"}],"curies":[{"name":"wp","href":"https:\/\/api.w.org\/{rel}","templated":true}]}}