{"id":36742,"date":"2024-05-28T05:30:20","date_gmt":"2024-05-28T09:30:20","guid":{"rendered":"https:\/\/optimate1.com\/?post_type=product&#038;p=36742"},"modified":"2026-01-27T09:38:21","modified_gmt":"2026-01-27T14:38:21","slug":"tm522d2ck","status":"publish","type":"product","link":"https:\/\/optimate1.com\/es\/producto\/tm522d2ck\/","title":{"rendered":"OptiMate Solar DUO kit para coche con panel de 20W"},"content":{"rendered":"<h3 class=\"entry-summary hidden-phone\" style=\"text-align: center;\"><strong>El cargador y mantenedor de bater\u00eda autom\u00e1tico con energ\u00eda solar que funciona dentro de la cabina de su autom\u00f3vil, camioneta o veh\u00edculo recreativo. <\/strong>&#8211; <i>perfecto para almacenamiento de veh\u00edculos a largo plazo, \u00a1no m\u00e1s problemas con la bater\u00eda garantizados!<\/i><\/h3>\n<p>&nbsp;<\/p>\n<h6 style=\"text-align: center;\"><strong><span style=\"color: #10069f;\">Ideal para bater\u00edas que se encuentran en estos veh\u00edculos.<\/span><\/strong><\/h6>\n<h6 style=\"text-align: center;\"><img loading=\"lazy\" decoding=\"async\" class=\"aligncenter wp-image-20668\" src=\"https:\/\/optimate1.com\/wp-content\/uploads\/2024\/06\/Vehicles-car-kit_2.png\" alt=\"The portable solar charger for car is recommended for ATV, motorcycles, jet skis, cars and lawn mowers. \" width=\"328\" height=\"66\" \/><\/h6>\n<p>&nbsp;<\/p>\n<h6 style=\"text-align: center;\"><strong><span style=\"color: #10069f;\">Con\u00e9ctese al puerto de diagn\u00f3stico OBDII del veh\u00edculo ubicado debajo o cerca del volante con el adaptador de carga OBDII con fusible O-37.<\/span><\/strong><\/h6>\n<h6 style=\"text-align: center;\"><img loading=\"lazy\" decoding=\"async\" class=\"aligncenter wp-image-20876\" src=\"https:\/\/optimate1.com\/wp-content\/uploads\/2024\/06\/OptiMate-Solar-Panel-20W-Kit-TM522-D2TK-im16-1.png\" alt=\"The portable solar charger for car includes premium quality components: polycristalline solar panel, suction mounts, OptiMate Solar Duo controller, O-04 battery clips and O-01 battery lead. \" width=\"228\" height=\"70\" \/><\/h6>\n<p>&nbsp;<\/p>\n<h6 style=\"text-align: center;\"><strong><span style=\"color: #10069f;\">Coloque el panel solar contra el interior del parabrisas con las ventosas incluidas, o utilice las ventosas como pies suaves para colocar el panel solar directamente en el tablero o en el maletero\/cubierta de carga del SUV.<\/span><\/strong><\/h6>\n<h6 style=\"text-align: center;\"><img loading=\"lazy\" decoding=\"async\" class=\"aligncenter wp-image-20876\" src=\"https:\/\/optimate1.com\/wp-content\/uploads\/2024\/06\/OptiMate-Solar-Panel-20W-Kit-TM522-D2TK-im17-2-copy.png\" alt=\"The portable solar charger for car includes premium quality components: polycristalline solar panel, suction mounts, OptiMate Solar Duo controller, O-04 battery clips and O-01 battery lead. \" width=\"428\" height=\"70\" \/><\/h6>\n<p>&nbsp;<\/p>\n<h6 style=\"text-align: center;\"><strong><span style=\"color: #10069f;\">El controlador de carga inteligente OptiMate Solar convierte la energ\u00eda del panel solar y ofrece carga y mantenimiento seguros y precisos a trav\u00e9s del puerto OBDII. <\/span><\/strong><span style=\"color: #10069f;\">&#8211; <\/span><i><span style=\"color: #10069f;\">\u00a1F\u00e1cil y 100% seguro para el sistema de su veh\u00edculo!<\/span><\/i><\/h6>\n<h6 style=\"text-align: center;\"><img loading=\"lazy\" decoding=\"async\" class=\"aligncenter wp-image-20876\" src=\"https:\/\/optimate1.com\/wp-content\/uploads\/2021\/01\/Smart-control-scaled.jpg\" alt=\"The smart charge controller automatically adjusts charge according to battery type and condition. \" width=\"428\" height=\"70\" \/><\/h6>\n<p>&nbsp;<\/p>\n<h6 style=\"text-align: center;\"><strong><span style=\"color: #10069f;\">El controlador de carga inteligente convierte la energ\u00eda solar baja de sol parcial\/sol a trav\u00e9s de la nube en pulsos de carga eficientes <\/span><\/strong><span style=\"color: #10069f;\">&#8211; <\/span><span style=\"color: #10069f;\"><i style=\"caret-color: #10069f;\">Su bater\u00eda se mantendr\u00e1 sin importar el clima.<\/i><\/span><\/h6>\n<h6 style=\"text-align: center;\"><img loading=\"lazy\" decoding=\"async\" class=\"aligncenter wp-image-20876\" src=\"https:\/\/optimate1.com\/wp-content\/uploads\/2021\/01\/SAVE-CHARGE-MAINTAIN-Solar-DUO-10W.png\" alt=\"The fully automatic multi-step program of the controller brings the battery to full charge. \" width=\"428\" height=\"70\" \/><\/h6>\n<p>&nbsp;<\/p>\n<h6 style=\"text-align: center;\"><strong><span style=\"color: #10069f;\">El kit para autom\u00f3vil &#8216;CK&#8217; incluye componentes de primera calidad 1) bolsa de almacenamiento 2) panel solar policristalino de 20W 3) soportes de succi\u00f3n reversibles, para montar el panel en la ventana o usarlos como pies suaves para proteger la superficie sobre la que se coloca el panel 4) OptiMate Solar DUO smart controlador 5) Adaptador con fusible O-37 para conexi\u00f3n al puerto OBDII en la cabina del veh\u00edculo 6) Clips de bater\u00eda O-04 para carga directa a la bater\u00eda.<\/span><\/strong><\/h6>\n<h6 style=\"text-align: center;\"><img loading=\"lazy\" decoding=\"async\" class=\"aligncenter wp-image-20876\" src=\"https:\/\/optimate1.com\/wp-content\/uploads\/2024\/06\/Screenshot-2024-06-07-at-10.48.38.png\" alt=\"The portable solar charger for car includes premium quality components: polycristalline solar panel, suction mounts, OptiMate Solar Duo controller, O-04 battery clips and O-01 battery lead. \" width=\"628\" height=\"70\" \/><\/h6>\n<p>&nbsp;<\/p>\n<p>&nbsp;<\/p>\n<h4 style=\"text-align: center;\"><strong><span style=\"text-decoration: underline;\">M\u00c1S CARACTER\u00cdSTICAS:<\/span><\/strong><\/h4>\n<p style=\"text-align: center;\">\n<table id=\"tablepress-645\" class=\"tablepress tablepress-id-645\">\n<tbody class=\"row-hover\">\n<tr class=\"row-1\">\n\t<td class=\"column-1\"><a href=\"\"><img loading=\"lazy\" decoding=\"async\" src=\"https:\/\/optimate1.com\/wp-content\/uploads\/2023\/09\/1DUO-batteries-copy-2.png\" alt=\"\" width=\"300\" height=\"50\" class=\"aligncenter size-medium wp-image-20927\" \/><\/a><body><h6><center>Para todos los tipos de bater\u00edas de 12V, incluidas las de plomo-\u00e1cido (Pb) > STD (con tapones de llenado), AGM y GEL (VRLA selladas) y Li-Ion fabricadas con tecnolog\u00eda LiFePO4\/LFP.<\/body><\/h6><\/center><br \/>\n<\/td>\n<\/tr>\n<tr class=\"row-2\">\n\t<td class=\"column-1\"><a href=\"\"><img loading=\"lazy\" decoding=\"async\" src=\"https:\/\/optimate1.com\/wp-content\/uploads\/2021\/01\/safe-solar-connection-01-scaled.jpg\" alt=\"\" width=\"300\" height=\"50\" class=\"aligncenter size-medium wp-image-20982\" \/><\/a><body><h6><center>Es seguro dejarlo conectado. Protecci\u00f3n electr\u00f3nica completa.<\/td>\n<\/tr>\n<tr class=\"row-3\">\n\t<td class=\"column-1\"><a href=\"\"><img loading=\"lazy\" decoding=\"async\" src=\"https:\/\/optimate1.com\/wp-content\/uploads\/2021\/01\/MONITOR-01-1.png\" alt=\"\" width=\"300\" height=\"50\" class=\"aligncenter size-medium wp-image-20995\" \/><\/a><body><h6><center>Muestra el estado de carga de la bater\u00eda las 24 horas del d\u00eda, los 7 d\u00edas de la semana - D\u00cdA: carga y mantenimiento. NOCHE: monitoriza el nivel de carga.<\/body><\/h6><\/center><\/td>\n<\/tr>\n<tr class=\"row-4\">\n\t<td class=\"column-1\"><a href=\"\"><img loading=\"lazy\" decoding=\"async\" src=\"https:\/\/optimate1.com\/wp-content\/uploads\/2021\/01\/Saves-from-as-low-as-4V-01.png\" alt=\"\" width=\"300\" height=\"50\" class=\"aligncenter size-medium wp-image-20993\" \/><\/a><body><h6><center>Ahorra tu bater\u00eda \"agotada\" desde tan solo 4V.<\/body><\/h6><\/center><\/td>\n<\/tr>\n<tr class=\"row-5\">\n\t<td class=\"column-1\"><a href=\"\"><img loading=\"lazy\" decoding=\"async\" src=\"https:\/\/optimate1.com\/wp-content\/uploads\/2020\/12\/green-technology-hx2-1-300x49.png\" alt=\"\" width=\"300\" height=\"50\" class=\"aligncenter size-medium wp-image-20983\" \/><\/a><body><h6><center>Tecnolog\u00eda de ahorro de energ\u00eda.<br \/>\n<strong>\u221a<\/strong> Conversi\u00f3n dual eficiente.<br \/>\n<strong>\u221a<\/strong> Mantenimiento completo las 24 horas, los 7 d\u00edas de la semana.<\/body><\/h6><\/center><\/td>\n<\/tr>\n<tr class=\"row-6\">\n\t<td class=\"column-1\"><a href=\"\"><img loading=\"lazy\" decoding=\"async\" src=\"https:\/\/optimate1.com\/wp-content\/uploads\/2021\/01\/Weatherproof-Solar-01.png\" alt=\"\" width=\"300\" height=\"50\" class=\"aligncenter size-medium wp-image-21012\" \/><\/a><body><h6><center>\u00a1IP54 funciona en cualquier clima!<\/body><\/h6><\/center><\/td>\n<\/tr>\n<\/tbody>\n<\/table>\n<!-- #tablepress-645 from cache --><\/p>\n<h4 style=\"text-align: center;\"><strong><span style=\"text-decoration: underline;\">M\u00c1S SOBRE SOLAR:<\/span><\/strong><\/h4>\n<p style=\"text-align: center;\"><a href=\"https:\/\/optimate1.com\/es\/solar\/\" target=\"_blank\" rel=\"noopener\">https:\/\/optimate1.com\/es\/solar\/<\/a><\/p>\n","protected":false},"excerpt":{"rendered":"<h3><span style=\"color: #cd202c;\">Cargador-mantenedor solar con modo de recuperaci\u00f3n para bater\u00edas selladas de 12V \/ 12.8V y 1.67A en 6 fases<\/span><\/h3>\n","protected":false},"featured_media":36930,"template":"","meta":[],"product_brand":[],"product_cat":[437],"product_tag":[],"class_list":{"0":"post-36742","1":"product","2":"type-product","3":"status-publish","4":"has-post-thumbnail","6":"product_cat-battery-chargers-es","7":"pa_charge-battery-chemistry-pb-agm-gel-std-lead-acid-es","8":"pa_charge-battery-chemistry-pb-li-both-above-es","9":"pa_charge-battery-more-12v-es","10":"pa_charge-battery-more-avion-luz","11":"pa_charge-battery-more-bote-motos-acuaticas","12":"pa_charge-battery-more-coche-camioneta","13":"pa_charge-battery-more-coche-clasico","14":"pa_charge-battery-more-motocicleta-vehiculo-todo-terreno","15":"pa_charge-battery-more-utv-sxs-cruiser-es","16":"pa_power-solar-es","17":"pa_product-group-optimate-duo-es","18":"pa_product-group-optimate-solar-es","19":"pa_region-ca-es-2","20":"pa_region-eu-es-2","21":"pa_region-uk-es-2","22":"pa_region-us-es-2","23":"iside_voltage-12-es","24":"iside_voltage-12-8-es","25":"iside_ampere-1-67-es","26":"iside_vehicle-oldtimer-classic-car-es","27":"iside_vehicle-coche-de-alto-rendimiento-coche-de-carreras","28":"iside_vehicle-marine-es","29":"iside_vehicle-rv-caravan-es","30":"iside_charger_series-off-grid-eco-es","31":"iside_charger_features-mantenimiento","32":"iside_charger_features-mantenimiento-seguro-de-la-bateria-24-horas-7","33":"iside_charger_features-save-sulphated-pb-lead-acid-es","34":"iside_charger_type-solar-es","35":"iside_battery_voltage-12-8v-13-2v","36":"iside_battery_voltage-12v-es","37":"iside_battery_chemistry-lfp-lifepo4-lithium-ion-es","38":"iside_battery_chemistry-pb-lead-acid-es","39":"battery_charger_current-06a-19a-es","40":"thunk-woo-product-list","41":"opn-qv-enable","42":"big-store-woo-hover-","43":"open-single-product-tab-horizontal","44":"open-shadow-","45":"open-shadow-hover-","47":"first","48":"instock","49":"featured","50":"shipping-taxable","51":"purchasable","52":"product-type-simple"},"yoast_head":"<!-- This site is optimized with the Yoast SEO plugin v27.2 - https:\/\/yoast.com\/product\/yoast-seo-wordpress\/ -->\n<title>OptiMate Solar DUO kit para coche con panel de 20W - OptiMate<\/title>\n<meta name=\"description\" content=\"El kit para autom\u00f3vil OptiMate Solar DUO 20W es un cargador de bater\u00eda solar para autom\u00f3vil. Es un cargador y mantenedor. \u00a1Saber m\u00e1s!\" \/>\n<meta name=\"robots\" content=\"index, follow, max-snippet:-1, max-image-preview:large, max-video-preview:-1, noarchive\" \/>\n<link rel=\"canonical\" href=\"https:\/\/optimate1.com\/product\/tm522d2ck\/\" \/>\n<meta property=\"og:locale\" content=\"es_ES\" \/>\n<meta property=\"og:type\" content=\"article\" \/>\n<meta property=\"og:title\" content=\"OptiMate Solar DUO kit para coche con panel de 20W - OptiMate\" \/>\n<meta property=\"og:description\" content=\"El kit para autom\u00f3vil OptiMate Solar DUO 20W es un cargador de bater\u00eda solar para autom\u00f3vil. Es un cargador y mantenedor. \u00a1Saber m\u00e1s!\" \/>\n<meta property=\"og:url\" content=\"https:\/\/optimate1.com\/product\/tm522d2ck\/\" \/>\n<meta property=\"og:site_name\" content=\"OptiMate\" \/>\n<meta property=\"article:publisher\" content=\"https:\/\/www.facebook.com\/OptiMatebatterysavingcharger\/\" \/>\n<meta property=\"article:modified_time\" content=\"2026-01-27T14:38:21+00:00\" \/>\n<meta property=\"og:image\" content=\"https:\/\/optimate1.com\/wp-content\/uploads\/2024\/06\/OptiMate-Solar-Panel-20W-Kit-522-D2TK-im1b-copy-2-ES-1024x1024.png\" \/>\n\t<meta property=\"og:image:width\" content=\"1024\" \/>\n\t<meta property=\"og:image:height\" content=\"1024\" \/>\n\t<meta property=\"og:image:type\" content=\"image\/png\" \/>\n<meta name=\"twitter:card\" content=\"summary_large_image\" \/>\n<meta name=\"twitter:label1\" content=\"Tiempo de lectura\" \/>\n\t<meta name=\"twitter:data1\" content=\"3 minutos\" \/>\n<script type=\"application\/ld+json\" class=\"yoast-schema-graph\">{\"@context\":\"https:\/\/schema.org\",\"@graph\":[{\"@type\":\"WebPage\",\"@id\":\"https:\/\/optimate1.com\/product\/tm522d2ck\/\",\"url\":\"https:\/\/optimate1.com\/product\/tm522d2ck\/\",\"name\":\"OptiMate Solar DUO kit para coche con panel de 20W - OptiMate\",\"isPartOf\":{\"@id\":\"https:\/\/optimate1.com\/#website\"},\"primaryImageOfPage\":{\"@id\":\"https:\/\/optimate1.com\/product\/tm522d2ck\/#primaryimage\"},\"image\":{\"@id\":\"https:\/\/optimate1.com\/product\/tm522d2ck\/#primaryimage\"},\"thumbnailUrl\":\"https:\/\/optimate1.com\/wp-content\/uploads\/2024\/06\/OptiMate-Solar-Panel-20W-Kit-522-D2TK-im1b-copy-2-ES.png\",\"datePublished\":\"2024-05-28T09:30:20+00:00\",\"dateModified\":\"2026-01-27T14:38:21+00:00\",\"description\":\"El kit para autom\u00f3vil OptiMate Solar DUO 20W es un cargador de bater\u00eda solar para autom\u00f3vil. Es un cargador y mantenedor. \u00a1Saber m\u00e1s!\",\"breadcrumb\":{\"@id\":\"https:\/\/optimate1.com\/product\/tm522d2ck\/#breadcrumb\"},\"inLanguage\":\"es\",\"potentialAction\":[{\"@type\":\"ReadAction\",\"target\":[\"https:\/\/optimate1.com\/product\/tm522d2ck\/\"]}]},{\"@type\":\"ImageObject\",\"inLanguage\":\"es\",\"@id\":\"https:\/\/optimate1.com\/product\/tm522d2ck\/#primaryimage\",\"url\":\"https:\/\/optimate1.com\/wp-content\/uploads\/2024\/06\/OptiMate-Solar-Panel-20W-Kit-522-D2TK-im1b-copy-2-ES.png\",\"contentUrl\":\"https:\/\/optimate1.com\/wp-content\/uploads\/2024\/06\/OptiMate-Solar-Panel-20W-Kit-522-D2TK-im1b-copy-2-ES.png\",\"width\":1500,\"height\":1500},{\"@type\":\"BreadcrumbList\",\"@id\":\"https:\/\/optimate1.com\/product\/tm522d2ck\/#breadcrumb\",\"itemListElement\":[{\"@type\":\"ListItem\",\"position\":1,\"name\":\"Home\",\"item\":\"https:\/\/optimate1.com\/\"},{\"@type\":\"ListItem\",\"position\":2,\"name\":\"Productos\",\"item\":\"https:\/\/optimate1.com\/shop\/\"},{\"@type\":\"ListItem\",\"position\":3,\"name\":\"OptiMate Solar DUO con panel de 20W y kit para coche\"}]},{\"@type\":\"WebSite\",\"@id\":\"https:\/\/optimate1.com\/#website\",\"url\":\"https:\/\/optimate1.com\/\",\"name\":\"OptiMate\",\"description\":\"Battery Chargers &amp; Accessories\",\"publisher\":{\"@id\":\"https:\/\/optimate1.com\/#organization\"},\"potentialAction\":[{\"@type\":\"SearchAction\",\"target\":{\"@type\":\"EntryPoint\",\"urlTemplate\":\"https:\/\/optimate1.com\/?s={search_term_string}\"},\"query-input\":{\"@type\":\"PropertyValueSpecification\",\"valueRequired\":true,\"valueName\":\"search_term_string\"}}],\"inLanguage\":\"es\"},{\"@type\":\"Organization\",\"@id\":\"https:\/\/optimate1.com\/#organization\",\"name\":\"OptiMate\",\"url\":\"https:\/\/optimate1.com\/\",\"logo\":{\"@type\":\"ImageObject\",\"inLanguage\":\"es\",\"@id\":\"https:\/\/optimate1.com\/#\/schema\/logo\/image\/\",\"url\":\"https:\/\/optimate1.com\/wp-content\/uploads\/2021\/06\/optimate-hpbc-stacklogo.jpg\",\"contentUrl\":\"https:\/\/optimate1.com\/wp-content\/uploads\/2021\/06\/optimate-hpbc-stacklogo.jpg\",\"width\":1025,\"height\":529,\"caption\":\"OptiMate\"},\"image\":{\"@id\":\"https:\/\/optimate1.com\/#\/schema\/logo\/image\/\"},\"sameAs\":[\"https:\/\/www.facebook.com\/OptiMatebatterysavingcharger\/\"]}]}<\/script>\n<!-- \/ Yoast SEO plugin. -->","yoast_head_json":{"title":"OptiMate Solar DUO kit para coche con panel de 20W - OptiMate","description":"El kit para autom\u00f3vil OptiMate Solar DUO 20W es un cargador de bater\u00eda solar para autom\u00f3vil. Es un cargador y mantenedor. \u00a1Saber m\u00e1s!","robots":{"index":"index","follow":"follow","max-snippet":"max-snippet:-1","max-image-preview":"max-image-preview:large","max-video-preview":"max-video-preview:-1","archive":"noarchive"},"canonical":"https:\/\/optimate1.com\/product\/tm522d2ck\/","og_locale":"es_ES","og_type":"article","og_title":"OptiMate Solar DUO kit para coche con panel de 20W - OptiMate","og_description":"El kit para autom\u00f3vil OptiMate Solar DUO 20W es un cargador de bater\u00eda solar para autom\u00f3vil. Es un cargador y mantenedor. \u00a1Saber m\u00e1s!","og_url":"https:\/\/optimate1.com\/product\/tm522d2ck\/","og_site_name":"OptiMate","article_publisher":"https:\/\/www.facebook.com\/OptiMatebatterysavingcharger\/","article_modified_time":"2026-01-27T14:38:21+00:00","og_image":[{"width":1024,"height":1024,"url":"https:\/\/optimate1.com\/wp-content\/uploads\/2024\/06\/OptiMate-Solar-Panel-20W-Kit-522-D2TK-im1b-copy-2-ES-1024x1024.png","type":"image\/png"}],"twitter_card":"summary_large_image","twitter_misc":{"Tiempo de lectura":"3 minutos"},"schema":{"@context":"https:\/\/schema.org","@graph":[{"@type":"WebPage","@id":"https:\/\/optimate1.com\/product\/tm522d2ck\/","url":"https:\/\/optimate1.com\/product\/tm522d2ck\/","name":"OptiMate Solar DUO kit para coche con panel de 20W - OptiMate","isPartOf":{"@id":"https:\/\/optimate1.com\/#website"},"primaryImageOfPage":{"@id":"https:\/\/optimate1.com\/product\/tm522d2ck\/#primaryimage"},"image":{"@id":"https:\/\/optimate1.com\/product\/tm522d2ck\/#primaryimage"},"thumbnailUrl":"https:\/\/optimate1.com\/wp-content\/uploads\/2024\/06\/OptiMate-Solar-Panel-20W-Kit-522-D2TK-im1b-copy-2-ES.png","datePublished":"2024-05-28T09:30:20+00:00","dateModified":"2026-01-27T14:38:21+00:00","description":"El kit para autom\u00f3vil OptiMate Solar DUO 20W es un cargador de bater\u00eda solar para autom\u00f3vil. Es un cargador y mantenedor. \u00a1Saber m\u00e1s!","breadcrumb":{"@id":"https:\/\/optimate1.com\/product\/tm522d2ck\/#breadcrumb"},"inLanguage":"es","potentialAction":[{"@type":"ReadAction","target":["https:\/\/optimate1.com\/product\/tm522d2ck\/"]}]},{"@type":"ImageObject","inLanguage":"es","@id":"https:\/\/optimate1.com\/product\/tm522d2ck\/#primaryimage","url":"https:\/\/optimate1.com\/wp-content\/uploads\/2024\/06\/OptiMate-Solar-Panel-20W-Kit-522-D2TK-im1b-copy-2-ES.png","contentUrl":"https:\/\/optimate1.com\/wp-content\/uploads\/2024\/06\/OptiMate-Solar-Panel-20W-Kit-522-D2TK-im1b-copy-2-ES.png","width":1500,"height":1500},{"@type":"BreadcrumbList","@id":"https:\/\/optimate1.com\/product\/tm522d2ck\/#breadcrumb","itemListElement":[{"@type":"ListItem","position":1,"name":"Home","item":"https:\/\/optimate1.com\/"},{"@type":"ListItem","position":2,"name":"Productos","item":"https:\/\/optimate1.com\/shop\/"},{"@type":"ListItem","position":3,"name":"OptiMate Solar DUO con panel de 20W y kit para coche"}]},{"@type":"WebSite","@id":"https:\/\/optimate1.com\/#website","url":"https:\/\/optimate1.com\/","name":"OptiMate","description":"Battery Chargers &amp; Accessories","publisher":{"@id":"https:\/\/optimate1.com\/#organization"},"potentialAction":[{"@type":"SearchAction","target":{"@type":"EntryPoint","urlTemplate":"https:\/\/optimate1.com\/?s={search_term_string}"},"query-input":{"@type":"PropertyValueSpecification","valueRequired":true,"valueName":"search_term_string"}}],"inLanguage":"es"},{"@type":"Organization","@id":"https:\/\/optimate1.com\/#organization","name":"OptiMate","url":"https:\/\/optimate1.com\/","logo":{"@type":"ImageObject","inLanguage":"es","@id":"https:\/\/optimate1.com\/#\/schema\/logo\/image\/","url":"https:\/\/optimate1.com\/wp-content\/uploads\/2021\/06\/optimate-hpbc-stacklogo.jpg","contentUrl":"https:\/\/optimate1.com\/wp-content\/uploads\/2021\/06\/optimate-hpbc-stacklogo.jpg","width":1025,"height":529,"caption":"OptiMate"},"image":{"@id":"https:\/\/optimate1.com\/#\/schema\/logo\/image\/"},"sameAs":["https:\/\/www.facebook.com\/OptiMatebatterysavingcharger\/"]}]}},"_links":{"self":[{"href":"https:\/\/optimate1.com\/es\/wp-json\/wp\/v2\/product\/36742","targetHints":{"allow":["GET"]}}],"collection":[{"href":"https:\/\/optimate1.com\/es\/wp-json\/wp\/v2\/product"}],"about":[{"href":"https:\/\/optimate1.com\/es\/wp-json\/wp\/v2\/types\/product"}],"wp:featuredmedia":[{"embeddable":true,"href":"https:\/\/optimate1.com\/es\/wp-json\/wp\/v2\/media\/36930"}],"wp:attachment":[{"href":"https:\/\/optimate1.com\/es\/wp-json\/wp\/v2\/media?parent=36742"}],"wp:term":[{"taxonomy":"product_brand","embeddable":true,"href":"https:\/\/optimate1.com\/es\/wp-json\/wp\/v2\/product_brand?post=36742"},{"taxonomy":"product_cat","embeddable":true,"href":"https:\/\/optimate1.com\/es\/wp-json\/wp\/v2\/product_cat?post=36742"},{"taxonomy":"product_tag","embeddable":true,"href":"https:\/\/optimate1.com\/es\/wp-json\/wp\/v2\/product_tag?post=36742"}],"curies":[{"name":"wp","href":"https:\/\/api.w.org\/{rel}","templated":true}]}}