{"id":37012,"date":"2024-06-24T02:57:22","date_gmt":"2024-06-24T06:57:22","guid":{"rendered":"https:\/\/optimate1.com\/product\/vacuummate-allweather\/"},"modified":"2024-12-04T05:57:55","modified_gmt":"2024-12-04T10:57:55","slug":"vacuummate-allweather","status":"publish","type":"product","link":"https:\/\/optimate1.com\/es\/producto\/vacuummate-allweather\/","title":{"rendered":"VacuumMate Allweather"},"content":{"rendered":"<h3 class=\"entry-summary hidden-phone\"><strong>VacuumMate Allweather es el est\u00e1ndar de la industria para una sincronizaci\u00f3n r\u00e1pida y precisa de hasta 4 v\u00e1lvulas de mariposa de carburador\/inyecci\u00f3n de combustible en motores de 2 y 4 tiempos.<\/strong><\/h3>\n<ul>\n<li><strong><span style=\"color: #10069f;\">VacuumMate muestra la presi\u00f3n del colector individual de 4 carburadores separados (o cuerpos del acelerador de inyecci\u00f3n de combustible) en cuatro barras de LED brillantes dispuestas verticalmente (40 LED por barra) visibles a la luz del sol. <\/span><\/strong><span style=\"color: #10069f;\">&#8211; <\/span><span style=\"color: #10069f;\"><i>haci\u00e9ndolo ideal incluso para uso marino y externo a bordo.<\/i><\/span><\/li>\n<li><strong><span style=\"color: #10069f;\">Precisi\u00f3n de resoluci\u00f3n fija de 0,5 cmHg <\/span><\/strong><span style=\"color: #10069f;\">&#8211; <\/span><span style=\"color: #10069f;\"><i>seg\u00fan lo recomendado por los equipos originales de motocicletas y fuerabordas marinos.<\/i><\/span><\/li>\n<li><strong><span style=\"color: #10069f;\">Un tac\u00f3metro incorporado muestra la velocidad del motor en RPM <\/span><\/strong><span style=\"color: #10069f;\">&#8211; <\/span><span style=\"color: #10069f;\"><i>de los impulsos de presi\u00f3n, \u00a1no se requiere captaci\u00f3n adicional!<\/i><\/span><\/li>\n<li><strong><span style=\"color: #10069f;\">Modo DYNamic para solucionar problemas de sincronizaci\u00f3n deficiente del motor <\/span><\/strong><span style=\"color: #10069f;\"><i>&#8211; muestra las diferencias de sellado de v\u00e1lvulas.<\/i><\/span><\/li>\n<li><strong><span style=\"color: #10069f;\">4 transductores de presi\u00f3n MOTOROLA de grado industrial\/m\u00e9dico.<\/span><\/strong><\/li>\n<li><strong><span style=\"color: #10069f;\">Aprobado como herramienta recomendada por Mercury, Honda, Yamaha.<br \/>\n<\/span><\/strong><\/li>\n<\/ul>\n","protected":false},"excerpt":{"rendered":"<h3><span style=\"color: #cd202c;\">Carburador\/v\u00e1lvula de mariposa de inyecci\u00f3n de combustible Sincronizador, RPM y diagn\u00f3stico de v\u00e1lvula, alimentado por bater\u00eda<\/span><\/h3>\n","protected":false},"featured_media":36958,"template":"","meta":[],"product_brand":[],"product_cat":[437],"product_tag":[],"class_list":{"0":"post-37012","1":"product","2":"type-product","3":"status-publish","4":"has-post-thumbnail","6":"product_cat-battery-chargers-es","7":"pa_power-ac-100-240vac-es","8":"pa_region-ca-es-2","9":"pa_region-eu-es-2","10":"pa_region-uk-es-2","11":"pa_region-us-es-2","12":"thunk-woo-product-list","13":"opn-qv-enable","14":"big-store-woo-hover-","15":"open-single-product-tab-horizontal","16":"open-shadow-","17":"open-shadow-hover-","19":"first","20":"outofstock","21":"shipping-taxable","22":"product-type-simple"},"yoast_head":"<!-- This site is optimized with the Yoast SEO plugin v27.2 - https:\/\/yoast.com\/product\/yoast-seo-wordpress\/ -->\n<title>VacuumMate Allweather - OptiMate<\/title>\n<meta name=\"description\" content=\"VacuumMate es un est\u00e1ndar de la industria para la limpieza precisa de motores marinos de combustible de 4 quemadores en 2 y 4 per\u00edodos.\" \/>\n<meta name=\"robots\" content=\"index, follow, max-snippet:-1, max-image-preview:large, max-video-preview:-1\" \/>\n<link rel=\"canonical\" href=\"https:\/\/optimate1.com\/product\/vacuummate\/\" \/>\n<meta property=\"og:locale\" content=\"es_ES\" \/>\n<meta property=\"og:type\" content=\"article\" \/>\n<meta property=\"og:title\" content=\"VacuumMate Allweather - OptiMate\" \/>\n<meta property=\"og:description\" content=\"VacuumMate es un est\u00e1ndar de la industria para la limpieza precisa de motores marinos de combustible de 4 quemadores en 2 y 4 per\u00edodos.\" \/>\n<meta property=\"og:url\" content=\"https:\/\/optimate1.com\/product\/vacuummate\/\" \/>\n<meta property=\"og:site_name\" content=\"OptiMate\" \/>\n<meta property=\"article:publisher\" content=\"https:\/\/www.facebook.com\/OptiMatebatterysavingcharger\/\" \/>\n<meta property=\"article:modified_time\" content=\"2024-12-04T10:57:55+00:00\" \/>\n<meta property=\"og:image\" content=\"https:\/\/optimate1.com\/wp-content\/uploads\/2024\/06\/TS71-VacuumMate-AW-3.png\" \/>\n\t<meta property=\"og:image:width\" content=\"1500\" \/>\n\t<meta property=\"og:image:height\" content=\"1500\" \/>\n\t<meta property=\"og:image:type\" content=\"image\/png\" \/>\n<meta name=\"twitter:card\" content=\"summary_large_image\" \/>\n<meta name=\"twitter:label1\" content=\"Tiempo de lectura\" \/>\n\t<meta name=\"twitter:data1\" content=\"1 minuto\" \/>\n<script type=\"application\/ld+json\" class=\"yoast-schema-graph\">{\"@context\":\"https:\/\/schema.org\",\"@graph\":[{\"@type\":\"WebPage\",\"@id\":\"https:\/\/optimate1.com\/product\/vacuummate\/\",\"url\":\"https:\/\/optimate1.com\/product\/vacuummate\/\",\"name\":\"VacuumMate Allweather - OptiMate\",\"isPartOf\":{\"@id\":\"https:\/\/optimate1.com\/#website\"},\"primaryImageOfPage\":{\"@id\":\"https:\/\/optimate1.com\/product\/vacuummate\/#primaryimage\"},\"image\":{\"@id\":\"https:\/\/optimate1.com\/product\/vacuummate\/#primaryimage\"},\"thumbnailUrl\":\"https:\/\/optimate1.com\/wp-content\/uploads\/2024\/06\/TS71-VacuumMate-AW-3.png\",\"datePublished\":\"2024-06-24T06:57:22+00:00\",\"dateModified\":\"2024-12-04T10:57:55+00:00\",\"description\":\"VacuumMate es un est\u00e1ndar de la industria para la limpieza precisa de motores marinos de combustible de 4 quemadores en 2 y 4 per\u00edodos.\",\"breadcrumb\":{\"@id\":\"https:\/\/optimate1.com\/product\/vacuummate\/#breadcrumb\"},\"inLanguage\":\"es\",\"potentialAction\":[{\"@type\":\"ReadAction\",\"target\":[\"https:\/\/optimate1.com\/product\/vacuummate\/\"]}]},{\"@type\":\"ImageObject\",\"inLanguage\":\"es\",\"@id\":\"https:\/\/optimate1.com\/product\/vacuummate\/#primaryimage\",\"url\":\"https:\/\/optimate1.com\/wp-content\/uploads\/2024\/06\/TS71-VacuumMate-AW-3.png\",\"contentUrl\":\"https:\/\/optimate1.com\/wp-content\/uploads\/2024\/06\/TS71-VacuumMate-AW-3.png\",\"width\":1500,\"height\":1500},{\"@type\":\"BreadcrumbList\",\"@id\":\"https:\/\/optimate1.com\/product\/vacuummate\/#breadcrumb\",\"itemListElement\":[{\"@type\":\"ListItem\",\"position\":1,\"name\":\"Home\",\"item\":\"https:\/\/optimate1.com\/\"},{\"@type\":\"ListItem\",\"position\":2,\"name\":\"Productos\",\"item\":\"https:\/\/optimate1.com\/shop\/\"},{\"@type\":\"ListItem\",\"position\":3,\"name\":\"VacuumMate Allweather\"}]},{\"@type\":\"WebSite\",\"@id\":\"https:\/\/optimate1.com\/#website\",\"url\":\"https:\/\/optimate1.com\/\",\"name\":\"OptiMate\",\"description\":\"Battery Chargers &amp; Accessories\",\"publisher\":{\"@id\":\"https:\/\/optimate1.com\/#organization\"},\"potentialAction\":[{\"@type\":\"SearchAction\",\"target\":{\"@type\":\"EntryPoint\",\"urlTemplate\":\"https:\/\/optimate1.com\/?s={search_term_string}\"},\"query-input\":{\"@type\":\"PropertyValueSpecification\",\"valueRequired\":true,\"valueName\":\"search_term_string\"}}],\"inLanguage\":\"es\"},{\"@type\":\"Organization\",\"@id\":\"https:\/\/optimate1.com\/#organization\",\"name\":\"OptiMate\",\"url\":\"https:\/\/optimate1.com\/\",\"logo\":{\"@type\":\"ImageObject\",\"inLanguage\":\"es\",\"@id\":\"https:\/\/optimate1.com\/#\/schema\/logo\/image\/\",\"url\":\"https:\/\/optimate1.com\/wp-content\/uploads\/2021\/06\/optimate-hpbc-stacklogo.jpg\",\"contentUrl\":\"https:\/\/optimate1.com\/wp-content\/uploads\/2021\/06\/optimate-hpbc-stacklogo.jpg\",\"width\":1025,\"height\":529,\"caption\":\"OptiMate\"},\"image\":{\"@id\":\"https:\/\/optimate1.com\/#\/schema\/logo\/image\/\"},\"sameAs\":[\"https:\/\/www.facebook.com\/OptiMatebatterysavingcharger\/\"]}]}<\/script>\n<!-- \/ Yoast SEO plugin. -->","yoast_head_json":{"title":"VacuumMate Allweather - OptiMate","description":"VacuumMate es un est\u00e1ndar de la industria para la limpieza precisa de motores marinos de combustible de 4 quemadores en 2 y 4 per\u00edodos.","robots":{"index":"index","follow":"follow","max-snippet":"max-snippet:-1","max-image-preview":"max-image-preview:large","max-video-preview":"max-video-preview:-1"},"canonical":"https:\/\/optimate1.com\/product\/vacuummate\/","og_locale":"es_ES","og_type":"article","og_title":"VacuumMate Allweather - OptiMate","og_description":"VacuumMate es un est\u00e1ndar de la industria para la limpieza precisa de motores marinos de combustible de 4 quemadores en 2 y 4 per\u00edodos.","og_url":"https:\/\/optimate1.com\/product\/vacuummate\/","og_site_name":"OptiMate","article_publisher":"https:\/\/www.facebook.com\/OptiMatebatterysavingcharger\/","article_modified_time":"2024-12-04T10:57:55+00:00","og_image":[{"width":1500,"height":1500,"url":"https:\/\/optimate1.com\/wp-content\/uploads\/2024\/06\/TS71-VacuumMate-AW-3.png","type":"image\/png"}],"twitter_card":"summary_large_image","twitter_misc":{"Tiempo de lectura":"1 minuto"},"schema":{"@context":"https:\/\/schema.org","@graph":[{"@type":"WebPage","@id":"https:\/\/optimate1.com\/product\/vacuummate\/","url":"https:\/\/optimate1.com\/product\/vacuummate\/","name":"VacuumMate Allweather - OptiMate","isPartOf":{"@id":"https:\/\/optimate1.com\/#website"},"primaryImageOfPage":{"@id":"https:\/\/optimate1.com\/product\/vacuummate\/#primaryimage"},"image":{"@id":"https:\/\/optimate1.com\/product\/vacuummate\/#primaryimage"},"thumbnailUrl":"https:\/\/optimate1.com\/wp-content\/uploads\/2024\/06\/TS71-VacuumMate-AW-3.png","datePublished":"2024-06-24T06:57:22+00:00","dateModified":"2024-12-04T10:57:55+00:00","description":"VacuumMate es un est\u00e1ndar de la industria para la limpieza precisa de motores marinos de combustible de 4 quemadores en 2 y 4 per\u00edodos.","breadcrumb":{"@id":"https:\/\/optimate1.com\/product\/vacuummate\/#breadcrumb"},"inLanguage":"es","potentialAction":[{"@type":"ReadAction","target":["https:\/\/optimate1.com\/product\/vacuummate\/"]}]},{"@type":"ImageObject","inLanguage":"es","@id":"https:\/\/optimate1.com\/product\/vacuummate\/#primaryimage","url":"https:\/\/optimate1.com\/wp-content\/uploads\/2024\/06\/TS71-VacuumMate-AW-3.png","contentUrl":"https:\/\/optimate1.com\/wp-content\/uploads\/2024\/06\/TS71-VacuumMate-AW-3.png","width":1500,"height":1500},{"@type":"BreadcrumbList","@id":"https:\/\/optimate1.com\/product\/vacuummate\/#breadcrumb","itemListElement":[{"@type":"ListItem","position":1,"name":"Home","item":"https:\/\/optimate1.com\/"},{"@type":"ListItem","position":2,"name":"Productos","item":"https:\/\/optimate1.com\/shop\/"},{"@type":"ListItem","position":3,"name":"VacuumMate Allweather"}]},{"@type":"WebSite","@id":"https:\/\/optimate1.com\/#website","url":"https:\/\/optimate1.com\/","name":"OptiMate","description":"Battery Chargers &amp; Accessories","publisher":{"@id":"https:\/\/optimate1.com\/#organization"},"potentialAction":[{"@type":"SearchAction","target":{"@type":"EntryPoint","urlTemplate":"https:\/\/optimate1.com\/?s={search_term_string}"},"query-input":{"@type":"PropertyValueSpecification","valueRequired":true,"valueName":"search_term_string"}}],"inLanguage":"es"},{"@type":"Organization","@id":"https:\/\/optimate1.com\/#organization","name":"OptiMate","url":"https:\/\/optimate1.com\/","logo":{"@type":"ImageObject","inLanguage":"es","@id":"https:\/\/optimate1.com\/#\/schema\/logo\/image\/","url":"https:\/\/optimate1.com\/wp-content\/uploads\/2021\/06\/optimate-hpbc-stacklogo.jpg","contentUrl":"https:\/\/optimate1.com\/wp-content\/uploads\/2021\/06\/optimate-hpbc-stacklogo.jpg","width":1025,"height":529,"caption":"OptiMate"},"image":{"@id":"https:\/\/optimate1.com\/#\/schema\/logo\/image\/"},"sameAs":["https:\/\/www.facebook.com\/OptiMatebatterysavingcharger\/"]}]}},"_links":{"self":[{"href":"https:\/\/optimate1.com\/es\/wp-json\/wp\/v2\/product\/37012","targetHints":{"allow":["GET"]}}],"collection":[{"href":"https:\/\/optimate1.com\/es\/wp-json\/wp\/v2\/product"}],"about":[{"href":"https:\/\/optimate1.com\/es\/wp-json\/wp\/v2\/types\/product"}],"wp:featuredmedia":[{"embeddable":true,"href":"https:\/\/optimate1.com\/es\/wp-json\/wp\/v2\/media\/36958"}],"wp:attachment":[{"href":"https:\/\/optimate1.com\/es\/wp-json\/wp\/v2\/media?parent=37012"}],"wp:term":[{"taxonomy":"product_brand","embeddable":true,"href":"https:\/\/optimate1.com\/es\/wp-json\/wp\/v2\/product_brand?post=37012"},{"taxonomy":"product_cat","embeddable":true,"href":"https:\/\/optimate1.com\/es\/wp-json\/wp\/v2\/product_cat?post=37012"},{"taxonomy":"product_tag","embeddable":true,"href":"https:\/\/optimate1.com\/es\/wp-json\/wp\/v2\/product_tag?post=37012"}],"curies":[{"name":"wp","href":"https:\/\/api.w.org\/{rel}","templated":true}]}}