{"id":39916,"date":"2025-10-14T04:17:27","date_gmt":"2025-10-14T08:17:27","guid":{"rendered":"https:\/\/optimate1.com\/product\/optimate-5-start-stop-3\/"},"modified":"2026-03-24T10:40:40","modified_gmt":"2026-03-24T14:40:40","slug":"om5","status":"publish","type":"product","link":"https:\/\/optimate1.com\/es\/producto\/om5\/","title":{"rendered":"OptiMate 5 12V4A"},"content":{"rendered":"<h6 style=\"text-align: center;\"><strong><span style=\"color: #10069f;\">OptiMate 5 es el cargador, comprobador y mantenedor de bater\u00edas inteligente perfecto para ahorrar bater\u00eda en su motocicleta, autom\u00f3vil, camioneta o barco. <\/span><\/strong><i><strong><span style=\"color: #10069f;\">&#8211; <\/span><\/strong><span style=\"color: #10069f;\">\u00a1Servicio de mantenimiento de bater\u00edas las 24 horas del d\u00eda, los 7 d\u00edas de la semana, para bater\u00edas de plomo-\u00e1cido de 12V de 20Ah a 96Ah!<\/span><\/i><\/h6>\n<h6 style=\"text-align: center;\"><img loading=\"lazy\" decoding=\"async\" class=\"aligncenter wp-image-20668\" src=\"https:\/\/optimate1.com\/wp-content\/uploads\/2021\/10\/Vehicle-range-OM5-start-stop-01.png\" alt=\"The OptiMate 6 Ampmatic is recommended for batteries of sports cars, 4x4 cars, tractors, RV, maritime and motorcycles.\" width=\"428\" height=\"66\" \/><\/h6>\n<p>&nbsp;<\/p>\n<h6 style=\"text-align: center;\"><strong><span style=\"color: #10069f;\">Recupera una bater\u00eda de plomo-\u00e1cido sulfatada completamente descargada desde tan solo 0,5 voltios. <\/span><\/strong><i><strong><span style=\"color: #10069f;\">&#8211; <\/span><\/strong><span style=\"color: #10069f;\">\u00a1Con nuestro m\u00e9todo probado de desulfataci\u00f3n y recuperaci\u00f3n por pulsos OptiMate!<\/span><\/i><\/h6>\n<h6 style=\"text-align: center;\"><img loading=\"lazy\" decoding=\"async\" class=\"aligncenter wp-image-20876\" src=\"https:\/\/optimate1.com\/wp-content\/uploads\/2026\/03\/Vehicle-range-OM5-start-stop-01-copy.jpg\" alt=\"The fully automatic multi-step program to full charge the battery safely. \" width=\"528\" height=\"70\" \/><\/h6>\n<p>&nbsp;<\/p>\n<h6 style=\"text-align: center;\"><strong><span style=\"color: #10069f;\">Un programa multietapa totalmente autom\u00e1tico carga la bater\u00eda de forma segura por completo. &#8211; <\/span><\/strong><i><span style=\"color: #10069f;\">Con\u00e9ctalo a la bater\u00eda y OptiMate 5 se encarga del resto, \u00a1sin necesidad de supervisi\u00f3n!<\/span><\/i><\/h6>\n<h6 style=\"text-align: center;\"><img loading=\"lazy\" decoding=\"async\" class=\"aligncenter wp-image-20876\" src=\"https:\/\/optimate1.com\/wp-content\/uploads\/2020\/12\/connect_save_charge-maintain-01.png\" alt=\"The fully automatic multi-step program to full charge the battery safely. \" width=\"428\" height=\"70\" \/><\/h6>\n<p>&nbsp;<\/p>\n<p>&nbsp;<\/p>\n<h4 style=\"text-align: center;\"><strong><span style=\"text-decoration: underline;\">M\u00c1S CARACTER\u00cdSTICAS:<\/span><\/strong><\/h4>\n<p style=\"text-align: center;\">\n<table id=\"tablepress-666\" class=\"tablepress tablepress-id-666\">\n<tbody class=\"row-hover\">\n<tr class=\"row-1\">\n\t<td class=\"column-1\"><a href=\"\"><img loading=\"lazy\" decoding=\"async\" src=\"https:\/\/optimate1.com\/wp-content\/uploads\/2023\/10\/optimate-5-start-stop.png\" alt=\"\" width=\"300\" height=\"50\" class=\"aligncenter size-medium wp-image-20927\" \/><\/a><body><h6><center>Para bater\u00edas de plomo-\u00e1cido (Pb) de 12V para motocicletas y autom\u00f3viles, incluyendo STD (con tapones de llenado), AGM, GEL (VRLA selladas) y EFB.<\/body><\/h6><\/center><\/td>\n<\/tr>\n<tr class=\"row-2\">\n\t<td class=\"column-1\"><a href=\"\"><img loading=\"lazy\" decoding=\"async\" src=\"https:\/\/optimate1.com\/wp-content\/uploads\/2020\/12\/SAFE-connected-x2-300x49.jpg\" alt=\"\" width=\"300\" height=\"50\" class=\"aligncenter size-medium wp-image-20928\" \/><\/a><body><h6><center>Seguro para dejar conectado. Protecci\u00f3n electr\u00f3nica total.<\/body><\/h6><\/center><\/td>\n<\/tr>\n<tr class=\"row-3\">\n\t<td class=\"column-1\"><a href=\"\"><img loading=\"lazy\" decoding=\"async\" src=\"https:\/\/optimate1.com\/wp-content\/uploads\/2020\/12\/24-7-x2-300x49.png\" alt=\"\" width=\"300\" height=\"50\" class=\"aligncenter size-medium wp-image-20995\" \/><\/a><body><h6><center>Mantiene la bater\u00eda a plena carga y en buen estado.<\/body><\/h6><\/center><\/td>\n<\/tr>\n<tr class=\"row-4\">\n\t<td class=\"column-1\"><a href=\"\"><img loading=\"lazy\" decoding=\"async\" src=\"https:\/\/optimate1.com\/wp-content\/uploads\/2023\/10\/analysis-desulphate-x-01.png\" alt=\"\" width=\"300\" height=\"50\" class=\"aligncenter size-medium wp-image-20995\" \/><\/a><body><h6><center>Diagnostica el estado de sulfataci\u00f3n de la bater\u00eda.<\/body><\/h6><\/center><\/td>\n<\/tr>\n<tr class=\"row-5\">\n\t<td class=\"column-1\"><a href=\"\"><img loading=\"lazy\" decoding=\"async\" src=\"https:\/\/optimate1.com\/wp-content\/uploads\/2020\/12\/state-of-health-test-2-LED-200.png\" alt=\"\" width=\"300\" height=\"50\" class=\"aligncenter size-medium wp-image-20993\" \/><\/a><body><h6><center>Prueba el estado de salud de la bater\u00eda.<\/body><\/h6><\/center><\/td>\n<\/tr>\n<tr class=\"row-6\">\n\t<td class=\"column-1\"><a href=\"\"><img loading=\"lazy\" decoding=\"async\" src=\"https:\/\/optimate1.com\/wp-content\/uploads\/2020\/12\/green-technology-hx2-1-300x49.png\" alt=\"\" width=\"300\" height=\"50\" class=\"aligncenter size-medium wp-image-20985\" \/><\/a><body><h6><center>Tecnolog\u00eda de ahorro de energ\u00eda.<br \/>\n<strong>\u221a<\/strong> Potencia en espera inferior a 0.5W.<br \/>\n<strong>\u221a<\/strong> Mantenimiento eficaz de la bater\u00eda 24 horas al d\u00eda, 7 d\u00edas a la semana.<\/body><\/h6><\/center><\/td>\n<\/tr>\n<tr class=\"row-7\">\n\t<td class=\"column-1\"><a href=\"\"><img loading=\"lazy\" decoding=\"async\" src=\"https:\/\/optimate1.com\/wp-content\/uploads\/2020\/12\/weatherproof-x2-300x49.png\" alt=\"\" width=\"300\" height=\"50\" class=\"aligncenter size-medium wp-image-20983\" \/><\/a><body><h6><center>Resistente a la intemperie. Resistente a temperaturas de hasta -40\u00b0C \/ -40\u00b0F.<\/body><\/h6><\/center><\/td>\n<\/tr>\n<\/tbody>\n<\/table>\n<!-- #tablepress-666 from cache --><\/p>\n","protected":false},"excerpt":{"rendered":"<h3><span style=\"color: #959b9d;\">Serie SILVER: Cargador, comprobador y mantenedor de bater\u00edas selladas de 12V y 4A con 7 pasos.<\/span><\/h3>\n","protected":false},"featured_media":41512,"template":"","meta":[],"product_brand":[],"product_cat":[437],"product_tag":[],"class_list":{"0":"post-39916","1":"product","2":"type-product","3":"status-publish","4":"has-post-thumbnail","6":"product_cat-battery-chargers-es","7":"pa_charge-battery-chemistry-pb-agm-gel-std-lead-acid-es","8":"pa_charge-battery-more-12v-es","9":"pa_charge-battery-more-bote-motos-acuaticas","10":"pa_charge-battery-more-coche-camioneta","11":"pa_charge-battery-more-coche-clasico","12":"pa_charge-battery-more-motocicleta-vehiculo-todo-terreno","13":"pa_charge-battery-more-tractor-construccion","14":"pa_charge-battery-more-utv-sxs-cruiser-es","15":"pa_power-ac-100-240vac-es","16":"pa_product-group-optimate-5-es","17":"pa_region-ca-es-2","18":"pa_region-eu-es-2","19":"pa_region-uk-es-2","20":"pa_region-us-es-2","21":"iside_voltage-12-es","22":"iside_ampere-4-es","23":"iside_charger_series-silver-smarter-es","24":"iside_charger_features-save-sulphated-pb-lead-acid-es","25":"iside_charger_type-single-es","26":"iside_battery_voltage-12v-es","27":"iside_battery_chemistry-pb-lead-acid-es","28":"iside_battery_chemistry-premium-agm-espiral","29":"battery_charger_current-2a-4a-es","30":"thunk-woo-product-list","31":"opn-qv-enable","32":"big-store-woo-hover-","33":"open-single-product-tab-horizontal","34":"open-shadow-","35":"open-shadow-hover-","37":"first","38":"instock","39":"featured","40":"shipping-taxable","41":"purchasable","42":"product-type-simple"},"yoast_head":"<!-- This site is optimized with the Yoast SEO plugin v27.2 - https:\/\/yoast.com\/product\/yoast-seo-wordpress\/ -->\n<title>OptiMate 5 12V4A - OptiMate<\/title>\n<meta name=\"description\" content=\"El cargador de bater\u00edas OptiMate 5 se encarga del cuidado continuo de sus bater\u00edas de 12V de capacidad media a grande las 24 horas del d\u00eda.\u00a1Descubra m\u00e1s sobre este producto!\" \/>\n<meta name=\"robots\" content=\"index, follow, max-snippet:-1, max-image-preview:large, max-video-preview:-1, noarchive\" \/>\n<link rel=\"canonical\" href=\"https:\/\/optimate1.com\/es\/producto\/om5\/\" \/>\n<meta property=\"og:locale\" content=\"es_ES\" \/>\n<meta property=\"og:type\" content=\"article\" \/>\n<meta property=\"og:title\" content=\"OptiMate 5 12V4A - OptiMate\" \/>\n<meta property=\"og:description\" content=\"El cargador de bater\u00edas OptiMate 5 se encarga del cuidado continuo de sus bater\u00edas de 12V de capacidad media a grande las 24 horas del d\u00eda.\u00a1Descubra m\u00e1s sobre este producto!\" \/>\n<meta property=\"og:url\" content=\"https:\/\/optimate1.com\/es\/producto\/om5\/\" \/>\n<meta property=\"og:site_name\" content=\"OptiMate\" \/>\n<meta property=\"article:publisher\" content=\"https:\/\/www.facebook.com\/OptiMatebatterysavingcharger\/\" \/>\n<meta property=\"article:modified_time\" content=\"2026-03-24T14:40:40+00:00\" \/>\n<meta property=\"og:image\" content=\"https:\/\/optimate1.com\/wp-content\/uploads\/2026\/03\/OptiMate-5-Start-Stop-v2-TM22x-11-1.png\" \/>\n\t<meta property=\"og:image:width\" content=\"1500\" \/>\n\t<meta property=\"og:image:height\" content=\"1500\" \/>\n\t<meta property=\"og:image:type\" content=\"image\/png\" \/>\n<meta name=\"twitter:card\" content=\"summary_large_image\" \/>\n<meta name=\"twitter:label1\" content=\"Tiempo de lectura\" \/>\n\t<meta name=\"twitter:data1\" content=\"2 minutos\" \/>\n<script type=\"application\/ld+json\" class=\"yoast-schema-graph\">{\"@context\":\"https:\/\/schema.org\",\"@graph\":[{\"@type\":\"WebPage\",\"@id\":\"https:\/\/optimate1.com\/es\/producto\/om5\/\",\"url\":\"https:\/\/optimate1.com\/es\/producto\/om5\/\",\"name\":\"OptiMate 5 12V4A - OptiMate\",\"isPartOf\":{\"@id\":\"https:\/\/optimate1.com\/#website\"},\"primaryImageOfPage\":{\"@id\":\"https:\/\/optimate1.com\/es\/producto\/om5\/#primaryimage\"},\"image\":{\"@id\":\"https:\/\/optimate1.com\/es\/producto\/om5\/#primaryimage\"},\"thumbnailUrl\":\"https:\/\/optimate1.com\/wp-content\/uploads\/2026\/03\/OptiMate-5-Start-Stop-v2-TM22x-11-1.png\",\"datePublished\":\"2025-10-14T08:17:27+00:00\",\"dateModified\":\"2026-03-24T14:40:40+00:00\",\"description\":\"El cargador de bater\u00edas OptiMate 5 se encarga del cuidado continuo de sus bater\u00edas de 12V de capacidad media a grande las 24 horas del d\u00eda.\u00a1Descubra m\u00e1s sobre este producto!\",\"breadcrumb\":{\"@id\":\"https:\/\/optimate1.com\/es\/producto\/om5\/#breadcrumb\"},\"inLanguage\":\"es\",\"potentialAction\":[{\"@type\":\"ReadAction\",\"target\":[\"https:\/\/optimate1.com\/es\/producto\/om5\/\"]}]},{\"@type\":\"ImageObject\",\"inLanguage\":\"es\",\"@id\":\"https:\/\/optimate1.com\/es\/producto\/om5\/#primaryimage\",\"url\":\"https:\/\/optimate1.com\/wp-content\/uploads\/2026\/03\/OptiMate-5-Start-Stop-v2-TM22x-11-1.png\",\"contentUrl\":\"https:\/\/optimate1.com\/wp-content\/uploads\/2026\/03\/OptiMate-5-Start-Stop-v2-TM22x-11-1.png\",\"width\":1500,\"height\":1500},{\"@type\":\"BreadcrumbList\",\"@id\":\"https:\/\/optimate1.com\/es\/producto\/om5\/#breadcrumb\",\"itemListElement\":[{\"@type\":\"ListItem\",\"position\":1,\"name\":\"Home\",\"item\":\"https:\/\/optimate1.com\/\"},{\"@type\":\"ListItem\",\"position\":2,\"name\":\"Productos\",\"item\":\"https:\/\/optimate1.com\/shop\/\"},{\"@type\":\"ListItem\",\"position\":3,\"name\":\"OptiMate 5 Start\/Stop\"}]},{\"@type\":\"WebSite\",\"@id\":\"https:\/\/optimate1.com\/#website\",\"url\":\"https:\/\/optimate1.com\/\",\"name\":\"OptiMate\",\"description\":\"Battery Chargers &amp; Accessories\",\"publisher\":{\"@id\":\"https:\/\/optimate1.com\/#organization\"},\"potentialAction\":[{\"@type\":\"SearchAction\",\"target\":{\"@type\":\"EntryPoint\",\"urlTemplate\":\"https:\/\/optimate1.com\/?s={search_term_string}\"},\"query-input\":{\"@type\":\"PropertyValueSpecification\",\"valueRequired\":true,\"valueName\":\"search_term_string\"}}],\"inLanguage\":\"es\"},{\"@type\":\"Organization\",\"@id\":\"https:\/\/optimate1.com\/#organization\",\"name\":\"OptiMate\",\"url\":\"https:\/\/optimate1.com\/\",\"logo\":{\"@type\":\"ImageObject\",\"inLanguage\":\"es\",\"@id\":\"https:\/\/optimate1.com\/#\/schema\/logo\/image\/\",\"url\":\"https:\/\/optimate1.com\/wp-content\/uploads\/2021\/06\/optimate-hpbc-stacklogo.jpg\",\"contentUrl\":\"https:\/\/optimate1.com\/wp-content\/uploads\/2021\/06\/optimate-hpbc-stacklogo.jpg\",\"width\":1025,\"height\":529,\"caption\":\"OptiMate\"},\"image\":{\"@id\":\"https:\/\/optimate1.com\/#\/schema\/logo\/image\/\"},\"sameAs\":[\"https:\/\/www.facebook.com\/OptiMatebatterysavingcharger\/\"]}]}<\/script>\n<!-- \/ Yoast SEO plugin. -->","yoast_head_json":{"title":"OptiMate 5 12V4A - OptiMate","description":"El cargador de bater\u00edas OptiMate 5 se encarga del cuidado continuo de sus bater\u00edas de 12V de capacidad media a grande las 24 horas del d\u00eda.\u00a1Descubra m\u00e1s sobre este producto!","robots":{"index":"index","follow":"follow","max-snippet":"max-snippet:-1","max-image-preview":"max-image-preview:large","max-video-preview":"max-video-preview:-1","archive":"noarchive"},"canonical":"https:\/\/optimate1.com\/es\/producto\/om5\/","og_locale":"es_ES","og_type":"article","og_title":"OptiMate 5 12V4A - OptiMate","og_description":"El cargador de bater\u00edas OptiMate 5 se encarga del cuidado continuo de sus bater\u00edas de 12V de capacidad media a grande las 24 horas del d\u00eda.\u00a1Descubra m\u00e1s sobre este producto!","og_url":"https:\/\/optimate1.com\/es\/producto\/om5\/","og_site_name":"OptiMate","article_publisher":"https:\/\/www.facebook.com\/OptiMatebatterysavingcharger\/","article_modified_time":"2026-03-24T14:40:40+00:00","og_image":[{"width":1500,"height":1500,"url":"https:\/\/optimate1.com\/wp-content\/uploads\/2026\/03\/OptiMate-5-Start-Stop-v2-TM22x-11-1.png","type":"image\/png"}],"twitter_card":"summary_large_image","twitter_misc":{"Tiempo de lectura":"2 minutos"},"schema":{"@context":"https:\/\/schema.org","@graph":[{"@type":"WebPage","@id":"https:\/\/optimate1.com\/es\/producto\/om5\/","url":"https:\/\/optimate1.com\/es\/producto\/om5\/","name":"OptiMate 5 12V4A - OptiMate","isPartOf":{"@id":"https:\/\/optimate1.com\/#website"},"primaryImageOfPage":{"@id":"https:\/\/optimate1.com\/es\/producto\/om5\/#primaryimage"},"image":{"@id":"https:\/\/optimate1.com\/es\/producto\/om5\/#primaryimage"},"thumbnailUrl":"https:\/\/optimate1.com\/wp-content\/uploads\/2026\/03\/OptiMate-5-Start-Stop-v2-TM22x-11-1.png","datePublished":"2025-10-14T08:17:27+00:00","dateModified":"2026-03-24T14:40:40+00:00","description":"El cargador de bater\u00edas OptiMate 5 se encarga del cuidado continuo de sus bater\u00edas de 12V de capacidad media a grande las 24 horas del d\u00eda.\u00a1Descubra m\u00e1s sobre este producto!","breadcrumb":{"@id":"https:\/\/optimate1.com\/es\/producto\/om5\/#breadcrumb"},"inLanguage":"es","potentialAction":[{"@type":"ReadAction","target":["https:\/\/optimate1.com\/es\/producto\/om5\/"]}]},{"@type":"ImageObject","inLanguage":"es","@id":"https:\/\/optimate1.com\/es\/producto\/om5\/#primaryimage","url":"https:\/\/optimate1.com\/wp-content\/uploads\/2026\/03\/OptiMate-5-Start-Stop-v2-TM22x-11-1.png","contentUrl":"https:\/\/optimate1.com\/wp-content\/uploads\/2026\/03\/OptiMate-5-Start-Stop-v2-TM22x-11-1.png","width":1500,"height":1500},{"@type":"BreadcrumbList","@id":"https:\/\/optimate1.com\/es\/producto\/om5\/#breadcrumb","itemListElement":[{"@type":"ListItem","position":1,"name":"Home","item":"https:\/\/optimate1.com\/"},{"@type":"ListItem","position":2,"name":"Productos","item":"https:\/\/optimate1.com\/shop\/"},{"@type":"ListItem","position":3,"name":"OptiMate 5 Start\/Stop"}]},{"@type":"WebSite","@id":"https:\/\/optimate1.com\/#website","url":"https:\/\/optimate1.com\/","name":"OptiMate","description":"Battery Chargers &amp; Accessories","publisher":{"@id":"https:\/\/optimate1.com\/#organization"},"potentialAction":[{"@type":"SearchAction","target":{"@type":"EntryPoint","urlTemplate":"https:\/\/optimate1.com\/?s={search_term_string}"},"query-input":{"@type":"PropertyValueSpecification","valueRequired":true,"valueName":"search_term_string"}}],"inLanguage":"es"},{"@type":"Organization","@id":"https:\/\/optimate1.com\/#organization","name":"OptiMate","url":"https:\/\/optimate1.com\/","logo":{"@type":"ImageObject","inLanguage":"es","@id":"https:\/\/optimate1.com\/#\/schema\/logo\/image\/","url":"https:\/\/optimate1.com\/wp-content\/uploads\/2021\/06\/optimate-hpbc-stacklogo.jpg","contentUrl":"https:\/\/optimate1.com\/wp-content\/uploads\/2021\/06\/optimate-hpbc-stacklogo.jpg","width":1025,"height":529,"caption":"OptiMate"},"image":{"@id":"https:\/\/optimate1.com\/#\/schema\/logo\/image\/"},"sameAs":["https:\/\/www.facebook.com\/OptiMatebatterysavingcharger\/"]}]}},"_links":{"self":[{"href":"https:\/\/optimate1.com\/es\/wp-json\/wp\/v2\/product\/39916","targetHints":{"allow":["GET"]}}],"collection":[{"href":"https:\/\/optimate1.com\/es\/wp-json\/wp\/v2\/product"}],"about":[{"href":"https:\/\/optimate1.com\/es\/wp-json\/wp\/v2\/types\/product"}],"wp:featuredmedia":[{"embeddable":true,"href":"https:\/\/optimate1.com\/es\/wp-json\/wp\/v2\/media\/41512"}],"wp:attachment":[{"href":"https:\/\/optimate1.com\/es\/wp-json\/wp\/v2\/media?parent=39916"}],"wp:term":[{"taxonomy":"product_brand","embeddable":true,"href":"https:\/\/optimate1.com\/es\/wp-json\/wp\/v2\/product_brand?post=39916"},{"taxonomy":"product_cat","embeddable":true,"href":"https:\/\/optimate1.com\/es\/wp-json\/wp\/v2\/product_cat?post=39916"},{"taxonomy":"product_tag","embeddable":true,"href":"https:\/\/optimate1.com\/es\/wp-json\/wp\/v2\/product_tag?post=39916"}],"curies":[{"name":"wp","href":"https:\/\/api.w.org\/{rel}","templated":true}]}}