{"id":40709,"date":"2025-11-04T08:06:42","date_gmt":"2025-11-04T13:06:42","guid":{"rendered":"https:\/\/optimate1.com\/product\/optimate-g10-12v-16v\/"},"modified":"2025-12-09T04:29:56","modified_gmt":"2025-12-09T09:29:56","slug":"optimate-g10-12v-16v","status":"publish","type":"product","link":"https:\/\/optimate1.com\/es\/producto\/optimate-g10-12v-16v\/","title":{"rendered":"OptiMate G10 12V\/16V"},"content":{"rendered":"<h6 style=\"text-align: center;\"><strong><span style=\"color: #10069f;\">OptiMate G10 12V\/16V, el cargador de bater\u00edas \u201cracing\u201d m\u00e1s avanzado para bater\u00edas AGM de plomo de 12V y 16V y bater\u00edas de litio LFP de 12.8V\/13.2V y 16V.<\/span><\/strong><\/h6>\n<h6 style=\"text-align: center;\"><img loading=\"lazy\" decoding=\"async\" class=\"aligncenter wp-image-20910\" src=\"https:\/\/optimate1.com\/wp-content\/uploads\/2025\/11\/G10-PRO-Battery-Charger-ICON1-V2.png\" alt=\"optimate pro 1 duo has 3 Selections: select a charge mode for 12V lead-acid OR 12.8V LiFePO4, or PowerSupply mode\" width=\"328\" height=\"70\" \/><\/h6>\n<p>&nbsp;<\/p>\n<h6 style=\"text-align: center;\"><strong><span style=\"color: #10069f;\">4 modos de selecci\u00f3n: 12V AGM, 16V AGM, 12.8V\/13.2V (4s) LFP y 16V (5s) LFP.<\/span><\/strong><\/h6>\n<h6 style=\"text-align: center;\"><img loading=\"lazy\" decoding=\"async\" class=\"aligncenter wp-image-20910\" src=\"https:\/\/optimate1.com\/wp-content\/uploads\/2025\/11\/G10-PRO-Battery-Charger-ICON2-V3.png\" alt=\"optimate pro 1 duo has 3 Selections: select a charge mode for 12V lead-acid OR 12.8V LiFePO4, or PowerSupply mode\" width=\"428\" height=\"70\" \/><\/h6>\n<p>&nbsp;<\/p>\n<h6 style=\"text-align: center;\"><strong><span style=\"color: #10069f;\">El programa FASTcharge carga autom\u00e1ticamente una bater\u00eda parcialmente descargada antes de la carrera con la m\u00e1xima potencia para prepararla r\u00e1pidamente. Una luz verde intermitente confirma que la bater\u00eda est\u00e1 cargada a m\u00e1s del 90% y lista para usar.<\/span><\/strong><\/h6>\n<h6 style=\"text-align: center;\"><img loading=\"lazy\" decoding=\"async\" class=\"aligncenter wp-image-20977\" src=\"https:\/\/optimate1.com\/wp-content\/uploads\/2021\/11\/PRO-battery-activation-copy-1.png\" alt=\"optimate pro 1 duo has automatic fast battery activation\" width=\"428\" height=\"70\" \/><\/h6>\n<p>&nbsp;<\/p>\n<h6 style=\"text-align: center;\"><strong><span style=\"color: #10069f;\">El programa FASTcharge proporciona soporte de bater\u00eda mientras el motor est\u00e1 en marcha.<\/span><\/strong><\/h6>\n<h6 style=\"text-align: center;\"><strong><span style=\"color: #10069f;\"><img loading=\"lazy\" decoding=\"async\" class=\"aligncenter wp-image-20876\" src=\"https:\/\/optimate1.com\/wp-content\/uploads\/2025\/11\/G10-PRO-Battery-Charger-ICON4-V3-copy.png\" alt=\"optimate pro 1 duo has smart recovery mode for deep discharged batteries\" width=\"428\" height=\"70\" \/><\/span><\/strong><\/h6>\n<p>&nbsp;<\/p>\n<h6 style=\"text-align: center;\"><strong><span style=\"color: #10069f;\">El programa DIAGNOSTIC puede recuperar una bater\u00eda completamente descargada desde tan solo 0.5 voltios y puede activarse manualmente si la bater\u00eda est\u00e1 demasiado baja para recibir FASTcharge.<\/span><\/strong><\/h6>\n<h6 style=\"text-align: center;\"><strong><span style=\"color: #10069f;\"><img loading=\"lazy\" decoding=\"async\" class=\"aligncenter wp-image-20660\" src=\"https:\/\/optimate1.com\/wp-content\/uploads\/2025\/11\/G10-PRO-Battery-Charger-ICON5-V2.png\" alt=\"optimate pro 1 duo has a pushbutton activated BMS reset for Lithium batteries\" width=\"428\" height=\"100\" \/><\/span><\/strong><\/h6>\n<p>&nbsp;<\/p>\n<h6 style=\"text-align: center;\"><strong><span style=\"color: #10069f;\">El programa DIAGNOSTIC puede preseleccionarse para una carga Ampmatic controlada de bater\u00edas m\u00e1s peque\u00f1as (menos de 25Ah para AGM y 9Ah para LFP): la corriente de carga se regula autom\u00e1ticamente para adaptarse al tama\u00f1o de la bater\u00eda.<\/span><\/strong><\/h6>\n<h6 style=\"text-align: center;\"><img loading=\"lazy\" decoding=\"async\" class=\"aligncenter wp-image-20910\" src=\"https:\/\/optimate1.com\/wp-content\/uploads\/2025\/11\/G10-PRO-Battery-Charger-ICON6-V2.png\" alt=\"test light indication optimate pro 1 duo\" width=\"428\" height=\"70\" \/><\/h6>\n<p>&nbsp;<\/p>\n<h6 style=\"text-align: center;\"><strong><span style=\"color: #10069f;\">Reinicio BMS activado por bot\u00f3n para bater\u00edas LiFePO4 de 12.8V \/ 13.2V \/ 16V con protecci\u00f3n contra bajo voltaje \/ descarga profunda reiniciable.<\/span><\/strong><\/h6>\n<h6 style=\"text-align: center;\"><img loading=\"lazy\" decoding=\"async\" class=\"aligncenter wp-image-20977\" src=\"https:\/\/optimate1.com\/wp-content\/uploads\/2021\/11\/BMS-reset-copy-01.png\" alt=\"PowerSupply mode for vehicle tuning\" width=\"428\" height=\"70\" \/><\/h6>\n<p>&nbsp;<\/p>\n<h6 style=\"text-align: center;\"><strong><span style=\"color: #10069f;\">El voltaje de carga AGM (Pb) est\u00e1 ajustado para bater\u00edas AGM de alta calidad que requieren un voltaje de 2.45V por celda: 14.7V para AGM de 12V y 19.6V para AGM de 16V.<\/span><\/strong><\/h6>\n<h6 style=\"text-align: center;\"><img loading=\"lazy\" decoding=\"async\" class=\"aligncenter wp-image-20977\" src=\"https:\/\/optimate1.com\/wp-content\/uploads\/2025\/11\/G10-PRO-Battery-Charger-ICON8-V2-copy.png\" alt=\"PowerSupply mode for vehicle tuning\" width=\"428\" height=\"70\" \/><\/h6>\n<p>&nbsp;<\/p>\n<h6 style=\"text-align: center;\"><strong><span style=\"color: #10069f;\">El voltaje de carga LFP est\u00e1 ajustado para bater\u00edas LiFePO4 que requieren 3.6V por celda: 14.4V para 12.8V\/13.2V (4s) y 18V para 16V (5s).<\/span><\/strong><\/h6>\n<h6 style=\"text-align: center;\"><img loading=\"lazy\" decoding=\"async\" class=\"aligncenter wp-image-20977\" src=\"https:\/\/optimate1.com\/wp-content\/uploads\/2025\/11\/G10-PRO-Battery-Charger-ICON9-V3.png\" alt=\"PowerSupply mode for vehicle tuning\" width=\"428\" height=\"70\" \/><\/h6>\n<p>&nbsp;<\/p>\n<h6 style=\"text-align: center;\"><strong><span style=\"color: #10069f;\">Conexi\u00f3n a la bater\u00eda mediante adaptador SB-50 (gris y rojo) o pinzas para bater\u00eda, cada una protegida con un fusible de 25A.<\/span><\/strong><\/h6>\n<h6 style=\"text-align: center;\"><img loading=\"lazy\" decoding=\"async\" class=\"aligncenter wp-image-20977\" src=\"https:\/\/optimate1.com\/wp-content\/uploads\/2025\/11\/G10-PRO-Battery-Charger-ICON10-V2.png\" alt=\"PowerSupply mode for vehicle tuning\" width=\"428\" height=\"70\" \/><\/h6>\n<p>&nbsp;<\/p>\n<h4 style=\"text-align: center;\"><strong><span style=\"text-decoration: underline;\">M\u00c1S CARACTER\u00cdSTICAS:<\/span><\/strong><\/h4>\n<p style=\"text-align: center;\">\n<table id=\"tablepress-700\" class=\"tablepress tablepress-id-700\">\n<tbody class=\"row-hover\">\n<tr class=\"row-1\">\n\t<td class=\"column-1\"><a href=\"\"><img loading=\"lazy\" decoding=\"async\" src=\"https:\/\/optimate1.com\/wp-content\/uploads\/2023\/11\/50-60hz.png\" alt=\"\" width=\"300\" height=\"50\" class=\"aligncenter size-medium wp-image-20928\" \/><\/a><body><h6><center>Entrada global: 100-240V, 50-60Hz.<\/center><\/h6><\/body><\/td>\n<\/tr>\n<tr class=\"row-2\">\n\t<td class=\"column-1\"><a href=\"\"><img loading=\"lazy\" decoding=\"async\" src=\"https:\/\/optimate1.com\/wp-content\/uploads\/2021\/11\/AC-power-socket-copy-01.png\" alt=\"\" width=\"300\" height=\"50\" class=\"aligncenter size-medium wp-image-20995\" \/><\/a><body><h6><center>Toma de alimentaci\u00f3n AC para cables de Clase 2.<\/center><\/h6><\/body><\/td>\n<\/tr>\n<tr class=\"row-3\">\n\t<td class=\"column-1\"><a href=\"\"><img loading=\"lazy\" decoding=\"async\" src=\"https:\/\/optimate1.com\/wp-content\/uploads\/2021\/11\/CE-certification-x-01-2.png\" alt=\"\" width=\"300\" height=\"50\" class=\"aligncenter size-medium wp-image-20982\" \/><\/a><body><h6><center>Certificaciones: CE, UKCA, NRTL (UL y CSA), PSE (Jap\u00f3n), SAA (Australia y Nueva Zelanda), que garantizan la seguridad, el rendimiento y la fiabilidad del producto a nivel mundial.<\/center><\/h6><\/body><\/td>\n<\/tr>\n<tr class=\"row-4\">\n\t<td class=\"column-1\"><a href=\"\"><img loading=\"lazy\" decoding=\"async\" src=\"https:\/\/optimate1.com\/wp-content\/uploads\/2021\/11\/PRO-hooks-copy-2-x-01.png\" alt=\"\" width=\"300\" height=\"50\" class=\"aligncenter size-medium wp-image-20993\" \/><\/a><body><h6><center>Uso port\u00e1til: incluye gancho de suspensi\u00f3n para veh\u00edculo y soporte de pared.<\/center><\/h6><\/body><\/td>\n<\/tr>\n<\/tbody>\n<\/table>\n<!-- #tablepress-700 from cache --><\/p>\n","protected":false},"excerpt":{"rendered":"<h3><span style=\"color: #231f20;\">Serie PRO: cargador de bater\u00edas 12V 10A \/ 16V 8A para bater\u00edas AGM de plomo de alto rendimiento y bater\u00edas de litio LFP<\/span><\/h3>\n","protected":false},"featured_media":40733,"template":"","meta":[],"product_brand":[],"product_cat":[437],"product_tag":[],"class_list":{"0":"post-40709","1":"product","2":"type-product","3":"status-publish","4":"has-post-thumbnail","6":"product_cat-battery-chargers-es","7":"pa_charge-battery-chemistry-pb-agm-gel-std-lead-acid-es","8":"pa_charge-battery-more-12v-es","9":"pa_charge-battery-more-motocicleta-vehiculo-todo-terreno","10":"pa_charge-battery-more-utv-sxs-cruiser-es","11":"pa_power-ac-100-240vac-es","12":"pa_product-group-optimate-7-es","13":"pa_region-ca-es-2","14":"pa_region-eu-es-2","15":"pa_region-uk-es-2","16":"pa_region-us-es-2","17":"iside_voltage-12-es","18":"iside_voltage-16-es","19":"iside_ampere-9-9-es","20":"iside_vehicle-coche-de-alto-rendimiento-coche-de-carreras","21":"iside_charger_series-pro-professional-es","22":"iside_charger_features-ajustar-el-voltaje-a-la-temperatura-para-pb","23":"iside_charger_features-ajustar-la-corriente-a-la-temperatura-para-lfp","24":"iside_charger_features-cargar-baterias-agm-lfp-racing","25":"iside_charger_features-mantenimiento","26":"iside_charger_features-mantenimiento-seguro-de-la-bateria-24-horas-7","27":"iside_charger_features-save-sulphated-pb-lead-acid-es","28":"iside_charger_features-save-low-volt-reset-bms-lithium-lfp-es","29":"iside_charger_features-restablecimiento-de-bms-para-bateria-lfp","30":"iside_charger_type-single-es","31":"iside_battery_voltage-12-8v-13-2v","32":"iside_battery_voltage-12v-es","33":"iside_battery_voltage-16v-es","34":"iside_battery_chemistry-lfp-lifepo4-lithium-ion-es","35":"iside_battery_chemistry-pb-lead-acid-es","36":"battery_charger_current-7-10a-es","37":"battery_charger_current-ampmatic-1-to-10a-es","38":"thunk-woo-product-list","39":"opn-qv-enable","40":"big-store-woo-hover-","41":"open-single-product-tab-horizontal","42":"open-shadow-","43":"open-shadow-hover-","45":"first","46":"instock","47":"shipping-taxable","48":"purchasable","49":"product-type-simple"},"yoast_head":"<!-- This site is optimized with the Yoast SEO plugin v27.2 - https:\/\/yoast.com\/product\/yoast-seo-wordpress\/ -->\n<title>OptiMate G10 12V\/16V - OptiMate<\/title>\n<meta name=\"description\" content=\"OptiMate G10 12V\/16V es el cargador de bater\u00edas \u201cracing\u201d m\u00e1s avanzado para bater\u00edas AGM de plomo de 12V y 16V y bater\u00edas de litio LFP de 12.8V\/13.2V y 16V. M\u00e1s informaci\u00f3n.\" \/>\n<meta name=\"robots\" content=\"index, follow, max-snippet:-1, max-image-preview:large, max-video-preview:-1, noarchive\" \/>\n<link rel=\"canonical\" href=\"https:\/\/optimate1.com\/product\/tm651\/\" \/>\n<meta property=\"og:locale\" content=\"es_ES\" \/>\n<meta property=\"og:type\" content=\"article\" \/>\n<meta property=\"og:title\" content=\"OptiMate G10 12V\/16V - OptiMate\" \/>\n<meta property=\"og:description\" content=\"OptiMate G10 12V\/16V es el cargador de bater\u00edas \u201cracing\u201d m\u00e1s avanzado para bater\u00edas AGM de plomo de 12V y 16V y bater\u00edas de litio LFP de 12.8V\/13.2V y 16V. M\u00e1s informaci\u00f3n.\" \/>\n<meta property=\"og:url\" content=\"https:\/\/optimate1.com\/product\/tm651\/\" \/>\n<meta property=\"og:site_name\" content=\"OptiMate\" \/>\n<meta property=\"article:publisher\" content=\"https:\/\/www.facebook.com\/OptiMatebatterysavingcharger\/\" \/>\n<meta property=\"article:modified_time\" content=\"2025-12-09T09:29:56+00:00\" \/>\n<meta property=\"og:image\" content=\"https:\/\/optimate1.com\/wp-content\/uploads\/2025\/12\/OptiMate-PRO-1-TM651-12-copy-1024x1024.png\" \/>\n\t<meta property=\"og:image:width\" content=\"1024\" \/>\n\t<meta property=\"og:image:height\" content=\"1024\" \/>\n\t<meta property=\"og:image:type\" content=\"image\/png\" \/>\n<meta name=\"twitter:card\" content=\"summary_large_image\" \/>\n<meta name=\"twitter:label1\" content=\"Tiempo de lectura\" \/>\n\t<meta name=\"twitter:data1\" content=\"4 minutos\" \/>\n<script type=\"application\/ld+json\" class=\"yoast-schema-graph\">{\"@context\":\"https:\/\/schema.org\",\"@graph\":[{\"@type\":\"WebPage\",\"@id\":\"https:\/\/optimate1.com\/product\/tm651\/\",\"url\":\"https:\/\/optimate1.com\/product\/tm651\/\",\"name\":\"OptiMate G10 12V\/16V - OptiMate\",\"isPartOf\":{\"@id\":\"https:\/\/optimate1.com\/#website\"},\"primaryImageOfPage\":{\"@id\":\"https:\/\/optimate1.com\/product\/tm651\/#primaryimage\"},\"image\":{\"@id\":\"https:\/\/optimate1.com\/product\/tm651\/#primaryimage\"},\"thumbnailUrl\":\"https:\/\/optimate1.com\/wp-content\/uploads\/2025\/12\/OptiMate-PRO-1-TM651-12-copy.png\",\"datePublished\":\"2025-11-04T13:06:42+00:00\",\"dateModified\":\"2025-12-09T09:29:56+00:00\",\"description\":\"OptiMate G10 12V\/16V es el cargador de bater\u00edas \u201cracing\u201d m\u00e1s avanzado para bater\u00edas AGM de plomo de 12V y 16V y bater\u00edas de litio LFP de 12.8V\/13.2V y 16V. M\u00e1s informaci\u00f3n.\",\"breadcrumb\":{\"@id\":\"https:\/\/optimate1.com\/product\/tm651\/#breadcrumb\"},\"inLanguage\":\"es\",\"potentialAction\":[{\"@type\":\"ReadAction\",\"target\":[\"https:\/\/optimate1.com\/product\/tm651\/\"]}]},{\"@type\":\"ImageObject\",\"inLanguage\":\"es\",\"@id\":\"https:\/\/optimate1.com\/product\/tm651\/#primaryimage\",\"url\":\"https:\/\/optimate1.com\/wp-content\/uploads\/2025\/12\/OptiMate-PRO-1-TM651-12-copy.png\",\"contentUrl\":\"https:\/\/optimate1.com\/wp-content\/uploads\/2025\/12\/OptiMate-PRO-1-TM651-12-copy.png\",\"width\":1500,\"height\":1500},{\"@type\":\"BreadcrumbList\",\"@id\":\"https:\/\/optimate1.com\/product\/tm651\/#breadcrumb\",\"itemListElement\":[{\"@type\":\"ListItem\",\"position\":1,\"name\":\"Home\",\"item\":\"https:\/\/optimate1.com\/\"},{\"@type\":\"ListItem\",\"position\":2,\"name\":\"Productos\",\"item\":\"https:\/\/optimate1.com\/shop\/\"},{\"@type\":\"ListItem\",\"position\":3,\"name\":\"OptiMate G10 12V\/16V\"}]},{\"@type\":\"WebSite\",\"@id\":\"https:\/\/optimate1.com\/#website\",\"url\":\"https:\/\/optimate1.com\/\",\"name\":\"OptiMate\",\"description\":\"Battery Chargers &amp; Accessories\",\"publisher\":{\"@id\":\"https:\/\/optimate1.com\/#organization\"},\"potentialAction\":[{\"@type\":\"SearchAction\",\"target\":{\"@type\":\"EntryPoint\",\"urlTemplate\":\"https:\/\/optimate1.com\/?s={search_term_string}\"},\"query-input\":{\"@type\":\"PropertyValueSpecification\",\"valueRequired\":true,\"valueName\":\"search_term_string\"}}],\"inLanguage\":\"es\"},{\"@type\":\"Organization\",\"@id\":\"https:\/\/optimate1.com\/#organization\",\"name\":\"OptiMate\",\"url\":\"https:\/\/optimate1.com\/\",\"logo\":{\"@type\":\"ImageObject\",\"inLanguage\":\"es\",\"@id\":\"https:\/\/optimate1.com\/#\/schema\/logo\/image\/\",\"url\":\"https:\/\/optimate1.com\/wp-content\/uploads\/2021\/06\/optimate-hpbc-stacklogo.jpg\",\"contentUrl\":\"https:\/\/optimate1.com\/wp-content\/uploads\/2021\/06\/optimate-hpbc-stacklogo.jpg\",\"width\":1025,\"height\":529,\"caption\":\"OptiMate\"},\"image\":{\"@id\":\"https:\/\/optimate1.com\/#\/schema\/logo\/image\/\"},\"sameAs\":[\"https:\/\/www.facebook.com\/OptiMatebatterysavingcharger\/\"]}]}<\/script>\n<!-- \/ Yoast SEO plugin. -->","yoast_head_json":{"title":"OptiMate G10 12V\/16V - OptiMate","description":"OptiMate G10 12V\/16V es el cargador de bater\u00edas \u201cracing\u201d m\u00e1s avanzado para bater\u00edas AGM de plomo de 12V y 16V y bater\u00edas de litio LFP de 12.8V\/13.2V y 16V. M\u00e1s informaci\u00f3n.","robots":{"index":"index","follow":"follow","max-snippet":"max-snippet:-1","max-image-preview":"max-image-preview:large","max-video-preview":"max-video-preview:-1","archive":"noarchive"},"canonical":"https:\/\/optimate1.com\/product\/tm651\/","og_locale":"es_ES","og_type":"article","og_title":"OptiMate G10 12V\/16V - OptiMate","og_description":"OptiMate G10 12V\/16V es el cargador de bater\u00edas \u201cracing\u201d m\u00e1s avanzado para bater\u00edas AGM de plomo de 12V y 16V y bater\u00edas de litio LFP de 12.8V\/13.2V y 16V. M\u00e1s informaci\u00f3n.","og_url":"https:\/\/optimate1.com\/product\/tm651\/","og_site_name":"OptiMate","article_publisher":"https:\/\/www.facebook.com\/OptiMatebatterysavingcharger\/","article_modified_time":"2025-12-09T09:29:56+00:00","og_image":[{"width":1024,"height":1024,"url":"https:\/\/optimate1.com\/wp-content\/uploads\/2025\/12\/OptiMate-PRO-1-TM651-12-copy-1024x1024.png","type":"image\/png"}],"twitter_card":"summary_large_image","twitter_misc":{"Tiempo de lectura":"4 minutos"},"schema":{"@context":"https:\/\/schema.org","@graph":[{"@type":"WebPage","@id":"https:\/\/optimate1.com\/product\/tm651\/","url":"https:\/\/optimate1.com\/product\/tm651\/","name":"OptiMate G10 12V\/16V - OptiMate","isPartOf":{"@id":"https:\/\/optimate1.com\/#website"},"primaryImageOfPage":{"@id":"https:\/\/optimate1.com\/product\/tm651\/#primaryimage"},"image":{"@id":"https:\/\/optimate1.com\/product\/tm651\/#primaryimage"},"thumbnailUrl":"https:\/\/optimate1.com\/wp-content\/uploads\/2025\/12\/OptiMate-PRO-1-TM651-12-copy.png","datePublished":"2025-11-04T13:06:42+00:00","dateModified":"2025-12-09T09:29:56+00:00","description":"OptiMate G10 12V\/16V es el cargador de bater\u00edas \u201cracing\u201d m\u00e1s avanzado para bater\u00edas AGM de plomo de 12V y 16V y bater\u00edas de litio LFP de 12.8V\/13.2V y 16V. M\u00e1s informaci\u00f3n.","breadcrumb":{"@id":"https:\/\/optimate1.com\/product\/tm651\/#breadcrumb"},"inLanguage":"es","potentialAction":[{"@type":"ReadAction","target":["https:\/\/optimate1.com\/product\/tm651\/"]}]},{"@type":"ImageObject","inLanguage":"es","@id":"https:\/\/optimate1.com\/product\/tm651\/#primaryimage","url":"https:\/\/optimate1.com\/wp-content\/uploads\/2025\/12\/OptiMate-PRO-1-TM651-12-copy.png","contentUrl":"https:\/\/optimate1.com\/wp-content\/uploads\/2025\/12\/OptiMate-PRO-1-TM651-12-copy.png","width":1500,"height":1500},{"@type":"BreadcrumbList","@id":"https:\/\/optimate1.com\/product\/tm651\/#breadcrumb","itemListElement":[{"@type":"ListItem","position":1,"name":"Home","item":"https:\/\/optimate1.com\/"},{"@type":"ListItem","position":2,"name":"Productos","item":"https:\/\/optimate1.com\/shop\/"},{"@type":"ListItem","position":3,"name":"OptiMate G10 12V\/16V"}]},{"@type":"WebSite","@id":"https:\/\/optimate1.com\/#website","url":"https:\/\/optimate1.com\/","name":"OptiMate","description":"Battery Chargers &amp; Accessories","publisher":{"@id":"https:\/\/optimate1.com\/#organization"},"potentialAction":[{"@type":"SearchAction","target":{"@type":"EntryPoint","urlTemplate":"https:\/\/optimate1.com\/?s={search_term_string}"},"query-input":{"@type":"PropertyValueSpecification","valueRequired":true,"valueName":"search_term_string"}}],"inLanguage":"es"},{"@type":"Organization","@id":"https:\/\/optimate1.com\/#organization","name":"OptiMate","url":"https:\/\/optimate1.com\/","logo":{"@type":"ImageObject","inLanguage":"es","@id":"https:\/\/optimate1.com\/#\/schema\/logo\/image\/","url":"https:\/\/optimate1.com\/wp-content\/uploads\/2021\/06\/optimate-hpbc-stacklogo.jpg","contentUrl":"https:\/\/optimate1.com\/wp-content\/uploads\/2021\/06\/optimate-hpbc-stacklogo.jpg","width":1025,"height":529,"caption":"OptiMate"},"image":{"@id":"https:\/\/optimate1.com\/#\/schema\/logo\/image\/"},"sameAs":["https:\/\/www.facebook.com\/OptiMatebatterysavingcharger\/"]}]}},"_links":{"self":[{"href":"https:\/\/optimate1.com\/es\/wp-json\/wp\/v2\/product\/40709","targetHints":{"allow":["GET"]}}],"collection":[{"href":"https:\/\/optimate1.com\/es\/wp-json\/wp\/v2\/product"}],"about":[{"href":"https:\/\/optimate1.com\/es\/wp-json\/wp\/v2\/types\/product"}],"wp:featuredmedia":[{"embeddable":true,"href":"https:\/\/optimate1.com\/es\/wp-json\/wp\/v2\/media\/40733"}],"wp:attachment":[{"href":"https:\/\/optimate1.com\/es\/wp-json\/wp\/v2\/media?parent=40709"}],"wp:term":[{"taxonomy":"product_brand","embeddable":true,"href":"https:\/\/optimate1.com\/es\/wp-json\/wp\/v2\/product_brand?post=40709"},{"taxonomy":"product_cat","embeddable":true,"href":"https:\/\/optimate1.com\/es\/wp-json\/wp\/v2\/product_cat?post=40709"},{"taxonomy":"product_tag","embeddable":true,"href":"https:\/\/optimate1.com\/es\/wp-json\/wp\/v2\/product_tag?post=40709"}],"curies":[{"name":"wp","href":"https:\/\/api.w.org\/{rel}","templated":true}]}}