{"id":40939,"date":"2025-11-25T04:26:17","date_gmt":"2025-11-25T09:26:17","guid":{"rendered":"https:\/\/optimate1.com\/product\/optimate-6-select-v2\/"},"modified":"2025-12-23T03:47:12","modified_gmt":"2025-12-23T08:47:12","slug":"optimate-6-select-v2","status":"publish","type":"product","link":"https:\/\/optimate1.com\/es\/producto\/optimate-6-select-v2\/","title":{"rendered":"OptiMate 6 Select (v2)"},"content":{"rendered":"<h6 style=\"text-align: center;\"><strong><span style=\"color: #10069f;\">OptiMate 6 Select (versi\u00f3n 2) es el cargador de bater\u00edas 12V definitivo, capaz de recuperar, cargar, comprobar y mantener cualquier tipo de bater\u00eda 12V <\/span><\/strong><strong>\u2013 <\/strong><span style=\"color: #10069f;\"><i>Pb (plomo \u00e1cido), AGM y litio LFP.<\/i><\/span><\/h6>\n<h6 style=\"text-align: center;\"><strong><span style=\"color: #10069f;\"><img loading=\"lazy\" decoding=\"async\" class=\"aligncenter wp-image-20665\" src=\"https:\/\/optimate1.com\/wp-content\/uploads\/2020\/12\/vehicles_TM250-01.png\" alt=\"El cargador de bater\u00edas OptiMate 6 est\u00e1 recomendado para bater\u00edas de coches deportivos, veh\u00edculos 4x4, tractores, autocaravanas, aplicaciones marinas y motocicletas.\" width=\"428\" height=\"70\" \/><\/span><\/strong><\/h6>\n<p>&nbsp;<\/p>\n<h6 style=\"text-align: center;\"><strong><span style=\"color: #10069f;\">Tres modos de bater\u00eda garantizan que cualquier bater\u00eda de arranque o auxiliar del veh\u00edculo reciba la tensi\u00f3n y el m\u00e9todo de carga correctos: <\/span><\/strong><\/h6>\n<h6 style=\"text-align: center;\"><strong><span style=\"color: #10069f;\">Pb: 14.4V para bater\u00edas de plomo \u00e1cido STD (l\u00edquidas \/ EFB \/ GEL),<br \/>\nAGM: 14.7V para bater\u00edas AGM premium<br \/>\nLFP: 14.3V para bater\u00edas de litio basadas en LiFePO4<\/span><\/strong><\/h6>\n<h6 style=\"text-align: center;\"><span style=\"color: #10069f;\"><i>La selecci\u00f3n del modo permanece en la memoria incluso si se interrumpe la alimentaci\u00f3n AC.<\/i><\/span><\/h6>\n<h6 style=\"text-align: center;\"><img loading=\"lazy\" decoding=\"async\" class=\"aligncenter wp-image-20910\" src=\"https:\/\/optimate1.com\/wp-content\/uploads\/2025\/11\/TM370-v2-selections-copy.png\" alt=\"Con el cargador OptiMate 6 puede seleccionar la tensi\u00f3n de carga de 14.4V para la mayor\u00eda de las bater\u00edas o 14.7V para bater\u00edas AGM premium, o seleccionar el modo de soporte Power Supply.\" width=\"428\" height=\"70\" \/><\/h6>\n<p>&nbsp;<\/p>\n<h6 style=\"text-align: center;\"><strong><span style=\"color: #10069f;\">El modo Service proporciona soporte constante a la bater\u00eda, ideal para la puesta a punto del veh\u00edculo, diagn\u00f3stico y resoluci\u00f3n de aver\u00edas o para uso en showroom.<\/span><\/strong><\/h6>\n<h6 style=\"text-align: center;\"><img loading=\"lazy\" decoding=\"async\" class=\"aligncenter wp-image-20977\" src=\"https:\/\/optimate1.com\/wp-content\/uploads\/2020\/12\/TUNE-power-supplyx2-300x49.png\" alt=\"El modo Power Supply del OptiMate 6 Select proporciona alimentaci\u00f3n constante para la puesta a punto del veh\u00edculo, diagn\u00f3stico y resoluci\u00f3n de aver\u00edas.\" width=\"428\" height=\"70\" srcset=\"https:\/\/optimate1.com\/wp-content\/uploads\/2020\/12\/TUNE-power-supplyx2-300x49.png 300w, https:\/\/optimate1.com\/wp-content\/uploads\/2020\/12\/TUNE-power-supplyx2-600x98.png 600w, https:\/\/optimate1.com\/wp-content\/uploads\/2020\/12\/TUNE-power-supplyx2-64x10.png 64w, https:\/\/optimate1.com\/wp-content\/uploads\/2020\/12\/TUNE-power-supplyx2-768x126.png 768w, https:\/\/optimate1.com\/wp-content\/uploads\/2020\/12\/TUNE-power-supplyx2.png 856w\" sizes=\"auto, (max-width: 428px) 100vw, 428px\" \/><\/h6>\n<p>&nbsp;<\/p>\n<h6 style=\"text-align: center;\"><strong><span style=\"color: #10069f;\">Una vez conectado, el programa autom\u00e1tico de m\u00faltiples etapas lleva la bater\u00eda de forma segura a la carga completa. <\/span><\/strong><i><span style=\"color: #10069f;\">Conecte la bater\u00eda y OptiMate 6 Select se encarga del resto, sin necesidad de supervisi\u00f3n.<\/span><\/i><\/h6>\n<h6 style=\"text-align: center;\"><img loading=\"lazy\" decoding=\"async\" class=\"aligncenter wp-image-20876\" src=\"https:\/\/optimate1.com\/wp-content\/uploads\/2020\/12\/connect-save-charge-optimize-maintain-200.png\" alt=\"Programa autom\u00e1tico de m\u00faltiples etapas para cargar la bater\u00eda de forma segura hasta la carga completa.\" width=\"428\" height=\"70\" \/><\/h6>\n<p>&nbsp;<\/p>\n<h6 style=\"text-align: center;\"><strong><span style=\"color: #10069f;\">El modo OptiMate SAVE, espec\u00edfico seg\u00fan el modo y el tipo de bater\u00eda, recupera de forma segura* y autom\u00e1tica una bater\u00eda completamente descargada desde tensiones tan bajas como 0.5 voltios. <\/span><\/strong><\/h6>\n<h6 style=\"text-align: center;\"><i><span style=\"color: #10069f;\">*Pb y AGM: aplica un modo de recuperaci\u00f3n seguro para el veh\u00edculo si la bater\u00eda se detecta instalada en el veh\u00edculo.<br \/>\n*LFP: comprueba la bater\u00eda para asegurar que las celdas se recuperan correctamente. Si no es as\u00ed, detiene la carga para evitar el sobrecalentamiento de una bater\u00eda da\u00f1ada. <\/span><\/i><\/h6>\n<h6 style=\"text-align: center;\"><img loading=\"lazy\" decoding=\"async\" class=\"aligncenter wp-image-20977\" src=\"https:\/\/optimate1.com\/wp-content\/uploads\/2025\/11\/Safely-save-pb-and-lfp-copy-1.png\" alt=\"El modo Power Supply del OptiMate 6 Select proporciona alimentaci\u00f3n constante para la puesta a punto del veh\u00edculo, diagn\u00f3stico y resoluci\u00f3n de aver\u00edas.\" width=\"528\" height=\"70\" \/><\/h6>\n<p>&nbsp;<\/p>\n<h6 style=\"text-align: center;\"><strong><span style=\"color: #10069f;\">Las bater\u00edas de litio con protecci\u00f3n inteligente contra descarga, que apaga la bater\u00eda cuando la tensi\u00f3n es demasiado baja, pueden restablecerse manualmente. <\/span><\/strong><i><span style=\"color: #10069f;\">Con LFP seleccionado, pulse el bot\u00f3n durante 3 segundos para activar el modo de reinicio BMS.<\/span><\/i><\/h6>\n<h6 style=\"text-align: center;\"><img loading=\"lazy\" decoding=\"async\" class=\"aligncenter wp-image-20910\" src=\"https:\/\/optimate1.com\/wp-content\/uploads\/2021\/11\/BMS-reset-01.png\" alt=\"sistema de gesti\u00f3n de bater\u00eda bms del cargador de bater\u00edas OptiMate de litio\" width=\"428\" height=\"70\" \/><\/h6>\n<p>&nbsp;<\/p>\n<h6 style=\"text-align: center;\"><strong><span style=\"color: #10069f;\">La prueba de bater\u00eda durante la carga detecta una bater\u00eda da\u00f1ada y, tras la carga, indica c\u00f3mo mantiene la carga la bater\u00eda.<\/span><\/strong><\/h6>\n<h6 style=\"text-align: center;\"><img loading=\"lazy\" decoding=\"async\" class=\"aligncenter wp-image-20977\" src=\"https:\/\/optimate1.com\/wp-content\/uploads\/2025\/11\/TEST-lights-TM370-v2-copy.png\" alt=\"El modo Power Supply del OptiMate 6 Select proporciona alimentaci\u00f3n constante para la puesta a punto del veh\u00edculo, diagn\u00f3stico y resoluci\u00f3n de aver\u00edas.\" width=\"528\" height=\"70\" \/><\/h6>\n<p>&nbsp;<\/p>\n<p>&nbsp;<\/p>\n<h4 style=\"text-align: center;\"><strong><span style=\"text-decoration: underline;\">M\u00c1S FUNCIONES:<\/span><\/strong><\/h4>\n<p style=\"text-align: center;\">\n<table id=\"tablepress-693\" class=\"tablepress tablepress-id-693\">\n<tbody class=\"row-hover\">\n<tr class=\"row-1\">\n\t<td class=\"column-1\"><a href=\"\"><img loading=\"lazy\" decoding=\"async\" src=\"https:\/\/optimate1.com\/wp-content\/uploads\/2023\/09\/2DUO-batteries-copy-3.png\" alt=\"\" width=\"300\" height=\"50\" class=\"aligncenter size-medium wp-image-20927\" \/><\/a><body><h6><center>For lead-acid (Pb) 12V automotive starter (SLI) including STD (with filler caps), AGM, GEL (sealed VRLA) &amp; EFB and 4-cell LFP (LiFePO4) 12.8V\/13.2V lithium batteries.<\/body><\/h6><\/center><\/td>\n<\/tr>\n<tr class=\"row-2\">\n\t<td class=\"column-1\"><a href=\"\"><img loading=\"lazy\" decoding=\"async\" src=\"https:\/\/optimate1.com\/wp-content\/uploads\/2020\/12\/Ampmatic-SFL200.png\" alt=\"\" width=\"300\" height=\"50\" class=\"aligncenter size-medium wp-image-20927\" \/><\/a><body><h6><center>Automatically adjusts current to match battery size and condition.<\/body><\/h6><\/center><\/td>\n<\/tr>\n<tr class=\"row-3\">\n\t<td class=\"column-1\"><a href=\"\"><img loading=\"lazy\" decoding=\"async\" src=\"https:\/\/optimate1.com\/wp-content\/uploads\/2020\/12\/Ambient-SFL200-1.png\" alt=\"\" width=\"300\" height=\"50\" class=\"aligncenter size-medium wp-image-20928\" \/><\/a><body><h6><center>Temperature compensation: Voltage is adjusted higher when colder, or lower when hotter. LFP: Current is adjusted lower if outside safe charging temperature.<\/body><\/h6><\/center><\/td>\n<\/tr>\n<tr class=\"row-4\">\n\t<td class=\"column-1\"><a href=\"\"><img loading=\"lazy\" decoding=\"async\" src=\"https:\/\/optimate1.com\/wp-content\/uploads\/2025\/11\/SAFE-connect.png\" alt=\"\" width=\"300\" height=\"50\" class=\"aligncenter size-medium wp-image-20995\" \/><\/a><body><h6><center>Safe to leave connected. Full electronic protection.<\/body><\/h6><\/center><\/td>\n<\/tr>\n<tr class=\"row-5\">\n\t<td class=\"column-1\"><a href=\"\"><img loading=\"lazy\" decoding=\"async\" src=\"https:\/\/optimate1.com\/wp-content\/uploads\/2020\/12\/24-7-x2-300x49.png\" alt=\"\" width=\"300\" height=\"50\" class=\"aligncenter size-medium wp-image-20982\" srcset=\"https:\/\/optimate1.com\/wp-content\/uploads\/2020\/12\/24-7-x2-300x49.png 300w, https:\/\/optimate1.com\/wp-content\/uploads\/2020\/12\/24-7-x2-600x98.png 600w, https:\/\/optimate1.com\/wp-content\/uploads\/2020\/12\/24-7-x2-64x10.png 64w, https:\/\/optimate1.com\/wp-content\/uploads\/2020\/12\/24-7-x2-768x126.png 768w, https:\/\/optimate1.com\/wp-content\/uploads\/2020\/12\/24-7-x2.png 856w\" sizes=\"auto, (max-width: 300px) 100vw, 300px\" \/><\/a><body><h6><center>Connect &amp; forget, no supervision required! Maintains battery at correct charge and good health.<\/center><\/h6><\/body><\/td>\n<\/tr>\n<tr class=\"row-6\">\n\t<td class=\"column-1\"><a href=\"\"><img loading=\"lazy\" decoding=\"async\" src=\"https:\/\/optimate1.com\/wp-content\/uploads\/2020\/12\/SAVE-dead-battery-x2-300x49.png\" alt=\"\" width=\"300\" height=\"50\" class=\"aligncenter size-medium wp-image-20993\" srcset=\"https:\/\/optimate1.com\/wp-content\/uploads\/2020\/12\/SAVE-dead-battery-x2-300x49.png 300w, https:\/\/optimate1.com\/wp-content\/uploads\/2020\/12\/SAVE-dead-battery-x2-64x10.png 64w, https:\/\/optimate1.com\/wp-content\/uploads\/2020\/12\/SAVE-dead-battery-x2.png 428w\" sizes=\"auto, (max-width: 300px) 100vw, 300px\" \/><\/a><body><h6><center>Saves your \u2018dead\u2019 battery from as low as 0.5V.<\/body><\/h6><\/center><\/td>\n<\/tr>\n<tr class=\"row-7\">\n\t<td class=\"column-1\"><a href=\"\"><img loading=\"lazy\" decoding=\"async\" src=\"https:\/\/optimate1.com\/wp-content\/uploads\/2020\/12\/state-of-health-test-3-LEDx2-300x49.png\" alt=\"\" width=\"300\" height=\"50\" class=\"aligncenter size-medium wp-image-20985\" srcset=\"https:\/\/optimate1.com\/wp-content\/uploads\/2020\/12\/state-of-health-test-3-LEDx2-300x49.png 300w, https:\/\/optimate1.com\/wp-content\/uploads\/2020\/12\/state-of-health-test-3-LEDx2-600x98.png 600w, https:\/\/optimate1.com\/wp-content\/uploads\/2020\/12\/state-of-health-test-3-LEDx2-64x10.png 64w, https:\/\/optimate1.com\/wp-content\/uploads\/2020\/12\/state-of-health-test-3-LEDx2-768x126.png 768w, https:\/\/optimate1.com\/wp-content\/uploads\/2020\/12\/state-of-health-test-3-LEDx2.png 856w\" sizes=\"auto, (max-width: 300px) 100vw, 300px\" \/><\/a><body><h6><center>Tests battery state of health.<\/body><\/h6><\/center><\/td>\n<\/tr>\n<tr class=\"row-8\">\n\t<td class=\"column-1\"><a href=\"\"><img loading=\"lazy\" decoding=\"async\" src=\"https:\/\/optimate1.com\/wp-content\/uploads\/2020\/12\/green-technology-hx2-1-300x49.png\" alt=\"\" width=\"300\" height=\"50\" class=\"aligncenter size-medium wp-image-20983\" \/><\/a><body><h6><center>50% less energy, 50% lower cost.<br \/>\n<strong>\u221a<\/strong> Power Factor Correction<br \/>\n<strong>\u221a<\/strong> Synchronous Rectification<\/body><\/h6><\/center><\/td>\n<\/tr>\n<tr class=\"row-9\">\n\t<td class=\"column-1\"><a href=\"\"><img loading=\"lazy\" decoding=\"async\" src=\"https:\/\/optimate1.com\/wp-content\/uploads\/2020\/12\/weatherproof-x2-300x49.png\" alt=\"\" width=\"300\" height=\"50\" class=\"aligncenter size-medium wp-image-21012\" srcset=\"https:\/\/optimate1.com\/wp-content\/uploads\/2020\/12\/weatherproof-x2-300x49.png 300w, https:\/\/optimate1.com\/wp-content\/uploads\/2020\/12\/weatherproof-x2-600x98.png 600w, https:\/\/optimate1.com\/wp-content\/uploads\/2020\/12\/weatherproof-x2-64x10.png 64w, https:\/\/optimate1.com\/wp-content\/uploads\/2020\/12\/weatherproof-x2-768x126.png 768w, https:\/\/optimate1.com\/wp-content\/uploads\/2020\/12\/weatherproof-x2.png 856w\" sizes=\"auto, (max-width: 300px) 100vw, 300px\" \/><\/a><body><h6><center>Weatherproof. Rated for use down to -40\u00b0C \/ -40\u00b0F.<\/body><\/h6><\/center><\/td>\n<\/tr>\n<\/tbody>\n<\/table>\n<!-- #tablepress-693 from cache --><\/p>\n","protected":false},"excerpt":{"rendered":"<h3><span style=\"color: #947c4e;\">Serie GOLD: cargador y mantenedor 12V 6A de 9 etapas para bater\u00edas selladas con funci\u00f3n de recuperaci\u00f3n<\/span><\/h3>\n","protected":false},"featured_media":40746,"template":"","meta":[],"product_brand":[],"product_cat":[437],"product_tag":[],"class_list":{"0":"post-40939","1":"product","2":"type-product","3":"status-publish","4":"has-post-thumbnail","6":"product_cat-battery-chargers-es","7":"pa_charge-battery-chemistry-li-lifepo4-lfp-lithium-es","8":"pa_charge-battery-chemistry-pb-agm-gel-std-lead-acid-es","9":"pa_charge-battery-more-auto-caravana","10":"pa_charge-battery-more-12v-es","11":"pa_charge-battery-more-4x4-aventuras","12":"pa_charge-battery-more-avion-luz","13":"pa_charge-battery-more-bote-motos-acuaticas","14":"pa_charge-battery-more-coche-camioneta","15":"pa_charge-battery-more-coche-clasico","16":"pa_charge-battery-more-optima-odyssey-es-2","17":"pa_charge-battery-more-tractor-construccion","18":"pa_power-ac-100-240vac-es","19":"pa_product-group-optimate-6-es","20":"pa_region-ca-es-2","21":"pa_region-eu-es-2","22":"pa_region-uk-es-2","23":"pa_region-us-es-2","24":"iside_voltage-12-es","25":"iside_voltage-12-8-es","26":"iside_ampere-6-es","27":"iside_vehicle-aviacion-es","28":"iside_vehicle-oldtimer-classic-car-es","29":"iside_vehicle-marine-es","30":"iside_charger_series-gold-advanced-es-2","31":"iside_charger_features-ajustar-el-voltaje-a-la-temperatura-para-pb","32":"iside_charger_features-ajustar-la-corriente-a-la-temperatura-para-lfp","33":"iside_charger_features-power-supply-tune-mode-es","34":"iside_charger_features-mantenimiento","35":"iside_charger_features-mantenimiento-seguro-de-la-bateria-24-horas-7","36":"iside_charger_features-save-sulphated-pb-lead-acid-es","37":"iside_charger_features-save-low-volt-reset-bms-lithium-lfp-es","38":"iside_charger_features-restablecimiento-de-bms-para-bateria-lfp","39":"iside_charger_type-single-es","40":"iside_battery_voltage-12-8v-13-2v","41":"iside_battery_voltage-12v-es","42":"iside_battery_chemistry-lfp-lifepo4-lithium-ion-es","43":"iside_battery_chemistry-pb-lead-acid-es","44":"iside_battery_chemistry-premium-agm-espiral","45":"battery_charger_current-5a-6a-es","46":"battery_charger_current-ampmatic-1-to-6a-es","47":"thunk-woo-product-list","48":"opn-qv-enable","49":"big-store-woo-hover-","50":"open-single-product-tab-horizontal","51":"open-shadow-","52":"open-shadow-hover-","54":"first","55":"instock","56":"featured","57":"shipping-taxable","58":"purchasable","59":"product-type-simple"},"yoast_head":"<!-- This site is optimized with the Yoast SEO plugin v27.2 - https:\/\/yoast.com\/product\/yoast-seo-wordpress\/ -->\n<title>OptiMate 6 Select (v2) - OptiMate<\/title>\n<meta name=\"description\" content=\"OptiMate 6 Select es un cargador \u00abPro choice\u00bb que aprovecha todo el potencial de la bater\u00eda, incluido el soporte para la puesta a punto. \u00a1M\u00e1s informaci\u00f3n!\" \/>\n<meta name=\"robots\" content=\"index, follow, max-snippet:-1, max-image-preview:large, max-video-preview:-1, noarchive\" \/>\n<link rel=\"canonical\" href=\"https:\/\/optimate1.com\/product\/om6selectv2\/\" \/>\n<meta property=\"og:locale\" content=\"es_ES\" \/>\n<meta property=\"og:type\" content=\"article\" \/>\n<meta property=\"og:title\" content=\"OptiMate 6 Select (v2) - OptiMate\" \/>\n<meta property=\"og:description\" content=\"OptiMate 6 Select es un cargador \u00abPro choice\u00bb que aprovecha todo el potencial de la bater\u00eda, incluido el soporte para la puesta a punto. \u00a1M\u00e1s informaci\u00f3n!\" \/>\n<meta property=\"og:url\" content=\"https:\/\/optimate1.com\/product\/om6selectv2\/\" \/>\n<meta property=\"og:site_name\" content=\"OptiMate\" \/>\n<meta property=\"article:publisher\" content=\"https:\/\/www.facebook.com\/OptiMatebatterysavingcharger\/\" \/>\n<meta property=\"article:modified_time\" content=\"2025-12-23T08:47:12+00:00\" \/>\n<meta property=\"og:image\" content=\"https:\/\/optimate1.com\/wp-content\/uploads\/2025\/12\/OptiMate-6-SELECT_v2-TM37x-12-copy-1024x1024.png\" \/>\n\t<meta property=\"og:image:width\" content=\"1024\" \/>\n\t<meta property=\"og:image:height\" content=\"1024\" \/>\n\t<meta property=\"og:image:type\" content=\"image\/png\" \/>\n<meta name=\"twitter:card\" content=\"summary_large_image\" \/>\n<meta name=\"twitter:label1\" content=\"Tiempo de lectura\" \/>\n\t<meta name=\"twitter:data1\" content=\"3 minutos\" \/>\n<script type=\"application\/ld+json\" class=\"yoast-schema-graph\">{\"@context\":\"https:\/\/schema.org\",\"@graph\":[{\"@type\":\"WebPage\",\"@id\":\"https:\/\/optimate1.com\/product\/om6selectv2\/\",\"url\":\"https:\/\/optimate1.com\/product\/om6selectv2\/\",\"name\":\"OptiMate 6 Select (v2) - OptiMate\",\"isPartOf\":{\"@id\":\"https:\/\/optimate1.com\/#website\"},\"primaryImageOfPage\":{\"@id\":\"https:\/\/optimate1.com\/product\/om6selectv2\/#primaryimage\"},\"image\":{\"@id\":\"https:\/\/optimate1.com\/product\/om6selectv2\/#primaryimage\"},\"thumbnailUrl\":\"https:\/\/optimate1.com\/wp-content\/uploads\/2025\/12\/OptiMate-6-SELECT_v2-TM37x-12-copy.png\",\"datePublished\":\"2025-11-25T09:26:17+00:00\",\"dateModified\":\"2025-12-23T08:47:12+00:00\",\"description\":\"OptiMate 6 Select es un cargador \u00abPro choice\u00bb que aprovecha todo el potencial de la bater\u00eda, incluido el soporte para la puesta a punto. \u00a1M\u00e1s informaci\u00f3n!\",\"breadcrumb\":{\"@id\":\"https:\/\/optimate1.com\/product\/om6selectv2\/#breadcrumb\"},\"inLanguage\":\"es\",\"potentialAction\":[{\"@type\":\"ReadAction\",\"target\":[\"https:\/\/optimate1.com\/product\/om6selectv2\/\"]}]},{\"@type\":\"ImageObject\",\"inLanguage\":\"es\",\"@id\":\"https:\/\/optimate1.com\/product\/om6selectv2\/#primaryimage\",\"url\":\"https:\/\/optimate1.com\/wp-content\/uploads\/2025\/12\/OptiMate-6-SELECT_v2-TM37x-12-copy.png\",\"contentUrl\":\"https:\/\/optimate1.com\/wp-content\/uploads\/2025\/12\/OptiMate-6-SELECT_v2-TM37x-12-copy.png\",\"width\":1500,\"height\":1500},{\"@type\":\"BreadcrumbList\",\"@id\":\"https:\/\/optimate1.com\/product\/om6selectv2\/#breadcrumb\",\"itemListElement\":[{\"@type\":\"ListItem\",\"position\":1,\"name\":\"Home\",\"item\":\"https:\/\/optimate1.com\/\"},{\"@type\":\"ListItem\",\"position\":2,\"name\":\"Productos\",\"item\":\"https:\/\/optimate1.com\/shop\/\"},{\"@type\":\"ListItem\",\"position\":3,\"name\":\"OptiMate 6 Select\"}]},{\"@type\":\"WebSite\",\"@id\":\"https:\/\/optimate1.com\/#website\",\"url\":\"https:\/\/optimate1.com\/\",\"name\":\"OptiMate\",\"description\":\"Battery Chargers &amp; Accessories\",\"publisher\":{\"@id\":\"https:\/\/optimate1.com\/#organization\"},\"potentialAction\":[{\"@type\":\"SearchAction\",\"target\":{\"@type\":\"EntryPoint\",\"urlTemplate\":\"https:\/\/optimate1.com\/?s={search_term_string}\"},\"query-input\":{\"@type\":\"PropertyValueSpecification\",\"valueRequired\":true,\"valueName\":\"search_term_string\"}}],\"inLanguage\":\"es\"},{\"@type\":\"Organization\",\"@id\":\"https:\/\/optimate1.com\/#organization\",\"name\":\"OptiMate\",\"url\":\"https:\/\/optimate1.com\/\",\"logo\":{\"@type\":\"ImageObject\",\"inLanguage\":\"es\",\"@id\":\"https:\/\/optimate1.com\/#\/schema\/logo\/image\/\",\"url\":\"https:\/\/optimate1.com\/wp-content\/uploads\/2021\/06\/optimate-hpbc-stacklogo.jpg\",\"contentUrl\":\"https:\/\/optimate1.com\/wp-content\/uploads\/2021\/06\/optimate-hpbc-stacklogo.jpg\",\"width\":1025,\"height\":529,\"caption\":\"OptiMate\"},\"image\":{\"@id\":\"https:\/\/optimate1.com\/#\/schema\/logo\/image\/\"},\"sameAs\":[\"https:\/\/www.facebook.com\/OptiMatebatterysavingcharger\/\"]}]}<\/script>\n<!-- \/ Yoast SEO plugin. -->","yoast_head_json":{"title":"OptiMate 6 Select (v2) - OptiMate","description":"OptiMate 6 Select es un cargador \u00abPro choice\u00bb que aprovecha todo el potencial de la bater\u00eda, incluido el soporte para la puesta a punto. \u00a1M\u00e1s informaci\u00f3n!","robots":{"index":"index","follow":"follow","max-snippet":"max-snippet:-1","max-image-preview":"max-image-preview:large","max-video-preview":"max-video-preview:-1","archive":"noarchive"},"canonical":"https:\/\/optimate1.com\/product\/om6selectv2\/","og_locale":"es_ES","og_type":"article","og_title":"OptiMate 6 Select (v2) - OptiMate","og_description":"OptiMate 6 Select es un cargador \u00abPro choice\u00bb que aprovecha todo el potencial de la bater\u00eda, incluido el soporte para la puesta a punto. \u00a1M\u00e1s informaci\u00f3n!","og_url":"https:\/\/optimate1.com\/product\/om6selectv2\/","og_site_name":"OptiMate","article_publisher":"https:\/\/www.facebook.com\/OptiMatebatterysavingcharger\/","article_modified_time":"2025-12-23T08:47:12+00:00","og_image":[{"width":1024,"height":1024,"url":"https:\/\/optimate1.com\/wp-content\/uploads\/2025\/12\/OptiMate-6-SELECT_v2-TM37x-12-copy-1024x1024.png","type":"image\/png"}],"twitter_card":"summary_large_image","twitter_misc":{"Tiempo de lectura":"3 minutos"},"schema":{"@context":"https:\/\/schema.org","@graph":[{"@type":"WebPage","@id":"https:\/\/optimate1.com\/product\/om6selectv2\/","url":"https:\/\/optimate1.com\/product\/om6selectv2\/","name":"OptiMate 6 Select (v2) - OptiMate","isPartOf":{"@id":"https:\/\/optimate1.com\/#website"},"primaryImageOfPage":{"@id":"https:\/\/optimate1.com\/product\/om6selectv2\/#primaryimage"},"image":{"@id":"https:\/\/optimate1.com\/product\/om6selectv2\/#primaryimage"},"thumbnailUrl":"https:\/\/optimate1.com\/wp-content\/uploads\/2025\/12\/OptiMate-6-SELECT_v2-TM37x-12-copy.png","datePublished":"2025-11-25T09:26:17+00:00","dateModified":"2025-12-23T08:47:12+00:00","description":"OptiMate 6 Select es un cargador \u00abPro choice\u00bb que aprovecha todo el potencial de la bater\u00eda, incluido el soporte para la puesta a punto. \u00a1M\u00e1s informaci\u00f3n!","breadcrumb":{"@id":"https:\/\/optimate1.com\/product\/om6selectv2\/#breadcrumb"},"inLanguage":"es","potentialAction":[{"@type":"ReadAction","target":["https:\/\/optimate1.com\/product\/om6selectv2\/"]}]},{"@type":"ImageObject","inLanguage":"es","@id":"https:\/\/optimate1.com\/product\/om6selectv2\/#primaryimage","url":"https:\/\/optimate1.com\/wp-content\/uploads\/2025\/12\/OptiMate-6-SELECT_v2-TM37x-12-copy.png","contentUrl":"https:\/\/optimate1.com\/wp-content\/uploads\/2025\/12\/OptiMate-6-SELECT_v2-TM37x-12-copy.png","width":1500,"height":1500},{"@type":"BreadcrumbList","@id":"https:\/\/optimate1.com\/product\/om6selectv2\/#breadcrumb","itemListElement":[{"@type":"ListItem","position":1,"name":"Home","item":"https:\/\/optimate1.com\/"},{"@type":"ListItem","position":2,"name":"Productos","item":"https:\/\/optimate1.com\/shop\/"},{"@type":"ListItem","position":3,"name":"OptiMate 6 Select"}]},{"@type":"WebSite","@id":"https:\/\/optimate1.com\/#website","url":"https:\/\/optimate1.com\/","name":"OptiMate","description":"Battery Chargers &amp; Accessories","publisher":{"@id":"https:\/\/optimate1.com\/#organization"},"potentialAction":[{"@type":"SearchAction","target":{"@type":"EntryPoint","urlTemplate":"https:\/\/optimate1.com\/?s={search_term_string}"},"query-input":{"@type":"PropertyValueSpecification","valueRequired":true,"valueName":"search_term_string"}}],"inLanguage":"es"},{"@type":"Organization","@id":"https:\/\/optimate1.com\/#organization","name":"OptiMate","url":"https:\/\/optimate1.com\/","logo":{"@type":"ImageObject","inLanguage":"es","@id":"https:\/\/optimate1.com\/#\/schema\/logo\/image\/","url":"https:\/\/optimate1.com\/wp-content\/uploads\/2021\/06\/optimate-hpbc-stacklogo.jpg","contentUrl":"https:\/\/optimate1.com\/wp-content\/uploads\/2021\/06\/optimate-hpbc-stacklogo.jpg","width":1025,"height":529,"caption":"OptiMate"},"image":{"@id":"https:\/\/optimate1.com\/#\/schema\/logo\/image\/"},"sameAs":["https:\/\/www.facebook.com\/OptiMatebatterysavingcharger\/"]}]}},"_links":{"self":[{"href":"https:\/\/optimate1.com\/es\/wp-json\/wp\/v2\/product\/40939","targetHints":{"allow":["GET"]}}],"collection":[{"href":"https:\/\/optimate1.com\/es\/wp-json\/wp\/v2\/product"}],"about":[{"href":"https:\/\/optimate1.com\/es\/wp-json\/wp\/v2\/types\/product"}],"wp:featuredmedia":[{"embeddable":true,"href":"https:\/\/optimate1.com\/es\/wp-json\/wp\/v2\/media\/40746"}],"wp:attachment":[{"href":"https:\/\/optimate1.com\/es\/wp-json\/wp\/v2\/media?parent=40939"}],"wp:term":[{"taxonomy":"product_brand","embeddable":true,"href":"https:\/\/optimate1.com\/es\/wp-json\/wp\/v2\/product_brand?post=40939"},{"taxonomy":"product_cat","embeddable":true,"href":"https:\/\/optimate1.com\/es\/wp-json\/wp\/v2\/product_cat?post=40939"},{"taxonomy":"product_tag","embeddable":true,"href":"https:\/\/optimate1.com\/es\/wp-json\/wp\/v2\/product_tag?post=40939"}],"curies":[{"name":"wp","href":"https:\/\/api.w.org\/{rel}","templated":true}]}}