{"id":41024,"date":"2025-12-16T03:11:32","date_gmt":"2025-12-16T08:11:32","guid":{"rendered":"https:\/\/optimate1.com\/product\/optimate-cable-o-46kit\/"},"modified":"2026-02-12T04:12:46","modified_gmt":"2026-02-12T09:12:46","slug":"optimate-cable-o-46kit","status":"publish","type":"product","link":"https:\/\/optimate1.com\/es\/producto\/optimate-cable-o-46kit\/","title":{"rendered":"OptiMate CABLE O-46KIT"},"content":{"rendered":"<h6 style=\"text-align: center;\"><strong><span style=\"color: #10069f;\">El OptiMate O-46KIT ofrece una soluci\u00f3n completa, lista para instalar, para a\u00f1adir un puerto externo de alimentaci\u00f3n y carga de 12V a veh\u00edculos de trabajo, remolques, autocaravanas \/ caravanas, m\u00e1quinas industriales, motocicletas, ATV y UTV.<\/span><\/strong><i><span style=\"color: #10069f;\"> \u2013 Este kit incluye la toma O-46 resistente a la intemperie para montaje en panel y el cable de conexi\u00f3n SAE O-22.<\/span><\/i><\/h6>\n<h6 style=\"text-align: center;\"><img loading=\"lazy\" decoding=\"async\" class=\"aligncenter wp-image-20910\" src=\"https:\/\/optimate1.com\/wp-content\/uploads\/2025\/12\/O-46-open-cap-2.png\" alt=\"El cable Euro 5 es compatible con modelos Ducati a partir de 2021+ y con motocicletas europeas con conectores de diagn\u00f3stico Euro 5 de 6 pines\" width=\"428\" height=\"70\" \/><\/h6>\n<p>&nbsp;<\/p>\n<h6 style=\"text-align: center;\"><strong><span style=\"color: #10069f;\">Toma 12V universal \/ est\u00e1ndar (\u00d821mm \/ 13\/16\u201d) con l\u00e1minas de bloqueo que se acoplan a una clavija compatible (O-02 \/ O-22)<\/span><\/strong><span style=\"color: #10069f;\"> \u2013 <\/span><span style=\"color: #10069f;\"><i>garantiza una conexi\u00f3n fiable y resistente a las vibraciones.<\/i><\/span><\/h6>\n<h6 style=\"text-align: center;\"><strong><span style=\"color: #10069f;\"><img loading=\"lazy\" decoding=\"async\" class=\"aligncenter wp-image-20660\" src=\"https:\/\/optimate1.com\/wp-content\/uploads\/2025\/12\/O-46-latches-into-socket-2-2-2-scaled.png\" alt=\"El cable Euro 5 tiene una longitud de 40cm o 1.33ft\" width=\"528\" height=\"100\" \/><\/span><\/strong><\/h6>\n<p>&nbsp;<\/p>\n<h6 style=\"text-align: center;\"><strong><span style=\"color: #10069f;\">Incluye el cable adaptador OptiMate <a href=\"https:\/\/optimate1.com\/es\/producto\/optimate-cable-o-22\/\" target=\"_blank\" rel=\"noopener\">O-22<\/a><\/span><\/strong><span style=\"color: #10069f;\"> \u2013 <\/span><span style=\"color: #10069f;\"><i>proporciona una conexi\u00f3n fiable de SAE a toma AUTO para tomas automotrices 12V est\u00e1ndar \u00d821\u201322mm.<\/i><\/span><\/h6>\n<h6 style=\"text-align: center;\"><strong><span style=\"color: #10069f;\"><img loading=\"lazy\" decoding=\"async\" class=\"aligncenter wp-image-20660\" src=\"https:\/\/optimate1.com\/wp-content\/uploads\/2025\/12\/O-22-different-sockets-2-copy.png\" alt=\"El cable Euro 5 tiene una longitud de 40cm o 1.33ft\" width=\"528\" height=\"100\" \/><\/span><\/strong><\/h6>\n<p>&nbsp;<\/p>\n<h6 style=\"text-align: center;\"><strong><span style=\"color: #10069f;\">Cable de conexi\u00f3n a la bater\u00eda con fusible y terminal de anillo adaptable<\/span><\/strong><span style=\"color: #10069f;\"> \u2013 <\/span><span style=\"color: #10069f;\"><i>M6 (1\/4\u201d) de serie, adaptable a M8 (5\/16\u201d), ofrece opciones de instalaci\u00f3n flexibles.<\/i><\/span><\/h6>\n<h6 style=\"text-align: center;\"><strong><span style=\"color: #10069f;\"><img loading=\"lazy\" decoding=\"async\" class=\"aligncenter wp-image-20660\" src=\"https:\/\/optimate1.com\/wp-content\/uploads\/2025\/12\/O-46-length-specifications-copy-2-2-2-2-copy.png\" alt=\"El cable Euro 5 tiene una longitud de 40cm o 1.33ft\" width=\"528\" height=\"100\" \/><\/span><\/strong><\/h6>\n<p>&nbsp;<\/p>\n<h6 style=\"text-align: center;\"><strong><span style=\"color: #10069f;\">Especificaciones premium<\/span><\/strong><span style=\"color: #10069f;\"> \u2013 <\/span><span style=\"color: #10069f;\"><i>longitud 100cm (40\u201d), fusible 15A, cable certificado para -40\u00b0, corriente nominal 10A (13A m\u00e1x.), montaje en panel.<\/i><\/span><\/h6>\n<h6 style=\"text-align: center;\"><strong><span style=\"color: #10069f;\"><img loading=\"lazy\" decoding=\"async\" class=\"aligncenter wp-image-20660\" src=\"https:\/\/optimate1.com\/wp-content\/uploads\/2025\/12\/O-46-length-specifications-copy-2-2-2-copy-2.png\" alt=\"El cable Euro 5 tiene una longitud de 40cm o 1.33ft\" width=\"528\" height=\"100\" \/><\/span><\/strong><\/h6>\n<p>&nbsp;<\/p>\n<h4 style=\"text-align: center;\"><span style=\"text-decoration: underline;\"><strong>M\u00c1S FUNCIONES:<\/strong><\/span><\/h4>\n<p style=\"text-align: center;\">\n<table id=\"tablepress-373\" class=\"tablepress tablepress-id-373\">\n<tbody class=\"row-hover\">\n<tr class=\"row-1\">\n\t<td class=\"column-1\"><a href=\"\"><img loading=\"lazy\" decoding=\"async\" src=\"https:\/\/optimate1.com\/wp-content\/uploads\/2023\/08\/sealing-cap-O-97P-copy.png\" alt=\"\" width=\"300\" height=\"50\" class=\"aligncenter size-medium wp-image-20982\" \/><\/a><body><h6><center>Con tap\u00f3n de cierre.<\/center><\/h6><\/body><\/td>\n<\/tr>\n<tr class=\"row-2\">\n\t<td class=\"column-1\"><a href=\"\"><img loading=\"lazy\" decoding=\"async\" src=\"https:\/\/optimate1.com\/wp-content\/uploads\/2021\/11\/weather-icon-copy_600px-01.png\" alt=\"\" width=\"600\" height=\"40\" class=\"aligncenter size-medium wp-image-21012\" \/><\/a><body><h6><center>Clasificado para baja temperatura y uso en exteriores.<\/body><\/h6><\/center><\/td>\n<\/tr>\n<tr class=\"row-3\">\n\t<td class=\"column-1\"><a href=\"\"><img loading=\"lazy\" decoding=\"async\" src=\"https:\/\/optimate1.com\/wp-content\/uploads\/2023\/03\/SPT-2.png\" alt=\"\" width=\"300\" height=\"40\" class=\"aligncenter size-medium wp-image-21012\" \/><\/a><body><h6><center>Aislamiento m\u00e1s grueso para una mejor protecci\u00f3n.<\/body><\/h6><\/center><\/td>\n<\/tr>\n<tr class=\"row-4\">\n\t<td class=\"column-1\"><a href=\"\"><img loading=\"lazy\" decoding=\"async\" src=\"https:\/\/optimate1.com\/wp-content\/uploads\/2023\/08\/16AWG-copy.png\" alt=\"\" width=\"300\" height=\"40\" class=\"aligncenter size-medium wp-image-21012\" \/><\/a><body><h6><center>Clasificaci\u00f3n actual: 10A ave. \/ 13A m\u00e1x.<\/body><\/h6><\/center><\/td>\n<\/tr>\n<\/tbody>\n<\/table>\n<!-- #tablepress-373 from cache --><\/p>\n","protected":false},"excerpt":{"rendered":"<h3><span style=\"color: #ff0000;\"><span style=\"color: #cd202c;\">Toma AUTO 12V resistente a la intemperie, montaje en panel (O-46 + O-22 incluidos)<\/span><\/span><\/h3>\n","protected":false},"featured_media":40868,"template":"","meta":[],"product_brand":[],"product_cat":[1067],"product_tag":[],"class_list":{"0":"post-41024","1":"product","2":"type-product","3":"status-publish","4":"has-post-thumbnail","6":"product_cat-cablesconnectors-es","7":"pa_cable-type-magcode","8":"pa_connector-type-ring-m8-5-16-es","9":"pa_connector-type-ring-m10-3-8-es","10":"pa_region-ca-es-2","11":"pa_region-eu-es-2","12":"pa_region-uk-es-2","13":"pa_region-us-es-2","14":"iside_cable_type-montaje-en-panel-auto-o22mm","15":"iside_connector_type-anillos-m6-m8","16":"iside_connector_type-automatico-estandar-22mm-es","17":"thunk-woo-product-list","18":"opn-qv-enable","19":"big-store-woo-hover-","20":"open-single-product-tab-horizontal","21":"open-shadow-","22":"open-shadow-hover-","24":"first","25":"instock","26":"featured","27":"shipping-taxable","28":"purchasable","29":"product-type-simple"},"yoast_head":"<!-- This site is optimized with the Yoast SEO plugin v27.2 - https:\/\/yoast.com\/product\/yoast-seo-wordpress\/ -->\n<title>OptiMate CABLE O-46KIT - OptiMate<\/title>\n<meta name=\"description\" content=\"El OptiMate O-46KIT ofrece una soluci\u00f3n completa, lista para instalar, para a\u00f1adir un puerto externo de alimentaci\u00f3n y carga de 12V a veh\u00edculos de trabajo, remolques, autocaravanas \/ caravanas, m\u00e1quinas industriales, motocicletas, ATV y UTV.\" \/>\n<meta name=\"robots\" content=\"index, follow, max-snippet:-1, max-image-preview:large, max-video-preview:-1, noarchive\" \/>\n<link rel=\"canonical\" href=\"https:\/\/optimate1.com\/product\/cbleo-46kit\/\" \/>\n<meta property=\"og:locale\" content=\"es_ES\" \/>\n<meta property=\"og:type\" content=\"article\" \/>\n<meta property=\"og:title\" content=\"OptiMate CABLE O-46KIT - OptiMate\" \/>\n<meta property=\"og:description\" content=\"El OptiMate O-46KIT ofrece una soluci\u00f3n completa, lista para instalar, para a\u00f1adir un puerto externo de alimentaci\u00f3n y carga de 12V a veh\u00edculos de trabajo, remolques, autocaravanas \/ caravanas, m\u00e1quinas industriales, motocicletas, ATV y UTV.\" \/>\n<meta property=\"og:url\" content=\"https:\/\/optimate1.com\/product\/cbleo-46kit\/\" \/>\n<meta property=\"og:site_name\" content=\"OptiMate\" \/>\n<meta property=\"article:publisher\" content=\"https:\/\/www.facebook.com\/OptiMatebatterysavingcharger\/\" \/>\n<meta property=\"article:modified_time\" content=\"2026-02-12T09:12:46+00:00\" \/>\n<meta property=\"og:image\" content=\"https:\/\/optimate1.com\/wp-content\/uploads\/2025\/12\/O-46-OptiMate-Socket-O22-1-copy.png\" \/>\n\t<meta property=\"og:image:width\" content=\"1500\" \/>\n\t<meta property=\"og:image:height\" content=\"1500\" \/>\n\t<meta property=\"og:image:type\" content=\"image\/png\" \/>\n<meta name=\"twitter:card\" content=\"summary_large_image\" \/>\n<meta name=\"twitter:label1\" content=\"Tiempo de lectura\" \/>\n\t<meta name=\"twitter:data1\" content=\"2 minutos\" \/>\n<script type=\"application\/ld+json\" class=\"yoast-schema-graph\">{\"@context\":\"https:\/\/schema.org\",\"@graph\":[{\"@type\":\"WebPage\",\"@id\":\"https:\/\/optimate1.com\/product\/cbleo-46kit\/\",\"url\":\"https:\/\/optimate1.com\/product\/cbleo-46kit\/\",\"name\":\"OptiMate CABLE O-46KIT - OptiMate\",\"isPartOf\":{\"@id\":\"https:\/\/optimate1.com\/#website\"},\"primaryImageOfPage\":{\"@id\":\"https:\/\/optimate1.com\/product\/cbleo-46kit\/#primaryimage\"},\"image\":{\"@id\":\"https:\/\/optimate1.com\/product\/cbleo-46kit\/#primaryimage\"},\"thumbnailUrl\":\"https:\/\/optimate1.com\/wp-content\/uploads\/2025\/12\/O-46-OptiMate-Socket-O22-1-copy.png\",\"datePublished\":\"2025-12-16T08:11:32+00:00\",\"dateModified\":\"2026-02-12T09:12:46+00:00\",\"description\":\"El OptiMate O-46KIT ofrece una soluci\u00f3n completa, lista para instalar, para a\u00f1adir un puerto externo de alimentaci\u00f3n y carga de 12V a veh\u00edculos de trabajo, remolques, autocaravanas \/ caravanas, m\u00e1quinas industriales, motocicletas, ATV y UTV.\",\"breadcrumb\":{\"@id\":\"https:\/\/optimate1.com\/product\/cbleo-46kit\/#breadcrumb\"},\"inLanguage\":\"es\",\"potentialAction\":[{\"@type\":\"ReadAction\",\"target\":[\"https:\/\/optimate1.com\/product\/cbleo-46kit\/\"]}]},{\"@type\":\"ImageObject\",\"inLanguage\":\"es\",\"@id\":\"https:\/\/optimate1.com\/product\/cbleo-46kit\/#primaryimage\",\"url\":\"https:\/\/optimate1.com\/wp-content\/uploads\/2025\/12\/O-46-OptiMate-Socket-O22-1-copy.png\",\"contentUrl\":\"https:\/\/optimate1.com\/wp-content\/uploads\/2025\/12\/O-46-OptiMate-Socket-O22-1-copy.png\",\"width\":1500,\"height\":1500},{\"@type\":\"BreadcrumbList\",\"@id\":\"https:\/\/optimate1.com\/product\/cbleo-46kit\/#breadcrumb\",\"itemListElement\":[{\"@type\":\"ListItem\",\"position\":1,\"name\":\"Home\",\"item\":\"https:\/\/optimate1.com\/\"},{\"@type\":\"ListItem\",\"position\":2,\"name\":\"Productos\",\"item\":\"https:\/\/optimate1.com\/shop\/\"},{\"@type\":\"ListItem\",\"position\":3,\"name\":\"OptiMate CABLE O-46KIT\"}]},{\"@type\":\"WebSite\",\"@id\":\"https:\/\/optimate1.com\/#website\",\"url\":\"https:\/\/optimate1.com\/\",\"name\":\"OptiMate\",\"description\":\"Battery Chargers &amp; Accessories\",\"publisher\":{\"@id\":\"https:\/\/optimate1.com\/#organization\"},\"potentialAction\":[{\"@type\":\"SearchAction\",\"target\":{\"@type\":\"EntryPoint\",\"urlTemplate\":\"https:\/\/optimate1.com\/?s={search_term_string}\"},\"query-input\":{\"@type\":\"PropertyValueSpecification\",\"valueRequired\":true,\"valueName\":\"search_term_string\"}}],\"inLanguage\":\"es\"},{\"@type\":\"Organization\",\"@id\":\"https:\/\/optimate1.com\/#organization\",\"name\":\"OptiMate\",\"url\":\"https:\/\/optimate1.com\/\",\"logo\":{\"@type\":\"ImageObject\",\"inLanguage\":\"es\",\"@id\":\"https:\/\/optimate1.com\/#\/schema\/logo\/image\/\",\"url\":\"https:\/\/optimate1.com\/wp-content\/uploads\/2021\/06\/optimate-hpbc-stacklogo.jpg\",\"contentUrl\":\"https:\/\/optimate1.com\/wp-content\/uploads\/2021\/06\/optimate-hpbc-stacklogo.jpg\",\"width\":1025,\"height\":529,\"caption\":\"OptiMate\"},\"image\":{\"@id\":\"https:\/\/optimate1.com\/#\/schema\/logo\/image\/\"},\"sameAs\":[\"https:\/\/www.facebook.com\/OptiMatebatterysavingcharger\/\"]}]}<\/script>\n<!-- \/ Yoast SEO plugin. -->","yoast_head_json":{"title":"OptiMate CABLE O-46KIT - OptiMate","description":"El OptiMate O-46KIT ofrece una soluci\u00f3n completa, lista para instalar, para a\u00f1adir un puerto externo de alimentaci\u00f3n y carga de 12V a veh\u00edculos de trabajo, remolques, autocaravanas \/ caravanas, m\u00e1quinas industriales, motocicletas, ATV y UTV.","robots":{"index":"index","follow":"follow","max-snippet":"max-snippet:-1","max-image-preview":"max-image-preview:large","max-video-preview":"max-video-preview:-1","archive":"noarchive"},"canonical":"https:\/\/optimate1.com\/product\/cbleo-46kit\/","og_locale":"es_ES","og_type":"article","og_title":"OptiMate CABLE O-46KIT - OptiMate","og_description":"El OptiMate O-46KIT ofrece una soluci\u00f3n completa, lista para instalar, para a\u00f1adir un puerto externo de alimentaci\u00f3n y carga de 12V a veh\u00edculos de trabajo, remolques, autocaravanas \/ caravanas, m\u00e1quinas industriales, motocicletas, ATV y UTV.","og_url":"https:\/\/optimate1.com\/product\/cbleo-46kit\/","og_site_name":"OptiMate","article_publisher":"https:\/\/www.facebook.com\/OptiMatebatterysavingcharger\/","article_modified_time":"2026-02-12T09:12:46+00:00","og_image":[{"width":1500,"height":1500,"url":"https:\/\/optimate1.com\/wp-content\/uploads\/2025\/12\/O-46-OptiMate-Socket-O22-1-copy.png","type":"image\/png"}],"twitter_card":"summary_large_image","twitter_misc":{"Tiempo de lectura":"2 minutos"},"schema":{"@context":"https:\/\/schema.org","@graph":[{"@type":"WebPage","@id":"https:\/\/optimate1.com\/product\/cbleo-46kit\/","url":"https:\/\/optimate1.com\/product\/cbleo-46kit\/","name":"OptiMate CABLE O-46KIT - OptiMate","isPartOf":{"@id":"https:\/\/optimate1.com\/#website"},"primaryImageOfPage":{"@id":"https:\/\/optimate1.com\/product\/cbleo-46kit\/#primaryimage"},"image":{"@id":"https:\/\/optimate1.com\/product\/cbleo-46kit\/#primaryimage"},"thumbnailUrl":"https:\/\/optimate1.com\/wp-content\/uploads\/2025\/12\/O-46-OptiMate-Socket-O22-1-copy.png","datePublished":"2025-12-16T08:11:32+00:00","dateModified":"2026-02-12T09:12:46+00:00","description":"El OptiMate O-46KIT ofrece una soluci\u00f3n completa, lista para instalar, para a\u00f1adir un puerto externo de alimentaci\u00f3n y carga de 12V a veh\u00edculos de trabajo, remolques, autocaravanas \/ caravanas, m\u00e1quinas industriales, motocicletas, ATV y UTV.","breadcrumb":{"@id":"https:\/\/optimate1.com\/product\/cbleo-46kit\/#breadcrumb"},"inLanguage":"es","potentialAction":[{"@type":"ReadAction","target":["https:\/\/optimate1.com\/product\/cbleo-46kit\/"]}]},{"@type":"ImageObject","inLanguage":"es","@id":"https:\/\/optimate1.com\/product\/cbleo-46kit\/#primaryimage","url":"https:\/\/optimate1.com\/wp-content\/uploads\/2025\/12\/O-46-OptiMate-Socket-O22-1-copy.png","contentUrl":"https:\/\/optimate1.com\/wp-content\/uploads\/2025\/12\/O-46-OptiMate-Socket-O22-1-copy.png","width":1500,"height":1500},{"@type":"BreadcrumbList","@id":"https:\/\/optimate1.com\/product\/cbleo-46kit\/#breadcrumb","itemListElement":[{"@type":"ListItem","position":1,"name":"Home","item":"https:\/\/optimate1.com\/"},{"@type":"ListItem","position":2,"name":"Productos","item":"https:\/\/optimate1.com\/shop\/"},{"@type":"ListItem","position":3,"name":"OptiMate CABLE O-46KIT"}]},{"@type":"WebSite","@id":"https:\/\/optimate1.com\/#website","url":"https:\/\/optimate1.com\/","name":"OptiMate","description":"Battery Chargers &amp; Accessories","publisher":{"@id":"https:\/\/optimate1.com\/#organization"},"potentialAction":[{"@type":"SearchAction","target":{"@type":"EntryPoint","urlTemplate":"https:\/\/optimate1.com\/?s={search_term_string}"},"query-input":{"@type":"PropertyValueSpecification","valueRequired":true,"valueName":"search_term_string"}}],"inLanguage":"es"},{"@type":"Organization","@id":"https:\/\/optimate1.com\/#organization","name":"OptiMate","url":"https:\/\/optimate1.com\/","logo":{"@type":"ImageObject","inLanguage":"es","@id":"https:\/\/optimate1.com\/#\/schema\/logo\/image\/","url":"https:\/\/optimate1.com\/wp-content\/uploads\/2021\/06\/optimate-hpbc-stacklogo.jpg","contentUrl":"https:\/\/optimate1.com\/wp-content\/uploads\/2021\/06\/optimate-hpbc-stacklogo.jpg","width":1025,"height":529,"caption":"OptiMate"},"image":{"@id":"https:\/\/optimate1.com\/#\/schema\/logo\/image\/"},"sameAs":["https:\/\/www.facebook.com\/OptiMatebatterysavingcharger\/"]}]}},"_links":{"self":[{"href":"https:\/\/optimate1.com\/es\/wp-json\/wp\/v2\/product\/41024","targetHints":{"allow":["GET"]}}],"collection":[{"href":"https:\/\/optimate1.com\/es\/wp-json\/wp\/v2\/product"}],"about":[{"href":"https:\/\/optimate1.com\/es\/wp-json\/wp\/v2\/types\/product"}],"wp:featuredmedia":[{"embeddable":true,"href":"https:\/\/optimate1.com\/es\/wp-json\/wp\/v2\/media\/40868"}],"wp:attachment":[{"href":"https:\/\/optimate1.com\/es\/wp-json\/wp\/v2\/media?parent=41024"}],"wp:term":[{"taxonomy":"product_brand","embeddable":true,"href":"https:\/\/optimate1.com\/es\/wp-json\/wp\/v2\/product_brand?post=41024"},{"taxonomy":"product_cat","embeddable":true,"href":"https:\/\/optimate1.com\/es\/wp-json\/wp\/v2\/product_cat?post=41024"},{"taxonomy":"product_tag","embeddable":true,"href":"https:\/\/optimate1.com\/es\/wp-json\/wp\/v2\/product_tag?post=41024"}],"curies":[{"name":"wp","href":"https:\/\/api.w.org\/{rel}","templated":true}]}}