{"id":9183,"date":"2019-06-06T11:50:52","date_gmt":"2019-06-06T15:50:52","guid":{"rendered":"https:\/\/optimate1.com\/product\/optimate-3-x-4-bank\/"},"modified":"2022-07-14T07:42:59","modified_gmt":"2022-07-14T11:42:59","slug":"optimate-3-x-4-bank","status":"publish","type":"product","link":"https:\/\/optimate1.com\/es\/producto\/optimate-3-x-4-bank\/","title":{"rendered":"OptiMate 3 x 4 BANK"},"content":{"rendered":"<h3>Optimate 3 Quad bank, el cargador-mantenedor con modo de recuperaci\u00f3n para bater\u00edas de 4 bancos completamente selladas de 12\u00a0V AGM, GEL o STD &#8211; <em>La elecci\u00f3n del distribuidor para talleres ocupados.<\/em><\/h3>\n<ul>\n<li><strong><span style=\"color: #10069f;\">Los cargadores de OptiMate 3 cuentan con la confianza de OEM globales de motocicletas<em>, por ejemplo, Honda, Triumph, Suzuki, Yamaha, Kawasaki, etc. . <\/em><\/span><\/strong><\/li>\n<li><strong><span style=\"color: #10069f;\">Cargue, pruebe y mantenga 4 bater\u00edas de plomo-\u00e1cido de 12\u00a0V (STD, AGM, GEL) de forma independiente &#8211;<em> Siempre al d\u00eda, siempre preparadas!<\/em><br \/>\n<\/span><\/strong><\/li>\n<li><strong><span style=\"color: #10069f;\">Mantiene las bater\u00edas sulfatadas completamente descargadas en 2\u00a0V.\u00a0<\/span><\/strong><\/li>\n<li><strong><span style=\"color: #10069f;\">Realiza pruebas autom\u00e1ticamente, indica si existe alg\u00fan problema con la bater\u00eda.<\/span><\/strong><\/li>\n<li><strong><span style=\"color: #10069f;\">El mantenimiento inteligente 24\/7 de OptiMate garantiza m\u00e1s potencia y prolonga la vida \u00fatil de la bater\u00eda!<\/span><\/strong><\/li>\n<\/ul>\n<p>Modelos disponibles: Todos los cargadores de bater\u00edas OptiMate que se nombran a continuaci\u00f3n aceptan una entrada de corriente de 100-240 V CA y 50-60 Hz,<a href=\"https:\/\/optimate1.com\/es\/power-plugs-es\/\"> solamente es diferente el TIPO<\/a> de enchufe para poder cumplir con la legislaci\u00f3n nacional\/regional sobre seguridad el\u00e9ctrica.<\/p>\n<div class=\"woocommerce columns-3 \"><\/div>\n","protected":false},"excerpt":{"rendered":"<h3><span style=\"color: #ff0000;\">Cargador-mantenedor con modo de recuperaci\u00f3n para 4 bater\u00edas selladas de 12\u00a0V y 0.8\u00a0A en 7 fases<\/span><\/h3>\n","protected":false},"featured_media":29972,"template":"","meta":[],"product_brand":[],"product_cat":[2255,2251],"product_tag":[],"class_list":{"0":"post-9183","1":"product","2":"type-product","3":"status-publish","4":"has-post-thumbnail","6":"product_cat-marine-chargers-es","7":"product_cat-marine-es","8":"pa_charge-battery-chemistry-pb-agm-gel-std-lead-acid-es","9":"pa_charge-battery-more-12v-es","10":"pa_charge-battery-more-motocicleta-vehiculo-todo-terreno","11":"pa_charge-battery-more-utv-sxs-cruiser-es","12":"pa_power-ac-100-240vac-es","13":"pa_product-group-optimate-3-es","14":"pa_region-ca-es-2","15":"pa_region-eu-es-2","16":"pa_region-uk-es-2","17":"pa_region-us-es-2","18":"iside_vehicle-motocicleta-deportes-de-motor-es","19":"iside_charger_series-silver-smarter-es","20":"thunk-woo-product-list","21":"opn-qv-enable","22":"big-store-woo-hover-","23":"open-single-product-tab-horizontal","24":"open-shadow-","25":"open-shadow-hover-","27":"first","28":"instock","29":"featured","30":"shipping-taxable","31":"purchasable","32":"product-type-simple"},"yoast_head":"<!-- This site is optimized with the Yoast SEO plugin v27.2 - https:\/\/yoast.com\/product\/yoast-seo-wordpress\/ -->\n<title>OptiMate 3 x 4 BANK - OptiMate<\/title>\n<meta name=\"description\" content=\"El OptiMate 3 x 4 BANK es el cargador y mantenedor de bater\u00edas de 4 bancos totalmente sellado para bater\u00edas de 12V AGM, GEL o STD. Leer m\u00e1s!\" \/>\n<meta name=\"robots\" content=\"index, follow, max-snippet:-1, max-image-preview:large, max-video-preview:-1, noarchive\" \/>\n<link rel=\"canonical\" href=\"https:\/\/optimate1.com\/product\/om3x4-2020\/\" \/>\n<meta property=\"og:locale\" content=\"es_ES\" \/>\n<meta property=\"og:type\" content=\"article\" \/>\n<meta property=\"og:title\" content=\"OptiMate 3 x 4 BANK - OptiMate\" \/>\n<meta property=\"og:description\" content=\"El OptiMate 3 x 4 BANK es el cargador y mantenedor de bater\u00edas de 4 bancos totalmente sellado para bater\u00edas de 12V AGM, GEL o STD. Leer m\u00e1s!\" \/>\n<meta property=\"og:url\" content=\"https:\/\/optimate1.com\/product\/om3x4-2020\/\" \/>\n<meta property=\"og:site_name\" content=\"OptiMate\" \/>\n<meta property=\"article:publisher\" content=\"https:\/\/www.facebook.com\/OptiMatebatterysavingcharger\/\" \/>\n<meta property=\"article:modified_time\" content=\"2022-07-14T11:42:59+00:00\" \/>\n<meta property=\"og:image\" content=\"https:\/\/optimate1.com\/wp-content\/uploads\/2022\/07\/OptiMate-3-4-bank-TM45x-silver-corner-it.png\" \/>\n\t<meta property=\"og:image:width\" content=\"900\" \/>\n\t<meta property=\"og:image:height\" content=\"900\" \/>\n\t<meta property=\"og:image:type\" content=\"image\/png\" \/>\n<meta name=\"twitter:card\" content=\"summary_large_image\" \/>\n<meta name=\"twitter:label1\" content=\"Tiempo de lectura\" \/>\n\t<meta name=\"twitter:data1\" content=\"1 minuto\" \/>\n<script type=\"application\/ld+json\" class=\"yoast-schema-graph\">{\"@context\":\"https:\/\/schema.org\",\"@graph\":[{\"@type\":\"WebPage\",\"@id\":\"https:\/\/optimate1.com\/product\/om3x4-2020\/\",\"url\":\"https:\/\/optimate1.com\/product\/om3x4-2020\/\",\"name\":\"OptiMate 3 x 4 BANK - OptiMate\",\"isPartOf\":{\"@id\":\"https:\/\/optimate1.com\/#website\"},\"primaryImageOfPage\":{\"@id\":\"https:\/\/optimate1.com\/product\/om3x4-2020\/#primaryimage\"},\"image\":{\"@id\":\"https:\/\/optimate1.com\/product\/om3x4-2020\/#primaryimage\"},\"thumbnailUrl\":\"https:\/\/optimate1.com\/wp-content\/uploads\/2022\/07\/OptiMate-3-4-bank-TM45x-silver-corner-it.png\",\"datePublished\":\"2019-06-06T15:50:52+00:00\",\"dateModified\":\"2022-07-14T11:42:59+00:00\",\"description\":\"El OptiMate 3 x 4 BANK es el cargador y mantenedor de bater\u00edas de 4 bancos totalmente sellado para bater\u00edas de 12V AGM, GEL o STD. Leer m\u00e1s!\",\"breadcrumb\":{\"@id\":\"https:\/\/optimate1.com\/product\/om3x4-2020\/#breadcrumb\"},\"inLanguage\":\"es\",\"potentialAction\":[{\"@type\":\"ReadAction\",\"target\":[\"https:\/\/optimate1.com\/product\/om3x4-2020\/\"]}]},{\"@type\":\"ImageObject\",\"inLanguage\":\"es\",\"@id\":\"https:\/\/optimate1.com\/product\/om3x4-2020\/#primaryimage\",\"url\":\"https:\/\/optimate1.com\/wp-content\/uploads\/2022\/07\/OptiMate-3-4-bank-TM45x-silver-corner-it.png\",\"contentUrl\":\"https:\/\/optimate1.com\/wp-content\/uploads\/2022\/07\/OptiMate-3-4-bank-TM45x-silver-corner-it.png\",\"width\":900,\"height\":900},{\"@type\":\"BreadcrumbList\",\"@id\":\"https:\/\/optimate1.com\/product\/om3x4-2020\/#breadcrumb\",\"itemListElement\":[{\"@type\":\"ListItem\",\"position\":1,\"name\":\"Home\",\"item\":\"https:\/\/optimate1.com\/\"},{\"@type\":\"ListItem\",\"position\":2,\"name\":\"Productos\",\"item\":\"https:\/\/optimate1.com\/shop\/\"},{\"@type\":\"ListItem\",\"position\":3,\"name\":\"OptiMate 3 x 4 BANK\"}]},{\"@type\":\"WebSite\",\"@id\":\"https:\/\/optimate1.com\/#website\",\"url\":\"https:\/\/optimate1.com\/\",\"name\":\"OptiMate\",\"description\":\"Battery Chargers &amp; Accessories\",\"publisher\":{\"@id\":\"https:\/\/optimate1.com\/#organization\"},\"potentialAction\":[{\"@type\":\"SearchAction\",\"target\":{\"@type\":\"EntryPoint\",\"urlTemplate\":\"https:\/\/optimate1.com\/?s={search_term_string}\"},\"query-input\":{\"@type\":\"PropertyValueSpecification\",\"valueRequired\":true,\"valueName\":\"search_term_string\"}}],\"inLanguage\":\"es\"},{\"@type\":\"Organization\",\"@id\":\"https:\/\/optimate1.com\/#organization\",\"name\":\"OptiMate\",\"url\":\"https:\/\/optimate1.com\/\",\"logo\":{\"@type\":\"ImageObject\",\"inLanguage\":\"es\",\"@id\":\"https:\/\/optimate1.com\/#\/schema\/logo\/image\/\",\"url\":\"https:\/\/optimate1.com\/wp-content\/uploads\/2021\/06\/optimate-hpbc-stacklogo.jpg\",\"contentUrl\":\"https:\/\/optimate1.com\/wp-content\/uploads\/2021\/06\/optimate-hpbc-stacklogo.jpg\",\"width\":1025,\"height\":529,\"caption\":\"OptiMate\"},\"image\":{\"@id\":\"https:\/\/optimate1.com\/#\/schema\/logo\/image\/\"},\"sameAs\":[\"https:\/\/www.facebook.com\/OptiMatebatterysavingcharger\/\"]}]}<\/script>\n<!-- \/ Yoast SEO plugin. -->","yoast_head_json":{"title":"OptiMate 3 x 4 BANK - OptiMate","description":"El OptiMate 3 x 4 BANK es el cargador y mantenedor de bater\u00edas de 4 bancos totalmente sellado para bater\u00edas de 12V AGM, GEL o STD. Leer m\u00e1s!","robots":{"index":"index","follow":"follow","max-snippet":"max-snippet:-1","max-image-preview":"max-image-preview:large","max-video-preview":"max-video-preview:-1","archive":"noarchive"},"canonical":"https:\/\/optimate1.com\/product\/om3x4-2020\/","og_locale":"es_ES","og_type":"article","og_title":"OptiMate 3 x 4 BANK - OptiMate","og_description":"El OptiMate 3 x 4 BANK es el cargador y mantenedor de bater\u00edas de 4 bancos totalmente sellado para bater\u00edas de 12V AGM, GEL o STD. Leer m\u00e1s!","og_url":"https:\/\/optimate1.com\/product\/om3x4-2020\/","og_site_name":"OptiMate","article_publisher":"https:\/\/www.facebook.com\/OptiMatebatterysavingcharger\/","article_modified_time":"2022-07-14T11:42:59+00:00","og_image":[{"width":900,"height":900,"url":"https:\/\/optimate1.com\/wp-content\/uploads\/2022\/07\/OptiMate-3-4-bank-TM45x-silver-corner-it.png","type":"image\/png"}],"twitter_card":"summary_large_image","twitter_misc":{"Tiempo de lectura":"1 minuto"},"schema":{"@context":"https:\/\/schema.org","@graph":[{"@type":"WebPage","@id":"https:\/\/optimate1.com\/product\/om3x4-2020\/","url":"https:\/\/optimate1.com\/product\/om3x4-2020\/","name":"OptiMate 3 x 4 BANK - OptiMate","isPartOf":{"@id":"https:\/\/optimate1.com\/#website"},"primaryImageOfPage":{"@id":"https:\/\/optimate1.com\/product\/om3x4-2020\/#primaryimage"},"image":{"@id":"https:\/\/optimate1.com\/product\/om3x4-2020\/#primaryimage"},"thumbnailUrl":"https:\/\/optimate1.com\/wp-content\/uploads\/2022\/07\/OptiMate-3-4-bank-TM45x-silver-corner-it.png","datePublished":"2019-06-06T15:50:52+00:00","dateModified":"2022-07-14T11:42:59+00:00","description":"El OptiMate 3 x 4 BANK es el cargador y mantenedor de bater\u00edas de 4 bancos totalmente sellado para bater\u00edas de 12V AGM, GEL o STD. Leer m\u00e1s!","breadcrumb":{"@id":"https:\/\/optimate1.com\/product\/om3x4-2020\/#breadcrumb"},"inLanguage":"es","potentialAction":[{"@type":"ReadAction","target":["https:\/\/optimate1.com\/product\/om3x4-2020\/"]}]},{"@type":"ImageObject","inLanguage":"es","@id":"https:\/\/optimate1.com\/product\/om3x4-2020\/#primaryimage","url":"https:\/\/optimate1.com\/wp-content\/uploads\/2022\/07\/OptiMate-3-4-bank-TM45x-silver-corner-it.png","contentUrl":"https:\/\/optimate1.com\/wp-content\/uploads\/2022\/07\/OptiMate-3-4-bank-TM45x-silver-corner-it.png","width":900,"height":900},{"@type":"BreadcrumbList","@id":"https:\/\/optimate1.com\/product\/om3x4-2020\/#breadcrumb","itemListElement":[{"@type":"ListItem","position":1,"name":"Home","item":"https:\/\/optimate1.com\/"},{"@type":"ListItem","position":2,"name":"Productos","item":"https:\/\/optimate1.com\/shop\/"},{"@type":"ListItem","position":3,"name":"OptiMate 3 x 4 BANK"}]},{"@type":"WebSite","@id":"https:\/\/optimate1.com\/#website","url":"https:\/\/optimate1.com\/","name":"OptiMate","description":"Battery Chargers &amp; Accessories","publisher":{"@id":"https:\/\/optimate1.com\/#organization"},"potentialAction":[{"@type":"SearchAction","target":{"@type":"EntryPoint","urlTemplate":"https:\/\/optimate1.com\/?s={search_term_string}"},"query-input":{"@type":"PropertyValueSpecification","valueRequired":true,"valueName":"search_term_string"}}],"inLanguage":"es"},{"@type":"Organization","@id":"https:\/\/optimate1.com\/#organization","name":"OptiMate","url":"https:\/\/optimate1.com\/","logo":{"@type":"ImageObject","inLanguage":"es","@id":"https:\/\/optimate1.com\/#\/schema\/logo\/image\/","url":"https:\/\/optimate1.com\/wp-content\/uploads\/2021\/06\/optimate-hpbc-stacklogo.jpg","contentUrl":"https:\/\/optimate1.com\/wp-content\/uploads\/2021\/06\/optimate-hpbc-stacklogo.jpg","width":1025,"height":529,"caption":"OptiMate"},"image":{"@id":"https:\/\/optimate1.com\/#\/schema\/logo\/image\/"},"sameAs":["https:\/\/www.facebook.com\/OptiMatebatterysavingcharger\/"]}]}},"_links":{"self":[{"href":"https:\/\/optimate1.com\/es\/wp-json\/wp\/v2\/product\/9183","targetHints":{"allow":["GET"]}}],"collection":[{"href":"https:\/\/optimate1.com\/es\/wp-json\/wp\/v2\/product"}],"about":[{"href":"https:\/\/optimate1.com\/es\/wp-json\/wp\/v2\/types\/product"}],"wp:featuredmedia":[{"embeddable":true,"href":"https:\/\/optimate1.com\/es\/wp-json\/wp\/v2\/media\/29972"}],"wp:attachment":[{"href":"https:\/\/optimate1.com\/es\/wp-json\/wp\/v2\/media?parent=9183"}],"wp:term":[{"taxonomy":"product_brand","embeddable":true,"href":"https:\/\/optimate1.com\/es\/wp-json\/wp\/v2\/product_brand?post=9183"},{"taxonomy":"product_cat","embeddable":true,"href":"https:\/\/optimate1.com\/es\/wp-json\/wp\/v2\/product_cat?post=9183"},{"taxonomy":"product_tag","embeddable":true,"href":"https:\/\/optimate1.com\/es\/wp-json\/wp\/v2\/product_tag?post=9183"}],"curies":[{"name":"wp","href":"https:\/\/api.w.org\/{rel}","templated":true}]}}