{"id":9203,"date":"2019-03-30T20:31:48","date_gmt":"2019-03-31T00:31:48","guid":{"rendered":"https:\/\/optimate1.com\/product\/optimate-4-dual-program\/"},"modified":"2022-07-14T07:53:30","modified_gmt":"2022-07-14T11:53:30","slug":"optimate-4-dual-program","status":"publish","type":"product","link":"https:\/\/optimate1.com\/es\/producto\/optimate-4-dual-program\/","title":{"rendered":"OptiMate 4 Dual Program"},"content":{"rendered":"<h3 class=\"entry-summary hidden-phone\">OptiMate 4 Dual Program, el cargador m\u00e1s avanzado y de confianza con modo de recuperaci\u00f3n para bater\u00edas de 12\u00a0V para su motocicleta de alto rendimiento, motocicleta de turismo, ATV, Side by Side o embarcaci\u00f3n personal &#8211; <em>\u00a1El cargador de 1\u00a0amperio m\u00e1s eficiente desde el punto de vista energ\u00e9tico en todo el mundo!<\/em><\/h3>\n<ul>\n<li><strong><span style=\"color: #10069f;\">El programa de carga dual que cuenta con la confianza de los conductores de todo el mundo <em>&#8211; Carga directamente en la bater\u00eda o mediante una toma de 12\u00a0V en motocicletas BMW con CAN-bus.\u00a0<\/em><\/span><\/strong><\/li>\n<li><strong><span style=\"color: #10069f;\">Cargue, pruebe y mantenga su bater\u00eda de arranque o de ciclo profundo de plomo-\u00e1cido de 12\u00a0V (STD, AGM, GEL)<em> &#8211; \u00a1Rendimiento de la bater\u00eda garantizado!\u00a0<\/em><\/span><\/strong><\/li>\n<li><strong><span style=\"color: #10069f;\">Recupera las bater\u00edas sulfatadas completamente descargadas con tan solo 0,5\u00a0V. &#8211; <em>El programa de recuperaci\u00f3n m\u00e1s avanzado.\u00a0<\/em><\/span><\/strong><\/li>\n<li><strong><span style=\"color: #10069f;\">Comprobaci\u00f3n avanzada y precisa antes y despu\u00e9s de la carga.<\/span><\/strong><\/li>\n<li><strong><span style=\"color: #10069f;\">El mantenimiento inteligente 24\/7 de OptiMate garantiza m\u00e1s potencia y prolonga la vida \u00fatil de la bater\u00eda!<br \/>\n<\/span><\/strong><\/li>\n<\/ul>\n<p>Modelos disponibles: Todos los cargadores de bater\u00edas OptiMate que se nombran a continuaci\u00f3n aceptan una entrada de corriente de 100-240 V CA y 50-60 Hz, <a href=\"https:\/\/optimate1.com\/es\/power-plugs-es\/\">solamente es diferente el TIPO de enchufe<\/a> para poder cumplir con la legislaci\u00f3n nacional\/regional sobre seguridad el\u00e9ctrica.<\/p>\n<div class=\"woocommerce columns-3 \"><ul class=\"products columns-3\">\n<li class=\"thunk-woo-product-list opn-qv-enable big-store-woo-hover- open-single-product-tab-horizontal open-shadow- open-shadow-hover- product type-product product_cat-battery-chargers-es post-9204 status-publish first instock has-post-thumbnail shipping-taxable purchasable product-type-variation\">\n\t<div class=\"thunk-product-wrap\"><div class=\"thunk-product\"><a href=\"https:\/\/optimate1.com\/es\/producto\/optimate-4-dual-program\/?attribute_pa_region=us-es-2\" class=\"woocommerce-LoopProduct-link woocommerce-loop-product__link\"><div class=\"thunk-product-image\"><img loading=\"lazy\" decoding=\"async\" width=\"320\" height=\"320\" src=\"https:\/\/optimate1.com\/wp-content\/uploads\/2019\/03\/OptiMate-4-Dual-Program-TM341-3-1-320x320.png\" class=\"attachment-woocommerce_thumbnail size-woocommerce_thumbnail\" alt=\"OptiMate 4 Dual ProgramTYPE A\" srcset=\"https:\/\/optimate1.com\/wp-content\/uploads\/2019\/03\/OptiMate-4-Dual-Program-TM341-3-1-320x320.png 320w, https:\/\/optimate1.com\/wp-content\/uploads\/2019\/03\/OptiMate-4-Dual-Program-TM341-3-1-100x100.png 100w, https:\/\/optimate1.com\/wp-content\/uploads\/2019\/03\/OptiMate-4-Dual-Program-TM341-3-1-600x600.png 600w, https:\/\/optimate1.com\/wp-content\/uploads\/2019\/03\/OptiMate-4-Dual-Program-TM341-3-1-64x64.png 64w, https:\/\/optimate1.com\/wp-content\/uploads\/2019\/03\/OptiMate-4-Dual-Program-TM341-3-1-150x150.png 150w, https:\/\/optimate1.com\/wp-content\/uploads\/2019\/03\/OptiMate-4-Dual-Program-TM341-3-1-300x300.png 300w, https:\/\/optimate1.com\/wp-content\/uploads\/2019\/03\/OptiMate-4-Dual-Program-TM341-3-1-768x768.png 768w, https:\/\/optimate1.com\/wp-content\/uploads\/2019\/03\/OptiMate-4-Dual-Program-TM341-3-1.png 900w\" sizes=\"auto, (max-width: 320px) 100vw, 320px\" \/><\/div><div class=\"thunk-product-content\"><h2 class=\"woocommerce-loop-product__title\">OptiMate 4 Dual ProgramTYPE A<\/h2>\n\t<span class=\"price\"><span class=\"woocommerce-Price-amount amount\"><bdi><span class=\"woocommerce-Price-currencySymbol\">&#36;<\/span>84.95<\/bdi><\/span><\/span>\n<\/div><div class=\"thunk-product-hover\"><\/a>           <div class=\"os-product-excerpt\"><p>Region: US<\/p>\n<\/div>\n        <div class=\"thunk-quik\">\n\t\t\t             <div class=\"thunk-quickview\">\n                               <span class=\"quik-view\">\n                                   <a href=\"#\" class=\"opn-quick-view-text\"  data-product_id=\"9204\">\n                                      <span>Vista r\u00e1pida<\/span>\n                                    \n                                   <\/a>\n                            <\/span>\n                          <\/div><\/div><\/div><\/div><\/div><\/li>\n<li class=\"thunk-woo-product-list opn-qv-enable big-store-woo-hover- open-single-product-tab-horizontal open-shadow- open-shadow-hover- product type-product product_cat-battery-chargers-es post-9205 status-publish instock has-post-thumbnail shipping-taxable purchasable product-type-variation\">\n\t<div class=\"thunk-product-wrap\"><div class=\"thunk-product\"><a href=\"https:\/\/optimate1.com\/es\/producto\/optimate-4-dual-program\/?attribute_pa_region=eu-es-2\" class=\"woocommerce-LoopProduct-link woocommerce-loop-product__link\"><div class=\"thunk-product-image\"><img loading=\"lazy\" decoding=\"async\" width=\"320\" height=\"320\" src=\"https:\/\/optimate1.com\/wp-content\/uploads\/2019\/06\/OptiMate-4-Dual-Program-TM340-3-320x320.png\" class=\"attachment-woocommerce_thumbnail size-woocommerce_thumbnail\" alt=\"OptiMate 4 Dual Program 1ATYPE C\" srcset=\"https:\/\/optimate1.com\/wp-content\/uploads\/2019\/06\/OptiMate-4-Dual-Program-TM340-3-320x320.png 320w, https:\/\/optimate1.com\/wp-content\/uploads\/2019\/06\/OptiMate-4-Dual-Program-TM340-3-100x100.png 100w, https:\/\/optimate1.com\/wp-content\/uploads\/2019\/06\/OptiMate-4-Dual-Program-TM340-3-600x600.png 600w, https:\/\/optimate1.com\/wp-content\/uploads\/2019\/06\/OptiMate-4-Dual-Program-TM340-3-64x64.png 64w, https:\/\/optimate1.com\/wp-content\/uploads\/2019\/06\/OptiMate-4-Dual-Program-TM340-3-150x150.png 150w, https:\/\/optimate1.com\/wp-content\/uploads\/2019\/06\/OptiMate-4-Dual-Program-TM340-3-300x300.png 300w, https:\/\/optimate1.com\/wp-content\/uploads\/2019\/06\/OptiMate-4-Dual-Program-TM340-3-768x768.png 768w, https:\/\/optimate1.com\/wp-content\/uploads\/2019\/06\/OptiMate-4-Dual-Program-TM340-3.png 900w\" sizes=\"auto, (max-width: 320px) 100vw, 320px\" \/><\/div><div class=\"thunk-product-content\"><h2 class=\"woocommerce-loop-product__title\">OptiMate 4 Dual Program 1ATYPE C<\/h2>\n\t<span class=\"price\"><span class=\"woocommerce-Price-amount amount\"><bdi><span class=\"woocommerce-Price-currencySymbol\">&#36;<\/span>84.95<\/bdi><\/span><\/span>\n<\/div><div class=\"thunk-product-hover\"><\/a>           <div class=\"os-product-excerpt\"><p>Region: EU<\/p>\n<\/div>\n        <div class=\"thunk-quik\">\n\t\t\t             <div class=\"thunk-quickview\">\n                               <span class=\"quik-view\">\n                                   <a href=\"#\" class=\"opn-quick-view-text\"  data-product_id=\"9205\">\n                                      <span>Vista r\u00e1pida<\/span>\n                                    \n                                   <\/a>\n                            <\/span>\n                          <\/div><\/div><\/div><\/div><\/div><\/li>\n<li class=\"thunk-woo-product-list opn-qv-enable big-store-woo-hover- open-single-product-tab-horizontal open-shadow- open-shadow-hover- product type-product product_cat-battery-chargers-es post-9206 status-publish last instock has-post-thumbnail shipping-taxable purchasable product-type-variation\">\n\t<div class=\"thunk-product-wrap\"><div class=\"thunk-product\"><a href=\"https:\/\/optimate1.com\/es\/producto\/optimate-4-dual-program\/?attribute_pa_region=uk-es-2\" class=\"woocommerce-LoopProduct-link woocommerce-loop-product__link\"><div class=\"thunk-product-image\"><img loading=\"lazy\" decoding=\"async\" width=\"320\" height=\"320\" src=\"https:\/\/optimate1.com\/wp-content\/uploads\/2019\/06\/OptiMate-4-Dual-Program-TM342-3-320x320.jpg\" class=\"attachment-woocommerce_thumbnail size-woocommerce_thumbnail\" alt=\"OptiMate 4 Dual Program 1A BSTYPE G\" srcset=\"https:\/\/optimate1.com\/wp-content\/uploads\/2019\/06\/OptiMate-4-Dual-Program-TM342-3-320x320.jpg 320w, https:\/\/optimate1.com\/wp-content\/uploads\/2019\/06\/OptiMate-4-Dual-Program-TM342-3-100x100.jpg 100w, https:\/\/optimate1.com\/wp-content\/uploads\/2019\/06\/OptiMate-4-Dual-Program-TM342-3-600x600.jpg 600w, https:\/\/optimate1.com\/wp-content\/uploads\/2019\/06\/OptiMate-4-Dual-Program-TM342-3-64x64.jpg 64w, https:\/\/optimate1.com\/wp-content\/uploads\/2019\/06\/OptiMate-4-Dual-Program-TM342-3-150x150.jpg 150w, https:\/\/optimate1.com\/wp-content\/uploads\/2019\/06\/OptiMate-4-Dual-Program-TM342-3-300x300.jpg 300w, https:\/\/optimate1.com\/wp-content\/uploads\/2019\/06\/OptiMate-4-Dual-Program-TM342-3-768x768.jpg 768w, https:\/\/optimate1.com\/wp-content\/uploads\/2019\/06\/OptiMate-4-Dual-Program-TM342-3.jpg 900w\" sizes=\"auto, (max-width: 320px) 100vw, 320px\" \/><\/div><div class=\"thunk-product-content\"><h2 class=\"woocommerce-loop-product__title\">OptiMate 4 Dual Program 1A BSTYPE G<\/h2>\n\t<span class=\"price\"><span class=\"woocommerce-Price-amount amount\"><bdi><span class=\"woocommerce-Price-currencySymbol\">&#36;<\/span>84.95<\/bdi><\/span><\/span>\n<\/div><div class=\"thunk-product-hover\"><\/a>           <div class=\"os-product-excerpt\"><p>Region: UK<\/p>\n<\/div>\n        <div class=\"thunk-quik\">\n\t\t\t             <div class=\"thunk-quickview\">\n                               <span class=\"quik-view\">\n                                   <a href=\"#\" class=\"opn-quick-view-text\"  data-product_id=\"9206\">\n                                      <span>Vista r\u00e1pida<\/span>\n                                    \n                                   <\/a>\n                            <\/span>\n                          <\/div><\/div><\/div><\/div><\/div><\/li>\n<\/ul>\n<\/div>\n<p>&nbsp;<\/p>\n","protected":false},"excerpt":{"rendered":"<h3><span style=\"color: #cd202c;\">Cargador-mantenedor con modo de recuperaci\u00f3n para bater\u00edas selladas de 12\u00a0V y 1A en 9 fases<\/span><\/h3>\n","protected":false},"featured_media":29975,"template":"","meta":[],"product_brand":[],"product_cat":[437],"product_tag":[],"class_list":{"0":"post-9203","1":"product","2":"type-product","3":"status-publish","4":"has-post-thumbnail","6":"product_cat-battery-chargers-es","7":"pa_charge-battery-chemistry-pb-agm-gel-std-lead-acid-es","8":"pa_charge-battery-more-12v-es","9":"pa_charge-battery-more-motocicleta-vehiculo-todo-terreno","10":"pa_charge-battery-more-utv-sxs-cruiser-es","11":"pa_power-ac-100-240vac-es","12":"pa_product-group-optimate-4-es","13":"pa_region-ca-es-2","14":"pa_region-eu-es-2","15":"pa_region-uk-es-2","16":"pa_region-us-es-2","17":"iside_voltage-12-es","18":"iside_ampere-1-es","19":"iside_vehicle-motocicleta-deportes-de-motor-es","20":"iside_charger_series-gold-advanced-es-2","21":"iside_battery_voltage-12v-es","22":"thunk-woo-product-list","23":"opn-qv-enable","24":"big-store-woo-hover-","25":"open-single-product-tab-horizontal","26":"open-shadow-","27":"open-shadow-hover-","31":"first","32":"instock","33":"featured","34":"shipping-taxable","35":"purchasable","36":"product-type-variable"},"yoast_head":"<!-- This site is optimized with the Yoast SEO plugin v27.2 - https:\/\/yoast.com\/product\/yoast-seo-wordpress\/ -->\n<title>OptiMate 4 Dual Program - OptiMate<\/title>\n<meta name=\"description\" content=\"El OptiMate 4 Dual Program es el cargador de moto ahorro de bater\u00eda de 12V m\u00e1s avanzado y fiable para un alto rendimiento. Leer m\u00e1s!\" \/>\n<meta name=\"robots\" content=\"index, follow, max-snippet:-1, max-image-preview:large, max-video-preview:-1, noarchive\" \/>\n<link rel=\"canonical\" href=\"https:\/\/optimate1.com\/product\/om4\/\" \/>\n<meta property=\"og:locale\" content=\"es_ES\" \/>\n<meta property=\"og:type\" content=\"article\" \/>\n<meta property=\"og:title\" content=\"OptiMate 4 Dual Program - OptiMate\" \/>\n<meta property=\"og:description\" content=\"El OptiMate 4 Dual Program es el cargador de moto ahorro de bater\u00eda de 12V m\u00e1s avanzado y fiable para un alto rendimiento. Leer m\u00e1s!\" \/>\n<meta property=\"og:url\" content=\"https:\/\/optimate1.com\/product\/om4\/\" \/>\n<meta property=\"og:site_name\" content=\"OptiMate\" \/>\n<meta property=\"article:publisher\" content=\"https:\/\/www.facebook.com\/OptiMatebatterysavingcharger\/\" \/>\n<meta property=\"article:modified_time\" content=\"2022-07-14T11:53:30+00:00\" \/>\n<meta property=\"og:image\" content=\"https:\/\/optimate1.com\/wp-content\/uploads\/2022\/07\/OptiMate-4-Dual-Program-TM34x-gold-es.png\" \/>\n\t<meta property=\"og:image:width\" content=\"900\" \/>\n\t<meta property=\"og:image:height\" content=\"900\" \/>\n\t<meta property=\"og:image:type\" content=\"image\/png\" \/>\n<meta name=\"twitter:card\" content=\"summary_large_image\" \/>\n<meta name=\"twitter:label1\" content=\"Tiempo de lectura\" \/>\n\t<meta name=\"twitter:data1\" content=\"1 minuto\" \/>\n<script type=\"application\/ld+json\" class=\"yoast-schema-graph\">{\"@context\":\"https:\/\/schema.org\",\"@graph\":[{\"@type\":\"WebPage\",\"@id\":\"https:\/\/optimate1.com\/product\/om4\/\",\"url\":\"https:\/\/optimate1.com\/product\/om4\/\",\"name\":\"OptiMate 4 Dual Program - OptiMate\",\"isPartOf\":{\"@id\":\"https:\/\/optimate1.com\/#website\"},\"primaryImageOfPage\":{\"@id\":\"https:\/\/optimate1.com\/product\/om4\/#primaryimage\"},\"image\":{\"@id\":\"https:\/\/optimate1.com\/product\/om4\/#primaryimage\"},\"thumbnailUrl\":\"https:\/\/optimate1.com\/wp-content\/uploads\/2022\/07\/OptiMate-4-Dual-Program-TM34x-gold-es.png\",\"datePublished\":\"2019-03-31T00:31:48+00:00\",\"dateModified\":\"2022-07-14T11:53:30+00:00\",\"description\":\"El OptiMate 4 Dual Program es el cargador de moto ahorro de bater\u00eda de 12V m\u00e1s avanzado y fiable para un alto rendimiento. Leer m\u00e1s!\",\"breadcrumb\":{\"@id\":\"https:\/\/optimate1.com\/product\/om4\/#breadcrumb\"},\"inLanguage\":\"es\",\"potentialAction\":[{\"@type\":\"ReadAction\",\"target\":[\"https:\/\/optimate1.com\/product\/om4\/\"]}]},{\"@type\":\"ImageObject\",\"inLanguage\":\"es\",\"@id\":\"https:\/\/optimate1.com\/product\/om4\/#primaryimage\",\"url\":\"https:\/\/optimate1.com\/wp-content\/uploads\/2022\/07\/OptiMate-4-Dual-Program-TM34x-gold-es.png\",\"contentUrl\":\"https:\/\/optimate1.com\/wp-content\/uploads\/2022\/07\/OptiMate-4-Dual-Program-TM34x-gold-es.png\",\"width\":900,\"height\":900,\"caption\":\"cargador de moto de 12v imagen del producto\"},{\"@type\":\"BreadcrumbList\",\"@id\":\"https:\/\/optimate1.com\/product\/om4\/#breadcrumb\",\"itemListElement\":[{\"@type\":\"ListItem\",\"position\":1,\"name\":\"Home\",\"item\":\"https:\/\/optimate1.com\/\"},{\"@type\":\"ListItem\",\"position\":2,\"name\":\"Productos\",\"item\":\"https:\/\/optimate1.com\/shop\/\"},{\"@type\":\"ListItem\",\"position\":3,\"name\":\"OptiMate 4 Dual Program\"}]},{\"@type\":\"WebSite\",\"@id\":\"https:\/\/optimate1.com\/#website\",\"url\":\"https:\/\/optimate1.com\/\",\"name\":\"OptiMate\",\"description\":\"Battery Chargers &amp; Accessories\",\"publisher\":{\"@id\":\"https:\/\/optimate1.com\/#organization\"},\"potentialAction\":[{\"@type\":\"SearchAction\",\"target\":{\"@type\":\"EntryPoint\",\"urlTemplate\":\"https:\/\/optimate1.com\/?s={search_term_string}\"},\"query-input\":{\"@type\":\"PropertyValueSpecification\",\"valueRequired\":true,\"valueName\":\"search_term_string\"}}],\"inLanguage\":\"es\"},{\"@type\":\"Organization\",\"@id\":\"https:\/\/optimate1.com\/#organization\",\"name\":\"OptiMate\",\"url\":\"https:\/\/optimate1.com\/\",\"logo\":{\"@type\":\"ImageObject\",\"inLanguage\":\"es\",\"@id\":\"https:\/\/optimate1.com\/#\/schema\/logo\/image\/\",\"url\":\"https:\/\/optimate1.com\/wp-content\/uploads\/2021\/06\/optimate-hpbc-stacklogo.jpg\",\"contentUrl\":\"https:\/\/optimate1.com\/wp-content\/uploads\/2021\/06\/optimate-hpbc-stacklogo.jpg\",\"width\":1025,\"height\":529,\"caption\":\"OptiMate\"},\"image\":{\"@id\":\"https:\/\/optimate1.com\/#\/schema\/logo\/image\/\"},\"sameAs\":[\"https:\/\/www.facebook.com\/OptiMatebatterysavingcharger\/\"]}]}<\/script>\n<!-- \/ Yoast SEO plugin. -->","yoast_head_json":{"title":"OptiMate 4 Dual Program - OptiMate","description":"El OptiMate 4 Dual Program es el cargador de moto ahorro de bater\u00eda de 12V m\u00e1s avanzado y fiable para un alto rendimiento. Leer m\u00e1s!","robots":{"index":"index","follow":"follow","max-snippet":"max-snippet:-1","max-image-preview":"max-image-preview:large","max-video-preview":"max-video-preview:-1","archive":"noarchive"},"canonical":"https:\/\/optimate1.com\/product\/om4\/","og_locale":"es_ES","og_type":"article","og_title":"OptiMate 4 Dual Program - OptiMate","og_description":"El OptiMate 4 Dual Program es el cargador de moto ahorro de bater\u00eda de 12V m\u00e1s avanzado y fiable para un alto rendimiento. Leer m\u00e1s!","og_url":"https:\/\/optimate1.com\/product\/om4\/","og_site_name":"OptiMate","article_publisher":"https:\/\/www.facebook.com\/OptiMatebatterysavingcharger\/","article_modified_time":"2022-07-14T11:53:30+00:00","og_image":[{"width":900,"height":900,"url":"https:\/\/optimate1.com\/wp-content\/uploads\/2022\/07\/OptiMate-4-Dual-Program-TM34x-gold-es.png","type":"image\/png"}],"twitter_card":"summary_large_image","twitter_misc":{"Tiempo de lectura":"1 minuto"},"schema":{"@context":"https:\/\/schema.org","@graph":[{"@type":"WebPage","@id":"https:\/\/optimate1.com\/product\/om4\/","url":"https:\/\/optimate1.com\/product\/om4\/","name":"OptiMate 4 Dual Program - OptiMate","isPartOf":{"@id":"https:\/\/optimate1.com\/#website"},"primaryImageOfPage":{"@id":"https:\/\/optimate1.com\/product\/om4\/#primaryimage"},"image":{"@id":"https:\/\/optimate1.com\/product\/om4\/#primaryimage"},"thumbnailUrl":"https:\/\/optimate1.com\/wp-content\/uploads\/2022\/07\/OptiMate-4-Dual-Program-TM34x-gold-es.png","datePublished":"2019-03-31T00:31:48+00:00","dateModified":"2022-07-14T11:53:30+00:00","description":"El OptiMate 4 Dual Program es el cargador de moto ahorro de bater\u00eda de 12V m\u00e1s avanzado y fiable para un alto rendimiento. Leer m\u00e1s!","breadcrumb":{"@id":"https:\/\/optimate1.com\/product\/om4\/#breadcrumb"},"inLanguage":"es","potentialAction":[{"@type":"ReadAction","target":["https:\/\/optimate1.com\/product\/om4\/"]}]},{"@type":"ImageObject","inLanguage":"es","@id":"https:\/\/optimate1.com\/product\/om4\/#primaryimage","url":"https:\/\/optimate1.com\/wp-content\/uploads\/2022\/07\/OptiMate-4-Dual-Program-TM34x-gold-es.png","contentUrl":"https:\/\/optimate1.com\/wp-content\/uploads\/2022\/07\/OptiMate-4-Dual-Program-TM34x-gold-es.png","width":900,"height":900,"caption":"cargador de moto de 12v imagen del producto"},{"@type":"BreadcrumbList","@id":"https:\/\/optimate1.com\/product\/om4\/#breadcrumb","itemListElement":[{"@type":"ListItem","position":1,"name":"Home","item":"https:\/\/optimate1.com\/"},{"@type":"ListItem","position":2,"name":"Productos","item":"https:\/\/optimate1.com\/shop\/"},{"@type":"ListItem","position":3,"name":"OptiMate 4 Dual Program"}]},{"@type":"WebSite","@id":"https:\/\/optimate1.com\/#website","url":"https:\/\/optimate1.com\/","name":"OptiMate","description":"Battery Chargers &amp; Accessories","publisher":{"@id":"https:\/\/optimate1.com\/#organization"},"potentialAction":[{"@type":"SearchAction","target":{"@type":"EntryPoint","urlTemplate":"https:\/\/optimate1.com\/?s={search_term_string}"},"query-input":{"@type":"PropertyValueSpecification","valueRequired":true,"valueName":"search_term_string"}}],"inLanguage":"es"},{"@type":"Organization","@id":"https:\/\/optimate1.com\/#organization","name":"OptiMate","url":"https:\/\/optimate1.com\/","logo":{"@type":"ImageObject","inLanguage":"es","@id":"https:\/\/optimate1.com\/#\/schema\/logo\/image\/","url":"https:\/\/optimate1.com\/wp-content\/uploads\/2021\/06\/optimate-hpbc-stacklogo.jpg","contentUrl":"https:\/\/optimate1.com\/wp-content\/uploads\/2021\/06\/optimate-hpbc-stacklogo.jpg","width":1025,"height":529,"caption":"OptiMate"},"image":{"@id":"https:\/\/optimate1.com\/#\/schema\/logo\/image\/"},"sameAs":["https:\/\/www.facebook.com\/OptiMatebatterysavingcharger\/"]}]}},"_links":{"self":[{"href":"https:\/\/optimate1.com\/es\/wp-json\/wp\/v2\/product\/9203","targetHints":{"allow":["GET"]}}],"collection":[{"href":"https:\/\/optimate1.com\/es\/wp-json\/wp\/v2\/product"}],"about":[{"href":"https:\/\/optimate1.com\/es\/wp-json\/wp\/v2\/types\/product"}],"wp:featuredmedia":[{"embeddable":true,"href":"https:\/\/optimate1.com\/es\/wp-json\/wp\/v2\/media\/29975"}],"wp:attachment":[{"href":"https:\/\/optimate1.com\/es\/wp-json\/wp\/v2\/media?parent=9203"}],"wp:term":[{"taxonomy":"product_brand","embeddable":true,"href":"https:\/\/optimate1.com\/es\/wp-json\/wp\/v2\/product_brand?post=9203"},{"taxonomy":"product_cat","embeddable":true,"href":"https:\/\/optimate1.com\/es\/wp-json\/wp\/v2\/product_cat?post=9203"},{"taxonomy":"product_tag","embeddable":true,"href":"https:\/\/optimate1.com\/es\/wp-json\/wp\/v2\/product_tag?post=9203"}],"curies":[{"name":"wp","href":"https:\/\/api.w.org\/{rel}","templated":true}]}}