{"id":9238,"date":"2019-06-07T11:44:25","date_gmt":"2019-06-07T15:44:25","guid":{"rendered":"https:\/\/optimate1.com\/product\/optimate-5-start-stop\/"},"modified":"2021-10-07T10:06:09","modified_gmt":"2021-10-07T14:06:09","slug":"optimate-5-start-stop","status":"publish","type":"product","link":"https:\/\/optimate1.com\/es\/producto\/optimate-5-start-stop\/","title":{"rendered":"OptiMate 5 Start-Stop"},"content":{"rendered":"<h3>OptiMate 5 Start\/Stop, el cargador-mantenedor de potencia perfecto para su veh\u00edculo, camioneta y motocicleta Vtwin o veh\u00edculos de 4 ruedas (ATV\u00a0\/\u00a0Side by Side) &#8211; <em>Cuidado de las bater\u00edas 24\/7 para bater\u00edas medianas y grandes de 12\u00a0V!<\/em><\/h3>\n<ul>\n<li><span style=\"color: #10069f;\"><b>Cargue, pruebe y mantenga su bater\u00eda de arranque o de ciclo profundo de 12\u00a0V AGM, GEL, EFB o STD<em> &#8211; \u00a1Rendimiento de la bater\u00eda garantizado!\u00a0<\/em><\/b><\/span><\/li>\n<li><span style=\"color: #10069f;\"><b>La carga proporciona 4\u00a0A de corriente constante &#8211;<em> Carga m\u00e1s r\u00e1pida: el veh\u00edculo vuelve a estar en circulaci\u00f3n antes! <\/em><\/b><\/span><\/li>\n<li><span style=\"color: #10069f;\"><b>Ideal para veh\u00edculos ecol\u00f3gicos con tecnolog\u00eda Start\/Stop &#8211;<em> 100\u00a0% segura para dispositivos electr\u00f3nicos sensibles.\u00a0<\/em><\/b><\/span><\/li>\n<li><span style=\"color: #10069f;\"><b>El mantenimiento inteligente 24\/7 de OptiMate garantiza m\u00e1s potencia y prolonga la vida \u00fatil de la bater\u00eda !<br \/>\n<\/b><\/span><\/li>\n<\/ul>\n<p>Modelos disponibles: Todos los cargadores de bater\u00edas OptiMate que se nombran a continuaci\u00f3n aceptan una entrada de corriente de 100-240 V CA y 50-60 Hz, <a href=\"https:\/\/optimate1.com\/es\/power-plugs-es\/\">solamente es diferente el TIPO de enchufe<\/a> para poder cumplir con la legislaci\u00f3n nacional\/regional sobre seguridad el\u00e9ctrica.<\/p>\n<div class=\"woocommerce columns-3 \"><ul class=\"products columns-3\">\n<li class=\"thunk-woo-product-list opn-qv-enable big-store-woo-hover- open-single-product-tab-horizontal open-shadow- open-shadow-hover- product type-product product_cat-marine-chargers-es product_cat-marine-es post-9239 status-publish first instock has-post-thumbnail shipping-taxable purchasable product-type-variation\">\n\t<div class=\"thunk-product-wrap\"><div class=\"thunk-product\"><a href=\"https:\/\/optimate1.com\/es\/producto\/optimate-5-start-stop\/?attribute_pa_region=us-es-2\" class=\"woocommerce-LoopProduct-link woocommerce-loop-product__link\"><div class=\"thunk-product-image\"><img loading=\"lazy\" decoding=\"async\" width=\"320\" height=\"320\" src=\"https:\/\/optimate1.com\/wp-content\/uploads\/2019\/06\/OptiMate-5-Start-Stop-TM220221-3-1-320x320.png\" class=\"attachment-woocommerce_thumbnail size-woocommerce_thumbnail\" alt=\"OptiMATE 5 Start\/Stop&lt;br \/&gt;TYPE A\" srcset=\"https:\/\/optimate1.com\/wp-content\/uploads\/2019\/06\/OptiMate-5-Start-Stop-TM220221-3-1-320x320.png 320w, https:\/\/optimate1.com\/wp-content\/uploads\/2019\/06\/OptiMate-5-Start-Stop-TM220221-3-1-100x100.png 100w, https:\/\/optimate1.com\/wp-content\/uploads\/2019\/06\/OptiMate-5-Start-Stop-TM220221-3-1-600x600.png 600w, https:\/\/optimate1.com\/wp-content\/uploads\/2019\/06\/OptiMate-5-Start-Stop-TM220221-3-1-64x64.png 64w, https:\/\/optimate1.com\/wp-content\/uploads\/2019\/06\/OptiMate-5-Start-Stop-TM220221-3-1-150x150.png 150w, https:\/\/optimate1.com\/wp-content\/uploads\/2019\/06\/OptiMate-5-Start-Stop-TM220221-3-1-300x300.png 300w, https:\/\/optimate1.com\/wp-content\/uploads\/2019\/06\/OptiMate-5-Start-Stop-TM220221-3-1-768x768.png 768w, https:\/\/optimate1.com\/wp-content\/uploads\/2019\/06\/OptiMate-5-Start-Stop-TM220221-3-1.png 900w\" sizes=\"auto, (max-width: 320px) 100vw, 320px\" \/><\/div><div class=\"thunk-product-content\"><h2 class=\"woocommerce-loop-product__title\">OptiMATE 5 Start\/Stop<br \/>TYPE A<\/h2>\n\t<span class=\"price\"><span class=\"woocommerce-Price-amount amount\"><bdi><span class=\"woocommerce-Price-currencySymbol\">&#36;<\/span>82.89<\/bdi><\/span><\/span>\n<\/div><div class=\"thunk-product-hover\"><\/a>           <div class=\"os-product-excerpt\"><p>Region: US<\/p>\n<\/div>\n        <div class=\"thunk-quik\">\n\t\t\t             <div class=\"thunk-quickview\">\n                               <span class=\"quik-view\">\n                                   <a href=\"#\" class=\"opn-quick-view-text\"  data-product_id=\"9239\">\n                                      <span>Vista r\u00e1pida<\/span>\n                                    \n                                   <\/a>\n                            <\/span>\n                          <\/div><\/div><\/div><\/div><\/div><\/li>\n<li class=\"thunk-woo-product-list opn-qv-enable big-store-woo-hover- open-single-product-tab-horizontal open-shadow- open-shadow-hover- product type-product product_cat-marine-chargers-es product_cat-marine-es post-9240 status-publish instock has-post-thumbnail shipping-taxable purchasable product-type-variation\">\n\t<div class=\"thunk-product-wrap\"><div class=\"thunk-product\"><a href=\"https:\/\/optimate1.com\/es\/producto\/optimate-5-start-stop\/?attribute_pa_region=eu-es-2\" class=\"woocommerce-LoopProduct-link woocommerce-loop-product__link\"><div class=\"thunk-product-image\"><img loading=\"lazy\" decoding=\"async\" width=\"320\" height=\"320\" src=\"https:\/\/optimate1.com\/wp-content\/uploads\/2019\/06\/OptiMate-5-Start-Stop-TM220-3-320x320.png\" class=\"attachment-woocommerce_thumbnail size-woocommerce_thumbnail\" alt=\"OptiMATE 5 Start\/Stop&lt;br \/&gt;TYPE C\" srcset=\"https:\/\/optimate1.com\/wp-content\/uploads\/2019\/06\/OptiMate-5-Start-Stop-TM220-3-320x320.png 320w, https:\/\/optimate1.com\/wp-content\/uploads\/2019\/06\/OptiMate-5-Start-Stop-TM220-3-100x100.png 100w, https:\/\/optimate1.com\/wp-content\/uploads\/2019\/06\/OptiMate-5-Start-Stop-TM220-3-600x600.png 600w, https:\/\/optimate1.com\/wp-content\/uploads\/2019\/06\/OptiMate-5-Start-Stop-TM220-3-64x64.png 64w, https:\/\/optimate1.com\/wp-content\/uploads\/2019\/06\/OptiMate-5-Start-Stop-TM220-3-150x150.png 150w, https:\/\/optimate1.com\/wp-content\/uploads\/2019\/06\/OptiMate-5-Start-Stop-TM220-3-300x300.png 300w, https:\/\/optimate1.com\/wp-content\/uploads\/2019\/06\/OptiMate-5-Start-Stop-TM220-3-768x768.png 768w, https:\/\/optimate1.com\/wp-content\/uploads\/2019\/06\/OptiMate-5-Start-Stop-TM220-3.png 900w\" sizes=\"auto, (max-width: 320px) 100vw, 320px\" \/><\/div><div class=\"thunk-product-content\"><h2 class=\"woocommerce-loop-product__title\">OptiMATE 5 Start\/Stop<br \/>TYPE C<\/h2>\n\t<span class=\"price\"><span class=\"woocommerce-Price-amount amount\"><bdi><span class=\"woocommerce-Price-currencySymbol\">&#36;<\/span>82.89<\/bdi><\/span><\/span>\n<\/div><div class=\"thunk-product-hover\"><\/a>           <div class=\"os-product-excerpt\"><p>Region: EU<\/p>\n<\/div>\n        <div class=\"thunk-quik\">\n\t\t\t             <div class=\"thunk-quickview\">\n                               <span class=\"quik-view\">\n                                   <a href=\"#\" class=\"opn-quick-view-text\"  data-product_id=\"9240\">\n                                      <span>Vista r\u00e1pida<\/span>\n                                    \n                                   <\/a>\n                            <\/span>\n                          <\/div><\/div><\/div><\/div><\/div><\/li>\n<li class=\"thunk-woo-product-list opn-qv-enable big-store-woo-hover- open-single-product-tab-horizontal open-shadow- open-shadow-hover- product type-product product_cat-marine-chargers-es product_cat-marine-es post-9241 status-publish last instock has-post-thumbnail shipping-taxable purchasable product-type-variation\">\n\t<div class=\"thunk-product-wrap\"><div class=\"thunk-product\"><a href=\"https:\/\/optimate1.com\/es\/producto\/optimate-5-start-stop\/?attribute_pa_region=uk-es-2\" class=\"woocommerce-LoopProduct-link woocommerce-loop-product__link\"><div class=\"thunk-product-image\"><img loading=\"lazy\" decoding=\"async\" width=\"320\" height=\"320\" src=\"https:\/\/optimate1.com\/wp-content\/uploads\/2019\/06\/OptiMate-5-Start-Stop-TM220BS-3-320x320.jpg\" class=\"attachment-woocommerce_thumbnail size-woocommerce_thumbnail\" alt=\"OptiMATE 5 Start\/Stop&lt;br \/&gt;TYPE G\" srcset=\"https:\/\/optimate1.com\/wp-content\/uploads\/2019\/06\/OptiMate-5-Start-Stop-TM220BS-3-320x320.jpg 320w, https:\/\/optimate1.com\/wp-content\/uploads\/2019\/06\/OptiMate-5-Start-Stop-TM220BS-3-100x100.jpg 100w, https:\/\/optimate1.com\/wp-content\/uploads\/2019\/06\/OptiMate-5-Start-Stop-TM220BS-3-600x600.jpg 600w, https:\/\/optimate1.com\/wp-content\/uploads\/2019\/06\/OptiMate-5-Start-Stop-TM220BS-3-64x64.jpg 64w, https:\/\/optimate1.com\/wp-content\/uploads\/2019\/06\/OptiMate-5-Start-Stop-TM220BS-3-300x300.jpg 300w, https:\/\/optimate1.com\/wp-content\/uploads\/2019\/06\/OptiMate-5-Start-Stop-TM220BS-3-150x150.jpg 150w, https:\/\/optimate1.com\/wp-content\/uploads\/2019\/06\/OptiMate-5-Start-Stop-TM220BS-3-768x768.jpg 768w, https:\/\/optimate1.com\/wp-content\/uploads\/2019\/06\/OptiMate-5-Start-Stop-TM220BS-3.jpg 900w\" sizes=\"auto, (max-width: 320px) 100vw, 320px\" \/><\/div><div class=\"thunk-product-content\"><h2 class=\"woocommerce-loop-product__title\">OptiMATE 5 Start\/Stop<br \/>TYPE G<\/h2>\n\t<span class=\"price\"><span class=\"woocommerce-Price-amount amount\"><bdi><span class=\"woocommerce-Price-currencySymbol\">&#36;<\/span>82.89<\/bdi><\/span><\/span>\n<\/div><div class=\"thunk-product-hover\"><\/a>           <div class=\"os-product-excerpt\"><p>Region: UK<\/p>\n<\/div>\n        <div class=\"thunk-quik\">\n\t\t\t             <div class=\"thunk-quickview\">\n                               <span class=\"quik-view\">\n                                   <a href=\"#\" class=\"opn-quick-view-text\"  data-product_id=\"9241\">\n                                      <span>Vista r\u00e1pida<\/span>\n                                    \n                                   <\/a>\n                            <\/span>\n                          <\/div><\/div><\/div><\/div><\/div><\/li>\n<\/ul>\n<\/div>\n","protected":false},"excerpt":{"rendered":"<h3><span style=\"color: #cd202c;\">Cargador-mantenedor con modo de recuperaci\u00f3n para bater\u00edas selladas de 12\u00a0V y 4A en 6 fases<\/span><\/h3>\n","protected":false},"featured_media":26993,"template":"","meta":[],"product_brand":[],"product_cat":[2255,2251],"product_tag":[],"class_list":{"0":"post-9238","1":"product","2":"type-product","3":"status-publish","4":"has-post-thumbnail","6":"product_cat-marine-chargers-es","7":"product_cat-marine-es","8":"pa_charge-battery-chemistry-pb-agm-gel-std-lead-acid-es","9":"pa_charge-battery-more-auto-caravana","10":"pa_charge-battery-more-12v-es","11":"pa_charge-battery-more-avion-luz","12":"pa_charge-battery-more-bote-motos-acuaticas","13":"pa_charge-battery-more-ciclo-profundo-industrial","14":"pa_charge-battery-more-coche-camioneta","15":"pa_charge-battery-more-coche-clasico","16":"pa_charge-battery-more-tractor-construccion","17":"pa_charge-battery-more-utv-sxs-cruiser-es","18":"pa_power-ac-100-240vac-es","19":"pa_product-group-optimate-5-es","20":"pa_region-ca-es-2","21":"pa_region-eu-es-2","22":"pa_region-uk-es-2","23":"pa_region-us-es-2","24":"iside_vehicle-aviacion-es","25":"iside_vehicle-coche-de-alto-rendimiento-coche-de-carreras","26":"iside_vehicle-marine-es","27":"iside_vehicle-motocicleta-deportes-de-motor-es","28":"iside_vehicle-rv-caravan-es","29":"thunk-woo-product-list","30":"opn-qv-enable","31":"big-store-woo-hover-","32":"open-single-product-tab-horizontal","33":"open-shadow-","34":"open-shadow-hover-","38":"first","39":"instock","40":"featured","41":"shipping-taxable","42":"purchasable","43":"product-type-variable"},"yoast_head":"<!-- This site is optimized with the Yoast SEO plugin v27.2 - https:\/\/yoast.com\/product\/yoast-seo-wordpress\/ -->\n<title>OptiMate 5 Start-Stop - OptiMate<\/title>\n<meta name=\"robots\" content=\"index, follow, max-snippet:-1, max-image-preview:large, max-video-preview:-1\" \/>\n<link rel=\"canonical\" href=\"https:\/\/optimate1.com\/product\/optimate-5-start-stop\/\" \/>\n<meta property=\"og:locale\" content=\"es_ES\" \/>\n<meta property=\"og:type\" content=\"article\" \/>\n<meta property=\"og:title\" content=\"OptiMate 5 Start-Stop - OptiMate\" \/>\n<meta property=\"og:description\" content=\"Cargador-mantenedor con modo de recuperaci\u00f3n para bater\u00edas selladas de 12\u00a0V y 4A en 6 fases\" \/>\n<meta property=\"og:url\" content=\"https:\/\/optimate1.com\/product\/optimate-5-start-stop\/\" \/>\n<meta property=\"og:site_name\" content=\"OptiMate\" \/>\n<meta property=\"article:publisher\" content=\"https:\/\/www.facebook.com\/OptiMatebatterysavingcharger\/\" \/>\n<meta property=\"article:modified_time\" content=\"2021-10-07T14:06:09+00:00\" \/>\n<meta property=\"og:image\" content=\"https:\/\/optimate1.com\/wp-content\/uploads\/2021\/07\/OptiMate-5-Start-Stop-TM22x-bronze-corner.jpg\" \/>\n\t<meta property=\"og:image:width\" content=\"900\" \/>\n\t<meta property=\"og:image:height\" content=\"900\" \/>\n\t<meta property=\"og:image:type\" content=\"image\/jpeg\" \/>\n<meta name=\"twitter:card\" content=\"summary_large_image\" \/>\n<meta name=\"twitter:label1\" content=\"Tiempo de lectura\" \/>\n\t<meta name=\"twitter:data1\" content=\"1 minuto\" \/>\n<script type=\"application\/ld+json\" class=\"yoast-schema-graph\">{\"@context\":\"https:\/\/schema.org\",\"@graph\":[{\"@type\":\"WebPage\",\"@id\":\"https:\/\/optimate1.com\/product\/optimate-5-start-stop\/\",\"url\":\"https:\/\/optimate1.com\/product\/optimate-5-start-stop\/\",\"name\":\"OptiMate 5 Start-Stop - OptiMate\",\"isPartOf\":{\"@id\":\"https:\/\/optimate1.com\/#website\"},\"primaryImageOfPage\":{\"@id\":\"https:\/\/optimate1.com\/product\/optimate-5-start-stop\/#primaryimage\"},\"image\":{\"@id\":\"https:\/\/optimate1.com\/product\/optimate-5-start-stop\/#primaryimage\"},\"thumbnailUrl\":\"https:\/\/optimate1.com\/wp-content\/uploads\/2021\/07\/OptiMate-5-Start-Stop-TM22x-bronze-corner.jpg\",\"datePublished\":\"2019-06-07T15:44:25+00:00\",\"dateModified\":\"2021-10-07T14:06:09+00:00\",\"breadcrumb\":{\"@id\":\"https:\/\/optimate1.com\/product\/optimate-5-start-stop\/#breadcrumb\"},\"inLanguage\":\"es\",\"potentialAction\":[{\"@type\":\"ReadAction\",\"target\":[\"https:\/\/optimate1.com\/product\/optimate-5-start-stop\/\"]}]},{\"@type\":\"ImageObject\",\"inLanguage\":\"es\",\"@id\":\"https:\/\/optimate1.com\/product\/optimate-5-start-stop\/#primaryimage\",\"url\":\"https:\/\/optimate1.com\/wp-content\/uploads\/2021\/07\/OptiMate-5-Start-Stop-TM22x-bronze-corner.jpg\",\"contentUrl\":\"https:\/\/optimate1.com\/wp-content\/uploads\/2021\/07\/OptiMate-5-Start-Stop-TM22x-bronze-corner.jpg\",\"width\":900,\"height\":900},{\"@type\":\"BreadcrumbList\",\"@id\":\"https:\/\/optimate1.com\/product\/optimate-5-start-stop\/#breadcrumb\",\"itemListElement\":[{\"@type\":\"ListItem\",\"position\":1,\"name\":\"Home\",\"item\":\"https:\/\/optimate1.com\/\"},{\"@type\":\"ListItem\",\"position\":2,\"name\":\"Productos\",\"item\":\"https:\/\/optimate1.com\/shop\/\"},{\"@type\":\"ListItem\",\"position\":3,\"name\":\"OptiMate 5 Start-Stop\"}]},{\"@type\":\"WebSite\",\"@id\":\"https:\/\/optimate1.com\/#website\",\"url\":\"https:\/\/optimate1.com\/\",\"name\":\"OptiMate\",\"description\":\"Battery Chargers &amp; Accessories\",\"publisher\":{\"@id\":\"https:\/\/optimate1.com\/#organization\"},\"potentialAction\":[{\"@type\":\"SearchAction\",\"target\":{\"@type\":\"EntryPoint\",\"urlTemplate\":\"https:\/\/optimate1.com\/?s={search_term_string}\"},\"query-input\":{\"@type\":\"PropertyValueSpecification\",\"valueRequired\":true,\"valueName\":\"search_term_string\"}}],\"inLanguage\":\"es\"},{\"@type\":\"Organization\",\"@id\":\"https:\/\/optimate1.com\/#organization\",\"name\":\"OptiMate\",\"url\":\"https:\/\/optimate1.com\/\",\"logo\":{\"@type\":\"ImageObject\",\"inLanguage\":\"es\",\"@id\":\"https:\/\/optimate1.com\/#\/schema\/logo\/image\/\",\"url\":\"https:\/\/optimate1.com\/wp-content\/uploads\/2021\/06\/optimate-hpbc-stacklogo.jpg\",\"contentUrl\":\"https:\/\/optimate1.com\/wp-content\/uploads\/2021\/06\/optimate-hpbc-stacklogo.jpg\",\"width\":1025,\"height\":529,\"caption\":\"OptiMate\"},\"image\":{\"@id\":\"https:\/\/optimate1.com\/#\/schema\/logo\/image\/\"},\"sameAs\":[\"https:\/\/www.facebook.com\/OptiMatebatterysavingcharger\/\"]}]}<\/script>\n<!-- \/ Yoast SEO plugin. -->","yoast_head_json":{"title":"OptiMate 5 Start-Stop - OptiMate","robots":{"index":"index","follow":"follow","max-snippet":"max-snippet:-1","max-image-preview":"max-image-preview:large","max-video-preview":"max-video-preview:-1"},"canonical":"https:\/\/optimate1.com\/product\/optimate-5-start-stop\/","og_locale":"es_ES","og_type":"article","og_title":"OptiMate 5 Start-Stop - OptiMate","og_description":"Cargador-mantenedor con modo de recuperaci\u00f3n para bater\u00edas selladas de 12\u00a0V y 4A en 6 fases","og_url":"https:\/\/optimate1.com\/product\/optimate-5-start-stop\/","og_site_name":"OptiMate","article_publisher":"https:\/\/www.facebook.com\/OptiMatebatterysavingcharger\/","article_modified_time":"2021-10-07T14:06:09+00:00","og_image":[{"width":900,"height":900,"url":"https:\/\/optimate1.com\/wp-content\/uploads\/2021\/07\/OptiMate-5-Start-Stop-TM22x-bronze-corner.jpg","type":"image\/jpeg"}],"twitter_card":"summary_large_image","twitter_misc":{"Tiempo de lectura":"1 minuto"},"schema":{"@context":"https:\/\/schema.org","@graph":[{"@type":"WebPage","@id":"https:\/\/optimate1.com\/product\/optimate-5-start-stop\/","url":"https:\/\/optimate1.com\/product\/optimate-5-start-stop\/","name":"OptiMate 5 Start-Stop - OptiMate","isPartOf":{"@id":"https:\/\/optimate1.com\/#website"},"primaryImageOfPage":{"@id":"https:\/\/optimate1.com\/product\/optimate-5-start-stop\/#primaryimage"},"image":{"@id":"https:\/\/optimate1.com\/product\/optimate-5-start-stop\/#primaryimage"},"thumbnailUrl":"https:\/\/optimate1.com\/wp-content\/uploads\/2021\/07\/OptiMate-5-Start-Stop-TM22x-bronze-corner.jpg","datePublished":"2019-06-07T15:44:25+00:00","dateModified":"2021-10-07T14:06:09+00:00","breadcrumb":{"@id":"https:\/\/optimate1.com\/product\/optimate-5-start-stop\/#breadcrumb"},"inLanguage":"es","potentialAction":[{"@type":"ReadAction","target":["https:\/\/optimate1.com\/product\/optimate-5-start-stop\/"]}]},{"@type":"ImageObject","inLanguage":"es","@id":"https:\/\/optimate1.com\/product\/optimate-5-start-stop\/#primaryimage","url":"https:\/\/optimate1.com\/wp-content\/uploads\/2021\/07\/OptiMate-5-Start-Stop-TM22x-bronze-corner.jpg","contentUrl":"https:\/\/optimate1.com\/wp-content\/uploads\/2021\/07\/OptiMate-5-Start-Stop-TM22x-bronze-corner.jpg","width":900,"height":900},{"@type":"BreadcrumbList","@id":"https:\/\/optimate1.com\/product\/optimate-5-start-stop\/#breadcrumb","itemListElement":[{"@type":"ListItem","position":1,"name":"Home","item":"https:\/\/optimate1.com\/"},{"@type":"ListItem","position":2,"name":"Productos","item":"https:\/\/optimate1.com\/shop\/"},{"@type":"ListItem","position":3,"name":"OptiMate 5 Start-Stop"}]},{"@type":"WebSite","@id":"https:\/\/optimate1.com\/#website","url":"https:\/\/optimate1.com\/","name":"OptiMate","description":"Battery Chargers &amp; Accessories","publisher":{"@id":"https:\/\/optimate1.com\/#organization"},"potentialAction":[{"@type":"SearchAction","target":{"@type":"EntryPoint","urlTemplate":"https:\/\/optimate1.com\/?s={search_term_string}"},"query-input":{"@type":"PropertyValueSpecification","valueRequired":true,"valueName":"search_term_string"}}],"inLanguage":"es"},{"@type":"Organization","@id":"https:\/\/optimate1.com\/#organization","name":"OptiMate","url":"https:\/\/optimate1.com\/","logo":{"@type":"ImageObject","inLanguage":"es","@id":"https:\/\/optimate1.com\/#\/schema\/logo\/image\/","url":"https:\/\/optimate1.com\/wp-content\/uploads\/2021\/06\/optimate-hpbc-stacklogo.jpg","contentUrl":"https:\/\/optimate1.com\/wp-content\/uploads\/2021\/06\/optimate-hpbc-stacklogo.jpg","width":1025,"height":529,"caption":"OptiMate"},"image":{"@id":"https:\/\/optimate1.com\/#\/schema\/logo\/image\/"},"sameAs":["https:\/\/www.facebook.com\/OptiMatebatterysavingcharger\/"]}]}},"_links":{"self":[{"href":"https:\/\/optimate1.com\/es\/wp-json\/wp\/v2\/product\/9238","targetHints":{"allow":["GET"]}}],"collection":[{"href":"https:\/\/optimate1.com\/es\/wp-json\/wp\/v2\/product"}],"about":[{"href":"https:\/\/optimate1.com\/es\/wp-json\/wp\/v2\/types\/product"}],"wp:featuredmedia":[{"embeddable":true,"href":"https:\/\/optimate1.com\/es\/wp-json\/wp\/v2\/media\/26993"}],"wp:attachment":[{"href":"https:\/\/optimate1.com\/es\/wp-json\/wp\/v2\/media?parent=9238"}],"wp:term":[{"taxonomy":"product_brand","embeddable":true,"href":"https:\/\/optimate1.com\/es\/wp-json\/wp\/v2\/product_brand?post=9238"},{"taxonomy":"product_cat","embeddable":true,"href":"https:\/\/optimate1.com\/es\/wp-json\/wp\/v2\/product_cat?post=9238"},{"taxonomy":"product_tag","embeddable":true,"href":"https:\/\/optimate1.com\/es\/wp-json\/wp\/v2\/product_tag?post=9238"}],"curies":[{"name":"wp","href":"https:\/\/api.w.org\/{rel}","templated":true}]}}