{"id":9479,"date":"2019-06-09T21:08:38","date_gmt":"2019-06-10T01:08:38","guid":{"rendered":"https:\/\/optimate1.com\/product\/optimate-solar-40w-solar-panel\/"},"modified":"2021-07-04T19:00:53","modified_gmt":"2021-07-04T23:00:53","slug":"optimate-solar-40w-solar-panel","status":"publish","type":"product","link":"https:\/\/optimate1.com\/es\/producto\/optimate-solar-40w-solar-panel\/","title":{"rendered":"OptiMate Solar 40W"},"content":{"rendered":"<h3>OptiMate Solar 40W, el cargador-mantenedor solar m\u00e1s inteligente 24\/7 para la carga r\u00e1pida de la bater\u00eda de 12V de su coche, embarcaci\u00f3n, tractor o excavadora &#8211; <em>Carga de d\u00eda, supervisa de noche!<\/em><\/h3>\n<ul>\n<li><span style=\"color: #10069f;\"><b>El controlador de carga inteligente completamente sellado convierte la energ\u00eda solar y proporciona un m\u00e1ximo de 3.33A en pleno sol O una carga por impulsos si est\u00e1 nublado a su bater\u00eda de plomo-\u00e1cido de 12V (STD, AGM, GEL) de arranque o de ciclo profundo.<\/b><\/span><\/li>\n<li><span style=\"color: #10069f;\"><b>El modo de monitor nocturno del controlador indica el estado de carga de la bater\u00eda en un panel de 3 LED<em> &#8211; Sepa el estado de su bater\u00eda de d\u00eda y de noche.! <\/em><\/b><\/span><\/li>\n<li><span style=\"color: #10069f;\"><b>El amplio panel de policristalino a prueba de intemperie con montaje en los \u00e1ngulos &#8211;<em> Funciona en cualquier condici\u00f3n meteorol\u00f3gica ! <\/em><\/b><\/span><\/li>\n<li><span style=\"color: #10069f;\"><b>El modo de recuperaci\u00f3n de impulso \u00fanico recupera las bater\u00edas sulfatadas completamente descargadas con tan solo 1V.<em> &#8211; El programa solar de recuperaci\u00f3n m\u00e1s avanzado! <\/em><\/b><\/span><\/li>\n<li><span style=\"color: #10069f;\"><span style=\"color: #10069f;\"><b>El mantenimiento inteligente de impulsos de OptiMate Solar 24\/7 garantiza m\u00e1s potencia y prolonga la vida \u00fatil de la bater\u00eda!<\/b><\/span><\/span><\/li>\n<\/ul>\n<p>&nbsp;<\/p>\n","protected":false},"excerpt":{"rendered":"<h3><span style=\"color: #cd202c;\">Cargador-mantenedor solar con modo de recuperaci\u00f3n para bater\u00edas selladas de 12V y 3.33A en 6 fases<\/span><\/h3>\n","protected":false},"featured_media":4841,"template":"","meta":[],"product_brand":[],"product_cat":[2255],"product_tag":[],"class_list":{"0":"post-9479","1":"product","2":"type-product","3":"status-publish","4":"has-post-thumbnail","6":"product_cat-marine-chargers-es","7":"pa_charge-battery-chemistry-pb-agm-gel-std-lead-acid-es","8":"pa_charge-battery-chemistry-pb-li-both-above-es","9":"pa_charge-battery-more-auto-caravana","10":"pa_charge-battery-more-12v-es","11":"pa_charge-battery-more-avion-luz","12":"pa_charge-battery-more-bote-motos-acuaticas","13":"pa_charge-battery-more-ciclo-profundo-industrial","14":"pa_charge-battery-more-coche-camioneta","15":"pa_charge-battery-more-coche-clasico","16":"pa_charge-battery-more-tractor-construccion","17":"pa_charge-battery-more-utv-sxs-cruiser-es","18":"pa_power-solar-es","19":"pa_product-group-optimate-solar-es","20":"pa_region-ca-es-2","21":"pa_region-eu-es-2","22":"pa_region-uk-es-2","23":"pa_region-us-es-2","24":"iside_vehicle-coche-de-alto-rendimiento-coche-de-carreras","25":"iside_vehicle-marine-es","26":"iside_vehicle-motocicleta-deportes-de-motor-es","27":"iside_vehicle-rv-caravan-es","28":"iside_charger_type-solar-es","29":"thunk-woo-product-list","30":"opn-qv-enable","31":"big-store-woo-hover-","32":"open-single-product-tab-horizontal","33":"open-shadow-","34":"open-shadow-hover-","36":"first","37":"instock","38":"featured","39":"shipping-taxable","40":"purchasable","41":"product-type-simple"},"yoast_head":"<!-- This site is optimized with the Yoast SEO plugin v27.2 - https:\/\/yoast.com\/product\/yoast-seo-wordpress\/ -->\n<title>OptiMate Solar 40W - OptiMate<\/title>\n<meta name=\"robots\" content=\"index, follow, max-snippet:-1, max-image-preview:large, max-video-preview:-1\" \/>\n<link rel=\"canonical\" href=\"https:\/\/optimate1.com\/product\/optimate-solar-40w-solar-panel\/\" \/>\n<meta property=\"og:locale\" content=\"es_ES\" \/>\n<meta property=\"og:type\" content=\"article\" \/>\n<meta property=\"og:title\" content=\"OptiMate Solar 40W - OptiMate\" \/>\n<meta property=\"og:description\" content=\"Cargador-mantenedor solar con modo de recuperaci\u00f3n para bater\u00edas selladas de 12V y 3.33A en 6 fases\" \/>\n<meta property=\"og:url\" content=\"https:\/\/optimate1.com\/product\/optimate-solar-40w-solar-panel\/\" \/>\n<meta property=\"og:site_name\" content=\"OptiMate\" \/>\n<meta property=\"article:publisher\" content=\"https:\/\/www.facebook.com\/OptiMatebatterysavingcharger\/\" \/>\n<meta property=\"article:modified_time\" content=\"2021-07-04T23:00:53+00:00\" \/>\n<meta property=\"og:image\" content=\"https:\/\/optimate1.com\/wp-content\/uploads\/2019\/06\/OptiMate-Solar-Panel-40W-Kit-TM523-4.png\" \/>\n\t<meta property=\"og:image:width\" content=\"900\" \/>\n\t<meta property=\"og:image:height\" content=\"900\" \/>\n\t<meta property=\"og:image:type\" content=\"image\/png\" \/>\n<meta name=\"twitter:card\" content=\"summary_large_image\" \/>\n<meta name=\"twitter:label1\" content=\"Tiempo de lectura\" \/>\n\t<meta name=\"twitter:data1\" content=\"1 minuto\" \/>\n<script type=\"application\/ld+json\" class=\"yoast-schema-graph\">{\"@context\":\"https:\/\/schema.org\",\"@graph\":[{\"@type\":\"WebPage\",\"@id\":\"https:\/\/optimate1.com\/product\/optimate-solar-40w-solar-panel\/\",\"url\":\"https:\/\/optimate1.com\/product\/optimate-solar-40w-solar-panel\/\",\"name\":\"OptiMate Solar 40W - OptiMate\",\"isPartOf\":{\"@id\":\"https:\/\/optimate1.com\/#website\"},\"primaryImageOfPage\":{\"@id\":\"https:\/\/optimate1.com\/product\/optimate-solar-40w-solar-panel\/#primaryimage\"},\"image\":{\"@id\":\"https:\/\/optimate1.com\/product\/optimate-solar-40w-solar-panel\/#primaryimage\"},\"thumbnailUrl\":\"https:\/\/optimate1.com\/wp-content\/uploads\/2019\/06\/OptiMate-Solar-Panel-40W-Kit-TM523-4.png\",\"datePublished\":\"2019-06-10T01:08:38+00:00\",\"dateModified\":\"2021-07-04T23:00:53+00:00\",\"breadcrumb\":{\"@id\":\"https:\/\/optimate1.com\/product\/optimate-solar-40w-solar-panel\/#breadcrumb\"},\"inLanguage\":\"es\",\"potentialAction\":[{\"@type\":\"ReadAction\",\"target\":[\"https:\/\/optimate1.com\/product\/optimate-solar-40w-solar-panel\/\"]}]},{\"@type\":\"ImageObject\",\"inLanguage\":\"es\",\"@id\":\"https:\/\/optimate1.com\/product\/optimate-solar-40w-solar-panel\/#primaryimage\",\"url\":\"https:\/\/optimate1.com\/wp-content\/uploads\/2019\/06\/OptiMate-Solar-Panel-40W-Kit-TM523-4.png\",\"contentUrl\":\"https:\/\/optimate1.com\/wp-content\/uploads\/2019\/06\/OptiMate-Solar-Panel-40W-Kit-TM523-4.png\",\"width\":900,\"height\":900},{\"@type\":\"BreadcrumbList\",\"@id\":\"https:\/\/optimate1.com\/product\/optimate-solar-40w-solar-panel\/#breadcrumb\",\"itemListElement\":[{\"@type\":\"ListItem\",\"position\":1,\"name\":\"Home\",\"item\":\"https:\/\/optimate1.com\/\"},{\"@type\":\"ListItem\",\"position\":2,\"name\":\"Productos\",\"item\":\"https:\/\/optimate1.com\/shop\/\"},{\"@type\":\"ListItem\",\"position\":3,\"name\":\"OptiMate Solar 40W\"}]},{\"@type\":\"WebSite\",\"@id\":\"https:\/\/optimate1.com\/#website\",\"url\":\"https:\/\/optimate1.com\/\",\"name\":\"OptiMate\",\"description\":\"Battery Chargers &amp; Accessories\",\"publisher\":{\"@id\":\"https:\/\/optimate1.com\/#organization\"},\"potentialAction\":[{\"@type\":\"SearchAction\",\"target\":{\"@type\":\"EntryPoint\",\"urlTemplate\":\"https:\/\/optimate1.com\/?s={search_term_string}\"},\"query-input\":{\"@type\":\"PropertyValueSpecification\",\"valueRequired\":true,\"valueName\":\"search_term_string\"}}],\"inLanguage\":\"es\"},{\"@type\":\"Organization\",\"@id\":\"https:\/\/optimate1.com\/#organization\",\"name\":\"OptiMate\",\"url\":\"https:\/\/optimate1.com\/\",\"logo\":{\"@type\":\"ImageObject\",\"inLanguage\":\"es\",\"@id\":\"https:\/\/optimate1.com\/#\/schema\/logo\/image\/\",\"url\":\"https:\/\/optimate1.com\/wp-content\/uploads\/2021\/06\/optimate-hpbc-stacklogo.jpg\",\"contentUrl\":\"https:\/\/optimate1.com\/wp-content\/uploads\/2021\/06\/optimate-hpbc-stacklogo.jpg\",\"width\":1025,\"height\":529,\"caption\":\"OptiMate\"},\"image\":{\"@id\":\"https:\/\/optimate1.com\/#\/schema\/logo\/image\/\"},\"sameAs\":[\"https:\/\/www.facebook.com\/OptiMatebatterysavingcharger\/\"]}]}<\/script>\n<!-- \/ Yoast SEO plugin. -->","yoast_head_json":{"title":"OptiMate Solar 40W - OptiMate","robots":{"index":"index","follow":"follow","max-snippet":"max-snippet:-1","max-image-preview":"max-image-preview:large","max-video-preview":"max-video-preview:-1"},"canonical":"https:\/\/optimate1.com\/product\/optimate-solar-40w-solar-panel\/","og_locale":"es_ES","og_type":"article","og_title":"OptiMate Solar 40W - OptiMate","og_description":"Cargador-mantenedor solar con modo de recuperaci\u00f3n para bater\u00edas selladas de 12V y 3.33A en 6 fases","og_url":"https:\/\/optimate1.com\/product\/optimate-solar-40w-solar-panel\/","og_site_name":"OptiMate","article_publisher":"https:\/\/www.facebook.com\/OptiMatebatterysavingcharger\/","article_modified_time":"2021-07-04T23:00:53+00:00","og_image":[{"width":900,"height":900,"url":"https:\/\/optimate1.com\/wp-content\/uploads\/2019\/06\/OptiMate-Solar-Panel-40W-Kit-TM523-4.png","type":"image\/png"}],"twitter_card":"summary_large_image","twitter_misc":{"Tiempo de lectura":"1 minuto"},"schema":{"@context":"https:\/\/schema.org","@graph":[{"@type":"WebPage","@id":"https:\/\/optimate1.com\/product\/optimate-solar-40w-solar-panel\/","url":"https:\/\/optimate1.com\/product\/optimate-solar-40w-solar-panel\/","name":"OptiMate Solar 40W - OptiMate","isPartOf":{"@id":"https:\/\/optimate1.com\/#website"},"primaryImageOfPage":{"@id":"https:\/\/optimate1.com\/product\/optimate-solar-40w-solar-panel\/#primaryimage"},"image":{"@id":"https:\/\/optimate1.com\/product\/optimate-solar-40w-solar-panel\/#primaryimage"},"thumbnailUrl":"https:\/\/optimate1.com\/wp-content\/uploads\/2019\/06\/OptiMate-Solar-Panel-40W-Kit-TM523-4.png","datePublished":"2019-06-10T01:08:38+00:00","dateModified":"2021-07-04T23:00:53+00:00","breadcrumb":{"@id":"https:\/\/optimate1.com\/product\/optimate-solar-40w-solar-panel\/#breadcrumb"},"inLanguage":"es","potentialAction":[{"@type":"ReadAction","target":["https:\/\/optimate1.com\/product\/optimate-solar-40w-solar-panel\/"]}]},{"@type":"ImageObject","inLanguage":"es","@id":"https:\/\/optimate1.com\/product\/optimate-solar-40w-solar-panel\/#primaryimage","url":"https:\/\/optimate1.com\/wp-content\/uploads\/2019\/06\/OptiMate-Solar-Panel-40W-Kit-TM523-4.png","contentUrl":"https:\/\/optimate1.com\/wp-content\/uploads\/2019\/06\/OptiMate-Solar-Panel-40W-Kit-TM523-4.png","width":900,"height":900},{"@type":"BreadcrumbList","@id":"https:\/\/optimate1.com\/product\/optimate-solar-40w-solar-panel\/#breadcrumb","itemListElement":[{"@type":"ListItem","position":1,"name":"Home","item":"https:\/\/optimate1.com\/"},{"@type":"ListItem","position":2,"name":"Productos","item":"https:\/\/optimate1.com\/shop\/"},{"@type":"ListItem","position":3,"name":"OptiMate Solar 40W"}]},{"@type":"WebSite","@id":"https:\/\/optimate1.com\/#website","url":"https:\/\/optimate1.com\/","name":"OptiMate","description":"Battery Chargers &amp; Accessories","publisher":{"@id":"https:\/\/optimate1.com\/#organization"},"potentialAction":[{"@type":"SearchAction","target":{"@type":"EntryPoint","urlTemplate":"https:\/\/optimate1.com\/?s={search_term_string}"},"query-input":{"@type":"PropertyValueSpecification","valueRequired":true,"valueName":"search_term_string"}}],"inLanguage":"es"},{"@type":"Organization","@id":"https:\/\/optimate1.com\/#organization","name":"OptiMate","url":"https:\/\/optimate1.com\/","logo":{"@type":"ImageObject","inLanguage":"es","@id":"https:\/\/optimate1.com\/#\/schema\/logo\/image\/","url":"https:\/\/optimate1.com\/wp-content\/uploads\/2021\/06\/optimate-hpbc-stacklogo.jpg","contentUrl":"https:\/\/optimate1.com\/wp-content\/uploads\/2021\/06\/optimate-hpbc-stacklogo.jpg","width":1025,"height":529,"caption":"OptiMate"},"image":{"@id":"https:\/\/optimate1.com\/#\/schema\/logo\/image\/"},"sameAs":["https:\/\/www.facebook.com\/OptiMatebatterysavingcharger\/"]}]}},"_links":{"self":[{"href":"https:\/\/optimate1.com\/es\/wp-json\/wp\/v2\/product\/9479","targetHints":{"allow":["GET"]}}],"collection":[{"href":"https:\/\/optimate1.com\/es\/wp-json\/wp\/v2\/product"}],"about":[{"href":"https:\/\/optimate1.com\/es\/wp-json\/wp\/v2\/types\/product"}],"wp:featuredmedia":[{"embeddable":true,"href":"https:\/\/optimate1.com\/es\/wp-json\/wp\/v2\/media\/4841"}],"wp:attachment":[{"href":"https:\/\/optimate1.com\/es\/wp-json\/wp\/v2\/media?parent=9479"}],"wp:term":[{"taxonomy":"product_brand","embeddable":true,"href":"https:\/\/optimate1.com\/es\/wp-json\/wp\/v2\/product_brand?post=9479"},{"taxonomy":"product_cat","embeddable":true,"href":"https:\/\/optimate1.com\/es\/wp-json\/wp\/v2\/product_cat?post=9479"},{"taxonomy":"product_tag","embeddable":true,"href":"https:\/\/optimate1.com\/es\/wp-json\/wp\/v2\/product_tag?post=9479"}],"curies":[{"name":"wp","href":"https:\/\/api.w.org\/{rel}","templated":true}]}}