{"id":9507,"date":"2019-06-09T21:31:30","date_gmt":"2019-06-10T01:31:30","guid":{"rendered":"https:\/\/optimate1.com\/product\/optimate-solar-80w-solar-panel\/"},"modified":"2026-03-17T05:11:48","modified_gmt":"2026-03-17T09:11:48","slug":"optimate-solar-80w-panel-solar-barco","status":"publish","type":"product","link":"https:\/\/optimate1.com\/es\/producto\/optimate-solar-80w-panel-solar-barco\/","title":{"rendered":"OptiMate Solar 80W"},"content":{"rendered":"<h6 style=\"text-align: center;\"><strong><span style=\"color: #10069f;\">OptiMate Solar 80W es el cargador solar inteligente 24-7 &amp; para todas las bater\u00edas de plomo-\u00e1cido de 12V. <\/span><\/strong><i><span style=\"color: #10069f;\">Ideal para las bater\u00edas de estos veh\u00edculos.<\/span><\/i><\/h6>\n<h6 style=\"text-align: center;\"><img loading=\"lazy\" decoding=\"async\" class=\"aligncenter wp-image-20668\" src=\"https:\/\/optimate1.com\/wp-content\/uploads\/2021\/01\/Vehicle-range-Solar-60W80W-copy-01.png\" alt=\"The solar battery charger for boat is recommended for cars, pick up truck, maritime, boats, tractors and industrial vehicle.\" width=\"428\" height=\"66\" \/><\/h6>\n<p>&nbsp;<\/p>\n<h6 style=\"text-align: center;\"><strong><span style=\"color: #10069f;\">El controlador de carga inteligente ajusta autom\u00e1ticamente la carga seg\u00fan el tipo y el estado de la bater\u00eda. <\/span><\/strong><i><span style=\"color: #10069f;\">El control inteligente de OptiMate Solar garantiza una mayor vida \u00fatil de la bater\u00eda y m\u00e1s potencia.<\/span><\/i><\/h6>\n<h6 style=\"text-align: center;\"><img loading=\"lazy\" decoding=\"async\" class=\"aligncenter wp-image-20876\" src=\"https:\/\/optimate1.com\/wp-content\/uploads\/2021\/01\/Smart-control-copy-01-scaled.jpg\" alt=\"The smart charge controller automatically adjusts charge according to battery type and condition. \" width=\"428\" height=\"70\" \/><\/h6>\n<p>&nbsp;<\/p>\n<h6 style=\"text-align: center;\"><strong><span style=\"color: #10069f;\">El programa de varios pasos totalmente autom\u00e1tico del controlador lleva la bater\u00eda de forma segura a la carga completa &#8211; <\/span><\/strong><span style=\"color: #10069f;\"><i style=\"caret-color: #10069f;\">Con\u00e9ctese a la bater\u00eda y OptiMate Solar DUO 80W har\u00e1 el resto, \u00a1sin necesidad de supervisi\u00f3n!<\/i><\/span><\/h6>\n<h6 style=\"text-align: center;\"><img loading=\"lazy\" decoding=\"async\" class=\"aligncenter wp-image-20876\" src=\"https:\/\/optimate1.com\/wp-content\/uploads\/2021\/01\/SAVE-CHARGE-MAINTAIN-Solar-DUO-10W.png\" alt=\"The fully automatic multi-step program of the controller brings the battery to full charge. \" width=\"428\" height=\"70\" \/><\/h6>\n<p>&nbsp;<\/p>\n<h4 style=\"text-align: center;\"><strong><span style=\"text-decoration: underline;\">M\u00c1S CARACTER\u00cdSTICAS:<\/span><\/strong><\/h4>\n<p style=\"text-align: center;\">\n<table id=\"tablepress-598\" class=\"tablepress tablepress-id-598\">\n<tbody class=\"row-hover\">\n<tr class=\"row-1\">\n\t<td class=\"column-1\"><a href=\"\"><img loading=\"lazy\" decoding=\"async\" src=\"https:\/\/optimate1.com\/wp-content\/uploads\/2023\/11\/OptiMate-solar-batteries.png\" alt=\"\" width=\"300\" height=\"50\" class=\"aligncenter size-medium wp-image-20927\" \/><\/a><body><h6><center>Para bater\u00edas de plomo-\u00e1cido (Pb) de 12V, incluidas las STD (con tapones), AGM y GEL (VRLA selladas).<\/body><\/h6><\/center><br \/>\n<\/td>\n<\/tr>\n<tr class=\"row-2\">\n\t<td class=\"column-1\"><a href=\"\"><img loading=\"lazy\" decoding=\"async\" src=\"https:\/\/optimate1.com\/wp-content\/uploads\/2021\/01\/SMART-dual-conversion.png\" alt=\"\" width=\"300\" height=\"50\" class=\"aligncenter size-medium wp-image-20928\" \/><\/a><body><h6><center>Convierte la baja energ\u00eda solar en una eficaz carga por impulsos.<\/body><\/h6><\/center><\/td>\n<\/tr>\n<tr class=\"row-3\">\n\t<td class=\"column-1\"><a href=\"\"><img loading=\"lazy\" decoding=\"async\" src=\"https:\/\/optimate1.com\/wp-content\/uploads\/2021\/01\/MONITOR-01-1.png\" alt=\"\" width=\"300\" height=\"50\" class=\"aligncenter size-medium wp-image-20995\" \/><\/a><body><h6><center>D\u00cdA: Carga y mantenimiento. NOCHE: controla el nivel de carga.<\/body><\/h6><\/center><\/td>\n<\/tr>\n<tr class=\"row-4\">\n\t<td class=\"column-1\"><a href=\"\"><img loading=\"lazy\" decoding=\"async\" src=\"https:\/\/optimate1.com\/wp-content\/uploads\/2021\/01\/safe-solar-connection-01-scaled.jpg\" alt=\"\" width=\"300\" height=\"50\" class=\"aligncenter size-medium wp-image-20982\" \/><\/a><body><h6><center>Seguro para dejar conectado. Protecci\u00f3n electr\u00f3nica completa. <\/center><\/h6><\/body><\/td>\n<\/tr>\n<tr class=\"row-5\">\n\t<td class=\"column-1\"><a href=\"\"><img loading=\"lazy\" decoding=\"async\" src=\"https:\/\/optimate1.com\/wp-content\/uploads\/2021\/01\/Saves-from-as-low-as-1V-60W80W-01.png\" alt=\"\" width=\"300\" height=\"50\" class=\"aligncenter size-medium wp-image-20993\" \/><\/a><body><h6><center>Salva la bater\u00eda \"muerta\" desde 1V.<\/body><\/h6><\/center><\/td>\n<\/tr>\n<tr class=\"row-6\">\n\t<td class=\"column-1\"><a href=\"\"><img loading=\"lazy\" decoding=\"async\" src=\"https:\/\/optimate1.com\/wp-content\/uploads\/2021\/01\/Monitors-STD-battery-state-of-charge-01-scaled.jpg\" alt=\"\" width=\"300\" height=\"50\" class=\"aligncenter size-medium wp-image-20985\" \/><\/a><body><h6><center>Muestra el estado de carga de la bater\u00eda.<\/body><\/h6><\/center><\/td>\n<\/tr>\n<tr class=\"row-7\">\n\t<td class=\"column-1\"><a href=\"\"><img loading=\"lazy\" decoding=\"async\" src=\"https:\/\/optimate1.com\/wp-content\/uploads\/2020\/12\/green-technology-hx2-1-300x49.png\" alt=\"\" width=\"300\" height=\"50\" class=\"aligncenter size-medium wp-image-20983\" \/><\/a><body><h6><center>Tecnolog\u00eda de ahorro de energ\u00eda.<br \/>\n<strong>\u221a<\/strong> Doble conversi\u00f3n eficiente.<br \/>\n<strong>\u221a<\/strong> Mantenimiento completo 24-7.<\/body><\/h6><\/center><\/td>\n<\/tr>\n<tr class=\"row-8\">\n\t<td class=\"column-1\"><a href=\"\"><img loading=\"lazy\" decoding=\"async\" src=\"https:\/\/optimate1.com\/wp-content\/uploads\/2021\/01\/Weatherproof-Solar-01.png\" alt=\"\" width=\"300\" height=\"50\" class=\"aligncenter size-medium wp-image-21012\" \/><\/a><body><h6><center>Funciona con cualquier tiempo.<\/body><\/h6><\/center><\/td>\n<\/tr>\n<\/tbody>\n<\/table>\n<!-- #tablepress-598 from cache --><\/p>\n<h4 style=\"text-align: center;\"><strong><span style=\"text-decoration: underline;\">M\u00c1S INFORMACI\u00d3N SOBRE SOLAR:<\/span><\/strong><\/h4>\n<p style=\"text-align: center;\"><a href=\"https:\/\/optimate1.com\/solar\/\">https:\/\/optimate1.com\/solar\/<\/a><\/p>\n","protected":false},"excerpt":{"rendered":"<h3><span style=\"color: #cd202c;\">Cargador-mantenedor solar con modo de recuperaci\u00f3n para bater\u00edas selladas de 12V y 6.67A en 6 fases<\/span><\/h3>\n","protected":false},"featured_media":30103,"template":"","meta":[],"product_brand":[],"product_cat":[2255,437,2251],"product_tag":[],"class_list":{"0":"post-9507","1":"product","2":"type-product","3":"status-publish","4":"has-post-thumbnail","6":"product_cat-marine-chargers-es","7":"product_cat-battery-chargers-es","8":"product_cat-marine-es","9":"pa_charge-battery-chemistry-pb-agm-gel-std-lead-acid-es","10":"pa_charge-battery-chemistry-pb-li-both-above-es","11":"pa_charge-battery-more-auto-caravana","12":"pa_charge-battery-more-12v-es","13":"pa_charge-battery-more-bote-motos-acuaticas","14":"pa_charge-battery-more-ciclo-profundo-industrial","15":"pa_charge-battery-more-tractor-construccion","16":"pa_power-solar-es","17":"pa_product-group-optimate-solar-es","18":"pa_region-ca-es-2","19":"pa_region-eu-es-2","20":"pa_region-uk-es-2","21":"pa_region-us-es-2","22":"iside_voltage-12-es","23":"iside_ampere-6-67-es","24":"iside_vehicle-marine-es","25":"iside_vehicle-rv-caravan-es","26":"iside_charger_series-off-grid-eco-es","27":"iside_charger_features-mantenimiento-seguro-de-la-bateria-24-horas-7","28":"iside_charger_features-save-sulphated-pb-lead-acid-es","29":"iside_charger_type-solar-es","30":"iside_battery_voltage-12v-es","31":"iside_battery_chemistry-pb-lead-acid-es","32":"thunk-woo-product-list","33":"opn-qv-enable","34":"big-store-woo-hover-","35":"open-single-product-tab-horizontal","36":"open-shadow-","37":"open-shadow-hover-","39":"first","40":"instock","41":"featured","42":"shipping-taxable","43":"purchasable","44":"product-type-simple"},"yoast_head":"<!-- This site is optimized with the Yoast SEO plugin v27.2 - https:\/\/yoast.com\/product\/yoast-seo-wordpress\/ -->\n<title>OptiMate Solar 80W - OptiMate<\/title>\n<meta name=\"description\" content=\"El OptiMate Solar 80W es el cargador panel solar barco y mantenedor inteligente de 24 horas para todas las bater\u00edas de plomo de 12V. Leer m\u00e1s!\" \/>\n<meta name=\"robots\" content=\"index, follow, max-snippet:-1, max-image-preview:large, max-video-preview:-1, noarchive\" \/>\n<link rel=\"canonical\" href=\"https:\/\/optimate1.com\/product\/solar80w\/\" \/>\n<meta property=\"og:locale\" content=\"es_ES\" \/>\n<meta property=\"og:type\" content=\"article\" \/>\n<meta property=\"og:title\" content=\"OptiMate Solar 80W - OptiMate\" \/>\n<meta property=\"og:description\" content=\"El OptiMate Solar 80W es el cargador panel solar barco y mantenedor inteligente de 24 horas para todas las bater\u00edas de plomo de 12V. Leer m\u00e1s!\" \/>\n<meta property=\"og:url\" content=\"https:\/\/optimate1.com\/product\/solar80w\/\" \/>\n<meta property=\"og:site_name\" content=\"OptiMate\" \/>\n<meta property=\"article:publisher\" content=\"https:\/\/www.facebook.com\/OptiMatebatterysavingcharger\/\" \/>\n<meta property=\"article:modified_time\" content=\"2026-03-17T09:11:48+00:00\" \/>\n<meta property=\"og:image\" content=\"https:\/\/optimate1.com\/wp-content\/uploads\/2019\/06\/OptiMate-Solar-Panel-80W-Kit-TM523-8-im1-orange-corner-es.png\" \/>\n\t<meta property=\"og:image:width\" content=\"900\" \/>\n\t<meta property=\"og:image:height\" content=\"900\" \/>\n\t<meta property=\"og:image:type\" content=\"image\/png\" \/>\n<meta name=\"twitter:card\" content=\"summary_large_image\" \/>\n<meta name=\"twitter:label1\" content=\"Tiempo de lectura\" \/>\n\t<meta name=\"twitter:data1\" content=\"2 minutos\" \/>\n<script type=\"application\/ld+json\" class=\"yoast-schema-graph\">{\"@context\":\"https:\/\/schema.org\",\"@graph\":[{\"@type\":\"WebPage\",\"@id\":\"https:\/\/optimate1.com\/product\/solar80w\/\",\"url\":\"https:\/\/optimate1.com\/product\/solar80w\/\",\"name\":\"OptiMate Solar 80W - OptiMate\",\"isPartOf\":{\"@id\":\"https:\/\/optimate1.com\/#website\"},\"primaryImageOfPage\":{\"@id\":\"https:\/\/optimate1.com\/product\/solar80w\/#primaryimage\"},\"image\":{\"@id\":\"https:\/\/optimate1.com\/product\/solar80w\/#primaryimage\"},\"thumbnailUrl\":\"https:\/\/optimate1.com\/wp-content\/uploads\/2019\/06\/OptiMate-Solar-Panel-80W-Kit-TM523-8-im1-orange-corner-es.png\",\"datePublished\":\"2019-06-10T01:31:30+00:00\",\"dateModified\":\"2026-03-17T09:11:48+00:00\",\"description\":\"El OptiMate Solar 80W es el cargador panel solar barco y mantenedor inteligente de 24 horas para todas las bater\u00edas de plomo de 12V. Leer m\u00e1s!\",\"breadcrumb\":{\"@id\":\"https:\/\/optimate1.com\/product\/solar80w\/#breadcrumb\"},\"inLanguage\":\"es\",\"potentialAction\":[{\"@type\":\"ReadAction\",\"target\":[\"https:\/\/optimate1.com\/product\/solar80w\/\"]}]},{\"@type\":\"ImageObject\",\"inLanguage\":\"es\",\"@id\":\"https:\/\/optimate1.com\/product\/solar80w\/#primaryimage\",\"url\":\"https:\/\/optimate1.com\/wp-content\/uploads\/2019\/06\/OptiMate-Solar-Panel-80W-Kit-TM523-8-im1-orange-corner-es.png\",\"contentUrl\":\"https:\/\/optimate1.com\/wp-content\/uploads\/2019\/06\/OptiMate-Solar-Panel-80W-Kit-TM523-8-im1-orange-corner-es.png\",\"width\":900,\"height\":900,\"caption\":\"panel solar barco imagen del producto\"},{\"@type\":\"BreadcrumbList\",\"@id\":\"https:\/\/optimate1.com\/product\/solar80w\/#breadcrumb\",\"itemListElement\":[{\"@type\":\"ListItem\",\"position\":1,\"name\":\"Home\",\"item\":\"https:\/\/optimate1.com\/\"},{\"@type\":\"ListItem\",\"position\":2,\"name\":\"Productos\",\"item\":\"https:\/\/optimate1.com\/shop\/\"},{\"@type\":\"ListItem\",\"position\":3,\"name\":\"OptiMate Solar 80W Travel Kit\"}]},{\"@type\":\"WebSite\",\"@id\":\"https:\/\/optimate1.com\/#website\",\"url\":\"https:\/\/optimate1.com\/\",\"name\":\"OptiMate\",\"description\":\"Battery Chargers &amp; Accessories\",\"publisher\":{\"@id\":\"https:\/\/optimate1.com\/#organization\"},\"potentialAction\":[{\"@type\":\"SearchAction\",\"target\":{\"@type\":\"EntryPoint\",\"urlTemplate\":\"https:\/\/optimate1.com\/?s={search_term_string}\"},\"query-input\":{\"@type\":\"PropertyValueSpecification\",\"valueRequired\":true,\"valueName\":\"search_term_string\"}}],\"inLanguage\":\"es\"},{\"@type\":\"Organization\",\"@id\":\"https:\/\/optimate1.com\/#organization\",\"name\":\"OptiMate\",\"url\":\"https:\/\/optimate1.com\/\",\"logo\":{\"@type\":\"ImageObject\",\"inLanguage\":\"es\",\"@id\":\"https:\/\/optimate1.com\/#\/schema\/logo\/image\/\",\"url\":\"https:\/\/optimate1.com\/wp-content\/uploads\/2021\/06\/optimate-hpbc-stacklogo.jpg\",\"contentUrl\":\"https:\/\/optimate1.com\/wp-content\/uploads\/2021\/06\/optimate-hpbc-stacklogo.jpg\",\"width\":1025,\"height\":529,\"caption\":\"OptiMate\"},\"image\":{\"@id\":\"https:\/\/optimate1.com\/#\/schema\/logo\/image\/\"},\"sameAs\":[\"https:\/\/www.facebook.com\/OptiMatebatterysavingcharger\/\"]}]}<\/script>\n<!-- \/ Yoast SEO plugin. -->","yoast_head_json":{"title":"OptiMate Solar 80W - OptiMate","description":"El OptiMate Solar 80W es el cargador panel solar barco y mantenedor inteligente de 24 horas para todas las bater\u00edas de plomo de 12V. Leer m\u00e1s!","robots":{"index":"index","follow":"follow","max-snippet":"max-snippet:-1","max-image-preview":"max-image-preview:large","max-video-preview":"max-video-preview:-1","archive":"noarchive"},"canonical":"https:\/\/optimate1.com\/product\/solar80w\/","og_locale":"es_ES","og_type":"article","og_title":"OptiMate Solar 80W - OptiMate","og_description":"El OptiMate Solar 80W es el cargador panel solar barco y mantenedor inteligente de 24 horas para todas las bater\u00edas de plomo de 12V. Leer m\u00e1s!","og_url":"https:\/\/optimate1.com\/product\/solar80w\/","og_site_name":"OptiMate","article_publisher":"https:\/\/www.facebook.com\/OptiMatebatterysavingcharger\/","article_modified_time":"2026-03-17T09:11:48+00:00","og_image":[{"width":900,"height":900,"url":"https:\/\/optimate1.com\/wp-content\/uploads\/2019\/06\/OptiMate-Solar-Panel-80W-Kit-TM523-8-im1-orange-corner-es.png","type":"image\/png"}],"twitter_card":"summary_large_image","twitter_misc":{"Tiempo de lectura":"2 minutos"},"schema":{"@context":"https:\/\/schema.org","@graph":[{"@type":"WebPage","@id":"https:\/\/optimate1.com\/product\/solar80w\/","url":"https:\/\/optimate1.com\/product\/solar80w\/","name":"OptiMate Solar 80W - OptiMate","isPartOf":{"@id":"https:\/\/optimate1.com\/#website"},"primaryImageOfPage":{"@id":"https:\/\/optimate1.com\/product\/solar80w\/#primaryimage"},"image":{"@id":"https:\/\/optimate1.com\/product\/solar80w\/#primaryimage"},"thumbnailUrl":"https:\/\/optimate1.com\/wp-content\/uploads\/2019\/06\/OptiMate-Solar-Panel-80W-Kit-TM523-8-im1-orange-corner-es.png","datePublished":"2019-06-10T01:31:30+00:00","dateModified":"2026-03-17T09:11:48+00:00","description":"El OptiMate Solar 80W es el cargador panel solar barco y mantenedor inteligente de 24 horas para todas las bater\u00edas de plomo de 12V. Leer m\u00e1s!","breadcrumb":{"@id":"https:\/\/optimate1.com\/product\/solar80w\/#breadcrumb"},"inLanguage":"es","potentialAction":[{"@type":"ReadAction","target":["https:\/\/optimate1.com\/product\/solar80w\/"]}]},{"@type":"ImageObject","inLanguage":"es","@id":"https:\/\/optimate1.com\/product\/solar80w\/#primaryimage","url":"https:\/\/optimate1.com\/wp-content\/uploads\/2019\/06\/OptiMate-Solar-Panel-80W-Kit-TM523-8-im1-orange-corner-es.png","contentUrl":"https:\/\/optimate1.com\/wp-content\/uploads\/2019\/06\/OptiMate-Solar-Panel-80W-Kit-TM523-8-im1-orange-corner-es.png","width":900,"height":900,"caption":"panel solar barco imagen del producto"},{"@type":"BreadcrumbList","@id":"https:\/\/optimate1.com\/product\/solar80w\/#breadcrumb","itemListElement":[{"@type":"ListItem","position":1,"name":"Home","item":"https:\/\/optimate1.com\/"},{"@type":"ListItem","position":2,"name":"Productos","item":"https:\/\/optimate1.com\/shop\/"},{"@type":"ListItem","position":3,"name":"OptiMate Solar 80W Travel Kit"}]},{"@type":"WebSite","@id":"https:\/\/optimate1.com\/#website","url":"https:\/\/optimate1.com\/","name":"OptiMate","description":"Battery Chargers &amp; Accessories","publisher":{"@id":"https:\/\/optimate1.com\/#organization"},"potentialAction":[{"@type":"SearchAction","target":{"@type":"EntryPoint","urlTemplate":"https:\/\/optimate1.com\/?s={search_term_string}"},"query-input":{"@type":"PropertyValueSpecification","valueRequired":true,"valueName":"search_term_string"}}],"inLanguage":"es"},{"@type":"Organization","@id":"https:\/\/optimate1.com\/#organization","name":"OptiMate","url":"https:\/\/optimate1.com\/","logo":{"@type":"ImageObject","inLanguage":"es","@id":"https:\/\/optimate1.com\/#\/schema\/logo\/image\/","url":"https:\/\/optimate1.com\/wp-content\/uploads\/2021\/06\/optimate-hpbc-stacklogo.jpg","contentUrl":"https:\/\/optimate1.com\/wp-content\/uploads\/2021\/06\/optimate-hpbc-stacklogo.jpg","width":1025,"height":529,"caption":"OptiMate"},"image":{"@id":"https:\/\/optimate1.com\/#\/schema\/logo\/image\/"},"sameAs":["https:\/\/www.facebook.com\/OptiMatebatterysavingcharger\/"]}]}},"_links":{"self":[{"href":"https:\/\/optimate1.com\/es\/wp-json\/wp\/v2\/product\/9507","targetHints":{"allow":["GET"]}}],"collection":[{"href":"https:\/\/optimate1.com\/es\/wp-json\/wp\/v2\/product"}],"about":[{"href":"https:\/\/optimate1.com\/es\/wp-json\/wp\/v2\/types\/product"}],"wp:featuredmedia":[{"embeddable":true,"href":"https:\/\/optimate1.com\/es\/wp-json\/wp\/v2\/media\/30103"}],"wp:attachment":[{"href":"https:\/\/optimate1.com\/es\/wp-json\/wp\/v2\/media?parent=9507"}],"wp:term":[{"taxonomy":"product_brand","embeddable":true,"href":"https:\/\/optimate1.com\/es\/wp-json\/wp\/v2\/product_brand?post=9507"},{"taxonomy":"product_cat","embeddable":true,"href":"https:\/\/optimate1.com\/es\/wp-json\/wp\/v2\/product_cat?post=9507"},{"taxonomy":"product_tag","embeddable":true,"href":"https:\/\/optimate1.com\/es\/wp-json\/wp\/v2\/product_tag?post=9507"}],"curies":[{"name":"wp","href":"https:\/\/api.w.org\/{rel}","templated":true}]}}