{"id":9551,"date":"2019-06-17T11:17:51","date_gmt":"2019-06-17T15:17:51","guid":{"rendered":"https:\/\/optimate1.com\/product\/optimate-cable-o-23\/"},"modified":"2026-02-25T05:51:24","modified_gmt":"2026-02-25T10:51:24","slug":"optimate-cable-o-23","status":"publish","type":"product","link":"https:\/\/optimate1.com\/es\/producto\/optimate-cable-o-23\/","title":{"rendered":"O-23 alargador | SAE > SAE | 4.6m-15ft | 13A m\u00e1x."},"content":{"rendered":"<h3 class=\"entry-summary hidden-phone\" style=\"text-align: center;\"><strong>Extensor de alta resistencia para autom\u00f3viles y embarcaciones.<\/strong><\/h3>\n<h6 style=\"text-align: center;\"><strong><span style=\"color: #10069f;\"><img loading=\"lazy\" decoding=\"async\" class=\"wp-image-20660 aligncenter\" src=\"https:\/\/optimate1.com\/wp-content\/uploads\/2023\/03\/O23-feature-cable-length-1-copy-4.png\" alt=\"\" width=\"428\" height=\"100\" \/>Longitud = 460\u00a0cm \/ 15\u00a0ft<\/span><\/strong><\/h6>\n<h6 style=\"text-align: center;\"><img loading=\"lazy\" decoding=\"async\" class=\"aligncenter wp-image-20977\" src=\"https:\/\/optimate1.com\/wp-content\/uploads\/2021\/11\/feature-3-copy-2-copy.png\" alt=\"\" width=\"428\" height=\"70\" \/><strong><span style=\"color: #10069f;\">Apto para uso continuo de 10A. <\/span><\/strong><\/h6>\n<h6 style=\"text-align: center;\"><img loading=\"lazy\" decoding=\"async\" class=\"aligncenter wp-image-20910\" src=\"https:\/\/optimate1.com\/wp-content\/uploads\/2021\/11\/O43-feature-cable-length-1-copy.png\" alt=\"\" width=\"428\" height=\"70\" \/><strong><span style=\"color: #10069f;\">Conductividad mejorada con contactos recubiertos de ORO.<\/span><\/strong><\/h6>\n<p>&nbsp;<\/p>\n<h4 style=\"text-align: center;\"><span style=\"text-decoration: underline;\"><strong>M\u00c1S CARACTER\u00cdSTICAS:<\/strong><\/span><\/h4>\n<p style=\"text-align: center;\">\n<table id=\"tablepress-309\" class=\"tablepress tablepress-id-309\">\n<tbody class=\"row-hover\">\n<tr class=\"row-1\">\n\t<td class=\"column-1\"><a href=\"\"><img loading=\"lazy\" decoding=\"async\" src=\"https:\/\/optimate1.com\/wp-content\/uploads\/2021\/11\/Inline-protection-against-dust-rain-01_X-copy.png\" alt=\"\" width=\"300\" height=\"50\" class=\"aligncenter size-medium wp-image-20982\" \/><\/a><body><h6><center>La junta de coma en line protege la conexi\u00f2n SAE.<\/center><\/h6><\/body><\/td>\n<\/tr>\n<tr class=\"row-2\">\n\t<td class=\"column-1\"><a href=\"\"><img loading=\"lazy\" decoding=\"async\" src=\"https:\/\/optimate1.com\/wp-content\/uploads\/2021\/11\/weather-icon-copy_600px-01.png\" alt=\"\" width=\"600\" height=\"40\" class=\"aligncenter size-medium wp-image-21012\" \/><\/a><body><h6><center>Apto para uso a bajas T\u00b0 y en exterior.<\/body><\/h6><\/center><\/td>\n<\/tr>\n<tr class=\"row-3\">\n\t<td class=\"column-1\"><a href=\"\"><img loading=\"lazy\" decoding=\"async\" src=\"https:\/\/optimate1.com\/wp-content\/uploads\/2023\/03\/SPT-2.png\" alt=\"\" width=\"300\" height=\"40\" class=\"aligncenter size-medium wp-image-21012\" \/><\/a><body><h6><center>Aislamiento m\u00e0s grueso para una mayor protecci\u00f2n.<\/body><\/h6><\/center><\/td>\n<\/tr>\n<tr class=\"row-4\">\n\t<td class=\"column-1\"><a href=\"\"><img loading=\"lazy\" decoding=\"async\" src=\"https:\/\/optimate1.com\/wp-content\/uploads\/2023\/03\/16AWG.png\" alt=\"\" width=\"300\" height=\"40\" class=\"aligncenter size-medium wp-image-21012\" \/><\/a><body><h6><center>Capacidad de corriente: promedio 10A. \/ m\u00e0x. 13A<\/body><\/h6><\/center><br \/>\n<br \/>\n<br \/>\n<br \/>\n<\/td>\n<\/tr>\n<\/tbody>\n<\/table>\n<\/p>\n","protected":false},"excerpt":{"rendered":"<h3 class=\"entry-summary hidden-phone\"><span style=\"color: #cd202c;\">Extensor, 10A, 460 cm \/ 15 ft.<\/span><\/h3>\n","protected":false},"featured_media":5361,"template":"","meta":[],"product_brand":[],"product_cat":[2252,1067,2251],"product_tag":[],"class_list":{"0":"post-9551","1":"product","2":"type-product","3":"status-publish","4":"has-post-thumbnail","6":"product_cat-accessories-es","7":"product_cat-cablesconnectors-es","8":"product_cat-marine-es","9":"pa_cable-type-extender-sae-es","10":"pa_connector-type-sae-es","11":"pa_region-ca-es-2","12":"pa_region-eu-es-2","13":"pa_region-uk-es-2","14":"pa_region-us-es-2","15":"iside_cable_type-cables-de-extension-sae","16":"iside_connector_type-sae-es","17":"recommended_for-optimate-6-7-es","18":"recommended_for-optimate-g10-es","19":"recommended_for-optimate-pro-duo-es","20":"thunk-woo-product-list","21":"opn-qv-enable","22":"big-store-woo-hover-","23":"open-single-product-tab-horizontal","24":"open-shadow-","25":"open-shadow-hover-","27":"first","28":"instock","29":"featured","30":"shipping-taxable","31":"purchasable","32":"product-type-simple"},"yoast_head":"<!-- This site is optimized with the Yoast SEO plugin v27.2 - https:\/\/yoast.com\/product\/yoast-seo-wordpress\/ -->\n<title>O-23 alargador | SAE &gt; SAE | 4.6m-15ft | 13A m\u00e1x. - OptiMate<\/title>\n<meta name=\"description\" content=\"OptiMate CABLE O-23 es un extensor de servicio pesado para autom\u00f3viles y marinos. Ampl\u00eda tu conexi\u00f3n SAE. \u00a1Descubre m\u00e1s en nuestro sitio web!\" \/>\n<meta name=\"robots\" content=\"index, follow, max-snippet:-1, max-image-preview:large, max-video-preview:-1, noarchive\" \/>\n<link rel=\"canonical\" href=\"https:\/\/optimate1.com\/product\/cbleo-23\/\" \/>\n<meta property=\"og:locale\" content=\"es_ES\" \/>\n<meta property=\"og:type\" content=\"article\" \/>\n<meta property=\"og:title\" content=\"O-23 alargador | SAE &gt; SAE | 4.6m-15ft | 13A m\u00e1x. - OptiMate\" \/>\n<meta property=\"og:description\" content=\"OptiMate CABLE O-23 es un extensor de servicio pesado para autom\u00f3viles y marinos. Ampl\u00eda tu conexi\u00f3n SAE. \u00a1Descubre m\u00e1s en nuestro sitio web!\" \/>\n<meta property=\"og:url\" content=\"https:\/\/optimate1.com\/product\/cbleo-23\/\" \/>\n<meta property=\"og:site_name\" content=\"OptiMate\" \/>\n<meta property=\"article:publisher\" content=\"https:\/\/www.facebook.com\/OptiMatebatterysavingcharger\/\" \/>\n<meta property=\"article:modified_time\" content=\"2026-02-25T10:51:24+00:00\" \/>\n<meta property=\"og:image\" content=\"https:\/\/optimate1.com\/wp-content\/uploads\/2019\/06\/O23-0.png\" \/>\n\t<meta property=\"og:image:width\" content=\"900\" \/>\n\t<meta property=\"og:image:height\" content=\"900\" \/>\n\t<meta property=\"og:image:type\" content=\"image\/png\" \/>\n<meta name=\"twitter:card\" content=\"summary_large_image\" \/>\n<meta name=\"twitter:label1\" content=\"Tiempo de lectura\" \/>\n\t<meta name=\"twitter:data1\" content=\"1 minuto\" \/>\n<script type=\"application\/ld+json\" class=\"yoast-schema-graph\">{\"@context\":\"https:\/\/schema.org\",\"@graph\":[{\"@type\":\"WebPage\",\"@id\":\"https:\/\/optimate1.com\/product\/cbleo-23\/\",\"url\":\"https:\/\/optimate1.com\/product\/cbleo-23\/\",\"name\":\"O-23 alargador | SAE > SAE | 4.6m-15ft | 13A m\u00e1x. - OptiMate\",\"isPartOf\":{\"@id\":\"https:\/\/optimate1.com\/#website\"},\"primaryImageOfPage\":{\"@id\":\"https:\/\/optimate1.com\/product\/cbleo-23\/#primaryimage\"},\"image\":{\"@id\":\"https:\/\/optimate1.com\/product\/cbleo-23\/#primaryimage\"},\"thumbnailUrl\":\"https:\/\/optimate1.com\/wp-content\/uploads\/2019\/06\/O23-0.png\",\"datePublished\":\"2019-06-17T15:17:51+00:00\",\"dateModified\":\"2026-02-25T10:51:24+00:00\",\"description\":\"OptiMate CABLE O-23 es un extensor de servicio pesado para autom\u00f3viles y marinos. Ampl\u00eda tu conexi\u00f3n SAE. \u00a1Descubre m\u00e1s en nuestro sitio web!\",\"breadcrumb\":{\"@id\":\"https:\/\/optimate1.com\/product\/cbleo-23\/#breadcrumb\"},\"inLanguage\":\"es\",\"potentialAction\":[{\"@type\":\"ReadAction\",\"target\":[\"https:\/\/optimate1.com\/product\/cbleo-23\/\"]}]},{\"@type\":\"ImageObject\",\"inLanguage\":\"es\",\"@id\":\"https:\/\/optimate1.com\/product\/cbleo-23\/#primaryimage\",\"url\":\"https:\/\/optimate1.com\/wp-content\/uploads\/2019\/06\/O23-0.png\",\"contentUrl\":\"https:\/\/optimate1.com\/wp-content\/uploads\/2019\/06\/O23-0.png\",\"width\":900,\"height\":900,\"caption\":\"heavy duty extender product image\"},{\"@type\":\"BreadcrumbList\",\"@id\":\"https:\/\/optimate1.com\/product\/cbleo-23\/#breadcrumb\",\"itemListElement\":[{\"@type\":\"ListItem\",\"position\":1,\"name\":\"Home\",\"item\":\"https:\/\/optimate1.com\/\"},{\"@type\":\"ListItem\",\"position\":2,\"name\":\"Productos\",\"item\":\"https:\/\/optimate1.com\/shop\/\"},{\"@type\":\"ListItem\",\"position\":3,\"name\":\"OptiMate CABLE O-23\"}]},{\"@type\":\"WebSite\",\"@id\":\"https:\/\/optimate1.com\/#website\",\"url\":\"https:\/\/optimate1.com\/\",\"name\":\"OptiMate\",\"description\":\"Battery Chargers &amp; Accessories\",\"publisher\":{\"@id\":\"https:\/\/optimate1.com\/#organization\"},\"potentialAction\":[{\"@type\":\"SearchAction\",\"target\":{\"@type\":\"EntryPoint\",\"urlTemplate\":\"https:\/\/optimate1.com\/?s={search_term_string}\"},\"query-input\":{\"@type\":\"PropertyValueSpecification\",\"valueRequired\":true,\"valueName\":\"search_term_string\"}}],\"inLanguage\":\"es\"},{\"@type\":\"Organization\",\"@id\":\"https:\/\/optimate1.com\/#organization\",\"name\":\"OptiMate\",\"url\":\"https:\/\/optimate1.com\/\",\"logo\":{\"@type\":\"ImageObject\",\"inLanguage\":\"es\",\"@id\":\"https:\/\/optimate1.com\/#\/schema\/logo\/image\/\",\"url\":\"https:\/\/optimate1.com\/wp-content\/uploads\/2021\/06\/optimate-hpbc-stacklogo.jpg\",\"contentUrl\":\"https:\/\/optimate1.com\/wp-content\/uploads\/2021\/06\/optimate-hpbc-stacklogo.jpg\",\"width\":1025,\"height\":529,\"caption\":\"OptiMate\"},\"image\":{\"@id\":\"https:\/\/optimate1.com\/#\/schema\/logo\/image\/\"},\"sameAs\":[\"https:\/\/www.facebook.com\/OptiMatebatterysavingcharger\/\"]}]}<\/script>\n<!-- \/ Yoast SEO plugin. -->","yoast_head_json":{"title":"O-23 alargador | SAE > SAE | 4.6m-15ft | 13A m\u00e1x. - OptiMate","description":"OptiMate CABLE O-23 es un extensor de servicio pesado para autom\u00f3viles y marinos. Ampl\u00eda tu conexi\u00f3n SAE. \u00a1Descubre m\u00e1s en nuestro sitio web!","robots":{"index":"index","follow":"follow","max-snippet":"max-snippet:-1","max-image-preview":"max-image-preview:large","max-video-preview":"max-video-preview:-1","archive":"noarchive"},"canonical":"https:\/\/optimate1.com\/product\/cbleo-23\/","og_locale":"es_ES","og_type":"article","og_title":"O-23 alargador | SAE > SAE | 4.6m-15ft | 13A m\u00e1x. - OptiMate","og_description":"OptiMate CABLE O-23 es un extensor de servicio pesado para autom\u00f3viles y marinos. Ampl\u00eda tu conexi\u00f3n SAE. \u00a1Descubre m\u00e1s en nuestro sitio web!","og_url":"https:\/\/optimate1.com\/product\/cbleo-23\/","og_site_name":"OptiMate","article_publisher":"https:\/\/www.facebook.com\/OptiMatebatterysavingcharger\/","article_modified_time":"2026-02-25T10:51:24+00:00","og_image":[{"width":900,"height":900,"url":"https:\/\/optimate1.com\/wp-content\/uploads\/2019\/06\/O23-0.png","type":"image\/png"}],"twitter_card":"summary_large_image","twitter_misc":{"Tiempo de lectura":"1 minuto"},"schema":{"@context":"https:\/\/schema.org","@graph":[{"@type":"WebPage","@id":"https:\/\/optimate1.com\/product\/cbleo-23\/","url":"https:\/\/optimate1.com\/product\/cbleo-23\/","name":"O-23 alargador | SAE > SAE | 4.6m-15ft | 13A m\u00e1x. - OptiMate","isPartOf":{"@id":"https:\/\/optimate1.com\/#website"},"primaryImageOfPage":{"@id":"https:\/\/optimate1.com\/product\/cbleo-23\/#primaryimage"},"image":{"@id":"https:\/\/optimate1.com\/product\/cbleo-23\/#primaryimage"},"thumbnailUrl":"https:\/\/optimate1.com\/wp-content\/uploads\/2019\/06\/O23-0.png","datePublished":"2019-06-17T15:17:51+00:00","dateModified":"2026-02-25T10:51:24+00:00","description":"OptiMate CABLE O-23 es un extensor de servicio pesado para autom\u00f3viles y marinos. Ampl\u00eda tu conexi\u00f3n SAE. \u00a1Descubre m\u00e1s en nuestro sitio web!","breadcrumb":{"@id":"https:\/\/optimate1.com\/product\/cbleo-23\/#breadcrumb"},"inLanguage":"es","potentialAction":[{"@type":"ReadAction","target":["https:\/\/optimate1.com\/product\/cbleo-23\/"]}]},{"@type":"ImageObject","inLanguage":"es","@id":"https:\/\/optimate1.com\/product\/cbleo-23\/#primaryimage","url":"https:\/\/optimate1.com\/wp-content\/uploads\/2019\/06\/O23-0.png","contentUrl":"https:\/\/optimate1.com\/wp-content\/uploads\/2019\/06\/O23-0.png","width":900,"height":900,"caption":"heavy duty extender product image"},{"@type":"BreadcrumbList","@id":"https:\/\/optimate1.com\/product\/cbleo-23\/#breadcrumb","itemListElement":[{"@type":"ListItem","position":1,"name":"Home","item":"https:\/\/optimate1.com\/"},{"@type":"ListItem","position":2,"name":"Productos","item":"https:\/\/optimate1.com\/shop\/"},{"@type":"ListItem","position":3,"name":"OptiMate CABLE O-23"}]},{"@type":"WebSite","@id":"https:\/\/optimate1.com\/#website","url":"https:\/\/optimate1.com\/","name":"OptiMate","description":"Battery Chargers &amp; Accessories","publisher":{"@id":"https:\/\/optimate1.com\/#organization"},"potentialAction":[{"@type":"SearchAction","target":{"@type":"EntryPoint","urlTemplate":"https:\/\/optimate1.com\/?s={search_term_string}"},"query-input":{"@type":"PropertyValueSpecification","valueRequired":true,"valueName":"search_term_string"}}],"inLanguage":"es"},{"@type":"Organization","@id":"https:\/\/optimate1.com\/#organization","name":"OptiMate","url":"https:\/\/optimate1.com\/","logo":{"@type":"ImageObject","inLanguage":"es","@id":"https:\/\/optimate1.com\/#\/schema\/logo\/image\/","url":"https:\/\/optimate1.com\/wp-content\/uploads\/2021\/06\/optimate-hpbc-stacklogo.jpg","contentUrl":"https:\/\/optimate1.com\/wp-content\/uploads\/2021\/06\/optimate-hpbc-stacklogo.jpg","width":1025,"height":529,"caption":"OptiMate"},"image":{"@id":"https:\/\/optimate1.com\/#\/schema\/logo\/image\/"},"sameAs":["https:\/\/www.facebook.com\/OptiMatebatterysavingcharger\/"]}]}},"_links":{"self":[{"href":"https:\/\/optimate1.com\/es\/wp-json\/wp\/v2\/product\/9551","targetHints":{"allow":["GET"]}}],"collection":[{"href":"https:\/\/optimate1.com\/es\/wp-json\/wp\/v2\/product"}],"about":[{"href":"https:\/\/optimate1.com\/es\/wp-json\/wp\/v2\/types\/product"}],"wp:featuredmedia":[{"embeddable":true,"href":"https:\/\/optimate1.com\/es\/wp-json\/wp\/v2\/media\/5361"}],"wp:attachment":[{"href":"https:\/\/optimate1.com\/es\/wp-json\/wp\/v2\/media?parent=9551"}],"wp:term":[{"taxonomy":"product_brand","embeddable":true,"href":"https:\/\/optimate1.com\/es\/wp-json\/wp\/v2\/product_brand?post=9551"},{"taxonomy":"product_cat","embeddable":true,"href":"https:\/\/optimate1.com\/es\/wp-json\/wp\/v2\/product_cat?post=9551"},{"taxonomy":"product_tag","embeddable":true,"href":"https:\/\/optimate1.com\/es\/wp-json\/wp\/v2\/product_tag?post=9551"}],"curies":[{"name":"wp","href":"https:\/\/api.w.org\/{rel}","templated":true}]}}