{"id":9638,"date":"2019-06-09T21:47:43","date_gmt":"2019-06-10T01:47:43","guid":{"rendered":"https:\/\/optimate1.com\/product\/optimate-test-cranking-alternator\/"},"modified":"2022-07-11T07:33:42","modified_gmt":"2022-07-11T11:33:42","slug":"optimate-test-cranking-alternator","status":"publish","type":"product","link":"https:\/\/optimate1.com\/es\/producto\/optimate-test-cranking-alternator\/","title":{"rendered":"OptiMate TEST \u2013 Cranking &#038; Alternator"},"content":{"rendered":"<h3>El mejor comprobador de bolsillo para consultar la tensi\u00f3n del alternador y el rendimiento de la bater\u00eda del veh\u00edculo, con bater\u00eda de plomo-\u00e1cido de 12V o de arranque LiFePO4 de 12.8V &#8211; <em>Solucione cualquier problema desde el arranque hasta la carga!<\/em><\/h3>\n<ul>\n<li><span style=\"color: #10069f;\"><b>Para veh\u00edculos con bater\u00eda de plomo-\u00e1cido de 12V AGM, GEL y STD o de arranque LFP\/LiFePO4 de 12.8V.\u00a0<\/b><\/span><\/li>\n<li><span style=\"color: #10069f;\"><b>Tan f\u00e1cil como 1-2-3: conecte la bater\u00eda, compruebe el estado de carga y el comprobador de motor de arranque muestra el voltaje de arranque y el voltaje de carga del veh\u00edculo simult\u00e1neamente<em> &#8211; Solo necesita 15\u00a0segundos! <\/em><\/b><\/span><\/li>\n<li><span style=\"color: #10069f;\"><b>Muestra los voltios de arranque por debajo de 6V y el intervalo de voltaje de carga hasta 15V <em>&#8211; Compruebe si la bater\u00eda tiene un nivel bajo de carga o est\u00e1 sobrecargada! <\/em><\/b><\/span><\/li>\n<li><span style=\"color: #10069f;\"><span style=\"color: #10069f;\"><b>\u00a1F\u00e1cil de usar!\u00a0Con las pinzas incluidas, con\u00e9ctelo a la bater\u00eda o a un cable de bater\u00eda SAE instalado.<\/b><\/span><\/span><\/li>\n<\/ul>\n<p>&nbsp;<\/p>\n<p>&nbsp;<\/p>\n","protected":false},"excerpt":{"rendered":"<h3><span style=\"color: #cd202c;\">Comprobador de 12V para consultar el estado de carga de la bater\u00eda, el rendimiento del arranque y el sistema de carga del veh\u00edculo.<\/span><\/h3>\n","protected":false},"featured_media":4904,"template":"","meta":[],"product_brand":[],"product_cat":[444],"product_tag":[],"class_list":{"0":"post-9638","1":"product","2":"type-product","3":"status-publish","4":"has-post-thumbnail","6":"product_cat-battery-testers-es","7":"pa_region-ca-es-2","8":"pa_region-eu-es-2","9":"pa_region-uk-es-2","10":"pa_region-us-es-2","11":"thunk-woo-product-list","12":"opn-qv-enable","13":"big-store-woo-hover-","14":"open-single-product-tab-horizontal","15":"open-shadow-","16":"open-shadow-hover-","18":"first","19":"instock","20":"featured","21":"shipping-taxable","22":"purchasable","23":"product-type-variable"},"yoast_head":"<!-- This site is optimized with the Yoast SEO plugin v27.2 - https:\/\/yoast.com\/product\/yoast-seo-wordpress\/ -->\n<title>OptiMate TEST \u2013 Cranking &amp; Alternator - OptiMate<\/title>\n<meta name=\"robots\" content=\"index, follow, max-snippet:-1, max-image-preview:large, max-video-preview:-1, noarchive\" \/>\n<link rel=\"canonical\" href=\"https:\/\/optimate1.com\/product\/optimate-test-cranking-alternator\/\" \/>\n<meta property=\"og:locale\" content=\"es_ES\" \/>\n<meta property=\"og:type\" content=\"article\" \/>\n<meta property=\"og:title\" content=\"OptiMate TEST \u2013 Cranking &amp; Alternator - OptiMate\" \/>\n<meta property=\"og:description\" content=\"Comprobador de 12V para consultar el estado de carga de la bater\u00eda, el rendimiento del arranque y el sistema de carga del veh\u00edculo.\" \/>\n<meta property=\"og:url\" content=\"https:\/\/optimate1.com\/product\/optimate-test-cranking-alternator\/\" \/>\n<meta property=\"og:site_name\" content=\"OptiMate\" \/>\n<meta property=\"article:publisher\" content=\"https:\/\/www.facebook.com\/OptiMatebatterysavingcharger\/\" \/>\n<meta property=\"article:modified_time\" content=\"2022-07-11T11:33:42+00:00\" \/>\n<meta property=\"og:image\" content=\"https:\/\/optimate1.com\/wp-content\/uploads\/2019\/06\/TS121-OptiMate-Test-2.png\" \/>\n\t<meta property=\"og:image:width\" content=\"900\" \/>\n\t<meta property=\"og:image:height\" content=\"900\" \/>\n\t<meta property=\"og:image:type\" content=\"image\/png\" \/>\n<meta name=\"twitter:card\" content=\"summary_large_image\" \/>\n<meta name=\"twitter:label1\" content=\"Tiempo de lectura\" \/>\n\t<meta name=\"twitter:data1\" content=\"1 minuto\" \/>\n<script type=\"application\/ld+json\" class=\"yoast-schema-graph\">{\"@context\":\"https:\/\/schema.org\",\"@graph\":[{\"@type\":\"WebPage\",\"@id\":\"https:\/\/optimate1.com\/product\/optimate-test-cranking-alternator\/\",\"url\":\"https:\/\/optimate1.com\/product\/optimate-test-cranking-alternator\/\",\"name\":\"OptiMate TEST \u2013 Cranking & Alternator - OptiMate\",\"isPartOf\":{\"@id\":\"https:\/\/optimate1.com\/#website\"},\"primaryImageOfPage\":{\"@id\":\"https:\/\/optimate1.com\/product\/optimate-test-cranking-alternator\/#primaryimage\"},\"image\":{\"@id\":\"https:\/\/optimate1.com\/product\/optimate-test-cranking-alternator\/#primaryimage\"},\"thumbnailUrl\":\"https:\/\/optimate1.com\/wp-content\/uploads\/2019\/06\/TS121-OptiMate-Test-2.png\",\"datePublished\":\"2019-06-10T01:47:43+00:00\",\"dateModified\":\"2022-07-11T11:33:42+00:00\",\"breadcrumb\":{\"@id\":\"https:\/\/optimate1.com\/product\/optimate-test-cranking-alternator\/#breadcrumb\"},\"inLanguage\":\"es\",\"potentialAction\":[{\"@type\":\"ReadAction\",\"target\":[\"https:\/\/optimate1.com\/product\/optimate-test-cranking-alternator\/\"]}]},{\"@type\":\"ImageObject\",\"inLanguage\":\"es\",\"@id\":\"https:\/\/optimate1.com\/product\/optimate-test-cranking-alternator\/#primaryimage\",\"url\":\"https:\/\/optimate1.com\/wp-content\/uploads\/2019\/06\/TS121-OptiMate-Test-2.png\",\"contentUrl\":\"https:\/\/optimate1.com\/wp-content\/uploads\/2019\/06\/TS121-OptiMate-Test-2.png\",\"width\":900,\"height\":900,\"caption\":\"12v tester for battery product image\"},{\"@type\":\"BreadcrumbList\",\"@id\":\"https:\/\/optimate1.com\/product\/optimate-test-cranking-alternator\/#breadcrumb\",\"itemListElement\":[{\"@type\":\"ListItem\",\"position\":1,\"name\":\"Home\",\"item\":\"https:\/\/optimate1.com\/\"},{\"@type\":\"ListItem\",\"position\":2,\"name\":\"Productos\",\"item\":\"https:\/\/optimate1.com\/shop\/\"},{\"@type\":\"ListItem\",\"position\":3,\"name\":\"OptiMate TEST \u2013 Cranking &#038; Alternator\"}]},{\"@type\":\"WebSite\",\"@id\":\"https:\/\/optimate1.com\/#website\",\"url\":\"https:\/\/optimate1.com\/\",\"name\":\"OptiMate\",\"description\":\"Battery Chargers &amp; Accessories\",\"publisher\":{\"@id\":\"https:\/\/optimate1.com\/#organization\"},\"potentialAction\":[{\"@type\":\"SearchAction\",\"target\":{\"@type\":\"EntryPoint\",\"urlTemplate\":\"https:\/\/optimate1.com\/?s={search_term_string}\"},\"query-input\":{\"@type\":\"PropertyValueSpecification\",\"valueRequired\":true,\"valueName\":\"search_term_string\"}}],\"inLanguage\":\"es\"},{\"@type\":\"Organization\",\"@id\":\"https:\/\/optimate1.com\/#organization\",\"name\":\"OptiMate\",\"url\":\"https:\/\/optimate1.com\/\",\"logo\":{\"@type\":\"ImageObject\",\"inLanguage\":\"es\",\"@id\":\"https:\/\/optimate1.com\/#\/schema\/logo\/image\/\",\"url\":\"https:\/\/optimate1.com\/wp-content\/uploads\/2021\/06\/optimate-hpbc-stacklogo.jpg\",\"contentUrl\":\"https:\/\/optimate1.com\/wp-content\/uploads\/2021\/06\/optimate-hpbc-stacklogo.jpg\",\"width\":1025,\"height\":529,\"caption\":\"OptiMate\"},\"image\":{\"@id\":\"https:\/\/optimate1.com\/#\/schema\/logo\/image\/\"},\"sameAs\":[\"https:\/\/www.facebook.com\/OptiMatebatterysavingcharger\/\"]}]}<\/script>\n<!-- \/ Yoast SEO plugin. -->","yoast_head_json":{"title":"OptiMate TEST \u2013 Cranking & Alternator - OptiMate","robots":{"index":"index","follow":"follow","max-snippet":"max-snippet:-1","max-image-preview":"max-image-preview:large","max-video-preview":"max-video-preview:-1","archive":"noarchive"},"canonical":"https:\/\/optimate1.com\/product\/optimate-test-cranking-alternator\/","og_locale":"es_ES","og_type":"article","og_title":"OptiMate TEST \u2013 Cranking & Alternator - OptiMate","og_description":"Comprobador de 12V para consultar el estado de carga de la bater\u00eda, el rendimiento del arranque y el sistema de carga del veh\u00edculo.","og_url":"https:\/\/optimate1.com\/product\/optimate-test-cranking-alternator\/","og_site_name":"OptiMate","article_publisher":"https:\/\/www.facebook.com\/OptiMatebatterysavingcharger\/","article_modified_time":"2022-07-11T11:33:42+00:00","og_image":[{"width":900,"height":900,"url":"https:\/\/optimate1.com\/wp-content\/uploads\/2019\/06\/TS121-OptiMate-Test-2.png","type":"image\/png"}],"twitter_card":"summary_large_image","twitter_misc":{"Tiempo de lectura":"1 minuto"},"schema":{"@context":"https:\/\/schema.org","@graph":[{"@type":"WebPage","@id":"https:\/\/optimate1.com\/product\/optimate-test-cranking-alternator\/","url":"https:\/\/optimate1.com\/product\/optimate-test-cranking-alternator\/","name":"OptiMate TEST \u2013 Cranking & Alternator - OptiMate","isPartOf":{"@id":"https:\/\/optimate1.com\/#website"},"primaryImageOfPage":{"@id":"https:\/\/optimate1.com\/product\/optimate-test-cranking-alternator\/#primaryimage"},"image":{"@id":"https:\/\/optimate1.com\/product\/optimate-test-cranking-alternator\/#primaryimage"},"thumbnailUrl":"https:\/\/optimate1.com\/wp-content\/uploads\/2019\/06\/TS121-OptiMate-Test-2.png","datePublished":"2019-06-10T01:47:43+00:00","dateModified":"2022-07-11T11:33:42+00:00","breadcrumb":{"@id":"https:\/\/optimate1.com\/product\/optimate-test-cranking-alternator\/#breadcrumb"},"inLanguage":"es","potentialAction":[{"@type":"ReadAction","target":["https:\/\/optimate1.com\/product\/optimate-test-cranking-alternator\/"]}]},{"@type":"ImageObject","inLanguage":"es","@id":"https:\/\/optimate1.com\/product\/optimate-test-cranking-alternator\/#primaryimage","url":"https:\/\/optimate1.com\/wp-content\/uploads\/2019\/06\/TS121-OptiMate-Test-2.png","contentUrl":"https:\/\/optimate1.com\/wp-content\/uploads\/2019\/06\/TS121-OptiMate-Test-2.png","width":900,"height":900,"caption":"12v tester for battery product image"},{"@type":"BreadcrumbList","@id":"https:\/\/optimate1.com\/product\/optimate-test-cranking-alternator\/#breadcrumb","itemListElement":[{"@type":"ListItem","position":1,"name":"Home","item":"https:\/\/optimate1.com\/"},{"@type":"ListItem","position":2,"name":"Productos","item":"https:\/\/optimate1.com\/shop\/"},{"@type":"ListItem","position":3,"name":"OptiMate TEST \u2013 Cranking &#038; Alternator"}]},{"@type":"WebSite","@id":"https:\/\/optimate1.com\/#website","url":"https:\/\/optimate1.com\/","name":"OptiMate","description":"Battery Chargers &amp; Accessories","publisher":{"@id":"https:\/\/optimate1.com\/#organization"},"potentialAction":[{"@type":"SearchAction","target":{"@type":"EntryPoint","urlTemplate":"https:\/\/optimate1.com\/?s={search_term_string}"},"query-input":{"@type":"PropertyValueSpecification","valueRequired":true,"valueName":"search_term_string"}}],"inLanguage":"es"},{"@type":"Organization","@id":"https:\/\/optimate1.com\/#organization","name":"OptiMate","url":"https:\/\/optimate1.com\/","logo":{"@type":"ImageObject","inLanguage":"es","@id":"https:\/\/optimate1.com\/#\/schema\/logo\/image\/","url":"https:\/\/optimate1.com\/wp-content\/uploads\/2021\/06\/optimate-hpbc-stacklogo.jpg","contentUrl":"https:\/\/optimate1.com\/wp-content\/uploads\/2021\/06\/optimate-hpbc-stacklogo.jpg","width":1025,"height":529,"caption":"OptiMate"},"image":{"@id":"https:\/\/optimate1.com\/#\/schema\/logo\/image\/"},"sameAs":["https:\/\/www.facebook.com\/OptiMatebatterysavingcharger\/"]}]}},"_links":{"self":[{"href":"https:\/\/optimate1.com\/es\/wp-json\/wp\/v2\/product\/9638","targetHints":{"allow":["GET"]}}],"collection":[{"href":"https:\/\/optimate1.com\/es\/wp-json\/wp\/v2\/product"}],"about":[{"href":"https:\/\/optimate1.com\/es\/wp-json\/wp\/v2\/types\/product"}],"wp:featuredmedia":[{"embeddable":true,"href":"https:\/\/optimate1.com\/es\/wp-json\/wp\/v2\/media\/4904"}],"wp:attachment":[{"href":"https:\/\/optimate1.com\/es\/wp-json\/wp\/v2\/media?parent=9638"}],"wp:term":[{"taxonomy":"product_brand","embeddable":true,"href":"https:\/\/optimate1.com\/es\/wp-json\/wp\/v2\/product_brand?post=9638"},{"taxonomy":"product_cat","embeddable":true,"href":"https:\/\/optimate1.com\/es\/wp-json\/wp\/v2\/product_cat?post=9638"},{"taxonomy":"product_tag","embeddable":true,"href":"https:\/\/optimate1.com\/es\/wp-json\/wp\/v2\/product_tag?post=9638"}],"curies":[{"name":"wp","href":"https:\/\/api.w.org\/{rel}","templated":true}]}}