{"id":9652,"date":"2019-06-17T14:55:43","date_gmt":"2019-06-17T18:55:43","guid":{"rendered":"https:\/\/optimate1.com\/product\/optimate-cable-o-16\/"},"modified":"2026-02-25T07:52:21","modified_gmt":"2026-02-25T12:52:21","slug":"optimate-cable-o-16","status":"publish","type":"product","link":"https:\/\/optimate1.com\/es\/producto\/optimate-cable-o-16\/","title":{"rendered":"O-16 adaptador de toma | DIN (\u00d812) > SAE | 7A m\u00e1x."},"content":{"rendered":"<div class=\"woocommerce-product-details__short-description\">\n<h3 class=\"entry-summary hidden-phone\" style=\"text-align: center;\"><strong>Adapte el conector DIN de su motocicleta a una toma de conector AUTOM\u00c1TICO est\u00e1ndar.<\/strong><\/h3>\n<h6 style=\"text-align: center;\"><strong><span style=\"color: #10069f;\"><img loading=\"lazy\" decoding=\"async\" class=\"wp-image-20660 aligncenter\" src=\"https:\/\/optimate1.com\/wp-content\/uploads\/2023\/03\/O-16-feature-cable-copy-3.png\" alt=\"\" width=\"428\" height=\"100\" \/>Conector BIKE\/DIN (\u00d812\u00a0mm\/\u00bd\u201d) a conector AUTOM\u00c1TICO est\u00e1ndar (\u00d821mm\/0.83\u201d).<\/span><\/strong><\/h6>\n<h6 style=\"text-align: center;\"><img loading=\"lazy\" decoding=\"async\" class=\"aligncenter wp-image-20977\" src=\"https:\/\/optimate1.com\/wp-content\/uploads\/2023\/04\/12v-socket.png\" alt=\"\" width=\"428\" height=\"70\" \/><strong><span style=\"color: #10069f;\">Las ranuras de bloqueo internas mantienen el accesorio en su lugar mientras viaja.<\/span><\/strong><\/h6>\n<h6 style=\"text-align: center;\"><img loading=\"lazy\" decoding=\"async\" class=\"aligncenter wp-image-20910\" src=\"https:\/\/optimate1.com\/wp-content\/uploads\/2023\/03\/O-16-length-copy.png\" alt=\"\" width=\"428\" height=\"70\" \/><strong><span style=\"color: #10069f;\">Especificaciones pr\u00e9mium <\/span><\/strong><span style=\"color: #10069f;\">&#8211; <\/span><span style=\"color: #10069f;\"><i>longitud 50\u00a0cm (20\u201d), cable apto para -40\u00b0, capacidad de corriente 5A (m\u00e1x. 7A).<\/i><\/span><\/h6>\n<p>&nbsp;<\/p>\n<h4 style=\"text-align: center;\"><span style=\"text-decoration: underline;\"><strong>M\u00c1S CARACTER\u00cdSTICAS:<\/strong><\/span><\/h4>\n<p style=\"text-align: center;\">\n<table id=\"tablepress-318\" class=\"tablepress tablepress-id-318\">\n<tbody class=\"row-hover\">\n<tr class=\"row-1\">\n\t<td class=\"column-1\"><a href=\"\"><img loading=\"lazy\" decoding=\"async\" src=\"https:\/\/optimate1.com\/wp-content\/uploads\/2023\/03\/weather-protected-cap-copy.png\" alt=\"\" width=\"300\" height=\"50\" class=\"aligncenter size-medium wp-image-20982\" \/><\/a><body><h6><center>Con tapa resistente al agua.<\/center><\/h6><\/body><\/td>\n<\/tr>\n<tr class=\"row-2\">\n\t<td class=\"column-1\"><a href=\"\"><img loading=\"lazy\" decoding=\"async\" src=\"https:\/\/optimate1.com\/wp-content\/uploads\/2021\/11\/weather-icon-copy_600px-01.png\" alt=\"\" width=\"600\" height=\"40\" class=\"aligncenter size-medium wp-image-21012\" \/><\/a><body><h6><center>Apto para uso a bajas T\u00b0 y en exterior.<\/body><\/h6><\/center><\/td>\n<\/tr>\n<tr class=\"row-3\">\n\t<td class=\"column-1\"><a href=\"\"><img loading=\"lazy\" decoding=\"async\" src=\"https:\/\/optimate1.com\/wp-content\/uploads\/2023\/03\/SPT-2.png\" alt=\"\" width=\"300\" height=\"40\" class=\"aligncenter size-medium wp-image-21012\" \/><\/a><body><h6><center>Aislamiento m\u00e0s grueso para una mayor protecci\u00f2n.<\/body><\/h6><\/center><\/td>\n<\/tr>\n<tr class=\"row-4\">\n\t<td class=\"column-1\"><a href=\"\"><img loading=\"lazy\" decoding=\"async\" src=\"https:\/\/optimate1.com\/wp-content\/uploads\/2023\/03\/18AWG.png\" alt=\"\" width=\"300\" height=\"40\" class=\"aligncenter size-medium wp-image-21012\" \/><\/a><body><h6><center>Capacidad de corriente: promedio 5A. \/ m\u00e0x. 7A<\/body><\/h6><\/center><\/td>\n<\/tr>\n<\/tbody>\n<\/table>\n<!-- #tablepress-318 from cache --><\/p>\n<\/div>\n","protected":false},"excerpt":{"rendered":"<h3><span style=\"color: #cd202c;\">Adaptador, conector BIKE a conector AUTOM\u00c1TICO<\/span><\/h3>\n","protected":false},"featured_media":5636,"template":"","meta":[],"product_brand":[],"product_cat":[1067],"product_tag":[],"class_list":{"0":"post-9652","1":"product","2":"type-product","3":"status-publish","4":"has-post-thumbnail","6":"product_cat-cablesconnectors-es","7":"pa_cable-type-d12mm-bike-plug-adapter-es","8":"pa_cable-type-d21mm-socket-adapter-es","9":"pa_connector-type-auto-es","10":"pa_connector-type-d12mm-bike-hella-es","11":"pa_region-ca-es-2","12":"pa_region-eu-es-2","13":"pa_region-uk-es-2","14":"pa_region-us-es-2","15":"iside_cable_type-adaptador-auto-a-otro","16":"iside_cable_type-adaptadora-din-a-otra","17":"iside_connector_type-d12mm-bike-hella-es","18":"thunk-woo-product-list","19":"opn-qv-enable","20":"big-store-woo-hover-","21":"open-single-product-tab-horizontal","22":"open-shadow-","23":"open-shadow-hover-","25":"first","26":"instock","27":"featured","28":"shipping-taxable","29":"purchasable","30":"product-type-simple"},"yoast_head":"<!-- This site is optimized with the Yoast SEO plugin v27.2 - https:\/\/yoast.com\/product\/yoast-seo-wordpress\/ -->\n<title>O-16 adaptador de toma | DIN (\u00d812) &gt; SAE | 7A m\u00e1x. - OptiMate<\/title>\n<meta name=\"description\" content=\"El OptiMate CABLE O-16 es un conector de enchufe autom\u00e1tico para crear un enchufe autom\u00e1tico de un enchufe de bicicleta un enchufe de autom\u00f3vil. \u00a1Saber m\u00e1s!\" \/>\n<meta name=\"robots\" content=\"index, follow, max-snippet:-1, max-image-preview:large, max-video-preview:-1, noarchive\" \/>\n<link rel=\"canonical\" href=\"https:\/\/optimate1.com\/product\/cbleo-16\/\" \/>\n<meta property=\"og:locale\" content=\"es_ES\" \/>\n<meta property=\"og:type\" content=\"article\" \/>\n<meta property=\"og:title\" content=\"O-16 adaptador de toma | DIN (\u00d812) &gt; SAE | 7A m\u00e1x. - OptiMate\" \/>\n<meta property=\"og:description\" content=\"El OptiMate CABLE O-16 es un conector de enchufe autom\u00e1tico para crear un enchufe autom\u00e1tico de un enchufe de bicicleta un enchufe de autom\u00f3vil. \u00a1Saber m\u00e1s!\" \/>\n<meta property=\"og:url\" content=\"https:\/\/optimate1.com\/product\/cbleo-16\/\" \/>\n<meta property=\"og:site_name\" content=\"OptiMate\" \/>\n<meta property=\"article:publisher\" content=\"https:\/\/www.facebook.com\/OptiMatebatterysavingcharger\/\" \/>\n<meta property=\"article:modified_time\" content=\"2026-02-25T12:52:21+00:00\" \/>\n<meta property=\"og:image\" content=\"https:\/\/optimate1.com\/wp-content\/uploads\/2019\/06\/O16-0-1.png\" \/>\n\t<meta property=\"og:image:width\" content=\"900\" \/>\n\t<meta property=\"og:image:height\" content=\"900\" \/>\n\t<meta property=\"og:image:type\" content=\"image\/png\" \/>\n<meta name=\"twitter:card\" content=\"summary_large_image\" \/>\n<meta name=\"twitter:label1\" content=\"Tiempo de lectura\" \/>\n\t<meta name=\"twitter:data1\" content=\"1 minuto\" \/>\n<script type=\"application\/ld+json\" class=\"yoast-schema-graph\">{\"@context\":\"https:\/\/schema.org\",\"@graph\":[{\"@type\":\"WebPage\",\"@id\":\"https:\/\/optimate1.com\/product\/cbleo-16\/\",\"url\":\"https:\/\/optimate1.com\/product\/cbleo-16\/\",\"name\":\"O-16 adaptador de toma | DIN (\u00d812) > SAE | 7A m\u00e1x. - OptiMate\",\"isPartOf\":{\"@id\":\"https:\/\/optimate1.com\/#website\"},\"primaryImageOfPage\":{\"@id\":\"https:\/\/optimate1.com\/product\/cbleo-16\/#primaryimage\"},\"image\":{\"@id\":\"https:\/\/optimate1.com\/product\/cbleo-16\/#primaryimage\"},\"thumbnailUrl\":\"https:\/\/optimate1.com\/wp-content\/uploads\/2019\/06\/O16-0-1.png\",\"datePublished\":\"2019-06-17T18:55:43+00:00\",\"dateModified\":\"2026-02-25T12:52:21+00:00\",\"description\":\"El OptiMate CABLE O-16 es un conector de enchufe autom\u00e1tico para crear un enchufe autom\u00e1tico de un enchufe de bicicleta un enchufe de autom\u00f3vil. \u00a1Saber m\u00e1s!\",\"breadcrumb\":{\"@id\":\"https:\/\/optimate1.com\/product\/cbleo-16\/#breadcrumb\"},\"inLanguage\":\"es\",\"potentialAction\":[{\"@type\":\"ReadAction\",\"target\":[\"https:\/\/optimate1.com\/product\/cbleo-16\/\"]}]},{\"@type\":\"ImageObject\",\"inLanguage\":\"es\",\"@id\":\"https:\/\/optimate1.com\/product\/cbleo-16\/#primaryimage\",\"url\":\"https:\/\/optimate1.com\/wp-content\/uploads\/2019\/06\/O16-0-1.png\",\"contentUrl\":\"https:\/\/optimate1.com\/wp-content\/uploads\/2019\/06\/O16-0-1.png\",\"width\":900,\"height\":900,\"caption\":\"auto socket connector product image\"},{\"@type\":\"BreadcrumbList\",\"@id\":\"https:\/\/optimate1.com\/product\/cbleo-16\/#breadcrumb\",\"itemListElement\":[{\"@type\":\"ListItem\",\"position\":1,\"name\":\"Home\",\"item\":\"https:\/\/optimate1.com\/\"},{\"@type\":\"ListItem\",\"position\":2,\"name\":\"Productos\",\"item\":\"https:\/\/optimate1.com\/shop\/\"},{\"@type\":\"ListItem\",\"position\":3,\"name\":\"OptiMate CABLE O-16\"}]},{\"@type\":\"WebSite\",\"@id\":\"https:\/\/optimate1.com\/#website\",\"url\":\"https:\/\/optimate1.com\/\",\"name\":\"OptiMate\",\"description\":\"Battery Chargers &amp; Accessories\",\"publisher\":{\"@id\":\"https:\/\/optimate1.com\/#organization\"},\"potentialAction\":[{\"@type\":\"SearchAction\",\"target\":{\"@type\":\"EntryPoint\",\"urlTemplate\":\"https:\/\/optimate1.com\/?s={search_term_string}\"},\"query-input\":{\"@type\":\"PropertyValueSpecification\",\"valueRequired\":true,\"valueName\":\"search_term_string\"}}],\"inLanguage\":\"es\"},{\"@type\":\"Organization\",\"@id\":\"https:\/\/optimate1.com\/#organization\",\"name\":\"OptiMate\",\"url\":\"https:\/\/optimate1.com\/\",\"logo\":{\"@type\":\"ImageObject\",\"inLanguage\":\"es\",\"@id\":\"https:\/\/optimate1.com\/#\/schema\/logo\/image\/\",\"url\":\"https:\/\/optimate1.com\/wp-content\/uploads\/2021\/06\/optimate-hpbc-stacklogo.jpg\",\"contentUrl\":\"https:\/\/optimate1.com\/wp-content\/uploads\/2021\/06\/optimate-hpbc-stacklogo.jpg\",\"width\":1025,\"height\":529,\"caption\":\"OptiMate\"},\"image\":{\"@id\":\"https:\/\/optimate1.com\/#\/schema\/logo\/image\/\"},\"sameAs\":[\"https:\/\/www.facebook.com\/OptiMatebatterysavingcharger\/\"]}]}<\/script>\n<!-- \/ Yoast SEO plugin. -->","yoast_head_json":{"title":"O-16 adaptador de toma | DIN (\u00d812) > SAE | 7A m\u00e1x. - OptiMate","description":"El OptiMate CABLE O-16 es un conector de enchufe autom\u00e1tico para crear un enchufe autom\u00e1tico de un enchufe de bicicleta un enchufe de autom\u00f3vil. \u00a1Saber m\u00e1s!","robots":{"index":"index","follow":"follow","max-snippet":"max-snippet:-1","max-image-preview":"max-image-preview:large","max-video-preview":"max-video-preview:-1","archive":"noarchive"},"canonical":"https:\/\/optimate1.com\/product\/cbleo-16\/","og_locale":"es_ES","og_type":"article","og_title":"O-16 adaptador de toma | DIN (\u00d812) > SAE | 7A m\u00e1x. - OptiMate","og_description":"El OptiMate CABLE O-16 es un conector de enchufe autom\u00e1tico para crear un enchufe autom\u00e1tico de un enchufe de bicicleta un enchufe de autom\u00f3vil. \u00a1Saber m\u00e1s!","og_url":"https:\/\/optimate1.com\/product\/cbleo-16\/","og_site_name":"OptiMate","article_publisher":"https:\/\/www.facebook.com\/OptiMatebatterysavingcharger\/","article_modified_time":"2026-02-25T12:52:21+00:00","og_image":[{"width":900,"height":900,"url":"https:\/\/optimate1.com\/wp-content\/uploads\/2019\/06\/O16-0-1.png","type":"image\/png"}],"twitter_card":"summary_large_image","twitter_misc":{"Tiempo de lectura":"1 minuto"},"schema":{"@context":"https:\/\/schema.org","@graph":[{"@type":"WebPage","@id":"https:\/\/optimate1.com\/product\/cbleo-16\/","url":"https:\/\/optimate1.com\/product\/cbleo-16\/","name":"O-16 adaptador de toma | DIN (\u00d812) > SAE | 7A m\u00e1x. - OptiMate","isPartOf":{"@id":"https:\/\/optimate1.com\/#website"},"primaryImageOfPage":{"@id":"https:\/\/optimate1.com\/product\/cbleo-16\/#primaryimage"},"image":{"@id":"https:\/\/optimate1.com\/product\/cbleo-16\/#primaryimage"},"thumbnailUrl":"https:\/\/optimate1.com\/wp-content\/uploads\/2019\/06\/O16-0-1.png","datePublished":"2019-06-17T18:55:43+00:00","dateModified":"2026-02-25T12:52:21+00:00","description":"El OptiMate CABLE O-16 es un conector de enchufe autom\u00e1tico para crear un enchufe autom\u00e1tico de un enchufe de bicicleta un enchufe de autom\u00f3vil. \u00a1Saber m\u00e1s!","breadcrumb":{"@id":"https:\/\/optimate1.com\/product\/cbleo-16\/#breadcrumb"},"inLanguage":"es","potentialAction":[{"@type":"ReadAction","target":["https:\/\/optimate1.com\/product\/cbleo-16\/"]}]},{"@type":"ImageObject","inLanguage":"es","@id":"https:\/\/optimate1.com\/product\/cbleo-16\/#primaryimage","url":"https:\/\/optimate1.com\/wp-content\/uploads\/2019\/06\/O16-0-1.png","contentUrl":"https:\/\/optimate1.com\/wp-content\/uploads\/2019\/06\/O16-0-1.png","width":900,"height":900,"caption":"auto socket connector product image"},{"@type":"BreadcrumbList","@id":"https:\/\/optimate1.com\/product\/cbleo-16\/#breadcrumb","itemListElement":[{"@type":"ListItem","position":1,"name":"Home","item":"https:\/\/optimate1.com\/"},{"@type":"ListItem","position":2,"name":"Productos","item":"https:\/\/optimate1.com\/shop\/"},{"@type":"ListItem","position":3,"name":"OptiMate CABLE O-16"}]},{"@type":"WebSite","@id":"https:\/\/optimate1.com\/#website","url":"https:\/\/optimate1.com\/","name":"OptiMate","description":"Battery Chargers &amp; Accessories","publisher":{"@id":"https:\/\/optimate1.com\/#organization"},"potentialAction":[{"@type":"SearchAction","target":{"@type":"EntryPoint","urlTemplate":"https:\/\/optimate1.com\/?s={search_term_string}"},"query-input":{"@type":"PropertyValueSpecification","valueRequired":true,"valueName":"search_term_string"}}],"inLanguage":"es"},{"@type":"Organization","@id":"https:\/\/optimate1.com\/#organization","name":"OptiMate","url":"https:\/\/optimate1.com\/","logo":{"@type":"ImageObject","inLanguage":"es","@id":"https:\/\/optimate1.com\/#\/schema\/logo\/image\/","url":"https:\/\/optimate1.com\/wp-content\/uploads\/2021\/06\/optimate-hpbc-stacklogo.jpg","contentUrl":"https:\/\/optimate1.com\/wp-content\/uploads\/2021\/06\/optimate-hpbc-stacklogo.jpg","width":1025,"height":529,"caption":"OptiMate"},"image":{"@id":"https:\/\/optimate1.com\/#\/schema\/logo\/image\/"},"sameAs":["https:\/\/www.facebook.com\/OptiMatebatterysavingcharger\/"]}]}},"_links":{"self":[{"href":"https:\/\/optimate1.com\/es\/wp-json\/wp\/v2\/product\/9652","targetHints":{"allow":["GET"]}}],"collection":[{"href":"https:\/\/optimate1.com\/es\/wp-json\/wp\/v2\/product"}],"about":[{"href":"https:\/\/optimate1.com\/es\/wp-json\/wp\/v2\/types\/product"}],"wp:featuredmedia":[{"embeddable":true,"href":"https:\/\/optimate1.com\/es\/wp-json\/wp\/v2\/media\/5636"}],"wp:attachment":[{"href":"https:\/\/optimate1.com\/es\/wp-json\/wp\/v2\/media?parent=9652"}],"wp:term":[{"taxonomy":"product_brand","embeddable":true,"href":"https:\/\/optimate1.com\/es\/wp-json\/wp\/v2\/product_brand?post=9652"},{"taxonomy":"product_cat","embeddable":true,"href":"https:\/\/optimate1.com\/es\/wp-json\/wp\/v2\/product_cat?post=9652"},{"taxonomy":"product_tag","embeddable":true,"href":"https:\/\/optimate1.com\/es\/wp-json\/wp\/v2\/product_tag?post=9652"}],"curies":[{"name":"wp","href":"https:\/\/api.w.org\/{rel}","templated":true}]}}