{"id":9657,"date":"2019-06-23T10:18:23","date_gmt":"2019-06-23T14:18:23","guid":{"rendered":"https:\/\/optimate1.com\/product\/optimate-kickstand-puck\/"},"modified":"2022-07-13T05:43:32","modified_gmt":"2022-07-13T09:43:32","slug":"optimate-kickstand-puck","status":"publish","type":"product","link":"https:\/\/optimate1.com\/es\/producto\/optimate-kickstand-puck\/","title":{"rendered":"OptiMate Kickstand Puck (Single)"},"content":{"rendered":"<h3>Pata de cabra con plataforma; aparque su motocicleta en cualquier superficie.<\/h3>\n<ul>\n<li><strong><span style=\"color: #10069f;\">Proporciona estabilidad al aparcar en superficies blandas (por ejemplo, tierra suelta, hierba y\/o asfalto caliente).<\/span><\/strong><\/li>\n<li><strong><span style=\"color: #10069f;\">La forma ovalada es perfecta para todo tipo de patas de cabra.<\/span><\/strong><\/li>\n<li><strong><span style=\"color: #10069f;\">Incluye un aro integrado<em> &#8211; Un posavasos perfecto para las bebidas!<\/em><\/span><\/strong><\/li>\n<li><strong><span style=\"color: #10069f;\">Larga vida \u00fatil seg\u00fan el est\u00e1ndar industrial <em>&#8211; \u00a1Creado para durar!<\/em><\/span><\/strong><\/li>\n<\/ul>\n<p>La plataforma para pata de cabra de OptiMate proporciona estabilidad al repartir el peso y mantenerse tanto sobre la tierra suelta como sobre la hierba (al acampar) o el asfalto caliente. La forma ovalada es perfecta para motocicletas con una pata de cabra corta y para motocicletas grandes tipo crucero con una pata de cabra m\u00e1s larga.<\/p>\n<p>\u00a1Tambi\u00e9n incluye un aro integrado para usarlo como un posavasos o como plato para una taza de caf\u00e9!<\/p>\n<ul>\n<li>Tama\u00f1o: 14 x 12 cm (5 1\/2 x 4 5\/8\u2033)<\/li>\n<li>Material: ABS resistente al calor.<\/li>\n<li>Agujero de 5 mm (3\/16\u2033) para usar un cable o una cuerda de sujeci\u00f3n.<\/li>\n<\/ul>\n","protected":false},"excerpt":{"rendered":"<p>Pata de cabra con plataforma; aparque su motocicleta en cualquier superficie. Proporciona estabilidad al aparcar en superficies blandas (por ejemplo, tierra suelta, hierba y\/o asfalto caliente). La forma ovalada es perfecta para todo tipo de patas de cabra. Incluye un aro integrado &#8211; Un posavasos perfecto para las bebidas! Larga vida \u00fatil seg\u00fan el est\u00e1ndar &hellip;<\/p>\n<p class=\"read-more\"> <a class=\" thunk-readmore button \" href=\"https:\/\/optimate1.com\/es\/producto\/optimate-kickstand-puck\/\"> <span class=\"screen-reader-text\">OptiMate Kickstand Puck (Single)<\/span>Leer m\u00e1s<\/a><\/p>\n","protected":false},"featured_media":7167,"template":"","meta":[],"product_brand":[],"product_cat":[1273],"product_tag":[],"class_list":{"0":"post-9657","1":"product","2":"type-product","3":"status-publish","4":"has-post-thumbnail","6":"product_cat-ware-es","7":"pa_region-ca-es-2","8":"pa_region-eu-es-2","9":"pa_region-uk-es-2","10":"pa_region-us-es-2","11":"thunk-woo-product-list","12":"opn-qv-enable","13":"big-store-woo-hover-","14":"open-single-product-tab-horizontal","15":"open-shadow-","16":"open-shadow-hover-","18":"first","19":"instock","20":"featured","21":"shipping-taxable","22":"purchasable","23":"product-type-simple"},"yoast_head":"<!-- This site is optimized with the Yoast SEO plugin v27.2 - https:\/\/yoast.com\/product\/yoast-seo-wordpress\/ -->\n<title>OptiMate Kickstand Puck (Single) - OptiMate<\/title>\n<meta name=\"robots\" content=\"index, follow, max-snippet:-1, max-image-preview:large, max-video-preview:-1, noarchive\" \/>\n<link rel=\"canonical\" href=\"https:\/\/optimate1.com\/product\/optimate-kickstand-puck\/\" \/>\n<meta property=\"og:locale\" content=\"es_ES\" \/>\n<meta property=\"og:type\" content=\"article\" \/>\n<meta property=\"og:title\" content=\"OptiMate Kickstand Puck (Single) - OptiMate\" \/>\n<meta property=\"og:description\" content=\"Pata de cabra con plataforma; aparque su motocicleta en cualquier superficie. Proporciona estabilidad al aparcar en superficies blandas (por ejemplo, tierra suelta, hierba y\/o asfalto caliente). La forma ovalada es perfecta para todo tipo de patas de cabra. Incluye un aro integrado &#8211; Un posavasos perfecto para las bebidas! Larga vida \u00fatil seg\u00fan el est\u00e1ndar &hellip; OptiMate Kickstand Puck (Single)Leer m\u00e1s\" \/>\n<meta property=\"og:url\" content=\"https:\/\/optimate1.com\/product\/optimate-kickstand-puck\/\" \/>\n<meta property=\"og:site_name\" content=\"OptiMate\" \/>\n<meta property=\"article:publisher\" content=\"https:\/\/www.facebook.com\/OptiMatebatterysavingcharger\/\" \/>\n<meta property=\"article:modified_time\" content=\"2022-07-13T09:43:32+00:00\" \/>\n<meta property=\"og:image\" content=\"https:\/\/optimate1.com\/wp-content\/uploads\/2019\/02\/OptiMate-kickstand-PUCK-TS251-1-1.png\" \/>\n\t<meta property=\"og:image:width\" content=\"900\" \/>\n\t<meta property=\"og:image:height\" content=\"900\" \/>\n\t<meta property=\"og:image:type\" content=\"image\/png\" \/>\n<meta name=\"twitter:card\" content=\"summary_large_image\" \/>\n<meta name=\"twitter:label1\" content=\"Tiempo de lectura\" \/>\n\t<meta name=\"twitter:data1\" content=\"1 minuto\" \/>\n<script type=\"application\/ld+json\" class=\"yoast-schema-graph\">{\"@context\":\"https:\/\/schema.org\",\"@graph\":[{\"@type\":\"WebPage\",\"@id\":\"https:\/\/optimate1.com\/product\/optimate-kickstand-puck\/\",\"url\":\"https:\/\/optimate1.com\/product\/optimate-kickstand-puck\/\",\"name\":\"OptiMate Kickstand Puck (Single) - OptiMate\",\"isPartOf\":{\"@id\":\"https:\/\/optimate1.com\/#website\"},\"primaryImageOfPage\":{\"@id\":\"https:\/\/optimate1.com\/product\/optimate-kickstand-puck\/#primaryimage\"},\"image\":{\"@id\":\"https:\/\/optimate1.com\/product\/optimate-kickstand-puck\/#primaryimage\"},\"thumbnailUrl\":\"https:\/\/optimate1.com\/wp-content\/uploads\/2019\/02\/OptiMate-kickstand-PUCK-TS251-1-1.png\",\"datePublished\":\"2019-06-23T14:18:23+00:00\",\"dateModified\":\"2022-07-13T09:43:32+00:00\",\"breadcrumb\":{\"@id\":\"https:\/\/optimate1.com\/product\/optimate-kickstand-puck\/#breadcrumb\"},\"inLanguage\":\"es\",\"potentialAction\":[{\"@type\":\"ReadAction\",\"target\":[\"https:\/\/optimate1.com\/product\/optimate-kickstand-puck\/\"]}]},{\"@type\":\"ImageObject\",\"inLanguage\":\"es\",\"@id\":\"https:\/\/optimate1.com\/product\/optimate-kickstand-puck\/#primaryimage\",\"url\":\"https:\/\/optimate1.com\/wp-content\/uploads\/2019\/02\/OptiMate-kickstand-PUCK-TS251-1-1.png\",\"contentUrl\":\"https:\/\/optimate1.com\/wp-content\/uploads\/2019\/02\/OptiMate-kickstand-PUCK-TS251-1-1.png\",\"width\":900,\"height\":900,\"caption\":\"kickstand puck product image\"},{\"@type\":\"BreadcrumbList\",\"@id\":\"https:\/\/optimate1.com\/product\/optimate-kickstand-puck\/#breadcrumb\",\"itemListElement\":[{\"@type\":\"ListItem\",\"position\":1,\"name\":\"Home\",\"item\":\"https:\/\/optimate1.com\/\"},{\"@type\":\"ListItem\",\"position\":2,\"name\":\"Productos\",\"item\":\"https:\/\/optimate1.com\/shop\/\"},{\"@type\":\"ListItem\",\"position\":3,\"name\":\"OptiMate Kickstand Puck (Single)\"}]},{\"@type\":\"WebSite\",\"@id\":\"https:\/\/optimate1.com\/#website\",\"url\":\"https:\/\/optimate1.com\/\",\"name\":\"OptiMate\",\"description\":\"Battery Chargers &amp; Accessories\",\"publisher\":{\"@id\":\"https:\/\/optimate1.com\/#organization\"},\"potentialAction\":[{\"@type\":\"SearchAction\",\"target\":{\"@type\":\"EntryPoint\",\"urlTemplate\":\"https:\/\/optimate1.com\/?s={search_term_string}\"},\"query-input\":{\"@type\":\"PropertyValueSpecification\",\"valueRequired\":true,\"valueName\":\"search_term_string\"}}],\"inLanguage\":\"es\"},{\"@type\":\"Organization\",\"@id\":\"https:\/\/optimate1.com\/#organization\",\"name\":\"OptiMate\",\"url\":\"https:\/\/optimate1.com\/\",\"logo\":{\"@type\":\"ImageObject\",\"inLanguage\":\"es\",\"@id\":\"https:\/\/optimate1.com\/#\/schema\/logo\/image\/\",\"url\":\"https:\/\/optimate1.com\/wp-content\/uploads\/2021\/06\/optimate-hpbc-stacklogo.jpg\",\"contentUrl\":\"https:\/\/optimate1.com\/wp-content\/uploads\/2021\/06\/optimate-hpbc-stacklogo.jpg\",\"width\":1025,\"height\":529,\"caption\":\"OptiMate\"},\"image\":{\"@id\":\"https:\/\/optimate1.com\/#\/schema\/logo\/image\/\"},\"sameAs\":[\"https:\/\/www.facebook.com\/OptiMatebatterysavingcharger\/\"]}]}<\/script>\n<!-- \/ Yoast SEO plugin. -->","yoast_head_json":{"title":"OptiMate Kickstand Puck (Single) - OptiMate","robots":{"index":"index","follow":"follow","max-snippet":"max-snippet:-1","max-image-preview":"max-image-preview:large","max-video-preview":"max-video-preview:-1","archive":"noarchive"},"canonical":"https:\/\/optimate1.com\/product\/optimate-kickstand-puck\/","og_locale":"es_ES","og_type":"article","og_title":"OptiMate Kickstand Puck (Single) - OptiMate","og_description":"Pata de cabra con plataforma; aparque su motocicleta en cualquier superficie. Proporciona estabilidad al aparcar en superficies blandas (por ejemplo, tierra suelta, hierba y\/o asfalto caliente). La forma ovalada es perfecta para todo tipo de patas de cabra. Incluye un aro integrado &#8211; Un posavasos perfecto para las bebidas! Larga vida \u00fatil seg\u00fan el est\u00e1ndar &hellip; OptiMate Kickstand Puck (Single)Leer m\u00e1s","og_url":"https:\/\/optimate1.com\/product\/optimate-kickstand-puck\/","og_site_name":"OptiMate","article_publisher":"https:\/\/www.facebook.com\/OptiMatebatterysavingcharger\/","article_modified_time":"2022-07-13T09:43:32+00:00","og_image":[{"width":900,"height":900,"url":"https:\/\/optimate1.com\/wp-content\/uploads\/2019\/02\/OptiMate-kickstand-PUCK-TS251-1-1.png","type":"image\/png"}],"twitter_card":"summary_large_image","twitter_misc":{"Tiempo de lectura":"1 minuto"},"schema":{"@context":"https:\/\/schema.org","@graph":[{"@type":"WebPage","@id":"https:\/\/optimate1.com\/product\/optimate-kickstand-puck\/","url":"https:\/\/optimate1.com\/product\/optimate-kickstand-puck\/","name":"OptiMate Kickstand Puck (Single) - OptiMate","isPartOf":{"@id":"https:\/\/optimate1.com\/#website"},"primaryImageOfPage":{"@id":"https:\/\/optimate1.com\/product\/optimate-kickstand-puck\/#primaryimage"},"image":{"@id":"https:\/\/optimate1.com\/product\/optimate-kickstand-puck\/#primaryimage"},"thumbnailUrl":"https:\/\/optimate1.com\/wp-content\/uploads\/2019\/02\/OptiMate-kickstand-PUCK-TS251-1-1.png","datePublished":"2019-06-23T14:18:23+00:00","dateModified":"2022-07-13T09:43:32+00:00","breadcrumb":{"@id":"https:\/\/optimate1.com\/product\/optimate-kickstand-puck\/#breadcrumb"},"inLanguage":"es","potentialAction":[{"@type":"ReadAction","target":["https:\/\/optimate1.com\/product\/optimate-kickstand-puck\/"]}]},{"@type":"ImageObject","inLanguage":"es","@id":"https:\/\/optimate1.com\/product\/optimate-kickstand-puck\/#primaryimage","url":"https:\/\/optimate1.com\/wp-content\/uploads\/2019\/02\/OptiMate-kickstand-PUCK-TS251-1-1.png","contentUrl":"https:\/\/optimate1.com\/wp-content\/uploads\/2019\/02\/OptiMate-kickstand-PUCK-TS251-1-1.png","width":900,"height":900,"caption":"kickstand puck product image"},{"@type":"BreadcrumbList","@id":"https:\/\/optimate1.com\/product\/optimate-kickstand-puck\/#breadcrumb","itemListElement":[{"@type":"ListItem","position":1,"name":"Home","item":"https:\/\/optimate1.com\/"},{"@type":"ListItem","position":2,"name":"Productos","item":"https:\/\/optimate1.com\/shop\/"},{"@type":"ListItem","position":3,"name":"OptiMate Kickstand Puck (Single)"}]},{"@type":"WebSite","@id":"https:\/\/optimate1.com\/#website","url":"https:\/\/optimate1.com\/","name":"OptiMate","description":"Battery Chargers &amp; Accessories","publisher":{"@id":"https:\/\/optimate1.com\/#organization"},"potentialAction":[{"@type":"SearchAction","target":{"@type":"EntryPoint","urlTemplate":"https:\/\/optimate1.com\/?s={search_term_string}"},"query-input":{"@type":"PropertyValueSpecification","valueRequired":true,"valueName":"search_term_string"}}],"inLanguage":"es"},{"@type":"Organization","@id":"https:\/\/optimate1.com\/#organization","name":"OptiMate","url":"https:\/\/optimate1.com\/","logo":{"@type":"ImageObject","inLanguage":"es","@id":"https:\/\/optimate1.com\/#\/schema\/logo\/image\/","url":"https:\/\/optimate1.com\/wp-content\/uploads\/2021\/06\/optimate-hpbc-stacklogo.jpg","contentUrl":"https:\/\/optimate1.com\/wp-content\/uploads\/2021\/06\/optimate-hpbc-stacklogo.jpg","width":1025,"height":529,"caption":"OptiMate"},"image":{"@id":"https:\/\/optimate1.com\/#\/schema\/logo\/image\/"},"sameAs":["https:\/\/www.facebook.com\/OptiMatebatterysavingcharger\/"]}]}},"_links":{"self":[{"href":"https:\/\/optimate1.com\/es\/wp-json\/wp\/v2\/product\/9657","targetHints":{"allow":["GET"]}}],"collection":[{"href":"https:\/\/optimate1.com\/es\/wp-json\/wp\/v2\/product"}],"about":[{"href":"https:\/\/optimate1.com\/es\/wp-json\/wp\/v2\/types\/product"}],"wp:featuredmedia":[{"embeddable":true,"href":"https:\/\/optimate1.com\/es\/wp-json\/wp\/v2\/media\/7167"}],"wp:attachment":[{"href":"https:\/\/optimate1.com\/es\/wp-json\/wp\/v2\/media?parent=9657"}],"wp:term":[{"taxonomy":"product_brand","embeddable":true,"href":"https:\/\/optimate1.com\/es\/wp-json\/wp\/v2\/product_brand?post=9657"},{"taxonomy":"product_cat","embeddable":true,"href":"https:\/\/optimate1.com\/es\/wp-json\/wp\/v2\/product_cat?post=9657"},{"taxonomy":"product_tag","embeddable":true,"href":"https:\/\/optimate1.com\/es\/wp-json\/wp\/v2\/product_tag?post=9657"}],"curies":[{"name":"wp","href":"https:\/\/api.w.org\/{rel}","templated":true}]}}