{"id":9776,"date":"2019-06-18T08:22:01","date_gmt":"2019-06-18T12:22:01","guid":{"rendered":"https:\/\/optimate1.com\/product\/optimate-usb-o-108kit\/"},"modified":"2024-09-09T10:33:29","modified_gmt":"2024-09-09T14:33:29","slug":"optimate-usb-o-108kit","status":"publish","type":"product","link":"https:\/\/optimate1.com\/es\/producto\/optimate-usb-o-108kit\/","title":{"rendered":"OptiMATE USB O-108KIT"},"content":{"rendered":"<h3>El cargador de 3300 mA en l\u00ednea sellado a USB con 150 cm (60 pulgadas) y el cable de bater\u00eda O-31 de cable proporciona una carga USB segura y r\u00e1pida de cualquier dispositivo montado fuera en el manillar o dentro del dep\u00f3sito o cesto &#8211; <em>El cable se dirige hacia donde la carga USB sea necesaria!<\/em><\/h3>\n<ul>\n<li><span style=\"color: #10069f;\"><b>Cable de suministro (100\u00a0cm\u00a0\/40\u00a0pulgadas) con arandelas M6\u00a0\/\u00a01\/4 de pulgada que se adaptan a todos los terminales de bater\u00eda de deportes de motor. &#8211; <em>Fusible protegido.\u00a0<\/em><\/b><\/span><\/li>\n<li><span style=\"color: #10069f;\"><b>Carga un dispositivo USB con hasta 3300\u00a0mA de corriente disponible (o con un separador de USB O-110 opcional se cargan dos dispositivos). &#8211; <em>La corriente de carga se adapta al dispositivo conectado para una recarga segura.\u00a0<\/em><\/b><\/span><\/li>\n<li><span style=\"color: #10069f;\"><b>Puerto de carga USB impermeable con f\u00e1cil sujeci\u00f3n con brida en el manillar, la riostra o incluso el freno\u00a0\/\u00a0cable de embrague <em>&#8211; Sella el cable USB insertado para cargar en cualquier condici\u00f3n meteorol\u00f3gica! <\/em><\/b><\/span><\/li>\n<li><span style=\"color: #10069f;\"><b>La protecci\u00f3n integrada desactiva la carga de USB y evita que la bater\u00eda LFP (LiFePO4) e AGM (Pb) del veh\u00edculo aparcado se vac\u00ede. <em>&#8211; Empieza a cargarse cuando el motor del veh\u00edculo arranca.\u00a0<\/em><\/b><\/span><\/li>\n<li><span style=\"color: #10069f;\"><b>Supervisa y muestra el estado de la bater\u00eda del veh\u00edculo aparcado <em>&#8211; Indica que la bater\u00eda est\u00e1 preparada para el arranque con solo parpadear un LED !<\/em><br \/>\n<\/b><\/span><\/li>\n<\/ul>\n<p>&nbsp;<\/p>\n","protected":false},"excerpt":{"rendered":"<p>El cargador de 3300 mA en l\u00ednea sellado a USB con 150 cm (60 pulgadas) y el cable de bater\u00eda O-31 de cable proporciona una carga USB segura y r\u00e1pida de cualquier dispositivo montado fuera en el manillar o dentro del dep\u00f3sito o cesto &#8211; El cable se dirige hacia donde la carga USB sea &hellip;<\/p>\n<p class=\"read-more\"> <a class=\" thunk-readmore button \" href=\"https:\/\/optimate1.com\/es\/producto\/optimate-usb-o-108kit\/\"> <span class=\"screen-reader-text\">OptiMATE USB O-108KIT<\/span>Leer m\u00e1s<\/a><\/p>\n","protected":false},"featured_media":30178,"template":"","meta":[],"product_brand":[],"product_cat":[2252,1323,2251],"product_tag":[],"class_list":{"0":"post-9776","1":"product","2":"type-product","3":"status-publish","4":"has-post-thumbnail","6":"product_cat-accessories-es","7":"product_cat-usb-es","8":"product_cat-marine-es","9":"pa_region-ca-es-2","10":"pa_region-eu-es-2","11":"pa_region-uk-es-2","12":"pa_region-us-es-2","13":"pa_special-use-auto-on-off-lithium-friendly-es","14":"pa_special-use-waterproof-es","15":"pa_usb-product-usb-charger-es","16":"pa_vehicle-connection-battery-sp","17":"iside_usb_product-usb-charger-es","18":"iside_vehicle_connection-battery-sp","19":"iside_special_use-auto-on-off-lithium-friendly-es","20":"iside_special_use-waterproof-es","21":"thunk-woo-product-list","22":"opn-qv-enable","23":"big-store-woo-hover-","24":"open-single-product-tab-horizontal","25":"open-shadow-","26":"open-shadow-hover-","28":"first","29":"instock","30":"featured","31":"shipping-taxable","32":"purchasable","33":"product-type-simple"},"yoast_head":"<!-- This site is optimized with the Yoast SEO plugin v27.2 - https:\/\/yoast.com\/product\/yoast-seo-wordpress\/ -->\n<title>OptiMATE USB O-108KIT - OptiMate<\/title>\n<meta name=\"robots\" content=\"index, follow, max-snippet:-1, max-image-preview:large, max-video-preview:-1, noarchive\" \/>\n<link rel=\"canonical\" href=\"https:\/\/optimate1.com\/product\/usbo-108kit\/\" \/>\n<meta property=\"og:locale\" content=\"es_ES\" \/>\n<meta property=\"og:type\" content=\"article\" \/>\n<meta property=\"og:title\" content=\"OptiMATE USB O-108KIT - OptiMate\" \/>\n<meta property=\"og:description\" content=\"El cargador de 3300 mA en l\u00ednea sellado a USB con 150 cm (60 pulgadas) y el cable de bater\u00eda O-31 de cable proporciona una carga USB segura y r\u00e1pida de cualquier dispositivo montado fuera en el manillar o dentro del dep\u00f3sito o cesto &#8211; El cable se dirige hacia donde la carga USB sea &hellip; OptiMATE USB O-108KITLeer m\u00e1s\" \/>\n<meta property=\"og:url\" content=\"https:\/\/optimate1.com\/product\/usbo-108kit\/\" \/>\n<meta property=\"og:site_name\" content=\"OptiMate\" \/>\n<meta property=\"article:publisher\" content=\"https:\/\/www.facebook.com\/OptiMatebatterysavingcharger\/\" \/>\n<meta property=\"article:modified_time\" content=\"2024-09-09T14:33:29+00:00\" \/>\n<meta property=\"og:image\" content=\"https:\/\/optimate1.com\/wp-content\/uploads\/2019\/06\/O108KIT-2-es.png\" \/>\n\t<meta property=\"og:image:width\" content=\"1500\" \/>\n\t<meta property=\"og:image:height\" content=\"1500\" \/>\n\t<meta property=\"og:image:type\" content=\"image\/png\" \/>\n<meta name=\"twitter:card\" content=\"summary_large_image\" \/>\n<meta name=\"twitter:label1\" content=\"Tiempo de lectura\" \/>\n\t<meta name=\"twitter:data1\" content=\"2 minutos\" \/>\n<script type=\"application\/ld+json\" class=\"yoast-schema-graph\">{\"@context\":\"https:\/\/schema.org\",\"@graph\":[{\"@type\":\"WebPage\",\"@id\":\"https:\/\/optimate1.com\/product\/usbo-108kit\/\",\"url\":\"https:\/\/optimate1.com\/product\/usbo-108kit\/\",\"name\":\"OptiMATE USB O-108KIT - OptiMate\",\"isPartOf\":{\"@id\":\"https:\/\/optimate1.com\/#website\"},\"primaryImageOfPage\":{\"@id\":\"https:\/\/optimate1.com\/product\/usbo-108kit\/#primaryimage\"},\"image\":{\"@id\":\"https:\/\/optimate1.com\/product\/usbo-108kit\/#primaryimage\"},\"thumbnailUrl\":\"https:\/\/optimate1.com\/wp-content\/uploads\/2019\/06\/O108KIT-2-es.png\",\"datePublished\":\"2019-06-18T12:22:01+00:00\",\"dateModified\":\"2024-09-09T14:33:29+00:00\",\"breadcrumb\":{\"@id\":\"https:\/\/optimate1.com\/product\/usbo-108kit\/#breadcrumb\"},\"inLanguage\":\"es\",\"potentialAction\":[{\"@type\":\"ReadAction\",\"target\":[\"https:\/\/optimate1.com\/product\/usbo-108kit\/\"]}]},{\"@type\":\"ImageObject\",\"inLanguage\":\"es\",\"@id\":\"https:\/\/optimate1.com\/product\/usbo-108kit\/#primaryimage\",\"url\":\"https:\/\/optimate1.com\/wp-content\/uploads\/2019\/06\/O108KIT-2-es.png\",\"contentUrl\":\"https:\/\/optimate1.com\/wp-content\/uploads\/2019\/06\/O108KIT-2-es.png\",\"width\":1500,\"height\":1500},{\"@type\":\"BreadcrumbList\",\"@id\":\"https:\/\/optimate1.com\/product\/usbo-108kit\/#breadcrumb\",\"itemListElement\":[{\"@type\":\"ListItem\",\"position\":1,\"name\":\"Home\",\"item\":\"https:\/\/optimate1.com\/\"},{\"@type\":\"ListItem\",\"position\":2,\"name\":\"Productos\",\"item\":\"https:\/\/optimate1.com\/shop\/\"},{\"@type\":\"ListItem\",\"position\":3,\"name\":\"OptiMATE USB O-108KIT\"}]},{\"@type\":\"WebSite\",\"@id\":\"https:\/\/optimate1.com\/#website\",\"url\":\"https:\/\/optimate1.com\/\",\"name\":\"OptiMate\",\"description\":\"Battery Chargers &amp; Accessories\",\"publisher\":{\"@id\":\"https:\/\/optimate1.com\/#organization\"},\"potentialAction\":[{\"@type\":\"SearchAction\",\"target\":{\"@type\":\"EntryPoint\",\"urlTemplate\":\"https:\/\/optimate1.com\/?s={search_term_string}\"},\"query-input\":{\"@type\":\"PropertyValueSpecification\",\"valueRequired\":true,\"valueName\":\"search_term_string\"}}],\"inLanguage\":\"es\"},{\"@type\":\"Organization\",\"@id\":\"https:\/\/optimate1.com\/#organization\",\"name\":\"OptiMate\",\"url\":\"https:\/\/optimate1.com\/\",\"logo\":{\"@type\":\"ImageObject\",\"inLanguage\":\"es\",\"@id\":\"https:\/\/optimate1.com\/#\/schema\/logo\/image\/\",\"url\":\"https:\/\/optimate1.com\/wp-content\/uploads\/2021\/06\/optimate-hpbc-stacklogo.jpg\",\"contentUrl\":\"https:\/\/optimate1.com\/wp-content\/uploads\/2021\/06\/optimate-hpbc-stacklogo.jpg\",\"width\":1025,\"height\":529,\"caption\":\"OptiMate\"},\"image\":{\"@id\":\"https:\/\/optimate1.com\/#\/schema\/logo\/image\/\"},\"sameAs\":[\"https:\/\/www.facebook.com\/OptiMatebatterysavingcharger\/\"]}]}<\/script>\n<!-- \/ Yoast SEO plugin. -->","yoast_head_json":{"title":"OptiMATE USB O-108KIT - OptiMate","robots":{"index":"index","follow":"follow","max-snippet":"max-snippet:-1","max-image-preview":"max-image-preview:large","max-video-preview":"max-video-preview:-1","archive":"noarchive"},"canonical":"https:\/\/optimate1.com\/product\/usbo-108kit\/","og_locale":"es_ES","og_type":"article","og_title":"OptiMATE USB O-108KIT - OptiMate","og_description":"El cargador de 3300 mA en l\u00ednea sellado a USB con 150 cm (60 pulgadas) y el cable de bater\u00eda O-31 de cable proporciona una carga USB segura y r\u00e1pida de cualquier dispositivo montado fuera en el manillar o dentro del dep\u00f3sito o cesto &#8211; El cable se dirige hacia donde la carga USB sea &hellip; OptiMATE USB O-108KITLeer m\u00e1s","og_url":"https:\/\/optimate1.com\/product\/usbo-108kit\/","og_site_name":"OptiMate","article_publisher":"https:\/\/www.facebook.com\/OptiMatebatterysavingcharger\/","article_modified_time":"2024-09-09T14:33:29+00:00","og_image":[{"width":1500,"height":1500,"url":"https:\/\/optimate1.com\/wp-content\/uploads\/2019\/06\/O108KIT-2-es.png","type":"image\/png"}],"twitter_card":"summary_large_image","twitter_misc":{"Tiempo de lectura":"2 minutos"},"schema":{"@context":"https:\/\/schema.org","@graph":[{"@type":"WebPage","@id":"https:\/\/optimate1.com\/product\/usbo-108kit\/","url":"https:\/\/optimate1.com\/product\/usbo-108kit\/","name":"OptiMATE USB O-108KIT - OptiMate","isPartOf":{"@id":"https:\/\/optimate1.com\/#website"},"primaryImageOfPage":{"@id":"https:\/\/optimate1.com\/product\/usbo-108kit\/#primaryimage"},"image":{"@id":"https:\/\/optimate1.com\/product\/usbo-108kit\/#primaryimage"},"thumbnailUrl":"https:\/\/optimate1.com\/wp-content\/uploads\/2019\/06\/O108KIT-2-es.png","datePublished":"2019-06-18T12:22:01+00:00","dateModified":"2024-09-09T14:33:29+00:00","breadcrumb":{"@id":"https:\/\/optimate1.com\/product\/usbo-108kit\/#breadcrumb"},"inLanguage":"es","potentialAction":[{"@type":"ReadAction","target":["https:\/\/optimate1.com\/product\/usbo-108kit\/"]}]},{"@type":"ImageObject","inLanguage":"es","@id":"https:\/\/optimate1.com\/product\/usbo-108kit\/#primaryimage","url":"https:\/\/optimate1.com\/wp-content\/uploads\/2019\/06\/O108KIT-2-es.png","contentUrl":"https:\/\/optimate1.com\/wp-content\/uploads\/2019\/06\/O108KIT-2-es.png","width":1500,"height":1500},{"@type":"BreadcrumbList","@id":"https:\/\/optimate1.com\/product\/usbo-108kit\/#breadcrumb","itemListElement":[{"@type":"ListItem","position":1,"name":"Home","item":"https:\/\/optimate1.com\/"},{"@type":"ListItem","position":2,"name":"Productos","item":"https:\/\/optimate1.com\/shop\/"},{"@type":"ListItem","position":3,"name":"OptiMATE USB O-108KIT"}]},{"@type":"WebSite","@id":"https:\/\/optimate1.com\/#website","url":"https:\/\/optimate1.com\/","name":"OptiMate","description":"Battery Chargers &amp; Accessories","publisher":{"@id":"https:\/\/optimate1.com\/#organization"},"potentialAction":[{"@type":"SearchAction","target":{"@type":"EntryPoint","urlTemplate":"https:\/\/optimate1.com\/?s={search_term_string}"},"query-input":{"@type":"PropertyValueSpecification","valueRequired":true,"valueName":"search_term_string"}}],"inLanguage":"es"},{"@type":"Organization","@id":"https:\/\/optimate1.com\/#organization","name":"OptiMate","url":"https:\/\/optimate1.com\/","logo":{"@type":"ImageObject","inLanguage":"es","@id":"https:\/\/optimate1.com\/#\/schema\/logo\/image\/","url":"https:\/\/optimate1.com\/wp-content\/uploads\/2021\/06\/optimate-hpbc-stacklogo.jpg","contentUrl":"https:\/\/optimate1.com\/wp-content\/uploads\/2021\/06\/optimate-hpbc-stacklogo.jpg","width":1025,"height":529,"caption":"OptiMate"},"image":{"@id":"https:\/\/optimate1.com\/#\/schema\/logo\/image\/"},"sameAs":["https:\/\/www.facebook.com\/OptiMatebatterysavingcharger\/"]}]}},"_links":{"self":[{"href":"https:\/\/optimate1.com\/es\/wp-json\/wp\/v2\/product\/9776","targetHints":{"allow":["GET"]}}],"collection":[{"href":"https:\/\/optimate1.com\/es\/wp-json\/wp\/v2\/product"}],"about":[{"href":"https:\/\/optimate1.com\/es\/wp-json\/wp\/v2\/types\/product"}],"wp:featuredmedia":[{"embeddable":true,"href":"https:\/\/optimate1.com\/es\/wp-json\/wp\/v2\/media\/30178"}],"wp:attachment":[{"href":"https:\/\/optimate1.com\/es\/wp-json\/wp\/v2\/media?parent=9776"}],"wp:term":[{"taxonomy":"product_brand","embeddable":true,"href":"https:\/\/optimate1.com\/es\/wp-json\/wp\/v2\/product_brand?post=9776"},{"taxonomy":"product_cat","embeddable":true,"href":"https:\/\/optimate1.com\/es\/wp-json\/wp\/v2\/product_cat?post=9776"},{"taxonomy":"product_tag","embeddable":true,"href":"https:\/\/optimate1.com\/es\/wp-json\/wp\/v2\/product_tag?post=9776"}],"curies":[{"name":"wp","href":"https:\/\/api.w.org\/{rel}","templated":true}]}}