{"id":9842,"date":"2019-06-18T14:52:22","date_gmt":"2019-06-18T18:52:22","guid":{"rendered":"https:\/\/optimate1.com\/product\/optimate-monitor-o-128\/"},"modified":"2021-01-28T07:59:56","modified_gmt":"2021-01-28T12:59:56","slug":"optimate-monitor-o-128","status":"publish","type":"product","link":"https:\/\/optimate1.com\/es\/producto\/optimate-monitor-o-128\/","title":{"rendered":"OptiMate MONITOR O-128"},"content":{"rendered":"<h3 class=\"entry-summary hidden-phone\">Cable largo de bater\u00eda impermeable con monitor de estado de carga para la bater\u00eda de plomo-\u00e1cido de 12V en su coche, camioneta, embarcaci\u00f3n o veh\u00edculo de deportes de motor aparcado<em> &#8211; Estado de la bater\u00eda 24\/7 con solo parpadear un LED !\u00a0<\/em><\/h3>\n<ul>\n<li><span style=\"color: #10069f;\"><b>Mayor longitud de 100\u00a0cm (40\u00a0pulgadas) con arandelas M8\u00a0\/\u00a05\/16\u00a0de pulgada que se adaptan a una gran variedad de terminales de con un fusible de 15A que protege el cable con clasificaci\u00f3n de -40 y los dispositivos electr\u00f3nicos<em> -\u00a1M\u00e1xima calidad! \u00a0<\/em><\/b><\/span><\/li>\n<li><span style=\"color: #10069f;\"><b>El monitor sellado con 4 LED indica el estado de carga de la bater\u00eda de lleno a vac\u00edo para bater\u00edas de plomo-\u00e1cido de 12V (AGM, GEL o STD) <em>&#8211; El LED que corresponde al nivel de carga parpadea cada 3 segundos. \u00a0<\/em><\/b><\/span><\/li>\n<li><span style=\"color: #10069f;\"><b>Puerto de carga de conexi\u00f3n r\u00e1pida SAE para cargar la bater\u00eda cuando sea necesario &#8211;<em>\u00a0Con tap\u00f3n de sellado impermeable cuando el veh\u00edculo est\u00e1 en movimiento!\u00a0<\/em><\/b><\/span><\/li>\n<li><span style=\"color: #10069f;\"><b>Muestra el estado del sistema de carga cuando el motor est\u00e1 funcionando <em>&#8211; F\u00e1cil comprobaci\u00f3n previa a la conducci\u00f3n de un vistazo para ver si la bater\u00eda est\u00e1 recibiendo carga. \u00a0<\/em><br \/>\n<\/b><\/span><\/li>\n<\/ul>\n<p>&nbsp;<\/p>\n","protected":false},"excerpt":{"rendered":"<h3><span style=\"color: #cd202c;\">Cable de bater\u00eda permanente con monitor del sistema de carga\u00a0\/\u00a0estado de la bater\u00eda integrado para bater\u00edas de plomo-\u00e1cido de 12V.<\/span><\/h3>\n","protected":false},"featured_media":7139,"template":"","meta":[],"product_brand":[],"product_cat":[2252,1067,444,2251],"product_tag":[],"class_list":{"0":"post-9842","1":"product","2":"type-product","3":"status-publish","4":"has-post-thumbnail","6":"product_cat-accessories-es","7":"product_cat-cablesconnectors-es","8":"product_cat-battery-testers-es","9":"product_cat-marine-es","10":"pa_cable-type-battery-lead-es","11":"pa_cable-type-battery-lead-w-led-es","12":"pa_cable-type-smart-led-monitor-es","13":"pa_connector-type-ring-m8-5-16-es","14":"pa_region-ca-es-2","15":"pa_region-eu-es-2","16":"pa_region-uk-es-2","17":"pa_region-us-es-2","18":"iside_cable_type-cable-de-bateria-con-monitor","19":"iside_cable_type-battery-lead-es","20":"thunk-woo-product-list","21":"opn-qv-enable","22":"big-store-woo-hover-","23":"open-single-product-tab-horizontal","24":"open-shadow-","25":"open-shadow-hover-","27":"first","28":"instock","29":"featured","30":"shipping-taxable","31":"purchasable","32":"product-type-simple"},"yoast_head":"<!-- This site is optimized with the Yoast SEO plugin v27.2 - https:\/\/yoast.com\/product\/yoast-seo-wordpress\/ -->\n<title>OptiMate MONITOR O-128 - OptiMate<\/title>\n<meta name=\"robots\" content=\"index, follow, max-snippet:-1, max-image-preview:large, max-video-preview:-1\" \/>\n<link rel=\"canonical\" href=\"https:\/\/optimate1.com\/es\/producto\/optimate-monitor-o-128\/\" \/>\n<meta property=\"og:locale\" content=\"es_ES\" \/>\n<meta property=\"og:type\" content=\"article\" \/>\n<meta property=\"og:title\" content=\"OptiMate MONITOR O-128 - OptiMate\" \/>\n<meta property=\"og:description\" content=\"Cable de bater\u00eda permanente con monitor del sistema de carga\u00a0\/\u00a0estado de la bater\u00eda integrado para bater\u00edas de plomo-\u00e1cido de 12V.\" \/>\n<meta property=\"og:url\" content=\"https:\/\/optimate1.com\/es\/producto\/optimate-monitor-o-128\/\" \/>\n<meta property=\"og:site_name\" content=\"OptiMate\" \/>\n<meta property=\"article:publisher\" content=\"https:\/\/www.facebook.com\/OptiMatebatterysavingcharger\/\" \/>\n<meta property=\"article:modified_time\" content=\"2021-01-28T12:59:56+00:00\" \/>\n<meta property=\"og:image\" content=\"https:\/\/optimate1.com\/wp-content\/uploads\/2026\/03\/OptiMate-High-Performance-Battery-chargers.jpg\" \/>\n\t<meta property=\"og:image:width\" content=\"1200\" \/>\n\t<meta property=\"og:image:height\" content=\"675\" \/>\n\t<meta property=\"og:image:type\" content=\"image\/jpeg\" \/>\n<meta name=\"twitter:card\" content=\"summary_large_image\" \/>\n<meta name=\"twitter:label1\" content=\"Tiempo de lectura\" \/>\n\t<meta name=\"twitter:data1\" content=\"1 minuto\" \/>\n<script type=\"application\/ld+json\" class=\"yoast-schema-graph\">{\"@context\":\"https:\/\/schema.org\",\"@graph\":[{\"@type\":\"WebPage\",\"@id\":\"https:\/\/optimate1.com\/es\/producto\/optimate-monitor-o-128\/\",\"url\":\"https:\/\/optimate1.com\/es\/producto\/optimate-monitor-o-128\/\",\"name\":\"OptiMate MONITOR O-128 - OptiMate\",\"isPartOf\":{\"@id\":\"https:\/\/optimate1.com\/#website\"},\"primaryImageOfPage\":{\"@id\":\"https:\/\/optimate1.com\/es\/producto\/optimate-monitor-o-128\/#primaryimage\"},\"image\":{\"@id\":\"https:\/\/optimate1.com\/es\/producto\/optimate-monitor-o-128\/#primaryimage\"},\"thumbnailUrl\":\"https:\/\/optimate1.com\/wp-content\/uploads\/2019\/06\/O128-1.png\",\"datePublished\":\"2019-06-18T18:52:22+00:00\",\"dateModified\":\"2021-01-28T12:59:56+00:00\",\"breadcrumb\":{\"@id\":\"https:\/\/optimate1.com\/es\/producto\/optimate-monitor-o-128\/#breadcrumb\"},\"inLanguage\":\"es\",\"potentialAction\":[{\"@type\":\"ReadAction\",\"target\":[\"https:\/\/optimate1.com\/es\/producto\/optimate-monitor-o-128\/\"]}]},{\"@type\":\"ImageObject\",\"inLanguage\":\"es\",\"@id\":\"https:\/\/optimate1.com\/es\/producto\/optimate-monitor-o-128\/#primaryimage\",\"url\":\"https:\/\/optimate1.com\/wp-content\/uploads\/2019\/06\/O128-1.png\",\"contentUrl\":\"https:\/\/optimate1.com\/wp-content\/uploads\/2019\/06\/O128-1.png\",\"width\":900,\"height\":900},{\"@type\":\"BreadcrumbList\",\"@id\":\"https:\/\/optimate1.com\/es\/producto\/optimate-monitor-o-128\/#breadcrumb\",\"itemListElement\":[{\"@type\":\"ListItem\",\"position\":1,\"name\":\"Home\",\"item\":\"https:\/\/optimate1.com\/\"},{\"@type\":\"ListItem\",\"position\":2,\"name\":\"Productos\",\"item\":\"https:\/\/optimate1.com\/shop\/\"},{\"@type\":\"ListItem\",\"position\":3,\"name\":\"OptiMate MONITOR O-128\"}]},{\"@type\":\"WebSite\",\"@id\":\"https:\/\/optimate1.com\/#website\",\"url\":\"https:\/\/optimate1.com\/\",\"name\":\"OptiMate\",\"description\":\"Battery Chargers &amp; Accessories\",\"publisher\":{\"@id\":\"https:\/\/optimate1.com\/#organization\"},\"potentialAction\":[{\"@type\":\"SearchAction\",\"target\":{\"@type\":\"EntryPoint\",\"urlTemplate\":\"https:\/\/optimate1.com\/?s={search_term_string}\"},\"query-input\":{\"@type\":\"PropertyValueSpecification\",\"valueRequired\":true,\"valueName\":\"search_term_string\"}}],\"inLanguage\":\"es\"},{\"@type\":\"Organization\",\"@id\":\"https:\/\/optimate1.com\/#organization\",\"name\":\"OptiMate\",\"url\":\"https:\/\/optimate1.com\/\",\"logo\":{\"@type\":\"ImageObject\",\"inLanguage\":\"es\",\"@id\":\"https:\/\/optimate1.com\/#\/schema\/logo\/image\/\",\"url\":\"https:\/\/optimate1.com\/wp-content\/uploads\/2021\/06\/optimate-hpbc-stacklogo.jpg\",\"contentUrl\":\"https:\/\/optimate1.com\/wp-content\/uploads\/2021\/06\/optimate-hpbc-stacklogo.jpg\",\"width\":1025,\"height\":529,\"caption\":\"OptiMate\"},\"image\":{\"@id\":\"https:\/\/optimate1.com\/#\/schema\/logo\/image\/\"},\"sameAs\":[\"https:\/\/www.facebook.com\/OptiMatebatterysavingcharger\/\"]}]}<\/script>\n<!-- \/ Yoast SEO plugin. -->","yoast_head_json":{"title":"OptiMate MONITOR O-128 - OptiMate","robots":{"index":"index","follow":"follow","max-snippet":"max-snippet:-1","max-image-preview":"max-image-preview:large","max-video-preview":"max-video-preview:-1"},"canonical":"https:\/\/optimate1.com\/es\/producto\/optimate-monitor-o-128\/","og_locale":"es_ES","og_type":"article","og_title":"OptiMate MONITOR O-128 - OptiMate","og_description":"Cable de bater\u00eda permanente con monitor del sistema de carga\u00a0\/\u00a0estado de la bater\u00eda integrado para bater\u00edas de plomo-\u00e1cido de 12V.","og_url":"https:\/\/optimate1.com\/es\/producto\/optimate-monitor-o-128\/","og_site_name":"OptiMate","article_publisher":"https:\/\/www.facebook.com\/OptiMatebatterysavingcharger\/","article_modified_time":"2021-01-28T12:59:56+00:00","og_image":[{"width":1200,"height":675,"url":"https:\/\/optimate1.com\/wp-content\/uploads\/2026\/03\/OptiMate-High-Performance-Battery-chargers.jpg","type":"image\/jpeg"}],"twitter_card":"summary_large_image","twitter_misc":{"Tiempo de lectura":"1 minuto"},"schema":{"@context":"https:\/\/schema.org","@graph":[{"@type":"WebPage","@id":"https:\/\/optimate1.com\/es\/producto\/optimate-monitor-o-128\/","url":"https:\/\/optimate1.com\/es\/producto\/optimate-monitor-o-128\/","name":"OptiMate MONITOR O-128 - OptiMate","isPartOf":{"@id":"https:\/\/optimate1.com\/#website"},"primaryImageOfPage":{"@id":"https:\/\/optimate1.com\/es\/producto\/optimate-monitor-o-128\/#primaryimage"},"image":{"@id":"https:\/\/optimate1.com\/es\/producto\/optimate-monitor-o-128\/#primaryimage"},"thumbnailUrl":"https:\/\/optimate1.com\/wp-content\/uploads\/2019\/06\/O128-1.png","datePublished":"2019-06-18T18:52:22+00:00","dateModified":"2021-01-28T12:59:56+00:00","breadcrumb":{"@id":"https:\/\/optimate1.com\/es\/producto\/optimate-monitor-o-128\/#breadcrumb"},"inLanguage":"es","potentialAction":[{"@type":"ReadAction","target":["https:\/\/optimate1.com\/es\/producto\/optimate-monitor-o-128\/"]}]},{"@type":"ImageObject","inLanguage":"es","@id":"https:\/\/optimate1.com\/es\/producto\/optimate-monitor-o-128\/#primaryimage","url":"https:\/\/optimate1.com\/wp-content\/uploads\/2019\/06\/O128-1.png","contentUrl":"https:\/\/optimate1.com\/wp-content\/uploads\/2019\/06\/O128-1.png","width":900,"height":900},{"@type":"BreadcrumbList","@id":"https:\/\/optimate1.com\/es\/producto\/optimate-monitor-o-128\/#breadcrumb","itemListElement":[{"@type":"ListItem","position":1,"name":"Home","item":"https:\/\/optimate1.com\/"},{"@type":"ListItem","position":2,"name":"Productos","item":"https:\/\/optimate1.com\/shop\/"},{"@type":"ListItem","position":3,"name":"OptiMate MONITOR O-128"}]},{"@type":"WebSite","@id":"https:\/\/optimate1.com\/#website","url":"https:\/\/optimate1.com\/","name":"OptiMate","description":"Battery Chargers &amp; Accessories","publisher":{"@id":"https:\/\/optimate1.com\/#organization"},"potentialAction":[{"@type":"SearchAction","target":{"@type":"EntryPoint","urlTemplate":"https:\/\/optimate1.com\/?s={search_term_string}"},"query-input":{"@type":"PropertyValueSpecification","valueRequired":true,"valueName":"search_term_string"}}],"inLanguage":"es"},{"@type":"Organization","@id":"https:\/\/optimate1.com\/#organization","name":"OptiMate","url":"https:\/\/optimate1.com\/","logo":{"@type":"ImageObject","inLanguage":"es","@id":"https:\/\/optimate1.com\/#\/schema\/logo\/image\/","url":"https:\/\/optimate1.com\/wp-content\/uploads\/2021\/06\/optimate-hpbc-stacklogo.jpg","contentUrl":"https:\/\/optimate1.com\/wp-content\/uploads\/2021\/06\/optimate-hpbc-stacklogo.jpg","width":1025,"height":529,"caption":"OptiMate"},"image":{"@id":"https:\/\/optimate1.com\/#\/schema\/logo\/image\/"},"sameAs":["https:\/\/www.facebook.com\/OptiMatebatterysavingcharger\/"]}]}},"_links":{"self":[{"href":"https:\/\/optimate1.com\/es\/wp-json\/wp\/v2\/product\/9842","targetHints":{"allow":["GET"]}}],"collection":[{"href":"https:\/\/optimate1.com\/es\/wp-json\/wp\/v2\/product"}],"about":[{"href":"https:\/\/optimate1.com\/es\/wp-json\/wp\/v2\/types\/product"}],"wp:featuredmedia":[{"embeddable":true,"href":"https:\/\/optimate1.com\/es\/wp-json\/wp\/v2\/media\/7139"}],"wp:attachment":[{"href":"https:\/\/optimate1.com\/es\/wp-json\/wp\/v2\/media?parent=9842"}],"wp:term":[{"taxonomy":"product_brand","embeddable":true,"href":"https:\/\/optimate1.com\/es\/wp-json\/wp\/v2\/product_brand?post=9842"},{"taxonomy":"product_cat","embeddable":true,"href":"https:\/\/optimate1.com\/es\/wp-json\/wp\/v2\/product_cat?post=9842"},{"taxonomy":"product_tag","embeddable":true,"href":"https:\/\/optimate1.com\/es\/wp-json\/wp\/v2\/product_tag?post=9842"}],"curies":[{"name":"wp","href":"https:\/\/api.w.org\/{rel}","templated":true}]}}