{"id":9882,"date":"2019-06-18T14:09:02","date_gmt":"2019-06-18T18:09:02","guid":{"rendered":"https:\/\/optimate1.com\/product\/optimate-led-o-124\/"},"modified":"2024-12-16T09:11:24","modified_gmt":"2024-12-16T14:11:24","slug":"optimate-led-o-124","status":"publish","type":"product","link":"https:\/\/optimate1.com\/es\/producto\/optimate-led-o-124\/","title":{"rendered":"OptiMate MONITOR O-124"},"content":{"rendered":"<h3 class=\"entry-summary hidden-phone\"><strong>Cable de bater\u00eda impermeable con monitor de estado de carga para la bater\u00eda de plomo-\u00e1cido de 12V en su veh\u00edculo de deportes de motor aparcado<i> &#8211; Estado de la bater\u00eda 24\/7 con solo parpadear un LED!<\/i><\/strong><\/h3>\n<ul>\n<li style=\"list-style-type: none;\">\n<ul>\n<li style=\"list-style-type: none;\">\n<ul>\n<li style=\"list-style-type: none;\">\n<ul>\n<li style=\"list-style-type: none;\">\n<ul>\n<li style=\"list-style-type: none;\">\n<ul>\n<li style=\"list-style-type: none;\">\n<ul>\n<li style=\"list-style-type: none;\">\n<ul>\n<li style=\"list-style-type: none;\">\n<ul>\n<li style=\"list-style-type: none;\">\n<ul>\n<li style=\"list-style-type: none;\">\n<ul>\n<li style=\"list-style-type: none;\"><\/li>\n<\/ul>\n<\/li>\n<\/ul>\n<\/li>\n<\/ul>\n<\/li>\n<\/ul>\n<\/li>\n<\/ul>\n<\/li>\n<\/ul>\n<\/li>\n<\/ul>\n<\/li>\n<\/ul>\n<\/li>\n<\/ul>\n<\/li>\n<\/ul>\n<\/li>\n<\/ul>\n<h6 style=\"text-align: center;\"><img loading=\"lazy\" decoding=\"async\" class=\"aligncenter wp-image-20660\" src=\"https:\/\/optimate1.com\/wp-content\/uploads\/2022\/09\/O-124-battery-range-copy.png\" alt=\"The battery monitor 12v is ideal for 12V lead-acid batteries (AGM, STD, GEL and Spiral)\" width=\"428\" height=\"100\" \/><img loading=\"lazy\" decoding=\"async\" class=\"aligncenter wp-image-20668\" src=\"https:\/\/optimate1.com\/wp-content\/uploads\/2022\/09\/O-124-vehicle-range-copy.png\" alt=\"The battery monitor 12v is recommended for cars, boats and maritime\" width=\"428\" height=\"66\" \/><strong><span style=\"color: #10069f;\">Ideal para bater\u00edas de plomo \u00e1cido de de 12V que se encuentran en los veh\u00edculos y embarcaciones que aparecen m\u00e1s arriba.<\/span><\/strong><\/h6>\n<p>&nbsp;<\/p>\n<h6 style=\"text-align: center;\"><img loading=\"lazy\" decoding=\"async\" class=\"aligncenter wp-image-20876\" src=\"https:\/\/optimate1.com\/wp-content\/uploads\/2022\/09\/rings-SAE-copy.png\" alt=\"It has a SAE quick connect charge port for charing battery.\" width=\"428\" height=\"70\" \/><\/h6>\n<h6 style=\"text-align: center;\"><strong><span style=\"color: #10069f;\"><b>Puerto de carga de conexi\u00f3n r\u00e1pida SAE para cargar la bater\u00eda cuando sea necesario!<\/b><\/span><\/strong><\/h6>\n<p>&nbsp;<\/p>\n<h6 style=\"text-align: center;\"><img loading=\"lazy\" decoding=\"async\" class=\"aligncenter wp-image-20876\" src=\"https:\/\/optimate1.com\/wp-content\/uploads\/2022\/09\/o-124-length_Xx-final.png\" alt=\"The battery monitor 12V has ringlets that fit a variety of battery terminals with 15A fuse that protects -40\u00b0 rated cable and electronics\" width=\"428\" height=\"70\" \/><\/h6>\n<h6 style=\"text-align: center;\"><strong><span style=\"color: #10069f;\"><b>Con arandelas M6 \/ 1\/4 &#8211; M8 \/ 5\/16\u2033 de pulgada que se adaptan perfectamente a las terminales de bater\u00eda para deportes de motor y fusible de 15A que protege el cable con clasificaci\u00f3n de <\/b><\/span><\/strong><strong><span style=\"color: #10069f;\"><b>-40\u00b0C \/ <\/b><\/span><\/strong><strong><span style=\"color: #10069f;\"><b>-40\u00b0F <\/b><\/span><\/strong><strong><span style=\"color: #10069f;\"><b>y los dispositivos electr\u00f3nicos &#8211; <i>\u00a1M\u00e1xima calidad!<\/i><\/b><\/span><\/strong><\/h6>\n<p>&nbsp;<\/p>\n<h4 style=\"text-align: center;\"><strong><span style=\"text-decoration: underline;\">MONITOR DEL ESTADO DE CARGA DE LA BATER\u00cdA:<\/span><\/strong><\/h4>\n<p style=\"text-align: center;\">\n<table id=\"tablepress-45\" class=\"tablepress tablepress-id-45\">\n<tbody class=\"row-hover\">\n<tr class=\"row-1\">\n\t<td class=\"column-1\"><a href=\"\"><img loading=\"lazy\" decoding=\"async\" src=\"https:\/\/optimate1.com\/wp-content\/uploads\/2022\/04\/O-128_sealed-cap_long-copy.png\" alt=\"\" width=\"600\" height=\"50\" class=\"aligncenter size-medium wp-image-20927\" \/><\/a><body><h6><center>Con tap\u00f3n de sellado impermeable. <\/body><\/h6><\/center><br \/>\n<\/td>\n<\/tr>\n<tr class=\"row-2\">\n\t<td class=\"column-1\"><a href=\"\"><img loading=\"lazy\" decoding=\"async\" src=\"https:\/\/optimate1.com\/wp-content\/uploads\/2021\/02\/LEDs-1-01.jpg\" alt=\"\" width=\"145\" height=\"50\" class=\"aligncenter size-medium wp-image-20927\" \/><\/a><body><h6><center>Indicaci\u00f3n del estado de la bater\u00eda cada 3 segundos (el LED parpadea). <\/body><\/h6><\/center><br \/>\n<\/td>\n<\/tr>\n<tr class=\"row-3\">\n\t<td class=\"column-1\"><a href=\"\"><img loading=\"lazy\" decoding=\"async\" src=\"https:\/\/optimate1.com\/wp-content\/uploads\/2021\/02\/LEDs-2-01.png\" alt=\"\" width=\"145\" height=\"50\" class=\"aligncenter size-medium wp-image-20982\" \/><\/a><body><h6><center>Indicaci\u00f3n de estado de una bater\u00eda para AGM de alto rendimiento.<\/center><\/h6><\/body><\/td>\n<\/tr>\n<tr class=\"row-4\">\n\t<td class=\"column-1\"><a href=\"\"><img loading=\"lazy\" decoding=\"async\" src=\"https:\/\/optimate1.com\/wp-content\/uploads\/2021\/02\/LEDs-3-01.png\" alt=\"\" width=\"145\" height=\"50\" class=\"aligncenter size-medium wp-image-20993\" \/><\/a><body><h6><center>Rango de carga ideal con el motor en marcha - 13.5V a 14.5V.<\/body><\/h6><\/center><\/td>\n<\/tr>\n<\/tbody>\n<\/table>\n<!-- #tablepress-45 from cache --><\/p>\n","protected":false},"excerpt":{"rendered":"<h3><span style=\"color: #cd202c;\">Cable de bater\u00eda de deportes de motor permanente con monitor del sistema de carga\u00a0\/\u00a0estado de la bater\u00eda integrado para plomo-\u00e1cido de 12V.<\/span><\/h3>\n","protected":false},"featured_media":30749,"template":"","meta":[],"product_brand":[],"product_cat":[2252,1067,444,2251],"product_tag":[],"class_list":{"0":"post-9882","1":"product","2":"type-product","3":"status-publish","4":"has-post-thumbnail","6":"product_cat-accessories-es","7":"product_cat-cablesconnectors-es","8":"product_cat-battery-testers-es","9":"product_cat-marine-es","10":"pa_cable-type-battery-lead-es","11":"pa_cable-type-battery-lead-w-led-es","12":"pa_cable-type-smart-led-monitor-es","13":"pa_connector-type-ring-m6-1-4-es","14":"pa_region-ca-es-2","15":"pa_region-eu-es-2","16":"pa_region-uk-es-2","17":"pa_region-us-es-2","18":"iside_cable_type-cable-de-bateria-con-monitor","19":"iside_connector_type-anillos-m6-m8","20":"recommended_for-optimate-1-1-duo-es","21":"recommended_for-optimate-2-2-duo-es","22":"recommended_for-optimate-3-es","23":"recommended_for-optimate-4-es","24":"recommended_for-optimate-5-es","25":"recommended_for-optimate-6-7-es","26":"recommended_for-optimate-dc-dc-es","27":"recommended_for-optimate-g10-es","28":"recommended_for-optimate-pro-duo-es","29":"recommended_for-optimate-solar-duo-es","30":"compatible_with-bateria-coche-camion-barco","31":"compatible_with-bateria-moto-pwc","32":"thunk-woo-product-list","33":"opn-qv-enable","34":"big-store-woo-hover-","35":"open-single-product-tab-horizontal","36":"open-shadow-","37":"open-shadow-hover-","39":"first","40":"instock","41":"featured","42":"shipping-taxable","43":"purchasable","44":"product-type-simple"},"yoast_head":"<!-- This site is optimized with the Yoast SEO plugin v27.2 - https:\/\/yoast.com\/product\/yoast-seo-wordpress\/ -->\n<title>OptiMate MONITOR O-124 - OptiMate<\/title>\n<meta name=\"robots\" content=\"index, follow, max-snippet:-1, max-image-preview:large, max-video-preview:-1, noarchive\" \/>\n<link rel=\"canonical\" href=\"https:\/\/optimate1.com\/product\/o-124\/\" \/>\n<meta property=\"og:locale\" content=\"es_ES\" \/>\n<meta property=\"og:type\" content=\"article\" \/>\n<meta property=\"og:title\" content=\"OptiMate MONITOR O-124 - OptiMate\" \/>\n<meta property=\"og:description\" content=\"Cable de bater\u00eda de deportes de motor permanente con monitor del sistema de carga\u00a0\/\u00a0estado de la bater\u00eda integrado para plomo-\u00e1cido de 12V.\" \/>\n<meta property=\"og:url\" content=\"https:\/\/optimate1.com\/product\/o-124\/\" \/>\n<meta property=\"og:site_name\" content=\"OptiMate\" \/>\n<meta property=\"article:publisher\" content=\"https:\/\/www.facebook.com\/OptiMatebatterysavingcharger\/\" \/>\n<meta property=\"article:modified_time\" content=\"2024-12-16T14:11:24+00:00\" \/>\n<meta property=\"og:image\" content=\"https:\/\/optimate1.com\/wp-content\/uploads\/2022\/09\/O-124-1-copy-2.png\" \/>\n\t<meta property=\"og:image:width\" content=\"1500\" \/>\n\t<meta property=\"og:image:height\" content=\"1500\" \/>\n\t<meta property=\"og:image:type\" content=\"image\/png\" \/>\n<meta name=\"twitter:card\" content=\"summary_large_image\" \/>\n<meta name=\"twitter:label1\" content=\"Tiempo de lectura\" \/>\n\t<meta name=\"twitter:data1\" content=\"2 minutos\" \/>\n<script type=\"application\/ld+json\" class=\"yoast-schema-graph\">{\"@context\":\"https:\/\/schema.org\",\"@graph\":[{\"@type\":\"WebPage\",\"@id\":\"https:\/\/optimate1.com\/product\/o-124\/\",\"url\":\"https:\/\/optimate1.com\/product\/o-124\/\",\"name\":\"OptiMate MONITOR O-124 - OptiMate\",\"isPartOf\":{\"@id\":\"https:\/\/optimate1.com\/#website\"},\"primaryImageOfPage\":{\"@id\":\"https:\/\/optimate1.com\/product\/o-124\/#primaryimage\"},\"image\":{\"@id\":\"https:\/\/optimate1.com\/product\/o-124\/#primaryimage\"},\"thumbnailUrl\":\"https:\/\/optimate1.com\/wp-content\/uploads\/2022\/09\/O-124-1-copy-2.png\",\"datePublished\":\"2019-06-18T18:09:02+00:00\",\"dateModified\":\"2024-12-16T14:11:24+00:00\",\"breadcrumb\":{\"@id\":\"https:\/\/optimate1.com\/product\/o-124\/#breadcrumb\"},\"inLanguage\":\"es\",\"potentialAction\":[{\"@type\":\"ReadAction\",\"target\":[\"https:\/\/optimate1.com\/product\/o-124\/\"]}]},{\"@type\":\"ImageObject\",\"inLanguage\":\"es\",\"@id\":\"https:\/\/optimate1.com\/product\/o-124\/#primaryimage\",\"url\":\"https:\/\/optimate1.com\/wp-content\/uploads\/2022\/09\/O-124-1-copy-2.png\",\"contentUrl\":\"https:\/\/optimate1.com\/wp-content\/uploads\/2022\/09\/O-124-1-copy-2.png\",\"width\":1500,\"height\":1500},{\"@type\":\"BreadcrumbList\",\"@id\":\"https:\/\/optimate1.com\/product\/o-124\/#breadcrumb\",\"itemListElement\":[{\"@type\":\"ListItem\",\"position\":1,\"name\":\"Home\",\"item\":\"https:\/\/optimate1.com\/\"},{\"@type\":\"ListItem\",\"position\":2,\"name\":\"Productos\",\"item\":\"https:\/\/optimate1.com\/shop\/\"},{\"@type\":\"ListItem\",\"position\":3,\"name\":\"OptiMate MONITOR O-124\"}]},{\"@type\":\"WebSite\",\"@id\":\"https:\/\/optimate1.com\/#website\",\"url\":\"https:\/\/optimate1.com\/\",\"name\":\"OptiMate\",\"description\":\"Battery Chargers &amp; Accessories\",\"publisher\":{\"@id\":\"https:\/\/optimate1.com\/#organization\"},\"potentialAction\":[{\"@type\":\"SearchAction\",\"target\":{\"@type\":\"EntryPoint\",\"urlTemplate\":\"https:\/\/optimate1.com\/?s={search_term_string}\"},\"query-input\":{\"@type\":\"PropertyValueSpecification\",\"valueRequired\":true,\"valueName\":\"search_term_string\"}}],\"inLanguage\":\"es\"},{\"@type\":\"Organization\",\"@id\":\"https:\/\/optimate1.com\/#organization\",\"name\":\"OptiMate\",\"url\":\"https:\/\/optimate1.com\/\",\"logo\":{\"@type\":\"ImageObject\",\"inLanguage\":\"es\",\"@id\":\"https:\/\/optimate1.com\/#\/schema\/logo\/image\/\",\"url\":\"https:\/\/optimate1.com\/wp-content\/uploads\/2021\/06\/optimate-hpbc-stacklogo.jpg\",\"contentUrl\":\"https:\/\/optimate1.com\/wp-content\/uploads\/2021\/06\/optimate-hpbc-stacklogo.jpg\",\"width\":1025,\"height\":529,\"caption\":\"OptiMate\"},\"image\":{\"@id\":\"https:\/\/optimate1.com\/#\/schema\/logo\/image\/\"},\"sameAs\":[\"https:\/\/www.facebook.com\/OptiMatebatterysavingcharger\/\"]}]}<\/script>\n<!-- \/ Yoast SEO plugin. -->","yoast_head_json":{"title":"OptiMate MONITOR O-124 - OptiMate","robots":{"index":"index","follow":"follow","max-snippet":"max-snippet:-1","max-image-preview":"max-image-preview:large","max-video-preview":"max-video-preview:-1","archive":"noarchive"},"canonical":"https:\/\/optimate1.com\/product\/o-124\/","og_locale":"es_ES","og_type":"article","og_title":"OptiMate MONITOR O-124 - OptiMate","og_description":"Cable de bater\u00eda de deportes de motor permanente con monitor del sistema de carga\u00a0\/\u00a0estado de la bater\u00eda integrado para plomo-\u00e1cido de 12V.","og_url":"https:\/\/optimate1.com\/product\/o-124\/","og_site_name":"OptiMate","article_publisher":"https:\/\/www.facebook.com\/OptiMatebatterysavingcharger\/","article_modified_time":"2024-12-16T14:11:24+00:00","og_image":[{"width":1500,"height":1500,"url":"https:\/\/optimate1.com\/wp-content\/uploads\/2022\/09\/O-124-1-copy-2.png","type":"image\/png"}],"twitter_card":"summary_large_image","twitter_misc":{"Tiempo de lectura":"2 minutos"},"schema":{"@context":"https:\/\/schema.org","@graph":[{"@type":"WebPage","@id":"https:\/\/optimate1.com\/product\/o-124\/","url":"https:\/\/optimate1.com\/product\/o-124\/","name":"OptiMate MONITOR O-124 - OptiMate","isPartOf":{"@id":"https:\/\/optimate1.com\/#website"},"primaryImageOfPage":{"@id":"https:\/\/optimate1.com\/product\/o-124\/#primaryimage"},"image":{"@id":"https:\/\/optimate1.com\/product\/o-124\/#primaryimage"},"thumbnailUrl":"https:\/\/optimate1.com\/wp-content\/uploads\/2022\/09\/O-124-1-copy-2.png","datePublished":"2019-06-18T18:09:02+00:00","dateModified":"2024-12-16T14:11:24+00:00","breadcrumb":{"@id":"https:\/\/optimate1.com\/product\/o-124\/#breadcrumb"},"inLanguage":"es","potentialAction":[{"@type":"ReadAction","target":["https:\/\/optimate1.com\/product\/o-124\/"]}]},{"@type":"ImageObject","inLanguage":"es","@id":"https:\/\/optimate1.com\/product\/o-124\/#primaryimage","url":"https:\/\/optimate1.com\/wp-content\/uploads\/2022\/09\/O-124-1-copy-2.png","contentUrl":"https:\/\/optimate1.com\/wp-content\/uploads\/2022\/09\/O-124-1-copy-2.png","width":1500,"height":1500},{"@type":"BreadcrumbList","@id":"https:\/\/optimate1.com\/product\/o-124\/#breadcrumb","itemListElement":[{"@type":"ListItem","position":1,"name":"Home","item":"https:\/\/optimate1.com\/"},{"@type":"ListItem","position":2,"name":"Productos","item":"https:\/\/optimate1.com\/shop\/"},{"@type":"ListItem","position":3,"name":"OptiMate MONITOR O-124"}]},{"@type":"WebSite","@id":"https:\/\/optimate1.com\/#website","url":"https:\/\/optimate1.com\/","name":"OptiMate","description":"Battery Chargers &amp; Accessories","publisher":{"@id":"https:\/\/optimate1.com\/#organization"},"potentialAction":[{"@type":"SearchAction","target":{"@type":"EntryPoint","urlTemplate":"https:\/\/optimate1.com\/?s={search_term_string}"},"query-input":{"@type":"PropertyValueSpecification","valueRequired":true,"valueName":"search_term_string"}}],"inLanguage":"es"},{"@type":"Organization","@id":"https:\/\/optimate1.com\/#organization","name":"OptiMate","url":"https:\/\/optimate1.com\/","logo":{"@type":"ImageObject","inLanguage":"es","@id":"https:\/\/optimate1.com\/#\/schema\/logo\/image\/","url":"https:\/\/optimate1.com\/wp-content\/uploads\/2021\/06\/optimate-hpbc-stacklogo.jpg","contentUrl":"https:\/\/optimate1.com\/wp-content\/uploads\/2021\/06\/optimate-hpbc-stacklogo.jpg","width":1025,"height":529,"caption":"OptiMate"},"image":{"@id":"https:\/\/optimate1.com\/#\/schema\/logo\/image\/"},"sameAs":["https:\/\/www.facebook.com\/OptiMatebatterysavingcharger\/"]}]}},"_links":{"self":[{"href":"https:\/\/optimate1.com\/es\/wp-json\/wp\/v2\/product\/9882","targetHints":{"allow":["GET"]}}],"collection":[{"href":"https:\/\/optimate1.com\/es\/wp-json\/wp\/v2\/product"}],"about":[{"href":"https:\/\/optimate1.com\/es\/wp-json\/wp\/v2\/types\/product"}],"wp:featuredmedia":[{"embeddable":true,"href":"https:\/\/optimate1.com\/es\/wp-json\/wp\/v2\/media\/30749"}],"wp:attachment":[{"href":"https:\/\/optimate1.com\/es\/wp-json\/wp\/v2\/media?parent=9882"}],"wp:term":[{"taxonomy":"product_brand","embeddable":true,"href":"https:\/\/optimate1.com\/es\/wp-json\/wp\/v2\/product_brand?post=9882"},{"taxonomy":"product_cat","embeddable":true,"href":"https:\/\/optimate1.com\/es\/wp-json\/wp\/v2\/product_cat?post=9882"},{"taxonomy":"product_tag","embeddable":true,"href":"https:\/\/optimate1.com\/es\/wp-json\/wp\/v2\/product_tag?post=9882"}],"curies":[{"name":"wp","href":"https:\/\/api.w.org\/{rel}","templated":true}]}}