{"id":11633,"date":"2019-07-25T14:14:15","date_gmt":"2019-07-25T18:14:15","guid":{"rendered":"https:\/\/optimate1.com\/?page_id=11633"},"modified":"2024-12-11T10:30:33","modified_gmt":"2024-12-11T15:30:33","slug":"declaration-de-confidentialite","status":"publish","type":"page","link":"https:\/\/optimate1.com\/fr\/declaration-de-confidentialite\/","title":{"rendered":"D\u00e9claration de confidentialit\u00e9"},"content":{"rendered":"<p>Tecmate accorde une grande importance \u00e0 la protection de vos donn\u00e9es personnelles et au respect de votre vie priv\u00e9e. Dans la pr\u00e9sente d\u00e9claration de confidentialit\u00e9, nous souhaitons vous apporter des informations claires et transparentes sur les donn\u00e9es que nous collectons et sur la mani\u00e8re dont nous traitons vos donn\u00e9es personnelles. Nous faisons tout pour garantir votre confidentialit\u00e9 et traitons donc les donn\u00e9es personnelles avec soin. Tecmate respecte la l\u00e9gislation et les r\u00e9glementations applicables dans tous les cas, notamment le RGPD entr\u00e9 en vigueur le 25 mai 2018.<\/p>\n<p>Chez Tecmate, nous sommes responsables du traitement de vos donn\u00e9es personnelles. Si, apr\u00e8s avoir lu notre d\u00e9claration de confidentialit\u00e9 ou si, d&#8217;une mani\u00e8re g\u00e9n\u00e9rale, vous avez des questions \u00e0 ce propos ou que vous souhaitez nous contacter, vous pouvez utiliser les coordonn\u00e9es ci-dessous pour ce faire :<\/p>\n<p>TECMATE INTERNATIONAL<br \/>\nNeringstraat 14<br \/>\n3300 Tienen<br \/>\nBelgium<\/p>\n<h1>Pourquoi traitons-nous vos donn\u00e9es personnelles\u00a0?<\/h1>\n<p>Tecmate traite vos donn\u00e9es personnelles dans les buts suivants :<\/p>\n<h3>Ex\u00e9cution d&#8217;un contrat concernant la livraison de produits Tecmate.<\/h3>\n<p>Nous traitons vos donn\u00e9es personnelles dans le cadre des commandes, de la comptabilit\u00e9 et de la facturation ainsi que pour vous tenir inform\u00e9(e) du statut de vos commandes.<\/p>\n<p>\u00c0 ces fins, Tecmate collecte les donn\u00e9es personnelles suivantes : nom, pr\u00e9nom, titre, poste, adresse \u00e9lectronique, num\u00e9ro de t\u00e9l\u00e9phone, num\u00e9ro de t\u00e9l\u00e9phone portable, adresse de l&#8217;entreprise, langue de l&#8217;entreprise et pays dans lequel votre entreprise se trouve.<\/p>\n<p>Le traitement des donn\u00e9es personnelles dans le but susmentionn\u00e9 est n\u00e9cessaire \u00e0 l&#8217;ex\u00e9cution d&#8217;un contrat.<\/p>\n<h3>Marketing et communication<\/h3>\n<p>Nous tenons nos importateurs et nos distributeurs inform\u00e9s de nos produits, de notre grille tarifaire, de nos promotions et des lancements de produits, des informations pertinentes, etc.<\/p>\n<p>Les distributeurs re\u00e7oivent des e-mails \u00e0 but informatif et \u00e9ducatif de la part de Tecmate concernant nos batteries et chargeurs de batteries.<\/p>\n<p>Aux fins pr\u00e9cit\u00e9es, nous demandons, collectons et traitons les informations suivantes : nom, pr\u00e9nom, titre, poste, adresse \u00e9lectronique, num\u00e9ro de t\u00e9l\u00e9phone, num\u00e9ro de t\u00e9l\u00e9phone portable, adresse de l&#8217;entreprise, langue de l&#8217;entreprise et pays dans lequel votre entreprise se trouve.<\/p>\n<p>Le traitement des donn\u00e9es personnelles dans le but susmentionn\u00e9 se fonde sur un besoin l\u00e9gitime.<\/p>\n<h3>Service client<\/h3>\n<p>Afin de pouvoir r\u00e9pondre \u00e0 vos questions et vous offrir le meilleur service possible, nous collectons les informations suivantes vous concernant : nom, pr\u00e9nom et adresse \u00e9lectronique.<\/p>\n<p>Le traitement des donn\u00e9es personnelles dans le but susmentionn\u00e9 se fonde sur un besoin l\u00e9gitime et est r\u00e9alis\u00e9 aux fins de l&#8217;ex\u00e9cution d&#8217;un contrat.<\/p>\n<h3>Fins licites<\/h3>\n<p>Dans certains cas, nous devons utiliser vos informations pour traiter et r\u00e9soudre des litiges juridiques ou \u00e0 des fins d&#8217;enqu\u00eate et de conformit\u00e9 exig\u00e9es par la loi et les r\u00e9glementations en vigueur.<\/p>\n<p>Le traitement des donn\u00e9es personnelles dans le but susmentionn\u00e9 se fonde sur un besoin l\u00e9gitime.<\/p>\n<h3>D\u00e9tection et pr\u00e9vention des fraudes<\/h3>\n<p>Nous nous r\u00e9servons le droit d&#8217;utiliser vos donn\u00e9es personnelles pour d\u00e9tecter et emp\u00eacher les fraudes et d&#8217;autres activit\u00e9s ill\u00e9gales.<\/p>\n<p>Le traitement des donn\u00e9es personnelles dans le but susmentionn\u00e9 se fonde sur une exigence statutaire.<\/p>\n<h3>Pour identifier et r\u00e9cup\u00e9rer les informations concernant les visites sur notre site Web<\/h3>\n<p>Nous enregistrons des donn\u00e9es g\u00e9n\u00e9rales sur le site Web de notre entreprise \u00e0 chaque visite, notamment l\u2019adresse IP de votre ordinateur, l&#8217;heure \u00e0 laquelle les informations sont recueillies et les donn\u00e9es envoy\u00e9es par votre navigateur. Ces donn\u00e9es sont utilis\u00e9es pour analyser les visites sur notre site Web et les comportements de clics sur notre site.<\/p>\n<p>Tecmate utilise ces informations pour am\u00e9liorer le fonctionnement du site Web. Dans cette optique, Tecmate a recours \u00e0 Google Analytics. Les informations ainsi obtenues, notamment l&#8217;adresse de votre ordinateur (adresse IP), sont transf\u00e9r\u00e9es et conserv\u00e9es par Google sur ses serveurs.<\/p>\n<p>Google utilise ces informations pour conserver une trace de la mani\u00e8re dont notre site est utilis\u00e9 afin de pouvoir fournir des rapports sur le site \u00e0 Tecmate et des informations relatives \u00e0 l&#8217;efficacit\u00e9 de nos campagnes.<\/p>\n<p>Google se r\u00e9serve le droit de fournir ces informations \u00e0 des tiers uniquement lorsqu&#8217;il est dans l&#8217;obligation l\u00e9gale de le faire ou dans la mesure o\u00f9 ces tiers traitent les informations au nom de Google. Tecmate n&#8217;a aucune influence sur ce processus.<\/p>\n<p>Tecmate n&#8217;a, en aucun cas, donn\u00e9 l&#8217;autorisation \u00e0 Google d&#8217;utiliser les informations Analytics ainsi obtenues de Tecmate pour d&#8217;autres services Google.<\/p>\n<p>Le traitement des donn\u00e9es personnelles dans le but susmentionn\u00e9 se fonde sur un besoin l\u00e9gitime.<\/p>\n<p>Nous n&#8217;utilisons les donn\u00e9es collect\u00e9es qu&#8217;aux fins pour lesquelles nous avons obtenu lesdites donn\u00e9es.<\/p>\n<p>Nous traitons les donn\u00e9es que vous, en tant que personne concern\u00e9e, partagez lorsque vous devenez client(e) ou utilisez nos services. Nous traitons \u00e9galement les donn\u00e9es personnelles que vous ne nous avez pas fournies en tant que personne concern\u00e9e, comme les donn\u00e9es personnelles fournies concernant les employ\u00e9s. Les donn\u00e9es personnelles peuvent \u00e9galement provenir de sources publiques comme la Banque-Carrefour des Entreprises, le Moniteur belge et ses annexes, etc.<\/p>\n<h3>Transmission des donn\u00e9es \u00e0 des tiers<\/h3>\n<p>Nous nous r\u00e9servons le droit de fournir les informations que vous nous fournissez \u00e0 d&#8217;autres parties si la loi l&#8217;impose et d\u00e8s lors que cela nous est permis.<\/p>\n<p>Nous nous r\u00e9servons le droit de fournir les informations que vous nous confiez \u00e0 des tiers si celles-ci sont n\u00e9cessaires aux fins susmentionn\u00e9es. Dans de tels cas, nous effectuons le transfert de ces informations dans le cadre de votre demande ou de votre commande.<\/p>\n<p>Nous nous r\u00e9servons \u00e9galement le droit de partager vos donn\u00e9es personnelles avec des tiers, si vous nous avez donn\u00e9 votre accord pour ce faire. Vous avez le droit de retirer ce consentement \u00e0 tout moment, sans que cela ne porte pr\u00e9judice \u00e0 la l\u00e9galit\u00e9 du traitement effectu\u00e9 avant la r\u00e9vocation de votre consentement.<\/p>\n<p>\u00c0 l&#8217;exception des cas susmentionn\u00e9s, nous ne transmettrons jamais vos donn\u00e9es personnelles \u00e0 des tiers.<\/p>\n<p>Nous ne fournissons, en aucune circonstance, vos donn\u00e9es personnelles \u00e0 des tiers bas\u00e9s en dehors de l&#8217;Union europ\u00e9enne.<\/p>\n<h3>Mineurs<\/h3>\n<p>En aucun cas, nous ne traitons les donn\u00e9es personnelles de personnes \u00e2g\u00e9es de moins de 16\u00a0ans.<\/p>\n<h3>P\u00e9riode de conservation<\/h3>\n<p>Tecmate ne conserve pas les donn\u00e9es personnelles plus longtemps que n\u00e9cessaire aux fins pour lesquelles elles ont \u00e9t\u00e9 fournies et sont exig\u00e9es par la loi.<\/p>\n<p><img loading=\"lazy\" decoding=\"async\" class=\"alignnone size-full wp-image-11657\" src=\"https:\/\/optimate1.com\/wp-content\/uploads\/2019\/07\/privtable-fr.png\" alt=\"\" width=\"612\" height=\"305\" srcset=\"https:\/\/optimate1.com\/wp-content\/uploads\/2019\/07\/privtable-fr.png 612w, https:\/\/optimate1.com\/wp-content\/uploads\/2019\/07\/privtable-fr-600x299.png 600w, https:\/\/optimate1.com\/wp-content\/uploads\/2019\/07\/privtable-fr-64x32.png 64w, https:\/\/optimate1.com\/wp-content\/uploads\/2019\/07\/privtable-fr-300x150.png 300w\" sizes=\"auto, (max-width: 612px) 100vw, 612px\" \/><\/p>\n<p>\u00c0 l&#8217;expiration des p\u00e9riodes pr\u00e9cit\u00e9es, vos donn\u00e9es personnelles sont supprim\u00e9es, \u00e0 moins qu&#8217;une autre l\u00e9gislation applicable ne requi\u00e8re une p\u00e9riode de conservation plus longue.<\/p>\n<h3>Protection des donn\u00e9es<\/h3>\n<p>Nous avons mis en place des mesures techniques et organisationnelles appropri\u00e9es pour prot\u00e9ger vos donn\u00e9es personnelles des traitements illicites.<\/p>\n<p>Par exemple, nous avons adopt\u00e9 les mesures suivantes\u00a0:<\/p>\n<ul>\n<li>toutes les personnes qui ont acc\u00e8s \u00e0 vos donn\u00e9es au nom de Tecmate sont li\u00e9es par la confidentialit\u00e9\u00a0;<\/li>\n<li>nous utilisons une politique d&#8217;utilisateur et de mot de passe sur tous nos syst\u00e8mes ;<\/li>\n<li>nous effectuons des sauvegardes des donn\u00e9es personnelles pour pouvoir les conserver dans le cas d&#8217;incidents physiques ou techniques ;<\/li>\n<li>nous testons et \u00e9valuons r\u00e9guli\u00e8rement nos mesures ;<\/li>\n<li>chaque employ\u00e9 Tecmate conna\u00eet l&#8217;importance de prot\u00e9ger les donn\u00e9es personnelles\u00a0;<\/li>\n<li>les b\u00e2timents de notre entreprise sont s\u00e9curis\u00e9s par un syst\u00e8me d&#8217;alarme.<\/li>\n<\/ul>\n<h3>Vos droits concernant vos donn\u00e9es<\/h3>\n<p>Vous avez le droit d&#8217;acc\u00e9der, de corriger et de retirer les donn\u00e9es personnelles que vous nous avez envoy\u00e9es. Vous trouverez nos coordonn\u00e9es en haut de la pr\u00e9sente d\u00e9claration de confidentialit\u00e9. Vous pouvez toujours \u00e9mettre une objection (vous opposer) concernant le traitement de vos donn\u00e9es personnelles (ou \u00e0 une partie de celles-ci) par nous ou l&#8217;un de nos sous-traitants. Vous avez \u00e9galement le droit de demander \u00e0 ce que les donn\u00e9es que vous nous avez fournies soient transf\u00e9r\u00e9es \u00e0 vous ou directement \u00e0 un autre tiers sur demande de votre part. Nous vous demandons de fournir une pi\u00e8ce d&#8217;identit\u00e9 avant de pouvoir traiter ce type de demandes.<\/p>\n<h3>Plaintes<\/h3>\n<p>En cas de plaintes concernant le traitement de vos donn\u00e9es personnelles, nous vous demandons de nous contacter imm\u00e9diatement. Vous avez toujours le droit de soumettre une plainte aupr\u00e8s de la Commission de la protection de la vie priv\u00e9e belge, l&#8217;autorit\u00e9 de contr\u00f4le en mati\u00e8re de protection de la vie priv\u00e9e.<\/p>\n<h3>Modifications apport\u00e9es \u00e0 la d\u00e9claration de confidentialit\u00e9<\/h3>\n<p>Tecmate se r\u00e9serve le droit d&#8217;apporter des modifications \u00e0 cette d\u00e9claration de confidentialit\u00e9. Toute modification apport\u00e9e sera annonc\u00e9e sur notre site Web.<\/p>\n","protected":false},"excerpt":{"rendered":"<p>Tecmate accorde une grande importance \u00e0 la protection de vos donn\u00e9es personnelles et au respect de votre vie priv\u00e9e. Dans la pr\u00e9sente d\u00e9claration de confidentialit\u00e9, nous souhaitons vous apporter des informations claires et transparentes sur les donn\u00e9es que nous collectons et sur la mani\u00e8re dont nous traitons vos donn\u00e9es personnelles. Nous faisons tout pour garantir &hellip;<\/p>\n<p class=\"read-more\"> <a class=\" thunk-readmore button \" href=\"https:\/\/optimate1.com\/fr\/declaration-de-confidentialite\/\"> <span class=\"screen-reader-text\">D\u00e9claration de confidentialit\u00e9<\/span>Read More<\/a><\/p>\n","protected":false},"author":12,"featured_media":0,"parent":0,"menu_order":90,"comment_status":"closed","ping_status":"closed","template":"","meta":{"footnotes":""},"class_list":["post-11633","page","type-page","status-publish","hentry","thunk-woo-product-list","opn-qv-enable","big-store-woo-hover-","open-single-product-tab-horizontal","open-shadow-","open-shadow-hover-"],"yoast_head":"<!-- This site is optimized with the Yoast SEO plugin v27.2 - https:\/\/yoast.com\/product\/yoast-seo-wordpress\/ -->\n<title>D\u00e9claration de confidentialit\u00e9 - OptiMate<\/title>\n<meta name=\"robots\" content=\"index, follow, max-snippet:-1, max-image-preview:large, max-video-preview:-1\" \/>\n<link rel=\"canonical\" href=\"https:\/\/optimate1.com\/privacy-statement\/\" \/>\n<meta property=\"og:locale\" content=\"fr_FR\" \/>\n<meta property=\"og:type\" content=\"article\" \/>\n<meta property=\"og:title\" content=\"D\u00e9claration de confidentialit\u00e9 - OptiMate\" \/>\n<meta property=\"og:description\" content=\"Tecmate accorde une grande importance \u00e0 la protection de vos donn\u00e9es personnelles et au respect de votre vie priv\u00e9e. Dans la pr\u00e9sente d\u00e9claration de confidentialit\u00e9, nous souhaitons vous apporter des informations claires et transparentes sur les donn\u00e9es que nous collectons et sur la mani\u00e8re dont nous traitons vos donn\u00e9es personnelles. Nous faisons tout pour garantir &hellip; D\u00e9claration de confidentialit\u00e9Read More\" \/>\n<meta property=\"og:url\" content=\"https:\/\/optimate1.com\/privacy-statement\/\" \/>\n<meta property=\"og:site_name\" content=\"OptiMate\" \/>\n<meta property=\"article:publisher\" content=\"https:\/\/www.facebook.com\/OptiMatebatterysavingcharger\/\" \/>\n<meta property=\"article:modified_time\" content=\"2024-12-11T15:30:33+00:00\" \/>\n<meta property=\"og:image\" content=\"https:\/\/optimate1.com\/wp-content\/uploads\/2019\/07\/privtable-fr.png\" \/>\n\t<meta property=\"og:image:width\" content=\"612\" \/>\n\t<meta property=\"og:image:height\" content=\"305\" \/>\n\t<meta property=\"og:image:type\" content=\"image\/png\" \/>\n<meta name=\"twitter:card\" content=\"summary_large_image\" \/>\n<meta name=\"twitter:label1\" content=\"Dur\u00e9e de lecture estim\u00e9e\" \/>\n\t<meta name=\"twitter:data1\" content=\"7 minutes\" \/>\n<script type=\"application\/ld+json\" class=\"yoast-schema-graph\">{\"@context\":\"https:\/\/schema.org\",\"@graph\":[{\"@type\":\"WebPage\",\"@id\":\"https:\/\/optimate1.com\/privacy-statement\/\",\"url\":\"https:\/\/optimate1.com\/privacy-statement\/\",\"name\":\"D\u00e9claration de confidentialit\u00e9 - OptiMate\",\"isPartOf\":{\"@id\":\"https:\/\/optimate1.com\/#website\"},\"primaryImageOfPage\":{\"@id\":\"https:\/\/optimate1.com\/privacy-statement\/#primaryimage\"},\"image\":{\"@id\":\"https:\/\/optimate1.com\/privacy-statement\/#primaryimage\"},\"thumbnailUrl\":\"https:\/\/optimate1.com\/wp-content\/uploads\/2019\/07\/privtable-fr.png\",\"datePublished\":\"2019-07-25T18:14:15+00:00\",\"dateModified\":\"2024-12-11T15:30:33+00:00\",\"breadcrumb\":{\"@id\":\"https:\/\/optimate1.com\/privacy-statement\/#breadcrumb\"},\"inLanguage\":\"fr-FR\",\"potentialAction\":[{\"@type\":\"ReadAction\",\"target\":[\"https:\/\/optimate1.com\/privacy-statement\/\"]}]},{\"@type\":\"ImageObject\",\"inLanguage\":\"fr-FR\",\"@id\":\"https:\/\/optimate1.com\/privacy-statement\/#primaryimage\",\"url\":\"https:\/\/optimate1.com\/wp-content\/uploads\/2019\/07\/privtable-fr.png\",\"contentUrl\":\"https:\/\/optimate1.com\/wp-content\/uploads\/2019\/07\/privtable-fr.png\"},{\"@type\":\"BreadcrumbList\",\"@id\":\"https:\/\/optimate1.com\/privacy-statement\/#breadcrumb\",\"itemListElement\":[{\"@type\":\"ListItem\",\"position\":1,\"name\":\"Home\",\"item\":\"https:\/\/optimate1.com\/\"},{\"@type\":\"ListItem\",\"position\":2,\"name\":\"D\u00e9claration de confidentialit\u00e9\"}]},{\"@type\":\"WebSite\",\"@id\":\"https:\/\/optimate1.com\/#website\",\"url\":\"https:\/\/optimate1.com\/\",\"name\":\"OptiMate\",\"description\":\"Battery Chargers &amp; Accessories\",\"publisher\":{\"@id\":\"https:\/\/optimate1.com\/#organization\"},\"potentialAction\":[{\"@type\":\"SearchAction\",\"target\":{\"@type\":\"EntryPoint\",\"urlTemplate\":\"https:\/\/optimate1.com\/?s={search_term_string}\"},\"query-input\":{\"@type\":\"PropertyValueSpecification\",\"valueRequired\":true,\"valueName\":\"search_term_string\"}}],\"inLanguage\":\"fr-FR\"},{\"@type\":\"Organization\",\"@id\":\"https:\/\/optimate1.com\/#organization\",\"name\":\"OptiMate\",\"url\":\"https:\/\/optimate1.com\/\",\"logo\":{\"@type\":\"ImageObject\",\"inLanguage\":\"fr-FR\",\"@id\":\"https:\/\/optimate1.com\/#\/schema\/logo\/image\/\",\"url\":\"https:\/\/optimate1.com\/wp-content\/uploads\/2021\/06\/optimate-hpbc-stacklogo.jpg\",\"contentUrl\":\"https:\/\/optimate1.com\/wp-content\/uploads\/2021\/06\/optimate-hpbc-stacklogo.jpg\",\"width\":1025,\"height\":529,\"caption\":\"OptiMate\"},\"image\":{\"@id\":\"https:\/\/optimate1.com\/#\/schema\/logo\/image\/\"},\"sameAs\":[\"https:\/\/www.facebook.com\/OptiMatebatterysavingcharger\/\"]}]}<\/script>\n<!-- \/ Yoast SEO plugin. -->","yoast_head_json":{"title":"D\u00e9claration de confidentialit\u00e9 - OptiMate","robots":{"index":"index","follow":"follow","max-snippet":"max-snippet:-1","max-image-preview":"max-image-preview:large","max-video-preview":"max-video-preview:-1"},"canonical":"https:\/\/optimate1.com\/privacy-statement\/","og_locale":"fr_FR","og_type":"article","og_title":"D\u00e9claration de confidentialit\u00e9 - OptiMate","og_description":"Tecmate accorde une grande importance \u00e0 la protection de vos donn\u00e9es personnelles et au respect de votre vie priv\u00e9e. Dans la pr\u00e9sente d\u00e9claration de confidentialit\u00e9, nous souhaitons vous apporter des informations claires et transparentes sur les donn\u00e9es que nous collectons et sur la mani\u00e8re dont nous traitons vos donn\u00e9es personnelles. Nous faisons tout pour garantir &hellip; D\u00e9claration de confidentialit\u00e9Read More","og_url":"https:\/\/optimate1.com\/privacy-statement\/","og_site_name":"OptiMate","article_publisher":"https:\/\/www.facebook.com\/OptiMatebatterysavingcharger\/","article_modified_time":"2024-12-11T15:30:33+00:00","og_image":[{"width":612,"height":305,"url":"https:\/\/optimate1.com\/wp-content\/uploads\/2019\/07\/privtable-fr.png","type":"image\/png"}],"twitter_card":"summary_large_image","twitter_misc":{"Dur\u00e9e de lecture estim\u00e9e":"7 minutes"},"schema":{"@context":"https:\/\/schema.org","@graph":[{"@type":"WebPage","@id":"https:\/\/optimate1.com\/privacy-statement\/","url":"https:\/\/optimate1.com\/privacy-statement\/","name":"D\u00e9claration de confidentialit\u00e9 - OptiMate","isPartOf":{"@id":"https:\/\/optimate1.com\/#website"},"primaryImageOfPage":{"@id":"https:\/\/optimate1.com\/privacy-statement\/#primaryimage"},"image":{"@id":"https:\/\/optimate1.com\/privacy-statement\/#primaryimage"},"thumbnailUrl":"https:\/\/optimate1.com\/wp-content\/uploads\/2019\/07\/privtable-fr.png","datePublished":"2019-07-25T18:14:15+00:00","dateModified":"2024-12-11T15:30:33+00:00","breadcrumb":{"@id":"https:\/\/optimate1.com\/privacy-statement\/#breadcrumb"},"inLanguage":"fr-FR","potentialAction":[{"@type":"ReadAction","target":["https:\/\/optimate1.com\/privacy-statement\/"]}]},{"@type":"ImageObject","inLanguage":"fr-FR","@id":"https:\/\/optimate1.com\/privacy-statement\/#primaryimage","url":"https:\/\/optimate1.com\/wp-content\/uploads\/2019\/07\/privtable-fr.png","contentUrl":"https:\/\/optimate1.com\/wp-content\/uploads\/2019\/07\/privtable-fr.png"},{"@type":"BreadcrumbList","@id":"https:\/\/optimate1.com\/privacy-statement\/#breadcrumb","itemListElement":[{"@type":"ListItem","position":1,"name":"Home","item":"https:\/\/optimate1.com\/"},{"@type":"ListItem","position":2,"name":"D\u00e9claration de confidentialit\u00e9"}]},{"@type":"WebSite","@id":"https:\/\/optimate1.com\/#website","url":"https:\/\/optimate1.com\/","name":"OptiMate","description":"Battery Chargers &amp; Accessories","publisher":{"@id":"https:\/\/optimate1.com\/#organization"},"potentialAction":[{"@type":"SearchAction","target":{"@type":"EntryPoint","urlTemplate":"https:\/\/optimate1.com\/?s={search_term_string}"},"query-input":{"@type":"PropertyValueSpecification","valueRequired":true,"valueName":"search_term_string"}}],"inLanguage":"fr-FR"},{"@type":"Organization","@id":"https:\/\/optimate1.com\/#organization","name":"OptiMate","url":"https:\/\/optimate1.com\/","logo":{"@type":"ImageObject","inLanguage":"fr-FR","@id":"https:\/\/optimate1.com\/#\/schema\/logo\/image\/","url":"https:\/\/optimate1.com\/wp-content\/uploads\/2021\/06\/optimate-hpbc-stacklogo.jpg","contentUrl":"https:\/\/optimate1.com\/wp-content\/uploads\/2021\/06\/optimate-hpbc-stacklogo.jpg","width":1025,"height":529,"caption":"OptiMate"},"image":{"@id":"https:\/\/optimate1.com\/#\/schema\/logo\/image\/"},"sameAs":["https:\/\/www.facebook.com\/OptiMatebatterysavingcharger\/"]}]}},"_links":{"self":[{"href":"https:\/\/optimate1.com\/fr\/wp-json\/wp\/v2\/pages\/11633","targetHints":{"allow":["GET"]}}],"collection":[{"href":"https:\/\/optimate1.com\/fr\/wp-json\/wp\/v2\/pages"}],"about":[{"href":"https:\/\/optimate1.com\/fr\/wp-json\/wp\/v2\/types\/page"}],"author":[{"embeddable":true,"href":"https:\/\/optimate1.com\/fr\/wp-json\/wp\/v2\/users\/12"}],"replies":[{"embeddable":true,"href":"https:\/\/optimate1.com\/fr\/wp-json\/wp\/v2\/comments?post=11633"}],"version-history":[{"count":1,"href":"https:\/\/optimate1.com\/fr\/wp-json\/wp\/v2\/pages\/11633\/revisions"}],"predecessor-version":[{"id":38067,"href":"https:\/\/optimate1.com\/fr\/wp-json\/wp\/v2\/pages\/11633\/revisions\/38067"}],"wp:attachment":[{"href":"https:\/\/optimate1.com\/fr\/wp-json\/wp\/v2\/media?parent=11633"}],"curies":[{"name":"wp","href":"https:\/\/api.w.org\/{rel}","templated":true}]}}