{"id":27326,"date":"2021-09-30T06:32:23","date_gmt":"2021-09-30T10:32:23","guid":{"rendered":"https:\/\/optimate1.com\/power-plugs\/"},"modified":"2021-09-30T07:40:28","modified_gmt":"2021-09-30T11:40:28","slug":"power-plugs","status":"publish","type":"page","link":"https:\/\/optimate1.com\/fr\/power-plugs\/","title":{"rendered":"Power plugs"},"content":{"rendered":"<p><img loading=\"lazy\" decoding=\"async\" class=\"alignleft size-full wp-image-19321\" src=\"https:\/\/optimate1.com\/wp-content\/uploads\/2021\/09\/Power-plugs-for-web-copy-2-01.png\" alt=\"\" width=\"1280\" height=\"540\" \/><\/p>\n<p>&nbsp;<\/p>\n<h1>Informations d\u00e9taill\u00e9es sur les fiche<\/h1>\n<p>&nbsp;<\/p>\n\t\t<style>\r\n\t#wps_accordion_pro_27338{\r\n\t\toverflow:hidden;\r\n\t\tdisplay:block;\r\n\t\twidth:100%;\r\n\t\tmargin-bottom:30px;\r\n\t}\r\n\t#accordion_pro_27338 .wpsm_panel-title {\r\n\t\tmargin-top: 0px !important;\r\n\t\tmargin-bottom: 0px !important;\r\n\t\tpadding-top: 0px !important;\r\n\t\tpadding-bottom: 0px !important;\r\n\t}\r\n\t\r\n\t#accordion_pro_27338 .wpsm_panel-title > a{\r\n\t\t\r\n\t\tborder-bottom: 0px !important;\r\n\t\ttext-decoration:none !important;\r\n\t\toutline: none !important;\r\n\t\tbox-shadow:none !important;\r\n\t}\r\n\t#accordion_pro_27338 .ac_title_icon{\r\n\t\tmargin-right:8px;\r\n\t\t\t\t\r\n\t}\r\n\t\r\n\t\r\n\t\/* css files *\/\r\n\tHello\r\n\r\n#accordion_pro_27338 a:hover, #accordion_pro_27338 a:focus{\r\n    outline: none !important;\r\n    text-decoration: none !important;\r\n}\r\n#accordion_pro_27338 .wpsm_panel{\r\n   \t    border: 1px solid #cccccc;\r\n\t    border-radius: 0px !important;\r\n    box-shadow: none !important;\r\n    margin-bottom: 3px !important;\r\n}\r\n#accordion_pro_27338 .wpsm_panel-heading{\r\n    padding: 0 !important;\r\n    border-radius: 0px !important;\r\n    \r\n}\r\n#accordion_pro_27338 .wpsm_panel-title > a{\r\n    display: block !important;\r\n\t    padding: 15px 15px 15px 50px !important;\r\n\t    position: relative !important;\r\n\ttransition:0.4s ease !important;\r\n    color:#ffffff !important;\r\n    background:#1e73be !important;\r\n\tfont-size: 18px !important;\r\n\tbox-shadow:none !important;\r\n\tline-height:1.5 !important;\r\n\tfont-weight:500 !important;\r\n}\r\n#accordion_pro_27338 .wpsm_panel-title > a > i{\r\n\tcolor:#ffffff !important;\r\n}\r\n#accordion_pro_27338 .wpsm_panel-title > a > .ac_title_img_icon{\r\n    \twidth: 18px !important;\r\n\theight: 18px !important;\r\n\tvertical-align: middle !important;\r\n\tmargin-left: 0 !important;\r\n\tmargin-top: 0 !important;\r\n\tmargin-bottom: 0 !important;\r\n}\r\n\r\n#accordion_pro_27338 .wpsm_panel-title > a.collapsed{\r\n    background: #ffffff !important;\r\n\tcolor: #000000 !important;\r\n}\r\n#accordion_pro_27338 .wpsm_panel-title > a.collapsed > i{\r\n    color: #000000 !important;\r\n}\r\n#accordion_pro_27338 .wpsm_panel-title > a:hover{\r\n   color:#ffffff !important;\r\n    background:#1e73be !important;\r\n}\r\n#accordion_pro_27338 .wpsm_panel-title > a:hover i{\r\n   color:#ffffff !important;\r\n}\r\n#accordion_pro_27338 .wpsm_panel-title > a:after,\r\n#accordion_pro_27338 .wpsm_panel-title > a.collapsed:after{\r\n    content: \"\\f068\" !important;\r\n    font-family: FontAwesome !important;\r\n    color: #ffffff !important;\r\n    font-size: 18px !important;\r\n    position: absolute !important;\r\n    top:calc(50% - 25px) !important;\r\n    left:0px !important;\r\n    padding: 14.5px !important;\r\n    line-height:16px !important;\r\n}\r\n#accordion_pro_27338 .wpsm_panel-title > a.collapsed:after{\r\n    content: \"\\f067\" !important;\r\n    color:#000000 !important;\r\n   transition: 0.4s ease !important;\r\n}\r\n#accordion_pro_27338 .wpsm_panel-title > a.collapsed:hover:after{\r\n    color:#ffffff !important;\r\n}\r\n#accordion_pro_27338 .wpsm_panel-body{\r\n\tbackground:#ffffff !important;\r\n\tcolor:#000000 !important;\r\n\tfont-size:16px !important;\r\n\tline-height: 26px !important;\r\n    \r\n    border-top: 1px solid #cccccc !important;\r\n}\r\n\r\n#accordion_pro_27338 .wpsm_panel-body p{\r\n\tcolor:#000000 !important;\r\n\tfont-size:16px !important;\r\n\tline-height: 26px !important;\r\n}\r\n\r\n\r\n\r\n\t\t#accordion_pro_27338 .wpsm_panel-title a, #accordion_pro_27338 .wpsm_panel-title a:hover, #accordion_pro_27338 .wpsm_panel-title a.collapsed, #accordion_pro_27338 .wpsm_panel-title a.collapsed:hover {\r\n\t\t\tbackground-image: none !important;\r\n\t\t}\r\n\t\t\t\t#accordion_pro_27338 .wpsm_panel-title > p{\r\n\t\t    display: block !important;\r\n\t\t\t\t\t    padding: 15px 15px 15px 50px !important;\r\n\t\t\t\t\t    position: relative !important;\r\n\t\t    color:#ffffff !important;\r\n\t\t\ttransition:0.4s ease !important;\r\n\t\t    background:#1e73be !important;\r\n\t\t\tfont-size: 18px !important;\r\n\t\t\tbox-shadow:none !important;\r\n\t\t\tline-height:1.5 !important;\r\n\t\t\tfont-weight:500 !important;\r\n\t\t}\r\n\t\t#accordion_pro_27338 .wpsm_panel-title > p{\r\n\t\t    background: #ffffff !important;\r\n\t\t\tcolor: #000000 !important;\r\n\t\t}\r\n\t\t#offset_27338 .wpsm_panel-title > p{\r\n\t\t\tmargin-bottom: 0;\r\n\t\t\tmargin-top: 0;\r\n\t\t}\r\n?>\t\r\n\t\/* open close icon option *\/\r\n\t\t\r\n\t#accordion_pro_27338 .wpsm_panel {\r\n\t\tbackground-color:transparent !important;\r\n\t\t\t\t\tmargin-bottom:10px !important;\r\n\t\t\t\tmargin-top:0px !important;\r\n\t}\r\n\t#accordion_pro_27338 .collapsing {\r\n\t\ttransition: height 0.6s;\r\n\t}\r\n\t#accordion_pro_27338 .wpsm_panel-body_inner{\r\n\t\toverflow:hidden;\r\n\t\tdisplay:block;\r\n\t\t\r\n\t}\r\n\t\r\n\t\t#accordion_pro_27338 .wpsm_panel-body{\r\n\t\tfont-family:Arial !important;\r\n\t}\r\n\t#accordion_pro_27338 .wpsm_panel-title a{\r\n\t\tfont-family:Arial !important;\r\n\t}\r\n\t\t\t\r\n\t\r\n\t#search_27338{\r\n\t    margin: 40px 0px;\r\n\t    width: 100%;\r\n\t    padding: 15px 12px;\r\n\t    border-radius: 3px;\r\n\t    border: 1px solid #e5e5e5 !important;\r\n\t    background: #fafafa !important;\r\n\t}\r\n\t#search_27338.search_dark{\r\n    background: #464646 !important;\r\n    color: #fff !important;\r\n\t}\r\n\t#search_27338.search_dark::placeholder{\r\n\t\tcolor: #d3d3d3;\r\n\t}\r\n\r\n\t\t\r\n\t<\/style>\r\n\r\n\r\n\t<div id=\"wps_accordion_pro_27338\"  >\r\n\t\t\t  <div class=\"noresults_27338 wpsm_panel-group\" style=\"display: none;\" id=\"accordion_pro_27338\" role=\"tablist\" aria-multiselectable=\"true\">\r\n\t\t  \t<div class=\"wpsm_panel panel\" id=\"offset_27338\">\r\n\t\t\t\t\t<div class=\"wpsm_panel-heading\" role=\"tab\" id=\"heading_27338\">\r\n\t\t\t\t\t\t<h4 class=\"wpsm_panel-title\">\r\n\t\t\t\t\t\t\t<p>No Result<\/p>\r\n\t\t\t\t\t\t<\/h4>\r\n\t\t\t\t\t<\/div>\r\n\t\t\t\t<\/div>\r\n\t\t\t<\/div>\r\n\t\t<div class=\"wpsm_panel-group\" id=\"accordion_pro_27338\" role=\"tablist\" aria-multiselectable=\"true\">\r\n\t\t\t\t\t<div class=\"wpsm_panel panel wpsm_panel-default\" id=\"offset_27338_1\">\r\n\t\t\t\t\t<div class=\"wpsm_panel-heading\" role=\"tab\" id=\"heading_27338_1\">\r\n\t\t\t\t\t\t<h4 class=\"wpsm_panel-title\">\r\n\t\t\t\t\t\t\t<a  role=\"button\"  data-toggle=\"collapse\" data-parent=\"#accordion_pro_27338\" href=\"#collapse_27338_1\" aria-expanded=\"true\" aria-controls=\"collapse_27338_1\">\r\n\t\t\t\t\t\t\t\t\t\t\t\t\t\t\t\t\t\t\t\t\t\t\t\tType A\t\t\t\t\t\t\t\t\r\n\t\t\t\t\t\t\t<\/a>\r\n\t\t\t\t\t\t<\/h4>\r\n\t\t\t\t\t<\/div>\r\n\t\t\t\t\t<div id=\"collapse_27338_1\" class=\"wpsm_panel-collapse collapse in\" role=\"tabwpsm_panel\" aria-labelledby=\"heading_27338_1\">\r\n\t\t\t\t\t\t<div class=\"wpsm_panel-body\">\r\n\t\t\t\t\t\t\t<div id=\"#wpsm_acc_desc_27338_1\" class=\"wpsm_panel-body_inner  animated fadeIn\"><p>Utilis\u00e9e dans les pays suivants\u00a0: Am\u00e9rique du Nord et centrale, Japon<\/p>\r\n<p>La fiche \u00e9lectrique type\u00a0A (fiche \u00e0 lames plates) est une fiche non mise \u00e0 la terre avec deux broches plates et parall\u00e8les. Bien que les fiches am\u00e9ricaines et japonaises semblent identiques, la broche neutre de la fiche am\u00e9ricaine est plus large que la broche sous tension, alors que sur la fiche japonaise, les deux broches ont la m\u00eame taille. Par cons\u00e9quent, les fiches japonaises peuvent \u00eatre utilis\u00e9es aux \u00c9tats-Unis, mais souvent l'inverse est impossible.<\/p>\r\n<p>Les broches des fiches de type\u00a0A ont un trou pr\u00e8s de l'extr\u00e9mit\u00e9 qui s'adapte aux \u00ab\u00a0bosses\u00a0\u00bb que l'on trouve sur les frotteurs de certaines prises, de sorte que les broches sont plus \u00e9troitement maintenues, ce qui permet un meilleur contact et emp\u00eache \u00e9galement la fiche de glisser hors de la prise. Certaines prises sont \u00e9quip\u00e9es de lames \u00e0 ressort qui agrippent les c\u00f4t\u00e9s des broches, rendant les trous obsol\u00e8tes.<\/p>\t\t\t\t\t\t\t<\/div>\r\n\t\t\t\t\t\t\t   \r\n\t\t\t\t\t\t<\/div>\r\n\t\t\t\t\t<\/div>\r\n\t\t\t\t\t\t\t\t\t\t\t\r\n\t\t\t\t<\/div>\r\n\t\t\t\t\t\t\t<div class=\"wpsm_panel panel wpsm_panel-default\" id=\"offset_27338_2\">\r\n\t\t\t\t\t<div class=\"wpsm_panel-heading\" role=\"tab\" id=\"heading_27338_2\">\r\n\t\t\t\t\t\t<h4 class=\"wpsm_panel-title\">\r\n\t\t\t\t\t\t\t<a  role=\"button\" class=collapsed data-toggle=\"collapse\" data-parent=\"#accordion_pro_27338\" href=\"#collapse_27338_2\" aria-expanded=\"true\" aria-controls=\"collapse_27338_2\">\r\n\t\t\t\t\t\t\t\t\t\t\t\t\t\t\t\t\t\t\t\t\t\t\t\tType Anp\t\t\t\t\t\t\t\t\r\n\t\t\t\t\t\t\t<\/a>\r\n\t\t\t\t\t\t<\/h4>\r\n\t\t\t\t\t<\/div>\r\n\t\t\t\t\t<div id=\"collapse_27338_2\" class=\"wpsm_panel-collapse collapse \" role=\"tabwpsm_panel\" aria-labelledby=\"heading_27338_2\">\r\n\t\t\t\t\t\t<div class=\"wpsm_panel-body\">\r\n\t\t\t\t\t\t\t<div id=\"#wpsm_acc_desc_27338_2\" class=\"wpsm_panel-body_inner  animated fadeIn\"><p>Utilis\u00e9e dans les pays suivants\u00a0: Japon<\/p>\r\n<p>La fiche \u00e9lectrique type Anp (ou fiche \u00e0 lames plates) est une fiche non mise \u00e0 la terre avec deux broches plates et parall\u00e8les de la m\u00eame dimension. Il n\u2019y a pas de polarit\u00e9 requise au niveau de la prise, c\u2019est-\u00e0-dire qu\u2019il est possible d\u2019ins\u00e9rer la fiche dans les deux sens. Bien que les fiches am\u00e9ricaines et japonaises semblent identiques, la broche neutre de la fiche am\u00e9ricaine est plus large que la broche sous tension, alors que sur la fiche japonaise, les deux broches ont la m\u00eame taille. Par cons\u00e9quent, les fiches japonaises peuvent \u00eatre utilis\u00e9es aux \u00c9tats-Unis, mais souvent l'inverse est impossible.<\/p>\r\n<p>Les broches des fiches de type\u00a0A ont un trou pr\u00e8s de l'extr\u00e9mit\u00e9 qui s'adapte aux \u00ab\u00a0bosses\u00a0\u00bb que l'on trouve sur les frotteurs de certaines prises, de sorte que les broches sont plus \u00e9troitement maintenues, ce qui permet un meilleur contact et emp\u00eache \u00e9galement la fiche de glisser hors de la prise. Certaines prises sont \u00e9quip\u00e9es de lames \u00e0 ressort qui agrippent les c\u00f4t\u00e9s des broches, rendant les trous obsol\u00e8tes.<\/p>\t\t\t\t\t\t\t<\/div>\r\n\t\t\t\t\t\t\t   \r\n\t\t\t\t\t\t<\/div>\r\n\t\t\t\t\t<\/div>\r\n\t\t\t\t\t\t\t\t\t\t\t\r\n\t\t\t\t<\/div>\r\n\t\t\t\t\t\t\t<div class=\"wpsm_panel panel wpsm_panel-default\" id=\"offset_27338_3\">\r\n\t\t\t\t\t<div class=\"wpsm_panel-heading\" role=\"tab\" id=\"heading_27338_3\">\r\n\t\t\t\t\t\t<h4 class=\"wpsm_panel-title\">\r\n\t\t\t\t\t\t\t<a  role=\"button\" class=collapsed data-toggle=\"collapse\" data-parent=\"#accordion_pro_27338\" href=\"#collapse_27338_3\" aria-expanded=\"true\" aria-controls=\"collapse_27338_3\">\r\n\t\t\t\t\t\t\t\t\t\t\t\t\t\t\t\t\t\t\t\t\t\t\t\tType C\t\t\t\t\t\t\t\t\r\n\t\t\t\t\t\t\t<\/a>\r\n\t\t\t\t\t\t<\/h4>\r\n\t\t\t\t\t<\/div>\r\n\t\t\t\t\t<div id=\"collapse_27338_3\" class=\"wpsm_panel-collapse collapse \" role=\"tabwpsm_panel\" aria-labelledby=\"heading_27338_3\">\r\n\t\t\t\t\t\t<div class=\"wpsm_panel-body\">\r\n\t\t\t\t\t\t\t<div id=\"#wpsm_acc_desc_27338_3\" class=\"wpsm_panel-body_inner  animated fadeIn\"><p>Utilis\u00e9e dans les pays suivants\u00a0: Europe, \u00e0 l'exception du Royaume-Uni, de l'Irlande, de Chypre et de Malte<\/p>\r\n<p>La fiche \u00e9lectrique de type\u00a0C (ou Europlug) est une fiche \u00e0 deux fils qui comporte deux broches rondes. Elle s'adapte \u00e0 toute prise acceptant des contacts ronds de 4,0 \u00e0 4,8\u00a0mm sur des centres de 19\u00a0mm.<\/p>\r\n<p>Les fiches de type\u00a0C sont g\u00e9n\u00e9ralement limit\u00e9es \u00e0 une utilisation pour des appareils qui n\u00e9cessitent 2,5\u00a0amp\u00e8res ou moins.<\/p>\t\t\t\t\t\t\t<\/div>\r\n\t\t\t\t\t\t\t   \r\n\t\t\t\t\t\t<\/div>\r\n\t\t\t\t\t<\/div>\r\n\t\t\t\t\t\t\t\t\t\t\t\r\n\t\t\t\t<\/div>\r\n\t\t\t\t\t\t\t<div class=\"wpsm_panel panel wpsm_panel-default\" id=\"offset_27338_4\">\r\n\t\t\t\t\t<div class=\"wpsm_panel-heading\" role=\"tab\" id=\"heading_27338_4\">\r\n\t\t\t\t\t\t<h4 class=\"wpsm_panel-title\">\r\n\t\t\t\t\t\t\t<a  role=\"button\" class=collapsed data-toggle=\"collapse\" data-parent=\"#accordion_pro_27338\" href=\"#collapse_27338_4\" aria-expanded=\"true\" aria-controls=\"collapse_27338_4\">\r\n\t\t\t\t\t\t\t\t\t\t\t\t\t\t\t\t\t\t\t\t\t\t\t\tType G\t\t\t\t\t\t\t\t\r\n\t\t\t\t\t\t\t<\/a>\r\n\t\t\t\t\t\t<\/h4>\r\n\t\t\t\t\t<\/div>\r\n\t\t\t\t\t<div id=\"collapse_27338_4\" class=\"wpsm_panel-collapse collapse \" role=\"tabwpsm_panel\" aria-labelledby=\"heading_27338_4\">\r\n\t\t\t\t\t\t<div class=\"wpsm_panel-body\">\r\n\t\t\t\t\t\t\t<div id=\"#wpsm_acc_desc_27338_4\" class=\"wpsm_panel-body_inner  animated fadeIn\"><p>Utilis\u00e9e dans les pays suivants\u00a0: Royaume-Uni, Irlande, Chypre, Malte, Malaisie, Singapour, Hong Kong<\/p>\r\n<p>La fiche \u00e9lectrique de type\u00a0G est dot\u00e9e de trois lames rectangulaires dispos\u00e9es en triangle et d'un fusible int\u00e9gr\u00e9 (g\u00e9n\u00e9ralement un fusible de 3\u00a0amp\u00e8res pour les petits appareils comme un ordinateur et un fusible de 13\u00a0amp\u00e8res pour les appareils \u00e0 usage intensif comme les radiateurs). Les prises britanniques sont \u00e9quip\u00e9es d'obturateurs sur les contacts sous tension ou neutres afin d'emp\u00eacher l'introduction de corps \u00e9trangers.<\/p>\t\t\t\t\t\t\t<\/div>\r\n\t\t\t\t\t\t\t   \r\n\t\t\t\t\t\t<\/div>\r\n\t\t\t\t\t<\/div>\r\n\t\t\t\t\t\t\t\t\t\t\t\r\n\t\t\t\t<\/div>\r\n\t\t\t\t\t\t\t<div class=\"wpsm_panel panel wpsm_panel-default\" id=\"offset_27338_5\">\r\n\t\t\t\t\t<div class=\"wpsm_panel-heading\" role=\"tab\" id=\"heading_27338_5\">\r\n\t\t\t\t\t\t<h4 class=\"wpsm_panel-title\">\r\n\t\t\t\t\t\t\t<a  role=\"button\" class=collapsed data-toggle=\"collapse\" data-parent=\"#accordion_pro_27338\" href=\"#collapse_27338_5\" aria-expanded=\"true\" aria-controls=\"collapse_27338_5\">\r\n\t\t\t\t\t\t\t\t\t\t\t\t\t\t\t\t\t\t\t\t\t\t\t\tType I\t\t\t\t\t\t\t\t\r\n\t\t\t\t\t\t\t<\/a>\r\n\t\t\t\t\t\t<\/h4>\r\n\t\t\t\t\t<\/div>\r\n\t\t\t\t\t<div id=\"collapse_27338_5\" class=\"wpsm_panel-collapse collapse \" role=\"tabwpsm_panel\" aria-labelledby=\"heading_27338_5\">\r\n\t\t\t\t\t\t<div class=\"wpsm_panel-body\">\r\n\t\t\t\t\t\t\t<div id=\"#wpsm_acc_desc_27338_5\" class=\"wpsm_panel-body_inner  animated fadeIn\"><p>Utilis\u00e9e dans les pays suivants\u00a0: Australie, Nouvelle-Z\u00e9lande, Papouasie-Nouvelle-Guin\u00e9e, Argentine<\/p>\r\n<p>La fiche de type\u00a0I comporte deux broches plates en forme de V ainsi qu'une broche de mise \u00e0 la terre. Il existe \u00e9galement une version de cette fiche avec seulement deux broches plates. La fiche australienne fonctionne \u00e9galement avec des prises chinoises.<\/p>\r\n<p>Le syst\u00e8me standard australien de fiche\/prise de courant est de 10\u00a0amp\u00e8res, mais il existe \u00e9galement une configuration de fiche\/prise de courant de 15\u00a0amp\u00e8res, bien que la broche de terre soit plus large. Une fiche standard de 10\u00a0amp\u00e8res s'adapte \u00e0 une prise de 15 amp\u00e8res, mais pas l'inverse.<\/p>\t\t\t\t\t\t\t<\/div>\r\n\t\t\t\t\t\t\t   \r\n\t\t\t\t\t\t<\/div>\r\n\t\t\t\t\t<\/div>\r\n\t\t\t\t\t\t\t\t\t\t\t\r\n\t\t\t\t<\/div>\r\n\t\t\t\t\r\n<\/div>\r\n<script>  \r\n\r\n\t\t\r\n\tjQuery(function () {\r\n\t\tjQuery('#accordion_pro_27338').on('shown.bs.collapse', function (e) {\r\n\t\t\tvar id =  jQuery(this).find(\".wpsm_panel-collapse.in\").parent().attr('id');\r\n\t\t\t\r\n\t\t\tvar offset = jQuery('.wpsm_panel.wpsm_panel-default > .wpsm_panel-collapse.in').offset();\r\n\t\t\t if(offset) {\r\n\t\t\t\tjQuery('html,body').animate({\r\n\t\t\t\t\tscrollTop: jQuery('#'+id).offset().top -30\r\n\t\t\t\t}, 800); \r\n\t\t\t}\r\n\t\t});\t\r\n\t}); \r\n\t\t\t\r\n\t\t\t\t\r\n<\/script>\r\n\t\t<\/div>\r\n\r\n\t\r\n\t\r\n\t\t\r\n<script type=\"text\/javascript\">\r\n\r\n\t\tjQuery(document).ready(function(){\r\n\t  jQuery('.noresults_27338').hide();\r\n\t  \r\n\t  jQuery(\"#search_27338\").on(\"keyup\", function() {\r\n\r\n\t  \tvar postID = \"27338\";\r\n\t  \t\r\n\t  \tconsole.log(postID);\r\n\r\n\r\n\r\n\t    var value = jQuery(this).val().toLowerCase();\r\n\t    jQuery(\"#accordion_pro_\" + postID + \" .wpsm_panel-default\").filter(function() {\r\n\t      jQuery(this).toggle(jQuery(this).text().toLowerCase().indexOf(value) > -1)\r\n\t      jQuery('.noresults_' + postID).hide();\r\n\t      \r\n\t      var noResult = true;\r\n\t      jQuery(\"#accordion_pro_\" + postID + \" .wpsm_panel-default\").children('div').each(function () {\r\n\t      \tif (jQuery(this).children(':visible').length != 0) {\r\n\t        \tnoResult = false;\r\n\t        }\r\n\t      });   \r\n\t      if (noResult) {\r\n\t      \tjQuery('.noresults_' + postID).show();\r\n\t      }\r\n\t    });\r\n\t  });\r\n\t});\r\n<\/script>\n","protected":false},"excerpt":{"rendered":"<p>&nbsp; Informations d\u00e9taill\u00e9es sur les fiche &nbsp;<\/p>\n","protected":false},"author":12,"featured_media":0,"parent":0,"menu_order":0,"comment_status":"closed","ping_status":"closed","template":"","meta":{"footnotes":""},"class_list":["post-27326","page","type-page","status-publish","hentry","thunk-woo-product-list","opn-qv-enable","big-store-woo-hover-","open-single-product-tab-horizontal","open-shadow-","open-shadow-hover-"],"yoast_head":"<!-- This site is optimized with the Yoast SEO plugin v27.2 - https:\/\/yoast.com\/product\/yoast-seo-wordpress\/ -->\n<title>Power plugs - OptiMate<\/title>\n<meta name=\"robots\" content=\"index, follow, max-snippet:-1, max-image-preview:large, max-video-preview:-1\" \/>\n<link rel=\"canonical\" href=\"https:\/\/optimate1.com\/power-plugs\/\" \/>\n<meta property=\"og:locale\" content=\"fr_FR\" \/>\n<meta property=\"og:type\" content=\"article\" \/>\n<meta property=\"og:title\" content=\"Power plugs - OptiMate\" \/>\n<meta property=\"og:description\" content=\"&nbsp; Informations d\u00e9taill\u00e9es sur les fiche &nbsp;\" \/>\n<meta property=\"og:url\" content=\"https:\/\/optimate1.com\/power-plugs\/\" \/>\n<meta property=\"og:site_name\" content=\"OptiMate\" \/>\n<meta property=\"article:publisher\" content=\"https:\/\/www.facebook.com\/OptiMatebatterysavingcharger\/\" \/>\n<meta property=\"article:modified_time\" content=\"2021-09-30T11:40:28+00:00\" \/>\n<meta property=\"og:image\" content=\"https:\/\/optimate1.com\/wp-content\/uploads\/2020\/10\/SolarHeader_3Artboard-1@3x-100-1.jpg\" \/>\n\t<meta property=\"og:image:width\" content=\"1200\" \/>\n\t<meta property=\"og:image:height\" content=\"540\" \/>\n\t<meta property=\"og:image:type\" content=\"image\/jpeg\" \/>\n<meta name=\"twitter:card\" content=\"summary_large_image\" \/>\n<script type=\"application\/ld+json\" class=\"yoast-schema-graph\">{\"@context\":\"https:\/\/schema.org\",\"@graph\":[{\"@type\":\"WebPage\",\"@id\":\"https:\/\/optimate1.com\/power-plugs\/\",\"url\":\"https:\/\/optimate1.com\/power-plugs\/\",\"name\":\"Power plugs - OptiMate\",\"isPartOf\":{\"@id\":\"https:\/\/optimate1.com\/#website\"},\"primaryImageOfPage\":{\"@id\":\"https:\/\/optimate1.com\/power-plugs\/#primaryimage\"},\"image\":{\"@id\":\"https:\/\/optimate1.com\/power-plugs\/#primaryimage\"},\"thumbnailUrl\":\"https:\/\/optimate1.com\/wp-content\/uploads\/2021\/09\/Power-plugs-for-web-copy-2-01.png\",\"datePublished\":\"2021-09-30T10:32:23+00:00\",\"dateModified\":\"2021-09-30T11:40:28+00:00\",\"breadcrumb\":{\"@id\":\"https:\/\/optimate1.com\/power-plugs\/#breadcrumb\"},\"inLanguage\":\"fr-FR\",\"potentialAction\":[{\"@type\":\"ReadAction\",\"target\":[\"https:\/\/optimate1.com\/power-plugs\/\"]}]},{\"@type\":\"ImageObject\",\"inLanguage\":\"fr-FR\",\"@id\":\"https:\/\/optimate1.com\/power-plugs\/#primaryimage\",\"url\":\"https:\/\/optimate1.com\/wp-content\/uploads\/2021\/09\/Power-plugs-for-web-copy-2-01.png\",\"contentUrl\":\"https:\/\/optimate1.com\/wp-content\/uploads\/2021\/09\/Power-plugs-for-web-copy-2-01.png\"},{\"@type\":\"BreadcrumbList\",\"@id\":\"https:\/\/optimate1.com\/power-plugs\/#breadcrumb\",\"itemListElement\":[{\"@type\":\"ListItem\",\"position\":1,\"name\":\"Home\",\"item\":\"https:\/\/optimate1.com\/\"},{\"@type\":\"ListItem\",\"position\":2,\"name\":\"Power plugs\"}]},{\"@type\":\"WebSite\",\"@id\":\"https:\/\/optimate1.com\/#website\",\"url\":\"https:\/\/optimate1.com\/\",\"name\":\"OptiMate\",\"description\":\"Battery Chargers &amp; Accessories\",\"publisher\":{\"@id\":\"https:\/\/optimate1.com\/#organization\"},\"potentialAction\":[{\"@type\":\"SearchAction\",\"target\":{\"@type\":\"EntryPoint\",\"urlTemplate\":\"https:\/\/optimate1.com\/?s={search_term_string}\"},\"query-input\":{\"@type\":\"PropertyValueSpecification\",\"valueRequired\":true,\"valueName\":\"search_term_string\"}}],\"inLanguage\":\"fr-FR\"},{\"@type\":\"Organization\",\"@id\":\"https:\/\/optimate1.com\/#organization\",\"name\":\"OptiMate\",\"url\":\"https:\/\/optimate1.com\/\",\"logo\":{\"@type\":\"ImageObject\",\"inLanguage\":\"fr-FR\",\"@id\":\"https:\/\/optimate1.com\/#\/schema\/logo\/image\/\",\"url\":\"https:\/\/optimate1.com\/wp-content\/uploads\/2021\/06\/optimate-hpbc-stacklogo.jpg\",\"contentUrl\":\"https:\/\/optimate1.com\/wp-content\/uploads\/2021\/06\/optimate-hpbc-stacklogo.jpg\",\"width\":1025,\"height\":529,\"caption\":\"OptiMate\"},\"image\":{\"@id\":\"https:\/\/optimate1.com\/#\/schema\/logo\/image\/\"},\"sameAs\":[\"https:\/\/www.facebook.com\/OptiMatebatterysavingcharger\/\"]}]}<\/script>\n<!-- \/ Yoast SEO plugin. -->","yoast_head_json":{"title":"Power plugs - OptiMate","robots":{"index":"index","follow":"follow","max-snippet":"max-snippet:-1","max-image-preview":"max-image-preview:large","max-video-preview":"max-video-preview:-1"},"canonical":"https:\/\/optimate1.com\/power-plugs\/","og_locale":"fr_FR","og_type":"article","og_title":"Power plugs - OptiMate","og_description":"&nbsp; Informations d\u00e9taill\u00e9es sur les fiche &nbsp;","og_url":"https:\/\/optimate1.com\/power-plugs\/","og_site_name":"OptiMate","article_publisher":"https:\/\/www.facebook.com\/OptiMatebatterysavingcharger\/","article_modified_time":"2021-09-30T11:40:28+00:00","og_image":[{"width":1200,"height":540,"url":"https:\/\/optimate1.com\/wp-content\/uploads\/2020\/10\/SolarHeader_3Artboard-1@3x-100-1.jpg","type":"image\/jpeg"}],"twitter_card":"summary_large_image","schema":{"@context":"https:\/\/schema.org","@graph":[{"@type":"WebPage","@id":"https:\/\/optimate1.com\/power-plugs\/","url":"https:\/\/optimate1.com\/power-plugs\/","name":"Power plugs - OptiMate","isPartOf":{"@id":"https:\/\/optimate1.com\/#website"},"primaryImageOfPage":{"@id":"https:\/\/optimate1.com\/power-plugs\/#primaryimage"},"image":{"@id":"https:\/\/optimate1.com\/power-plugs\/#primaryimage"},"thumbnailUrl":"https:\/\/optimate1.com\/wp-content\/uploads\/2021\/09\/Power-plugs-for-web-copy-2-01.png","datePublished":"2021-09-30T10:32:23+00:00","dateModified":"2021-09-30T11:40:28+00:00","breadcrumb":{"@id":"https:\/\/optimate1.com\/power-plugs\/#breadcrumb"},"inLanguage":"fr-FR","potentialAction":[{"@type":"ReadAction","target":["https:\/\/optimate1.com\/power-plugs\/"]}]},{"@type":"ImageObject","inLanguage":"fr-FR","@id":"https:\/\/optimate1.com\/power-plugs\/#primaryimage","url":"https:\/\/optimate1.com\/wp-content\/uploads\/2021\/09\/Power-plugs-for-web-copy-2-01.png","contentUrl":"https:\/\/optimate1.com\/wp-content\/uploads\/2021\/09\/Power-plugs-for-web-copy-2-01.png"},{"@type":"BreadcrumbList","@id":"https:\/\/optimate1.com\/power-plugs\/#breadcrumb","itemListElement":[{"@type":"ListItem","position":1,"name":"Home","item":"https:\/\/optimate1.com\/"},{"@type":"ListItem","position":2,"name":"Power plugs"}]},{"@type":"WebSite","@id":"https:\/\/optimate1.com\/#website","url":"https:\/\/optimate1.com\/","name":"OptiMate","description":"Battery Chargers &amp; Accessories","publisher":{"@id":"https:\/\/optimate1.com\/#organization"},"potentialAction":[{"@type":"SearchAction","target":{"@type":"EntryPoint","urlTemplate":"https:\/\/optimate1.com\/?s={search_term_string}"},"query-input":{"@type":"PropertyValueSpecification","valueRequired":true,"valueName":"search_term_string"}}],"inLanguage":"fr-FR"},{"@type":"Organization","@id":"https:\/\/optimate1.com\/#organization","name":"OptiMate","url":"https:\/\/optimate1.com\/","logo":{"@type":"ImageObject","inLanguage":"fr-FR","@id":"https:\/\/optimate1.com\/#\/schema\/logo\/image\/","url":"https:\/\/optimate1.com\/wp-content\/uploads\/2021\/06\/optimate-hpbc-stacklogo.jpg","contentUrl":"https:\/\/optimate1.com\/wp-content\/uploads\/2021\/06\/optimate-hpbc-stacklogo.jpg","width":1025,"height":529,"caption":"OptiMate"},"image":{"@id":"https:\/\/optimate1.com\/#\/schema\/logo\/image\/"},"sameAs":["https:\/\/www.facebook.com\/OptiMatebatterysavingcharger\/"]}]}},"_links":{"self":[{"href":"https:\/\/optimate1.com\/fr\/wp-json\/wp\/v2\/pages\/27326","targetHints":{"allow":["GET"]}}],"collection":[{"href":"https:\/\/optimate1.com\/fr\/wp-json\/wp\/v2\/pages"}],"about":[{"href":"https:\/\/optimate1.com\/fr\/wp-json\/wp\/v2\/types\/page"}],"author":[{"embeddable":true,"href":"https:\/\/optimate1.com\/fr\/wp-json\/wp\/v2\/users\/12"}],"replies":[{"embeddable":true,"href":"https:\/\/optimate1.com\/fr\/wp-json\/wp\/v2\/comments?post=27326"}],"version-history":[{"count":0,"href":"https:\/\/optimate1.com\/fr\/wp-json\/wp\/v2\/pages\/27326\/revisions"}],"wp:attachment":[{"href":"https:\/\/optimate1.com\/fr\/wp-json\/wp\/v2\/media?parent=27326"}],"curies":[{"name":"wp","href":"https:\/\/api.w.org\/{rel}","templated":true}]}}