{"id":28407,"date":"2021-11-09T08:14:06","date_gmt":"2021-11-09T13:14:06","guid":{"rendered":"https:\/\/optimate1.com\/choosing-charger-series\/"},"modified":"2023-04-25T03:33:22","modified_gmt":"2023-04-25T07:33:22","slug":"comment-choisir-son-chargeur-optimate","status":"publish","type":"page","link":"https:\/\/optimate1.com\/fr\/comment-choisir-son-chargeur-optimate\/","title":{"rendered":"Comment choisir son chargeur OptiMate?"},"content":{"rendered":"\n<table id=\"tablepress-124\" class=\"tablepress tablepress-id-124\">\n<tbody class=\"row-hover\">\n<tr class=\"row-1\">\n\t<td class=\"column-1\"><a href=\"https:\/\/optimate1.com\/bronze\"><img loading=\"lazy\" decoding=\"async\" src=\"https:\/\/optimate1.com\/wp-content\/uploads\/2021\/09\/bronze-corner-xx.png\" alt=\"\" width=\"50\" height=\"50\" class=\"aligncenter size-medium wp-image-20927\" \/><\/a><br \/>\n<\/td><td class=\"column-2\"><body><h6>\ud83d\udee0\ufe0f  Facile<br \/>\n\u2699\ufe0f  Automatique<br \/>\n<img loading=\"lazy\" decoding=\"async\" src=\"https:\/\/optimate1.com\/wp-content\/uploads\/2021\/10\/Blue-voltage-symbol-copy-01.png\" alt=\"\" width=\"20\" height=\"20\" class=\"alignleft size-full wp-image-27872\" srcset=\"https:\/\/optimate1.com\/wp-content\/uploads\/2021\/10\/Blue-voltage-symbol-copy-01.png 71w, https:\/\/optimate1.com\/wp-content\/uploads\/2021\/10\/Blue-voltage-symbol-copy-01-64x64.png 64w\" sizes=\"auto, (max-width: 20px) 100vw, 20px\" \/> Charge &amp; entretien<\/body><\/h6><\/td><td class=\"column-3\"><body><p>Les chargeurs de la s\u00e9rie OptiMate Bronze sont faciles \u00e0 utiliser, seules quelques connaissances de base sont n\u00e9cessaires. Ces chargeurs chargent et maintiennent automatiquement.<br \/>\n<br \/>\nEn savoir plus sur:            <a href=\"https:\/\/optimate1.com\/fr\/bronze-fr\/\" rel=\"noopener\" target=\"_blank\">BRONZE<\/a><\/body><\/p><\/td>\n<\/tr>\n<tr class=\"row-2\">\n\t<td class=\"column-1\"><a href=\"https:\/\/optimate1.com\/silver\"><img loading=\"lazy\" decoding=\"async\" src=\"https:\/\/optimate1.com\/wp-content\/uploads\/2021\/09\/silver-corner-xx.png\" alt=\"\" width=\"50\" height=\"50\" class=\"aligncenter size-medium wp-image-20927\" \/><\/a><\/td><td class=\"column-2\"><body><h6>\ud83d\udee0\ufe0f  Plus intelligent<br \/>\n\u2699\ufe0f  Automatique, plus de fonctionnalit\u00e9s<br \/>\n<img loading=\"lazy\" decoding=\"async\" src=\"https:\/\/optimate1.com\/wp-content\/uploads\/2021\/10\/Blue-voltage-symbol-copy-01.png\" alt=\"\" width=\"20\" height=\"20\" class=\"alignleft size-full wp-image-27872\" srcset=\"https:\/\/optimate1.com\/wp-content\/uploads\/2021\/10\/Blue-voltage-symbol-copy-01.png 71w, https:\/\/optimate1.com\/wp-content\/uploads\/2021\/10\/Blue-voltage-symbol-copy-01-64x64.png 64w\" sizes=\"auto, (max-width: 20px) 100vw, 20px\" \/> \u00c9conomiser, charger &amp; entretenir<\/body><\/h6><\/td><td class=\"column-3\"><body><p>Les chargeurs de la s\u00e9rie OptiMate Silver sont des chargeurs plus intelligents avec plus de puissance et de capacit\u00e9s. Les chargeurs de la s\u00e9rie Silver peuvent d\u00e9sulfater les batteries basse tension et sauver, charger et entretenir automatiquement.<br \/>\n<br \/>\nEn savoir plus sur:            <a href=\"https:\/\/optimate1.com\/fr\/silver-fr\/\" rel=\"noopener\" target=\"_blank\">SILVER<\/a><\/body><\/p><\/td>\n<\/tr>\n<tr class=\"row-3\">\n\t<td class=\"column-1\"><a href=\"https:\/\/optimate1.com\/gold\"><img loading=\"lazy\" decoding=\"async\" src=\"https:\/\/optimate1.com\/wp-content\/uploads\/2021\/09\/GOLD-corner-xx.png\" alt=\"\" width=\"50\" height=\"50\" class=\"aligncenter size-medium wp-image-20927\" \/><\/a><\/td><td class=\"column-2\"><body><h6>\ud83d\udee0\ufe0f  Avanc\u00e9<br \/>\n\u2699\ufe0f  S\u00e9lectionnable, la plupart des fonctions<br \/>\n<img loading=\"lazy\" decoding=\"async\" src=\"https:\/\/optimate1.com\/wp-content\/uploads\/2021\/10\/Blue-voltage-symbol-copy-01.png\" alt=\"\" width=\"20\" height=\"20\" class=\"alignleft size-full wp-image-27872\" srcset=\"https:\/\/optimate1.com\/wp-content\/uploads\/2021\/10\/Blue-voltage-symbol-copy-01.png 71w, https:\/\/optimate1.com\/wp-content\/uploads\/2021\/10\/Blue-voltage-symbol-copy-01-64x64.png 64w\" sizes=\"auto, (max-width: 20px) 100vw, 20px\" \/> Sauvegarder, tester, charger &amp; entretenir<\/body><\/h6><\/td><td class=\"column-3\"><body><p>Les chargeurs de la s\u00e9rie OptiMate Gold sont des chargeurs avanc\u00e9s pour des performances ultimes. Les chargeurs de la s\u00e9rie Gold peuvent d\u00e9sulfater les batteries basse tension et sauver, tester, charger et entretenir automatiquement.<br \/>\n<br \/>\nEn savoir plus sur:            <a href=\"https:\/\/optimate1.com\/fr\/gold-fr\/\" rel=\"noopener\" target=\"_blank\">GOLD<\/a><\/body><\/p><\/td>\n<\/tr>\n<tr class=\"row-4\">\n\t<td class=\"column-1\"><a href=\"https:\/\/optimate1.com\/lithium\"><img loading=\"lazy\" decoding=\"async\" src=\"https:\/\/optimate1.com\/wp-content\/uploads\/2021\/09\/lithium-corner-xx.png\" alt=\"\" width=\"50\" height=\"50\" class=\"aligncenter size-medium wp-image-20927\" \/><\/a><\/td><td class=\"column-2\"><body><h6>\ud83d\udee0\ufe0f  Expert<br \/>\n\u2699\ufe0f  Caract\u00e9ristiques sp\u00e9cifiques, r\u00e9initialisation du BMS<br \/>\n<img loading=\"lazy\" decoding=\"async\" src=\"https:\/\/optimate1.com\/wp-content\/uploads\/2021\/10\/Blue-voltage-symbol-copy-01.png\" alt=\"\" width=\"20\" height=\"20\" class=\"alignleft size-full wp-image-27872\" srcset=\"https:\/\/optimate1.com\/wp-content\/uploads\/2021\/10\/Blue-voltage-symbol-copy-01.png 71w, https:\/\/optimate1.com\/wp-content\/uploads\/2021\/10\/Blue-voltage-symbol-copy-01-64x64.png 64w\" sizes=\"auto, (max-width: 20px) 100vw, 20px\" \/> R\u00e9initialisation, sauvegarde, test, charge &amp; maintenance<\/body><\/h6><\/td><td class=\"column-3\"><body><p>OptiMate a d\u00e9velopp\u00e9 une s\u00e9rie sp\u00e9ciale de chargeurs de batterie au lithium pour les v\u00e9hicules\u00a0! Les batteries au lithium sont des remplacements populaires pour les batteries au plomb plus volumineuses et plus lourdes et ont des besoins de charge diff\u00e9rents.<br \/>\n<br \/>\nEn savoir plus sur:            <a href=\"https:\/\/optimate1.com\/fr\/lithium-ion-lfp\/\" rel=\"noopener\" target=\"_blank\">LITHIUM<\/a><\/body><\/p><\/td>\n<\/tr>\n<tr class=\"row-5\">\n\t<td class=\"column-1\"><a href=\"https:\/\/optimate1.com\/fr\/off-grid-page\/\"><img loading=\"lazy\" decoding=\"async\" src=\"https:\/\/optimate1.com\/wp-content\/uploads\/2021\/09\/off-grid-corner-xx.png\" alt=\"\" width=\"50\" height=\"50\" class=\"aligncenter size-medium wp-image-20927\" \/><\/a><\/td><td class=\"column-2\"><body><h6>\ud83d\udee0\ufe0f  Eco-smart<br \/>\n\u2699\ufe0f  Automatique, fonctionnalit\u00e9s sp\u00e9ciales<br \/>\n<img loading=\"lazy\" decoding=\"async\" src=\"https:\/\/optimate1.com\/wp-content\/uploads\/2021\/10\/Blue-voltage-symbol-copy-01.png\" alt=\"\" width=\"20\" height=\"20\" class=\"alignleft size-full wp-image-27872\" srcset=\"https:\/\/optimate1.com\/wp-content\/uploads\/2021\/10\/Blue-voltage-symbol-copy-01.png 71w, https:\/\/optimate1.com\/wp-content\/uploads\/2021\/10\/Blue-voltage-symbol-copy-01-64x64.png 64w\" sizes=\"auto, (max-width: 20px) 100vw, 20px\" \/> \u00c9conomiser, tester, charger &amp; entretenir<\/body><\/h6><\/td><td class=\"column-3\"><body><p>La s\u00e9rie OptiMate OFF-GRID comprend les produits SOLAR respectueux de l'environnement et nos produits DC-DC basse tension qui sont aliment\u00e9s par une batterie 12V ou un syst\u00e8me de v\u00e9hicule 12V.<br \/>\n<br \/>\nEn savoir plus sur:            <a href=\"https:\/\/optimate1.com\/fr\/solar\/\" rel=\"noopener\" target=\"_blank\">SOLAR<\/a> &amp; <a href=\"https:\/\/optimate1.com\/fr\/optimate-dc-duo-chargeur\/\" rel=\"noopener\" target=\"_blank\">DC-DC<\/a><\/body><\/p><\/td>\n<\/tr>\n<tr class=\"row-6\">\n\t<td class=\"column-1\"><a href=\"https:\/\/optimate1.com\/pro\/\"><img loading=\"lazy\" decoding=\"async\" src=\"https:\/\/optimate1.com\/wp-content\/uploads\/2021\/10\/PRO-corner_x.png\" alt=\"\" width=\"50\" height=\"50\" class=\"aligncenter size-medium wp-image-20927\" \/><\/a><\/td><td class=\"column-2\"><body><h6>\ud83d\udee0\ufe0f  Professionnel<br \/>\n\u2699\ufe0f  S\u00e9lectionnable, caract\u00e9ristiques adapt\u00e9es aux concessionnaires, caract\u00e9ristiques sp\u00e9ciales<br \/>\n<img loading=\"lazy\" decoding=\"async\" src=\"https:\/\/optimate1.com\/wp-content\/uploads\/2021\/10\/Blue-voltage-symbol-copy-01.png\" alt=\"\" width=\"20\" height=\"20\" class=\"alignleft size-full wp-image-27872\" srcset=\"https:\/\/optimate1.com\/wp-content\/uploads\/2021\/10\/Blue-voltage-symbol-copy-01.png 71w, https:\/\/optimate1.com\/wp-content\/uploads\/2021\/10\/Blue-voltage-symbol-copy-01-64x64.png 64w\" sizes=\"auto, (max-width: 20px) 100vw, 20px\" \/> Sauvegarde, charge, test, alimentation \u00e9lectrique<\/body><\/h6><\/td><td class=\"column-3\"><body><p>La s\u00e9rie OptiMate Pro est destin\u00e9e aux utilisateurs professionnels et aux petites embarcations, aux professionnels des machines, aux ateliers de r\u00e9paration et aux d\u00e9taillants de batteries. En plus de charger la batterie, nos chargeurs de la s\u00e9rie Pro sont \u00e9galement con\u00e7us pour le diagnostic des v\u00e9hicules.<br \/>\n<br \/>\nEn savoir plus sur:            <a href=\"https:\/\/optimate1.com\/pro\/\" rel=\"noopener\" target=\"_blank\">PRO<\/a><\/body><\/p><\/td>\n<\/tr>\n<\/tbody>\n<\/table>\n<!-- #tablepress-124 from cache -->\n<p>&nbsp;<\/p>\n","protected":false},"excerpt":{"rendered":"<p>&nbsp;<\/p>\n","protected":false},"author":12,"featured_media":30502,"parent":0,"menu_order":0,"comment_status":"closed","ping_status":"closed","template":"","meta":{"footnotes":""},"class_list":["post-28407","page","type-page","status-publish","has-post-thumbnail","hentry","thunk-woo-product-list","opn-qv-enable","big-store-woo-hover-","open-single-product-tab-horizontal","open-shadow-","open-shadow-hover-"],"yoast_head":"<!-- This site is optimized with the Yoast SEO plugin v27.2 - https:\/\/yoast.com\/product\/yoast-seo-wordpress\/ -->\n<title>Comment choisir son chargeur OptiMate? - OptiMate<\/title>\n<meta name=\"description\" content=\"Vous n&#039;arrivez pas \u00e0 d\u00e9cider quel chargeur OptiMate choisir? Nous vous facilitons d\u00e9sormais la t\u00e2che avec notre s\u00e9rie OptiMate. Regarde!\" \/>\n<meta name=\"robots\" content=\"index, follow, max-snippet:-1, max-image-preview:large, max-video-preview:-1, noarchive\" \/>\n<link rel=\"canonical\" href=\"https:\/\/optimate1.com\/series\/\" \/>\n<meta property=\"og:locale\" content=\"fr_FR\" \/>\n<meta property=\"og:type\" content=\"article\" \/>\n<meta property=\"og:title\" content=\"Comment choisir son chargeur OptiMate? - OptiMate\" \/>\n<meta property=\"og:description\" content=\"Vous n&#039;arrivez pas \u00e0 d\u00e9cider quel chargeur OptiMate choisir? Nous vous facilitons d\u00e9sormais la t\u00e2che avec notre s\u00e9rie OptiMate. Regarde!\" \/>\n<meta property=\"og:url\" content=\"https:\/\/optimate1.com\/series\/\" \/>\n<meta property=\"og:site_name\" content=\"OptiMate\" \/>\n<meta property=\"article:publisher\" content=\"https:\/\/www.facebook.com\/OptiMatebatterysavingcharger\/\" \/>\n<meta property=\"article:modified_time\" content=\"2023-04-25T07:33:22+00:00\" \/>\n<meta property=\"og:image\" content=\"https:\/\/optimate1.com\/wp-content\/uploads\/2022\/08\/BUTTON-SERIES-fr.jpeg\" \/>\n\t<meta property=\"og:image:width\" content=\"270\" \/>\n\t<meta property=\"og:image:height\" content=\"252\" \/>\n\t<meta property=\"og:image:type\" content=\"image\/jpeg\" \/>\n<meta name=\"twitter:card\" content=\"summary_large_image\" \/>\n<meta name=\"twitter:label1\" content=\"Dur\u00e9e de lecture estim\u00e9e\" \/>\n\t<meta name=\"twitter:data1\" content=\"1 minute\" \/>\n<script type=\"application\/ld+json\" class=\"yoast-schema-graph\">{\"@context\":\"https:\/\/schema.org\",\"@graph\":[{\"@type\":\"WebPage\",\"@id\":\"https:\/\/optimate1.com\/series\/\",\"url\":\"https:\/\/optimate1.com\/series\/\",\"name\":\"Comment choisir son chargeur OptiMate? - OptiMate\",\"isPartOf\":{\"@id\":\"https:\/\/optimate1.com\/#website\"},\"primaryImageOfPage\":{\"@id\":\"https:\/\/optimate1.com\/series\/#primaryimage\"},\"image\":{\"@id\":\"https:\/\/optimate1.com\/series\/#primaryimage\"},\"thumbnailUrl\":\"https:\/\/optimate1.com\/wp-content\/uploads\/2022\/08\/BUTTON-SERIES-fr.jpeg\",\"datePublished\":\"2021-11-09T13:14:06+00:00\",\"dateModified\":\"2023-04-25T07:33:22+00:00\",\"description\":\"Vous n'arrivez pas \u00e0 d\u00e9cider quel chargeur OptiMate choisir? Nous vous facilitons d\u00e9sormais la t\u00e2che avec notre s\u00e9rie OptiMate. Regarde!\",\"breadcrumb\":{\"@id\":\"https:\/\/optimate1.com\/series\/#breadcrumb\"},\"inLanguage\":\"fr-FR\",\"potentialAction\":[{\"@type\":\"ReadAction\",\"target\":[\"https:\/\/optimate1.com\/series\/\"]}]},{\"@type\":\"ImageObject\",\"inLanguage\":\"fr-FR\",\"@id\":\"https:\/\/optimate1.com\/series\/#primaryimage\",\"url\":\"https:\/\/optimate1.com\/wp-content\/uploads\/2022\/08\/BUTTON-SERIES-fr.jpeg\",\"contentUrl\":\"https:\/\/optimate1.com\/wp-content\/uploads\/2022\/08\/BUTTON-SERIES-fr.jpeg\",\"width\":270,\"height\":252},{\"@type\":\"BreadcrumbList\",\"@id\":\"https:\/\/optimate1.com\/series\/#breadcrumb\",\"itemListElement\":[{\"@type\":\"ListItem\",\"position\":1,\"name\":\"Home\",\"item\":\"https:\/\/optimate1.com\/\"},{\"@type\":\"ListItem\",\"position\":2,\"name\":\"Comment choisir son chargeur OptiMate?\"}]},{\"@type\":\"WebSite\",\"@id\":\"https:\/\/optimate1.com\/#website\",\"url\":\"https:\/\/optimate1.com\/\",\"name\":\"OptiMate\",\"description\":\"Battery Chargers &amp; Accessories\",\"publisher\":{\"@id\":\"https:\/\/optimate1.com\/#organization\"},\"potentialAction\":[{\"@type\":\"SearchAction\",\"target\":{\"@type\":\"EntryPoint\",\"urlTemplate\":\"https:\/\/optimate1.com\/?s={search_term_string}\"},\"query-input\":{\"@type\":\"PropertyValueSpecification\",\"valueRequired\":true,\"valueName\":\"search_term_string\"}}],\"inLanguage\":\"fr-FR\"},{\"@type\":\"Organization\",\"@id\":\"https:\/\/optimate1.com\/#organization\",\"name\":\"OptiMate\",\"url\":\"https:\/\/optimate1.com\/\",\"logo\":{\"@type\":\"ImageObject\",\"inLanguage\":\"fr-FR\",\"@id\":\"https:\/\/optimate1.com\/#\/schema\/logo\/image\/\",\"url\":\"https:\/\/optimate1.com\/wp-content\/uploads\/2021\/06\/optimate-hpbc-stacklogo.jpg\",\"contentUrl\":\"https:\/\/optimate1.com\/wp-content\/uploads\/2021\/06\/optimate-hpbc-stacklogo.jpg\",\"width\":1025,\"height\":529,\"caption\":\"OptiMate\"},\"image\":{\"@id\":\"https:\/\/optimate1.com\/#\/schema\/logo\/image\/\"},\"sameAs\":[\"https:\/\/www.facebook.com\/OptiMatebatterysavingcharger\/\"]}]}<\/script>\n<!-- \/ Yoast SEO plugin. -->","yoast_head_json":{"title":"Comment choisir son chargeur OptiMate? - OptiMate","description":"Vous n'arrivez pas \u00e0 d\u00e9cider quel chargeur OptiMate choisir? Nous vous facilitons d\u00e9sormais la t\u00e2che avec notre s\u00e9rie OptiMate. Regarde!","robots":{"index":"index","follow":"follow","max-snippet":"max-snippet:-1","max-image-preview":"max-image-preview:large","max-video-preview":"max-video-preview:-1","archive":"noarchive"},"canonical":"https:\/\/optimate1.com\/series\/","og_locale":"fr_FR","og_type":"article","og_title":"Comment choisir son chargeur OptiMate? - OptiMate","og_description":"Vous n'arrivez pas \u00e0 d\u00e9cider quel chargeur OptiMate choisir? Nous vous facilitons d\u00e9sormais la t\u00e2che avec notre s\u00e9rie OptiMate. Regarde!","og_url":"https:\/\/optimate1.com\/series\/","og_site_name":"OptiMate","article_publisher":"https:\/\/www.facebook.com\/OptiMatebatterysavingcharger\/","article_modified_time":"2023-04-25T07:33:22+00:00","og_image":[{"width":270,"height":252,"url":"https:\/\/optimate1.com\/wp-content\/uploads\/2022\/08\/BUTTON-SERIES-fr.jpeg","type":"image\/jpeg"}],"twitter_card":"summary_large_image","twitter_misc":{"Dur\u00e9e de lecture estim\u00e9e":"1 minute"},"schema":{"@context":"https:\/\/schema.org","@graph":[{"@type":"WebPage","@id":"https:\/\/optimate1.com\/series\/","url":"https:\/\/optimate1.com\/series\/","name":"Comment choisir son chargeur OptiMate? - OptiMate","isPartOf":{"@id":"https:\/\/optimate1.com\/#website"},"primaryImageOfPage":{"@id":"https:\/\/optimate1.com\/series\/#primaryimage"},"image":{"@id":"https:\/\/optimate1.com\/series\/#primaryimage"},"thumbnailUrl":"https:\/\/optimate1.com\/wp-content\/uploads\/2022\/08\/BUTTON-SERIES-fr.jpeg","datePublished":"2021-11-09T13:14:06+00:00","dateModified":"2023-04-25T07:33:22+00:00","description":"Vous n'arrivez pas \u00e0 d\u00e9cider quel chargeur OptiMate choisir? Nous vous facilitons d\u00e9sormais la t\u00e2che avec notre s\u00e9rie OptiMate. Regarde!","breadcrumb":{"@id":"https:\/\/optimate1.com\/series\/#breadcrumb"},"inLanguage":"fr-FR","potentialAction":[{"@type":"ReadAction","target":["https:\/\/optimate1.com\/series\/"]}]},{"@type":"ImageObject","inLanguage":"fr-FR","@id":"https:\/\/optimate1.com\/series\/#primaryimage","url":"https:\/\/optimate1.com\/wp-content\/uploads\/2022\/08\/BUTTON-SERIES-fr.jpeg","contentUrl":"https:\/\/optimate1.com\/wp-content\/uploads\/2022\/08\/BUTTON-SERIES-fr.jpeg","width":270,"height":252},{"@type":"BreadcrumbList","@id":"https:\/\/optimate1.com\/series\/#breadcrumb","itemListElement":[{"@type":"ListItem","position":1,"name":"Home","item":"https:\/\/optimate1.com\/"},{"@type":"ListItem","position":2,"name":"Comment choisir son chargeur OptiMate?"}]},{"@type":"WebSite","@id":"https:\/\/optimate1.com\/#website","url":"https:\/\/optimate1.com\/","name":"OptiMate","description":"Battery Chargers &amp; Accessories","publisher":{"@id":"https:\/\/optimate1.com\/#organization"},"potentialAction":[{"@type":"SearchAction","target":{"@type":"EntryPoint","urlTemplate":"https:\/\/optimate1.com\/?s={search_term_string}"},"query-input":{"@type":"PropertyValueSpecification","valueRequired":true,"valueName":"search_term_string"}}],"inLanguage":"fr-FR"},{"@type":"Organization","@id":"https:\/\/optimate1.com\/#organization","name":"OptiMate","url":"https:\/\/optimate1.com\/","logo":{"@type":"ImageObject","inLanguage":"fr-FR","@id":"https:\/\/optimate1.com\/#\/schema\/logo\/image\/","url":"https:\/\/optimate1.com\/wp-content\/uploads\/2021\/06\/optimate-hpbc-stacklogo.jpg","contentUrl":"https:\/\/optimate1.com\/wp-content\/uploads\/2021\/06\/optimate-hpbc-stacklogo.jpg","width":1025,"height":529,"caption":"OptiMate"},"image":{"@id":"https:\/\/optimate1.com\/#\/schema\/logo\/image\/"},"sameAs":["https:\/\/www.facebook.com\/OptiMatebatterysavingcharger\/"]}]}},"_links":{"self":[{"href":"https:\/\/optimate1.com\/fr\/wp-json\/wp\/v2\/pages\/28407","targetHints":{"allow":["GET"]}}],"collection":[{"href":"https:\/\/optimate1.com\/fr\/wp-json\/wp\/v2\/pages"}],"about":[{"href":"https:\/\/optimate1.com\/fr\/wp-json\/wp\/v2\/types\/page"}],"author":[{"embeddable":true,"href":"https:\/\/optimate1.com\/fr\/wp-json\/wp\/v2\/users\/12"}],"replies":[{"embeddable":true,"href":"https:\/\/optimate1.com\/fr\/wp-json\/wp\/v2\/comments?post=28407"}],"version-history":[{"count":4,"href":"https:\/\/optimate1.com\/fr\/wp-json\/wp\/v2\/pages\/28407\/revisions"}],"predecessor-version":[{"id":32567,"href":"https:\/\/optimate1.com\/fr\/wp-json\/wp\/v2\/pages\/28407\/revisions\/32567"}],"wp:featuredmedia":[{"embeddable":true,"href":"https:\/\/optimate1.com\/fr\/wp-json\/wp\/v2\/media\/30502"}],"wp:attachment":[{"href":"https:\/\/optimate1.com\/fr\/wp-json\/wp\/v2\/media?parent=28407"}],"curies":[{"name":"wp","href":"https:\/\/api.w.org\/{rel}","templated":true}]}}