{"id":34741,"date":"2023-11-02T11:46:06","date_gmt":"2023-11-02T15:46:06","guid":{"rendered":"https:\/\/optimate1.com\/stockage-et-chargement-en-toute-securite-protegez-la-batterie-de-votre-velo-electrique-avec-les-chargeurs-de-batterie-optimate\/"},"modified":"2023-11-03T05:50:09","modified_gmt":"2023-11-03T09:50:09","slug":"stockage-et-chargement-en-toute-securite-protegez-la-batterie-de-votre-velo-electrique-avec-les-chargeurs-de-batterie-optimate","status":"publish","type":"page","link":"https:\/\/optimate1.com\/fr\/stockage-et-chargement-en-toute-securite-protegez-la-batterie-de-votre-velo-electrique-avec-les-chargeurs-de-batterie-optimate\/","title":{"rendered":"Stockage et chargement en toute s\u00e9curit\u00e9: prot\u00e9gez la batterie de votre v\u00e9lo \u00e9lectrique avec les chargeurs de batterie OptiMate"},"content":{"rendered":"<p><img loading=\"lazy\" decoding=\"async\" class=\"alignleft wp-image-19321 size-full\" src=\"https:\/\/optimate1.com\/wp-content\/uploads\/2023\/04\/Car-Battery-Charger-banner_9-copy-3.png\" alt=\"\" width=\"1280\" height=\"540\" \/><\/p>\n<h2><\/h2>\n<p style=\"text-align: center; font-size: 30px;\"><strong>Stockage et chargement en toute s\u00e9curit\u00e9: prot\u00e9gez la batterie de votre v\u00e9lo \u00e9lectrique avec les chargeurs de batterie OptiMate<\/strong><\/p>\n<p><strong>Les produits de chargeurs de batterie haute performance OptiMate comprennent des chargeurs intelligents innovants avec s\u00e9lection par l&#8217;utilisateur pour une dur\u00e9e de vie plus longue, plus de puissance et un mode veille pour un stockage s\u00fbr \u00e0 long terme, ainsi que des connecteurs et une surveillance intelligente de la batterie.<br \/>\nNotre objectif est de fournir aux utilisateurs de v\u00e9los \u00e9lectriques un moyen tr\u00e8s s\u00fbr, fiable et efficace de charger et de prolonger la dur\u00e9e de vie de la batterie de leur v\u00e9lo \u00e9lectrique, qu&#8217;ils se rendent au travail, qu&#8217;ils effectuent un trajet longue distance ou qu&#8217;ils placent le v\u00e9lo. en stockage pendant l\u2019hiver. Notre approche innovante \u00e9limine la peur d&#8217;une charge non supervis\u00e9e et \u00e9limine les probl\u00e8mes de performances de la batterie.<br \/>\nOptiMate souhaite s&#8217;associer aux fabricants et distributeurs de v\u00e9los \u00e9lectriques pour r\u00e9pondre \u00e0 la demande croissante de recharge s\u00fbre et non supervis\u00e9e et d&#8217;entretien correct \u00e0 long terme des batteries de v\u00e9los \u00e9lectriques.<\/strong><\/p>\n<p>Avec la technologie de charge OptiMate, nous nous concentrons principalement sur 3 types de batteries Li-ion:<br \/>\nOxyde de lithium-mangan\u00e8se (LMO), oxyde de lithium-cobalt (LCO) et oxyde de lithium-nickel-mangan\u00e8se-cobalt (NMC), avec une tension nominale par cellule de 3.6V-3.7V et avec une tension de charge maximale de 4.2V par cellule. Les batteries NMC sont les batteries les plus populaires pour les v\u00e9los \u00e9lectriques.<\/p>\n<p>&nbsp;<\/p>\n<p><img loading=\"lazy\" decoding=\"async\" class=\"alignleft wp-image-19321 size-full\" src=\"https:\/\/optimate1.com\/wp-content\/uploads\/2023\/04\/Car-Battery-Charger-banner_9-copy-12.png\" alt=\"\" width=\"1280\" height=\"340\" \/><\/p>\n<h2>Contr\u00f4le de la temp\u00e9rature: pourquoi c&#8217;est important<\/h2>\n<p>Les batteries au lithium peuvent \u00eatre d\u00e9charg\u00e9es sur une large plage de temp\u00e9ratures, mais ce n\u2019est pas une bonne id\u00e9e de les charger \u00e0 des temp\u00e9ratures extr\u00eames. Le froid et la chaleur extr\u00eames r\u00e9duisent l&#8217;acceptation de la charge. La plage de performances optimale de la batterie se situe entre 10\u00b0C et 30\u00b0C, avec la plage de charge id\u00e9ale entre 0\u00b0C et 40\u00b0C.<\/p>\n<p>&#8211; 20\u00b0C et moins: gratuit<\/p>\n<p>&#8211; 20\u00b0C \u00e0 &#8211; 10\u00b0C: charge \u00e0 25% de courant<\/p>\n<p>&#8211; 10\u00b0C \u00e0 0\u00b0C: charge \u00e0 50% de courant<\/p>\n<p>0\u00b0C \u00e0 40\u00b0C: charge \u00e0 100% de courant<\/p>\n<p>40\u00b0C \u00e0 50\u00b0C: charge \u00e0 50% de courant<\/p>\n<p>50\u00b0C \u00e0 55\u00b0C: charge \u00e0 25% de courant<\/p>\n<p>55\u00b0C et plus: gratuit<\/p>\n<p><img decoding=\"async\" src=\"https:\/\/optimate1.com\/wp-content\/uploads\/2023\/04\/Car-Battery-Charger-banner_9-copy-10.png\" \/><\/p>\n<p>Les chargeurs intelligents innovants OptiMate sont dot\u00e9s de <strong>fonctionnalit\u00e9s avanc\u00e9es<\/strong> pour r\u00e9cup\u00e9rer en toute s\u00e9curit\u00e9 les batteries avec moins de 40% de charge. La s\u00e9curit\u00e9 pendant le chargement est essentielle pour \u00e9viter que votre batterie ne soit surcharg\u00e9e ou sous-charg\u00e9e. Les deux endommageront votre batterie et r\u00e9duiront sa dur\u00e9e de vie.<\/p>\n<p><img loading=\"lazy\" decoding=\"async\" class=\"alignleft wp-image-19321 size-full\" src=\"https:\/\/optimate1.com\/wp-content\/uploads\/2023\/04\/charge-wait-algorithm-copy.png\" alt=\"\" width=\"1280\" height=\"340\" \/><\/p>\n<p>&nbsp;<\/p>\n<p>OptiMate propose \u00e9galement une gamme de connecteurs et de c\u00e2bles adaptateurs pour s&#8217;adapter \u00e0 la batterie de votre v\u00e9lo \u00e9lectrique.<\/p>\n<p><img loading=\"lazy\" decoding=\"async\" class=\"alignleft wp-image-19321 size-full\" src=\"https:\/\/optimate1.com\/wp-content\/uploads\/2023\/05\/Car-Battery-Charger-banner_9-copy-13.png\" alt=\"\" width=\"1280\" height=\"340\" \/><\/p>\n<p>Un moniteur de s\u00e9curit\u00e9 qui peut \u00eatre mont\u00e9 entre la batterie et n&#8217;importe quel chargeur de batterie, peut surveiller la charge de la batterie \u00e0 tout moment. Si une cellule endommag\u00e9e est d\u00e9tect\u00e9e, le chargeur arr\u00eatera automatiquement la charge pour \u00e9viter une surchauffe ou des dommages suppl\u00e9mentaires \u00e0 votre batterie. Gr\u00e2ce \u00e0 ces caract\u00e9ristiques de s\u00e9curit\u00e9, vous pouvez faire confiance \u00e0 OptiMate pour garder la batterie de votre v\u00e9lo \u00e9lectrique en s\u00e9curit\u00e9 et en excellent \u00e9tat.<\/p>\n<p><img loading=\"lazy\" decoding=\"async\" class=\"alignleft wp-image-19321 size-full\" src=\"https:\/\/optimate1.com\/wp-content\/uploads\/2023\/05\/Car-Battery-Charger-banner_9-copy-14.png\" alt=\"\" width=\"1280\" height=\"340\" \/><\/p>\n<p>En r\u00e9sum\u00e9, si vous souhaitez assurer la s\u00e9curit\u00e9 et la long\u00e9vit\u00e9 de votre batterie Lithium-Ion pour votre v\u00e9lo \u00e9lectrique, alors vous \u00eates au bon endroit chez OptiMate! Avec leurs fonctionnalit\u00e9s avanc\u00e9es, leurs fonctions de s\u00e9curit\u00e9 et leurs tests rigoureux, les chargeurs de batterie OptiMate sont le choix intelligent pour tout propri\u00e9taire de v\u00e9lo \u00e9lectrique cherchant \u00e0 tirer le meilleur parti de son investissement.<\/p>\n<h6 style=\"text-align: center;\">Copyright 2023. TecMate International<\/h6>\n","protected":false},"excerpt":{"rendered":"<p>Stockage et chargement en toute s\u00e9curit\u00e9: prot\u00e9gez la batterie de votre v\u00e9lo \u00e9lectrique avec les chargeurs de batterie OptiMate Les produits de chargeurs de batterie haute performance OptiMate comprennent des chargeurs intelligents innovants avec s\u00e9lection par l&#8217;utilisateur pour une dur\u00e9e de vie plus longue, plus de puissance et un mode veille pour un stockage s\u00fbr &hellip;<\/p>\n<p class=\"read-more\"> <a class=\" thunk-readmore button \" href=\"https:\/\/optimate1.com\/fr\/stockage-et-chargement-en-toute-securite-protegez-la-batterie-de-votre-velo-electrique-avec-les-chargeurs-de-batterie-optimate\/\"> <span class=\"screen-reader-text\">Stockage et chargement en toute s\u00e9curit\u00e9: prot\u00e9gez la batterie de votre v\u00e9lo \u00e9lectrique avec les chargeurs de batterie OptiMate<\/span>Read More<\/a><\/p>\n","protected":false},"author":12,"featured_media":34733,"parent":0,"menu_order":0,"comment_status":"closed","ping_status":"closed","template":"","meta":{"footnotes":""},"class_list":["post-34741","page","type-page","status-publish","has-post-thumbnail","hentry","thunk-woo-product-list","opn-qv-enable","big-store-woo-hover-","open-single-product-tab-horizontal","open-shadow-","open-shadow-hover-"],"yoast_head":"<!-- This site is optimized with the Yoast SEO plugin v27.4 - https:\/\/yoast.com\/product\/yoast-seo-wordpress\/ -->\n<title>Stockage et chargement en toute s\u00e9curit\u00e9: prot\u00e9gez la batterie de votre v\u00e9lo \u00e9lectrique avec les chargeurs de batterie OptiMate - OptiMate<\/title>\n<meta name=\"description\" content=\"Stockage et chargement en toute s\u00e9curit\u00e9: prot\u00e9gez la batterie de votre v\u00e9lo \u00e9lectrique avec les chargeurs de batterie OptiMate.\" \/>\n<meta name=\"robots\" content=\"index, follow, max-snippet:-1, max-image-preview:large, max-video-preview:-1, noarchive\" \/>\n<link rel=\"canonical\" href=\"https:\/\/optimate1.com\/electric-bike-charger\/\" \/>\n<meta property=\"og:locale\" content=\"fr_FR\" \/>\n<meta property=\"og:type\" content=\"article\" \/>\n<meta property=\"og:title\" content=\"Stockage et chargement en toute s\u00e9curit\u00e9: prot\u00e9gez la batterie de votre v\u00e9lo \u00e9lectrique avec les chargeurs de batterie OptiMate - OptiMate\" \/>\n<meta property=\"og:description\" content=\"Stockage et chargement en toute s\u00e9curit\u00e9: prot\u00e9gez la batterie de votre v\u00e9lo \u00e9lectrique avec les chargeurs de batterie OptiMate.\" \/>\n<meta property=\"og:url\" content=\"https:\/\/optimate1.com\/electric-bike-charger\/\" \/>\n<meta property=\"og:site_name\" content=\"OptiMate\" \/>\n<meta property=\"article:publisher\" content=\"https:\/\/www.facebook.com\/OptiMatebatterysavingcharger\/\" \/>\n<meta property=\"article:modified_time\" content=\"2023-11-03T09:50:09+00:00\" \/>\n<meta property=\"og:image\" content=\"https:\/\/optimate1.com\/wp-content\/uploads\/2023\/11\/Ebike-FR.png\" \/>\n\t<meta property=\"og:image:width\" content=\"1080\" \/>\n\t<meta property=\"og:image:height\" content=\"1080\" \/>\n\t<meta property=\"og:image:type\" content=\"image\/png\" \/>\n<meta name=\"twitter:card\" content=\"summary_large_image\" \/>\n<meta name=\"twitter:label1\" content=\"Dur\u00e9e de lecture estim\u00e9e\" \/>\n\t<meta name=\"twitter:data1\" content=\"4 minutes\" \/>\n<script type=\"application\/ld+json\" class=\"yoast-schema-graph\">{\"@context\":\"https:\\\/\\\/schema.org\",\"@graph\":[{\"@type\":\"WebPage\",\"@id\":\"https:\\\/\\\/optimate1.com\\\/electric-bike-charger\\\/\",\"url\":\"https:\\\/\\\/optimate1.com\\\/electric-bike-charger\\\/\",\"name\":\"Stockage et chargement en toute s\u00e9curit\u00e9: prot\u00e9gez la batterie de votre v\u00e9lo \u00e9lectrique avec les chargeurs de batterie OptiMate - OptiMate\",\"isPartOf\":{\"@id\":\"https:\\\/\\\/optimate1.com\\\/#website\"},\"primaryImageOfPage\":{\"@id\":\"https:\\\/\\\/optimate1.com\\\/electric-bike-charger\\\/#primaryimage\"},\"image\":{\"@id\":\"https:\\\/\\\/optimate1.com\\\/electric-bike-charger\\\/#primaryimage\"},\"thumbnailUrl\":\"https:\\\/\\\/optimate1.com\\\/wp-content\\\/uploads\\\/2023\\\/11\\\/Ebike-FR.png\",\"datePublished\":\"2023-11-02T15:46:06+00:00\",\"dateModified\":\"2023-11-03T09:50:09+00:00\",\"description\":\"Stockage et chargement en toute s\u00e9curit\u00e9: prot\u00e9gez la batterie de votre v\u00e9lo \u00e9lectrique avec les chargeurs de batterie OptiMate.\",\"breadcrumb\":{\"@id\":\"https:\\\/\\\/optimate1.com\\\/electric-bike-charger\\\/#breadcrumb\"},\"inLanguage\":\"fr-FR\",\"potentialAction\":[{\"@type\":\"ReadAction\",\"target\":[\"https:\\\/\\\/optimate1.com\\\/electric-bike-charger\\\/\"]}]},{\"@type\":\"ImageObject\",\"inLanguage\":\"fr-FR\",\"@id\":\"https:\\\/\\\/optimate1.com\\\/electric-bike-charger\\\/#primaryimage\",\"url\":\"https:\\\/\\\/optimate1.com\\\/wp-content\\\/uploads\\\/2023\\\/11\\\/Ebike-FR.png\",\"contentUrl\":\"https:\\\/\\\/optimate1.com\\\/wp-content\\\/uploads\\\/2023\\\/11\\\/Ebike-FR.png\",\"width\":1080,\"height\":1080},{\"@type\":\"BreadcrumbList\",\"@id\":\"https:\\\/\\\/optimate1.com\\\/electric-bike-charger\\\/#breadcrumb\",\"itemListElement\":[{\"@type\":\"ListItem\",\"position\":1,\"name\":\"Home\",\"item\":\"https:\\\/\\\/optimate1.com\\\/\"},{\"@type\":\"ListItem\",\"position\":2,\"name\":\"Optimisez la dur\u00e9e de vie de la batterie de votre v\u00e9lo \u00e9lectrique avec les chargeurs de batterie OptiMate\"}]},{\"@type\":\"WebSite\",\"@id\":\"https:\\\/\\\/optimate1.com\\\/#website\",\"url\":\"https:\\\/\\\/optimate1.com\\\/\",\"name\":\"OptiMate\",\"description\":\"Battery Chargers &amp; Accessories\",\"publisher\":{\"@id\":\"https:\\\/\\\/optimate1.com\\\/#organization\"},\"potentialAction\":[{\"@type\":\"SearchAction\",\"target\":{\"@type\":\"EntryPoint\",\"urlTemplate\":\"https:\\\/\\\/optimate1.com\\\/?s={search_term_string}\"},\"query-input\":{\"@type\":\"PropertyValueSpecification\",\"valueRequired\":true,\"valueName\":\"search_term_string\"}}],\"inLanguage\":\"fr-FR\"},{\"@type\":\"Organization\",\"@id\":\"https:\\\/\\\/optimate1.com\\\/#organization\",\"name\":\"OptiMate\",\"url\":\"https:\\\/\\\/optimate1.com\\\/\",\"logo\":{\"@type\":\"ImageObject\",\"inLanguage\":\"fr-FR\",\"@id\":\"https:\\\/\\\/optimate1.com\\\/#\\\/schema\\\/logo\\\/image\\\/\",\"url\":\"https:\\\/\\\/optimate1.com\\\/wp-content\\\/uploads\\\/2021\\\/06\\\/optimate-hpbc-stacklogo.jpg\",\"contentUrl\":\"https:\\\/\\\/optimate1.com\\\/wp-content\\\/uploads\\\/2021\\\/06\\\/optimate-hpbc-stacklogo.jpg\",\"width\":1025,\"height\":529,\"caption\":\"OptiMate\"},\"image\":{\"@id\":\"https:\\\/\\\/optimate1.com\\\/#\\\/schema\\\/logo\\\/image\\\/\"},\"sameAs\":[\"https:\\\/\\\/www.facebook.com\\\/OptiMatebatterysavingcharger\\\/\"]}]}<\/script>\n<!-- \/ Yoast SEO plugin. -->","yoast_head_json":{"title":"Stockage et chargement en toute s\u00e9curit\u00e9: prot\u00e9gez la batterie de votre v\u00e9lo \u00e9lectrique avec les chargeurs de batterie OptiMate - OptiMate","description":"Stockage et chargement en toute s\u00e9curit\u00e9: prot\u00e9gez la batterie de votre v\u00e9lo \u00e9lectrique avec les chargeurs de batterie OptiMate.","robots":{"index":"index","follow":"follow","max-snippet":"max-snippet:-1","max-image-preview":"max-image-preview:large","max-video-preview":"max-video-preview:-1","archive":"noarchive"},"canonical":"https:\/\/optimate1.com\/electric-bike-charger\/","og_locale":"fr_FR","og_type":"article","og_title":"Stockage et chargement en toute s\u00e9curit\u00e9: prot\u00e9gez la batterie de votre v\u00e9lo \u00e9lectrique avec les chargeurs de batterie OptiMate - OptiMate","og_description":"Stockage et chargement en toute s\u00e9curit\u00e9: prot\u00e9gez la batterie de votre v\u00e9lo \u00e9lectrique avec les chargeurs de batterie OptiMate.","og_url":"https:\/\/optimate1.com\/electric-bike-charger\/","og_site_name":"OptiMate","article_publisher":"https:\/\/www.facebook.com\/OptiMatebatterysavingcharger\/","article_modified_time":"2023-11-03T09:50:09+00:00","og_image":[{"width":1080,"height":1080,"url":"https:\/\/optimate1.com\/wp-content\/uploads\/2023\/11\/Ebike-FR.png","type":"image\/png"}],"twitter_card":"summary_large_image","twitter_misc":{"Dur\u00e9e de lecture estim\u00e9e":"4 minutes"},"schema":{"@context":"https:\/\/schema.org","@graph":[{"@type":"WebPage","@id":"https:\/\/optimate1.com\/electric-bike-charger\/","url":"https:\/\/optimate1.com\/electric-bike-charger\/","name":"Stockage et chargement en toute s\u00e9curit\u00e9: prot\u00e9gez la batterie de votre v\u00e9lo \u00e9lectrique avec les chargeurs de batterie OptiMate - OptiMate","isPartOf":{"@id":"https:\/\/optimate1.com\/#website"},"primaryImageOfPage":{"@id":"https:\/\/optimate1.com\/electric-bike-charger\/#primaryimage"},"image":{"@id":"https:\/\/optimate1.com\/electric-bike-charger\/#primaryimage"},"thumbnailUrl":"https:\/\/optimate1.com\/wp-content\/uploads\/2023\/11\/Ebike-FR.png","datePublished":"2023-11-02T15:46:06+00:00","dateModified":"2023-11-03T09:50:09+00:00","description":"Stockage et chargement en toute s\u00e9curit\u00e9: prot\u00e9gez la batterie de votre v\u00e9lo \u00e9lectrique avec les chargeurs de batterie OptiMate.","breadcrumb":{"@id":"https:\/\/optimate1.com\/electric-bike-charger\/#breadcrumb"},"inLanguage":"fr-FR","potentialAction":[{"@type":"ReadAction","target":["https:\/\/optimate1.com\/electric-bike-charger\/"]}]},{"@type":"ImageObject","inLanguage":"fr-FR","@id":"https:\/\/optimate1.com\/electric-bike-charger\/#primaryimage","url":"https:\/\/optimate1.com\/wp-content\/uploads\/2023\/11\/Ebike-FR.png","contentUrl":"https:\/\/optimate1.com\/wp-content\/uploads\/2023\/11\/Ebike-FR.png","width":1080,"height":1080},{"@type":"BreadcrumbList","@id":"https:\/\/optimate1.com\/electric-bike-charger\/#breadcrumb","itemListElement":[{"@type":"ListItem","position":1,"name":"Home","item":"https:\/\/optimate1.com\/"},{"@type":"ListItem","position":2,"name":"Optimisez la dur\u00e9e de vie de la batterie de votre v\u00e9lo \u00e9lectrique avec les chargeurs de batterie OptiMate"}]},{"@type":"WebSite","@id":"https:\/\/optimate1.com\/#website","url":"https:\/\/optimate1.com\/","name":"OptiMate","description":"Battery Chargers &amp; Accessories","publisher":{"@id":"https:\/\/optimate1.com\/#organization"},"potentialAction":[{"@type":"SearchAction","target":{"@type":"EntryPoint","urlTemplate":"https:\/\/optimate1.com\/?s={search_term_string}"},"query-input":{"@type":"PropertyValueSpecification","valueRequired":true,"valueName":"search_term_string"}}],"inLanguage":"fr-FR"},{"@type":"Organization","@id":"https:\/\/optimate1.com\/#organization","name":"OptiMate","url":"https:\/\/optimate1.com\/","logo":{"@type":"ImageObject","inLanguage":"fr-FR","@id":"https:\/\/optimate1.com\/#\/schema\/logo\/image\/","url":"https:\/\/optimate1.com\/wp-content\/uploads\/2021\/06\/optimate-hpbc-stacklogo.jpg","contentUrl":"https:\/\/optimate1.com\/wp-content\/uploads\/2021\/06\/optimate-hpbc-stacklogo.jpg","width":1025,"height":529,"caption":"OptiMate"},"image":{"@id":"https:\/\/optimate1.com\/#\/schema\/logo\/image\/"},"sameAs":["https:\/\/www.facebook.com\/OptiMatebatterysavingcharger\/"]}]}},"_links":{"self":[{"href":"https:\/\/optimate1.com\/fr\/wp-json\/wp\/v2\/pages\/34741","targetHints":{"allow":["GET"]}}],"collection":[{"href":"https:\/\/optimate1.com\/fr\/wp-json\/wp\/v2\/pages"}],"about":[{"href":"https:\/\/optimate1.com\/fr\/wp-json\/wp\/v2\/types\/page"}],"author":[{"embeddable":true,"href":"https:\/\/optimate1.com\/fr\/wp-json\/wp\/v2\/users\/12"}],"replies":[{"embeddable":true,"href":"https:\/\/optimate1.com\/fr\/wp-json\/wp\/v2\/comments?post=34741"}],"version-history":[{"count":1,"href":"https:\/\/optimate1.com\/fr\/wp-json\/wp\/v2\/pages\/34741\/revisions"}],"predecessor-version":[{"id":34742,"href":"https:\/\/optimate1.com\/fr\/wp-json\/wp\/v2\/pages\/34741\/revisions\/34742"}],"wp:featuredmedia":[{"embeddable":true,"href":"https:\/\/optimate1.com\/fr\/wp-json\/wp\/v2\/media\/34733"}],"wp:attachment":[{"href":"https:\/\/optimate1.com\/fr\/wp-json\/wp\/v2\/media?parent=34741"}],"curies":[{"name":"wp","href":"https:\/\/api.w.org\/{rel}","templated":true}]}}