{"id":35771,"date":"2024-02-26T03:57:02","date_gmt":"2024-02-26T08:57:02","guid":{"rendered":"https:\/\/optimate1.com\/magcode-series\/"},"modified":"2024-02-26T05:28:50","modified_gmt":"2024-02-26T10:28:50","slug":"magcode-series","status":"publish","type":"page","link":"https:\/\/optimate1.com\/fr\/magcode-series\/","title":{"rendered":"MagCode Series"},"content":{"rendered":"<h3 class=\"entry-summary hidden-phone\" style=\"text-align: left;\"><strong>Les connecteurs magn\u00e9tiques OptiMate MC fournissent un couplage \u00e9lectrique simple et s\u00fbr pour le chargement et l&#8217;entretien des batteries sur les v\u00e9hicules de sport et de course et sur les \u00e9quipements agricoles et industriels.<\/strong><\/h3>\n<p>&nbsp;<\/p>\n<p>Le clip magn\u00e9tique OptiMate MC dispose d&#8217;un connecteur SAE qui se connecte aux chargeurs de batterie OptiMate jusqu&#8217;\u00e0 10A. Le c\u00e2ble est prot\u00e9g\u00e9 par un manchon en nylon rouge.<\/p>\n<p><img loading=\"lazy\" decoding=\"async\" class=\"alignleft wp-image-19321 size-full\" src=\"https:\/\/optimate1.com\/wp-content\/uploads\/2024\/02\/Banner-Acco-97-01_240222.png\" alt=\"\" width=\"1280\" height=\"540\" \/><\/p>\n<p>&nbsp;<\/p>\n<p>Le port magn\u00e9tique OptiMate MC se monte sur une surface de panneau avec 4 boulons. Le faisceau de c\u00e2bles de la batterie est prot\u00e9g\u00e9 par un fusible ATO en ligne de 15A et se termine par des boucles doubles M8-10 (5\/16&#8243; \u2013 3\/8&#8243;). Pour installer un boulon M10 (3\/8&#8243;), la languette int\u00e9rieure est retir\u00e9e.<\/p>\n<p><img loading=\"lazy\" decoding=\"async\" class=\"alignleft wp-image-19321 size-full\" src=\"https:\/\/optimate1.com\/wp-content\/uploads\/2024\/02\/Banner-Acco-97-02.png\" alt=\"\" width=\"1280\" height=\"540\" \/><\/p>\n<p>&nbsp;<\/p>\n<p>OptiMate utilise les composants Rosenberger MagCode\u00ae. Le clip 12V correspond au port 12V et le clip 24V correspond au port 24V.<\/p>\n<p><img loading=\"lazy\" decoding=\"async\" class=\"alignleft wp-image-19321 size-full\" src=\"https:\/\/optimate1.com\/wp-content\/uploads\/2024\/02\/Banner-Acco-97-03.png\" alt=\"\" width=\"1280\" height=\"540\" \/><\/p>\n<p>&nbsp;<\/p>\n<p><img loading=\"lazy\" decoding=\"async\" class=\"alignleft wp-image-19321 size-full\" src=\"https:\/\/optimate1.com\/wp-content\/uploads\/2024\/02\/Banner-Acco-97-04_240222.png\" alt=\"\" width=\"1280\" height=\"540\" \/><\/p>\n<p>&nbsp;<\/p>\n<p><strong>Pince et port 12V:<\/strong><\/p>\n<div class=\"woocommerce-product-details__short-description\">\n<div class=\"woocommerce columns-4 \"><ul class=\"products columns-4\">\n<li class=\"thunk-woo-product-list opn-qv-enable big-store-woo-hover- open-single-product-tab-horizontal open-shadow- open-shadow-hover- product type-product post-33544 status-publish first instock product_cat-cablesconnectors-fr has-post-thumbnail featured shipping-taxable purchasable product-type-simple\">\n\t<div class=\"thunk-product-wrap\"><div class=\"thunk-product\"><a href=\"https:\/\/optimate1.com\/fr\/produit\/o-97c12\/\" class=\"woocommerce-LoopProduct-link woocommerce-loop-product__link\"><div class=\"thunk-product-image\"><img loading=\"lazy\" decoding=\"async\" width=\"320\" height=\"320\" src=\"https:\/\/optimate1.com\/wp-content\/uploads\/2024\/03\/O-97C12-OptiMate-MC-12V-Clip-1-FR-320x320.png\" class=\"attachment-woocommerce_thumbnail size-woocommerce_thumbnail\" alt=\"OptiMate CABLE O-97C12\" srcset=\"https:\/\/optimate1.com\/wp-content\/uploads\/2024\/03\/O-97C12-OptiMate-MC-12V-Clip-1-FR-320x320.png 320w, https:\/\/optimate1.com\/wp-content\/uploads\/2024\/03\/O-97C12-OptiMate-MC-12V-Clip-1-FR-300x300.png 300w, https:\/\/optimate1.com\/wp-content\/uploads\/2024\/03\/O-97C12-OptiMate-MC-12V-Clip-1-FR-1024x1024.png 1024w, https:\/\/optimate1.com\/wp-content\/uploads\/2024\/03\/O-97C12-OptiMate-MC-12V-Clip-1-FR-150x150.png 150w, https:\/\/optimate1.com\/wp-content\/uploads\/2024\/03\/O-97C12-OptiMate-MC-12V-Clip-1-FR-768x768.png 768w, https:\/\/optimate1.com\/wp-content\/uploads\/2024\/03\/O-97C12-OptiMate-MC-12V-Clip-1-FR-600x600.png 600w, https:\/\/optimate1.com\/wp-content\/uploads\/2024\/03\/O-97C12-OptiMate-MC-12V-Clip-1-FR-100x100.png 100w, https:\/\/optimate1.com\/wp-content\/uploads\/2024\/03\/O-97C12-OptiMate-MC-12V-Clip-1-FR-64x64.png 64w, https:\/\/optimate1.com\/wp-content\/uploads\/2024\/03\/O-97C12-OptiMate-MC-12V-Clip-1-FR.png 1500w\" sizes=\"auto, (max-width: 320px) 100vw, 320px\" \/><\/div><div class=\"thunk-product-content\"><h2 class=\"woocommerce-loop-product__title\">OptiMate CABLE O-97C12<\/h2>\n\t<span class=\"price\"><span class=\"woocommerce-Price-amount amount\"><bdi><span class=\"woocommerce-Price-currencySymbol\">&#36;<\/span>89.95<\/bdi><\/span><\/span>\n<\/div><div class=\"thunk-product-hover\"><\/a>           <div class=\"os-product-excerpt\"><h3><span style=\"color: #ff0000;\"><span style=\"color: #cd202c;\">Adaptateur, clip MagCode.<\/span> <\/span><\/h3>\n<\/div>\n        <div class=\"thunk-quik\">\n\t\t\t             <div class=\"thunk-quickview\">\n                               <span class=\"quik-view\">\n                                   <a href=\"#\" class=\"opn-quick-view-text\"  data-product_id=\"33544\">\n                                      <span>Quick View<\/span>\n                                    \n                                   <\/a>\n                            <\/span>\n                          <\/div><\/div><\/div><\/div><\/div><\/li>\n<li class=\"thunk-woo-product-list opn-qv-enable big-store-woo-hover- open-single-product-tab-horizontal open-shadow- open-shadow-hover- product type-product post-33560 status-publish instock product_cat-cablesconnectors-fr has-post-thumbnail featured shipping-taxable purchasable product-type-simple\">\n\t<div class=\"thunk-product-wrap\"><div class=\"thunk-product\"><a href=\"https:\/\/optimate1.com\/fr\/produit\/o-97p12\/\" class=\"woocommerce-LoopProduct-link woocommerce-loop-product__link\"><div class=\"thunk-product-image\"><img loading=\"lazy\" decoding=\"async\" width=\"320\" height=\"320\" src=\"https:\/\/optimate1.com\/wp-content\/uploads\/2024\/03\/O-97C12-OptiMate-MC-12V-Clip-1-copy-2-NEW_FR-320x320.png\" class=\"attachment-woocommerce_thumbnail size-woocommerce_thumbnail\" alt=\"OptiMate PORT O-97P12\" srcset=\"https:\/\/optimate1.com\/wp-content\/uploads\/2024\/03\/O-97C12-OptiMate-MC-12V-Clip-1-copy-2-NEW_FR-320x320.png 320w, https:\/\/optimate1.com\/wp-content\/uploads\/2024\/03\/O-97C12-OptiMate-MC-12V-Clip-1-copy-2-NEW_FR-300x300.png 300w, https:\/\/optimate1.com\/wp-content\/uploads\/2024\/03\/O-97C12-OptiMate-MC-12V-Clip-1-copy-2-NEW_FR-1024x1024.png 1024w, https:\/\/optimate1.com\/wp-content\/uploads\/2024\/03\/O-97C12-OptiMate-MC-12V-Clip-1-copy-2-NEW_FR-150x150.png 150w, https:\/\/optimate1.com\/wp-content\/uploads\/2024\/03\/O-97C12-OptiMate-MC-12V-Clip-1-copy-2-NEW_FR-768x768.png 768w, https:\/\/optimate1.com\/wp-content\/uploads\/2024\/03\/O-97C12-OptiMate-MC-12V-Clip-1-copy-2-NEW_FR-600x600.png 600w, https:\/\/optimate1.com\/wp-content\/uploads\/2024\/03\/O-97C12-OptiMate-MC-12V-Clip-1-copy-2-NEW_FR-100x100.png 100w, https:\/\/optimate1.com\/wp-content\/uploads\/2024\/03\/O-97C12-OptiMate-MC-12V-Clip-1-copy-2-NEW_FR-64x64.png 64w, https:\/\/optimate1.com\/wp-content\/uploads\/2024\/03\/O-97C12-OptiMate-MC-12V-Clip-1-copy-2-NEW_FR.png 1500w\" sizes=\"auto, (max-width: 320px) 100vw, 320px\" \/><\/div><div class=\"thunk-product-content\"><h2 class=\"woocommerce-loop-product__title\">OptiMate PORT O-97P12<\/h2>\n\t<span class=\"price\"><span class=\"woocommerce-Price-amount amount\"><bdi><span class=\"woocommerce-Price-currencySymbol\">&#36;<\/span>96.95<\/bdi><\/span><\/span>\n<\/div><div class=\"thunk-product-hover\"><\/a>           <div class=\"os-product-excerpt\"><h3><span style=\"color: #ff0000;\"><span style=\"color: #cd202c;\">Port MagCode, montage sur panneau.<\/span><\/span><\/h3>\n<\/div>\n        <div class=\"thunk-quik\">\n\t\t\t             <div class=\"thunk-quickview\">\n                               <span class=\"quik-view\">\n                                   <a href=\"#\" class=\"opn-quick-view-text\"  data-product_id=\"33560\">\n                                      <span>Quick View<\/span>\n                                    \n                                   <\/a>\n                            <\/span>\n                          <\/div><\/div><\/div><\/div><\/div><\/li>\n<\/ul>\n<\/div>\n<\/div>\n<p><strong>Pince et port 24V:<\/strong><\/p>\n<div class=\"woocommerce columns-4 \"><ul class=\"products columns-4\">\n<li class=\"thunk-woo-product-list opn-qv-enable big-store-woo-hover- open-single-product-tab-horizontal open-shadow- open-shadow-hover- product type-product post-35675 status-publish first instock product_cat-cablesconnectors-fr has-post-thumbnail featured shipping-taxable purchasable product-type-simple\">\n\t<div class=\"thunk-product-wrap\"><div class=\"thunk-product\"><a href=\"https:\/\/optimate1.com\/fr\/produit\/o-97c24\/\" class=\"woocommerce-LoopProduct-link woocommerce-loop-product__link\"><div class=\"thunk-product-image\"><img loading=\"lazy\" decoding=\"async\" width=\"320\" height=\"320\" src=\"https:\/\/optimate1.com\/wp-content\/uploads\/2024\/03\/O-97C24-OptiMate-MC-24V-Clip-1_FR-320x320.png\" class=\"attachment-woocommerce_thumbnail size-woocommerce_thumbnail\" alt=\"OptiMate CABLE O-97C24\" srcset=\"https:\/\/optimate1.com\/wp-content\/uploads\/2024\/03\/O-97C24-OptiMate-MC-24V-Clip-1_FR-320x320.png 320w, https:\/\/optimate1.com\/wp-content\/uploads\/2024\/03\/O-97C24-OptiMate-MC-24V-Clip-1_FR-300x300.png 300w, https:\/\/optimate1.com\/wp-content\/uploads\/2024\/03\/O-97C24-OptiMate-MC-24V-Clip-1_FR-1024x1024.png 1024w, https:\/\/optimate1.com\/wp-content\/uploads\/2024\/03\/O-97C24-OptiMate-MC-24V-Clip-1_FR-150x150.png 150w, https:\/\/optimate1.com\/wp-content\/uploads\/2024\/03\/O-97C24-OptiMate-MC-24V-Clip-1_FR-768x768.png 768w, https:\/\/optimate1.com\/wp-content\/uploads\/2024\/03\/O-97C24-OptiMate-MC-24V-Clip-1_FR-600x600.png 600w, https:\/\/optimate1.com\/wp-content\/uploads\/2024\/03\/O-97C24-OptiMate-MC-24V-Clip-1_FR-100x100.png 100w, https:\/\/optimate1.com\/wp-content\/uploads\/2024\/03\/O-97C24-OptiMate-MC-24V-Clip-1_FR-64x64.png 64w, https:\/\/optimate1.com\/wp-content\/uploads\/2024\/03\/O-97C24-OptiMate-MC-24V-Clip-1_FR.png 1500w\" sizes=\"auto, (max-width: 320px) 100vw, 320px\" \/><\/div><div class=\"thunk-product-content\"><h2 class=\"woocommerce-loop-product__title\">OptiMate CABLE O-97C24<\/h2>\n\t<span class=\"price\"><span class=\"woocommerce-Price-amount amount\"><bdi><span class=\"woocommerce-Price-currencySymbol\">&#36;<\/span>99.95<\/bdi><\/span><\/span>\n<\/div><div class=\"thunk-product-hover\"><\/a>           <div class=\"os-product-excerpt\"><h3><span style=\"color: #ff0000;\"><span style=\"color: #cd202c;\">Adaptateur, clip MagCode.<\/span> <\/span><\/h3>\n<\/div>\n        <div class=\"thunk-quik\">\n\t\t\t             <div class=\"thunk-quickview\">\n                               <span class=\"quik-view\">\n                                   <a href=\"#\" class=\"opn-quick-view-text\"  data-product_id=\"35675\">\n                                      <span>Quick View<\/span>\n                                    \n                                   <\/a>\n                            <\/span>\n                          <\/div><\/div><\/div><\/div><\/div><\/li>\n<li class=\"thunk-woo-product-list opn-qv-enable big-store-woo-hover- open-single-product-tab-horizontal open-shadow- open-shadow-hover- product type-product post-35662 status-publish instock product_cat-cablesconnectors-fr has-post-thumbnail featured shipping-taxable purchasable product-type-simple\">\n\t<div class=\"thunk-product-wrap\"><div class=\"thunk-product\"><a href=\"https:\/\/optimate1.com\/fr\/produit\/o-97p24\/\" class=\"woocommerce-LoopProduct-link woocommerce-loop-product__link\"><div class=\"thunk-product-image\"><img loading=\"lazy\" decoding=\"async\" width=\"320\" height=\"320\" src=\"https:\/\/optimate1.com\/wp-content\/uploads\/2024\/03\/O-97C12-OptiMate-MC-12V-Clip-1-copy-2-NEW_FR-320x320.png\" class=\"attachment-woocommerce_thumbnail size-woocommerce_thumbnail\" alt=\"OptiMate PORT O-97P24\" srcset=\"https:\/\/optimate1.com\/wp-content\/uploads\/2024\/03\/O-97C12-OptiMate-MC-12V-Clip-1-copy-2-NEW_FR-320x320.png 320w, https:\/\/optimate1.com\/wp-content\/uploads\/2024\/03\/O-97C12-OptiMate-MC-12V-Clip-1-copy-2-NEW_FR-300x300.png 300w, https:\/\/optimate1.com\/wp-content\/uploads\/2024\/03\/O-97C12-OptiMate-MC-12V-Clip-1-copy-2-NEW_FR-1024x1024.png 1024w, https:\/\/optimate1.com\/wp-content\/uploads\/2024\/03\/O-97C12-OptiMate-MC-12V-Clip-1-copy-2-NEW_FR-150x150.png 150w, https:\/\/optimate1.com\/wp-content\/uploads\/2024\/03\/O-97C12-OptiMate-MC-12V-Clip-1-copy-2-NEW_FR-768x768.png 768w, https:\/\/optimate1.com\/wp-content\/uploads\/2024\/03\/O-97C12-OptiMate-MC-12V-Clip-1-copy-2-NEW_FR-600x600.png 600w, https:\/\/optimate1.com\/wp-content\/uploads\/2024\/03\/O-97C12-OptiMate-MC-12V-Clip-1-copy-2-NEW_FR-100x100.png 100w, https:\/\/optimate1.com\/wp-content\/uploads\/2024\/03\/O-97C12-OptiMate-MC-12V-Clip-1-copy-2-NEW_FR-64x64.png 64w, https:\/\/optimate1.com\/wp-content\/uploads\/2024\/03\/O-97C12-OptiMate-MC-12V-Clip-1-copy-2-NEW_FR.png 1500w\" sizes=\"auto, (max-width: 320px) 100vw, 320px\" \/><\/div><div class=\"thunk-product-content\"><h2 class=\"woocommerce-loop-product__title\">OptiMate PORT O-97P24<\/h2>\n\t<span class=\"price\"><span class=\"woocommerce-Price-amount amount\"><bdi><span class=\"woocommerce-Price-currencySymbol\">&#36;<\/span>104.95<\/bdi><\/span><\/span>\n<\/div><div class=\"thunk-product-hover\"><\/a>           <div class=\"os-product-excerpt\"><h3><span style=\"color: #ff0000;\"><span style=\"color: #cd202c;\">Port MagCode, montage sur panneau.<\/span><\/span><\/h3>\n<\/div>\n        <div class=\"thunk-quik\">\n\t\t\t             <div class=\"thunk-quickview\">\n                               <span class=\"quik-view\">\n                                   <a href=\"#\" class=\"opn-quick-view-text\"  data-product_id=\"35662\">\n                                      <span>Quick View<\/span>\n                                    \n                                   <\/a>\n                            <\/span>\n                          <\/div><\/div><\/div><\/div><\/div><\/li>\n<\/ul>\n<\/div>\n","protected":false},"excerpt":{"rendered":"<p>Les connecteurs magn\u00e9tiques OptiMate MC fournissent un couplage \u00e9lectrique simple et s\u00fbr pour le chargement et l&#8217;entretien des batteries sur les v\u00e9hicules de sport et de course et sur les \u00e9quipements agricoles et industriels. &nbsp; Le clip magn\u00e9tique OptiMate MC dispose d&#8217;un connecteur SAE qui se connecte aux chargeurs de batterie OptiMate jusqu&#8217;\u00e0 10A. Le &hellip;<\/p>\n<p class=\"read-more\"> <a class=\" thunk-readmore button \" href=\"https:\/\/optimate1.com\/fr\/magcode-series\/\"> <span class=\"screen-reader-text\">MagCode Series<\/span>Read More<\/a><\/p>\n","protected":false},"author":12,"featured_media":35783,"parent":0,"menu_order":0,"comment_status":"closed","ping_status":"closed","template":"","meta":{"footnotes":""},"class_list":["post-35771","page","type-page","status-publish","has-post-thumbnail","hentry","thunk-woo-product-list","opn-qv-enable","big-store-woo-hover-","open-single-product-tab-horizontal","open-shadow-","open-shadow-hover-"],"yoast_head":"<!-- This site is optimized with the Yoast SEO plugin v27.2 - https:\/\/yoast.com\/product\/yoast-seo-wordpress\/ -->\n<title>MagCode Series - OptiMate<\/title>\n<meta name=\"description\" content=\"La s\u00e9rie OptiMate O-97 utilise des connecteurs MagCode\u00ae pour fournir des connexions de chargeur de batterie magn\u00e9tiques \u00e0 d\u00e9tection automatique et r\u00e9sistantes aux courts-circuits.\" \/>\n<meta name=\"robots\" content=\"index, follow, max-snippet:-1, max-image-preview:large, max-video-preview:-1, noarchive\" \/>\n<link rel=\"canonical\" href=\"https:\/\/optimate1.com\/acco-97\/\" \/>\n<meta property=\"og:locale\" content=\"fr_FR\" \/>\n<meta property=\"og:type\" content=\"article\" \/>\n<meta property=\"og:title\" content=\"MagCode Series - OptiMate\" \/>\n<meta property=\"og:description\" content=\"La s\u00e9rie OptiMate O-97 utilise des connecteurs MagCode\u00ae pour fournir des connexions de chargeur de batterie magn\u00e9tiques \u00e0 d\u00e9tection automatique et r\u00e9sistantes aux courts-circuits.\" \/>\n<meta property=\"og:url\" content=\"https:\/\/optimate1.com\/acco-97\/\" \/>\n<meta property=\"og:site_name\" content=\"OptiMate\" \/>\n<meta property=\"article:publisher\" content=\"https:\/\/www.facebook.com\/OptiMatebatterysavingcharger\/\" \/>\n<meta property=\"article:modified_time\" content=\"2024-02-26T10:28:50+00:00\" \/>\n<meta property=\"og:image\" content=\"https:\/\/optimate1.com\/wp-content\/uploads\/2024\/02\/acco-97-featured-image-FR.png\" \/>\n\t<meta property=\"og:image:width\" content=\"900\" \/>\n\t<meta property=\"og:image:height\" content=\"900\" \/>\n\t<meta property=\"og:image:type\" content=\"image\/png\" \/>\n<meta name=\"twitter:card\" content=\"summary_large_image\" \/>\n<meta name=\"twitter:label1\" content=\"Dur\u00e9e de lecture estim\u00e9e\" \/>\n\t<meta name=\"twitter:data1\" content=\"2 minutes\" \/>\n<script type=\"application\/ld+json\" class=\"yoast-schema-graph\">{\"@context\":\"https:\/\/schema.org\",\"@graph\":[{\"@type\":\"WebPage\",\"@id\":\"https:\/\/optimate1.com\/acco-97\/\",\"url\":\"https:\/\/optimate1.com\/acco-97\/\",\"name\":\"MagCode Series - OptiMate\",\"isPartOf\":{\"@id\":\"https:\/\/optimate1.com\/#website\"},\"primaryImageOfPage\":{\"@id\":\"https:\/\/optimate1.com\/acco-97\/#primaryimage\"},\"image\":{\"@id\":\"https:\/\/optimate1.com\/acco-97\/#primaryimage\"},\"thumbnailUrl\":\"https:\/\/optimate1.com\/wp-content\/uploads\/2024\/02\/acco-97-featured-image-FR.png\",\"datePublished\":\"2024-02-26T08:57:02+00:00\",\"dateModified\":\"2024-02-26T10:28:50+00:00\",\"description\":\"La s\u00e9rie OptiMate O-97 utilise des connecteurs MagCode\u00ae pour fournir des connexions de chargeur de batterie magn\u00e9tiques \u00e0 d\u00e9tection automatique et r\u00e9sistantes aux courts-circuits.\",\"breadcrumb\":{\"@id\":\"https:\/\/optimate1.com\/acco-97\/#breadcrumb\"},\"inLanguage\":\"fr-FR\",\"potentialAction\":[{\"@type\":\"ReadAction\",\"target\":[\"https:\/\/optimate1.com\/acco-97\/\"]}]},{\"@type\":\"ImageObject\",\"inLanguage\":\"fr-FR\",\"@id\":\"https:\/\/optimate1.com\/acco-97\/#primaryimage\",\"url\":\"https:\/\/optimate1.com\/wp-content\/uploads\/2024\/02\/acco-97-featured-image-FR.png\",\"contentUrl\":\"https:\/\/optimate1.com\/wp-content\/uploads\/2024\/02\/acco-97-featured-image-FR.png\",\"width\":900,\"height\":900},{\"@type\":\"BreadcrumbList\",\"@id\":\"https:\/\/optimate1.com\/acco-97\/#breadcrumb\",\"itemListElement\":[{\"@type\":\"ListItem\",\"position\":1,\"name\":\"Home\",\"item\":\"https:\/\/optimate1.com\/\"},{\"@type\":\"ListItem\",\"position\":2,\"name\":\"MagCode Series\"}]},{\"@type\":\"WebSite\",\"@id\":\"https:\/\/optimate1.com\/#website\",\"url\":\"https:\/\/optimate1.com\/\",\"name\":\"OptiMate\",\"description\":\"Battery Chargers &amp; Accessories\",\"publisher\":{\"@id\":\"https:\/\/optimate1.com\/#organization\"},\"potentialAction\":[{\"@type\":\"SearchAction\",\"target\":{\"@type\":\"EntryPoint\",\"urlTemplate\":\"https:\/\/optimate1.com\/?s={search_term_string}\"},\"query-input\":{\"@type\":\"PropertyValueSpecification\",\"valueRequired\":true,\"valueName\":\"search_term_string\"}}],\"inLanguage\":\"fr-FR\"},{\"@type\":\"Organization\",\"@id\":\"https:\/\/optimate1.com\/#organization\",\"name\":\"OptiMate\",\"url\":\"https:\/\/optimate1.com\/\",\"logo\":{\"@type\":\"ImageObject\",\"inLanguage\":\"fr-FR\",\"@id\":\"https:\/\/optimate1.com\/#\/schema\/logo\/image\/\",\"url\":\"https:\/\/optimate1.com\/wp-content\/uploads\/2021\/06\/optimate-hpbc-stacklogo.jpg\",\"contentUrl\":\"https:\/\/optimate1.com\/wp-content\/uploads\/2021\/06\/optimate-hpbc-stacklogo.jpg\",\"width\":1025,\"height\":529,\"caption\":\"OptiMate\"},\"image\":{\"@id\":\"https:\/\/optimate1.com\/#\/schema\/logo\/image\/\"},\"sameAs\":[\"https:\/\/www.facebook.com\/OptiMatebatterysavingcharger\/\"]}]}<\/script>\n<!-- \/ Yoast SEO plugin. -->","yoast_head_json":{"title":"MagCode Series - OptiMate","description":"La s\u00e9rie OptiMate O-97 utilise des connecteurs MagCode\u00ae pour fournir des connexions de chargeur de batterie magn\u00e9tiques \u00e0 d\u00e9tection automatique et r\u00e9sistantes aux courts-circuits.","robots":{"index":"index","follow":"follow","max-snippet":"max-snippet:-1","max-image-preview":"max-image-preview:large","max-video-preview":"max-video-preview:-1","archive":"noarchive"},"canonical":"https:\/\/optimate1.com\/acco-97\/","og_locale":"fr_FR","og_type":"article","og_title":"MagCode Series - OptiMate","og_description":"La s\u00e9rie OptiMate O-97 utilise des connecteurs MagCode\u00ae pour fournir des connexions de chargeur de batterie magn\u00e9tiques \u00e0 d\u00e9tection automatique et r\u00e9sistantes aux courts-circuits.","og_url":"https:\/\/optimate1.com\/acco-97\/","og_site_name":"OptiMate","article_publisher":"https:\/\/www.facebook.com\/OptiMatebatterysavingcharger\/","article_modified_time":"2024-02-26T10:28:50+00:00","og_image":[{"width":900,"height":900,"url":"https:\/\/optimate1.com\/wp-content\/uploads\/2024\/02\/acco-97-featured-image-FR.png","type":"image\/png"}],"twitter_card":"summary_large_image","twitter_misc":{"Dur\u00e9e de lecture estim\u00e9e":"2 minutes"},"schema":{"@context":"https:\/\/schema.org","@graph":[{"@type":"WebPage","@id":"https:\/\/optimate1.com\/acco-97\/","url":"https:\/\/optimate1.com\/acco-97\/","name":"MagCode Series - OptiMate","isPartOf":{"@id":"https:\/\/optimate1.com\/#website"},"primaryImageOfPage":{"@id":"https:\/\/optimate1.com\/acco-97\/#primaryimage"},"image":{"@id":"https:\/\/optimate1.com\/acco-97\/#primaryimage"},"thumbnailUrl":"https:\/\/optimate1.com\/wp-content\/uploads\/2024\/02\/acco-97-featured-image-FR.png","datePublished":"2024-02-26T08:57:02+00:00","dateModified":"2024-02-26T10:28:50+00:00","description":"La s\u00e9rie OptiMate O-97 utilise des connecteurs MagCode\u00ae pour fournir des connexions de chargeur de batterie magn\u00e9tiques \u00e0 d\u00e9tection automatique et r\u00e9sistantes aux courts-circuits.","breadcrumb":{"@id":"https:\/\/optimate1.com\/acco-97\/#breadcrumb"},"inLanguage":"fr-FR","potentialAction":[{"@type":"ReadAction","target":["https:\/\/optimate1.com\/acco-97\/"]}]},{"@type":"ImageObject","inLanguage":"fr-FR","@id":"https:\/\/optimate1.com\/acco-97\/#primaryimage","url":"https:\/\/optimate1.com\/wp-content\/uploads\/2024\/02\/acco-97-featured-image-FR.png","contentUrl":"https:\/\/optimate1.com\/wp-content\/uploads\/2024\/02\/acco-97-featured-image-FR.png","width":900,"height":900},{"@type":"BreadcrumbList","@id":"https:\/\/optimate1.com\/acco-97\/#breadcrumb","itemListElement":[{"@type":"ListItem","position":1,"name":"Home","item":"https:\/\/optimate1.com\/"},{"@type":"ListItem","position":2,"name":"MagCode Series"}]},{"@type":"WebSite","@id":"https:\/\/optimate1.com\/#website","url":"https:\/\/optimate1.com\/","name":"OptiMate","description":"Battery Chargers &amp; Accessories","publisher":{"@id":"https:\/\/optimate1.com\/#organization"},"potentialAction":[{"@type":"SearchAction","target":{"@type":"EntryPoint","urlTemplate":"https:\/\/optimate1.com\/?s={search_term_string}"},"query-input":{"@type":"PropertyValueSpecification","valueRequired":true,"valueName":"search_term_string"}}],"inLanguage":"fr-FR"},{"@type":"Organization","@id":"https:\/\/optimate1.com\/#organization","name":"OptiMate","url":"https:\/\/optimate1.com\/","logo":{"@type":"ImageObject","inLanguage":"fr-FR","@id":"https:\/\/optimate1.com\/#\/schema\/logo\/image\/","url":"https:\/\/optimate1.com\/wp-content\/uploads\/2021\/06\/optimate-hpbc-stacklogo.jpg","contentUrl":"https:\/\/optimate1.com\/wp-content\/uploads\/2021\/06\/optimate-hpbc-stacklogo.jpg","width":1025,"height":529,"caption":"OptiMate"},"image":{"@id":"https:\/\/optimate1.com\/#\/schema\/logo\/image\/"},"sameAs":["https:\/\/www.facebook.com\/OptiMatebatterysavingcharger\/"]}]}},"_links":{"self":[{"href":"https:\/\/optimate1.com\/fr\/wp-json\/wp\/v2\/pages\/35771","targetHints":{"allow":["GET"]}}],"collection":[{"href":"https:\/\/optimate1.com\/fr\/wp-json\/wp\/v2\/pages"}],"about":[{"href":"https:\/\/optimate1.com\/fr\/wp-json\/wp\/v2\/types\/page"}],"author":[{"embeddable":true,"href":"https:\/\/optimate1.com\/fr\/wp-json\/wp\/v2\/users\/12"}],"replies":[{"embeddable":true,"href":"https:\/\/optimate1.com\/fr\/wp-json\/wp\/v2\/comments?post=35771"}],"version-history":[{"count":1,"href":"https:\/\/optimate1.com\/fr\/wp-json\/wp\/v2\/pages\/35771\/revisions"}],"predecessor-version":[{"id":35772,"href":"https:\/\/optimate1.com\/fr\/wp-json\/wp\/v2\/pages\/35771\/revisions\/35772"}],"wp:featuredmedia":[{"embeddable":true,"href":"https:\/\/optimate1.com\/fr\/wp-json\/wp\/v2\/media\/35783"}],"wp:attachment":[{"href":"https:\/\/optimate1.com\/fr\/wp-json\/wp\/v2\/media?parent=35771"}],"curies":[{"name":"wp","href":"https:\/\/api.w.org\/{rel}","templated":true}]}}