{"id":40321,"date":"2025-11-04T03:06:06","date_gmt":"2025-11-04T08:06:06","guid":{"rendered":"https:\/\/optimate1.com\/chargeurs-pro\/"},"modified":"2025-11-04T03:48:42","modified_gmt":"2025-11-04T08:48:42","slug":"chargeurs-pro","status":"publish","type":"page","link":"https:\/\/optimate1.com\/fr\/chargeurs-pro\/","title":{"rendered":"Chargeurs PRO"},"content":{"rendered":"<p><img loading=\"lazy\" decoding=\"async\" class=\"alignleft wp-image-19321 size-full\" src=\"https:\/\/optimate1.com\/wp-content\/uploads\/2025\/10\/2025-1029-Banner-PRO-scaled.png\" alt=\"car and portable car battery chargers: OptiMate 7 Select and OptiMate Lithium 4s 10A battery charger\" width=\"1280\" height=\"540\" \/><\/p>\n<p style=\"text-align: center; font-size: 30px;\"><strong>CHARGEURS PROFESSIONNELS OPTIMATE<\/strong><\/p>\n<p>La s\u00e9rie PRO est con\u00e7ue pour les ateliers professionnels, les sp\u00e9cialistes des batteries ou les revendeurs : des outils de charge et de test haute performance d\u00e9velopp\u00e9s pour un usage professionnel. Avec des programmes de charge s\u00e9lectionnables et des fonctions \u00ab PRO \u00bb avanc\u00e9es, ces unit\u00e9s offrent contr\u00f4le, diagnostic et fiabilit\u00e9.<\/p>\n\n<table id=\"tablepress-684\" class=\"tablepress tablepress-id-684\">\n<tbody class=\"row-hover\">\n<tr class=\"row-1\">\n\t<td class=\"column-1\"><body><h6><strong>AUTOMATIQUE \u2013<\/strong> Les chargeurs de batterie OptiMate sont enti\u00e8rement automatiques une fois la chimie ou le mode de batterie correct s\u00e9lectionn\u00e9.<\/h6><\/center><\/td>\n<\/tr>\n<tr class=\"row-2\">\n\t<td class=\"column-1\"><body><h6><strong>ACTIVE LES NOUVELLES BATTERIES \u2013 <\/strong>Pr\u00e9pare toute batterie de moto ou de powersport pour sa premi\u00e8re utilisation.<\/h6><\/center><\/td>\n<\/tr>\n<tr class=\"row-3\">\n\t<td class=\"column-1\"><body><h6><strong>R\u00c9CUP\u00c8RE LES BATTERIES PROFOND\u00c9MENT D\u00c9CHARG\u00c9ES \u2013 <\/strong>R\u00e9cup\u00e8re les batteries au plomb (Pb) ou au lithium LFP (LiFePO\u2084) \u00e0 partir de seulement 0,5 volt. R\u00e9initialise et r\u00e9cup\u00e8re les batteries lithium LFP avec protection BMS.<\/h6><\/center><\/td>\n<\/tr>\n<tr class=\"row-4\">\n\t<td class=\"column-1\"><body><h6><strong>TEST D\u2019\u00c9TAT DE SANT\u00c9 \u2013 <\/strong> BON (80-100 %), MOYEN (60-80 %), MAUVAIS (<60 %) \u2013 aide \u00e0 d\u00e9terminer si une batterie doit \u00eatre remplac\u00e9e.<\/h6><\/center><\/td>\n<\/tr>\n<tr class=\"row-5\">\n\t<td class=\"column-1\"><body><h6><strong>GLOBAL INPUT \u2013 <\/strong> Input power (100-240V 50-60Hz) is accepted through a standard IEC320 C8 socket i.e. the AC supply cord can be changed to suit the AC wall connector in any region.<\/h6><\/center><\/td>\n<\/tr>\n<tr class=\"row-6\">\n\t<td class=\"column-1\"><body><h6><strong>CONSOMMATION D\u2019\u00c9NERGIE R\u00c9DUITE \u2013 <\/strong> Les chargeurs de batterie OptiMate sont certifi\u00e9s \u00e0 haute efficacit\u00e9 \u00e9nerg\u00e9tique. La technologie \u00e9lectronique avanc\u00e9e d\u2019OptiMate r\u00e9duit la consommation d\u2019\u00e9lectricit\u00e9 et vous fait \u00e9conomiser de l\u2019argent.<\/h6><\/center><\/td>\n<\/tr>\n<tr class=\"row-7\">\n\t<td class=\"column-1\"><body><h6><strong>CERTIFICATION INTERNATIONALE : \u2013 <\/strong> CE, UKCA, NRTL (UL &amp; CSA), PSE, SAA.<\/h6><\/center><\/td>\n<\/tr>\n<\/tbody>\n<\/table>\n<!-- #tablepress-684 from cache -->\n<p style=\"text-align: center; font-size: 30px;\"><strong>CHOISIR LE BON CHARGEUR<\/strong><\/p>\n<h3 data-start=\"905\" data-end=\"924\">Mod\u00e8les pr\u00e9sent\u00e9s<\/h3>\n<h4 data-start=\"926\" data-end=\"964\"><strong data-start=\"931\" data-end=\"962\">OptiMate PRO-1 DUO (TM-650)<\/strong><\/h4>\n<p data-start=\"965\" data-end=\"1082\">Id\u00e9al pour l\u2019entretien sur v\u00e9hicule et la charge ou la pr\u00e9paration rapide des batteries.<\/p>\n\n<table id=\"tablepress-685\" class=\"tablepress tablepress-id-685\">\n<tbody class=\"row-hover\">\n<tr class=\"row-1\">\n\t<td class=\"column-1\"><body><h6><strong>3 MODES S\u00c9LECTIONNABLES \u2013<\/strong> 12V plomb-acide OU 12,8V\/13,2V lithium LiFePO\u2084 OU alimentation.<\/h6><\/center><\/td>\n<\/tr>\n<tr class=\"row-2\">\n\t<td class=\"column-1\"><body><h6><strong>UNE BANQUE DE CHARGE \u2013 <\/strong>10 A max, le contr\u00f4le de charge Ampmatic ajuste le courant en fonction de la taille de la batterie.<\/h6><\/center><\/td>\n<\/tr>\n<tr class=\"row-3\">\n\t<td class=\"column-1\"><body><h6><strong>SERVICE FACILE \/ SUPPORT DE BATTERIE \u2013 <\/strong> Le mode alimentation fournit un support stable \u00e0 la batterie du v\u00e9hicule, n\u00e9cessaire pour le diagnostic \u00e9lectrique ou la mise \u00e0 jour du logiciel.<\/h6><\/center><\/td>\n<\/tr>\n<tr class=\"row-4\">\n\t<td class=\"column-1\"><body><h6><strong>\u00c9CONOMIE \/ R\u00c9INITIALISATION DE LA BATTERIE \u2013 <\/strong>Mode de r\u00e9cup\u00e9ration intelligent pour les batteries profond\u00e9ment d\u00e9charg\u00e9es OU r\u00e9initialisation de la protection basse tension d\u2019une batterie lithium install\u00e9e sur le v\u00e9hicule.<\/h6><\/center><\/td>\n<\/tr>\n<\/tbody>\n<\/table>\n<!-- #tablepress-685 from cache -->\n<div class=\"woocommerce columns-5 \"><ul class=\"products columns-5\">\n<li class=\"thunk-woo-product-list opn-qv-enable big-store-woo-hover- open-single-product-tab-horizontal open-shadow- open-shadow-hover- product type-product post-28742 status-publish first instock product_cat-battery-chargers-fr has-post-thumbnail shipping-taxable purchasable product-type-simple\">\n\t<div class=\"thunk-product-wrap\"><div class=\"thunk-product\"><a href=\"https:\/\/optimate1.com\/fr\/produit\/optimate-pro-1-duo\/\" class=\"woocommerce-LoopProduct-link woocommerce-loop-product__link\"><div class=\"thunk-product-image\"><img loading=\"lazy\" decoding=\"async\" width=\"320\" height=\"320\" src=\"https:\/\/optimate1.com\/wp-content\/uploads\/2026\/03\/OptiMate-PRO-1-TM650-12-copy-fr-1-320x320.png\" class=\"attachment-woocommerce_thumbnail size-woocommerce_thumbnail\" alt=\"OptiMate PRO-1 DUO\" srcset=\"https:\/\/optimate1.com\/wp-content\/uploads\/2026\/03\/OptiMate-PRO-1-TM650-12-copy-fr-1-320x320.png 320w, https:\/\/optimate1.com\/wp-content\/uploads\/2026\/03\/OptiMate-PRO-1-TM650-12-copy-fr-1-300x300.png 300w, https:\/\/optimate1.com\/wp-content\/uploads\/2026\/03\/OptiMate-PRO-1-TM650-12-copy-fr-1-1024x1024.png 1024w, https:\/\/optimate1.com\/wp-content\/uploads\/2026\/03\/OptiMate-PRO-1-TM650-12-copy-fr-1-150x150.png 150w, https:\/\/optimate1.com\/wp-content\/uploads\/2026\/03\/OptiMate-PRO-1-TM650-12-copy-fr-1-768x768.png 768w, https:\/\/optimate1.com\/wp-content\/uploads\/2026\/03\/OptiMate-PRO-1-TM650-12-copy-fr-1-600x600.png 600w, https:\/\/optimate1.com\/wp-content\/uploads\/2026\/03\/OptiMate-PRO-1-TM650-12-copy-fr-1-100x100.png 100w, https:\/\/optimate1.com\/wp-content\/uploads\/2026\/03\/OptiMate-PRO-1-TM650-12-copy-fr-1-64x64.png 64w, https:\/\/optimate1.com\/wp-content\/uploads\/2026\/03\/OptiMate-PRO-1-TM650-12-copy-fr-1.png 1500w\" sizes=\"auto, (max-width: 320px) 100vw, 320px\" \/><\/div><div class=\"thunk-product-content\"><h2 class=\"woocommerce-loop-product__title\">OptiMate PRO-1 DUO<\/h2>\n\t<span class=\"price\"><span class=\"woocommerce-Price-amount amount\"><bdi><span class=\"woocommerce-Price-currencySymbol\">&#36;<\/span>209.95<\/bdi><\/span><\/span>\n<div class=\"short_desc\">12V \/ 12.8V 10A<\/div><\/div><div class=\"thunk-product-hover\"><\/a>           <div class=\"os-product-excerpt\"><h3><span style=\"color: #231f20;\">S\u00e9rie PRO\u00a0: chargeur-testeur de batterie de diagnostic 12\u00a0V 10\u00a0A et alimentation \u00e9lectrique<\/span><\/h3>\n<\/div>\n        <div class=\"thunk-quik\">\n\t\t\t             <div class=\"thunk-quickview\">\n                               <span class=\"quik-view\">\n                                   <a href=\"#\" class=\"opn-quick-view-text\"  data-product_id=\"28742\">\n                                      <span>Quick View<\/span>\n                                    \n                                   <\/a>\n                            <\/span>\n                          <\/div><\/div><\/div><\/div><\/div><\/li>\n<\/ul>\n<\/div>\n<h4 data-start=\"1651\" data-end=\"1689\"><strong data-start=\"1656\" data-end=\"1687\"><strong>OptiMate PRO-4 DUO (TM-670)<\/strong><\/strong><\/h4>\n<p data-start=\"1690\" data-end=\"1807\">Con\u00e7u pour les ateliers et centres de service exigeants n\u00e9cessitant une charge professionnelle multi-bancs.<\/p>\n<p data-start=\"1690\" data-end=\"1807\">\n<table id=\"tablepress-686\" class=\"tablepress tablepress-id-686\">\n<tbody class=\"row-hover\">\n<tr class=\"row-1\">\n\t<td class=\"column-1\"><body><h6><strong>3 MODES S\u00c9LECTIONNABLES \u2013<\/strong> 12V plomb-acide OU 12,8V\/13,2V lithium LiFePO\u2084 OU pr\u00e9paration rapide d\u2019une nouvelle batterie en 60 minutes.<\/h6><\/center><\/td>\n<\/tr>\n<tr class=\"row-2\">\n\t<td class=\"column-1\"><body><h6><strong>QUATRE BANQUES DE CHARGE IND\u00c9PENDANTES \u2013 <\/strong>5 A max par banque, le contr\u00f4le de charge Ampmatic r\u00e9duit le courant pour les batteries de plus petite taille.<\/h6><\/center><\/td>\n<\/tr>\n<tr class=\"row-3\">\n\t<td class=\"column-1\"><body><h6><strong>ACTIVATION RAPIDE AUTOMATIQUE DE LA BATTERIE \u2013 <\/strong>Mode de 60 minutes pour la pr\u00e9paration rapide d\u2019une nouvelle batterie.<\/h6><\/center><\/td>\n<\/tr>\n<\/tbody>\n<\/table>\n<!-- #tablepress-686 from cache --><\/p>\n<div class=\"woocommerce columns-5 \"><ul class=\"products columns-5\">\n<li class=\"thunk-woo-product-list opn-qv-enable big-store-woo-hover- open-single-product-tab-horizontal open-shadow- open-shadow-hover- product type-product post-31521 status-publish first instock product_cat-battery-chargers-fr has-post-thumbnail shipping-taxable purchasable product-type-simple\">\n\t<div class=\"thunk-product-wrap\"><div class=\"thunk-product\"><a href=\"https:\/\/optimate1.com\/fr\/produit\/tm670\/\" class=\"woocommerce-LoopProduct-link woocommerce-loop-product__link\"><div class=\"thunk-product-image\"><img loading=\"lazy\" decoding=\"async\" width=\"320\" height=\"320\" src=\"https:\/\/optimate1.com\/wp-content\/uploads\/2026\/03\/OptiMate-PRO-4-DUO-TM670-11-copy-fr-320x320.png\" class=\"attachment-woocommerce_thumbnail size-woocommerce_thumbnail\" alt=\"OptiMate PRO-4 DUO\" srcset=\"https:\/\/optimate1.com\/wp-content\/uploads\/2026\/03\/OptiMate-PRO-4-DUO-TM670-11-copy-fr-320x320.png 320w, https:\/\/optimate1.com\/wp-content\/uploads\/2026\/03\/OptiMate-PRO-4-DUO-TM670-11-copy-fr-300x300.png 300w, https:\/\/optimate1.com\/wp-content\/uploads\/2026\/03\/OptiMate-PRO-4-DUO-TM670-11-copy-fr-1024x1024.png 1024w, https:\/\/optimate1.com\/wp-content\/uploads\/2026\/03\/OptiMate-PRO-4-DUO-TM670-11-copy-fr-150x150.png 150w, https:\/\/optimate1.com\/wp-content\/uploads\/2026\/03\/OptiMate-PRO-4-DUO-TM670-11-copy-fr-768x768.png 768w, https:\/\/optimate1.com\/wp-content\/uploads\/2026\/03\/OptiMate-PRO-4-DUO-TM670-11-copy-fr-600x600.png 600w, https:\/\/optimate1.com\/wp-content\/uploads\/2026\/03\/OptiMate-PRO-4-DUO-TM670-11-copy-fr-100x100.png 100w, https:\/\/optimate1.com\/wp-content\/uploads\/2026\/03\/OptiMate-PRO-4-DUO-TM670-11-copy-fr-64x64.png 64w, https:\/\/optimate1.com\/wp-content\/uploads\/2026\/03\/OptiMate-PRO-4-DUO-TM670-11-copy-fr.png 1500w\" sizes=\"auto, (max-width: 320px) 100vw, 320px\" \/><\/div><div class=\"thunk-product-content\"><h2 class=\"woocommerce-loop-product__title\">OptiMate PRO-4 DUO<\/h2>\n\t<span class=\"price\"><span class=\"woocommerce-Price-amount amount\"><bdi><span class=\"woocommerce-Price-currencySymbol\">&#36;<\/span>619.95<\/bdi><\/span><\/span>\n<div class=\"short_desc\">12V \/ 12.8V 5A<\/div><\/div><div class=\"thunk-product-hover\"><\/a>           <div class=\"os-product-excerpt\"><h3><span style=\"color: #231f20;\">S\u00e9ries PRO: Chargeur de batterie \u00e0 diagnostic automatique 12V 5A <\/span><strong>x4<\/strong><\/h3>\n<\/div>\n        <div class=\"thunk-quik\">\n\t\t\t             <div class=\"thunk-quickview\">\n                               <span class=\"quik-view\">\n                                   <a href=\"#\" class=\"opn-quick-view-text\"  data-product_id=\"31521\">\n                                      <span>Quick View<\/span>\n                                    \n                                   <\/a>\n                            <\/span>\n                          <\/div><\/div><\/div><\/div><\/div><\/li>\n<\/ul>\n<\/div>\n<h3 data-start=\"2443\" data-end=\"2480\">Quel mod\u00e8le PRO est fait pour vous ?<\/h3>\n<p data-start=\"2483\" data-end=\"2641\">Choisissez le <strong data-start=\"2494\" data-end=\"2514\">TM-650 OptiMate PRO-1 DUO<\/strong> si vous travaillez avec des v\u00e9hicules, motos ou batteries haute performance sur une seule station et que vous avez besoin de pr\u00e9cision et de diagnostic.<\/p>\n<p data-start=\"2644\" data-end=\"2842\">Choisissez le <strong data-start=\"2655\" data-end=\"2675\">TM-670 OptiMate PRO-4 DUO<\/strong> si vous avez besoin d\u2019une solution multi-bancs (par exemple un atelier, un environnement de concessionnaire ou plusieurs v\u00e9hicules simultan\u00e9ment) avec diagnostic complet et stations de charge ind\u00e9pendantes.<\/p>\n<p>&nbsp;<\/p>\n<h4><a href=\"https:\/\/optimate1.com\/fr\/comment-choisir-son-chargeur-optimate\/\" target=\"_blank\" rel=\"noopener\">D\u00e9couvrez-en plus sur nos s\u00e9ries OptiMate ici !<\/a><\/h4>\n<p>&nbsp;<\/p>\n","protected":false},"excerpt":{"rendered":"<p>CHARGEURS PROFESSIONNELS OPTIMATE La s\u00e9rie PRO est con\u00e7ue pour les ateliers professionnels, les sp\u00e9cialistes des batteries ou les revendeurs : des outils de charge et de test haute performance d\u00e9velopp\u00e9s pour un usage professionnel. Avec des programmes de charge s\u00e9lectionnables et des fonctions \u00ab PRO \u00bb avanc\u00e9es, ces unit\u00e9s offrent contr\u00f4le, diagnostic et fiabilit\u00e9. CHOISIR &hellip;<\/p>\n<p class=\"read-more\"> <a class=\" thunk-readmore button \" href=\"https:\/\/optimate1.com\/fr\/chargeurs-pro\/\"> <span class=\"screen-reader-text\">Chargeurs PRO<\/span>Read More<\/a><\/p>\n","protected":false},"author":12,"featured_media":0,"parent":0,"menu_order":0,"comment_status":"closed","ping_status":"closed","template":"","meta":{"footnotes":""},"class_list":["post-40321","page","type-page","status-publish","hentry","thunk-woo-product-list","opn-qv-enable","big-store-woo-hover-","open-single-product-tab-horizontal","open-shadow-","open-shadow-hover-"],"yoast_head":"<!-- This site is optimized with the Yoast SEO plugin v27.4 - https:\/\/yoast.com\/product\/yoast-seo-wordpress\/ -->\n<title>Chargeurs PRO - OptiMate<\/title>\n<meta name=\"description\" content=\"La s\u00e9rie PRO est con\u00e7ue pour les ateliers professionnels, les sp\u00e9cialistes des batteries ou les revendeurs : des outils de charge et de test haute performance d\u00e9velopp\u00e9s pour un usage professionnel.\" \/>\n<meta name=\"robots\" content=\"index, follow, max-snippet:-1, max-image-preview:large, max-video-preview:-1, noarchive\" \/>\n<link rel=\"canonical\" href=\"https:\/\/optimate1.com\/pro-chargers\/\" \/>\n<meta property=\"og:locale\" content=\"fr_FR\" \/>\n<meta property=\"og:type\" content=\"article\" \/>\n<meta property=\"og:title\" content=\"Chargeurs PRO - OptiMate\" \/>\n<meta property=\"og:description\" content=\"La s\u00e9rie PRO est con\u00e7ue pour les ateliers professionnels, les sp\u00e9cialistes des batteries ou les revendeurs : des outils de charge et de test haute performance d\u00e9velopp\u00e9s pour un usage professionnel.\" \/>\n<meta property=\"og:url\" content=\"https:\/\/optimate1.com\/pro-chargers\/\" \/>\n<meta property=\"og:site_name\" content=\"OptiMate\" \/>\n<meta property=\"article:publisher\" content=\"https:\/\/www.facebook.com\/OptiMatebatterysavingcharger\/\" \/>\n<meta property=\"article:modified_time\" content=\"2025-11-04T08:48:42+00:00\" \/>\n<meta property=\"og:image\" content=\"https:\/\/optimate1.com\/wp-content\/uploads\/2020\/10\/SolarHeader_3Artboard-1@3x-100-1.jpg\" \/>\n\t<meta property=\"og:image:width\" content=\"1200\" \/>\n\t<meta property=\"og:image:height\" content=\"540\" \/>\n\t<meta property=\"og:image:type\" content=\"image\/jpeg\" \/>\n<meta name=\"twitter:card\" content=\"summary_large_image\" \/>\n<meta name=\"twitter:label1\" content=\"Dur\u00e9e de lecture estim\u00e9e\" \/>\n\t<meta name=\"twitter:data1\" content=\"2 minutes\" \/>\n<script type=\"application\/ld+json\" class=\"yoast-schema-graph\">{\"@context\":\"https:\\\/\\\/schema.org\",\"@graph\":[{\"@type\":\"WebPage\",\"@id\":\"https:\\\/\\\/optimate1.com\\\/pro-chargers\\\/\",\"url\":\"https:\\\/\\\/optimate1.com\\\/pro-chargers\\\/\",\"name\":\"Chargeurs PRO - OptiMate\",\"isPartOf\":{\"@id\":\"https:\\\/\\\/optimate1.com\\\/#website\"},\"primaryImageOfPage\":{\"@id\":\"https:\\\/\\\/optimate1.com\\\/pro-chargers\\\/#primaryimage\"},\"image\":{\"@id\":\"https:\\\/\\\/optimate1.com\\\/pro-chargers\\\/#primaryimage\"},\"thumbnailUrl\":\"https:\\\/\\\/optimate1.com\\\/wp-content\\\/uploads\\\/2025\\\/10\\\/2025-1029-Banner-PRO-scaled.png\",\"datePublished\":\"2025-11-04T08:06:06+00:00\",\"dateModified\":\"2025-11-04T08:48:42+00:00\",\"description\":\"La s\u00e9rie PRO est con\u00e7ue pour les ateliers professionnels, les sp\u00e9cialistes des batteries ou les revendeurs : des outils de charge et de test haute performance d\u00e9velopp\u00e9s pour un usage professionnel.\",\"breadcrumb\":{\"@id\":\"https:\\\/\\\/optimate1.com\\\/pro-chargers\\\/#breadcrumb\"},\"inLanguage\":\"fr-FR\",\"potentialAction\":[{\"@type\":\"ReadAction\",\"target\":[\"https:\\\/\\\/optimate1.com\\\/pro-chargers\\\/\"]}]},{\"@type\":\"ImageObject\",\"inLanguage\":\"fr-FR\",\"@id\":\"https:\\\/\\\/optimate1.com\\\/pro-chargers\\\/#primaryimage\",\"url\":\"https:\\\/\\\/optimate1.com\\\/wp-content\\\/uploads\\\/2025\\\/10\\\/2025-1029-Banner-PRO-scaled.png\",\"contentUrl\":\"https:\\\/\\\/optimate1.com\\\/wp-content\\\/uploads\\\/2025\\\/10\\\/2025-1029-Banner-PRO-scaled.png\"},{\"@type\":\"BreadcrumbList\",\"@id\":\"https:\\\/\\\/optimate1.com\\\/pro-chargers\\\/#breadcrumb\",\"itemListElement\":[{\"@type\":\"ListItem\",\"position\":1,\"name\":\"Home\",\"item\":\"https:\\\/\\\/optimate1.com\\\/\"},{\"@type\":\"ListItem\",\"position\":2,\"name\":\"Chargeurs PRO\"}]},{\"@type\":\"WebSite\",\"@id\":\"https:\\\/\\\/optimate1.com\\\/#website\",\"url\":\"https:\\\/\\\/optimate1.com\\\/\",\"name\":\"OptiMate\",\"description\":\"Battery Chargers &amp; Accessories\",\"publisher\":{\"@id\":\"https:\\\/\\\/optimate1.com\\\/#organization\"},\"potentialAction\":[{\"@type\":\"SearchAction\",\"target\":{\"@type\":\"EntryPoint\",\"urlTemplate\":\"https:\\\/\\\/optimate1.com\\\/?s={search_term_string}\"},\"query-input\":{\"@type\":\"PropertyValueSpecification\",\"valueRequired\":true,\"valueName\":\"search_term_string\"}}],\"inLanguage\":\"fr-FR\"},{\"@type\":\"Organization\",\"@id\":\"https:\\\/\\\/optimate1.com\\\/#organization\",\"name\":\"OptiMate\",\"url\":\"https:\\\/\\\/optimate1.com\\\/\",\"logo\":{\"@type\":\"ImageObject\",\"inLanguage\":\"fr-FR\",\"@id\":\"https:\\\/\\\/optimate1.com\\\/#\\\/schema\\\/logo\\\/image\\\/\",\"url\":\"https:\\\/\\\/optimate1.com\\\/wp-content\\\/uploads\\\/2021\\\/06\\\/optimate-hpbc-stacklogo.jpg\",\"contentUrl\":\"https:\\\/\\\/optimate1.com\\\/wp-content\\\/uploads\\\/2021\\\/06\\\/optimate-hpbc-stacklogo.jpg\",\"width\":1025,\"height\":529,\"caption\":\"OptiMate\"},\"image\":{\"@id\":\"https:\\\/\\\/optimate1.com\\\/#\\\/schema\\\/logo\\\/image\\\/\"},\"sameAs\":[\"https:\\\/\\\/www.facebook.com\\\/OptiMatebatterysavingcharger\\\/\"]}]}<\/script>\n<!-- \/ Yoast SEO plugin. -->","yoast_head_json":{"title":"Chargeurs PRO - OptiMate","description":"La s\u00e9rie PRO est con\u00e7ue pour les ateliers professionnels, les sp\u00e9cialistes des batteries ou les revendeurs : des outils de charge et de test haute performance d\u00e9velopp\u00e9s pour un usage professionnel.","robots":{"index":"index","follow":"follow","max-snippet":"max-snippet:-1","max-image-preview":"max-image-preview:large","max-video-preview":"max-video-preview:-1","archive":"noarchive"},"canonical":"https:\/\/optimate1.com\/pro-chargers\/","og_locale":"fr_FR","og_type":"article","og_title":"Chargeurs PRO - OptiMate","og_description":"La s\u00e9rie PRO est con\u00e7ue pour les ateliers professionnels, les sp\u00e9cialistes des batteries ou les revendeurs : des outils de charge et de test haute performance d\u00e9velopp\u00e9s pour un usage professionnel.","og_url":"https:\/\/optimate1.com\/pro-chargers\/","og_site_name":"OptiMate","article_publisher":"https:\/\/www.facebook.com\/OptiMatebatterysavingcharger\/","article_modified_time":"2025-11-04T08:48:42+00:00","og_image":[{"width":1200,"height":540,"url":"https:\/\/optimate1.com\/wp-content\/uploads\/2020\/10\/SolarHeader_3Artboard-1@3x-100-1.jpg","type":"image\/jpeg"}],"twitter_card":"summary_large_image","twitter_misc":{"Dur\u00e9e de lecture estim\u00e9e":"2 minutes"},"schema":{"@context":"https:\/\/schema.org","@graph":[{"@type":"WebPage","@id":"https:\/\/optimate1.com\/pro-chargers\/","url":"https:\/\/optimate1.com\/pro-chargers\/","name":"Chargeurs PRO - OptiMate","isPartOf":{"@id":"https:\/\/optimate1.com\/#website"},"primaryImageOfPage":{"@id":"https:\/\/optimate1.com\/pro-chargers\/#primaryimage"},"image":{"@id":"https:\/\/optimate1.com\/pro-chargers\/#primaryimage"},"thumbnailUrl":"https:\/\/optimate1.com\/wp-content\/uploads\/2025\/10\/2025-1029-Banner-PRO-scaled.png","datePublished":"2025-11-04T08:06:06+00:00","dateModified":"2025-11-04T08:48:42+00:00","description":"La s\u00e9rie PRO est con\u00e7ue pour les ateliers professionnels, les sp\u00e9cialistes des batteries ou les revendeurs : des outils de charge et de test haute performance d\u00e9velopp\u00e9s pour un usage professionnel.","breadcrumb":{"@id":"https:\/\/optimate1.com\/pro-chargers\/#breadcrumb"},"inLanguage":"fr-FR","potentialAction":[{"@type":"ReadAction","target":["https:\/\/optimate1.com\/pro-chargers\/"]}]},{"@type":"ImageObject","inLanguage":"fr-FR","@id":"https:\/\/optimate1.com\/pro-chargers\/#primaryimage","url":"https:\/\/optimate1.com\/wp-content\/uploads\/2025\/10\/2025-1029-Banner-PRO-scaled.png","contentUrl":"https:\/\/optimate1.com\/wp-content\/uploads\/2025\/10\/2025-1029-Banner-PRO-scaled.png"},{"@type":"BreadcrumbList","@id":"https:\/\/optimate1.com\/pro-chargers\/#breadcrumb","itemListElement":[{"@type":"ListItem","position":1,"name":"Home","item":"https:\/\/optimate1.com\/"},{"@type":"ListItem","position":2,"name":"Chargeurs PRO"}]},{"@type":"WebSite","@id":"https:\/\/optimate1.com\/#website","url":"https:\/\/optimate1.com\/","name":"OptiMate","description":"Battery Chargers &amp; Accessories","publisher":{"@id":"https:\/\/optimate1.com\/#organization"},"potentialAction":[{"@type":"SearchAction","target":{"@type":"EntryPoint","urlTemplate":"https:\/\/optimate1.com\/?s={search_term_string}"},"query-input":{"@type":"PropertyValueSpecification","valueRequired":true,"valueName":"search_term_string"}}],"inLanguage":"fr-FR"},{"@type":"Organization","@id":"https:\/\/optimate1.com\/#organization","name":"OptiMate","url":"https:\/\/optimate1.com\/","logo":{"@type":"ImageObject","inLanguage":"fr-FR","@id":"https:\/\/optimate1.com\/#\/schema\/logo\/image\/","url":"https:\/\/optimate1.com\/wp-content\/uploads\/2021\/06\/optimate-hpbc-stacklogo.jpg","contentUrl":"https:\/\/optimate1.com\/wp-content\/uploads\/2021\/06\/optimate-hpbc-stacklogo.jpg","width":1025,"height":529,"caption":"OptiMate"},"image":{"@id":"https:\/\/optimate1.com\/#\/schema\/logo\/image\/"},"sameAs":["https:\/\/www.facebook.com\/OptiMatebatterysavingcharger\/"]}]}},"_links":{"self":[{"href":"https:\/\/optimate1.com\/fr\/wp-json\/wp\/v2\/pages\/40321","targetHints":{"allow":["GET"]}}],"collection":[{"href":"https:\/\/optimate1.com\/fr\/wp-json\/wp\/v2\/pages"}],"about":[{"href":"https:\/\/optimate1.com\/fr\/wp-json\/wp\/v2\/types\/page"}],"author":[{"embeddable":true,"href":"https:\/\/optimate1.com\/fr\/wp-json\/wp\/v2\/users\/12"}],"replies":[{"embeddable":true,"href":"https:\/\/optimate1.com\/fr\/wp-json\/wp\/v2\/comments?post=40321"}],"version-history":[{"count":2,"href":"https:\/\/optimate1.com\/fr\/wp-json\/wp\/v2\/pages\/40321\/revisions"}],"predecessor-version":[{"id":40329,"href":"https:\/\/optimate1.com\/fr\/wp-json\/wp\/v2\/pages\/40321\/revisions\/40329"}],"wp:attachment":[{"href":"https:\/\/optimate1.com\/fr\/wp-json\/wp\/v2\/media?parent=40321"}],"curies":[{"name":"wp","href":"https:\/\/api.w.org\/{rel}","templated":true}]}}