{"id":9748,"date":"2019-07-18T15:00:50","date_gmt":"2019-07-18T19:00:50","guid":{"rendered":"https:\/\/optimate1.com\/notre-histoire\/"},"modified":"2019-10-15T06:29:25","modified_gmt":"2019-10-15T10:29:25","slug":"notre-histoire","status":"publish","type":"page","link":"https:\/\/optimate1.com\/fr\/notre-histoire\/","title":{"rendered":"Notre Histoire"},"content":{"rendered":"<p>Depuis 1994, les chargeurs de batterie \u00e0 haute performance OptiMate prolongent la dur\u00e9e de vie et am\u00e9liorent les performances des batteries au plomb AGM, GEL et STD et des batteries au lithium LiFePO4 (lithium-fer-phosphate). Plus de 15\u00a0constructeurs automobiles et fabricants de batteries \u00e0 haute performance et des millions de particuliers satisfaits dans le monde entier font confiance \u00e0 OptiMate, non seulement pour sa fiabilit\u00e9 in\u00e9galable, mais aussi pour ses caract\u00e9ristiques de performance uniques\u00a0: contr\u00f4le Ampmatic qui r\u00e8gle le courant de charge pour s&#8217;adapter \u00e0 la taille et \u00e0 l&#8217;\u00e9tat de la batterie, charge finale par impulsions qui \u00e9quilibre efficacement les cellules en \u00e9vitant toute surcharge, programme de maintenance \u00ab\u00a0connecter et oublier\u00a0\u00bb 24\u00a0heures sur 24, 7\u00a0jours sur 7, qui garantit le bon fonctionnement des batteries et pour ceux qui ont oubli\u00e9 de charger leurs batteries, la m\u00e9thode unique d&#8217;\u00e9conomie d&#8217;\u00e9nergie d&#8217;OptiMate r\u00e9cup\u00e8re les batteries \u00e0 plat que les autres chargeurs ne peuvent pas r\u00e9cup\u00e9rer. Respectez l&#8217;environnement gr\u00e2ce aux produits \u00e9lectroniques OptiMate\u00a0: enti\u00e8rement automatiques, basse consommation, \u00e0 brancher n&#8217;importe o\u00f9 (100-240\u00a0V)&#8230; Obtenez les meilleures performances tout en \u00e9conomisant de l&#8217;\u00e9nergie.<\/p>\n<p>La gamme d&#8217;accessoires OptiMate comprend des testeurs de batterie ainsi que des produits, des c\u00e2bles et des connecteurs USB, le tout de qualit\u00e9 et fiabilit\u00e9 sup\u00e9rieures.<\/p>\n<p>Tous les produits OptiMate sont con\u00e7us par TecMate, qui s&#8217;efforce continuellement d&#8217;am\u00e9liorer les produits existants et de donner vie \u00e0 de nouveaux produits uniques. OptiMate est une marque d\u00e9pos\u00e9e.<\/p>\n","protected":false},"excerpt":{"rendered":"<p>Depuis 1994, les chargeurs de batterie \u00e0 haute performance OptiMate prolongent la dur\u00e9e de vie et am\u00e9liorent les performances des batteries au plomb AGM, GEL et STD et des batteries au lithium LiFePO4 (lithium-fer-phosphate). Plus de 15\u00a0constructeurs automobiles et fabricants de batteries \u00e0 haute performance et des millions de particuliers satisfaits dans le monde entier &hellip;<\/p>\n<p class=\"read-more\"> <a class=\" thunk-readmore button \" href=\"https:\/\/optimate1.com\/fr\/notre-histoire\/\"> <span class=\"screen-reader-text\">Notre Histoire<\/span>Read More<\/a><\/p>\n","protected":false},"author":12,"featured_media":0,"parent":0,"menu_order":39,"comment_status":"closed","ping_status":"closed","template":"","meta":{"footnotes":""},"class_list":["post-9748","page","type-page","status-publish","hentry","thunk-woo-product-list","opn-qv-enable","big-store-woo-hover-","open-single-product-tab-horizontal","open-shadow-","open-shadow-hover-"],"yoast_head":"<!-- This site is optimized with the Yoast SEO plugin v27.2 - https:\/\/yoast.com\/product\/yoast-seo-wordpress\/ -->\n<title>Notre Histoire - OptiMate<\/title>\n<meta name=\"robots\" content=\"index, follow, max-snippet:-1, max-image-preview:large, max-video-preview:-1\" \/>\n<link rel=\"canonical\" href=\"https:\/\/optimate1.com\/about\/\" \/>\n<meta property=\"og:locale\" content=\"fr_FR\" \/>\n<meta property=\"og:type\" content=\"article\" \/>\n<meta property=\"og:title\" content=\"Notre Histoire - OptiMate\" \/>\n<meta property=\"og:description\" content=\"Depuis 1994, les chargeurs de batterie \u00e0 haute performance OptiMate prolongent la dur\u00e9e de vie et am\u00e9liorent les performances des batteries au plomb AGM, GEL et STD et des batteries au lithium LiFePO4 (lithium-fer-phosphate). Plus de 15\u00a0constructeurs automobiles et fabricants de batteries \u00e0 haute performance et des millions de particuliers satisfaits dans le monde entier &hellip; Notre HistoireRead More\" \/>\n<meta property=\"og:url\" content=\"https:\/\/optimate1.com\/about\/\" \/>\n<meta property=\"og:site_name\" content=\"OptiMate\" \/>\n<meta property=\"article:publisher\" content=\"https:\/\/www.facebook.com\/OptiMatebatterysavingcharger\/\" \/>\n<meta property=\"article:modified_time\" content=\"2019-10-15T10:29:25+00:00\" \/>\n<meta property=\"og:image\" content=\"https:\/\/optimate1.com\/wp-content\/uploads\/2026\/03\/OptiMate-High-Performance-Battery-chargers.jpg\" \/>\n\t<meta property=\"og:image:width\" content=\"1200\" \/>\n\t<meta property=\"og:image:height\" content=\"675\" \/>\n\t<meta property=\"og:image:type\" content=\"image\/jpeg\" \/>\n<meta name=\"twitter:card\" content=\"summary_large_image\" \/>\n<meta name=\"twitter:label1\" content=\"Dur\u00e9e de lecture estim\u00e9e\" \/>\n\t<meta name=\"twitter:data1\" content=\"1 minute\" \/>\n<script type=\"application\/ld+json\" class=\"yoast-schema-graph\">{\"@context\":\"https:\/\/schema.org\",\"@graph\":[{\"@type\":\"WebPage\",\"@id\":\"https:\/\/optimate1.com\/about\/\",\"url\":\"https:\/\/optimate1.com\/about\/\",\"name\":\"Notre Histoire - OptiMate\",\"isPartOf\":{\"@id\":\"https:\/\/optimate1.com\/#website\"},\"datePublished\":\"2019-07-18T19:00:50+00:00\",\"dateModified\":\"2019-10-15T10:29:25+00:00\",\"breadcrumb\":{\"@id\":\"https:\/\/optimate1.com\/about\/#breadcrumb\"},\"inLanguage\":\"fr-FR\",\"potentialAction\":[{\"@type\":\"ReadAction\",\"target\":[\"https:\/\/optimate1.com\/about\/\"]}]},{\"@type\":\"BreadcrumbList\",\"@id\":\"https:\/\/optimate1.com\/about\/#breadcrumb\",\"itemListElement\":[{\"@type\":\"ListItem\",\"position\":1,\"name\":\"Home\",\"item\":\"https:\/\/optimate1.com\/\"},{\"@type\":\"ListItem\",\"position\":2,\"name\":\"Notre Histoire\"}]},{\"@type\":\"WebSite\",\"@id\":\"https:\/\/optimate1.com\/#website\",\"url\":\"https:\/\/optimate1.com\/\",\"name\":\"OptiMate\",\"description\":\"Battery Chargers &amp; Accessories\",\"publisher\":{\"@id\":\"https:\/\/optimate1.com\/#organization\"},\"potentialAction\":[{\"@type\":\"SearchAction\",\"target\":{\"@type\":\"EntryPoint\",\"urlTemplate\":\"https:\/\/optimate1.com\/?s={search_term_string}\"},\"query-input\":{\"@type\":\"PropertyValueSpecification\",\"valueRequired\":true,\"valueName\":\"search_term_string\"}}],\"inLanguage\":\"fr-FR\"},{\"@type\":\"Organization\",\"@id\":\"https:\/\/optimate1.com\/#organization\",\"name\":\"OptiMate\",\"url\":\"https:\/\/optimate1.com\/\",\"logo\":{\"@type\":\"ImageObject\",\"inLanguage\":\"fr-FR\",\"@id\":\"https:\/\/optimate1.com\/#\/schema\/logo\/image\/\",\"url\":\"https:\/\/optimate1.com\/wp-content\/uploads\/2021\/06\/optimate-hpbc-stacklogo.jpg\",\"contentUrl\":\"https:\/\/optimate1.com\/wp-content\/uploads\/2021\/06\/optimate-hpbc-stacklogo.jpg\",\"width\":1025,\"height\":529,\"caption\":\"OptiMate\"},\"image\":{\"@id\":\"https:\/\/optimate1.com\/#\/schema\/logo\/image\/\"},\"sameAs\":[\"https:\/\/www.facebook.com\/OptiMatebatterysavingcharger\/\"]}]}<\/script>\n<!-- \/ Yoast SEO plugin. -->","yoast_head_json":{"title":"Notre Histoire - OptiMate","robots":{"index":"index","follow":"follow","max-snippet":"max-snippet:-1","max-image-preview":"max-image-preview:large","max-video-preview":"max-video-preview:-1"},"canonical":"https:\/\/optimate1.com\/about\/","og_locale":"fr_FR","og_type":"article","og_title":"Notre Histoire - OptiMate","og_description":"Depuis 1994, les chargeurs de batterie \u00e0 haute performance OptiMate prolongent la dur\u00e9e de vie et am\u00e9liorent les performances des batteries au plomb AGM, GEL et STD et des batteries au lithium LiFePO4 (lithium-fer-phosphate). Plus de 15\u00a0constructeurs automobiles et fabricants de batteries \u00e0 haute performance et des millions de particuliers satisfaits dans le monde entier &hellip; Notre HistoireRead More","og_url":"https:\/\/optimate1.com\/about\/","og_site_name":"OptiMate","article_publisher":"https:\/\/www.facebook.com\/OptiMatebatterysavingcharger\/","article_modified_time":"2019-10-15T10:29:25+00:00","og_image":[{"width":1200,"height":675,"url":"https:\/\/optimate1.com\/wp-content\/uploads\/2026\/03\/OptiMate-High-Performance-Battery-chargers.jpg","type":"image\/jpeg"}],"twitter_card":"summary_large_image","twitter_misc":{"Dur\u00e9e de lecture estim\u00e9e":"1 minute"},"schema":{"@context":"https:\/\/schema.org","@graph":[{"@type":"WebPage","@id":"https:\/\/optimate1.com\/about\/","url":"https:\/\/optimate1.com\/about\/","name":"Notre Histoire - OptiMate","isPartOf":{"@id":"https:\/\/optimate1.com\/#website"},"datePublished":"2019-07-18T19:00:50+00:00","dateModified":"2019-10-15T10:29:25+00:00","breadcrumb":{"@id":"https:\/\/optimate1.com\/about\/#breadcrumb"},"inLanguage":"fr-FR","potentialAction":[{"@type":"ReadAction","target":["https:\/\/optimate1.com\/about\/"]}]},{"@type":"BreadcrumbList","@id":"https:\/\/optimate1.com\/about\/#breadcrumb","itemListElement":[{"@type":"ListItem","position":1,"name":"Home","item":"https:\/\/optimate1.com\/"},{"@type":"ListItem","position":2,"name":"Notre Histoire"}]},{"@type":"WebSite","@id":"https:\/\/optimate1.com\/#website","url":"https:\/\/optimate1.com\/","name":"OptiMate","description":"Battery Chargers &amp; Accessories","publisher":{"@id":"https:\/\/optimate1.com\/#organization"},"potentialAction":[{"@type":"SearchAction","target":{"@type":"EntryPoint","urlTemplate":"https:\/\/optimate1.com\/?s={search_term_string}"},"query-input":{"@type":"PropertyValueSpecification","valueRequired":true,"valueName":"search_term_string"}}],"inLanguage":"fr-FR"},{"@type":"Organization","@id":"https:\/\/optimate1.com\/#organization","name":"OptiMate","url":"https:\/\/optimate1.com\/","logo":{"@type":"ImageObject","inLanguage":"fr-FR","@id":"https:\/\/optimate1.com\/#\/schema\/logo\/image\/","url":"https:\/\/optimate1.com\/wp-content\/uploads\/2021\/06\/optimate-hpbc-stacklogo.jpg","contentUrl":"https:\/\/optimate1.com\/wp-content\/uploads\/2021\/06\/optimate-hpbc-stacklogo.jpg","width":1025,"height":529,"caption":"OptiMate"},"image":{"@id":"https:\/\/optimate1.com\/#\/schema\/logo\/image\/"},"sameAs":["https:\/\/www.facebook.com\/OptiMatebatterysavingcharger\/"]}]}},"_links":{"self":[{"href":"https:\/\/optimate1.com\/fr\/wp-json\/wp\/v2\/pages\/9748","targetHints":{"allow":["GET"]}}],"collection":[{"href":"https:\/\/optimate1.com\/fr\/wp-json\/wp\/v2\/pages"}],"about":[{"href":"https:\/\/optimate1.com\/fr\/wp-json\/wp\/v2\/types\/page"}],"author":[{"embeddable":true,"href":"https:\/\/optimate1.com\/fr\/wp-json\/wp\/v2\/users\/12"}],"replies":[{"embeddable":true,"href":"https:\/\/optimate1.com\/fr\/wp-json\/wp\/v2\/comments?post=9748"}],"version-history":[{"count":0,"href":"https:\/\/optimate1.com\/fr\/wp-json\/wp\/v2\/pages\/9748\/revisions"}],"wp:attachment":[{"href":"https:\/\/optimate1.com\/fr\/wp-json\/wp\/v2\/media?parent=9748"}],"curies":[{"name":"wp","href":"https:\/\/api.w.org\/{rel}","templated":true}]}}