{"id":15197,"date":"2019-10-17T09:36:21","date_gmt":"2019-10-17T13:36:21","guid":{"rendered":"https:\/\/optimate1.com\/product\/optimate-led-o-124-copy\/"},"modified":"2022-09-14T05:11:13","modified_gmt":"2022-09-14T09:11:13","slug":"optimate-led-o-124-x20-fr","status":"publish","type":"product","link":"https:\/\/optimate1.com\/fr\/produit\/optimate-led-o-124-x20-fr\/","title":{"rendered":"OptiMate MONITOR O-124 x20"},"content":{"rendered":"<h3 class=\"entry-summary hidden-phone\"><strong>C\u00e2ble de batterie r\u00e9sistant aux intemp\u00e9ries avec contr\u00f4le de l&#8217;\u00e9tat de charge pour la batterie plomb-acide 12V de votre v\u00e9hicule de sport motoris\u00e9 parqu\u00e9<i> &#8211; \u00c9tat de la batterie 24-7, en un clignotement de LED!\u00a0<\/i><\/strong><\/h3>\n<ul>\n<li style=\"list-style-type: none;\">\n<ul>\n<li style=\"list-style-type: none;\">\n<ul>\n<li style=\"list-style-type: none;\">\n<ul>\n<li style=\"list-style-type: none;\">\n<ul>\n<li style=\"list-style-type: none;\"><\/li>\n<\/ul>\n<\/li>\n<\/ul>\n<\/li>\n<\/ul>\n<\/li>\n<\/ul>\n<\/li>\n<\/ul>\n<h6 style=\"text-align: center;\"><img loading=\"lazy\" decoding=\"async\" class=\"aligncenter wp-image-20660\" src=\"https:\/\/optimate1.com\/wp-content\/uploads\/2022\/09\/O-124-battery-range-copy.png\" alt=\"The battery monitor 12v is ideal for 12V lead-acid batteries (AGM, STD, GEL and Spiral)\" width=\"428\" height=\"100\" \/><img loading=\"lazy\" decoding=\"async\" class=\"aligncenter wp-image-20668\" src=\"https:\/\/optimate1.com\/wp-content\/uploads\/2022\/09\/O-124-vehicle-range-copy.png\" alt=\"The battery monitor 12v is recommended for cars, boats and maritime\" width=\"428\" height=\"66\" \/><strong><span style=\"color: #10069f;\">Parfait pour les batteries de 12V au plomb-acide, contenues dans les v\u00e9hicules et navires ci-dessus.<\/span><\/strong><\/h6>\n<p>&nbsp;<\/p>\n<h6 style=\"text-align: center;\"><img loading=\"lazy\" decoding=\"async\" class=\"aligncenter wp-image-20876\" src=\"https:\/\/optimate1.com\/wp-content\/uploads\/2022\/09\/rings-SAE-copy.png\" alt=\"It has a SAE quick connect charge port for charing battery.\" width=\"428\" height=\"70\" \/><\/h6>\n<h6 style=\"text-align: center;\"><strong><span style=\"color: #10069f;\"><b>Port de charge SAE \u00e0 connexion rapide pour charger la batterie en cas de besoin!<\/b><\/span><\/strong><\/h6>\n<p>&nbsp;<\/p>\n<h6 style=\"text-align: center;\"><img loading=\"lazy\" decoding=\"async\" class=\"aligncenter wp-image-20876\" src=\"https:\/\/optimate1.com\/wp-content\/uploads\/2022\/09\/o-124-length_Xx-final.png\" alt=\"The battery monitor 12V has ringlets that fit a variety of battery terminals with 15A fuse that protects -40\u00b0 rated cable and electronics\" width=\"428\" height=\"70\" \/><\/h6>\n<h6 style=\"text-align: center;\"><strong><span style=\"color: #10069f;\"><b>Avec des cosses M6 \/ 1\/4\u2033 qui s\u2019adaptent parfaitement aux bornes de votre batterie de sport motoris\u00e9, et un fusible 15A qui prot\u00e8ge le c\u00e2ble et l\u2019\u00e9lectronique r\u00e9sistants \u00e0 -40\u00b0C &#8211; <i>Qualit\u00e9 Premium!<\/i><\/b><\/span><\/strong><\/h6>\n<p>&nbsp;<\/p>\n<h4 style=\"text-align: center;\"><strong><span style=\"text-decoration: underline;\">MONITEUR D\u2019\u00c9TAT DE CHARGE DE LA BATTERIE:<\/span><\/strong><\/h4>\n<p style=\"text-align: center;\">\n<table id=\"tablepress-42\" class=\"tablepress tablepress-id-42\">\n<tbody class=\"row-hover\">\n<tr class=\"row-1\">\n\t<td class=\"column-1\"><a href=\"\"><img loading=\"lazy\" decoding=\"async\" src=\"https:\/\/optimate1.com\/wp-content\/uploads\/2022\/04\/O-128_sealed-cap_long-copy.png\" alt=\"\" width=\"600\" height=\"50\" class=\"aligncenter size-medium wp-image-20927\" \/><\/a><body><h6><center>Avec bouchon \u00e9tanche r\u00e9sistant. <\/body><\/h6><\/center><br \/>\n<\/td>\n<\/tr>\n<tr class=\"row-2\">\n\t<td class=\"column-1\"><a href=\"\"><img loading=\"lazy\" decoding=\"async\" src=\"https:\/\/optimate1.com\/wp-content\/uploads\/2021\/02\/LEDs-1-01.jpg\" alt=\"\" width=\"145\" height=\"50\" class=\"aligncenter size-medium wp-image-20927\" \/><\/a><body><h6><center>\u00c9tat de la batterie indiqu\u00e9 toutes les 3 secondes (LED clignote). <\/body><\/h6><\/center><br \/>\n<\/td>\n<\/tr>\n<tr class=\"row-3\">\n\t<td class=\"column-1\"><a href=\"\"><img loading=\"lazy\" decoding=\"async\" src=\"https:\/\/optimate1.com\/wp-content\/uploads\/2021\/02\/LEDs-2-01.png\" alt=\"\" width=\"145\" height=\"50\" class=\"aligncenter size-medium wp-image-20982\" \/><\/a><body><h6><center>Indication d'\u00e9tat pour une batterie AGM haute performance.<\/center><\/h6><\/body><\/td>\n<\/tr>\n<tr class=\"row-4\">\n\t<td class=\"column-1\"><a href=\"\"><img loading=\"lazy\" decoding=\"async\" src=\"https:\/\/optimate1.com\/wp-content\/uploads\/2021\/02\/LEDs-3-01.png\" alt=\"\" width=\"145\" height=\"50\" class=\"aligncenter size-medium wp-image-20993\" \/><\/a><body><h6><center>Plage de charge id\u00e9al quand le moteur tourne - 13.5V \u00e0 14.5V.<\/body><\/h6><\/center><\/td>\n<\/tr>\n<\/tbody>\n<\/table>\n<!-- #tablepress-42 from cache --><\/p>\n","protected":false},"excerpt":{"rendered":"<h3><span style=\"color: #cd202c;\">C\u00e2ble de batterie permanent pour sport motoris\u00e9 avec contr\u00f4le du syst\u00e8me de charge\/de l&#8217;\u00e9tat de la batterie int\u00e9gr\u00e9 pour batterie plomb-acide 12V.\u00a0<\/span><\/h3>\n","protected":false},"featured_media":15121,"template":"","meta":[],"product_brand":[],"product_cat":[1058,395],"product_tag":[],"class_list":{"0":"post-15197","1":"product","2":"type-product","3":"status-publish","4":"has-post-thumbnail","6":"product_cat-cablesconnectors-fr","7":"product_cat-battery-testers-fr","8":"pa_cable-type-battery-lead-fr","9":"pa_cable-type-battery-lead-w-led-fr","10":"pa_cable-type-smart-led-monitor-fr","11":"pa_connector-type-ring-m6-1-4-fr","12":"pa_region-ca-fr","13":"pa_region-eu-fr-2","14":"pa_region-uk-fr-2","15":"pa_region-us-fr-2","16":"iside_cable_type-cable-de-batterie-avec-moniteur","17":"iside_connector_type-anneaux-m6-m8","18":"compatible_with-batterie-moto-pwc","19":"compatible_with-batterie-voiture-camion-bateau","20":"thunk-woo-product-list","21":"opn-qv-enable","22":"big-store-woo-hover-","23":"open-single-product-tab-horizontal","24":"open-shadow-","25":"open-shadow-hover-","27":"first","28":"instock","29":"featured","30":"shipping-taxable","31":"purchasable","32":"product-type-simple"},"yoast_head":"<!-- This site is optimized with the Yoast SEO plugin v27.2 - https:\/\/yoast.com\/product\/yoast-seo-wordpress\/ -->\n<title>OptiMate MONITOR O-124 x20 - OptiMate<\/title>\n<meta name=\"robots\" content=\"index, follow, max-snippet:-1, max-image-preview:large, max-video-preview:-1, noarchive\" \/>\n<link rel=\"canonical\" href=\"https:\/\/optimate1.com\/product\/optimate-led-o-124-jar\/\" \/>\n<meta property=\"og:locale\" content=\"fr_FR\" \/>\n<meta property=\"og:type\" content=\"article\" \/>\n<meta property=\"og:title\" content=\"OptiMate MONITOR O-124 x20 - OptiMate\" \/>\n<meta property=\"og:description\" content=\"C\u00e2ble de batterie permanent pour sport motoris\u00e9 avec contr\u00f4le du syst\u00e8me de charge\/de l&#039;\u00e9tat de la batterie int\u00e9gr\u00e9 pour batterie plomb-acide 12V.\u00a0\" \/>\n<meta property=\"og:url\" content=\"https:\/\/optimate1.com\/product\/optimate-led-o-124-jar\/\" \/>\n<meta property=\"og:site_name\" content=\"OptiMate\" \/>\n<meta property=\"article:publisher\" content=\"https:\/\/www.facebook.com\/OptiMatebatterysavingcharger\/\" \/>\n<meta property=\"article:modified_time\" content=\"2022-09-14T09:11:13+00:00\" \/>\n<meta property=\"og:image\" content=\"https:\/\/optimate1.com\/wp-content\/uploads\/2019\/10\/OptiMate-O124-JAR-1.jpg\" \/>\n\t<meta property=\"og:image:width\" content=\"900\" \/>\n\t<meta property=\"og:image:height\" content=\"900\" \/>\n\t<meta property=\"og:image:type\" content=\"image\/jpeg\" \/>\n<meta name=\"twitter:card\" content=\"summary_large_image\" \/>\n<meta name=\"twitter:label1\" content=\"Dur\u00e9e de lecture estim\u00e9e\" \/>\n\t<meta name=\"twitter:data1\" content=\"1 minute\" \/>\n<script type=\"application\/ld+json\" class=\"yoast-schema-graph\">{\"@context\":\"https:\/\/schema.org\",\"@graph\":[{\"@type\":\"WebPage\",\"@id\":\"https:\/\/optimate1.com\/product\/optimate-led-o-124-jar\/\",\"url\":\"https:\/\/optimate1.com\/product\/optimate-led-o-124-jar\/\",\"name\":\"OptiMate MONITOR O-124 x20 - OptiMate\",\"isPartOf\":{\"@id\":\"https:\/\/optimate1.com\/#website\"},\"primaryImageOfPage\":{\"@id\":\"https:\/\/optimate1.com\/product\/optimate-led-o-124-jar\/#primaryimage\"},\"image\":{\"@id\":\"https:\/\/optimate1.com\/product\/optimate-led-o-124-jar\/#primaryimage\"},\"thumbnailUrl\":\"https:\/\/optimate1.com\/wp-content\/uploads\/2019\/10\/OptiMate-O124-JAR-1.jpg\",\"datePublished\":\"2019-10-17T13:36:21+00:00\",\"dateModified\":\"2022-09-14T09:11:13+00:00\",\"breadcrumb\":{\"@id\":\"https:\/\/optimate1.com\/product\/optimate-led-o-124-jar\/#breadcrumb\"},\"inLanguage\":\"fr-FR\",\"potentialAction\":[{\"@type\":\"ReadAction\",\"target\":[\"https:\/\/optimate1.com\/product\/optimate-led-o-124-jar\/\"]}]},{\"@type\":\"ImageObject\",\"inLanguage\":\"fr-FR\",\"@id\":\"https:\/\/optimate1.com\/product\/optimate-led-o-124-jar\/#primaryimage\",\"url\":\"https:\/\/optimate1.com\/wp-content\/uploads\/2019\/10\/OptiMate-O124-JAR-1.jpg\",\"contentUrl\":\"https:\/\/optimate1.com\/wp-content\/uploads\/2019\/10\/OptiMate-O124-JAR-1.jpg\",\"width\":900,\"height\":900,\"caption\":\"lead acid 12V charger product image\"},{\"@type\":\"BreadcrumbList\",\"@id\":\"https:\/\/optimate1.com\/product\/optimate-led-o-124-jar\/#breadcrumb\",\"itemListElement\":[{\"@type\":\"ListItem\",\"position\":1,\"name\":\"Home\",\"item\":\"https:\/\/optimate1.com\/\"},{\"@type\":\"ListItem\",\"position\":2,\"name\":\"Produits\",\"item\":\"https:\/\/optimate1.com\/shop\/\"},{\"@type\":\"ListItem\",\"position\":3,\"name\":\"OptiMate MONITOR O-124 x20\"}]},{\"@type\":\"WebSite\",\"@id\":\"https:\/\/optimate1.com\/#website\",\"url\":\"https:\/\/optimate1.com\/\",\"name\":\"OptiMate\",\"description\":\"Battery Chargers &amp; Accessories\",\"publisher\":{\"@id\":\"https:\/\/optimate1.com\/#organization\"},\"potentialAction\":[{\"@type\":\"SearchAction\",\"target\":{\"@type\":\"EntryPoint\",\"urlTemplate\":\"https:\/\/optimate1.com\/?s={search_term_string}\"},\"query-input\":{\"@type\":\"PropertyValueSpecification\",\"valueRequired\":true,\"valueName\":\"search_term_string\"}}],\"inLanguage\":\"fr-FR\"},{\"@type\":\"Organization\",\"@id\":\"https:\/\/optimate1.com\/#organization\",\"name\":\"OptiMate\",\"url\":\"https:\/\/optimate1.com\/\",\"logo\":{\"@type\":\"ImageObject\",\"inLanguage\":\"fr-FR\",\"@id\":\"https:\/\/optimate1.com\/#\/schema\/logo\/image\/\",\"url\":\"https:\/\/optimate1.com\/wp-content\/uploads\/2021\/06\/optimate-hpbc-stacklogo.jpg\",\"contentUrl\":\"https:\/\/optimate1.com\/wp-content\/uploads\/2021\/06\/optimate-hpbc-stacklogo.jpg\",\"width\":1025,\"height\":529,\"caption\":\"OptiMate\"},\"image\":{\"@id\":\"https:\/\/optimate1.com\/#\/schema\/logo\/image\/\"},\"sameAs\":[\"https:\/\/www.facebook.com\/OptiMatebatterysavingcharger\/\"]}]}<\/script>\n<!-- \/ Yoast SEO plugin. -->","yoast_head_json":{"title":"OptiMate MONITOR O-124 x20 - OptiMate","robots":{"index":"index","follow":"follow","max-snippet":"max-snippet:-1","max-image-preview":"max-image-preview:large","max-video-preview":"max-video-preview:-1","archive":"noarchive"},"canonical":"https:\/\/optimate1.com\/product\/optimate-led-o-124-jar\/","og_locale":"fr_FR","og_type":"article","og_title":"OptiMate MONITOR O-124 x20 - OptiMate","og_description":"C\u00e2ble de batterie permanent pour sport motoris\u00e9 avec contr\u00f4le du syst\u00e8me de charge\/de l'\u00e9tat de la batterie int\u00e9gr\u00e9 pour batterie plomb-acide 12V.\u00a0","og_url":"https:\/\/optimate1.com\/product\/optimate-led-o-124-jar\/","og_site_name":"OptiMate","article_publisher":"https:\/\/www.facebook.com\/OptiMatebatterysavingcharger\/","article_modified_time":"2022-09-14T09:11:13+00:00","og_image":[{"width":900,"height":900,"url":"https:\/\/optimate1.com\/wp-content\/uploads\/2019\/10\/OptiMate-O124-JAR-1.jpg","type":"image\/jpeg"}],"twitter_card":"summary_large_image","twitter_misc":{"Dur\u00e9e de lecture estim\u00e9e":"1 minute"},"schema":{"@context":"https:\/\/schema.org","@graph":[{"@type":"WebPage","@id":"https:\/\/optimate1.com\/product\/optimate-led-o-124-jar\/","url":"https:\/\/optimate1.com\/product\/optimate-led-o-124-jar\/","name":"OptiMate MONITOR O-124 x20 - OptiMate","isPartOf":{"@id":"https:\/\/optimate1.com\/#website"},"primaryImageOfPage":{"@id":"https:\/\/optimate1.com\/product\/optimate-led-o-124-jar\/#primaryimage"},"image":{"@id":"https:\/\/optimate1.com\/product\/optimate-led-o-124-jar\/#primaryimage"},"thumbnailUrl":"https:\/\/optimate1.com\/wp-content\/uploads\/2019\/10\/OptiMate-O124-JAR-1.jpg","datePublished":"2019-10-17T13:36:21+00:00","dateModified":"2022-09-14T09:11:13+00:00","breadcrumb":{"@id":"https:\/\/optimate1.com\/product\/optimate-led-o-124-jar\/#breadcrumb"},"inLanguage":"fr-FR","potentialAction":[{"@type":"ReadAction","target":["https:\/\/optimate1.com\/product\/optimate-led-o-124-jar\/"]}]},{"@type":"ImageObject","inLanguage":"fr-FR","@id":"https:\/\/optimate1.com\/product\/optimate-led-o-124-jar\/#primaryimage","url":"https:\/\/optimate1.com\/wp-content\/uploads\/2019\/10\/OptiMate-O124-JAR-1.jpg","contentUrl":"https:\/\/optimate1.com\/wp-content\/uploads\/2019\/10\/OptiMate-O124-JAR-1.jpg","width":900,"height":900,"caption":"lead acid 12V charger product image"},{"@type":"BreadcrumbList","@id":"https:\/\/optimate1.com\/product\/optimate-led-o-124-jar\/#breadcrumb","itemListElement":[{"@type":"ListItem","position":1,"name":"Home","item":"https:\/\/optimate1.com\/"},{"@type":"ListItem","position":2,"name":"Produits","item":"https:\/\/optimate1.com\/shop\/"},{"@type":"ListItem","position":3,"name":"OptiMate MONITOR O-124 x20"}]},{"@type":"WebSite","@id":"https:\/\/optimate1.com\/#website","url":"https:\/\/optimate1.com\/","name":"OptiMate","description":"Battery Chargers &amp; Accessories","publisher":{"@id":"https:\/\/optimate1.com\/#organization"},"potentialAction":[{"@type":"SearchAction","target":{"@type":"EntryPoint","urlTemplate":"https:\/\/optimate1.com\/?s={search_term_string}"},"query-input":{"@type":"PropertyValueSpecification","valueRequired":true,"valueName":"search_term_string"}}],"inLanguage":"fr-FR"},{"@type":"Organization","@id":"https:\/\/optimate1.com\/#organization","name":"OptiMate","url":"https:\/\/optimate1.com\/","logo":{"@type":"ImageObject","inLanguage":"fr-FR","@id":"https:\/\/optimate1.com\/#\/schema\/logo\/image\/","url":"https:\/\/optimate1.com\/wp-content\/uploads\/2021\/06\/optimate-hpbc-stacklogo.jpg","contentUrl":"https:\/\/optimate1.com\/wp-content\/uploads\/2021\/06\/optimate-hpbc-stacklogo.jpg","width":1025,"height":529,"caption":"OptiMate"},"image":{"@id":"https:\/\/optimate1.com\/#\/schema\/logo\/image\/"},"sameAs":["https:\/\/www.facebook.com\/OptiMatebatterysavingcharger\/"]}]}},"_links":{"self":[{"href":"https:\/\/optimate1.com\/fr\/wp-json\/wp\/v2\/product\/15197","targetHints":{"allow":["GET"]}}],"collection":[{"href":"https:\/\/optimate1.com\/fr\/wp-json\/wp\/v2\/product"}],"about":[{"href":"https:\/\/optimate1.com\/fr\/wp-json\/wp\/v2\/types\/product"}],"wp:featuredmedia":[{"embeddable":true,"href":"https:\/\/optimate1.com\/fr\/wp-json\/wp\/v2\/media\/15121"}],"wp:attachment":[{"href":"https:\/\/optimate1.com\/fr\/wp-json\/wp\/v2\/media?parent=15197"}],"wp:term":[{"taxonomy":"product_brand","embeddable":true,"href":"https:\/\/optimate1.com\/fr\/wp-json\/wp\/v2\/product_brand?post=15197"},{"taxonomy":"product_cat","embeddable":true,"href":"https:\/\/optimate1.com\/fr\/wp-json\/wp\/v2\/product_cat?post=15197"},{"taxonomy":"product_tag","embeddable":true,"href":"https:\/\/optimate1.com\/fr\/wp-json\/wp\/v2\/product_tag?post=15197"}],"curies":[{"name":"wp","href":"https:\/\/api.w.org\/{rel}","templated":true}]}}