{"id":15687,"date":"2020-01-16T18:55:01","date_gmt":"2020-01-16T23:55:01","guid":{"rendered":"https:\/\/optimate1.com\/product\/optimate-monitor-o-127-b\/"},"modified":"2024-12-16T09:00:21","modified_gmt":"2024-12-16T14:00:21","slug":"optimate-monitor-o-127","status":"publish","type":"product","link":"https:\/\/optimate1.com\/fr\/produit\/optimate-monitor-o-127\/","title":{"rendered":"OptiMate Lithium MONITOR O-127"},"content":{"rendered":"<h3 class=\"entry-summary hidden-phone\">C\u00e2ble de batterie r\u00e9sistant aux intemp\u00e9ries avec contr\u00f4le de l&#8217;\u00e9tat de charge pour la batterie plomb-acide 12.8V\/13.2V LifePO4 \/ LFP de votre v\u00e9hicule de performance parqu\u00e9 &#8211; <i>\u00c9tat de la batterie 24-7, en un clignotement de LED!\u00a0<\/i><\/h3>\n<h6 style=\"text-align: center;\"><img loading=\"lazy\" decoding=\"async\" class=\"aligncenter wp-image-20660\" src=\"https:\/\/optimate1.com\/wp-content\/uploads\/2022\/09\/O-127-battery-range-copy-2.png\" width=\"428\" height=\"100\" \/><img loading=\"lazy\" decoding=\"async\" class=\"aligncenter wp-image-20668\" src=\"https:\/\/optimate1.com\/wp-content\/uploads\/2022\/09\/o-127-vehicle-range-copy.png\" alt=\"The 12V lithium battery monitor is recommended for powersport vehicles like a motorcycle, ATV, waterscooter or car\" width=\"428\" height=\"66\" \/><strong><span style=\"color: #10069f;\">Parfait pour les batteries de 12.8V\/13.2V au lithium LiFePO4\/LFP, contenues dans les v\u00e9hicules et navires ci-dessus.<\/span><\/strong><\/h6>\n<p>&nbsp;<\/p>\n<h6 style=\"text-align: center;\"><img loading=\"lazy\" decoding=\"async\" class=\"aligncenter wp-image-20876\" src=\"https:\/\/optimate1.com\/wp-content\/uploads\/2022\/09\/rings-SAE-copy-3.png\" alt=\"It has a SAE quick connect charge port for charging battery.\" width=\"428\" height=\"70\" \/><\/h6>\n<h6 style=\"text-align: center;\"><strong><span style=\"color: #10069f;\"><b>Port de charge SAE \u00e0 connexion rapide pour charger la batterie en cas de besoin!<\/b><\/span><\/strong><\/h6>\n<p>&nbsp;<\/p>\n<h6 style=\"text-align: center;\"><img loading=\"lazy\" decoding=\"async\" class=\"aligncenter wp-image-20876\" src=\"https:\/\/optimate1.com\/wp-content\/uploads\/2022\/09\/cable-length-o-127.png\" alt=\"The 12V lithium battery monitor has ringlets that fit a variety of battery terminals with 15A fuse that protects -40\u00b0 rated cable and electronics\" width=\"428\" height=\"70\" \/><\/h6>\n<h6 style=\"text-align: center;\"><strong><span style=\"color: #10069f;\"><b>Avec des cosses M6 \/ 1\/4\u2033 \u2013 M8 \/ 5\/16\u2033 qui s\u2019adaptent parfaitement aux bornes de la plupart des batteries de sport motoris\u00e9 et automobiles, et un fusible 15A qui prot\u00e8ge le c\u00e2ble et l\u2019\u00e9lectronique r\u00e9sistants \u00e0 <\/b><\/span><\/strong><strong><span style=\"color: #10069f;\"><b>-40\u00b0C \/ <\/b><\/span><\/strong><strong><span style=\"color: #10069f;\"><b>-40\u00b0F<\/b><\/span><\/strong><strong><span style=\"color: #10069f;\"><b><\/b>\u00a0&#8211; <\/span><\/strong><i><span style=\"color: #10069f;\">Qualit\u00e9 Premium!<\/span><\/i><\/h6>\n<p>&nbsp;<\/p>\n<h4 style=\"text-align: center;\"><strong><span style=\"text-decoration: underline;\">MONITEUR D\u2019\u00c9TAT DE CHARGE DE LA BATTERIE:<\/span><\/strong><\/h4>\n<p style=\"text-align: center;\">\n<table id=\"tablepress-196\" class=\"tablepress tablepress-id-196\">\n<tbody class=\"row-hover\">\n<tr class=\"row-1\">\n\t<td class=\"column-1\"><a href=\"\"><img loading=\"lazy\" decoding=\"async\" src=\"https:\/\/optimate1.com\/wp-content\/uploads\/2022\/09\/O-128_sealed-cap_long-copy-3.png\" alt=\"\" width=\"600\" height=\"50\" class=\"aligncenter size-medium wp-image-20927\" \/><\/a><body><h6><center>Avec bouchon \u00e9tanche r\u00e9sistant. <\/body><\/h6><\/center><br \/>\n<\/td>\n<\/tr>\n<tr class=\"row-2\">\n\t<td class=\"column-1\"><a href=\"\"><img loading=\"lazy\" decoding=\"async\" src=\"https:\/\/optimate1.com\/wp-content\/uploads\/2022\/09\/LEDs-1-lfp.png\" alt=\"\" width=\"145\" height=\"50\" class=\"aligncenter size-medium wp-image-20927\" \/><\/a><body><h6><center>\u00c9tat de la batterie indiqu\u00e9 toutes les 3 secondes (LED clignote).<\/body><\/h6><\/center><br \/>\n<\/td>\n<\/tr>\n<tr class=\"row-3\">\n\t<td class=\"column-1\"><a href=\"\"><img loading=\"lazy\" decoding=\"async\" src=\"https:\/\/optimate1.com\/wp-content\/uploads\/2022\/09\/LEDs-2-lfp-copy.png\" alt=\"\" width=\"145\" height=\"50\" class=\"aligncenter size-medium wp-image-20982\" \/><\/a><body><h6><center>Plage de charge id\u00e9al quand le moteur tourne - 13.9V \u00e0 14.5V.<\/center><\/h6><\/body><\/td>\n<\/tr>\n<tr class=\"row-4\">\n\t<td class=\"column-1\"><a href=\"\"><img loading=\"lazy\" decoding=\"async\" src=\"https:\/\/optimate1.com\/wp-content\/uploads\/2022\/09\/LEDs-3-lfp-copy-2.png\" alt=\"\" width=\"145\" height=\"50\" class=\"aligncenter size-medium wp-image-20993\" \/><\/a><body><h6><center>ATTENTION! La tension de charge d\u00e9passe 14.6V.<\/body><\/h6><\/center><\/td>\n<\/tr>\n<\/tbody>\n<\/table>\n<!-- #tablepress-196 from cache --><\/p>\n","protected":false},"excerpt":{"rendered":"<h3><span style=\"color: #006400;\">C\u00e2ble de batterie permanent pour sport motoris\u00e9 avec contr\u00f4le int\u00e9gr\u00e9 du syst\u00e8me de charge\/de l&#8217;\u00e9tat de la batterie pour batteries au lithium 12.8\/13.2V.<\/span><\/h3>\n","protected":false},"featured_media":15029,"template":"","meta":[],"product_brand":[],"product_cat":[2246,1058,2245,395],"product_tag":[],"class_list":{"0":"post-15687","1":"product","2":"type-product","3":"status-publish","4":"has-post-thumbnail","6":"product_cat-accessories-fr","7":"product_cat-cablesconnectors-fr","8":"product_cat-marine-fr","9":"product_cat-battery-testers-fr","10":"pa_cable-type-battery-lead-fr","11":"pa_cable-type-battery-lead-w-led-fr","12":"pa_cable-type-smart-led-monitor-fr","13":"pa_connector-type-ring-m6-1-4-fr","14":"pa_region-ca-fr","15":"pa_region-eu-fr-2","16":"pa_region-uk-fr-2","17":"pa_region-us-fr-2","18":"iside_cable_type-cable-de-batterie-avec-moniteur","19":"iside_connector_type-anneaux-m6-m8","20":"recommended_for-optimate-1-1-duo-fr","21":"recommended_for-optimate-2-2-duo-fr","22":"recommended_for-optimate-3-fr","23":"recommended_for-optimate-4-fr","24":"recommended_for-optimate-5-fr","25":"recommended_for-optimate-6-7-fr","26":"recommended_for-optimate-dc-dc-fr","27":"recommended_for-optimate-g10-fr","28":"recommended_for-optimate-pro-duo-fr","29":"recommended_for-optimate-solar-duo-fr","30":"compatible_with-batterie-moto-li-lfp","31":"thunk-woo-product-list","32":"opn-qv-enable","33":"big-store-woo-hover-","34":"open-single-product-tab-horizontal","35":"open-shadow-","36":"open-shadow-hover-","38":"first","39":"instock","40":"featured","41":"shipping-taxable","42":"purchasable","43":"product-type-simple"},"yoast_head":"<!-- This site is optimized with the Yoast SEO plugin v27.2 - https:\/\/yoast.com\/product\/yoast-seo-wordpress\/ -->\n<title>OptiMate Lithium MONITOR O-127 - OptiMate<\/title>\n<meta name=\"robots\" content=\"index, follow, max-snippet:-1, max-image-preview:large, max-video-preview:-1, noarchive\" \/>\n<link rel=\"canonical\" href=\"https:\/\/optimate1.com\/product\/lithmntr12v\/\" \/>\n<meta property=\"og:locale\" content=\"fr_FR\" \/>\n<meta property=\"og:type\" content=\"article\" \/>\n<meta property=\"og:title\" content=\"OptiMate Lithium MONITOR O-127 - OptiMate\" \/>\n<meta property=\"og:description\" content=\"C\u00e2ble de batterie permanent pour sport motoris\u00e9 avec contr\u00f4le int\u00e9gr\u00e9 du syst\u00e8me de charge\/de l&#039;\u00e9tat de la batterie pour batteries au lithium 12.8\/13.2V.\" \/>\n<meta property=\"og:url\" content=\"https:\/\/optimate1.com\/product\/lithmntr12v\/\" \/>\n<meta property=\"og:site_name\" content=\"OptiMate\" \/>\n<meta property=\"article:publisher\" content=\"https:\/\/www.facebook.com\/OptiMatebatterysavingcharger\/\" \/>\n<meta property=\"article:modified_time\" content=\"2024-12-16T14:00:21+00:00\" \/>\n<meta property=\"og:image\" content=\"https:\/\/optimate1.com\/wp-content\/uploads\/2019\/06\/OptiMate-O-127-1-1.jpg\" \/>\n\t<meta property=\"og:image:width\" content=\"900\" \/>\n\t<meta property=\"og:image:height\" content=\"900\" \/>\n\t<meta property=\"og:image:type\" content=\"image\/jpeg\" \/>\n<meta name=\"twitter:card\" content=\"summary_large_image\" \/>\n<meta name=\"twitter:label1\" content=\"Dur\u00e9e de lecture estim\u00e9e\" \/>\n\t<meta name=\"twitter:data1\" content=\"2 minutes\" \/>\n<script type=\"application\/ld+json\" class=\"yoast-schema-graph\">{\"@context\":\"https:\/\/schema.org\",\"@graph\":[{\"@type\":\"WebPage\",\"@id\":\"https:\/\/optimate1.com\/product\/lithmntr12v\/\",\"url\":\"https:\/\/optimate1.com\/product\/lithmntr12v\/\",\"name\":\"OptiMate Lithium MONITOR O-127 - OptiMate\",\"isPartOf\":{\"@id\":\"https:\/\/optimate1.com\/#website\"},\"primaryImageOfPage\":{\"@id\":\"https:\/\/optimate1.com\/product\/lithmntr12v\/#primaryimage\"},\"image\":{\"@id\":\"https:\/\/optimate1.com\/product\/lithmntr12v\/#primaryimage\"},\"thumbnailUrl\":\"https:\/\/optimate1.com\/wp-content\/uploads\/2019\/06\/OptiMate-O-127-1-1.jpg\",\"datePublished\":\"2020-01-16T23:55:01+00:00\",\"dateModified\":\"2024-12-16T14:00:21+00:00\",\"breadcrumb\":{\"@id\":\"https:\/\/optimate1.com\/product\/lithmntr12v\/#breadcrumb\"},\"inLanguage\":\"fr-FR\",\"potentialAction\":[{\"@type\":\"ReadAction\",\"target\":[\"https:\/\/optimate1.com\/product\/lithmntr12v\/\"]}]},{\"@type\":\"ImageObject\",\"inLanguage\":\"fr-FR\",\"@id\":\"https:\/\/optimate1.com\/product\/lithmntr12v\/#primaryimage\",\"url\":\"https:\/\/optimate1.com\/wp-content\/uploads\/2019\/06\/OptiMate-O-127-1-1.jpg\",\"contentUrl\":\"https:\/\/optimate1.com\/wp-content\/uploads\/2019\/06\/OptiMate-O-127-1-1.jpg\",\"width\":900,\"height\":900,\"caption\":\"12V lithium battery monitor product image\"},{\"@type\":\"BreadcrumbList\",\"@id\":\"https:\/\/optimate1.com\/product\/lithmntr12v\/#breadcrumb\",\"itemListElement\":[{\"@type\":\"ListItem\",\"position\":1,\"name\":\"Home\",\"item\":\"https:\/\/optimate1.com\/\"},{\"@type\":\"ListItem\",\"position\":2,\"name\":\"Produits\",\"item\":\"https:\/\/optimate1.com\/shop\/\"},{\"@type\":\"ListItem\",\"position\":3,\"name\":\"OptiMate Lithium MONITOR O-127\"}]},{\"@type\":\"WebSite\",\"@id\":\"https:\/\/optimate1.com\/#website\",\"url\":\"https:\/\/optimate1.com\/\",\"name\":\"OptiMate\",\"description\":\"Battery Chargers &amp; Accessories\",\"publisher\":{\"@id\":\"https:\/\/optimate1.com\/#organization\"},\"potentialAction\":[{\"@type\":\"SearchAction\",\"target\":{\"@type\":\"EntryPoint\",\"urlTemplate\":\"https:\/\/optimate1.com\/?s={search_term_string}\"},\"query-input\":{\"@type\":\"PropertyValueSpecification\",\"valueRequired\":true,\"valueName\":\"search_term_string\"}}],\"inLanguage\":\"fr-FR\"},{\"@type\":\"Organization\",\"@id\":\"https:\/\/optimate1.com\/#organization\",\"name\":\"OptiMate\",\"url\":\"https:\/\/optimate1.com\/\",\"logo\":{\"@type\":\"ImageObject\",\"inLanguage\":\"fr-FR\",\"@id\":\"https:\/\/optimate1.com\/#\/schema\/logo\/image\/\",\"url\":\"https:\/\/optimate1.com\/wp-content\/uploads\/2021\/06\/optimate-hpbc-stacklogo.jpg\",\"contentUrl\":\"https:\/\/optimate1.com\/wp-content\/uploads\/2021\/06\/optimate-hpbc-stacklogo.jpg\",\"width\":1025,\"height\":529,\"caption\":\"OptiMate\"},\"image\":{\"@id\":\"https:\/\/optimate1.com\/#\/schema\/logo\/image\/\"},\"sameAs\":[\"https:\/\/www.facebook.com\/OptiMatebatterysavingcharger\/\"]}]}<\/script>\n<!-- \/ Yoast SEO plugin. -->","yoast_head_json":{"title":"OptiMate Lithium MONITOR O-127 - OptiMate","robots":{"index":"index","follow":"follow","max-snippet":"max-snippet:-1","max-image-preview":"max-image-preview:large","max-video-preview":"max-video-preview:-1","archive":"noarchive"},"canonical":"https:\/\/optimate1.com\/product\/lithmntr12v\/","og_locale":"fr_FR","og_type":"article","og_title":"OptiMate Lithium MONITOR O-127 - OptiMate","og_description":"C\u00e2ble de batterie permanent pour sport motoris\u00e9 avec contr\u00f4le int\u00e9gr\u00e9 du syst\u00e8me de charge\/de l'\u00e9tat de la batterie pour batteries au lithium 12.8\/13.2V.","og_url":"https:\/\/optimate1.com\/product\/lithmntr12v\/","og_site_name":"OptiMate","article_publisher":"https:\/\/www.facebook.com\/OptiMatebatterysavingcharger\/","article_modified_time":"2024-12-16T14:00:21+00:00","og_image":[{"width":900,"height":900,"url":"https:\/\/optimate1.com\/wp-content\/uploads\/2019\/06\/OptiMate-O-127-1-1.jpg","type":"image\/jpeg"}],"twitter_card":"summary_large_image","twitter_misc":{"Dur\u00e9e de lecture estim\u00e9e":"2 minutes"},"schema":{"@context":"https:\/\/schema.org","@graph":[{"@type":"WebPage","@id":"https:\/\/optimate1.com\/product\/lithmntr12v\/","url":"https:\/\/optimate1.com\/product\/lithmntr12v\/","name":"OptiMate Lithium MONITOR O-127 - OptiMate","isPartOf":{"@id":"https:\/\/optimate1.com\/#website"},"primaryImageOfPage":{"@id":"https:\/\/optimate1.com\/product\/lithmntr12v\/#primaryimage"},"image":{"@id":"https:\/\/optimate1.com\/product\/lithmntr12v\/#primaryimage"},"thumbnailUrl":"https:\/\/optimate1.com\/wp-content\/uploads\/2019\/06\/OptiMate-O-127-1-1.jpg","datePublished":"2020-01-16T23:55:01+00:00","dateModified":"2024-12-16T14:00:21+00:00","breadcrumb":{"@id":"https:\/\/optimate1.com\/product\/lithmntr12v\/#breadcrumb"},"inLanguage":"fr-FR","potentialAction":[{"@type":"ReadAction","target":["https:\/\/optimate1.com\/product\/lithmntr12v\/"]}]},{"@type":"ImageObject","inLanguage":"fr-FR","@id":"https:\/\/optimate1.com\/product\/lithmntr12v\/#primaryimage","url":"https:\/\/optimate1.com\/wp-content\/uploads\/2019\/06\/OptiMate-O-127-1-1.jpg","contentUrl":"https:\/\/optimate1.com\/wp-content\/uploads\/2019\/06\/OptiMate-O-127-1-1.jpg","width":900,"height":900,"caption":"12V lithium battery monitor product image"},{"@type":"BreadcrumbList","@id":"https:\/\/optimate1.com\/product\/lithmntr12v\/#breadcrumb","itemListElement":[{"@type":"ListItem","position":1,"name":"Home","item":"https:\/\/optimate1.com\/"},{"@type":"ListItem","position":2,"name":"Produits","item":"https:\/\/optimate1.com\/shop\/"},{"@type":"ListItem","position":3,"name":"OptiMate Lithium MONITOR O-127"}]},{"@type":"WebSite","@id":"https:\/\/optimate1.com\/#website","url":"https:\/\/optimate1.com\/","name":"OptiMate","description":"Battery Chargers &amp; Accessories","publisher":{"@id":"https:\/\/optimate1.com\/#organization"},"potentialAction":[{"@type":"SearchAction","target":{"@type":"EntryPoint","urlTemplate":"https:\/\/optimate1.com\/?s={search_term_string}"},"query-input":{"@type":"PropertyValueSpecification","valueRequired":true,"valueName":"search_term_string"}}],"inLanguage":"fr-FR"},{"@type":"Organization","@id":"https:\/\/optimate1.com\/#organization","name":"OptiMate","url":"https:\/\/optimate1.com\/","logo":{"@type":"ImageObject","inLanguage":"fr-FR","@id":"https:\/\/optimate1.com\/#\/schema\/logo\/image\/","url":"https:\/\/optimate1.com\/wp-content\/uploads\/2021\/06\/optimate-hpbc-stacklogo.jpg","contentUrl":"https:\/\/optimate1.com\/wp-content\/uploads\/2021\/06\/optimate-hpbc-stacklogo.jpg","width":1025,"height":529,"caption":"OptiMate"},"image":{"@id":"https:\/\/optimate1.com\/#\/schema\/logo\/image\/"},"sameAs":["https:\/\/www.facebook.com\/OptiMatebatterysavingcharger\/"]}]}},"_links":{"self":[{"href":"https:\/\/optimate1.com\/fr\/wp-json\/wp\/v2\/product\/15687","targetHints":{"allow":["GET"]}}],"collection":[{"href":"https:\/\/optimate1.com\/fr\/wp-json\/wp\/v2\/product"}],"about":[{"href":"https:\/\/optimate1.com\/fr\/wp-json\/wp\/v2\/types\/product"}],"wp:featuredmedia":[{"embeddable":true,"href":"https:\/\/optimate1.com\/fr\/wp-json\/wp\/v2\/media\/15029"}],"wp:attachment":[{"href":"https:\/\/optimate1.com\/fr\/wp-json\/wp\/v2\/media?parent=15687"}],"wp:term":[{"taxonomy":"product_brand","embeddable":true,"href":"https:\/\/optimate1.com\/fr\/wp-json\/wp\/v2\/product_brand?post=15687"},{"taxonomy":"product_cat","embeddable":true,"href":"https:\/\/optimate1.com\/fr\/wp-json\/wp\/v2\/product_cat?post=15687"},{"taxonomy":"product_tag","embeddable":true,"href":"https:\/\/optimate1.com\/fr\/wp-json\/wp\/v2\/product_tag?post=15687"}],"curies":[{"name":"wp","href":"https:\/\/api.w.org\/{rel}","templated":true}]}}