{"id":15714,"date":"2020-01-21T08:49:25","date_gmt":"2020-01-21T13:49:25","guid":{"rendered":"https:\/\/optimate1.com\/?post_type=product&#038;p=15714"},"modified":"2026-03-31T03:27:17","modified_gmt":"2026-03-31T07:27:17","slug":"optimate-lithium-8s-5a-chargeur-de-batterie","status":"publish","type":"product","link":"https:\/\/optimate1.com\/fr\/produit\/optimate-lithium-8s-5a-chargeur-de-batterie\/","title":{"rendered":"OptiMate Lithium 8s 5A"},"content":{"rendered":"<h6 style=\"text-align: center;\"><strong><span style=\"color: #10069f;\">OptiMate Lithium 8s 5A est le chargeur de batterie professionnel pour les batteries LiFePO4 \/ LFP 25.6V\/26.4V de votre avion l\u00e9ger ou de votre \u00e9quipement m\u00e9dical, avec un mode de support d&#8217;alimentation pour les diagnostics ou les mises \u00e0 jour logicielles <\/span><\/strong><span style=\"color: #10069f;\"><i>&#8211; La solution ultime pour les batteries au lithium &#8217;24V&#8217;!<\/i><\/span><\/h6>\n<h6 style=\"text-align: center;\"><img loading=\"lazy\" decoding=\"async\" class=\"aligncenter wp-image-20668\" src=\"https:\/\/optimate1.com\/wp-content\/uploads\/2021\/12\/Vehicle-range-OML-copy-2-01.png\" alt=\"The 24v lifepo4 battery charger is recommended for light aircrafts, RV, electric wheelchair, maritime and lawn mowers.\" width=\"428\" height=\"66\" \/><\/h6>\n<p>&nbsp;<\/p>\n<h6 style=\"text-align: center;\"><strong><span style=\"color: #10069f;\">La r\u00e9initialisation de l&#8217;alimentation r\u00e9alimente rapidement la batterie<\/span><\/strong><span style=\"color: #10069f;\"><em>.<\/em><\/span><\/h6>\n<h6 style=\"text-align: center;\"><img loading=\"lazy\" decoding=\"async\" class=\"aligncenter wp-image-20910\" src=\"https:\/\/optimate1.com\/wp-content\/uploads\/2021\/11\/BMS-reset-01.png\" alt=\"bms battery management system of optimate lithium battery charger\" width=\"428\" height=\"70\" \/><\/h6>\n<p>&nbsp;<\/p>\n<h6 style=\"text-align: center;\"><strong><span style=\"color: #10069f;\">Fournit \u00a0<span style=\"caret-color: #10069f;\">un soutien stable de la batterie pendant<\/span> la programmation de l&#8217;ECU et le d\u00e9pannage.<\/span><\/strong><\/h6>\n<h6 style=\"text-align: center;\"><img loading=\"lazy\" decoding=\"async\" class=\"aligncenter wp-image-20977\" src=\"https:\/\/optimate1.com\/wp-content\/uploads\/2021\/12\/Tune-image_OML_390-01.png\" alt=\"optimate lithium battery charger tune mode for vehicle tuning and troubleshooting\" width=\"428\" height=\"70\" \/><\/h6>\n<p>&nbsp;<\/p>\n<h6 style=\"text-align: center;\"><strong><span style=\"color: #10069f;\">Un programme enti\u00e8rement automatique en plusieurs \u00e9tapes am\u00e8ne la batterie en toute s\u00e9curit\u00e9 \u00e0 la pleine charge <\/span><\/strong><span style=\"color: #10069f;\">&#8211; <\/span><i><span style=\"color: #10069f;\">Connectez \u00e0 la batterie et l&#8217;OptiMate Lithium 8s 5A fait le reste, aucune supervision n&#8217;est n\u00e9cessaire!<\/span><\/i><\/h6>\n<h6 style=\"text-align: center;\"><img loading=\"lazy\" decoding=\"async\" class=\"aligncenter wp-image-20876\" src=\"https:\/\/optimate1.com\/wp-content\/uploads\/2020\/12\/connect-save-charge-optimize-maintain-200.png\" alt=\"optimate lithium battery charger multi-step charge program\" width=\"428\" height=\"70\" \/><\/h6>\n<p>&nbsp;<\/p>\n<p>&nbsp;<\/p>\n<h4 style=\"text-align: center;\"><strong><span style=\"text-decoration: underline;\">PLUS DE CARACT\u00c9RISTIQUES:<\/span><\/strong><\/h4>\n<p style=\"text-align: center;\">\n<table id=\"tablepress-568\" class=\"tablepress tablepress-id-568\">\n<tbody class=\"row-hover\">\n<tr class=\"row-1\">\n\t<td class=\"column-1\"><a href=\"\"><img loading=\"lazy\" decoding=\"async\" src=\"https:\/\/optimate1.com\/wp-content\/uploads\/2023\/11\/OptiMate-Lithium-8s-5A-battery-types.png\" alt=\"\" width=\"300\" height=\"50\" class=\"aligncenter size-medium wp-image-20927\" \/><\/a><body><h6><center>Pour les batteries de d\u00e9marrage Li-Ion 25.6V \/ 26.4V fabriqu\u00e9es avec la technologie LiFePO4 \/ LFP.<\/body><\/h6><\/center><br \/>\n<\/td>\n<\/tr>\n<tr class=\"row-2\">\n\t<td class=\"column-1\"><a href=\"\"><img loading=\"lazy\" decoding=\"async\" src=\"https:\/\/optimate1.com\/wp-content\/uploads\/2020\/12\/Ampmatic-SFL200.png\" alt=\"\" width=\"300\" height=\"50\" class=\"aligncenter size-medium wp-image-20927\" \/><\/a><body><h6><center>Ajuste automatiquement le courant en fonction de la taille et de l'\u00e9tat de la batterie.<\/body><\/h6><\/center><br \/>\n<\/td>\n<\/tr>\n<tr class=\"row-3\">\n\t<td class=\"column-1\"><a href=\"\"><img loading=\"lazy\" decoding=\"async\" src=\"https:\/\/optimate1.com\/wp-content\/uploads\/2021\/12\/SAFE-Lithium-8s-5A-copy-01.png\" alt=\"\" width=\"300\" height=\"50\" class=\"aligncenter size-medium wp-image-20927\" \/><\/a><body><h6><center>Peut \u00eatre laiss\u00e9 connect\u00e9 en toute s\u00e9curit\u00e9. Protection \u00e9lectronique compl\u00e8te.<\/body><\/h6><\/center><br \/>\n<\/td>\n<\/tr>\n<tr class=\"row-4\">\n\t<td class=\"column-1\"><a href=\"\"><img loading=\"lazy\" decoding=\"async\" src=\"https:\/\/optimate1.com\/wp-content\/uploads\/2020\/12\/24-7-x2-300x49.png\" alt=\"\" width=\"300\" height=\"50\" class=\"aligncenter size-medium wp-image-20928\" \/><\/a><body><h6><center>Maintient la batterie en pleine charge et en bonne sant\u00e9.<\/body><\/h6><\/center><\/td>\n<\/tr>\n<tr class=\"row-5\">\n\t<td class=\"column-1\"><a href=\"\"><img loading=\"lazy\" decoding=\"async\" src=\"https:\/\/optimate1.com\/wp-content\/uploads\/2021\/11\/LFP-save-0.5V.png\" alt=\"\" width=\"300\" height=\"50\" class=\"aligncenter size-medium wp-image-20995\" \/><\/a><body><h6><center>R\u00e9cup\u00e9ration de la basse tension \u00e0 partir de 0.5V.<\/body><\/h6><\/center><\/td>\n<\/tr>\n<tr class=\"row-6\">\n\t<td class=\"column-1\"><a href=\"\"><img loading=\"lazy\" decoding=\"async\" src=\"https:\/\/optimate1.com\/wp-content\/uploads\/2020\/12\/state-of-health-test-3-LEDx2-300x49.png\" alt=\"\" width=\"300\" height=\"50\" class=\"aligncenter size-medium wp-image-20982\" \/><\/a><body><h6><center>Teste l'\u00e9tat de sant\u00e9 de la batterie.<br \/>\n<\/center><\/h6><\/body><\/td>\n<\/tr>\n<tr class=\"row-7\">\n\t<td class=\"column-1\"><a href=\"\"><img loading=\"lazy\" decoding=\"async\" src=\"https:\/\/optimate1.com\/wp-content\/uploads\/2023\/10\/Pb-LFP-OML-6A-copy.png\" alt=\"\" width=\"300\" height=\"50\" class=\"aligncenter size-medium wp-image-20993\" \/><\/a><body><h6><center>Avertit lorsque la batterie est endommag\u00e9e.<\/body><\/h6><\/center><\/td>\n<\/tr>\n<tr class=\"row-8\">\n\t<td class=\"column-1\"><a href=\"\"><img loading=\"lazy\" decoding=\"async\" src=\"https:\/\/optimate1.com\/wp-content\/uploads\/2020\/12\/green-technology-hx2-1-300x49.png\" alt=\"\" width=\"300\" height=\"50\" class=\"aligncenter size-medium wp-image-20985\" \/><\/a><body><h6><center>Technologie d'\u00e9conomie d'\u00e9nergie<br \/>\n<strong>\u221a<\/strong> Puissance en veille inf\u00e9rieure \u00e0 0.5W<br \/>\n<strong>\u221a<\/strong> Entretien efficace de la batterie 24 heures sur 24 et 7 jours sur 7<\/body><\/h6><\/center><\/td>\n<\/tr>\n<tr class=\"row-9\">\n\t<td class=\"column-1\"><a href=\"\"><img loading=\"lazy\" decoding=\"async\" src=\"https:\/\/optimate1.com\/wp-content\/uploads\/2020\/12\/weatherproof-x2-300x49.png\" alt=\"\" width=\"300\" height=\"50\" class=\"aligncenter size-medium wp-image-20983\" \/><\/a><body><h6><center>R\u00e9sistant aux intemp\u00e9ries. Con\u00e7u pour une utilisation jusqu'\u00e0 -40\u00b0C \/ -40\u00b0F<\/body><\/h6><\/center><\/td>\n<\/tr>\n<\/tbody>\n<\/table>\n<!-- #tablepress-568 from cache --><\/p>\n","protected":false},"excerpt":{"rendered":"<h3><span style=\"color: #006400;\">S\u00e9rie LITHIUM: Chargeur-Mainteneur-R\u00e9cup\u00e9rateur de batterie \u00e9tanche 25.6V\/26.4V 5A en 10 \u00e9tapes<\/span><\/h3>\n","protected":false},"featured_media":41939,"template":"","meta":[],"product_brand":[],"product_cat":[2257,394,2245],"product_tag":[],"class_list":{"0":"post-15714","1":"product","2":"type-product","3":"status-publish","4":"has-post-thumbnail","6":"product_cat-marine-chargers-fr","7":"product_cat-battery-chargers-fr","8":"product_cat-marine-fr","9":"pa_charge-battery-chemistry-li-lifepo4-lfp-lithium-fr","10":"pa_charge-battery-more-24v-fr","11":"pa_charge-battery-more-avion-petit","12":"pa_charge-battery-more-bateau-motomarine","13":"pa_charge-battery-more-motorhome-caravane","14":"pa_charge-battery-more-voiture-pick-up","15":"pa_power-ac-100-240vac-fr","16":"pa_product-group-optimate-lithium-fr","17":"pa_region-ca-fr","18":"pa_region-eu-fr-2","19":"pa_region-uk-fr-2","20":"pa_region-us-fr-2","21":"iside_voltage-25-6-fr","22":"iside_ampere-5-fr","23":"iside_vehicle-rv-caravan-fr","24":"iside_charger_series-lithium-smarter-fr","25":"iside_charger_features-ajuster-le-courant-a-la-temperature-pour-lfp","26":"iside_charger_features-power-supply-tune-mode-fr","27":"iside_charger_features-maintenance-de-batterie-securisee-24-7","28":"iside_charger_features-save-low-volt-reset-bms-lithium-lfp-fr","29":"iside_charger_features-reinitialisation-du-bms-pour-batterie-lfp","30":"iside_charger_type-single-fr","31":"iside_battery_voltage-25-6v-26-4v","32":"iside_battery_chemistry-lfp-lifepo4-lithium-ion-fr","33":"battery_charger_current-5a-6a-fr","34":"thunk-woo-product-list","35":"opn-qv-enable","36":"big-store-woo-hover-","37":"open-single-product-tab-horizontal","38":"open-shadow-","39":"open-shadow-hover-","41":"first","42":"instock","43":"featured","44":"shipping-taxable","45":"purchasable","46":"product-type-simple"},"yoast_head":"<!-- This site is optimized with the Yoast SEO plugin v27.2 - https:\/\/yoast.com\/product\/yoast-seo-wordpress\/ -->\n<title>OptiMate Lithium 8s 5A - OptiMate<\/title>\n<meta name=\"description\" content=\"L&#039;OptiMate Lithium 8s 5A est un chargeur de batterie lithium &#039;PRO&#039; pour le 12.8V\/13.2V LiFePO4 \/ LFP. Cliquez ici pour plus d&#039;informations!\" \/>\n<meta name=\"robots\" content=\"index, follow, max-snippet:-1, max-image-preview:large, max-video-preview:-1, noarchive\" \/>\n<link rel=\"canonical\" href=\"https:\/\/optimate1.com\/fr\/produit\/optimate-lithium-8s-5a-chargeur-de-batterie\/\" \/>\n<meta property=\"og:locale\" content=\"fr_FR\" \/>\n<meta property=\"og:type\" content=\"article\" \/>\n<meta property=\"og:title\" content=\"OptiMate Lithium 8s 5A - OptiMate\" \/>\n<meta property=\"og:description\" content=\"L&#039;OptiMate Lithium 8s 5A est un chargeur de batterie lithium &#039;PRO&#039; pour le 12.8V\/13.2V LiFePO4 \/ LFP. Cliquez ici pour plus d&#039;informations!\" \/>\n<meta property=\"og:url\" content=\"https:\/\/optimate1.com\/fr\/produit\/optimate-lithium-8s-5a-chargeur-de-batterie\/\" \/>\n<meta property=\"og:site_name\" content=\"OptiMate\" \/>\n<meta property=\"article:publisher\" content=\"https:\/\/www.facebook.com\/OptiMatebatterysavingcharger\/\" \/>\n<meta property=\"article:modified_time\" content=\"2026-03-31T07:27:17+00:00\" \/>\n<meta property=\"og:image\" content=\"https:\/\/optimate1.com\/wp-content\/uploads\/2026\/03\/OptiMate-Lithium-8s-5A-24V-TM28x-11-fr.png\" \/>\n\t<meta property=\"og:image:width\" content=\"1500\" \/>\n\t<meta property=\"og:image:height\" content=\"1500\" \/>\n\t<meta property=\"og:image:type\" content=\"image\/png\" \/>\n<meta name=\"twitter:card\" content=\"summary_large_image\" \/>\n<meta name=\"twitter:label1\" content=\"Dur\u00e9e de lecture estim\u00e9e\" \/>\n\t<meta name=\"twitter:data1\" content=\"2 minutes\" \/>\n<script type=\"application\/ld+json\" class=\"yoast-schema-graph\">{\"@context\":\"https:\/\/schema.org\",\"@graph\":[{\"@type\":\"WebPage\",\"@id\":\"https:\/\/optimate1.com\/fr\/produit\/optimate-lithium-8s-5a-chargeur-de-batterie\/\",\"url\":\"https:\/\/optimate1.com\/fr\/produit\/optimate-lithium-8s-5a-chargeur-de-batterie\/\",\"name\":\"OptiMate Lithium 8s 5A - OptiMate\",\"isPartOf\":{\"@id\":\"https:\/\/optimate1.com\/#website\"},\"primaryImageOfPage\":{\"@id\":\"https:\/\/optimate1.com\/fr\/produit\/optimate-lithium-8s-5a-chargeur-de-batterie\/#primaryimage\"},\"image\":{\"@id\":\"https:\/\/optimate1.com\/fr\/produit\/optimate-lithium-8s-5a-chargeur-de-batterie\/#primaryimage\"},\"thumbnailUrl\":\"https:\/\/optimate1.com\/wp-content\/uploads\/2026\/03\/OptiMate-Lithium-8s-5A-24V-TM28x-11-fr.png\",\"datePublished\":\"2020-01-21T13:49:25+00:00\",\"dateModified\":\"2026-03-31T07:27:17+00:00\",\"description\":\"L'OptiMate Lithium 8s 5A est un chargeur de batterie lithium 'PRO' pour le 12.8V\/13.2V LiFePO4 \/ LFP. Cliquez ici pour plus d'informations!\",\"breadcrumb\":{\"@id\":\"https:\/\/optimate1.com\/fr\/produit\/optimate-lithium-8s-5a-chargeur-de-batterie\/#breadcrumb\"},\"inLanguage\":\"fr-FR\",\"potentialAction\":[{\"@type\":\"ReadAction\",\"target\":[\"https:\/\/optimate1.com\/fr\/produit\/optimate-lithium-8s-5a-chargeur-de-batterie\/\"]}]},{\"@type\":\"ImageObject\",\"inLanguage\":\"fr-FR\",\"@id\":\"https:\/\/optimate1.com\/fr\/produit\/optimate-lithium-8s-5a-chargeur-de-batterie\/#primaryimage\",\"url\":\"https:\/\/optimate1.com\/wp-content\/uploads\/2026\/03\/OptiMate-Lithium-8s-5A-24V-TM28x-11-fr.png\",\"contentUrl\":\"https:\/\/optimate1.com\/wp-content\/uploads\/2026\/03\/OptiMate-Lithium-8s-5A-24V-TM28x-11-fr.png\",\"width\":1500,\"height\":1500},{\"@type\":\"BreadcrumbList\",\"@id\":\"https:\/\/optimate1.com\/fr\/produit\/optimate-lithium-8s-5a-chargeur-de-batterie\/#breadcrumb\",\"itemListElement\":[{\"@type\":\"ListItem\",\"position\":1,\"name\":\"Home\",\"item\":\"https:\/\/optimate1.com\/\"},{\"@type\":\"ListItem\",\"position\":2,\"name\":\"Produits\",\"item\":\"https:\/\/optimate1.com\/shop\/\"},{\"@type\":\"ListItem\",\"position\":3,\"name\":\"OptiMate Lithium 4s 6A\"}]},{\"@type\":\"WebSite\",\"@id\":\"https:\/\/optimate1.com\/#website\",\"url\":\"https:\/\/optimate1.com\/\",\"name\":\"OptiMate\",\"description\":\"Battery Chargers &amp; Accessories\",\"publisher\":{\"@id\":\"https:\/\/optimate1.com\/#organization\"},\"potentialAction\":[{\"@type\":\"SearchAction\",\"target\":{\"@type\":\"EntryPoint\",\"urlTemplate\":\"https:\/\/optimate1.com\/?s={search_term_string}\"},\"query-input\":{\"@type\":\"PropertyValueSpecification\",\"valueRequired\":true,\"valueName\":\"search_term_string\"}}],\"inLanguage\":\"fr-FR\"},{\"@type\":\"Organization\",\"@id\":\"https:\/\/optimate1.com\/#organization\",\"name\":\"OptiMate\",\"url\":\"https:\/\/optimate1.com\/\",\"logo\":{\"@type\":\"ImageObject\",\"inLanguage\":\"fr-FR\",\"@id\":\"https:\/\/optimate1.com\/#\/schema\/logo\/image\/\",\"url\":\"https:\/\/optimate1.com\/wp-content\/uploads\/2021\/06\/optimate-hpbc-stacklogo.jpg\",\"contentUrl\":\"https:\/\/optimate1.com\/wp-content\/uploads\/2021\/06\/optimate-hpbc-stacklogo.jpg\",\"width\":1025,\"height\":529,\"caption\":\"OptiMate\"},\"image\":{\"@id\":\"https:\/\/optimate1.com\/#\/schema\/logo\/image\/\"},\"sameAs\":[\"https:\/\/www.facebook.com\/OptiMatebatterysavingcharger\/\"]}]}<\/script>\n<!-- \/ Yoast SEO plugin. -->","yoast_head_json":{"title":"OptiMate Lithium 8s 5A - OptiMate","description":"L'OptiMate Lithium 8s 5A est un chargeur de batterie lithium 'PRO' pour le 12.8V\/13.2V LiFePO4 \/ LFP. Cliquez ici pour plus d'informations!","robots":{"index":"index","follow":"follow","max-snippet":"max-snippet:-1","max-image-preview":"max-image-preview:large","max-video-preview":"max-video-preview:-1","archive":"noarchive"},"canonical":"https:\/\/optimate1.com\/fr\/produit\/optimate-lithium-8s-5a-chargeur-de-batterie\/","og_locale":"fr_FR","og_type":"article","og_title":"OptiMate Lithium 8s 5A - OptiMate","og_description":"L'OptiMate Lithium 8s 5A est un chargeur de batterie lithium 'PRO' pour le 12.8V\/13.2V LiFePO4 \/ LFP. Cliquez ici pour plus d'informations!","og_url":"https:\/\/optimate1.com\/fr\/produit\/optimate-lithium-8s-5a-chargeur-de-batterie\/","og_site_name":"OptiMate","article_publisher":"https:\/\/www.facebook.com\/OptiMatebatterysavingcharger\/","article_modified_time":"2026-03-31T07:27:17+00:00","og_image":[{"width":1500,"height":1500,"url":"https:\/\/optimate1.com\/wp-content\/uploads\/2026\/03\/OptiMate-Lithium-8s-5A-24V-TM28x-11-fr.png","type":"image\/png"}],"twitter_card":"summary_large_image","twitter_misc":{"Dur\u00e9e de lecture estim\u00e9e":"2 minutes"},"schema":{"@context":"https:\/\/schema.org","@graph":[{"@type":"WebPage","@id":"https:\/\/optimate1.com\/fr\/produit\/optimate-lithium-8s-5a-chargeur-de-batterie\/","url":"https:\/\/optimate1.com\/fr\/produit\/optimate-lithium-8s-5a-chargeur-de-batterie\/","name":"OptiMate Lithium 8s 5A - OptiMate","isPartOf":{"@id":"https:\/\/optimate1.com\/#website"},"primaryImageOfPage":{"@id":"https:\/\/optimate1.com\/fr\/produit\/optimate-lithium-8s-5a-chargeur-de-batterie\/#primaryimage"},"image":{"@id":"https:\/\/optimate1.com\/fr\/produit\/optimate-lithium-8s-5a-chargeur-de-batterie\/#primaryimage"},"thumbnailUrl":"https:\/\/optimate1.com\/wp-content\/uploads\/2026\/03\/OptiMate-Lithium-8s-5A-24V-TM28x-11-fr.png","datePublished":"2020-01-21T13:49:25+00:00","dateModified":"2026-03-31T07:27:17+00:00","description":"L'OptiMate Lithium 8s 5A est un chargeur de batterie lithium 'PRO' pour le 12.8V\/13.2V LiFePO4 \/ LFP. Cliquez ici pour plus d'informations!","breadcrumb":{"@id":"https:\/\/optimate1.com\/fr\/produit\/optimate-lithium-8s-5a-chargeur-de-batterie\/#breadcrumb"},"inLanguage":"fr-FR","potentialAction":[{"@type":"ReadAction","target":["https:\/\/optimate1.com\/fr\/produit\/optimate-lithium-8s-5a-chargeur-de-batterie\/"]}]},{"@type":"ImageObject","inLanguage":"fr-FR","@id":"https:\/\/optimate1.com\/fr\/produit\/optimate-lithium-8s-5a-chargeur-de-batterie\/#primaryimage","url":"https:\/\/optimate1.com\/wp-content\/uploads\/2026\/03\/OptiMate-Lithium-8s-5A-24V-TM28x-11-fr.png","contentUrl":"https:\/\/optimate1.com\/wp-content\/uploads\/2026\/03\/OptiMate-Lithium-8s-5A-24V-TM28x-11-fr.png","width":1500,"height":1500},{"@type":"BreadcrumbList","@id":"https:\/\/optimate1.com\/fr\/produit\/optimate-lithium-8s-5a-chargeur-de-batterie\/#breadcrumb","itemListElement":[{"@type":"ListItem","position":1,"name":"Home","item":"https:\/\/optimate1.com\/"},{"@type":"ListItem","position":2,"name":"Produits","item":"https:\/\/optimate1.com\/shop\/"},{"@type":"ListItem","position":3,"name":"OptiMate Lithium 4s 6A"}]},{"@type":"WebSite","@id":"https:\/\/optimate1.com\/#website","url":"https:\/\/optimate1.com\/","name":"OptiMate","description":"Battery Chargers &amp; Accessories","publisher":{"@id":"https:\/\/optimate1.com\/#organization"},"potentialAction":[{"@type":"SearchAction","target":{"@type":"EntryPoint","urlTemplate":"https:\/\/optimate1.com\/?s={search_term_string}"},"query-input":{"@type":"PropertyValueSpecification","valueRequired":true,"valueName":"search_term_string"}}],"inLanguage":"fr-FR"},{"@type":"Organization","@id":"https:\/\/optimate1.com\/#organization","name":"OptiMate","url":"https:\/\/optimate1.com\/","logo":{"@type":"ImageObject","inLanguage":"fr-FR","@id":"https:\/\/optimate1.com\/#\/schema\/logo\/image\/","url":"https:\/\/optimate1.com\/wp-content\/uploads\/2021\/06\/optimate-hpbc-stacklogo.jpg","contentUrl":"https:\/\/optimate1.com\/wp-content\/uploads\/2021\/06\/optimate-hpbc-stacklogo.jpg","width":1025,"height":529,"caption":"OptiMate"},"image":{"@id":"https:\/\/optimate1.com\/#\/schema\/logo\/image\/"},"sameAs":["https:\/\/www.facebook.com\/OptiMatebatterysavingcharger\/"]}]}},"_links":{"self":[{"href":"https:\/\/optimate1.com\/fr\/wp-json\/wp\/v2\/product\/15714","targetHints":{"allow":["GET"]}}],"collection":[{"href":"https:\/\/optimate1.com\/fr\/wp-json\/wp\/v2\/product"}],"about":[{"href":"https:\/\/optimate1.com\/fr\/wp-json\/wp\/v2\/types\/product"}],"wp:featuredmedia":[{"embeddable":true,"href":"https:\/\/optimate1.com\/fr\/wp-json\/wp\/v2\/media\/41939"}],"wp:attachment":[{"href":"https:\/\/optimate1.com\/fr\/wp-json\/wp\/v2\/media?parent=15714"}],"wp:term":[{"taxonomy":"product_brand","embeddable":true,"href":"https:\/\/optimate1.com\/fr\/wp-json\/wp\/v2\/product_brand?post=15714"},{"taxonomy":"product_cat","embeddable":true,"href":"https:\/\/optimate1.com\/fr\/wp-json\/wp\/v2\/product_cat?post=15714"},{"taxonomy":"product_tag","embeddable":true,"href":"https:\/\/optimate1.com\/fr\/wp-json\/wp\/v2\/product_tag?post=15714"}],"curies":[{"name":"wp","href":"https:\/\/api.w.org\/{rel}","templated":true}]}}