{"id":16063,"date":"2020-03-03T04:13:15","date_gmt":"2020-03-03T09:13:15","guid":{"rendered":"https:\/\/optimate1.com\/?post_type=product&#038;p=16063"},"modified":"2024-09-09T10:10:58","modified_gmt":"2024-09-09T14:10:58","slug":"optimate-usb-o-100-optimate-chargeur-usb","status":"publish","type":"product","link":"https:\/\/optimate1.com\/fr\/produit\/optimate-usb-o-100-optimate-chargeur-usb\/","title":{"rendered":"OptiMate USB O-100"},"content":{"rendered":"<h3>Le chargeur portable et compact SAE vers USB 2 400 mA pour une charge s\u00fbre et rapide de tout \u00e9quipement USB, y compris votre t\u00e9l\u00e9phone, appareil photo ou GPS.<\/h3>\n<ul>\n<li><span style=\"color: #10069f;\"><b>Se connecte au c\u00e2ble de la batterie \u00e0 l&#8217;aide d&#8217;un connecteur \u00e0 2 broches au standard industriel SAE<em> &#8211; \u00c9tanch\u00e9it\u00e9 parfaite lorsque coupl\u00e9 avec OptiMate SAE !\u00a0<\/em><\/b><\/span><\/li>\n<li><span style=\"color: #10069f;\"><b>Charge 1 x p\u00e9riph\u00e9rique USB avec jusqu&#8217;\u00e0 2 400 mA de courant disponible (ou obtenez le s\u00e9parateur USB O-110 en option et chargez 2 p\u00e9riph\u00e9riques). <em>&#8211; Le courant de charge s&#8217;adapte \u00e0 l&#8217;appareil connect\u00e9 pour une recharge s\u00fbre . <\/em><\/b><\/span><\/li>\n<li><span style=\"color: #10069f;\"><b>Cr\u00e9e un joint r\u00e9sistant aux intemp\u00e9ries contre le c\u00e2ble USB ins\u00e9r\u00e9, ou des bouchons herm\u00e9tiques &#8216;rideproof&#8217; en cas de non-utilisation <em>&#8211; Charge sans souci de t\u00e9l\u00e9phone, d&#8217;appareil photo ou de GPS par tous les temps !\u00a0<\/em><\/b><\/span><\/li>\n<li><span style=\"color: #10069f;\"><b>La protection int\u00e9gr\u00e9e d\u00e9sactive la charge USB et emp\u00eache la batterie LFP (LiFePO4) ou AGM (Pb) de votre v\u00e9hicule stationn\u00e9 de se d\u00e9charger <em>&#8211; Se remet au travail lorsque le moteur du v\u00e9hicule d\u00e9marre.\u00a0<\/em><\/b><\/span><\/li>\n<li><span style=\"color: #10069f;\"><b>Contr\u00f4le et affiche l&#8217;\u00e9tat de la batterie du v\u00e9hicule stationn\u00e9 <em>&#8211; Indique par le clignotement d&#8217;une LED que la batterie est &#8221; pr\u00eate au d\u00e9marrage &#8221; !\u00a0<\/em><br \/>\n<\/b><\/span><\/li>\n<\/ul>\n<p>&nbsp;<\/p>\n","protected":false},"excerpt":{"rendered":"<h2><span style=\"color: #cd202c;\">Chargeur USB intelligent 2 400 mA, avec mode veille et contr\u00f4leur de batterie de v\u00e9hicule.<\/span><\/h2>\n","protected":false},"featured_media":30159,"template":"","meta":[],"product_brand":[],"product_cat":[2246,1317,2245],"product_tag":[],"class_list":{"0":"post-16063","1":"product","2":"type-product","3":"status-publish","4":"has-post-thumbnail","6":"product_cat-accessories-fr","7":"product_cat-usb-fr","8":"product_cat-marine-fr","9":"pa_region-ca-fr","10":"pa_region-eu-fr-2","11":"pa_region-uk-fr-2","12":"pa_region-us-fr-2","13":"pa_special-use-auto-on-off-lithium-friendly-fr","14":"pa_usb-product-usb-charger-fr","15":"pa_vehicle-connection-sae-fr","16":"iside_usb_product-usb-charger-fr","17":"iside_vehicle_connection-sae-fr","18":"iside_special_use-auto-on-off-lithium-friendly-fr","19":"thunk-woo-product-list","20":"opn-qv-enable","21":"big-store-woo-hover-","22":"open-single-product-tab-horizontal","23":"open-shadow-","24":"open-shadow-hover-","26":"first","27":"instock","28":"featured","29":"shipping-taxable","30":"purchasable","31":"product-type-simple"},"yoast_head":"<!-- This site is optimized with the Yoast SEO plugin v27.2 - https:\/\/yoast.com\/product\/yoast-seo-wordpress\/ -->\n<title>OptiMate USB O-100 - OptiMate<\/title>\n<meta name=\"description\" content=\"L&#039;OptiMate USB O-100 est le chargeur portable SAE vers USB 2400 mA pour une charge s\u00fbre et rapide de tout \u00e9quipement USB. Lisez la suite !\" \/>\n<meta name=\"robots\" content=\"index, follow, max-snippet:-1, max-image-preview:large, max-video-preview:-1, noarchive\" \/>\n<link rel=\"canonical\" href=\"https:\/\/optimate1.com\/product\/usbo-100\/\" \/>\n<meta property=\"og:locale\" content=\"fr_FR\" \/>\n<meta property=\"og:type\" content=\"article\" \/>\n<meta property=\"og:title\" content=\"OptiMate USB O-100 - OptiMate\" \/>\n<meta property=\"og:description\" content=\"L&#039;OptiMate USB O-100 est le chargeur portable SAE vers USB 2400 mA pour une charge s\u00fbre et rapide de tout \u00e9quipement USB. Lisez la suite !\" \/>\n<meta property=\"og:url\" content=\"https:\/\/optimate1.com\/product\/usbo-100\/\" \/>\n<meta property=\"og:site_name\" content=\"OptiMate\" \/>\n<meta property=\"article:publisher\" content=\"https:\/\/www.facebook.com\/OptiMatebatterysavingcharger\/\" \/>\n<meta property=\"article:modified_time\" content=\"2024-09-09T14:10:58+00:00\" \/>\n<meta property=\"og:image\" content=\"https:\/\/optimate1.com\/wp-content\/uploads\/2020\/03\/O100-1-fr.png\" \/>\n\t<meta property=\"og:image:width\" content=\"1500\" \/>\n\t<meta property=\"og:image:height\" content=\"1500\" \/>\n\t<meta property=\"og:image:type\" content=\"image\/png\" \/>\n<meta name=\"twitter:card\" content=\"summary_large_image\" \/>\n<meta name=\"twitter:label1\" content=\"Dur\u00e9e de lecture estim\u00e9e\" \/>\n\t<meta name=\"twitter:data1\" content=\"1 minute\" \/>\n<script type=\"application\/ld+json\" class=\"yoast-schema-graph\">{\"@context\":\"https:\/\/schema.org\",\"@graph\":[{\"@type\":\"WebPage\",\"@id\":\"https:\/\/optimate1.com\/product\/usbo-100\/\",\"url\":\"https:\/\/optimate1.com\/product\/usbo-100\/\",\"name\":\"OptiMate USB O-100 - OptiMate\",\"isPartOf\":{\"@id\":\"https:\/\/optimate1.com\/#website\"},\"primaryImageOfPage\":{\"@id\":\"https:\/\/optimate1.com\/product\/usbo-100\/#primaryimage\"},\"image\":{\"@id\":\"https:\/\/optimate1.com\/product\/usbo-100\/#primaryimage\"},\"thumbnailUrl\":\"https:\/\/optimate1.com\/wp-content\/uploads\/2020\/03\/O100-1-fr.png\",\"datePublished\":\"2020-03-03T09:13:15+00:00\",\"dateModified\":\"2024-09-09T14:10:58+00:00\",\"description\":\"L'OptiMate USB O-100 est le chargeur portable SAE vers USB 2400 mA pour une charge s\u00fbre et rapide de tout \u00e9quipement USB. Lisez la suite !\",\"breadcrumb\":{\"@id\":\"https:\/\/optimate1.com\/product\/usbo-100\/#breadcrumb\"},\"inLanguage\":\"fr-FR\",\"potentialAction\":[{\"@type\":\"ReadAction\",\"target\":[\"https:\/\/optimate1.com\/product\/usbo-100\/\"]}]},{\"@type\":\"ImageObject\",\"inLanguage\":\"fr-FR\",\"@id\":\"https:\/\/optimate1.com\/product\/usbo-100\/#primaryimage\",\"url\":\"https:\/\/optimate1.com\/wp-content\/uploads\/2020\/03\/O100-1-fr.png\",\"contentUrl\":\"https:\/\/optimate1.com\/wp-content\/uploads\/2020\/03\/O100-1-fr.png\",\"width\":1500,\"height\":1500,\"caption\":\"optimate chargeur usb image du produit\"},{\"@type\":\"BreadcrumbList\",\"@id\":\"https:\/\/optimate1.com\/product\/usbo-100\/#breadcrumb\",\"itemListElement\":[{\"@type\":\"ListItem\",\"position\":1,\"name\":\"Home\",\"item\":\"https:\/\/optimate1.com\/\"},{\"@type\":\"ListItem\",\"position\":2,\"name\":\"Produits\",\"item\":\"https:\/\/optimate1.com\/shop\/\"},{\"@type\":\"ListItem\",\"position\":3,\"name\":\"OptiMate USB O-100\"}]},{\"@type\":\"WebSite\",\"@id\":\"https:\/\/optimate1.com\/#website\",\"url\":\"https:\/\/optimate1.com\/\",\"name\":\"OptiMate\",\"description\":\"Battery Chargers &amp; Accessories\",\"publisher\":{\"@id\":\"https:\/\/optimate1.com\/#organization\"},\"potentialAction\":[{\"@type\":\"SearchAction\",\"target\":{\"@type\":\"EntryPoint\",\"urlTemplate\":\"https:\/\/optimate1.com\/?s={search_term_string}\"},\"query-input\":{\"@type\":\"PropertyValueSpecification\",\"valueRequired\":true,\"valueName\":\"search_term_string\"}}],\"inLanguage\":\"fr-FR\"},{\"@type\":\"Organization\",\"@id\":\"https:\/\/optimate1.com\/#organization\",\"name\":\"OptiMate\",\"url\":\"https:\/\/optimate1.com\/\",\"logo\":{\"@type\":\"ImageObject\",\"inLanguage\":\"fr-FR\",\"@id\":\"https:\/\/optimate1.com\/#\/schema\/logo\/image\/\",\"url\":\"https:\/\/optimate1.com\/wp-content\/uploads\/2021\/06\/optimate-hpbc-stacklogo.jpg\",\"contentUrl\":\"https:\/\/optimate1.com\/wp-content\/uploads\/2021\/06\/optimate-hpbc-stacklogo.jpg\",\"width\":1025,\"height\":529,\"caption\":\"OptiMate\"},\"image\":{\"@id\":\"https:\/\/optimate1.com\/#\/schema\/logo\/image\/\"},\"sameAs\":[\"https:\/\/www.facebook.com\/OptiMatebatterysavingcharger\/\"]}]}<\/script>\n<!-- \/ Yoast SEO plugin. -->","yoast_head_json":{"title":"OptiMate USB O-100 - OptiMate","description":"L'OptiMate USB O-100 est le chargeur portable SAE vers USB 2400 mA pour une charge s\u00fbre et rapide de tout \u00e9quipement USB. Lisez la suite !","robots":{"index":"index","follow":"follow","max-snippet":"max-snippet:-1","max-image-preview":"max-image-preview:large","max-video-preview":"max-video-preview:-1","archive":"noarchive"},"canonical":"https:\/\/optimate1.com\/product\/usbo-100\/","og_locale":"fr_FR","og_type":"article","og_title":"OptiMate USB O-100 - OptiMate","og_description":"L'OptiMate USB O-100 est le chargeur portable SAE vers USB 2400 mA pour une charge s\u00fbre et rapide de tout \u00e9quipement USB. Lisez la suite !","og_url":"https:\/\/optimate1.com\/product\/usbo-100\/","og_site_name":"OptiMate","article_publisher":"https:\/\/www.facebook.com\/OptiMatebatterysavingcharger\/","article_modified_time":"2024-09-09T14:10:58+00:00","og_image":[{"width":1500,"height":1500,"url":"https:\/\/optimate1.com\/wp-content\/uploads\/2020\/03\/O100-1-fr.png","type":"image\/png"}],"twitter_card":"summary_large_image","twitter_misc":{"Dur\u00e9e de lecture estim\u00e9e":"1 minute"},"schema":{"@context":"https:\/\/schema.org","@graph":[{"@type":"WebPage","@id":"https:\/\/optimate1.com\/product\/usbo-100\/","url":"https:\/\/optimate1.com\/product\/usbo-100\/","name":"OptiMate USB O-100 - OptiMate","isPartOf":{"@id":"https:\/\/optimate1.com\/#website"},"primaryImageOfPage":{"@id":"https:\/\/optimate1.com\/product\/usbo-100\/#primaryimage"},"image":{"@id":"https:\/\/optimate1.com\/product\/usbo-100\/#primaryimage"},"thumbnailUrl":"https:\/\/optimate1.com\/wp-content\/uploads\/2020\/03\/O100-1-fr.png","datePublished":"2020-03-03T09:13:15+00:00","dateModified":"2024-09-09T14:10:58+00:00","description":"L'OptiMate USB O-100 est le chargeur portable SAE vers USB 2400 mA pour une charge s\u00fbre et rapide de tout \u00e9quipement USB. Lisez la suite !","breadcrumb":{"@id":"https:\/\/optimate1.com\/product\/usbo-100\/#breadcrumb"},"inLanguage":"fr-FR","potentialAction":[{"@type":"ReadAction","target":["https:\/\/optimate1.com\/product\/usbo-100\/"]}]},{"@type":"ImageObject","inLanguage":"fr-FR","@id":"https:\/\/optimate1.com\/product\/usbo-100\/#primaryimage","url":"https:\/\/optimate1.com\/wp-content\/uploads\/2020\/03\/O100-1-fr.png","contentUrl":"https:\/\/optimate1.com\/wp-content\/uploads\/2020\/03\/O100-1-fr.png","width":1500,"height":1500,"caption":"optimate chargeur usb image du produit"},{"@type":"BreadcrumbList","@id":"https:\/\/optimate1.com\/product\/usbo-100\/#breadcrumb","itemListElement":[{"@type":"ListItem","position":1,"name":"Home","item":"https:\/\/optimate1.com\/"},{"@type":"ListItem","position":2,"name":"Produits","item":"https:\/\/optimate1.com\/shop\/"},{"@type":"ListItem","position":3,"name":"OptiMate USB O-100"}]},{"@type":"WebSite","@id":"https:\/\/optimate1.com\/#website","url":"https:\/\/optimate1.com\/","name":"OptiMate","description":"Battery Chargers &amp; Accessories","publisher":{"@id":"https:\/\/optimate1.com\/#organization"},"potentialAction":[{"@type":"SearchAction","target":{"@type":"EntryPoint","urlTemplate":"https:\/\/optimate1.com\/?s={search_term_string}"},"query-input":{"@type":"PropertyValueSpecification","valueRequired":true,"valueName":"search_term_string"}}],"inLanguage":"fr-FR"},{"@type":"Organization","@id":"https:\/\/optimate1.com\/#organization","name":"OptiMate","url":"https:\/\/optimate1.com\/","logo":{"@type":"ImageObject","inLanguage":"fr-FR","@id":"https:\/\/optimate1.com\/#\/schema\/logo\/image\/","url":"https:\/\/optimate1.com\/wp-content\/uploads\/2021\/06\/optimate-hpbc-stacklogo.jpg","contentUrl":"https:\/\/optimate1.com\/wp-content\/uploads\/2021\/06\/optimate-hpbc-stacklogo.jpg","width":1025,"height":529,"caption":"OptiMate"},"image":{"@id":"https:\/\/optimate1.com\/#\/schema\/logo\/image\/"},"sameAs":["https:\/\/www.facebook.com\/OptiMatebatterysavingcharger\/"]}]}},"_links":{"self":[{"href":"https:\/\/optimate1.com\/fr\/wp-json\/wp\/v2\/product\/16063","targetHints":{"allow":["GET"]}}],"collection":[{"href":"https:\/\/optimate1.com\/fr\/wp-json\/wp\/v2\/product"}],"about":[{"href":"https:\/\/optimate1.com\/fr\/wp-json\/wp\/v2\/types\/product"}],"wp:featuredmedia":[{"embeddable":true,"href":"https:\/\/optimate1.com\/fr\/wp-json\/wp\/v2\/media\/30159"}],"wp:attachment":[{"href":"https:\/\/optimate1.com\/fr\/wp-json\/wp\/v2\/media?parent=16063"}],"wp:term":[{"taxonomy":"product_brand","embeddable":true,"href":"https:\/\/optimate1.com\/fr\/wp-json\/wp\/v2\/product_brand?post=16063"},{"taxonomy":"product_cat","embeddable":true,"href":"https:\/\/optimate1.com\/fr\/wp-json\/wp\/v2\/product_cat?post=16063"},{"taxonomy":"product_tag","embeddable":true,"href":"https:\/\/optimate1.com\/fr\/wp-json\/wp\/v2\/product_tag?post=16063"}],"curies":[{"name":"wp","href":"https:\/\/api.w.org\/{rel}","templated":true}]}}