{"id":18353,"date":"2020-05-12T01:45:29","date_gmt":"2020-05-12T05:45:29","guid":{"rendered":"https:\/\/optimate1.com\/?post_type=product&#038;p=18353"},"modified":"2020-05-12T05:36:43","modified_gmt":"2020-05-12T09:36:43","slug":"optimate-lithium-4s-9-5a-copy-2","status":"publish","type":"product","link":"https:\/\/optimate1.com\/fr\/produit\/optimate-lithium-4s-9-5a-copy-2\/","title":{"rendered":"OptiMate Lithium 4s 9.5A (2019)"},"content":{"rendered":"<h3>OptiMate Lithium 4s 9.5A, le chargeur de batterie professionnel le plus rapide pour les batteries 12.8V\/13.2V LiFeP04 \/ LFP pour vos motos performance \/ course, voitures ou bateaux, avec mode TUNE pour diagnostic ou mise \u00e0 jour de programmation<em> &#8211; Le chargeur lithium ultime pour les propri\u00e9taires de voitures de course !\u00a0<\/em><\/h3>\n<ul>\n<li><span style=\"color: #10069f;\"><b>Chargez, testez et entretenez automatiquement et en tout s\u00e9curit\u00e9 vos batteries de d\u00e9marrage ou \u00e0 d\u00e9charge profonde LiFePO4 \/ LFP 12.8V \/ 13.2V &#8211; <em>SafeT charge ajust\u00e9e en dessous du point de cong\u00e9lation. .<\/em><\/b><\/span><\/li>\n<li><span style=\"color: #10069f;\"><b>Le contr\u00f4le de charge Ampmatic pour lithium ajuste le courant en fonction de la taille et de l&#8217;\u00e9tat de la batterie<em> &#8211; Une petite batterie re\u00e7oit moins, une grande batterie re\u00e7oit plus !<\/em><\/b><\/span><\/li>\n<li><span style=\"color: #10069f;\"><b>Le mode le plus avanc\u00e9 de r\u00e9cup\u00e9ration lithium permet de sauver une batterie \u00e0 partir d&#8217;aussi peu que 0.5 V &#8211; <em>Continue la charge si elle est saine, s&#8217;arr\u00eate et pr\u00e9vient en cas de d\u00e9faut !\u00a0<\/em><\/b><\/span><\/li>\n<li><span style=\"color: #10069f;\"><b>Le mode de r\u00e9veil BMS activ\u00e9 par bouton-poussoir r\u00e9veille la batterie en toute s\u00e9curit\u00e9 pour la sortir du mode veille ou \u00e0 faible d\u00e9charge. \u00a0<\/b><\/span><\/li>\n<li><span style=\"color: #10069f;\"><b>La maintenance interactive intelligente 24-7 d&#8217;OptiMate Lithium emp\u00eache la d\u00e9charge des circuits connect\u00e9s et garantit plus de puissance de batterie, une plus longue dur\u00e9e de vie de la batterie !<\/b><\/span><\/li>\n<li><span style=\"color: #10069f;\"><b>Le mode TUNE fournit une alimentation stable de 13.6V pour supporter la batterie pendant la reconfiguration\/reprogrammation et le d\u00e9pannage.<br \/>\n<\/b><\/span><\/li>\n<\/ul>\n<p>&nbsp;<\/p>\n","protected":false},"excerpt":{"rendered":"<h3><span style=\"color: #cd202c;\">Chargeur-Mainteneur-R\u00e9cup\u00e9rateur de batterie \u00e9tanche 12.8 V 9.5A en 10 \u00e9tapes<\/span><\/h3>\n","protected":false},"featured_media":4534,"template":"","meta":[],"product_brand":[],"product_cat":[2257,2245],"product_tag":[],"class_list":{"0":"post-18353","1":"product","2":"type-product","3":"status-publish","4":"has-post-thumbnail","6":"product_cat-marine-chargers-fr","7":"product_cat-marine-fr","8":"pa_charge-battery-chemistry-li-lifepo4-lfp-lithium-fr","9":"pa_charge-battery-more-12v-fr","10":"pa_charge-battery-more-avion-petit","11":"pa_charge-battery-more-bateau-motomarine","12":"pa_charge-battery-more-deep-prolonge-industriel","13":"pa_charge-battery-more-motorhome-caravane","14":"pa_charge-battery-more-voiture-pick-up","15":"pa_power-ac-100-240vac-fr","16":"pa_product-group-optimate-4-fr","17":"pa_product-group-optimate-lithium-fr","18":"pa_region-ca-fr","19":"pa_region-eu-fr-2","20":"pa_region-uk-fr-2","21":"pa_region-us-fr-2","22":"iside_vehicle-aviation-fr","23":"iside_vehicle-marine-fr","24":"iside_vehicle-voiture-haute-performance-voiture-de-course-fr","25":"iside_vehicle-rv-caravan-fr","26":"thunk-woo-product-list","27":"opn-qv-enable","28":"big-store-woo-hover-","29":"open-single-product-tab-horizontal","30":"open-shadow-","31":"open-shadow-hover-","33":"first","34":"outofstock","35":"shipping-taxable","36":"product-type-variable"},"yoast_head":"<!-- This site is optimized with the Yoast SEO plugin v27.2 - https:\/\/yoast.com\/product\/yoast-seo-wordpress\/ -->\n<title>OptiMate Lithium 4s 9.5A (2019) - OptiMate<\/title>\n<meta name=\"robots\" content=\"index, follow, max-snippet:-1, max-image-preview:large, max-video-preview:-1\" \/>\n<link rel=\"canonical\" href=\"https:\/\/optimate1.com\/product\/optimate-lithium-4s-9-5a-2019\/\" \/>\n<meta property=\"og:locale\" content=\"fr_FR\" \/>\n<meta property=\"og:type\" content=\"article\" \/>\n<meta property=\"og:title\" content=\"OptiMate Lithium 4s 9.5A (2019) - OptiMate\" \/>\n<meta property=\"og:description\" content=\"Chargeur-Mainteneur-R\u00e9cup\u00e9rateur de batterie \u00e9tanche 12.8 V 9.5A en 10 \u00e9tapes\" \/>\n<meta property=\"og:url\" content=\"https:\/\/optimate1.com\/product\/optimate-lithium-4s-9-5a-2019\/\" \/>\n<meta property=\"og:site_name\" content=\"OptiMate\" \/>\n<meta property=\"article:publisher\" content=\"https:\/\/www.facebook.com\/OptiMatebatterysavingcharger\/\" \/>\n<meta property=\"article:modified_time\" content=\"2020-05-12T09:36:43+00:00\" \/>\n<meta property=\"og:image\" content=\"https:\/\/optimate1.com\/wp-content\/uploads\/2019\/06\/OptiMate-Lithium-4s-9.5A-TM274275-5.png\" \/>\n\t<meta property=\"og:image:width\" content=\"900\" \/>\n\t<meta property=\"og:image:height\" content=\"900\" \/>\n\t<meta property=\"og:image:type\" content=\"image\/png\" \/>\n<meta name=\"twitter:card\" content=\"summary_large_image\" \/>\n<meta name=\"twitter:label1\" content=\"Dur\u00e9e de lecture estim\u00e9e\" \/>\n\t<meta name=\"twitter:data1\" content=\"1 minute\" \/>\n<script type=\"application\/ld+json\" class=\"yoast-schema-graph\">{\"@context\":\"https:\/\/schema.org\",\"@graph\":[{\"@type\":\"WebPage\",\"@id\":\"https:\/\/optimate1.com\/product\/optimate-lithium-4s-9-5a-2019\/\",\"url\":\"https:\/\/optimate1.com\/product\/optimate-lithium-4s-9-5a-2019\/\",\"name\":\"OptiMate Lithium 4s 9.5A (2019) - OptiMate\",\"isPartOf\":{\"@id\":\"https:\/\/optimate1.com\/#website\"},\"primaryImageOfPage\":{\"@id\":\"https:\/\/optimate1.com\/product\/optimate-lithium-4s-9-5a-2019\/#primaryimage\"},\"image\":{\"@id\":\"https:\/\/optimate1.com\/product\/optimate-lithium-4s-9-5a-2019\/#primaryimage\"},\"thumbnailUrl\":\"https:\/\/optimate1.com\/wp-content\/uploads\/2019\/06\/OptiMate-Lithium-4s-9.5A-TM274275-5.png\",\"datePublished\":\"2020-05-12T05:45:29+00:00\",\"dateModified\":\"2020-05-12T09:36:43+00:00\",\"breadcrumb\":{\"@id\":\"https:\/\/optimate1.com\/product\/optimate-lithium-4s-9-5a-2019\/#breadcrumb\"},\"inLanguage\":\"fr-FR\",\"potentialAction\":[{\"@type\":\"ReadAction\",\"target\":[\"https:\/\/optimate1.com\/product\/optimate-lithium-4s-9-5a-2019\/\"]}]},{\"@type\":\"ImageObject\",\"inLanguage\":\"fr-FR\",\"@id\":\"https:\/\/optimate1.com\/product\/optimate-lithium-4s-9-5a-2019\/#primaryimage\",\"url\":\"https:\/\/optimate1.com\/wp-content\/uploads\/2019\/06\/OptiMate-Lithium-4s-9.5A-TM274275-5.png\",\"contentUrl\":\"https:\/\/optimate1.com\/wp-content\/uploads\/2019\/06\/OptiMate-Lithium-4s-9.5A-TM274275-5.png\",\"width\":900,\"height\":900},{\"@type\":\"BreadcrumbList\",\"@id\":\"https:\/\/optimate1.com\/product\/optimate-lithium-4s-9-5a-2019\/#breadcrumb\",\"itemListElement\":[{\"@type\":\"ListItem\",\"position\":1,\"name\":\"Home\",\"item\":\"https:\/\/optimate1.com\/\"},{\"@type\":\"ListItem\",\"position\":2,\"name\":\"Produits\",\"item\":\"https:\/\/optimate1.com\/shop\/\"},{\"@type\":\"ListItem\",\"position\":3,\"name\":\"OptiMate Lithium 4s 9.5A (2019)\"}]},{\"@type\":\"WebSite\",\"@id\":\"https:\/\/optimate1.com\/#website\",\"url\":\"https:\/\/optimate1.com\/\",\"name\":\"OptiMate\",\"description\":\"Battery Chargers &amp; Accessories\",\"publisher\":{\"@id\":\"https:\/\/optimate1.com\/#organization\"},\"potentialAction\":[{\"@type\":\"SearchAction\",\"target\":{\"@type\":\"EntryPoint\",\"urlTemplate\":\"https:\/\/optimate1.com\/?s={search_term_string}\"},\"query-input\":{\"@type\":\"PropertyValueSpecification\",\"valueRequired\":true,\"valueName\":\"search_term_string\"}}],\"inLanguage\":\"fr-FR\"},{\"@type\":\"Organization\",\"@id\":\"https:\/\/optimate1.com\/#organization\",\"name\":\"OptiMate\",\"url\":\"https:\/\/optimate1.com\/\",\"logo\":{\"@type\":\"ImageObject\",\"inLanguage\":\"fr-FR\",\"@id\":\"https:\/\/optimate1.com\/#\/schema\/logo\/image\/\",\"url\":\"https:\/\/optimate1.com\/wp-content\/uploads\/2021\/06\/optimate-hpbc-stacklogo.jpg\",\"contentUrl\":\"https:\/\/optimate1.com\/wp-content\/uploads\/2021\/06\/optimate-hpbc-stacklogo.jpg\",\"width\":1025,\"height\":529,\"caption\":\"OptiMate\"},\"image\":{\"@id\":\"https:\/\/optimate1.com\/#\/schema\/logo\/image\/\"},\"sameAs\":[\"https:\/\/www.facebook.com\/OptiMatebatterysavingcharger\/\"]}]}<\/script>\n<!-- \/ Yoast SEO plugin. -->","yoast_head_json":{"title":"OptiMate Lithium 4s 9.5A (2019) - OptiMate","robots":{"index":"index","follow":"follow","max-snippet":"max-snippet:-1","max-image-preview":"max-image-preview:large","max-video-preview":"max-video-preview:-1"},"canonical":"https:\/\/optimate1.com\/product\/optimate-lithium-4s-9-5a-2019\/","og_locale":"fr_FR","og_type":"article","og_title":"OptiMate Lithium 4s 9.5A (2019) - OptiMate","og_description":"Chargeur-Mainteneur-R\u00e9cup\u00e9rateur de batterie \u00e9tanche 12.8 V 9.5A en 10 \u00e9tapes","og_url":"https:\/\/optimate1.com\/product\/optimate-lithium-4s-9-5a-2019\/","og_site_name":"OptiMate","article_publisher":"https:\/\/www.facebook.com\/OptiMatebatterysavingcharger\/","article_modified_time":"2020-05-12T09:36:43+00:00","og_image":[{"width":900,"height":900,"url":"https:\/\/optimate1.com\/wp-content\/uploads\/2019\/06\/OptiMate-Lithium-4s-9.5A-TM274275-5.png","type":"image\/png"}],"twitter_card":"summary_large_image","twitter_misc":{"Dur\u00e9e de lecture estim\u00e9e":"1 minute"},"schema":{"@context":"https:\/\/schema.org","@graph":[{"@type":"WebPage","@id":"https:\/\/optimate1.com\/product\/optimate-lithium-4s-9-5a-2019\/","url":"https:\/\/optimate1.com\/product\/optimate-lithium-4s-9-5a-2019\/","name":"OptiMate Lithium 4s 9.5A (2019) - OptiMate","isPartOf":{"@id":"https:\/\/optimate1.com\/#website"},"primaryImageOfPage":{"@id":"https:\/\/optimate1.com\/product\/optimate-lithium-4s-9-5a-2019\/#primaryimage"},"image":{"@id":"https:\/\/optimate1.com\/product\/optimate-lithium-4s-9-5a-2019\/#primaryimage"},"thumbnailUrl":"https:\/\/optimate1.com\/wp-content\/uploads\/2019\/06\/OptiMate-Lithium-4s-9.5A-TM274275-5.png","datePublished":"2020-05-12T05:45:29+00:00","dateModified":"2020-05-12T09:36:43+00:00","breadcrumb":{"@id":"https:\/\/optimate1.com\/product\/optimate-lithium-4s-9-5a-2019\/#breadcrumb"},"inLanguage":"fr-FR","potentialAction":[{"@type":"ReadAction","target":["https:\/\/optimate1.com\/product\/optimate-lithium-4s-9-5a-2019\/"]}]},{"@type":"ImageObject","inLanguage":"fr-FR","@id":"https:\/\/optimate1.com\/product\/optimate-lithium-4s-9-5a-2019\/#primaryimage","url":"https:\/\/optimate1.com\/wp-content\/uploads\/2019\/06\/OptiMate-Lithium-4s-9.5A-TM274275-5.png","contentUrl":"https:\/\/optimate1.com\/wp-content\/uploads\/2019\/06\/OptiMate-Lithium-4s-9.5A-TM274275-5.png","width":900,"height":900},{"@type":"BreadcrumbList","@id":"https:\/\/optimate1.com\/product\/optimate-lithium-4s-9-5a-2019\/#breadcrumb","itemListElement":[{"@type":"ListItem","position":1,"name":"Home","item":"https:\/\/optimate1.com\/"},{"@type":"ListItem","position":2,"name":"Produits","item":"https:\/\/optimate1.com\/shop\/"},{"@type":"ListItem","position":3,"name":"OptiMate Lithium 4s 9.5A (2019)"}]},{"@type":"WebSite","@id":"https:\/\/optimate1.com\/#website","url":"https:\/\/optimate1.com\/","name":"OptiMate","description":"Battery Chargers &amp; Accessories","publisher":{"@id":"https:\/\/optimate1.com\/#organization"},"potentialAction":[{"@type":"SearchAction","target":{"@type":"EntryPoint","urlTemplate":"https:\/\/optimate1.com\/?s={search_term_string}"},"query-input":{"@type":"PropertyValueSpecification","valueRequired":true,"valueName":"search_term_string"}}],"inLanguage":"fr-FR"},{"@type":"Organization","@id":"https:\/\/optimate1.com\/#organization","name":"OptiMate","url":"https:\/\/optimate1.com\/","logo":{"@type":"ImageObject","inLanguage":"fr-FR","@id":"https:\/\/optimate1.com\/#\/schema\/logo\/image\/","url":"https:\/\/optimate1.com\/wp-content\/uploads\/2021\/06\/optimate-hpbc-stacklogo.jpg","contentUrl":"https:\/\/optimate1.com\/wp-content\/uploads\/2021\/06\/optimate-hpbc-stacklogo.jpg","width":1025,"height":529,"caption":"OptiMate"},"image":{"@id":"https:\/\/optimate1.com\/#\/schema\/logo\/image\/"},"sameAs":["https:\/\/www.facebook.com\/OptiMatebatterysavingcharger\/"]}]}},"_links":{"self":[{"href":"https:\/\/optimate1.com\/fr\/wp-json\/wp\/v2\/product\/18353","targetHints":{"allow":["GET"]}}],"collection":[{"href":"https:\/\/optimate1.com\/fr\/wp-json\/wp\/v2\/product"}],"about":[{"href":"https:\/\/optimate1.com\/fr\/wp-json\/wp\/v2\/types\/product"}],"wp:featuredmedia":[{"embeddable":true,"href":"https:\/\/optimate1.com\/fr\/wp-json\/wp\/v2\/media\/4534"}],"wp:attachment":[{"href":"https:\/\/optimate1.com\/fr\/wp-json\/wp\/v2\/media?parent=18353"}],"wp:term":[{"taxonomy":"product_brand","embeddable":true,"href":"https:\/\/optimate1.com\/fr\/wp-json\/wp\/v2\/product_brand?post=18353"},{"taxonomy":"product_cat","embeddable":true,"href":"https:\/\/optimate1.com\/fr\/wp-json\/wp\/v2\/product_cat?post=18353"},{"taxonomy":"product_tag","embeddable":true,"href":"https:\/\/optimate1.com\/fr\/wp-json\/wp\/v2\/product_tag?post=18353"}],"curies":[{"name":"wp","href":"https:\/\/api.w.org\/{rel}","templated":true}]}}