{"id":21425,"date":"2020-11-16T05:44:57","date_gmt":"2020-11-16T10:44:57","guid":{"rendered":"https:\/\/optimate1.com\/product\/optimate-5-voltmatic-copy\/"},"modified":"2026-04-16T08:28:12","modified_gmt":"2026-04-16T12:28:12","slug":"optimate-5-6v-12v-chargeur-batterie","status":"publish","type":"product","link":"https:\/\/optimate1.com\/fr\/produit\/optimate-5-6v-12v-chargeur-batterie\/","title":{"rendered":"OptiMate 5 6V\/12V"},"content":{"rendered":"<h6 style=\"text-align: center;\"><strong><span style=\"color: #10069f;\">OptiMate 5 6V\/12V est le chargeur le plus intelligent pour toutes les batteries plomb-acide 6V et 12V <\/span><\/strong><i><span style=\"color: #10069f;\">&#8211; <\/span><span style=\"color: #10069f;\">id\u00e9al pour les batteries \u00e0 d\u00e9charge profonde!<\/span><\/i><\/h6>\n<h6 style=\"text-align: center;\"><img loading=\"lazy\" decoding=\"async\" class=\"aligncenter wp-image-20668\" src=\"https:\/\/optimate1.com\/wp-content\/uploads\/2021\/11\/Vehicles-2-x-01.png\" alt=\"The 6V 12V battery charger is recommended for batteries of RVs, golf carts, oldtimers, motorcycles, medical equipment and security devices.\" width=\"428\" height=\"66\" \/><\/h6>\n<p>&nbsp;<\/p>\n<h6 style=\"text-align: center;\"><strong><span style=\"color: #10069f;\">S\u00e9lectionnez la tension de charge appropri\u00e9e pour votre batterie plomb-acide 6V ou 12V<\/span><\/strong>\u00a0&#8211; <i><span style=\"color: #10069f;\">La s\u00e9lection reste en m\u00e9moire m\u00eame en cas de coupure de courant.<\/span><\/i><\/h6>\n<h6 style=\"text-align: center;\"><strong><img loading=\"lazy\" decoding=\"async\" class=\"aligncenter wp-image-20961\" src=\"https:\/\/optimate1.com\/wp-content\/uploads\/2021\/11\/12V-selection-copy-x-01.png\" alt=\"With the OptiMate 6V 12V battery charger you can select the right charge voltage for your 6V or 12V lead-acid battery.\" width=\"428\" height=\"70\" \/><\/strong><\/h6>\n<p>&nbsp;<\/p>\n<h6 style=\"text-align: center;\"><strong><span style=\"color: #10069f;\">Un programme enti\u00e8rement automatique en plusieurs \u00e9tapes am\u00e8ne la batterie \u00e0 pleine charge en toute s\u00e9curit\u00e9<\/span><\/strong><span style=\"color: #10069f;\"> &#8211; <\/span><i><span style=\"color: #10069f;\">Connectez la batterie et l&#8217;OptiMate 5 6V\/12V fait le reste, aucune supervision n&#8217;est n\u00e9cessaire!<\/span><\/i><\/h6>\n<h6 style=\"text-align: center;\"><img loading=\"lazy\" decoding=\"async\" class=\"aligncenter wp-image-20876\" src=\"https:\/\/optimate1.com\/wp-content\/uploads\/2020\/12\/connect_save_charge-maintain-01.png\" alt=\"The fully automatic multi-step program to full charge the battery safely. \" width=\"428\" height=\"70\" \/><\/h6>\n<p>&nbsp;<\/p>\n<p>&nbsp;<\/p>\n<h4 style=\"text-align: center;\"><strong><span style=\"text-decoration: underline;\">PLUS DE CARACT\u00c9RISTIQUES:<\/span><\/strong><\/h4>\n<p style=\"text-align: center;\">\n<table id=\"tablepress-563\" class=\"tablepress tablepress-id-563\">\n<tbody class=\"row-hover\">\n<tr class=\"row-1\">\n\t<td class=\"column-1\"><a href=\"\"><img loading=\"lazy\" decoding=\"async\" src=\"https:\/\/optimate1.com\/wp-content\/uploads\/2023\/11\/TM-320-batteries.png\" alt=\"\" width=\"300\" height=\"50\" class=\"aligncenter size-medium wp-image-20927\" \/><\/a><body><h6><center>Pour les batteries plomb-acide (Pb) 6V et 12V, y compris STD (avec bouchons de remplissage), AGM, GEL (VRLA scell\u00e9), cycle profond et SLI.<\/body><\/h6><\/center><br \/>\n<\/td>\n<\/tr>\n<tr class=\"row-2\">\n\t<td class=\"column-1\"><a href=\"\"><img loading=\"lazy\" decoding=\"async\" src=\"https:\/\/optimate1.com\/wp-content\/uploads\/2020\/12\/Ampmatic-SFL200.png\" alt=\"\" width=\"300\" height=\"50\" class=\"aligncenter size-medium wp-image-20927\" \/><\/a><body><h6><center>Ajuste automatiquement le courant en fonction de la taille et de l'\u00e9tat de la batterie.<\/body><\/h6><\/center><br \/>\n<\/td>\n<\/tr>\n<tr class=\"row-3\">\n\t<td class=\"column-1\"><a href=\"\"><img loading=\"lazy\" decoding=\"async\" src=\"https:\/\/optimate1.com\/wp-content\/uploads\/2020\/12\/SAFE-connected-x2-300x49.jpg\" alt=\"\" width=\"300\" height=\"50\" class=\"aligncenter size-medium wp-image-20928\" \/><\/a><body><h6><center>Peut \u00eatre laiss\u00e9 branch\u00e9 en toute s\u00e9curit\u00e9. Protection \u00e9lectronique compl\u00e8te.<\/body><\/h6><\/center><\/td>\n<\/tr>\n<tr class=\"row-4\">\n\t<td class=\"column-1\"><a href=\"\"><img loading=\"lazy\" decoding=\"async\" src=\"https:\/\/optimate1.com\/wp-content\/uploads\/2020\/12\/24-7-x2-300x49.png\" alt=\"\" width=\"300\" height=\"50\" class=\"aligncenter size-medium wp-image-20995\" \/><\/a><body><h6><center>Maintient la batterie en pleine charge et en bonne sant\u00e9.<\/body><\/h6><\/center><\/td>\n<\/tr>\n<tr class=\"row-5\">\n\t<td class=\"column-1\"><a href=\"\"><img loading=\"lazy\" decoding=\"async\" src=\"https:\/\/optimate1.com\/wp-content\/uploads\/2020\/12\/SAVE-dead-battery-x2-300x49.png\" alt=\"\" width=\"300\" height=\"50\" class=\"aligncenter size-medium wp-image-20982\" \/><\/a><body><h6><center>Sauve votre batterie \"morte\" \u00e0 partir d'une tension aussi basse que 0.5V.<\/center><\/h6><\/body><\/td>\n<\/tr>\n<tr class=\"row-6\">\n\t<td class=\"column-1\"><a href=\"\"><img loading=\"lazy\" decoding=\"async\" src=\"https:\/\/optimate1.com\/wp-content\/uploads\/2020\/12\/state-of-health-test-2-LED-200.png\" alt=\"\" width=\"300\" height=\"50\" class=\"aligncenter size-medium wp-image-20993\" \/><\/a><body><h6><center>Teste l'\u00e9tat de sant\u00e9 de la batterie.<\/body><\/h6><\/center><\/td>\n<\/tr>\n<tr class=\"row-7\">\n\t<td class=\"column-1\"><a href=\"\"><img loading=\"lazy\" decoding=\"async\" src=\"https:\/\/optimate1.com\/wp-content\/uploads\/2020\/12\/will-not-charge-low-volt-battery-300x49.png\" alt=\"\" width=\"300\" height=\"50\" class=\"aligncenter size-medium wp-image-20985\" \/><\/a><body><h6><center>Contr\u00f4le de s\u00e9curit\u00e9 de la tension: ne charge pas si la tension de la batterie ne correspond pas \u00e0 la s\u00e9lection. N\u00e9cessite la confirmation de l'utilisateur.<\/body><\/h6><\/center><\/td>\n<\/tr>\n<tr class=\"row-8\">\n\t<td class=\"column-1\"><a href=\"\"><img loading=\"lazy\" decoding=\"async\" src=\"https:\/\/optimate1.com\/wp-content\/uploads\/2020\/12\/green-technology-hx2-1-300x49.png\" alt=\"\" width=\"300\" height=\"50\" class=\"aligncenter size-medium wp-image-20983\" \/><\/a><body><h6><center>Technologie d'\u00e9conomie d'\u00e9nergie.<br \/>\n<strong>\u221a<\/strong> Puissance en veille inf\u00e9rieure \u00e0 0.5W<br \/>\n<strong>\u221a<\/strong> Entretien efficace de la batterie 24 heures sur 24 et 7 jours sur 7<\/body><\/h6><\/center><\/td>\n<\/tr>\n<tr class=\"row-9\">\n\t<td class=\"column-1\"><a href=\"\"><img loading=\"lazy\" decoding=\"async\" src=\"https:\/\/optimate1.com\/wp-content\/uploads\/2020\/12\/weatherproof-x2-300x49.png\" alt=\"\" width=\"300\" height=\"50\" class=\"aligncenter size-medium wp-image-21012\" srcset=\"https:\/\/optimate1.com\/wp-content\/uploads\/2020\/12\/weatherproof-x2-300x49.png 300w, https:\/\/optimate1.com\/wp-content\/uploads\/2020\/12\/weatherproof-x2-600x98.png 600w, https:\/\/optimate1.com\/wp-content\/uploads\/2020\/12\/weatherproof-x2-64x10.png 64w, https:\/\/optimate1.com\/wp-content\/uploads\/2020\/12\/weatherproof-x2-768x126.png 768w, https:\/\/optimate1.com\/wp-content\/uploads\/2020\/12\/weatherproof-x2.png 856w\" sizes=\"auto, (max-width: 300px) 100vw, 300px\" \/><\/a><body><h6><center>R\u00e9sistant aux intemp\u00e9ries. Con\u00e7u pour une utilisation jusqu'\u00e0 -40\u00b0C \/ -40\u00b0F<\/body><\/h6><\/center><\/td>\n<\/tr>\n<\/tbody>\n<\/table>\n<!-- #tablepress-563 from cache --><\/p>\n","protected":false},"excerpt":{"rendered":"<h3><span style=\"color: #959b9d;\">S\u00e9rie SILVER : syst\u00e8me permettant de sauver, de charger et d&#8217;assurer la maintenance d&#8217;une batterie scell\u00e9e de 6V 4A \/ 12V 3A en 8 \u00e9tapes<\/span><\/h3>\n","protected":false},"featured_media":41821,"template":"","meta":[],"product_brand":[],"product_cat":[394],"product_tag":[],"class_list":{"0":"post-21425","1":"product","2":"type-product","3":"status-publish","4":"has-post-thumbnail","6":"product_cat-battery-chargers-fr","7":"pa_charge-battery-chemistry-pb-agm-gel-std-lead-acid-fr","8":"pa_charge-battery-more-12v-fr","9":"pa_charge-battery-more-6v-fr","10":"pa_charge-battery-more-bateau-motomarine","11":"pa_charge-battery-more-deep-prolonge-industriel","12":"pa_charge-battery-more-motorhome-caravane","13":"pa_charge-battery-more-oldtimer","14":"pa_power-ac-100-240vac-fr","15":"pa_product-group-optimate-5-fr","16":"pa_region-ca-fr","17":"pa_region-eu-fr-2","18":"pa_region-uk-fr-2","19":"pa_region-us-fr-2","20":"iside_voltage-6-fr","21":"iside_ampere-4-fr","22":"iside_vehicle-oldtimer-classic-car-fr","23":"iside_charger_series-silver-smarter-fr","24":"iside_charger_features-maintenance-de-batterie-securisee-24-7","25":"iside_charger_features-save-sulphated-pb-lead-acid-fr","26":"iside_charger_type-single-fr","27":"iside_battery_voltage-12v-fr","28":"iside_battery_voltage-6v-fr","29":"iside_battery_chemistry-pb-lead-acid-fr","30":"battery_charger_current-2a-4a-fr","31":"thunk-woo-product-list","32":"opn-qv-enable","33":"big-store-woo-hover-","34":"open-single-product-tab-horizontal","35":"open-shadow-","36":"open-shadow-hover-","38":"first","39":"instock","40":"featured","41":"shipping-taxable","42":"purchasable","43":"product-type-simple"},"yoast_head":"<!-- This site is optimized with the Yoast SEO plugin v27.2 - https:\/\/yoast.com\/product\/yoast-seo-wordpress\/ -->\n<title>OptiMate 5 6V\/12V - OptiMate<\/title>\n<meta name=\"description\" content=\"L&#039;OptiMate 5 6V\/12V est un chargeur de batterie plus intelligent pour toutes les batteries au plomb de 6V et 12V. Lisez la suite!\" \/>\n<meta name=\"robots\" content=\"index, follow, max-snippet:-1, max-image-preview:large, max-video-preview:-1, noarchive\" \/>\n<link rel=\"canonical\" href=\"https:\/\/optimate1.com\/fr\/produit\/optimate-5-6v-12v-chargeur-batterie\/\" \/>\n<meta property=\"og:locale\" content=\"fr_FR\" \/>\n<meta property=\"og:type\" content=\"article\" \/>\n<meta property=\"og:title\" content=\"OptiMate 5 6V\/12V - OptiMate\" \/>\n<meta property=\"og:description\" content=\"L&#039;OptiMate 5 6V\/12V est un chargeur de batterie plus intelligent pour toutes les batteries au plomb de 6V et 12V. Lisez la suite!\" \/>\n<meta property=\"og:url\" content=\"https:\/\/optimate1.com\/fr\/produit\/optimate-5-6v-12v-chargeur-batterie\/\" \/>\n<meta property=\"og:site_name\" content=\"OptiMate\" \/>\n<meta property=\"article:publisher\" content=\"https:\/\/www.facebook.com\/OptiMatebatterysavingcharger\/\" \/>\n<meta property=\"article:modified_time\" content=\"2026-04-16T12:28:12+00:00\" \/>\n<meta property=\"og:image\" content=\"https:\/\/optimate1.com\/wp-content\/uploads\/2026\/03\/OptiMate-5-6-12V-TM32x-11-fr-1024x1024.png\" \/>\n\t<meta property=\"og:image:width\" content=\"1024\" \/>\n\t<meta property=\"og:image:height\" content=\"1024\" \/>\n\t<meta property=\"og:image:type\" content=\"image\/png\" \/>\n<meta name=\"twitter:card\" content=\"summary_large_image\" \/>\n<meta name=\"twitter:label1\" content=\"Dur\u00e9e de lecture estim\u00e9e\" \/>\n\t<meta name=\"twitter:data1\" content=\"2 minutes\" \/>\n<script type=\"application\/ld+json\" class=\"yoast-schema-graph\">{\"@context\":\"https:\/\/schema.org\",\"@graph\":[{\"@type\":\"WebPage\",\"@id\":\"https:\/\/optimate1.com\/fr\/produit\/optimate-5-6v-12v-chargeur-batterie\/\",\"url\":\"https:\/\/optimate1.com\/fr\/produit\/optimate-5-6v-12v-chargeur-batterie\/\",\"name\":\"OptiMate 5 6V\/12V - OptiMate\",\"isPartOf\":{\"@id\":\"https:\/\/optimate1.com\/#website\"},\"primaryImageOfPage\":{\"@id\":\"https:\/\/optimate1.com\/fr\/produit\/optimate-5-6v-12v-chargeur-batterie\/#primaryimage\"},\"image\":{\"@id\":\"https:\/\/optimate1.com\/fr\/produit\/optimate-5-6v-12v-chargeur-batterie\/#primaryimage\"},\"thumbnailUrl\":\"https:\/\/optimate1.com\/wp-content\/uploads\/2026\/03\/OptiMate-5-6-12V-TM32x-11-fr.png\",\"datePublished\":\"2020-11-16T10:44:57+00:00\",\"dateModified\":\"2026-04-16T12:28:12+00:00\",\"description\":\"L'OptiMate 5 6V\/12V est un chargeur de batterie plus intelligent pour toutes les batteries au plomb de 6V et 12V. Lisez la suite!\",\"breadcrumb\":{\"@id\":\"https:\/\/optimate1.com\/fr\/produit\/optimate-5-6v-12v-chargeur-batterie\/#breadcrumb\"},\"inLanguage\":\"fr-FR\",\"potentialAction\":[{\"@type\":\"ReadAction\",\"target\":[\"https:\/\/optimate1.com\/fr\/produit\/optimate-5-6v-12v-chargeur-batterie\/\"]}]},{\"@type\":\"ImageObject\",\"inLanguage\":\"fr-FR\",\"@id\":\"https:\/\/optimate1.com\/fr\/produit\/optimate-5-6v-12v-chargeur-batterie\/#primaryimage\",\"url\":\"https:\/\/optimate1.com\/wp-content\/uploads\/2026\/03\/OptiMate-5-6-12V-TM32x-11-fr.png\",\"contentUrl\":\"https:\/\/optimate1.com\/wp-content\/uploads\/2026\/03\/OptiMate-5-6-12V-TM32x-11-fr.png\",\"width\":1500,\"height\":1500},{\"@type\":\"BreadcrumbList\",\"@id\":\"https:\/\/optimate1.com\/fr\/produit\/optimate-5-6v-12v-chargeur-batterie\/#breadcrumb\",\"itemListElement\":[{\"@type\":\"ListItem\",\"position\":1,\"name\":\"Home\",\"item\":\"https:\/\/optimate1.com\/\"},{\"@type\":\"ListItem\",\"position\":2,\"name\":\"Produits\",\"item\":\"https:\/\/optimate1.com\/shop\/\"},{\"@type\":\"ListItem\",\"position\":3,\"name\":\"OptiMate 5 6V\/12V\"}]},{\"@type\":\"WebSite\",\"@id\":\"https:\/\/optimate1.com\/#website\",\"url\":\"https:\/\/optimate1.com\/\",\"name\":\"OptiMate\",\"description\":\"Battery Chargers &amp; Accessories\",\"publisher\":{\"@id\":\"https:\/\/optimate1.com\/#organization\"},\"potentialAction\":[{\"@type\":\"SearchAction\",\"target\":{\"@type\":\"EntryPoint\",\"urlTemplate\":\"https:\/\/optimate1.com\/?s={search_term_string}\"},\"query-input\":{\"@type\":\"PropertyValueSpecification\",\"valueRequired\":true,\"valueName\":\"search_term_string\"}}],\"inLanguage\":\"fr-FR\"},{\"@type\":\"Organization\",\"@id\":\"https:\/\/optimate1.com\/#organization\",\"name\":\"OptiMate\",\"url\":\"https:\/\/optimate1.com\/\",\"logo\":{\"@type\":\"ImageObject\",\"inLanguage\":\"fr-FR\",\"@id\":\"https:\/\/optimate1.com\/#\/schema\/logo\/image\/\",\"url\":\"https:\/\/optimate1.com\/wp-content\/uploads\/2021\/06\/optimate-hpbc-stacklogo.jpg\",\"contentUrl\":\"https:\/\/optimate1.com\/wp-content\/uploads\/2021\/06\/optimate-hpbc-stacklogo.jpg\",\"width\":1025,\"height\":529,\"caption\":\"OptiMate\"},\"image\":{\"@id\":\"https:\/\/optimate1.com\/#\/schema\/logo\/image\/\"},\"sameAs\":[\"https:\/\/www.facebook.com\/OptiMatebatterysavingcharger\/\"]}]}<\/script>\n<!-- \/ Yoast SEO plugin. -->","yoast_head_json":{"title":"OptiMate 5 6V\/12V - OptiMate","description":"L'OptiMate 5 6V\/12V est un chargeur de batterie plus intelligent pour toutes les batteries au plomb de 6V et 12V. Lisez la suite!","robots":{"index":"index","follow":"follow","max-snippet":"max-snippet:-1","max-image-preview":"max-image-preview:large","max-video-preview":"max-video-preview:-1","archive":"noarchive"},"canonical":"https:\/\/optimate1.com\/fr\/produit\/optimate-5-6v-12v-chargeur-batterie\/","og_locale":"fr_FR","og_type":"article","og_title":"OptiMate 5 6V\/12V - OptiMate","og_description":"L'OptiMate 5 6V\/12V est un chargeur de batterie plus intelligent pour toutes les batteries au plomb de 6V et 12V. Lisez la suite!","og_url":"https:\/\/optimate1.com\/fr\/produit\/optimate-5-6v-12v-chargeur-batterie\/","og_site_name":"OptiMate","article_publisher":"https:\/\/www.facebook.com\/OptiMatebatterysavingcharger\/","article_modified_time":"2026-04-16T12:28:12+00:00","og_image":[{"width":1024,"height":1024,"url":"https:\/\/optimate1.com\/wp-content\/uploads\/2026\/03\/OptiMate-5-6-12V-TM32x-11-fr-1024x1024.png","type":"image\/png"}],"twitter_card":"summary_large_image","twitter_misc":{"Dur\u00e9e de lecture estim\u00e9e":"2 minutes"},"schema":{"@context":"https:\/\/schema.org","@graph":[{"@type":"WebPage","@id":"https:\/\/optimate1.com\/fr\/produit\/optimate-5-6v-12v-chargeur-batterie\/","url":"https:\/\/optimate1.com\/fr\/produit\/optimate-5-6v-12v-chargeur-batterie\/","name":"OptiMate 5 6V\/12V - OptiMate","isPartOf":{"@id":"https:\/\/optimate1.com\/#website"},"primaryImageOfPage":{"@id":"https:\/\/optimate1.com\/fr\/produit\/optimate-5-6v-12v-chargeur-batterie\/#primaryimage"},"image":{"@id":"https:\/\/optimate1.com\/fr\/produit\/optimate-5-6v-12v-chargeur-batterie\/#primaryimage"},"thumbnailUrl":"https:\/\/optimate1.com\/wp-content\/uploads\/2026\/03\/OptiMate-5-6-12V-TM32x-11-fr.png","datePublished":"2020-11-16T10:44:57+00:00","dateModified":"2026-04-16T12:28:12+00:00","description":"L'OptiMate 5 6V\/12V est un chargeur de batterie plus intelligent pour toutes les batteries au plomb de 6V et 12V. Lisez la suite!","breadcrumb":{"@id":"https:\/\/optimate1.com\/fr\/produit\/optimate-5-6v-12v-chargeur-batterie\/#breadcrumb"},"inLanguage":"fr-FR","potentialAction":[{"@type":"ReadAction","target":["https:\/\/optimate1.com\/fr\/produit\/optimate-5-6v-12v-chargeur-batterie\/"]}]},{"@type":"ImageObject","inLanguage":"fr-FR","@id":"https:\/\/optimate1.com\/fr\/produit\/optimate-5-6v-12v-chargeur-batterie\/#primaryimage","url":"https:\/\/optimate1.com\/wp-content\/uploads\/2026\/03\/OptiMate-5-6-12V-TM32x-11-fr.png","contentUrl":"https:\/\/optimate1.com\/wp-content\/uploads\/2026\/03\/OptiMate-5-6-12V-TM32x-11-fr.png","width":1500,"height":1500},{"@type":"BreadcrumbList","@id":"https:\/\/optimate1.com\/fr\/produit\/optimate-5-6v-12v-chargeur-batterie\/#breadcrumb","itemListElement":[{"@type":"ListItem","position":1,"name":"Home","item":"https:\/\/optimate1.com\/"},{"@type":"ListItem","position":2,"name":"Produits","item":"https:\/\/optimate1.com\/shop\/"},{"@type":"ListItem","position":3,"name":"OptiMate 5 6V\/12V"}]},{"@type":"WebSite","@id":"https:\/\/optimate1.com\/#website","url":"https:\/\/optimate1.com\/","name":"OptiMate","description":"Battery Chargers &amp; Accessories","publisher":{"@id":"https:\/\/optimate1.com\/#organization"},"potentialAction":[{"@type":"SearchAction","target":{"@type":"EntryPoint","urlTemplate":"https:\/\/optimate1.com\/?s={search_term_string}"},"query-input":{"@type":"PropertyValueSpecification","valueRequired":true,"valueName":"search_term_string"}}],"inLanguage":"fr-FR"},{"@type":"Organization","@id":"https:\/\/optimate1.com\/#organization","name":"OptiMate","url":"https:\/\/optimate1.com\/","logo":{"@type":"ImageObject","inLanguage":"fr-FR","@id":"https:\/\/optimate1.com\/#\/schema\/logo\/image\/","url":"https:\/\/optimate1.com\/wp-content\/uploads\/2021\/06\/optimate-hpbc-stacklogo.jpg","contentUrl":"https:\/\/optimate1.com\/wp-content\/uploads\/2021\/06\/optimate-hpbc-stacklogo.jpg","width":1025,"height":529,"caption":"OptiMate"},"image":{"@id":"https:\/\/optimate1.com\/#\/schema\/logo\/image\/"},"sameAs":["https:\/\/www.facebook.com\/OptiMatebatterysavingcharger\/"]}]}},"_links":{"self":[{"href":"https:\/\/optimate1.com\/fr\/wp-json\/wp\/v2\/product\/21425","targetHints":{"allow":["GET"]}}],"collection":[{"href":"https:\/\/optimate1.com\/fr\/wp-json\/wp\/v2\/product"}],"about":[{"href":"https:\/\/optimate1.com\/fr\/wp-json\/wp\/v2\/types\/product"}],"wp:featuredmedia":[{"embeddable":true,"href":"https:\/\/optimate1.com\/fr\/wp-json\/wp\/v2\/media\/41821"}],"wp:attachment":[{"href":"https:\/\/optimate1.com\/fr\/wp-json\/wp\/v2\/media?parent=21425"}],"wp:term":[{"taxonomy":"product_brand","embeddable":true,"href":"https:\/\/optimate1.com\/fr\/wp-json\/wp\/v2\/product_brand?post=21425"},{"taxonomy":"product_cat","embeddable":true,"href":"https:\/\/optimate1.com\/fr\/wp-json\/wp\/v2\/product_cat?post=21425"},{"taxonomy":"product_tag","embeddable":true,"href":"https:\/\/optimate1.com\/fr\/wp-json\/wp\/v2\/product_tag?post=21425"}],"curies":[{"name":"wp","href":"https:\/\/api.w.org\/{rel}","templated":true}]}}