{"id":21488,"date":"2020-12-01T04:17:11","date_gmt":"2020-12-01T09:17:11","guid":{"rendered":"https:\/\/optimate1.com\/product\/optimate-7-ampmatic-silver\/"},"modified":"2026-03-30T06:30:36","modified_gmt":"2026-03-30T10:30:36","slug":"optimate-7-ampmatic-2","status":"publish","type":"product","link":"https:\/\/optimate1.com\/fr\/produit\/optimate-7-ampmatic-2\/","title":{"rendered":"OptiMate 7 Ampmatic"},"content":{"rendered":"<h6 style=\"text-align: center;\"><strong><span style=\"color: #10069f;\">OptiMate 7 Ampmatic &#8216;SILVER series&#8217; est le chargeur de batterie enti\u00e8rement automatique le plus intelligent pour la batterie au plomb de 12V de votre moto, voiture \/ pick-up, bateau ou camping-car. <\/span><\/strong><i><span style=\"color: #10069f;\">&#8211; <\/span><span style=\"color: #10069f;\">le chargeur polyvalent facile \u00e0 utiliser qui s&#8217;adapte \u00e0 votre batterie ! \u00a0<\/span><\/i><\/h6>\n<h6 style=\"text-align: center;\"><img loading=\"lazy\" decoding=\"async\" class=\"aligncenter wp-image-20668\" src=\"https:\/\/optimate1.com\/wp-content\/uploads\/2021\/11\/Vehicles_TM254-01-x-01.png\" alt=\"The 12V automatic battery charger is recommended for cars, 4x4 cars, motorcycles, RV, maritime and industrial vehicles.\" width=\"428\" height=\"66\" \/><\/h6>\n<p>&nbsp;<\/p>\n<h6 style=\"text-align: center;\"><strong><span style=\"color: #10069f;\">Le programme enti\u00e8rement automatique en plusieurs \u00e9tapes am\u00e8ne la batterie \u00e0 pleine charge en toute s\u00e9curit\u00e9. <\/span><\/strong><i><span style=\"color: #10069f;\">Connectez-le \u00e0 la batterie et l&#8217;OptiMate 7 Ampmatic fait le reste, aucune supervision n&#8217;est n\u00e9cessaire !<\/span><\/i><\/h6>\n<h6 style=\"text-align: center;\"><img loading=\"lazy\" decoding=\"async\" class=\"aligncenter wp-image-20876\" src=\"https:\/\/optimate1.com\/wp-content\/uploads\/2020\/12\/connect-save-charge-optimize-maintain-200.png\" alt=\"The fully automatic multi-step program to full charge the battery safely. \" width=\"428\" height=\"70\" \/><\/h6>\n<p>&nbsp;<\/p>\n<p>&nbsp;<\/p>\n<h4 style=\"text-align: center;\"><strong><span style=\"text-decoration: underline;\">PLUS DE CARACT\u00c9RISTIQUES:<\/span><\/strong><\/h4>\n<p style=\"text-align: center;\">\n<table id=\"tablepress-445\" class=\"tablepress tablepress-id-445\">\n<tbody class=\"row-hover\">\n<tr class=\"row-1\">\n\t<td class=\"column-1\"><a href=\"\"><img loading=\"lazy\" decoding=\"async\" src=\"https:\/\/optimate1.com\/wp-content\/uploads\/2023\/09\/optimate-ampmatic-6.png\" alt=\"\" width=\"300\" height=\"50\" class=\"aligncenter size-medium wp-image-20927\" \/><\/a><body><h6><center>Pour les types de batteries de sport motoris\u00e9 et automobile au plomb-acide (Pb) 12V, y compris STD (avec bouchons de remplissage), AGM et GEL (VRLA scell\u00e9).<\/body><\/h6><\/center><br \/>\n<\/td>\n<\/tr>\n<tr class=\"row-2\">\n\t<td class=\"column-1\"><a href=\"https:\/\/optimate1.com\/wp-content\/uploads\/2020\/12\/Green-arrow-ampmatic-logo2-.png\"><img loading=\"lazy\" decoding=\"async\" src=\"https:\/\/optimate1.com\/wp-content\/uploads\/2020\/12\/Ampmatic-SFL200.png\" alt=\"\" width=\"300\" height=\"50\" class=\"aligncenter size-medium wp-image-20927\" \/><\/a><body><h6><center>Ajuste automatiquement le courant en fonction de la taille et de l'\u00e9tat de la batterie.<\/body><\/h6><\/center><br \/>\n<\/td>\n<\/tr>\n<tr class=\"row-3\">\n\t<td class=\"column-1\"><a href=\"https:\/\/optimate1.com\/wp-content\/uploads\/2020\/12\/Ambient-SFL200-1.png\"><img loading=\"lazy\" decoding=\"async\" src=\"https:\/\/optimate1.com\/wp-content\/uploads\/2020\/12\/Ambient-SFL200-1.png\" alt=\"\" width=\"300\" height=\"50\" class=\"aligncenter size-medium wp-image-20928\" \/><\/a><body><h6><center>Compensation thermique: la tension est r\u00e9gl\u00e9e plus haut lors de temp\u00e9ratures basses et plus basse lors de temp\u00e9ratures \u00e9lev\u00e9es.<\/body><\/h6><\/center><\/td>\n<\/tr>\n<tr class=\"row-4\">\n\t<td class=\"column-1\"><a href=\"https:\/\/optimate1.com\/wp-content\/uploads\/2020\/12\/SAFE-connected-x2.jpg\"><img loading=\"lazy\" decoding=\"async\" src=\"https:\/\/optimate1.com\/wp-content\/uploads\/2020\/12\/SAFE-connected-x2-300x49.jpg\" alt=\"\" width=\"300\" height=\"50\" class=\"aligncenter size-medium wp-image-20995\" srcset=\"https:\/\/optimate1.com\/wp-content\/uploads\/2020\/12\/SAFE-connected-x2-300x49.jpg 300w, https:\/\/optimate1.com\/wp-content\/uploads\/2020\/12\/SAFE-connected-x2-600x98.jpg 600w, https:\/\/optimate1.com\/wp-content\/uploads\/2020\/12\/SAFE-connected-x2-64x10.jpg 64w, https:\/\/optimate1.com\/wp-content\/uploads\/2020\/12\/SAFE-connected-x2-768x126.jpg 768w, https:\/\/optimate1.com\/wp-content\/uploads\/2020\/12\/SAFE-connected-x2.jpg 856w\" sizes=\"auto, (max-width: 300px) 100vw, 300px\" \/><\/a><body><h6><center>Peut rester raccord\u00e9 en toute s\u00e9curit\u00e9. Totalement prot\u00e9g\u00e9 \u00e9lectroniquement.<\/body><\/h6><\/center><\/td>\n<\/tr>\n<tr class=\"row-5\">\n\t<td class=\"column-1\"><a href=\"https:\/\/optimate1.com\/wp-content\/uploads\/2020\/12\/24-7-x2.png\"><img loading=\"lazy\" decoding=\"async\" src=\"https:\/\/optimate1.com\/wp-content\/uploads\/2020\/12\/24-7-x2-300x49.png\" alt=\"\" width=\"300\" height=\"50\" class=\"aligncenter size-medium wp-image-20982\" srcset=\"https:\/\/optimate1.com\/wp-content\/uploads\/2020\/12\/24-7-x2-300x49.png 300w, https:\/\/optimate1.com\/wp-content\/uploads\/2020\/12\/24-7-x2-600x98.png 600w, https:\/\/optimate1.com\/wp-content\/uploads\/2020\/12\/24-7-x2-64x10.png 64w, https:\/\/optimate1.com\/wp-content\/uploads\/2020\/12\/24-7-x2-768x126.png 768w, https:\/\/optimate1.com\/wp-content\/uploads\/2020\/12\/24-7-x2.png 856w\" sizes=\"auto, (max-width: 300px) 100vw, 300px\" \/><\/a><body><h6><center>Maintient la batterie \u00e0 une charge compl\u00e8te et en bonne sant\u00e9.<\/center><\/h6><\/body><\/td>\n<\/tr>\n<tr class=\"row-6\">\n\t<td class=\"column-1\"><a href=\"https:\/\/optimate1.com\/wp-content\/uploads\/2020\/12\/SAVE-dead-battery-x2.png\"><img loading=\"lazy\" decoding=\"async\" src=\"https:\/\/optimate1.com\/wp-content\/uploads\/2020\/12\/SAVE-dead-battery-x2-300x49.png\" alt=\"\" width=\"300\" height=\"50\" class=\"aligncenter size-medium wp-image-20993\" srcset=\"https:\/\/optimate1.com\/wp-content\/uploads\/2020\/12\/SAVE-dead-battery-x2-300x49.png 300w, https:\/\/optimate1.com\/wp-content\/uploads\/2020\/12\/SAVE-dead-battery-x2-64x10.png 64w, https:\/\/optimate1.com\/wp-content\/uploads\/2020\/12\/SAVE-dead-battery-x2.png 428w\" sizes=\"auto, (max-width: 300px) 100vw, 300px\" \/><\/a><body><h6><center>Sauve votre batterie compl\u00e8tement \u00e0 plat en partant d\u2019une tension de seulement 0.5V.<\/body><\/h6><\/center><\/td>\n<\/tr>\n<tr class=\"row-7\">\n\t<td class=\"column-1\"><a href=\"https:\/\/optimate1.com\/wp-content\/uploads\/2020\/12\/state-of-health-test-3-LEDx2.png\"><img loading=\"lazy\" decoding=\"async\" src=\"https:\/\/optimate1.com\/wp-content\/uploads\/2020\/12\/state-of-health-test-3-LEDx2-300x49.png\" alt=\"\" width=\"300\" height=\"50\" class=\"aligncenter size-medium wp-image-20985\" srcset=\"https:\/\/optimate1.com\/wp-content\/uploads\/2020\/12\/state-of-health-test-3-LEDx2-300x49.png 300w, https:\/\/optimate1.com\/wp-content\/uploads\/2020\/12\/state-of-health-test-3-LEDx2-600x98.png 600w, https:\/\/optimate1.com\/wp-content\/uploads\/2020\/12\/state-of-health-test-3-LEDx2-64x10.png 64w, https:\/\/optimate1.com\/wp-content\/uploads\/2020\/12\/state-of-health-test-3-LEDx2-768x126.png 768w, https:\/\/optimate1.com\/wp-content\/uploads\/2020\/12\/state-of-health-test-3-LEDx2.png 856w\" sizes=\"auto, (max-width: 300px) 100vw, 300px\" \/><\/a><body><h6><center>Teste l'\u00e9tat de fonctionnement de la batterie.<\/body><\/h6><\/center><\/td>\n<\/tr>\n<tr class=\"row-8\">\n\t<td class=\"column-1\"><a href=\"https:\/\/optimate1.com\/wp-content\/uploads\/2020\/12\/green-technology-hx2-1.png\"><img loading=\"lazy\" decoding=\"async\" src=\"https:\/\/optimate1.com\/wp-content\/uploads\/2020\/12\/green-technology-hx2-1-300x49.png\" alt=\"\" width=\"300\" height=\"50\" class=\"aligncenter size-medium wp-image-20983\" \/><\/a><body><h6><center>Technologie \u00e9conome en \u00e9nergie.<br \/>\n\u221a Puissance en veille inf\u00e9rieure \u00e0 0.5W.<br \/>\n\u221a Maintenance efficace de la batterie 24 H\/24 et 7 J\/7.<\/body><\/h6><\/center><\/td>\n<\/tr>\n<tr class=\"row-9\">\n\t<td class=\"column-1\"><a href=\"https:\/\/optimate1.com\/wp-content\/uploads\/2020\/12\/weatherproof-x2.png\"><img loading=\"lazy\" decoding=\"async\" src=\"https:\/\/optimate1.com\/wp-content\/uploads\/2020\/12\/weatherproof-x2-300x49.png\" alt=\"\" width=\"300\" height=\"50\" class=\"aligncenter size-medium wp-image-21012\" srcset=\"https:\/\/optimate1.com\/wp-content\/uploads\/2020\/12\/weatherproof-x2-300x49.png 300w, https:\/\/optimate1.com\/wp-content\/uploads\/2020\/12\/weatherproof-x2-600x98.png 600w, https:\/\/optimate1.com\/wp-content\/uploads\/2020\/12\/weatherproof-x2-64x10.png 64w, https:\/\/optimate1.com\/wp-content\/uploads\/2020\/12\/weatherproof-x2-768x126.png 768w, https:\/\/optimate1.com\/wp-content\/uploads\/2020\/12\/weatherproof-x2.png 856w\" sizes=\"auto, (max-width: 300px) 100vw, 300px\" \/><\/a><body><h6><center>R\u00e9siste aux intemp\u00e9ries. Con\u00e7u pour une utilisation jusqu\u2019\u00e0 -40\u00b0C \/ -40\u00b0F.<\/body><\/h6><\/center><\/td>\n<\/tr>\n<\/tbody>\n<\/table>\n<!-- #tablepress-445 from cache --><\/p>\n","protected":false},"excerpt":{"rendered":"<h3><span style=\"color: #959b9d;\">S\u00e9ries SILVER : syst\u00e8me permettant de sauver, de charger et d&#8217;assurer la maintenance d&#8217;une batterie scell\u00e9e de 12V 10A en 9 \u00e9tapes<\/span><\/h3>\n","protected":false},"featured_media":41878,"template":"","meta":[],"product_brand":[],"product_cat":[394],"product_tag":[],"class_list":{"0":"post-21488","1":"product","2":"type-product","3":"status-publish","4":"has-post-thumbnail","6":"product_cat-battery-chargers-fr","7":"pa_charge-battery-chemistry-pb-agm-gel-std-lead-acid-fr","8":"pa_charge-battery-more-12v-fr","9":"pa_charge-battery-more-avion-petit","10":"pa_charge-battery-more-bateau-motomarine","11":"pa_charge-battery-more-motorhome-caravane","12":"pa_charge-battery-more-oldtimer","13":"pa_charge-battery-more-voiture-pick-up","14":"pa_power-ac-100-240vac-fr","15":"pa_product-group-optimate-7-fr","16":"pa_region-ca-fr","17":"pa_region-eu-fr-2","18":"pa_region-uk-fr-2","19":"pa_region-us-fr-2","20":"iside_voltage-12-fr","21":"iside_ampere-9-9-fr","22":"iside_vehicle-marine-fr","23":"iside_vehicle-voiture-haute-performance-voiture-de-course-fr","24":"iside_vehicle-rv-caravan-fr","25":"iside_charger_series-silver-smarter-fr","26":"iside_charger_features-ajuster-la-tension-a-la-temperature-pour-le-plomb","27":"iside_charger_features-maintenance-de-batterie-securisee-24-7","28":"iside_charger_features-save-sulphated-pb-lead-acid-fr","29":"iside_charger_type-single-fr","30":"iside_battery_voltage-12v-fr","31":"iside_battery_chemistry-pb-lead-acid-fr","32":"battery_charger_current-7-10a-fr","33":"battery_charger_current-ampmatic-1-to-10a-fr","34":"thunk-woo-product-list","35":"opn-qv-enable","36":"big-store-woo-hover-","37":"open-single-product-tab-horizontal","38":"open-shadow-","39":"open-shadow-hover-","41":"first","42":"instock","43":"shipping-taxable","44":"purchasable","45":"product-type-simple"},"yoast_head":"<!-- This site is optimized with the Yoast SEO plugin v27.2 - https:\/\/yoast.com\/product\/yoast-seo-wordpress\/ -->\n<title>OptiMate 7 Ampmatic - OptiMate<\/title>\n<meta name=\"description\" content=\"L&#039;OptiMate 7 Ampmatic est le chargeur de batterie de la puissant, enti\u00e8rement automatique et dot\u00e9 de la fonction Plug &amp; Play. Lisez plus!\" \/>\n<meta name=\"robots\" content=\"index, follow, max-snippet:-1, max-image-preview:large, max-video-preview:-1, noarchive\" \/>\n<link rel=\"canonical\" href=\"https:\/\/optimate1.com\/fr\/produit\/optimate-7-ampmatic-2\/\" \/>\n<meta property=\"og:locale\" content=\"fr_FR\" \/>\n<meta property=\"og:type\" content=\"article\" \/>\n<meta property=\"og:title\" content=\"OptiMate 7 Ampmatic - OptiMate\" \/>\n<meta property=\"og:description\" content=\"L&#039;OptiMate 7 Ampmatic est le chargeur de batterie de la puissant, enti\u00e8rement automatique et dot\u00e9 de la fonction Plug &amp; Play. Lisez plus!\" \/>\n<meta property=\"og:url\" content=\"https:\/\/optimate1.com\/fr\/produit\/optimate-7-ampmatic-2\/\" \/>\n<meta property=\"og:site_name\" content=\"OptiMate\" \/>\n<meta property=\"article:publisher\" content=\"https:\/\/www.facebook.com\/OptiMatebatterysavingcharger\/\" \/>\n<meta property=\"article:modified_time\" content=\"2026-03-30T10:30:36+00:00\" \/>\n<meta property=\"og:image\" content=\"https:\/\/optimate1.com\/wp-content\/uploads\/2026\/03\/OptiMate-7-TM254-11-fr.png\" \/>\n\t<meta property=\"og:image:width\" content=\"1500\" \/>\n\t<meta property=\"og:image:height\" content=\"1500\" \/>\n\t<meta property=\"og:image:type\" content=\"image\/png\" \/>\n<meta name=\"twitter:card\" content=\"summary_large_image\" \/>\n<meta name=\"twitter:label1\" content=\"Dur\u00e9e de lecture estim\u00e9e\" \/>\n\t<meta name=\"twitter:data1\" content=\"1 minute\" \/>\n<script type=\"application\/ld+json\" class=\"yoast-schema-graph\">{\"@context\":\"https:\/\/schema.org\",\"@graph\":[{\"@type\":\"WebPage\",\"@id\":\"https:\/\/optimate1.com\/fr\/produit\/optimate-7-ampmatic-2\/\",\"url\":\"https:\/\/optimate1.com\/fr\/produit\/optimate-7-ampmatic-2\/\",\"name\":\"OptiMate 7 Ampmatic - OptiMate\",\"isPartOf\":{\"@id\":\"https:\/\/optimate1.com\/#website\"},\"primaryImageOfPage\":{\"@id\":\"https:\/\/optimate1.com\/fr\/produit\/optimate-7-ampmatic-2\/#primaryimage\"},\"image\":{\"@id\":\"https:\/\/optimate1.com\/fr\/produit\/optimate-7-ampmatic-2\/#primaryimage\"},\"thumbnailUrl\":\"https:\/\/optimate1.com\/wp-content\/uploads\/2026\/03\/OptiMate-7-TM254-11-fr.png\",\"datePublished\":\"2020-12-01T09:17:11+00:00\",\"dateModified\":\"2026-03-30T10:30:36+00:00\",\"description\":\"L'OptiMate 7 Ampmatic est le chargeur de batterie de la puissant, enti\u00e8rement automatique et dot\u00e9 de la fonction Plug & Play. Lisez plus!\",\"breadcrumb\":{\"@id\":\"https:\/\/optimate1.com\/fr\/produit\/optimate-7-ampmatic-2\/#breadcrumb\"},\"inLanguage\":\"fr-FR\",\"potentialAction\":[{\"@type\":\"ReadAction\",\"target\":[\"https:\/\/optimate1.com\/fr\/produit\/optimate-7-ampmatic-2\/\"]}]},{\"@type\":\"ImageObject\",\"inLanguage\":\"fr-FR\",\"@id\":\"https:\/\/optimate1.com\/fr\/produit\/optimate-7-ampmatic-2\/#primaryimage\",\"url\":\"https:\/\/optimate1.com\/wp-content\/uploads\/2026\/03\/OptiMate-7-TM254-11-fr.png\",\"contentUrl\":\"https:\/\/optimate1.com\/wp-content\/uploads\/2026\/03\/OptiMate-7-TM254-11-fr.png\",\"width\":1500,\"height\":1500},{\"@type\":\"BreadcrumbList\",\"@id\":\"https:\/\/optimate1.com\/fr\/produit\/optimate-7-ampmatic-2\/#breadcrumb\",\"itemListElement\":[{\"@type\":\"ListItem\",\"position\":1,\"name\":\"Home\",\"item\":\"https:\/\/optimate1.com\/\"},{\"@type\":\"ListItem\",\"position\":2,\"name\":\"Produits\",\"item\":\"https:\/\/optimate1.com\/shop\/\"},{\"@type\":\"ListItem\",\"position\":3,\"name\":\"OptiMate 7 Ampmatic\"}]},{\"@type\":\"WebSite\",\"@id\":\"https:\/\/optimate1.com\/#website\",\"url\":\"https:\/\/optimate1.com\/\",\"name\":\"OptiMate\",\"description\":\"Battery Chargers &amp; Accessories\",\"publisher\":{\"@id\":\"https:\/\/optimate1.com\/#organization\"},\"potentialAction\":[{\"@type\":\"SearchAction\",\"target\":{\"@type\":\"EntryPoint\",\"urlTemplate\":\"https:\/\/optimate1.com\/?s={search_term_string}\"},\"query-input\":{\"@type\":\"PropertyValueSpecification\",\"valueRequired\":true,\"valueName\":\"search_term_string\"}}],\"inLanguage\":\"fr-FR\"},{\"@type\":\"Organization\",\"@id\":\"https:\/\/optimate1.com\/#organization\",\"name\":\"OptiMate\",\"url\":\"https:\/\/optimate1.com\/\",\"logo\":{\"@type\":\"ImageObject\",\"inLanguage\":\"fr-FR\",\"@id\":\"https:\/\/optimate1.com\/#\/schema\/logo\/image\/\",\"url\":\"https:\/\/optimate1.com\/wp-content\/uploads\/2021\/06\/optimate-hpbc-stacklogo.jpg\",\"contentUrl\":\"https:\/\/optimate1.com\/wp-content\/uploads\/2021\/06\/optimate-hpbc-stacklogo.jpg\",\"width\":1025,\"height\":529,\"caption\":\"OptiMate\"},\"image\":{\"@id\":\"https:\/\/optimate1.com\/#\/schema\/logo\/image\/\"},\"sameAs\":[\"https:\/\/www.facebook.com\/OptiMatebatterysavingcharger\/\"]}]}<\/script>\n<!-- \/ Yoast SEO plugin. -->","yoast_head_json":{"title":"OptiMate 7 Ampmatic - OptiMate","description":"L'OptiMate 7 Ampmatic est le chargeur de batterie de la puissant, enti\u00e8rement automatique et dot\u00e9 de la fonction Plug & Play. Lisez plus!","robots":{"index":"index","follow":"follow","max-snippet":"max-snippet:-1","max-image-preview":"max-image-preview:large","max-video-preview":"max-video-preview:-1","archive":"noarchive"},"canonical":"https:\/\/optimate1.com\/fr\/produit\/optimate-7-ampmatic-2\/","og_locale":"fr_FR","og_type":"article","og_title":"OptiMate 7 Ampmatic - OptiMate","og_description":"L'OptiMate 7 Ampmatic est le chargeur de batterie de la puissant, enti\u00e8rement automatique et dot\u00e9 de la fonction Plug & Play. Lisez plus!","og_url":"https:\/\/optimate1.com\/fr\/produit\/optimate-7-ampmatic-2\/","og_site_name":"OptiMate","article_publisher":"https:\/\/www.facebook.com\/OptiMatebatterysavingcharger\/","article_modified_time":"2026-03-30T10:30:36+00:00","og_image":[{"width":1500,"height":1500,"url":"https:\/\/optimate1.com\/wp-content\/uploads\/2026\/03\/OptiMate-7-TM254-11-fr.png","type":"image\/png"}],"twitter_card":"summary_large_image","twitter_misc":{"Dur\u00e9e de lecture estim\u00e9e":"1 minute"},"schema":{"@context":"https:\/\/schema.org","@graph":[{"@type":"WebPage","@id":"https:\/\/optimate1.com\/fr\/produit\/optimate-7-ampmatic-2\/","url":"https:\/\/optimate1.com\/fr\/produit\/optimate-7-ampmatic-2\/","name":"OptiMate 7 Ampmatic - OptiMate","isPartOf":{"@id":"https:\/\/optimate1.com\/#website"},"primaryImageOfPage":{"@id":"https:\/\/optimate1.com\/fr\/produit\/optimate-7-ampmatic-2\/#primaryimage"},"image":{"@id":"https:\/\/optimate1.com\/fr\/produit\/optimate-7-ampmatic-2\/#primaryimage"},"thumbnailUrl":"https:\/\/optimate1.com\/wp-content\/uploads\/2026\/03\/OptiMate-7-TM254-11-fr.png","datePublished":"2020-12-01T09:17:11+00:00","dateModified":"2026-03-30T10:30:36+00:00","description":"L'OptiMate 7 Ampmatic est le chargeur de batterie de la puissant, enti\u00e8rement automatique et dot\u00e9 de la fonction Plug & Play. Lisez plus!","breadcrumb":{"@id":"https:\/\/optimate1.com\/fr\/produit\/optimate-7-ampmatic-2\/#breadcrumb"},"inLanguage":"fr-FR","potentialAction":[{"@type":"ReadAction","target":["https:\/\/optimate1.com\/fr\/produit\/optimate-7-ampmatic-2\/"]}]},{"@type":"ImageObject","inLanguage":"fr-FR","@id":"https:\/\/optimate1.com\/fr\/produit\/optimate-7-ampmatic-2\/#primaryimage","url":"https:\/\/optimate1.com\/wp-content\/uploads\/2026\/03\/OptiMate-7-TM254-11-fr.png","contentUrl":"https:\/\/optimate1.com\/wp-content\/uploads\/2026\/03\/OptiMate-7-TM254-11-fr.png","width":1500,"height":1500},{"@type":"BreadcrumbList","@id":"https:\/\/optimate1.com\/fr\/produit\/optimate-7-ampmatic-2\/#breadcrumb","itemListElement":[{"@type":"ListItem","position":1,"name":"Home","item":"https:\/\/optimate1.com\/"},{"@type":"ListItem","position":2,"name":"Produits","item":"https:\/\/optimate1.com\/shop\/"},{"@type":"ListItem","position":3,"name":"OptiMate 7 Ampmatic"}]},{"@type":"WebSite","@id":"https:\/\/optimate1.com\/#website","url":"https:\/\/optimate1.com\/","name":"OptiMate","description":"Battery Chargers &amp; Accessories","publisher":{"@id":"https:\/\/optimate1.com\/#organization"},"potentialAction":[{"@type":"SearchAction","target":{"@type":"EntryPoint","urlTemplate":"https:\/\/optimate1.com\/?s={search_term_string}"},"query-input":{"@type":"PropertyValueSpecification","valueRequired":true,"valueName":"search_term_string"}}],"inLanguage":"fr-FR"},{"@type":"Organization","@id":"https:\/\/optimate1.com\/#organization","name":"OptiMate","url":"https:\/\/optimate1.com\/","logo":{"@type":"ImageObject","inLanguage":"fr-FR","@id":"https:\/\/optimate1.com\/#\/schema\/logo\/image\/","url":"https:\/\/optimate1.com\/wp-content\/uploads\/2021\/06\/optimate-hpbc-stacklogo.jpg","contentUrl":"https:\/\/optimate1.com\/wp-content\/uploads\/2021\/06\/optimate-hpbc-stacklogo.jpg","width":1025,"height":529,"caption":"OptiMate"},"image":{"@id":"https:\/\/optimate1.com\/#\/schema\/logo\/image\/"},"sameAs":["https:\/\/www.facebook.com\/OptiMatebatterysavingcharger\/"]}]}},"_links":{"self":[{"href":"https:\/\/optimate1.com\/fr\/wp-json\/wp\/v2\/product\/21488","targetHints":{"allow":["GET"]}}],"collection":[{"href":"https:\/\/optimate1.com\/fr\/wp-json\/wp\/v2\/product"}],"about":[{"href":"https:\/\/optimate1.com\/fr\/wp-json\/wp\/v2\/types\/product"}],"wp:featuredmedia":[{"embeddable":true,"href":"https:\/\/optimate1.com\/fr\/wp-json\/wp\/v2\/media\/41878"}],"wp:attachment":[{"href":"https:\/\/optimate1.com\/fr\/wp-json\/wp\/v2\/media?parent=21488"}],"wp:term":[{"taxonomy":"product_brand","embeddable":true,"href":"https:\/\/optimate1.com\/fr\/wp-json\/wp\/v2\/product_brand?post=21488"},{"taxonomy":"product_cat","embeddable":true,"href":"https:\/\/optimate1.com\/fr\/wp-json\/wp\/v2\/product_cat?post=21488"},{"taxonomy":"product_tag","embeddable":true,"href":"https:\/\/optimate1.com\/fr\/wp-json\/wp\/v2\/product_tag?post=21488"}],"curies":[{"name":"wp","href":"https:\/\/api.w.org\/{rel}","templated":true}]}}